{"id":15957,"date":"2021-04-12T15:57:15","date_gmt":"2021-04-12T08:57:15","guid":{"rendered":"https:\/\/techmaster.com.vn\/?page_id=15957"},"modified":"2022-09-22T10:35:16","modified_gmt":"2022-09-22T03:35:16","slug":"%e3%82%b5%e3%83%bc%e3%83%93%e3%82%b9","status":"publish","type":"page","link":"https:\/\/techmaster.com.vn\/ja\/%e3%82%b5%e3%83%bc%e3%83%93%e3%82%b9\/","title":{"rendered":"\u30b5\u30fc\u30d3\u30b9 &#8211; D\u1ecbch v\u1ee5"},"content":{"rendered":"\n\t<section class=\"section dv1\" id=\"section_1775806197\">\n\t\t<div class=\"bg section-bg fill bg-fill  bg-loaded\" >\n\n\t\t\t\n\t\t\t\n\t\t\t\n\n\t\t<\/div>\n\n\t\t\n\n\t\t<div class=\"section-content relative\">\n\t\t\t\n\n\t<div id=\"gap-1815805034\" class=\"gap-element clearfix\" style=\"display:block; height:auto;\">\n\t\t\n<style>\n#gap-1815805034 {\n  padding-top: 30px;\n}\n<\/style>\n\t<\/div>\n\t\n\n<div class=\"row\"  id=\"row-1803323025\">\n\n\n\t<div id=\"col-2107315780\" class=\"col small-12 large-12\"  >\n\t\t\t\t<div class=\"col-inner\"  >\n\t\t\t\n\t\t\t\n\n<div class=\"container section-title-container\" ><h1 class=\"section-title section-title-center\"><b><\/b><span class=\"section-title-main\" >\u30b5\u30fc\u30d3\u30b9 (SERVICE)<\/span><b><\/b><\/h1><\/div>\n\n\n\t\t<\/div>\n\t\t\t\t\t<\/div>\n\n\t\n\n\t<div id=\"col-1899302842\" class=\"col medium-6 small-12 large-6\"  >\n\t\t\t\t<div class=\"col-inner\"  >\n\t\t\t\n\t\t\t\n\n\t<div class=\"img has-hover x md-x lg-x y md-y lg-y\" id=\"image_458903350\">\n\t\t\t\t\t\t\t\t<div class=\"img-inner dark\" >\n\t\t\t<img loading=\"lazy\" decoding=\"async\" width=\"746\" height=\"376\" src=\"https:\/\/techmaster.com.vn\/wp-content\/uploads\/2020\/11\/TM_-51.jpg\" class=\"attachment-large size-large\" alt=\"\u0110o rung\" \/>\t\t\t\t\t\t\n\t\t\t\t\t<\/div>\n\t\t\t\t\t\t\t\t\n<style>\n#image_458903350 {\n  width: 100%;\n}\n<\/style>\n\t<\/div>\n\t\n\n\n\t\t<\/div>\n\t\t\t\t\t<\/div>\n\n\t\n\n\t<div id=\"col-489107358\" class=\"col medium-6 small-12 large-6\"  >\n\t\t\t\t<div class=\"col-inner\"  >\n\t\t\t\n\t\t\t\n\n<h3>\u00a0<\/h3>\n<h3>\u00a0<\/h3>\n<h3>\u00a0<\/h3>\n<h3>1.\u5c02\u9580\u5bb6\u306e\u632f\u52d5\u6e2c\u5b9a\u3068\u5206\u6790<\/h3>\n<p>\u632f\u52d5\u6e2c\u5b9a\u30fb\u89e3\u6790\u30b5\u30fc\u30d3\u30b9\u306b\u3088\u308a\u3001\u6a5f\u68b0\u306e\u30a8\u30e9\u30fc\u3092\u65e9\u671f\u306b\u9632\u6b62<\/p>\n\n\t\t<\/div>\n\t\t\t\t\t<\/div>\n\n\t\n\n<\/div>\n<div class=\"row\"  id=\"row-1619797085\">\n\n\n\t<div id=\"col-1502426085\" class=\"col medium-6 small-12 large-6\"  >\n\t\t\t\t<div class=\"col-inner\"  >\n\t\t\t\n\t\t\t\n\n<h3>\u00a0<\/h3>\n<p>&nbsp;<\/p>\n<p>&nbsp;<\/p>\n<h3>2.\u96fb\u529b\u54c1\u8cea\u306e\u6e2c\u5b9a\u3068\u5206\u6790<\/h3>\n<ul>\n<li>\u96fb\u529b\u54c1\u8cea\u306e\u4f4e\u4e0b\u306e\u6f5c\u5728\u7684\u306a\u539f\u56e0\u3092\u7279\u5b9a\u3059\u308b<\/li>\n<li>\u30a8\u30cd\u30eb\u30ae\u30fc\u306e\u6d6a\u8cbb\u3092\u7279\u5b9a\u3059\u308b<\/li>\n<li>\u96fb\u529b\u54c1\u8cea\u306e\u554f\u984c\u3092\u7406\u89e3\u3057\u3066\u89e3\u91c8\u3059\u308b<\/li>\n<\/ul>\n\n\t\t<\/div>\n\t\t\t\t\t<\/div>\n\n\t\n\n\t<div id=\"col-1099111206\" class=\"col medium-6 small-12 large-6\"  >\n\t\t\t\t<div class=\"col-inner\"  >\n\t\t\t\n\t\t\t\n\n<div class=\"video video-fit mb\" style=\"padding-top:56.25%;\"><iframe loading=\"lazy\" title=\"M\u00e1y Ph\u00e2n T\u00edch Ch\u1ea5t L\u01b0\u1ee3ng \u0110i\u1ec7n N\u0103ng Fluke 435-II - Techmaster Vie\u0323\u0302t Nam\" width=\"1020\" height=\"574\" src=\"https:\/\/www.youtube.com\/embed\/EdAdFle7avw?feature=oembed\" frameborder=\"0\" allow=\"accelerometer; autoplay; clipboard-write; encrypted-media; gyroscope; picture-in-picture\" allowfullscreen><\/iframe><\/div>\n\n\n\t\t<\/div>\n\t\t\t\t\t<\/div>\n\n\t\n\n<\/div>\n<div class=\"row\"  id=\"row-1838765726\">\n\n\n\t<div id=\"col-237871180\" class=\"col medium-6 small-12 large-6\"  >\n\t\t\t\t<div class=\"col-inner\"  >\n\t\t\t\n\t\t\t\n\n<div class=\"video video-fit mb\" style=\"padding-top:56.25%;\"><p><iframe loading=\"lazy\" title=\"Camera Nhie\u0323\u0302t Fluke Ti 450 - Gi\u1ea3i Ph\u00e1p T\u1ed1i \u01afu Ph\u00f2ng Ch\u00e1y Ch\u1eefa Ch\u00e1y - Techmaster Vie\u0323\u0302t Nam\" width=\"1020\" height=\"574\" src=\"https:\/\/www.youtube.com\/embed\/Gr3Uw3i1LzY?feature=oembed\" frameborder=\"0\" allow=\"accelerometer; autoplay; clipboard-write; encrypted-media; gyroscope; picture-in-picture\" allowfullscreen><\/iframe><\/p>\n<\/div>\n\n\n\t\t<\/div>\n\t\t\t\t\t<\/div>\n\n\t\n\n\t<div id=\"col-106344393\" class=\"col medium-6 small-12 large-6\"  >\n\t\t\t\t<div class=\"col-inner\"  >\n\t\t\t\n\t\t\t\n\n<h3>\u00a0<\/h3>\n<p>&nbsp;<\/p>\n<p>&nbsp;<\/p>\n<p>&nbsp;<\/p>\n<h3>3.\u30b5\u30fc\u30e2\u30b0\u30e9\u30d5\u30a3\u30b9\u30ad\u30e3\u30f3\u304a\u3088\u3073\u691c\u67fb\u30b5\u30fc\u30d3\u30b9<\/h3>\n<p>\u6a5f\u5668\u3001\u30b7\u30b9\u30c6\u30e0\u3001\u307e\u305f\u306f\u5efa\u7269\u306b\u95a2\u3059\u308b\u65e2\u5b58\u307e\u305f\u306f\u6f5c\u5728\u7684\u306a\u554f\u984c\u3092\u660e\u78ba\u306b\u3059\u308b<\/p>\n\n\t\t<\/div>\n\t\t\t\t\t<\/div>\n\n\t\n\n<\/div>\n\n\t\t<\/div>\n\n\t\t\n<style>\n#section_1775806197 {\n  padding-top: 30px;\n  padding-bottom: 30px;\n}\n#section_1775806197 .ux-shape-divider--top svg {\n  height: 150px;\n  --divider-top-width: 100%;\n}\n#section_1775806197 .ux-shape-divider--bottom svg {\n  height: 150px;\n  --divider-width: 100%;\n}\n<\/style>\n\t<\/section>\n\t\n\t<section class=\"section dv3\" id=\"section_1753316198\">\n\t\t<div class=\"bg section-bg fill bg-fill  bg-loaded\" >\n\n\t\t\t\n\t\t\t\n\t\t\t\n\n\t\t<\/div>\n\n\t\t\n\n\t\t<div class=\"section-content relative\">\n\t\t\t\n\n<div class=\"row align-center\"  id=\"row-1306691982\">\n\n\n\t<div id=\"col-1029315573\" class=\"col medium-9 small-12 large-9\"  >\n\t\t\t\t<div class=\"col-inner\"  >\n\t\t\t\n\t\t\t\n\n<h3>\u898b\u7a4d\u3092\u4f9d\u983c\u3059\u308b<\/h3>\n\n<div class=\"wpcf7 no-js\" id=\"wpcf7-f16502-o1\" lang=\"vi\" dir=\"ltr\" data-wpcf7-id=\"16502\">\n<div class=\"screen-reader-response\"><p role=\"status\" aria-live=\"polite\" aria-atomic=\"true\"><\/p> <ul><\/ul><\/div>\n<form action=\"\/ja\/wp-json\/wp\/v2\/pages\/15957#wpcf7-f16502-o1\" method=\"post\" class=\"wpcf7-form init\" aria-label=\"Form li\u00ean h\u1ec7\" enctype=\"multipart\/form-data\" novalidate=\"novalidate\" data-status=\"init\">\n<fieldset class=\"hidden-fields-container\"><input type=\"hidden\" name=\"_wpcf7\" value=\"16502\" \/><input type=\"hidden\" name=\"_wpcf7_version\" value=\"6.1.4\" \/><input type=\"hidden\" name=\"_wpcf7_locale\" value=\"vi\" \/><input type=\"hidden\" name=\"_wpcf7_unit_tag\" value=\"wpcf7-f16502-o1\" \/><input type=\"hidden\" name=\"_wpcf7_container_post\" value=\"0\" \/><input type=\"hidden\" name=\"_wpcf7_posted_data_hash\" value=\"\" \/>\n<\/fieldset>\n<!-- Dinhit_Begin_Contact_Form -->\n<div id=\"responsive-form\" class=\"clearfix\">\n\t<div class=\"form-row\">\n\t\t<div class=\"column-c1\">\n\t\t\t<p>\u4f1a\u793e (*)\n\t\t\t<\/p>\n\t\t\t<p><span class=\"wpcf7-form-control-wrap\" data-name=\"company-1\"><input size=\"40\" maxlength=\"400\" class=\"wpcf7-form-control wpcf7-text wpcf7-validates-as-required form-company\" aria-required=\"true\" aria-invalid=\"false\" value=\"\" type=\"text\" name=\"company-1\" \/><\/span>\n\t\t\t<\/p>\n\t\t<\/div>\n\t\t<div class=\"column-c2\">\n\t\t\t<p>\u5dde\n\t\t\t<\/p>\n\t\t\t<p><span class=\"wpcf7-form-control-wrap\" data-name=\"address-1\"><input size=\"40\" maxlength=\"400\" class=\"wpcf7-form-control wpcf7-text wpcf7-validates-as-required form-address\" aria-required=\"true\" aria-invalid=\"false\" value=\"\" type=\"text\" name=\"address-1\" \/><\/span>\n\t\t\t<\/p>\n\t\t<\/div>\n\t<\/div>\n\t<div class=\"form-row\">\n\t\t<div class=\"column-c1\">\n\t\t\t<p>\u540d\u524d (*)\n\t\t\t<\/p>\n\t\t\t<p><span class=\"wpcf7-form-control-wrap\" data-name=\"name-1\"><input size=\"40\" maxlength=\"400\" class=\"wpcf7-form-control wpcf7-text wpcf7-validates-as-required form-name\" aria-required=\"true\" aria-invalid=\"false\" value=\"\" type=\"text\" name=\"name-1\" \/><\/span>\n\t\t\t<\/p>\n\t\t<\/div>\n\t\t<div class=\"column-c2\">\n\t\t\t<p>\u30bf\u30a4\u30c8\u30eb\n\t\t\t<\/p>\n\t\t\t<p><span class=\"wpcf7-form-control-wrap\" data-name=\"subject-1\"><input size=\"40\" maxlength=\"400\" class=\"wpcf7-form-control wpcf7-text wpcf7-validates-as-required form-subject\" aria-required=\"true\" aria-invalid=\"false\" value=\"\" type=\"text\" name=\"subject-1\" \/><\/span>\n\t\t\t<\/p>\n\t\t<\/div>\n\t<\/div>\n\t<div class=\"form-row\">\n\t\t<div class=\"column-c1\">\n\t\t\t<p>PHONE (*)\n\t\t\t<\/p>\n\t\t\t<p><span class=\"wpcf7-form-control-wrap\" data-name=\"tel-1\"><input size=\"40\" maxlength=\"400\" class=\"wpcf7-form-control wpcf7-text wpcf7-validates-as-required form-tel\" aria-required=\"true\" aria-invalid=\"false\" value=\"\" type=\"text\" name=\"tel-1\" \/><\/span>\n\t\t\t<\/p>\n\t\t<\/div>\n\t\t<div class=\"column-c2\">\n\t\t\t<p>\u30e1\u30c3\u30bb\u30fc\u30b8\n\t\t\t<\/p>\n\t\t\t<p><span class=\"wpcf7-form-control-wrap\" data-name=\"message-1\"><textarea cols=\"40\" rows=\"10\" maxlength=\"2000\" class=\"wpcf7-form-control wpcf7-textarea wpcf7-validates-as-required form-message\" aria-required=\"true\" aria-invalid=\"false\" name=\"message-1\"><\/textarea><\/span>\n\t\t\t<\/p>\n\t\t<\/div>\n\t<\/div>\n\t<div class=\"form-row\">\n\t\t<div class=\"column-c1\">\n\t\t\t<p>EMAIL (*)\n\t\t\t<\/p>\n\t\t\t<p><span class=\"wpcf7-form-control-wrap\" data-name=\"email-1\"><input size=\"40\" maxlength=\"400\" class=\"wpcf7-form-control wpcf7-text wpcf7-validates-as-required form-email\" aria-required=\"true\" aria-invalid=\"false\" value=\"\" type=\"text\" name=\"email-1\" \/><\/span>\n\t\t\t<\/p>\n\t\t<\/div>\n\t\t<div class=\"column-c1\">\n\t\t\t<p>\u30ad\u30e3\u30ea\u30d6\u30ec\u30fc\u30b7\u30e7\u30f3\u304c\u5fc5\u8981\u306a\u6a5f\u5668\u306e\u30ea\u30b9\u30c8\n\t\t\t<\/p>\n\t\t\t<p><span class=\"wpcf7-form-control-wrap\" data-name=\"file-1\"><input size=\"40\" class=\"wpcf7-form-control wpcf7-file form-file\" accept=\"audio\/*,video\/*,image\/*\" aria-invalid=\"false\" type=\"file\" name=\"file-1\" \/><\/span>\n\t\t\t<\/p>\n\t\t<\/div>\n\t<\/div>\n\t<div style=\"clear:both\">\n\t<\/div>\n\t<div class=\"form-row\">\n\t\t<div class=\"column-c1\">\n\t\t\t<p><input class=\"wpcf7-form-control wpcf7-submit has-spinner form-submit\" type=\"submit\" value=\"SEND\" \/>\n\t\t\t<\/p>\n\t\t<\/div>\n\t<\/div>\n<\/div>\n<!-- Dinhit_End_Contact_Form --><div class=\"wpcf7-response-output\" aria-hidden=\"true\"><\/div>\n<\/form>\n<\/div>\n\n\n\n\t\t<\/div>\n\t\t\t\t\t<\/div>\n\n\t\n\n<\/div>\n\t<div id=\"gap-1742197788\" class=\"gap-element clearfix\" style=\"display:block; height:auto;\">\n\t\t\n<style>\n#gap-1742197788 {\n  padding-top: 30px;\n}\n<\/style>\n\t<\/div>\n\t\n\n\n\t\t<\/div>\n\n\t\t\n<style>\n#section_1753316198 {\n  padding-top: 0px;\n  padding-bottom: 0px;\n}\n#section_1753316198 .ux-shape-divider--top svg {\n  height: 150px;\n  --divider-top-width: 100%;\n}\n#section_1753316198 .ux-shape-divider--bottom svg {\n  height: 150px;\n  --divider-width: 100%;\n}\n<\/style>\n\t<\/section>\n\t\n\n","protected":false},"excerpt":{"rendered":"","protected":false},"author":4,"featured_media":0,"parent":0,"menu_order":0,"comment_status":"closed","ping_status":"closed","template":"page-blank.php","meta":{"footnotes":""},"class_list":["post-15957","page","type-page","status-publish","hentry"],"yoast_head":"<!-- This site is optimized with the Yoast SEO Premium plugin v26.8 (Yoast SEO v26.8) - https:\/\/yoast.com\/product\/yoast-seo-premium-wordpress\/ -->\n<title>\u30b5\u30fc\u30d3\u30b9 - D\u1ecbch v\u1ee5 - Techmaster Electronics JSC<\/title>\n<meta name=\"description\" content=\"\u5c02\u9580\u5bb6\u306e\u632f\u52d5\u6e2c\u5b9a\u3068\u5206\u6790: \u632f\u52d5\u6e2c\u5b9a\u30fb\u89e3\u6790\u30b5\u30fc\u30d3\u30b9\u306b\u3088\u308a\u3001\u6a5f\u68b0\u306e\u30a8\u30e9\u30fc\u3092\u65e9\u671f\u306b\u9632\u6b62. \u96fb\u529b\u54c1\u8cea\u306e\u6e2c\u5b9a\u3068\u5206\u6790: \u96fb\u529b\u54c1\u8cea\u306e\u4f4e\u4e0b\u306e\u6f5c\u5728\u7684\u306a\u539f\u56e0\u3092\u7279\u5b9a\u3059\u308b, \u30a8\u30cd\u30eb\u30ae\u30fc\u306e\u6d6a\u8cbb\u3092\u7279\u5b9a\u3059\u308b, \u96fb\u529b\u54c1\u8cea\u306e\u554f\u984c\u3092\u7406\u89e3\u3057\u3066\u89e3\u91c8\u3059\u308b\" \/>\n<meta name=\"robots\" content=\"index, follow, max-snippet:-1, max-image-preview:large, max-video-preview:-1\" \/>\n<link rel=\"canonical\" href=\"https:\/\/techmaster.com.vn\/ja\/%e3%82%b5%e3%83%bc%e3%83%93%e3%82%b9\/\" \/>\n<meta property=\"og:locale\" content=\"ja_JP\" \/>\n<meta property=\"og:type\" content=\"article\" \/>\n<meta property=\"og:title\" content=\"\u30b5\u30fc\u30d3\u30b9 - D\u1ecbch v\u1ee5\" \/>\n<meta property=\"og:description\" content=\"\u5c02\u9580\u5bb6\u306e\u632f\u52d5\u6e2c\u5b9a\u3068\u5206\u6790: \u632f\u52d5\u6e2c\u5b9a\u30fb\u89e3\u6790\u30b5\u30fc\u30d3\u30b9\u306b\u3088\u308a\u3001\u6a5f\u68b0\u306e\u30a8\u30e9\u30fc\u3092\u65e9\u671f\u306b\u9632\u6b62. \u96fb\u529b\u54c1\u8cea\u306e\u6e2c\u5b9a\u3068\u5206\u6790: \u96fb\u529b\u54c1\u8cea\u306e\u4f4e\u4e0b\u306e\u6f5c\u5728\u7684\u306a\u539f\u56e0\u3092\u7279\u5b9a\u3059\u308b, \u30a8\u30cd\u30eb\u30ae\u30fc\u306e\u6d6a\u8cbb\u3092\u7279\u5b9a\u3059\u308b, \u96fb\u529b\u54c1\u8cea\u306e\u554f\u984c\u3092\u7406\u89e3\u3057\u3066\u89e3\u91c8\u3059\u308b\" \/>\n<meta property=\"og:url\" content=\"https:\/\/techmaster.com.vn\/ja\/%e3%82%b5%e3%83%bc%e3%83%93%e3%82%b9\/\" \/>\n<meta property=\"og:site_name\" content=\"Techmaster Electronics JSC\" \/>\n<meta property=\"article:publisher\" content=\"https:\/\/www.facebook.com\/techmaster.electronics.jsc\" \/>\n<meta property=\"article:modified_time\" content=\"2022-09-22T03:35:16+00:00\" \/>\n<meta name=\"twitter:card\" content=\"summary_large_image\" \/>\n<meta name=\"twitter:site\" content=\"@techmastervn\" \/>\n<meta name=\"twitter:label1\" content=\"\u63a8\u5b9a\u8aad\u307f\u53d6\u308a\u6642\u9593\" \/>\n\t<meta name=\"twitter:data1\" content=\"1\u5206\" \/>\n<script type=\"application\/ld+json\" class=\"yoast-schema-graph\">{\"@context\":\"https:\/\/schema.org\",\"@graph\":[{\"@type\":\"WebPage\",\"@id\":\"https:\/\/techmaster.com.vn\/ja\/%e3%82%b5%e3%83%bc%e3%83%93%e3%82%b9\/\",\"url\":\"https:\/\/techmaster.com.vn\/ja\/%e3%82%b5%e3%83%bc%e3%83%93%e3%82%b9\/\",\"name\":\"\u30b5\u30fc\u30d3\u30b9 - D\u1ecbch v\u1ee5 - Techmaster Electronics JSC\",\"isPartOf\":{\"@id\":\"https:\/\/techmaster.com.vn\/ja\/#website\"},\"datePublished\":\"2021-04-12T08:57:15+00:00\",\"dateModified\":\"2022-09-22T03:35:16+00:00\",\"description\":\"\u5c02\u9580\u5bb6\u306e\u632f\u52d5\u6e2c\u5b9a\u3068\u5206\u6790: \u632f\u52d5\u6e2c\u5b9a\u30fb\u89e3\u6790\u30b5\u30fc\u30d3\u30b9\u306b\u3088\u308a\u3001\u6a5f\u68b0\u306e\u30a8\u30e9\u30fc\u3092\u65e9\u671f\u306b\u9632\u6b62. \u96fb\u529b\u54c1\u8cea\u306e\u6e2c\u5b9a\u3068\u5206\u6790: \u96fb\u529b\u54c1\u8cea\u306e\u4f4e\u4e0b\u306e\u6f5c\u5728\u7684\u306a\u539f\u56e0\u3092\u7279\u5b9a\u3059\u308b, \u30a8\u30cd\u30eb\u30ae\u30fc\u306e\u6d6a\u8cbb\u3092\u7279\u5b9a\u3059\u308b, \u96fb\u529b\u54c1\u8cea\u306e\u554f\u984c\u3092\u7406\u89e3\u3057\u3066\u89e3\u91c8\u3059\u308b\",\"breadcrumb\":{\"@id\":\"https:\/\/techmaster.com.vn\/ja\/%e3%82%b5%e3%83%bc%e3%83%93%e3%82%b9\/#breadcrumb\"},\"inLanguage\":\"ja\",\"potentialAction\":[{\"@type\":\"ReadAction\",\"target\":[\"https:\/\/techmaster.com.vn\/ja\/%e3%82%b5%e3%83%bc%e3%83%93%e3%82%b9\/\"]}]},{\"@type\":\"BreadcrumbList\",\"@id\":\"https:\/\/techmaster.com.vn\/ja\/%e3%82%b5%e3%83%bc%e3%83%93%e3%82%b9\/#breadcrumb\",\"itemListElement\":[{\"@type\":\"ListItem\",\"position\":1,\"name\":\"Trang ch\u1ee7\",\"item\":\"https:\/\/techmaster.com.vn\/ja\/\"},{\"@type\":\"ListItem\",\"position\":2,\"name\":\"\u30b5\u30fc\u30d3\u30b9 &#8211; D\u1ecbch v\u1ee5\"}]},{\"@type\":\"WebSite\",\"@id\":\"https:\/\/techmaster.com.vn\/ja\/#website\",\"url\":\"https:\/\/techmaster.com.vn\/ja\/\",\"name\":\"Techmaster Electronics JSC\",\"description\":\"\",\"publisher\":{\"@id\":\"https:\/\/techmaster.com.vn\/ja\/#organization\"},\"potentialAction\":[{\"@type\":\"SearchAction\",\"target\":{\"@type\":\"EntryPoint\",\"urlTemplate\":\"https:\/\/techmaster.com.vn\/ja\/?s={search_term_string}\"},\"query-input\":{\"@type\":\"PropertyValueSpecification\",\"valueRequired\":true,\"valueName\":\"search_term_string\"}}],\"inLanguage\":\"ja\"},{\"@type\":[\"Organization\",\"Place\"],\"@id\":\"https:\/\/techmaster.com.vn\/ja\/#organization\",\"name\":\"Techmaster Electronics JSC\",\"url\":\"https:\/\/techmaster.com.vn\/ja\/\",\"logo\":{\"@id\":\"https:\/\/techmaster.com.vn\/ja\/%e3%82%b5%e3%83%bc%e3%83%93%e3%82%b9\/#local-main-organization-logo\"},\"image\":{\"@id\":\"https:\/\/techmaster.com.vn\/ja\/%e3%82%b5%e3%83%bc%e3%83%93%e3%82%b9\/#local-main-organization-logo\"},\"sameAs\":[\"https:\/\/www.facebook.com\/techmaster.electronics.jsc\",\"https:\/\/x.com\/techmastervn\",\"https:\/\/www.instagram.com\/techmastervietnam\",\"https:\/\/myspace.com\/techmastervietnam\",\"https:\/\/www.youtube.com\/c\/TechmasterElectronicsJSC\",\"https:\/\/www.pinterest.com\/techmasterelectronicsjsc\/\",\"https:\/\/vi.wikipedia.org\/wiki\/Th\u00e0nh_vi\u00ean:Techmastervietnam\",\"https:\/\/twitter.com\/techmastervn\",\"https:\/\/www.linkedin.com\/company\/techmaster-vietnam\/\"],\"telephone\":[],\"contactPoint\":{\"@type\":\"ContactPoint\",\"email\":\"marketing@techmaster.com.vn\"},\"openingHoursSpecification\":[{\"@type\":\"OpeningHoursSpecification\",\"dayOfWeek\":[\"Monday\",\"Tuesday\",\"Wednesday\",\"Thursday\",\"Friday\",\"Saturday\",\"Sunday\"],\"opens\":\"09:00\",\"closes\":\"17:00\"}],\"email\":\"marketing@techmaster.com.vn\",\"areaServed\":\"Vietnam\"},{\"@type\":\"ImageObject\",\"inLanguage\":\"ja\",\"@id\":\"https:\/\/techmaster.com.vn\/ja\/%e3%82%b5%e3%83%bc%e3%83%93%e3%82%b9\/#local-main-organization-logo\",\"url\":\"https:\/\/techmaster.com.vn\/wp-content\/uploads\/2021\/04\/techmaster-logo-homepage.png\",\"contentUrl\":\"https:\/\/techmaster.com.vn\/wp-content\/uploads\/2021\/04\/techmaster-logo-homepage.png\",\"width\":335,\"height\":62,\"caption\":\"Techmaster Electronics JSC\"}]}<\/script>\n<!-- \/ Yoast SEO Premium plugin. -->","yoast_head_json":{"title":"\u30b5\u30fc\u30d3\u30b9 - D\u1ecbch v\u1ee5 - Techmaster Electronics JSC","description":"\u5c02\u9580\u5bb6\u306e\u632f\u52d5\u6e2c\u5b9a\u3068\u5206\u6790: \u632f\u52d5\u6e2c\u5b9a\u30fb\u89e3\u6790\u30b5\u30fc\u30d3\u30b9\u306b\u3088\u308a\u3001\u6a5f\u68b0\u306e\u30a8\u30e9\u30fc\u3092\u65e9\u671f\u306b\u9632\u6b62. \u96fb\u529b\u54c1\u8cea\u306e\u6e2c\u5b9a\u3068\u5206\u6790: \u96fb\u529b\u54c1\u8cea\u306e\u4f4e\u4e0b\u306e\u6f5c\u5728\u7684\u306a\u539f\u56e0\u3092\u7279\u5b9a\u3059\u308b, \u30a8\u30cd\u30eb\u30ae\u30fc\u306e\u6d6a\u8cbb\u3092\u7279\u5b9a\u3059\u308b, \u96fb\u529b\u54c1\u8cea\u306e\u554f\u984c\u3092\u7406\u89e3\u3057\u3066\u89e3\u91c8\u3059\u308b","robots":{"index":"index","follow":"follow","max-snippet":"max-snippet:-1","max-image-preview":"max-image-preview:large","max-video-preview":"max-video-preview:-1"},"canonical":"https:\/\/techmaster.com.vn\/ja\/%e3%82%b5%e3%83%bc%e3%83%93%e3%82%b9\/","og_locale":"ja_JP","og_type":"article","og_title":"\u30b5\u30fc\u30d3\u30b9 - D\u1ecbch v\u1ee5","og_description":"\u5c02\u9580\u5bb6\u306e\u632f\u52d5\u6e2c\u5b9a\u3068\u5206\u6790: \u632f\u52d5\u6e2c\u5b9a\u30fb\u89e3\u6790\u30b5\u30fc\u30d3\u30b9\u306b\u3088\u308a\u3001\u6a5f\u68b0\u306e\u30a8\u30e9\u30fc\u3092\u65e9\u671f\u306b\u9632\u6b62. \u96fb\u529b\u54c1\u8cea\u306e\u6e2c\u5b9a\u3068\u5206\u6790: \u96fb\u529b\u54c1\u8cea\u306e\u4f4e\u4e0b\u306e\u6f5c\u5728\u7684\u306a\u539f\u56e0\u3092\u7279\u5b9a\u3059\u308b, \u30a8\u30cd\u30eb\u30ae\u30fc\u306e\u6d6a\u8cbb\u3092\u7279\u5b9a\u3059\u308b, \u96fb\u529b\u54c1\u8cea\u306e\u554f\u984c\u3092\u7406\u89e3\u3057\u3066\u89e3\u91c8\u3059\u308b","og_url":"https:\/\/techmaster.com.vn\/ja\/%e3%82%b5%e3%83%bc%e3%83%93%e3%82%b9\/","og_site_name":"Techmaster Electronics JSC","article_publisher":"https:\/\/www.facebook.com\/techmaster.electronics.jsc","article_modified_time":"2022-09-22T03:35:16+00:00","twitter_card":"summary_large_image","twitter_site":"@techmastervn","twitter_misc":{"\u63a8\u5b9a\u8aad\u307f\u53d6\u308a\u6642\u9593":"1\u5206"},"schema":{"@context":"https:\/\/schema.org","@graph":[{"@type":"WebPage","@id":"https:\/\/techmaster.com.vn\/ja\/%e3%82%b5%e3%83%bc%e3%83%93%e3%82%b9\/","url":"https:\/\/techmaster.com.vn\/ja\/%e3%82%b5%e3%83%bc%e3%83%93%e3%82%b9\/","name":"\u30b5\u30fc\u30d3\u30b9 - D\u1ecbch v\u1ee5 - Techmaster Electronics JSC","isPartOf":{"@id":"https:\/\/techmaster.com.vn\/ja\/#website"},"datePublished":"2021-04-12T08:57:15+00:00","dateModified":"2022-09-22T03:35:16+00:00","description":"\u5c02\u9580\u5bb6\u306e\u632f\u52d5\u6e2c\u5b9a\u3068\u5206\u6790: \u632f\u52d5\u6e2c\u5b9a\u30fb\u89e3\u6790\u30b5\u30fc\u30d3\u30b9\u306b\u3088\u308a\u3001\u6a5f\u68b0\u306e\u30a8\u30e9\u30fc\u3092\u65e9\u671f\u306b\u9632\u6b62. \u96fb\u529b\u54c1\u8cea\u306e\u6e2c\u5b9a\u3068\u5206\u6790: \u96fb\u529b\u54c1\u8cea\u306e\u4f4e\u4e0b\u306e\u6f5c\u5728\u7684\u306a\u539f\u56e0\u3092\u7279\u5b9a\u3059\u308b, \u30a8\u30cd\u30eb\u30ae\u30fc\u306e\u6d6a\u8cbb\u3092\u7279\u5b9a\u3059\u308b, \u96fb\u529b\u54c1\u8cea\u306e\u554f\u984c\u3092\u7406\u89e3\u3057\u3066\u89e3\u91c8\u3059\u308b","breadcrumb":{"@id":"https:\/\/techmaster.com.vn\/ja\/%e3%82%b5%e3%83%bc%e3%83%93%e3%82%b9\/#breadcrumb"},"inLanguage":"ja","potentialAction":[{"@type":"ReadAction","target":["https:\/\/techmaster.com.vn\/ja\/%e3%82%b5%e3%83%bc%e3%83%93%e3%82%b9\/"]}]},{"@type":"BreadcrumbList","@id":"https:\/\/techmaster.com.vn\/ja\/%e3%82%b5%e3%83%bc%e3%83%93%e3%82%b9\/#breadcrumb","itemListElement":[{"@type":"ListItem","position":1,"name":"Trang ch\u1ee7","item":"https:\/\/techmaster.com.vn\/ja\/"},{"@type":"ListItem","position":2,"name":"\u30b5\u30fc\u30d3\u30b9 &#8211; D\u1ecbch v\u1ee5"}]},{"@type":"WebSite","@id":"https:\/\/techmaster.com.vn\/ja\/#website","url":"https:\/\/techmaster.com.vn\/ja\/","name":"Techmaster Electronics JSC","description":"","publisher":{"@id":"https:\/\/techmaster.com.vn\/ja\/#organization"},"potentialAction":[{"@type":"SearchAction","target":{"@type":"EntryPoint","urlTemplate":"https:\/\/techmaster.com.vn\/ja\/?s={search_term_string}"},"query-input":{"@type":"PropertyValueSpecification","valueRequired":true,"valueName":"search_term_string"}}],"inLanguage":"ja"},{"@type":["Organization","Place"],"@id":"https:\/\/techmaster.com.vn\/ja\/#organization","name":"Techmaster Electronics JSC","url":"https:\/\/techmaster.com.vn\/ja\/","logo":{"@id":"https:\/\/techmaster.com.vn\/ja\/%e3%82%b5%e3%83%bc%e3%83%93%e3%82%b9\/#local-main-organization-logo"},"image":{"@id":"https:\/\/techmaster.com.vn\/ja\/%e3%82%b5%e3%83%bc%e3%83%93%e3%82%b9\/#local-main-organization-logo"},"sameAs":["https:\/\/www.facebook.com\/techmaster.electronics.jsc","https:\/\/x.com\/techmastervn","https:\/\/www.instagram.com\/techmastervietnam","https:\/\/myspace.com\/techmastervietnam","https:\/\/www.youtube.com\/c\/TechmasterElectronicsJSC","https:\/\/www.pinterest.com\/techmasterelectronicsjsc\/","https:\/\/vi.wikipedia.org\/wiki\/Th\u00e0nh_vi\u00ean:Techmastervietnam","https:\/\/twitter.com\/techmastervn","https:\/\/www.linkedin.com\/company\/techmaster-vietnam\/"],"telephone":[],"contactPoint":{"@type":"ContactPoint","email":"marketing@techmaster.com.vn"},"openingHoursSpecification":[{"@type":"OpeningHoursSpecification","dayOfWeek":["Monday","Tuesday","Wednesday","Thursday","Friday","Saturday","Sunday"],"opens":"09:00","closes":"17:00"}],"email":"marketing@techmaster.com.vn","areaServed":"Vietnam"},{"@type":"ImageObject","inLanguage":"ja","@id":"https:\/\/techmaster.com.vn\/ja\/%e3%82%b5%e3%83%bc%e3%83%93%e3%82%b9\/#local-main-organization-logo","url":"https:\/\/techmaster.com.vn\/wp-content\/uploads\/2021\/04\/techmaster-logo-homepage.png","contentUrl":"https:\/\/techmaster.com.vn\/wp-content\/uploads\/2021\/04\/techmaster-logo-homepage.png","width":335,"height":62,"caption":"Techmaster Electronics JSC"}]}},"_links":{"self":[{"href":"https:\/\/techmaster.com.vn\/ja\/wp-json\/wp\/v2\/pages\/15957","targetHints":{"allow":["GET"]}}],"collection":[{"href":"https:\/\/techmaster.com.vn\/ja\/wp-json\/wp\/v2\/pages"}],"about":[{"href":"https:\/\/techmaster.com.vn\/ja\/wp-json\/wp\/v2\/types\/page"}],"author":[{"embeddable":true,"href":"https:\/\/techmaster.com.vn\/ja\/wp-json\/wp\/v2\/users\/4"}],"replies":[{"embeddable":true,"href":"https:\/\/techmaster.com.vn\/ja\/wp-json\/wp\/v2\/comments?post=15957"}],"version-history":[{"count":0,"href":"https:\/\/techmaster.com.vn\/ja\/wp-json\/wp\/v2\/pages\/15957\/revisions"}],"wp:attachment":[{"href":"https:\/\/techmaster.com.vn\/ja\/wp-json\/wp\/v2\/media?parent=15957"}],"curies":[{"name":"wp","href":"https:\/\/api.w.org\/{rel}","templated":true}]}}