{"id":96374,"date":"2020-12-11T11:52:23","date_gmt":"2020-12-11T04:52:23","guid":{"rendered":"https:\/\/techmaster.com.vn\/milwaukee\/"},"modified":"2024-01-09T10:33:32","modified_gmt":"2024-01-09T03:33:32","slug":"milwaukee","status":"publish","type":"page","link":"https:\/\/techmaster.com.vn\/es\/milwaukee\/","title":{"rendered":"Milwaukee"},"content":{"rendered":"\t<section class=\"section home5\" id=\"section_119511544\">\n\t\t<div class=\"bg section-bg fill bg-fill  \" >\n\n\t\t\t\n\t\t\t\n\t\t\t\n\n\t\t<\/div>\n\n\t\t\n\n\t\t<div class=\"section-content relative\">\n\t\t\t\n<div class=\"row\"  id=\"row-15054689\">\n\n\t<div id=\"col-1892177573\" class=\"col medium-6 small-12 large-6\"  >\n\t\t\t\t<div class=\"col-inner\"  >\n\t\t\t\n\t\t\t\n<div class=\"row\"  id=\"row-382005727\">\n\n\t<div id=\"col-429321374\" class=\"col small-12 large-12\"  >\n\t\t\t\t<div class=\"col-inner\"  >\n\t\t\t\n\t\t\t\n\t<div id=\"gap-1591273803\" class=\"gap-element clearfix\" style=\"display:block; height:auto;\">\n\t\t\n<style>\n#gap-1591273803 {\n  padding-top: 30px;\n}\n<\/style>\n\t<\/div>\n\t\n\t<div id=\"gap-666516519\" class=\"gap-element clearfix\" style=\"display:block; height:auto;\">\n\t\t\n<style>\n#gap-666516519 {\n  padding-top: 30px;\n}\n<\/style>\n\t<\/div>\n\t\n<div class=\"row row-full-width\"  id=\"row-1252323196\">\n\n\t<div id=\"col-817365903\" class=\"col medium-2 small-12 large-2\"  >\n\t\t\t\t<div class=\"col-inner\"  >\n\t\t\t\n\t\t\t\n\t\t<\/div>\n\t\t\t\t\t<\/div>\n\n\t\n\n\t<div id=\"col-532381954\" class=\"col medium-10 small-12 large-10\"  >\n\t\t\t\t<div class=\"col-inner\"  >\n\t\t\t\n\t\t\t\n\t<div id=\"text-127938480\" class=\"text\">\n\t\t\n<h1><span style=\"color: #ffffff; font-size: 160%;\"><span style=\"font-family: impact, sans-serif;\">MILWAUKEE VIETNAM<\/span><\/span><\/h1>\n<p style=\"text-align: justify;\">Milwaukee Tool es un fabricante l\u00edder en la industria de herramientas el\u00e9ctricas, accesorios y herramientas manuales de uso pesado para usuarios profesionales en todo el mundo.<\/p>\n\t\t\n<style>\n#text-127938480 {\n  font-size: 1.25rem;\n  line-height: 1.75;\n  text-align: left;\n}\n<\/style>\n\t<\/div>\n\t\n\t\t<\/div>\n\t\t\t\t\t<\/div>\n\n\t\n<\/div>\n\t\t<\/div>\n\t\t\t\t\t<\/div>\n\n\t\n<\/div>\n\t\t<\/div>\n\t\t\t\t\t<\/div>\n\n\t\n\n\t<div id=\"col-1176734290\" class=\"col medium-4 small-12 large-4\"  >\n\t\t\t\t<div class=\"col-inner\"  >\n\t\t\t\n\t\t\t\n\t\t<\/div>\n\t\t\t\t\t<\/div>\n\n\t\n<\/div>\n\t\t<\/div>\n\n\t\t\n<style>\n#section_119511544 {\n  padding-top: 61px;\n  padding-bottom: 61px;\n}\n#section_119511544 .section-bg.bg-loaded {\n  background-image: url(https:\/\/techmaster.com.vn\/wp-content\/uploads\/2020\/12\/Building-Exterior-2-1dffr.jpg);\n}\n#section_119511544 .ux-shape-divider--top svg {\n  height: 150px;\n  --divider-top-width: 100%;\n}\n#section_119511544 .ux-shape-divider--bottom svg {\n  height: 150px;\n  --divider-width: 100%;\n}\n<\/style>\n\t<\/section>\n\t\n\t<section class=\"section home2\" id=\"section_537095140\">\n\t\t<div class=\"bg section-bg fill bg-fill  bg-loaded\" >\n\n\t\t\t\n\t\t\t\n\t\t\t\n\n\t\t<\/div>\n\n\t\t\n\n\t\t<div class=\"section-content relative\">\n\t\t\t\n\t<div id=\"gap-503391387\" class=\"gap-element clearfix\" style=\"display:block; height:auto;\">\n\t\t\n<style>\n#gap-503391387 {\n  padding-top: 30px;\n}\n<\/style>\n\t<\/div>\n\t\n<div class=\"container section-title-container\" ><h2 class=\"section-title section-title-center\"><b><\/b><span class=\"section-title-main\" >PRODUCTO PRINCIPAL<\/span><b><\/b><\/h2><\/div>\n<div class=\"row align-middle align-center\" style=\"max-width:\" id=\"row-1450349539\">\n\n\t<div id=\"col-1721480292\" class=\"col medium-3 small-12 large-3\"  >\n\t\t\t\t<div class=\"col-inner text-center\"  >\n\t\t\t\n\t\t\t\n\n\t\t<div class=\"icon-box featured-box icon-box-top text-left\"  >\n\t\t\t\t\t<div class=\"icon-box-img\" style=\"width: 190px\">\n\t\t\t\t<div class=\"icon\">\n\t\t\t\t\t<div class=\"icon-inner\" >\n\t\t\t\t\t\t<img loading=\"lazy\" decoding=\"async\" width=\"300\" height=\"300\" src=\"https:\/\/techmaster.com.vn\/wp-content\/uploads\/2020\/11\/may-khoan-dong-luc-milwaukee-m18-fpd2-502c-1.jpg\" class=\"attachment-medium size-medium\" alt=\"M\u00e1y khoan \u0111\u1ed9ng l\u1ef1c Milwaukee M18 FPD2-502C\" \/>\t\t\t\t\t<\/div>\n\t\t\t\t<\/div>\n\t\t\t<\/div>\n\t\t\t\t<div class=\"icon-box-text last-reset\">\n\t\t\t\t\t\t\t\t\t\n<h3><a href=\"https:\/\/techmaster.com.vn\/en\/hand-tools\/?swoof=1&amp;product_cat=drilling&amp;really_curr_tax=161-product_cat\">EJERCICIOS<\/a><\/h3>\n\t\t<\/div>\n\t<\/div>\n\t\n\t\n\t\t<\/div>\n\t\t\t\t\t<\/div>\n\n\t\n\n\t<div id=\"col-821839794\" class=\"col medium-3 small-12 large-3\"  >\n\t\t\t\t<div class=\"col-inner text-center\"  >\n\t\t\t\n\t\t\t\n\n\t\t<div class=\"icon-box featured-box icon-box-top text-left\"  >\n\t\t\t\t\t<div class=\"icon-box-img\" style=\"width: 190px\">\n\t\t\t\t<div class=\"icon\">\n\t\t\t\t\t<div class=\"icon-inner\" >\n\t\t\t\t\t\t<img loading=\"lazy\" decoding=\"async\" width=\"300\" height=\"300\" src=\"https:\/\/techmaster.com.vn\/wp-content\/uploads\/2020\/11\/may-van-vit-milwaukee-m12-fid-0c.jpg\" class=\"attachment-medium size-medium\" alt=\"M\u00e1y v\u1eb7n v\u00edt Milwaukee M12 FID-0C\" \/>\t\t\t\t\t<\/div>\n\t\t\t\t<\/div>\n\t\t\t<\/div>\n\t\t\t\t<div class=\"icon-box-text last-reset\">\n\t\t\t\t\t\t\t\t\t\n<h3><a href=\"https:\/\/techmaster.com.vn\/en\/hand-tools\/?swoof=1&amp;product_cat=impact-drivers&amp;really_curr_tax=161-product_cat\">IMPULSORES DE IMPACTO<\/a><\/h3>\n\t\t<\/div>\n\t<\/div>\n\t\n\t\n\t\t<\/div>\n\t\t\t\t\t<\/div>\n\n\t\n\n\t<div id=\"col-2013640272\" class=\"col medium-3 small-12 large-3\"  >\n\t\t\t\t<div class=\"col-inner text-center\"  >\n\t\t\t\n\t\t\t\n\n\t\t<div class=\"icon-box featured-box icon-box-top text-left\"  >\n\t\t\t\t\t<div class=\"icon-box-img\" style=\"width: 190px\">\n\t\t\t\t<div class=\"icon\">\n\t\t\t\t\t<div class=\"icon-inner\" >\n\t\t\t\t\t\t<img loading=\"lazy\" decoding=\"async\" width=\"300\" height=\"300\" src=\"https:\/\/techmaster.com.vn\/wp-content\/uploads\/2020\/12\/may-cat-kim-loai-milwaukee-m18-fmcs-0x.jpg\" class=\"attachment-medium size-medium\" alt=\"M\u00e1y c\u1eaft kim lo\u1ea1i Milwaukee M18 FMCS-0X\" \/>\t\t\t\t\t<\/div>\n\t\t\t\t<\/div>\n\t\t\t<\/div>\n\t\t\t\t<div class=\"icon-box-text last-reset\">\n\t\t\t\t\t\t\t\t\t\n<h3><a href=\"https:\/\/techmaster.com.vn\/en\/hand-tools\/?swoof=1&amp;product_cat=cutting&amp;really_curr_tax=161-product_cat\">CORTE<\/a><\/h3>\n\t\t<\/div>\n\t<\/div>\n\t\n\t\n\t\t<\/div>\n\t\t\t\t\t<\/div>\n\n\t\n\n\t<div id=\"col-39434539\" class=\"col medium-3 small-12 large-3\"  >\n\t\t\t\t<div class=\"col-inner text-center\"  >\n\t\t\t\n\t\t\t\n\n\t\t<div class=\"icon-box featured-box icon-box-top text-left\"  >\n\t\t\t\t\t<div class=\"icon-box-img\" style=\"width: 190px\">\n\t\t\t\t<div class=\"icon\">\n\t\t\t\t\t<div class=\"icon-inner\" >\n\t\t\t\t\t\t<img loading=\"lazy\" decoding=\"async\" width=\"300\" height=\"300\" src=\"https:\/\/techmaster.com.vn\/wp-content\/uploads\/2020\/11\/may-cua-soc-milwaukee-m18-fjs-0x-8.jpg\" class=\"attachment-medium size-medium\" alt=\"M\u00e1y c\u01b0a s\u1ecdc Milwaukee M18 FJS-0X\" \/>\t\t\t\t\t<\/div>\n\t\t\t\t<\/div>\n\t\t\t<\/div>\n\t\t\t\t<div class=\"icon-box-text last-reset\">\n\t\t\t\t\t\t\t\t\t\n<h3><a href=\"https:\/\/techmaster.com.vn\/en\/hand-tools\/?swoof=1&amp;product_cat=sawing&amp;really_curr_tax=161-product_cat\">ASERRADURA<\/a><\/h3>\n\t\t<\/div>\n\t<\/div>\n\t\n\t\n\t\t<\/div>\n\t\t\t\t\t<\/div>\n\n\t\n<\/div>\n<div class=\"row align-middle align-center\" style=\"max-width:\" id=\"row-1192497374\">\n\n\t<div id=\"col-1119757778\" class=\"col medium-3 small-12 large-3\"  >\n\t\t\t\t<div class=\"col-inner text-center\"  >\n\t\t\t\n\t\t\t\n\n\t\t<div class=\"icon-box featured-box icon-box-top text-left\"  >\n\t\t\t\t\t<div class=\"icon-box-img\" style=\"width: 190px\">\n\t\t\t\t<div class=\"icon\">\n\t\t\t\t\t<div class=\"icon-inner\" >\n\t\t\t\t\t\t<img loading=\"lazy\" decoding=\"async\" width=\"300\" height=\"300\" src=\"https:\/\/techmaster.com.vn\/wp-content\/uploads\/2021\/04\/may-siet-bu-long-milwaukee-m18-fmtiw2f12-1-1.jpg\" class=\"attachment-medium size-medium\" alt=\"M\u00e1y si\u1ebft bu l\u00f4ng M18 FMTIW2F12 (1)\" \/>\t\t\t\t\t<\/div>\n\t\t\t\t<\/div>\n\t\t\t<\/div>\n\t\t\t\t<div class=\"icon-box-text last-reset\">\n\t\t\t\t\t\t\t\t\t\n<h3><a href=\"https:\/\/techmaster.com.vn\/en\/products\/?swoof=1&amp;product_cat=impact-wrenches\">IMPACT WRENCH<\/a><\/h3>\n\t\t<\/div>\n\t<\/div>\n\t\n\t\n\t\t<\/div>\n\t\t\t\t\t<\/div>\n\n\t\n\n\t<div id=\"col-1662953879\" class=\"col medium-3 small-12 large-3\"  >\n\t\t\t\t<div class=\"col-inner text-center\"  >\n\t\t\t\n\t\t\t\n\n\t\t<div class=\"icon-box featured-box icon-box-top text-left\"  >\n\t\t\t\t\t<div class=\"icon-box-img\" style=\"width: 190px\">\n\t\t\t\t<div class=\"icon\">\n\t\t\t\t\t<div class=\"icon-inner\" >\n\t\t\t\t\t\t<img loading=\"lazy\" decoding=\"async\" width=\"300\" height=\"300\" src=\"https:\/\/techmaster.com.vn\/wp-content\/uploads\/2020\/12\/hop-dung-dung-cu-milwaukee-8426-7.jpg\" class=\"attachment-medium size-medium\" alt=\"Milwaukee 8426 PACKOUT\u2122 Rolling Tool Box\" \/>\t\t\t\t\t<\/div>\n\t\t\t\t<\/div>\n\t\t\t<\/div>\n\t\t\t\t<div class=\"icon-box-text last-reset\">\n\t\t\t\t\t\t\t\t\t\n<h3><a href=\"https:\/\/techmaster.com.vn\/en\/hand-tools\/?swoof=1&amp;product_cat=packout&amp;really_curr_tax=161-product_cat\">DESEMPACAR<\/a><\/h3>\n\t\t<\/div>\n\t<\/div>\n\t\n\t\n\t\t<\/div>\n\t\t\t\t\t<\/div>\n\n\t\n<\/div>\n\t\t<\/div>\n\n\t\t\n<style>\n#section_537095140 {\n  padding-top: 0px;\n  padding-bottom: 0px;\n}\n#section_537095140 .ux-shape-divider--top svg {\n  height: 150px;\n  --divider-top-width: 100%;\n}\n#section_537095140 .ux-shape-divider--bottom svg {\n  height: 150px;\n  --divider-width: 100%;\n}\n<\/style>\n\t<\/section>\n\t\n\t<section class=\"section home1\" id=\"section_1871109233\">\n\t\t<div class=\"bg section-bg fill bg-fill  bg-loaded\" >\n\n\t\t\t\n\t\t\t\n\t\t\t\n\n\t\t<\/div>\n\n\t\t\n\n\t\t<div class=\"section-content relative\">\n\t\t\t\n\t<div id=\"gap-340423950\" class=\"gap-element clearfix\" style=\"display:block; height:auto;\">\n\t\t\n<style>\n#gap-340423950 {\n  padding-top: 30px;\n}\n<\/style>\n\t<\/div>\n\t\n<div class=\"row\"  id=\"row-1606647465\">\n\n\t<div id=\"col-1653858705\" class=\"col small-12 large-12\"  >\n\t\t\t\t<div class=\"col-inner text-left\"  >\n\t\t\t\n\t\t\t\n<div class=\"container section-title-container\" ><h2 class=\"section-title section-title-center\"><b><\/b><span class=\"section-title-main\" >ACERCA DE MILWAUKEE<\/span><b><\/b><\/h2><\/div>\n\t\t<\/div>\n\t\t\t\t\t<\/div>\n\n\t\n\n\t<div id=\"col-1576253559\" class=\"col medium-6 small-12 large-6\"  >\n\t\t\t\t<div class=\"col-inner text-left\"  >\n\t\t\t\n\t\t\t\n<p>\u00a0<\/p>\n<h2 style=\"text-align: center;\">Nada m\u00e1s que HEAVY DUTY\u00ae<\/h2>\n\t<div id=\"text-2186336615\" class=\"text\">\n\t\t\n<p style=\"text-align: justify;\">Desde que comenz\u00f3 la empresa en 1924, Milwaukee Tool ha liderado la industria tanto en durabilidad como en rendimiento. Con un compromiso inquebrantable con los oficios, Milwaukee contin\u00faa liderando con un enfoque en brindar soluciones innovadoras y espec\u00edficas para el oficio.<\/p>\n\t\t\n<style>\n#text-2186336615 {\n  line-height: 2;\n}\n<\/style>\n\t<\/div>\n\t\n\t\t<\/div>\n\t\t\t\t\t<\/div>\n\n\t\n\n\t<div id=\"col-1309677822\" class=\"col medium-5 small-12 large-5\"  >\n\t\t\t\t<div class=\"col-inner\"  >\n\t\t\t\n\t\t\t\n\t<div class=\"img has-hover x md-x lg-x y md-y lg-y\" id=\"image_141734168\">\n\t\t\t\t\t\t\t\t<div class=\"img-inner dark\" >\n\t\t\t<img loading=\"lazy\" decoding=\"async\" width=\"1020\" height=\"575\" src=\"https:\/\/techmaster.com.vn\/wp-content\/uploads\/2020\/12\/Milwaukee.png\" class=\"attachment-large size-large\" alt=\"C\u00e1c lo\u1ea1i m\u00e1y Milwaukee (1)\" \/>\t\t\t\t\t\t\n\t\t\t\t\t<\/div>\n\t\t\t\t\t\t\t\t\n<style>\n#image_141734168 {\n  width: 100%;\n}\n<\/style>\n\t<\/div>\n\t\n\t<div id=\"gap-1921429669\" class=\"gap-element clearfix\" style=\"display:block; height:auto;\">\n\t\t\n<style>\n#gap-1921429669 {\n  padding-top: 30px;\n}\n<\/style>\n\t<\/div>\n\t\n\t\t<\/div>\n\t\t\t\t\t<\/div>\n\n\t\n<\/div>\n\t\t<\/div>\n\n\t\t\n<style>\n#section_1871109233 {\n  padding-top: 0px;\n  padding-bottom: 0px;\n}\n#section_1871109233 .ux-shape-divider--top svg {\n  height: 150px;\n  --divider-top-width: 100%;\n}\n#section_1871109233 .ux-shape-divider--bottom svg {\n  height: 150px;\n  --divider-width: 100%;\n}\n<\/style>\n\t<\/section>\n\t\n\t<section class=\"section home1\" id=\"section_398678133\">\n\t\t<div class=\"bg section-bg fill bg-fill  bg-loaded\" >\n\n\t\t\t\n\t\t\t\n\t\t\t\n\n\t\t<\/div>\n\n\t\t\n\n\t\t<div class=\"section-content relative\">\n\t\t\t\n\t<div id=\"gap-742019944\" class=\"gap-element clearfix\" style=\"display:block; height:auto;\">\n\t\t\n<style>\n#gap-742019944 {\n  padding-top: 30px;\n}\n<\/style>\n\t<\/div>\n\t\n<div class=\"row\"  id=\"row-1076578770\">\n\n\t<div id=\"col-2049889555\" class=\"col medium-5 small-12 large-5\"  >\n\t\t\t\t<div class=\"col-inner text-left\"  >\n\t\t\t\n\t\t\t\n\t<div class=\"img has-hover x md-x lg-x y md-y lg-y\" id=\"image_106256013\">\n\t\t\t\t\t\t\t\t<div class=\"img-inner dark\" >\n\t\t\t<img loading=\"lazy\" decoding=\"async\" width=\"1020\" height=\"575\" src=\"https:\/\/techmaster.com.vn\/wp-content\/uploads\/2020\/12\/Milwaukee-1.png\" class=\"attachment-large size-large\" alt=\"M\u00e1y c\u1eaft Milwaukee (1)\" \/>\t\t\t\t\t\t\n\t\t\t\t\t<\/div>\n\t\t\t\t\t\t\t\t\n<style>\n#image_106256013 {\n  width: 100%;\n}\n<\/style>\n\t<\/div>\n\t\n\t\t<\/div>\n\t\t\t\t\t<\/div>\n\n\t\n\n\t<div id=\"col-829039966\" class=\"col medium-6 small-12 large-6\"  >\n\t\t\t\t<div class=\"col-inner\"  >\n\t\t\t\n\t\t\t\n\t<div id=\"text-4277066643\" class=\"text\">\n\t\t\n<p style=\"text-align: justify;\">Milwaukee continu\u00f3 revolucionando las herramientas el\u00e9ctricas inal\u00e1mbricas con la introducci\u00f3n de M18 y M12 FUEL\u2122, l\u00edneas exclusivas de herramientas el\u00e9ctricas inal\u00e1mbricas de rendimiento extremo dise\u00f1adas para ofrecer una productividad inigualable. Milwaukee integr\u00f3 tres tecnolog\u00edas innovadoras: el motor sin escobillas POWERSTATE\u2122, la tecnolog\u00eda de bater\u00eda REDLITHIUM\u2122-ION y REDLINK PLUS\u2122Intelligence, para brindar una nueva clase en durabilidad, tiempo de ejecuci\u00f3n y rendimiento para el comerciante profesional.<\/p>\n\t\t\n<style>\n#text-4277066643 {\n  line-height: 2;\n}\n<\/style>\n\t<\/div>\n\t\n\t\t<\/div>\n\t\t\t\t\t<\/div>\n\n\t\n\n<style>\n#row-1076578770 > .col > .col-inner {\n  background-color: rgb(255, 255, 255);\n}\n<\/style>\n<\/div>\n\t\t<\/div>\n\n\t\t\n<style>\n#section_398678133 {\n  padding-top: 0px;\n  padding-bottom: 0px;\n}\n#section_398678133 .ux-shape-divider--top svg {\n  height: 150px;\n  --divider-top-width: 100%;\n}\n#section_398678133 .ux-shape-divider--bottom svg {\n  height: 150px;\n  --divider-width: 100%;\n}\n<\/style>\n\t<\/section>\n\t\n","protected":false},"excerpt":{"rendered":"","protected":false},"author":4,"featured_media":96376,"parent":0,"menu_order":0,"comment_status":"closed","ping_status":"closed","template":"page-blank.php","meta":{"footnotes":""},"class_list":["post-96374","page","type-page","status-publish","has-post-thumbnail","hentry"],"yoast_head":"<!-- This site is optimized with the Yoast SEO Premium plugin v26.8 (Yoast SEO v26.8) - https:\/\/yoast.com\/product\/yoast-seo-premium-wordpress\/ -->\n<title>Milwaukee - Techmaster Electronics JSC<\/title>\n<meta name=\"description\" content=\"Milwaukee Tool is an industry-leading manufacturer of heavy-duty power tools, accessories and hand tools for professional users worldwide.\" \/>\n<meta name=\"robots\" content=\"noindex, follow\" \/>\n<meta property=\"og:locale\" content=\"es_ES\" \/>\n<meta property=\"og:type\" content=\"article\" \/>\n<meta property=\"og:title\" content=\"Milwaukee\" \/>\n<meta property=\"og:description\" content=\"Milwaukee Tool is an industry-leading manufacturer of heavy-duty power tools, accessories and hand tools for professional users worldwide.\" \/>\n<meta property=\"og:url\" content=\"https:\/\/techmaster.com.vn\/es\/milwaukee\/\" \/>\n<meta property=\"og:site_name\" content=\"Techmaster Electronics JSC\" \/>\n<meta property=\"article:publisher\" content=\"https:\/\/www.facebook.com\/techmaster.electronics.jsc\" \/>\n<meta property=\"article:modified_time\" content=\"2024-01-09T03:33:32+00:00\" \/>\n<meta property=\"og:image\" content=\"https:\/\/techmaster.com.vn\/wp-content\/uploads\/2023\/02\/Milwaukee-Lazada-Banner-3.jpg\" \/>\n\t<meta property=\"og:image:width\" content=\"1995\" \/>\n\t<meta property=\"og:image:height\" content=\"975\" \/>\n\t<meta property=\"og:image:type\" content=\"image\/jpeg\" \/>\n<meta name=\"twitter:card\" content=\"summary_large_image\" \/>\n<meta name=\"twitter:site\" content=\"@techmastervn\" \/>\n<meta name=\"twitter:label1\" content=\"Tiempo de lectura\" \/>\n\t<meta name=\"twitter:data1\" content=\"2 minutos\" \/>\n<script type=\"application\/ld+json\" class=\"yoast-schema-graph\">{\"@context\":\"https:\/\/schema.org\",\"@graph\":[{\"@type\":\"WebPage\",\"@id\":\"https:\/\/techmaster.com.vn\/es\/milwaukee\/\",\"url\":\"https:\/\/techmaster.com.vn\/es\/milwaukee\/\",\"name\":\"Milwaukee - Techmaster Electronics JSC\",\"isPartOf\":{\"@id\":\"https:\/\/techmaster.com.vn\/es\/#website\"},\"primaryImageOfPage\":{\"@id\":\"https:\/\/techmaster.com.vn\/es\/milwaukee\/#primaryimage\"},\"image\":{\"@id\":\"https:\/\/techmaster.com.vn\/es\/milwaukee\/#primaryimage\"},\"thumbnailUrl\":\"https:\/\/techmaster.com.vn\/wp-content\/uploads\/2023\/02\/Milwaukee-Lazada-Banner-3.jpg\",\"datePublished\":\"2020-12-11T04:52:23+00:00\",\"dateModified\":\"2024-01-09T03:33:32+00:00\",\"description\":\"Milwaukee Tool is an industry-leading manufacturer of heavy-duty power tools, accessories and hand tools for professional users worldwide.\",\"breadcrumb\":{\"@id\":\"https:\/\/techmaster.com.vn\/es\/milwaukee\/#breadcrumb\"},\"inLanguage\":\"es\",\"potentialAction\":[{\"@type\":\"ReadAction\",\"target\":[\"https:\/\/techmaster.com.vn\/es\/milwaukee\/\"]}]},{\"@type\":\"ImageObject\",\"inLanguage\":\"es\",\"@id\":\"https:\/\/techmaster.com.vn\/es\/milwaukee\/#primaryimage\",\"url\":\"https:\/\/techmaster.com.vn\/wp-content\/uploads\/2023\/02\/Milwaukee-Lazada-Banner-3.jpg\",\"contentUrl\":\"https:\/\/techmaster.com.vn\/wp-content\/uploads\/2023\/02\/Milwaukee-Lazada-Banner-3.jpg\",\"width\":1995,\"height\":975},{\"@type\":\"BreadcrumbList\",\"@id\":\"https:\/\/techmaster.com.vn\/es\/milwaukee\/#breadcrumb\",\"itemListElement\":[{\"@type\":\"ListItem\",\"position\":1,\"name\":\"Trang ch\u1ee7\",\"item\":\"https:\/\/techmaster.com.vn\/es\/\"},{\"@type\":\"ListItem\",\"position\":2,\"name\":\"Milwaukee\"}]},{\"@type\":\"WebSite\",\"@id\":\"https:\/\/techmaster.com.vn\/es\/#website\",\"url\":\"https:\/\/techmaster.com.vn\/es\/\",\"name\":\"Techmaster Electronics JSC\",\"description\":\"\",\"publisher\":{\"@id\":\"https:\/\/techmaster.com.vn\/es\/#organization\"},\"potentialAction\":[{\"@type\":\"SearchAction\",\"target\":{\"@type\":\"EntryPoint\",\"urlTemplate\":\"https:\/\/techmaster.com.vn\/es\/?s={search_term_string}\"},\"query-input\":{\"@type\":\"PropertyValueSpecification\",\"valueRequired\":true,\"valueName\":\"search_term_string\"}}],\"inLanguage\":\"es\"},{\"@type\":[\"Organization\",\"Place\"],\"@id\":\"https:\/\/techmaster.com.vn\/es\/#organization\",\"name\":\"Techmaster Electronics JSC\",\"url\":\"https:\/\/techmaster.com.vn\/es\/\",\"logo\":{\"@id\":\"https:\/\/techmaster.com.vn\/es\/milwaukee\/#local-main-organization-logo\"},\"image\":{\"@id\":\"https:\/\/techmaster.com.vn\/es\/milwaukee\/#local-main-organization-logo\"},\"sameAs\":[\"https:\/\/www.facebook.com\/techmaster.electronics.jsc\",\"https:\/\/x.com\/techmastervn\",\"https:\/\/www.instagram.com\/techmastervietnam\",\"https:\/\/myspace.com\/techmastervietnam\",\"https:\/\/www.youtube.com\/c\/TechmasterElectronicsJSC\",\"https:\/\/www.pinterest.com\/techmasterelectronicsjsc\/\",\"https:\/\/vi.wikipedia.org\/wiki\/Th\u00e0nh_vi\u00ean:Techmastervietnam\",\"https:\/\/twitter.com\/techmastervn\",\"https:\/\/www.linkedin.com\/company\/techmaster-vietnam\/\"],\"telephone\":[],\"contactPoint\":{\"@type\":\"ContactPoint\",\"email\":\"marketing@techmaster.com.vn\"},\"openingHoursSpecification\":[{\"@type\":\"OpeningHoursSpecification\",\"dayOfWeek\":[\"Monday\",\"Tuesday\",\"Wednesday\",\"Thursday\",\"Friday\",\"Saturday\",\"Sunday\"],\"opens\":\"09:00\",\"closes\":\"17:00\"}],\"email\":\"marketing@techmaster.com.vn\",\"areaServed\":\"Vietnam\"},{\"@type\":\"ImageObject\",\"inLanguage\":\"es\",\"@id\":\"https:\/\/techmaster.com.vn\/es\/milwaukee\/#local-main-organization-logo\",\"url\":\"https:\/\/techmaster.com.vn\/wp-content\/uploads\/2021\/04\/techmaster-logo-homepage.png\",\"contentUrl\":\"https:\/\/techmaster.com.vn\/wp-content\/uploads\/2021\/04\/techmaster-logo-homepage.png\",\"width\":335,\"height\":62,\"caption\":\"Techmaster Electronics JSC\"}]}<\/script>\n<!-- \/ Yoast SEO Premium plugin. -->","yoast_head_json":{"title":"Milwaukee - Techmaster Electronics JSC","description":"Milwaukee Tool is an industry-leading manufacturer of heavy-duty power tools, accessories and hand tools for professional users worldwide.","robots":{"index":"noindex","follow":"follow"},"og_locale":"es_ES","og_type":"article","og_title":"Milwaukee","og_description":"Milwaukee Tool is an industry-leading manufacturer of heavy-duty power tools, accessories and hand tools for professional users worldwide.","og_url":"https:\/\/techmaster.com.vn\/es\/milwaukee\/","og_site_name":"Techmaster Electronics JSC","article_publisher":"https:\/\/www.facebook.com\/techmaster.electronics.jsc","article_modified_time":"2024-01-09T03:33:32+00:00","og_image":[{"width":1995,"height":975,"url":"https:\/\/techmaster.com.vn\/wp-content\/uploads\/2023\/02\/Milwaukee-Lazada-Banner-3.jpg","type":"image\/jpeg"}],"twitter_card":"summary_large_image","twitter_site":"@techmastervn","twitter_misc":{"Tiempo de lectura":"2 minutos"},"schema":{"@context":"https:\/\/schema.org","@graph":[{"@type":"WebPage","@id":"https:\/\/techmaster.com.vn\/es\/milwaukee\/","url":"https:\/\/techmaster.com.vn\/es\/milwaukee\/","name":"Milwaukee - Techmaster Electronics JSC","isPartOf":{"@id":"https:\/\/techmaster.com.vn\/es\/#website"},"primaryImageOfPage":{"@id":"https:\/\/techmaster.com.vn\/es\/milwaukee\/#primaryimage"},"image":{"@id":"https:\/\/techmaster.com.vn\/es\/milwaukee\/#primaryimage"},"thumbnailUrl":"https:\/\/techmaster.com.vn\/wp-content\/uploads\/2023\/02\/Milwaukee-Lazada-Banner-3.jpg","datePublished":"2020-12-11T04:52:23+00:00","dateModified":"2024-01-09T03:33:32+00:00","description":"Milwaukee Tool is an industry-leading manufacturer of heavy-duty power tools, accessories and hand tools for professional users worldwide.","breadcrumb":{"@id":"https:\/\/techmaster.com.vn\/es\/milwaukee\/#breadcrumb"},"inLanguage":"es","potentialAction":[{"@type":"ReadAction","target":["https:\/\/techmaster.com.vn\/es\/milwaukee\/"]}]},{"@type":"ImageObject","inLanguage":"es","@id":"https:\/\/techmaster.com.vn\/es\/milwaukee\/#primaryimage","url":"https:\/\/techmaster.com.vn\/wp-content\/uploads\/2023\/02\/Milwaukee-Lazada-Banner-3.jpg","contentUrl":"https:\/\/techmaster.com.vn\/wp-content\/uploads\/2023\/02\/Milwaukee-Lazada-Banner-3.jpg","width":1995,"height":975},{"@type":"BreadcrumbList","@id":"https:\/\/techmaster.com.vn\/es\/milwaukee\/#breadcrumb","itemListElement":[{"@type":"ListItem","position":1,"name":"Trang ch\u1ee7","item":"https:\/\/techmaster.com.vn\/es\/"},{"@type":"ListItem","position":2,"name":"Milwaukee"}]},{"@type":"WebSite","@id":"https:\/\/techmaster.com.vn\/es\/#website","url":"https:\/\/techmaster.com.vn\/es\/","name":"Techmaster Electronics JSC","description":"","publisher":{"@id":"https:\/\/techmaster.com.vn\/es\/#organization"},"potentialAction":[{"@type":"SearchAction","target":{"@type":"EntryPoint","urlTemplate":"https:\/\/techmaster.com.vn\/es\/?s={search_term_string}"},"query-input":{"@type":"PropertyValueSpecification","valueRequired":true,"valueName":"search_term_string"}}],"inLanguage":"es"},{"@type":["Organization","Place"],"@id":"https:\/\/techmaster.com.vn\/es\/#organization","name":"Techmaster Electronics JSC","url":"https:\/\/techmaster.com.vn\/es\/","logo":{"@id":"https:\/\/techmaster.com.vn\/es\/milwaukee\/#local-main-organization-logo"},"image":{"@id":"https:\/\/techmaster.com.vn\/es\/milwaukee\/#local-main-organization-logo"},"sameAs":["https:\/\/www.facebook.com\/techmaster.electronics.jsc","https:\/\/x.com\/techmastervn","https:\/\/www.instagram.com\/techmastervietnam","https:\/\/myspace.com\/techmastervietnam","https:\/\/www.youtube.com\/c\/TechmasterElectronicsJSC","https:\/\/www.pinterest.com\/techmasterelectronicsjsc\/","https:\/\/vi.wikipedia.org\/wiki\/Th\u00e0nh_vi\u00ean:Techmastervietnam","https:\/\/twitter.com\/techmastervn","https:\/\/www.linkedin.com\/company\/techmaster-vietnam\/"],"telephone":[],"contactPoint":{"@type":"ContactPoint","email":"marketing@techmaster.com.vn"},"openingHoursSpecification":[{"@type":"OpeningHoursSpecification","dayOfWeek":["Monday","Tuesday","Wednesday","Thursday","Friday","Saturday","Sunday"],"opens":"09:00","closes":"17:00"}],"email":"marketing@techmaster.com.vn","areaServed":"Vietnam"},{"@type":"ImageObject","inLanguage":"es","@id":"https:\/\/techmaster.com.vn\/es\/milwaukee\/#local-main-organization-logo","url":"https:\/\/techmaster.com.vn\/wp-content\/uploads\/2021\/04\/techmaster-logo-homepage.png","contentUrl":"https:\/\/techmaster.com.vn\/wp-content\/uploads\/2021\/04\/techmaster-logo-homepage.png","width":335,"height":62,"caption":"Techmaster Electronics JSC"}]}},"_links":{"self":[{"href":"https:\/\/techmaster.com.vn\/es\/wp-json\/wp\/v2\/pages\/96374","targetHints":{"allow":["GET"]}}],"collection":[{"href":"https:\/\/techmaster.com.vn\/es\/wp-json\/wp\/v2\/pages"}],"about":[{"href":"https:\/\/techmaster.com.vn\/es\/wp-json\/wp\/v2\/types\/page"}],"author":[{"embeddable":true,"href":"https:\/\/techmaster.com.vn\/es\/wp-json\/wp\/v2\/users\/4"}],"replies":[{"embeddable":true,"href":"https:\/\/techmaster.com.vn\/es\/wp-json\/wp\/v2\/comments?post=96374"}],"version-history":[{"count":0,"href":"https:\/\/techmaster.com.vn\/es\/wp-json\/wp\/v2\/pages\/96374\/revisions"}],"wp:featuredmedia":[{"embeddable":true,"href":"https:\/\/techmaster.com.vn\/es\/wp-json\/wp\/v2\/media\/96376"}],"wp:attachment":[{"href":"https:\/\/techmaster.com.vn\/es\/wp-json\/wp\/v2\/media?parent=96374"}],"curies":[{"name":"wp","href":"https:\/\/api.w.org\/{rel}","templated":true}]}}