{"id":49431,"date":"2023-02-06T14:25:43","date_gmt":"2023-02-06T07:25:43","guid":{"rendered":"https:\/\/techmaster.com.vn\/?post_type=product&#038;p=49431"},"modified":"2025-11-13T14:34:31","modified_gmt":"2025-11-13T07:34:31","slug":"milwaukee-m12-fdga-0-fuel-angled-die-grinder-bare","status":"publish","type":"product","link":"https:\/\/techmaster.com.vn\/en\/milwaukee-m12-fdga-0-fuel-angled-die-grinder-bare\/","title":{"rendered":"MILWAUKEE M12 FDGA-0 FUEL\u2122 ANGLED DIE GRINDER (BARE)"},"content":{"rendered":"<p><strong>SPECIFICATIONS MILWAUKEE M12 FDGA-0 FUEL\u2122 ANGLED DIE GRINDER<\/strong><\/p>\n<p><strong>Battery platform:<\/strong> M12 REDLITHIUM-ION<\/p>\n<p><strong>Voltage (V):<\/strong> 12<\/p>\n<p><strong>FUEL Gauge:<\/strong> Yes<\/p>\n<p><strong>LED Light:<\/strong> Yes<\/p>\n<p><strong>No load speed (RPM):<\/strong> 0 &#8211; 10,000 \/ 15,000 \/ 20,000 \/ 24,500<\/p>\n<p><strong>Switch type:<\/strong> Paddle<\/p>\n<p><strong>Weight with battery pack if applicable (kg):<\/strong> 0.8 (w\/ M12B3)<\/p>\n<p><strong>Length (mm):<\/strong> 119<\/p>\n<p><strong>Height (mm):<\/strong> 221<\/p>\n<p><strong>Collet Size (s):<\/strong> 6.0 \/ 8.0<\/p>\n<h2><strong>Introduction Milwaukee M12 FDGA-0 Fuel\u2122 Angled Die Grinder<\/strong><\/h2>\n<p style=\"text-align: justify;\">Milwaukee M12 FDGA-0 FUEL\u2122 Angle Die Grinder is the first cordless angle die grinder that delivers the performance and size professional service mechanics demand. The die grinder delivers 20% more power than pneumatic competition and features our POWERSTATE\u2122 Brushless Motor Technology. The cordless die grinder provides you with up to .3 HP performance, best-in-class size to help fit in tight places, and offers you greater mobility and access. The M12\u2122 die grinder features a 4-Mode speed control and responsive variable-speed trigger giving you unmatched control.<\/p>\n<p style=\"text-align: center;\"><a href=\"https:\/\/techmaster.com.vn\/wp-content\/uploads\/2023\/02\/may-mai-khuon-goc-milwaukee-m12-fdga-0.jpg\"><img loading=\"lazy\" decoding=\"async\" class=\"alignnone size-full wp-image-49444\" src=\"https:\/\/techmaster.com.vn\/wp-content\/uploads\/2023\/02\/may-mai-khuon-goc-milwaukee-m12-fdga-0.jpg\" alt=\"M\u00e1y m\u00e0i khu\u00f4n g\u00f3c Milwaukee M12 FDGA-0 (9)\" width=\"772\" height=\"346\" \/><\/a><\/p>\n<h2><strong>Features<\/strong><\/h2>\n<ul class=\"mta-features\">\n<li>20% More Power Than Pneumatic<\/li>\n<li>0.3 HP Motor Output<\/li>\n<li>4-MODE SPEED CONTROL<\/li>\n<li>Greater Mobility and Access<\/li>\n<li>Optimum performance with 2&#8243; Accessories<\/li>\n<li>POWERSTATE Brushless Motor Technology<\/li>\n<li>M12 REDLITHIUM-ION Battery Technology<\/li>\n<li>Part of the M12 System<\/li>\n<\/ul>\n<p style=\"text-align: justify;\"><strong style=\"font-size: 23.04px; color: #333333;\">Milwaukee Brand<\/strong><br \/>\nSince the company began in 1924, Milwaukee Tool has led the industry in developing innovative solutions that deliver increased productivity and unmatched durability for professional construction users. Whether it is through our world-leading M12\u2122 and M18\u2122 cordless systems, the ground-breaking performance of our M12 and M18 FUEL\u2122 products, jobsite lighting, time-saving accessories, or innovative hand tool and storage products, Milwaukee are dedicated to delivering a continuous flow of advanced, trade-specific solutions. Milwaukee Tool is not simply a manufacturer \u2013 Milwaukee are progressive problem solvers.<\/p>\n","protected":false},"excerpt":{"rendered":"<h2><strong>Features<\/strong><\/h2>\n<ul class=\"ProductFeaturesTextstyles__FeatureList-fxqvf2-1 dUrrwH\">\n<li>20% More Power Than Pneumatic<\/li>\n<li>0.3 HP Motor Output<\/li>\n<li>4-MODE SPEED CONTROL<\/li>\n<li>Greater Mobility and Access<\/li>\n<li>Optimum performance with 2&#8243; Accessories<\/li>\n<li>View in AR \u2013 3D Product<\/li>\n<\/ul>\n","protected":false},"featured_media":49448,"comment_status":"open","ping_status":"closed","template":"","meta":[],"product_brand":[],"product_cat":[161,372,268],"product_tag":[],"class_list":{"0":"post-49431","1":"product","2":"type-product","3":"status-publish","4":"has-post-thumbnail","6":"product_cat-hand-tools","7":"product_cat-m12-en","8":"product_cat-grinders","9":"pa_brand-milwaukee-en","11":"first","12":"instock","13":"shipping-taxable","14":"product-type-simple"},"yoast_head":"<!-- This site is optimized with the Yoast SEO Premium plugin v26.8 (Yoast SEO v26.8) - https:\/\/yoast.com\/product\/yoast-seo-premium-wordpress\/ -->\n<title>MILWAUKEE M12 FDGA-0 FUEL\u2122 ANGLED DIE GRINDER (BARE) - Techmaster Electronics JSC<\/title>\n<meta name=\"description\" content=\"Milwaukee M12 FDGA-0 is the first cordless angle die grinder that delivers the performance and size professional service mechanics demand.\" \/>\n<meta name=\"robots\" content=\"index, follow, max-snippet:-1, max-image-preview:large, max-video-preview:-1\" \/>\n<link rel=\"canonical\" href=\"https:\/\/techmaster.com.vn\/en\/milwaukee-m12-fdga-0-fuel-angled-die-grinder-bare\/\" \/>\n<meta property=\"og:locale\" content=\"en_US\" \/>\n<meta property=\"og:type\" content=\"article\" \/>\n<meta property=\"og:title\" content=\"MILWAUKEE M12 FDGA-0 FUEL\u2122 ANGLED DIE GRINDER (BARE)\" \/>\n<meta property=\"og:description\" content=\"Milwaukee M12 FDGA-0 is the first cordless angle die grinder that delivers the performance and size professional service mechanics demand.\" \/>\n<meta property=\"og:url\" content=\"https:\/\/techmaster.com.vn\/en\/milwaukee-m12-fdga-0-fuel-angled-die-grinder-bare\/\" \/>\n<meta property=\"og:site_name\" content=\"Techmaster Electronics JSC\" \/>\n<meta property=\"article:publisher\" content=\"https:\/\/www.facebook.com\/techmaster.electronics.jsc\" \/>\n<meta property=\"article:modified_time\" content=\"2025-11-13T07:34:31+00:00\" \/>\n<meta property=\"og:image\" content=\"https:\/\/techmaster.com.vn\/wp-content\/uploads\/2023\/02\/may-mai-khuon-goc-milwaukee-m12-fdga-0-1.jpg\" \/>\n\t<meta property=\"og:image:width\" content=\"500\" \/>\n\t<meta property=\"og:image:height\" content=\"500\" \/>\n\t<meta property=\"og:image:type\" content=\"image\/jpeg\" \/>\n<meta name=\"twitter:card\" content=\"summary_large_image\" \/>\n<meta name=\"twitter:site\" content=\"@techmastervn\" \/>\n<meta name=\"twitter:label1\" content=\"Price\" \/>\n\t<meta name=\"twitter:data1\" content=\"Call for Price\" \/>\n\t<meta name=\"twitter:label2\" content=\"Availability\" \/>\n\t<meta name=\"twitter:data2\" content=\"In stock\" \/>\n<script type=\"application\/ld+json\" class=\"yoast-schema-graph\">{\"@context\":\"https:\/\/schema.org\",\"@graph\":[{\"@type\":\"WebPage\",\"@id\":\"https:\/\/techmaster.com.vn\/en\/milwaukee-m12-fdga-0-fuel-angled-die-grinder-bare\/\",\"url\":\"https:\/\/techmaster.com.vn\/en\/milwaukee-m12-fdga-0-fuel-angled-die-grinder-bare\/\",\"name\":\"MILWAUKEE M12 FDGA-0 FUEL\u2122 ANGLED DIE GRINDER (BARE) - Techmaster Electronics JSC\",\"isPartOf\":{\"@id\":\"https:\/\/techmaster.com.vn\/en\/#website\"},\"primaryImageOfPage\":{\"@id\":\"https:\/\/techmaster.com.vn\/en\/milwaukee-m12-fdga-0-fuel-angled-die-grinder-bare\/#primaryimage\"},\"image\":{\"@id\":\"https:\/\/techmaster.com.vn\/en\/milwaukee-m12-fdga-0-fuel-angled-die-grinder-bare\/#primaryimage\"},\"thumbnailUrl\":\"https:\/\/techmaster.com.vn\/wp-content\/uploads\/2023\/02\/may-mai-khuon-goc-milwaukee-m12-fdga-0-1.jpg\",\"datePublished\":\"2023-02-06T07:25:43+00:00\",\"dateModified\":\"2025-11-13T07:34:31+00:00\",\"description\":\"Milwaukee M12 FDGA-0 is the first cordless angle die grinder that delivers the performance and size professional service mechanics demand.\",\"breadcrumb\":{\"@id\":\"https:\/\/techmaster.com.vn\/en\/milwaukee-m12-fdga-0-fuel-angled-die-grinder-bare\/#breadcrumb\"},\"inLanguage\":\"en-US\",\"potentialAction\":[{\"@type\":\"ReadAction\",\"target\":[\"https:\/\/techmaster.com.vn\/en\/milwaukee-m12-fdga-0-fuel-angled-die-grinder-bare\/\"]}]},{\"@type\":\"ImageObject\",\"inLanguage\":\"en-US\",\"@id\":\"https:\/\/techmaster.com.vn\/en\/milwaukee-m12-fdga-0-fuel-angled-die-grinder-bare\/#primaryimage\",\"url\":\"https:\/\/techmaster.com.vn\/wp-content\/uploads\/2023\/02\/may-mai-khuon-goc-milwaukee-m12-fdga-0-1.jpg\",\"contentUrl\":\"https:\/\/techmaster.com.vn\/wp-content\/uploads\/2023\/02\/may-mai-khuon-goc-milwaukee-m12-fdga-0-1.jpg\",\"width\":500,\"height\":500,\"caption\":\"M\u00e1y m\u00e0i khu\u00f4n g\u00f3c Milwaukee M12 FDGA-0\"},{\"@type\":\"BreadcrumbList\",\"@id\":\"https:\/\/techmaster.com.vn\/en\/milwaukee-m12-fdga-0-fuel-angled-die-grinder-bare\/#breadcrumb\",\"itemListElement\":[{\"@type\":\"ListItem\",\"position\":1,\"name\":\"Trang ch\u1ee7\",\"item\":\"https:\/\/techmaster.com.vn\/en\/\"},{\"@type\":\"ListItem\",\"position\":2,\"name\":\"Shop\",\"item\":\"https:\/\/techmaster.com.vn\/san-pham\/\"},{\"@type\":\"ListItem\",\"position\":3,\"name\":\"MILWAUKEE M12 FDGA-0 FUEL\u2122 ANGLED DIE GRINDER (BARE)\"}]},{\"@type\":\"WebSite\",\"@id\":\"https:\/\/techmaster.com.vn\/en\/#website\",\"url\":\"https:\/\/techmaster.com.vn\/en\/\",\"name\":\"Techmaster Electronics JSC\",\"description\":\"\",\"publisher\":{\"@id\":\"https:\/\/techmaster.com.vn\/en\/#organization\"},\"potentialAction\":[{\"@type\":\"SearchAction\",\"target\":{\"@type\":\"EntryPoint\",\"urlTemplate\":\"https:\/\/techmaster.com.vn\/en\/?s={search_term_string}\"},\"query-input\":{\"@type\":\"PropertyValueSpecification\",\"valueRequired\":true,\"valueName\":\"search_term_string\"}}],\"inLanguage\":\"en-US\"},{\"@type\":[\"Organization\",\"Place\"],\"@id\":\"https:\/\/techmaster.com.vn\/en\/#organization\",\"name\":\"Techmaster Electronics JSC\",\"url\":\"https:\/\/techmaster.com.vn\/en\/\",\"logo\":{\"@id\":\"https:\/\/techmaster.com.vn\/en\/milwaukee-m12-fdga-0-fuel-angled-die-grinder-bare\/#local-main-organization-logo\"},\"image\":{\"@id\":\"https:\/\/techmaster.com.vn\/en\/milwaukee-m12-fdga-0-fuel-angled-die-grinder-bare\/#local-main-organization-logo\"},\"sameAs\":[\"https:\/\/www.facebook.com\/techmaster.electronics.jsc\",\"https:\/\/x.com\/techmastervn\",\"https:\/\/www.instagram.com\/techmastervietnam\",\"https:\/\/myspace.com\/techmastervietnam\",\"https:\/\/www.youtube.com\/c\/TechmasterElectronicsJSC\",\"https:\/\/www.pinterest.com\/techmasterelectronicsjsc\/\",\"https:\/\/vi.wikipedia.org\/wiki\/Th\u00e0nh_vi\u00ean:Techmastervietnam\",\"https:\/\/twitter.com\/techmastervn\",\"https:\/\/www.linkedin.com\/company\/techmaster-vietnam\/\"],\"telephone\":[],\"contactPoint\":{\"@type\":\"ContactPoint\",\"email\":\"marketing@techmaster.com.vn\"},\"openingHoursSpecification\":[{\"@type\":\"OpeningHoursSpecification\",\"dayOfWeek\":[\"Monday\",\"Tuesday\",\"Wednesday\",\"Thursday\",\"Friday\",\"Saturday\",\"Sunday\"],\"opens\":\"09:00\",\"closes\":\"17:00\"}],\"email\":\"marketing@techmaster.com.vn\",\"areaServed\":\"Vietnam\"},{\"@type\":\"ImageObject\",\"inLanguage\":\"en-US\",\"@id\":\"https:\/\/techmaster.com.vn\/en\/milwaukee-m12-fdga-0-fuel-angled-die-grinder-bare\/#local-main-organization-logo\",\"url\":\"https:\/\/techmaster.com.vn\/wp-content\/uploads\/2021\/04\/techmaster-logo-homepage.png\",\"contentUrl\":\"https:\/\/techmaster.com.vn\/wp-content\/uploads\/2021\/04\/techmaster-logo-homepage.png\",\"width\":335,\"height\":62,\"caption\":\"Techmaster Electronics JSC\"}]}<\/script>\n<meta property=\"product:price:amount\" content=\"0\" \/>\n<meta property=\"product:price:currency\" content=\"VND\" \/>\n<meta property=\"og:availability\" content=\"instock\" \/>\n<meta property=\"product:availability\" content=\"instock\" \/>\n<meta property=\"product:condition\" content=\"new\" \/>\n<!-- \/ Yoast SEO Premium plugin. -->","yoast_head_json":{"title":"MILWAUKEE M12 FDGA-0 FUEL\u2122 ANGLED DIE GRINDER (BARE) - Techmaster Electronics JSC","description":"Milwaukee M12 FDGA-0 is the first cordless angle die grinder that delivers the performance and size professional service mechanics demand.","robots":{"index":"index","follow":"follow","max-snippet":"max-snippet:-1","max-image-preview":"max-image-preview:large","max-video-preview":"max-video-preview:-1"},"canonical":"https:\/\/techmaster.com.vn\/en\/milwaukee-m12-fdga-0-fuel-angled-die-grinder-bare\/","og_locale":"en_US","og_type":"article","og_title":"MILWAUKEE M12 FDGA-0 FUEL\u2122 ANGLED DIE GRINDER (BARE)","og_description":"Milwaukee M12 FDGA-0 is the first cordless angle die grinder that delivers the performance and size professional service mechanics demand.","og_url":"https:\/\/techmaster.com.vn\/en\/milwaukee-m12-fdga-0-fuel-angled-die-grinder-bare\/","og_site_name":"Techmaster Electronics JSC","article_publisher":"https:\/\/www.facebook.com\/techmaster.electronics.jsc","article_modified_time":"2025-11-13T07:34:31+00:00","og_image":[{"width":500,"height":500,"url":"https:\/\/techmaster.com.vn\/wp-content\/uploads\/2023\/02\/may-mai-khuon-goc-milwaukee-m12-fdga-0-1.jpg","type":"image\/jpeg"}],"twitter_card":"summary_large_image","twitter_site":"@techmastervn","twitter_misc":{"Price":"Call for Price","Availability":"In stock"},"schema":{"@context":"https:\/\/schema.org","@graph":[{"@type":"WebPage","@id":"https:\/\/techmaster.com.vn\/en\/milwaukee-m12-fdga-0-fuel-angled-die-grinder-bare\/","url":"https:\/\/techmaster.com.vn\/en\/milwaukee-m12-fdga-0-fuel-angled-die-grinder-bare\/","name":"MILWAUKEE M12 FDGA-0 FUEL\u2122 ANGLED DIE GRINDER (BARE) - Techmaster Electronics JSC","isPartOf":{"@id":"https:\/\/techmaster.com.vn\/en\/#website"},"primaryImageOfPage":{"@id":"https:\/\/techmaster.com.vn\/en\/milwaukee-m12-fdga-0-fuel-angled-die-grinder-bare\/#primaryimage"},"image":{"@id":"https:\/\/techmaster.com.vn\/en\/milwaukee-m12-fdga-0-fuel-angled-die-grinder-bare\/#primaryimage"},"thumbnailUrl":"https:\/\/techmaster.com.vn\/wp-content\/uploads\/2023\/02\/may-mai-khuon-goc-milwaukee-m12-fdga-0-1.jpg","datePublished":"2023-02-06T07:25:43+00:00","dateModified":"2025-11-13T07:34:31+00:00","description":"Milwaukee M12 FDGA-0 is the first cordless angle die grinder that delivers the performance and size professional service mechanics demand.","breadcrumb":{"@id":"https:\/\/techmaster.com.vn\/en\/milwaukee-m12-fdga-0-fuel-angled-die-grinder-bare\/#breadcrumb"},"inLanguage":"en-US","potentialAction":[{"@type":"ReadAction","target":["https:\/\/techmaster.com.vn\/en\/milwaukee-m12-fdga-0-fuel-angled-die-grinder-bare\/"]}]},{"@type":"ImageObject","inLanguage":"en-US","@id":"https:\/\/techmaster.com.vn\/en\/milwaukee-m12-fdga-0-fuel-angled-die-grinder-bare\/#primaryimage","url":"https:\/\/techmaster.com.vn\/wp-content\/uploads\/2023\/02\/may-mai-khuon-goc-milwaukee-m12-fdga-0-1.jpg","contentUrl":"https:\/\/techmaster.com.vn\/wp-content\/uploads\/2023\/02\/may-mai-khuon-goc-milwaukee-m12-fdga-0-1.jpg","width":500,"height":500,"caption":"M\u00e1y m\u00e0i khu\u00f4n g\u00f3c Milwaukee M12 FDGA-0"},{"@type":"BreadcrumbList","@id":"https:\/\/techmaster.com.vn\/en\/milwaukee-m12-fdga-0-fuel-angled-die-grinder-bare\/#breadcrumb","itemListElement":[{"@type":"ListItem","position":1,"name":"Trang ch\u1ee7","item":"https:\/\/techmaster.com.vn\/en\/"},{"@type":"ListItem","position":2,"name":"Shop","item":"https:\/\/techmaster.com.vn\/san-pham\/"},{"@type":"ListItem","position":3,"name":"MILWAUKEE M12 FDGA-0 FUEL\u2122 ANGLED DIE GRINDER (BARE)"}]},{"@type":"WebSite","@id":"https:\/\/techmaster.com.vn\/en\/#website","url":"https:\/\/techmaster.com.vn\/en\/","name":"Techmaster Electronics JSC","description":"","publisher":{"@id":"https:\/\/techmaster.com.vn\/en\/#organization"},"potentialAction":[{"@type":"SearchAction","target":{"@type":"EntryPoint","urlTemplate":"https:\/\/techmaster.com.vn\/en\/?s={search_term_string}"},"query-input":{"@type":"PropertyValueSpecification","valueRequired":true,"valueName":"search_term_string"}}],"inLanguage":"en-US"},{"@type":["Organization","Place"],"@id":"https:\/\/techmaster.com.vn\/en\/#organization","name":"Techmaster Electronics JSC","url":"https:\/\/techmaster.com.vn\/en\/","logo":{"@id":"https:\/\/techmaster.com.vn\/en\/milwaukee-m12-fdga-0-fuel-angled-die-grinder-bare\/#local-main-organization-logo"},"image":{"@id":"https:\/\/techmaster.com.vn\/en\/milwaukee-m12-fdga-0-fuel-angled-die-grinder-bare\/#local-main-organization-logo"},"sameAs":["https:\/\/www.facebook.com\/techmaster.electronics.jsc","https:\/\/x.com\/techmastervn","https:\/\/www.instagram.com\/techmastervietnam","https:\/\/myspace.com\/techmastervietnam","https:\/\/www.youtube.com\/c\/TechmasterElectronicsJSC","https:\/\/www.pinterest.com\/techmasterelectronicsjsc\/","https:\/\/vi.wikipedia.org\/wiki\/Th\u00e0nh_vi\u00ean:Techmastervietnam","https:\/\/twitter.com\/techmastervn","https:\/\/www.linkedin.com\/company\/techmaster-vietnam\/"],"telephone":[],"contactPoint":{"@type":"ContactPoint","email":"marketing@techmaster.com.vn"},"openingHoursSpecification":[{"@type":"OpeningHoursSpecification","dayOfWeek":["Monday","Tuesday","Wednesday","Thursday","Friday","Saturday","Sunday"],"opens":"09:00","closes":"17:00"}],"email":"marketing@techmaster.com.vn","areaServed":"Vietnam"},{"@type":"ImageObject","inLanguage":"en-US","@id":"https:\/\/techmaster.com.vn\/en\/milwaukee-m12-fdga-0-fuel-angled-die-grinder-bare\/#local-main-organization-logo","url":"https:\/\/techmaster.com.vn\/wp-content\/uploads\/2021\/04\/techmaster-logo-homepage.png","contentUrl":"https:\/\/techmaster.com.vn\/wp-content\/uploads\/2021\/04\/techmaster-logo-homepage.png","width":335,"height":62,"caption":"Techmaster Electronics JSC"}]},"product_price_currency":"VND","og_availability":"instock","product_availability":"instock","product_condition":"new"},"_links":{"self":[{"href":"https:\/\/techmaster.com.vn\/en\/wp-json\/wp\/v2\/product\/49431","targetHints":{"allow":["GET"]}}],"collection":[{"href":"https:\/\/techmaster.com.vn\/en\/wp-json\/wp\/v2\/product"}],"about":[{"href":"https:\/\/techmaster.com.vn\/en\/wp-json\/wp\/v2\/types\/product"}],"replies":[{"embeddable":true,"href":"https:\/\/techmaster.com.vn\/en\/wp-json\/wp\/v2\/comments?post=49431"}],"wp:featuredmedia":[{"embeddable":true,"href":"https:\/\/techmaster.com.vn\/en\/wp-json\/wp\/v2\/media\/49448"}],"wp:attachment":[{"href":"https:\/\/techmaster.com.vn\/en\/wp-json\/wp\/v2\/media?parent=49431"}],"wp:term":[{"taxonomy":"product_brand","embeddable":true,"href":"https:\/\/techmaster.com.vn\/en\/wp-json\/wp\/v2\/product_brand?post=49431"},{"taxonomy":"product_cat","embeddable":true,"href":"https:\/\/techmaster.com.vn\/en\/wp-json\/wp\/v2\/product_cat?post=49431"},{"taxonomy":"product_tag","embeddable":true,"href":"https:\/\/techmaster.com.vn\/en\/wp-json\/wp\/v2\/product_tag?post=49431"}],"curies":[{"name":"wp","href":"https:\/\/api.w.org\/{rel}","templated":true}]}}