{"id":49331,"date":"2023-02-06T13:12:45","date_gmt":"2023-02-06T06:12:45","guid":{"rendered":"https:\/\/techmaster.com.vn\/?post_type=product&#038;p=49331"},"modified":"2025-11-13T14:40:37","modified_gmt":"2025-11-13T07:40:37","slug":"milwaukee-m12-fdgs-0-fuel-straight-die-grinder-bare","status":"publish","type":"product","link":"https:\/\/techmaster.com.vn\/en\/milwaukee-m12-fdgs-0-fuel-straight-die-grinder-bare\/","title":{"rendered":"MILWAUKEE M12 FDGS-0 FUEL\u2122 STRAIGHT DIE GRINDER (BARE)"},"content":{"rendered":"<p><strong>SPECIFICATIONS MILWAUKEE M12 FDGS-0 FUEL\u2122 STRAIGHT DIE GRINDER<\/strong><\/p>\n<p><strong><span class=\"ProductSpecificationsstyles__RowTitle-sc-1lyanq9-10 cRNhzO\">COLLET CAPACITY (MM): <\/span><\/strong><span class=\"ProductSpecificationsstyles__RowValue-sc-1lyanq9-11 iSSznz\">6\/ 8<\/span><\/p>\n<p><strong><span class=\"ProductSpecificationsstyles__RowTitle-sc-1lyanq9-10 cRNhzO\">MODES: <\/span><\/strong><span class=\"ProductSpecificationsstyles__RowValue-sc-1lyanq9-11 iSSznz\">3<\/span><\/p>\n<p><strong><span class=\"ProductSpecificationsstyles__RowTitle-sc-1lyanq9-10 cRNhzO\">NO LOAD SPEED (RPM): <\/span><\/strong><span class=\"ProductSpecificationsstyles__RowValue-sc-1lyanq9-11 iSSznz\">0 &#8211; 10,000\/ 0 &#8211; 15,000\/ 0 &#8211; 21,000<\/span><\/p>\n<p><span class=\"ProductSpecificationsstyles__RowTitle-sc-1lyanq9-10 cRNhzO\"><strong>STANDARD EQUIPMENT:<\/strong> <\/span><span class=\"ProductSpecificationsstyles__RowValue-sc-1lyanq9-11 iSSznz\">6, 8 mm collet<\/span><\/p>\n<p><strong><span class=\"ProductSpecificationsstyles__RowTitle-sc-1lyanq9-10 cRNhzO\">BATTERY TYPE: <\/span><\/strong><span class=\"ProductSpecificationsstyles__RowValue-sc-1lyanq9-11 iSSznz\">Li-ion<\/span><\/p>\n<p><strong>VOLTAGE (V):<\/strong> 12<\/p>\n<p><strong><span class=\"ProductSpecificationsstyles__RowTitle-sc-1lyanq9-10 cRNhzO\">WEIGHT WITH BATTERY PACK (EPTA) (KG): <\/span><\/strong><span class=\"ProductSpecificationsstyles__RowValue-sc-1lyanq9-11 iSSznz\">0.94 (M12 B4)<\/span><\/p>\n<p><strong><span class=\"ProductSpecificationsstyles__RowTitle-sc-1lyanq9-10 cRNhzO\">SOUND POWER LEVEL (LWA)(DB(A)): <\/span><\/strong><span class=\"ProductSpecificationsstyles__RowValue-sc-1lyanq9-11 iSSznz\">79.1<\/span><\/p>\n<p><strong><span class=\"ProductSpecificationsstyles__RowTitle-sc-1lyanq9-10 cRNhzO\">SOUND POWER LEVEL UNCERTAINTY (DB(A)): <\/span><\/strong><span class=\"ProductSpecificationsstyles__RowValue-sc-1lyanq9-11 iSSznz\">3<\/span><\/p>\n<p><span class=\"ProductSpecificationsstyles__RowTitle-sc-1lyanq9-10 cRNhzO\"><strong>SOUND PRESSURE LEVEL (LPA)(DB(A)):<\/strong> <span class=\"ProductSpecificationsstyles__RowValue-sc-1lyanq9-11 iSSznz\">68.1<\/span><\/span><\/p>\n<p><strong><span class=\"ProductSpecificationsstyles__RowTitle-sc-1lyanq9-10 cRNhzO\">SOUND PRESSURE LEVEL UNCERTAINTY (DB(A)): <\/span><\/strong><span class=\"ProductSpecificationsstyles__RowValue-sc-1lyanq9-11 iSSznz\">3<\/span><\/p>\n<p><span class=\"ProductSpecificationsstyles__RowTitle-sc-1lyanq9-10 cRNhzO\"><strong>VIBRATION LEVEL (M\/S\u00b2):<\/strong> <\/span><span class=\"ProductSpecificationsstyles__RowValue-sc-1lyanq9-11 iSSznz\">17.15<\/span><\/p>\n<p><strong><span class=\"ProductSpecificationsstyles__RowTitle-sc-1lyanq9-10 cRNhzO\">VIBRATION UNCERTAINTY (M\/S\u00b2): <\/span><\/strong><span class=\"ProductSpecificationsstyles__RowValue-sc-1lyanq9-11 iSSznz\">1.5<\/span><\/p>\n<h2><strong>Introduction Milwaukee M12 FDGS-0 Fuel\u2122 Straight Die Grinder<\/strong><\/h2>\n<p style=\"text-align: justify;\">Milwaukee M12 FDGS-0 FUEL\u2122 Straight Die Grinder is designed to replace pneumatic die grinders. The die grinder provides you with up to .3 HP performance to outperform pneumatic die grinders by 20%. The M12\u2122 inline die grinder features 3-Mode speed control and a responsive variable-speed trigger giving you unmatched control with your most common accessories. The cordless die grinder provides you with greater access and mobility, eliminating the frustrations of hoses and compressors.<\/p>\n<p style=\"text-align: center;\"><a href=\"https:\/\/techmaster.com.vn\/wp-content\/uploads\/2023\/02\/may-mai-khuon-thang-milwaukee-m12-fdgs-0.jpg\"><img loading=\"lazy\" decoding=\"async\" class=\"alignnone size-full wp-image-49383\" src=\"https:\/\/techmaster.com.vn\/wp-content\/uploads\/2023\/02\/may-mai-khuon-thang-milwaukee-m12-fdgs-0.jpg\" alt=\"M\u00e1y m\u00e0i khu\u00f4n th\u1eb3ng Milwaukee M12 FDGS-0\" width=\"685\" height=\"346\" \/><\/a><\/p>\n<h2><strong>Features<\/strong><\/h2>\n<ul class=\"ProductFeaturesTextstyles__FeatureList-fxqvf2-1 dUrrwH\">\n<li class=\"ProductFeaturesTextstyles__Feature-fxqvf2-3 ggyeUS\">The first cordless in-line die grinder that delivers more power vs. pneumatic models<\/li>\n<li class=\"ProductFeaturesTextstyles__Feature-fxqvf2-3 ggyeUS\">Best-in-class size (262 mm long) to help reach in tight places, and offers great mobility and access<\/li>\n<li class=\"ProductFeaturesTextstyles__Feature-fxqvf2-3 ggyeUS\">Features a 3-mode speed control and responsive variable speed trigger enabling outstanding control<\/li>\n<li class=\"ProductFeaturesTextstyles__Feature-fxqvf2-3 ggyeUS\">To be used with discs up to \u230050 mm<\/li>\n<li class=\"ProductFeaturesTextstyles__Feature-fxqvf2-3 ggyeUS\">Supplied with 6 and 8 mm collets<\/li>\n<li class=\"ProductFeaturesTextstyles__Feature-fxqvf2-3 ggyeUS\">The DNA of our FUEL\u2122 platform redefines the balance of cordless technologies. MILWAUKEE\u00ae&#8217;s POWERSTATE\u2122 brushless motor, REDLITHIUM\u2122 battery pack and REDLINK PLUS\u2122\u00a0electronic intelligence delivering\u00a0 outstanding power, run time and durability<\/li>\n<li class=\"ProductFeaturesTextstyles__Feature-fxqvf2-3 ggyeUS\">Flexible battery system: works with all MILWAUKEE\u00ae\u00a0M12\u2122\u00a0batteries<\/li>\n<\/ul>\n<p style=\"text-align: justify;\"><strong style=\"font-size: 23.04px; color: #333333;\">Milwaukee Brand<\/strong><br \/>\nSince the company began in 1924, Milwaukee Tool has led the industry in developing innovative solutions that deliver increased productivity and unmatched durability for professional construction users. Whether it is through our world-leading M12\u2122 and M18\u2122 cordless systems, the ground-breaking performance of our M12 and M18 FUEL\u2122 products, jobsite lighting, time-saving accessories, or innovative hand tool and storage products, Milwaukee are dedicated to delivering a continuous flow of advanced, trade-specific solutions. Milwaukee Tool is not simply a manufacturer \u2013 Milwaukee are progressive problem solvers.<\/p>\n","protected":false},"excerpt":{"rendered":"<h2><strong>Features<\/strong><\/h2>\n<ul class=\"ProductFeaturesTextstyles__FeatureList-fxqvf2-1 dUrrwH\">\n<li class=\"ProductFeaturesTextstyles__Feature-fxqvf2-3 ggyeUS\">The first cordless in-line die grinder that delivers more power vs. pneumatic models<\/li>\n<li class=\"ProductFeaturesTextstyles__Feature-fxqvf2-3 ggyeUS\">Best-in-class size (262 mm long) to help reach in tight places, and offers great mobility and access<\/li>\n<li class=\"ProductFeaturesTextstyles__Feature-fxqvf2-3 ggyeUS\">Features a 3-mode speed control and responsive variable speed trigger enabling outstanding control<\/li>\n<li class=\"ProductFeaturesTextstyles__Feature-fxqvf2-3 ggyeUS\">To be used with discs up to \u230050 mm<\/li>\n<li class=\"ProductFeaturesTextstyles__Feature-fxqvf2-3 ggyeUS\">Supplied with 6 and 8 mm collets<\/li>\n<li>View in AR \u2013 3D Product<\/li>\n<\/ul>\n","protected":false},"featured_media":49404,"comment_status":"open","ping_status":"closed","template":"","meta":[],"product_brand":[],"product_cat":[161,372,268],"product_tag":[],"class_list":{"0":"post-49331","1":"product","2":"type-product","3":"status-publish","4":"has-post-thumbnail","6":"product_cat-hand-tools","7":"product_cat-m12-en","8":"product_cat-grinders","9":"pa_brand-milwaukee-en","11":"first","12":"instock","13":"shipping-taxable","14":"product-type-simple"},"yoast_head":"<!-- This site is optimized with the Yoast SEO Premium plugin v26.8 (Yoast SEO v26.8) - https:\/\/yoast.com\/product\/yoast-seo-premium-wordpress\/ -->\n<title>MILWAUKEE M12 FDGS-0 FUEL\u2122 STRAIGHT DIE GRINDER (BARE) - Techmaster Electronics JSC<\/title>\n<meta name=\"description\" content=\"Milwaukee M12 FDGS-0 FUEL\u2122 Straight Die Grinder is designed to replace pneumatic die grinders. To be used with discs up to \u230050 mm.\" \/>\n<meta name=\"robots\" content=\"index, follow, max-snippet:-1, max-image-preview:large, max-video-preview:-1\" \/>\n<link rel=\"canonical\" href=\"https:\/\/techmaster.com.vn\/en\/milwaukee-m12-fdgs-0-fuel-straight-die-grinder-bare\/\" \/>\n<meta property=\"og:locale\" content=\"en_US\" \/>\n<meta property=\"og:type\" content=\"article\" \/>\n<meta property=\"og:title\" content=\"MILWAUKEE M12 FDGS-0 FUEL\u2122 STRAIGHT DIE GRINDER (BARE)\" \/>\n<meta property=\"og:description\" content=\"Milwaukee M12 FDGS-0 FUEL\u2122 Straight Die Grinder is designed to replace pneumatic die grinders. To be used with discs up to \u230050 mm.\" \/>\n<meta property=\"og:url\" content=\"https:\/\/techmaster.com.vn\/en\/milwaukee-m12-fdgs-0-fuel-straight-die-grinder-bare\/\" \/>\n<meta property=\"og:site_name\" content=\"Techmaster Electronics JSC\" \/>\n<meta property=\"article:publisher\" content=\"https:\/\/www.facebook.com\/techmaster.electronics.jsc\" \/>\n<meta property=\"article:modified_time\" content=\"2025-11-13T07:40:37+00:00\" \/>\n<meta property=\"og:image\" content=\"https:\/\/techmaster.com.vn\/wp-content\/uploads\/2023\/02\/may-mai-khuon-thang-milwaukee-m12-fdgs-0-1.jpg\" \/>\n\t<meta property=\"og:image:width\" content=\"500\" \/>\n\t<meta property=\"og:image:height\" content=\"500\" \/>\n\t<meta property=\"og:image:type\" content=\"image\/jpeg\" \/>\n<meta name=\"twitter:card\" content=\"summary_large_image\" \/>\n<meta name=\"twitter:site\" content=\"@techmastervn\" \/>\n<meta name=\"twitter:label1\" content=\"Price\" \/>\n\t<meta name=\"twitter:data1\" content=\"Call for Price\" \/>\n\t<meta name=\"twitter:label2\" content=\"Availability\" \/>\n\t<meta name=\"twitter:data2\" content=\"In stock\" \/>\n<script type=\"application\/ld+json\" class=\"yoast-schema-graph\">{\"@context\":\"https:\/\/schema.org\",\"@graph\":[{\"@type\":\"WebPage\",\"@id\":\"https:\/\/techmaster.com.vn\/en\/milwaukee-m12-fdgs-0-fuel-straight-die-grinder-bare\/\",\"url\":\"https:\/\/techmaster.com.vn\/en\/milwaukee-m12-fdgs-0-fuel-straight-die-grinder-bare\/\",\"name\":\"MILWAUKEE M12 FDGS-0 FUEL\u2122 STRAIGHT DIE GRINDER (BARE) - Techmaster Electronics JSC\",\"isPartOf\":{\"@id\":\"https:\/\/techmaster.com.vn\/en\/#website\"},\"primaryImageOfPage\":{\"@id\":\"https:\/\/techmaster.com.vn\/en\/milwaukee-m12-fdgs-0-fuel-straight-die-grinder-bare\/#primaryimage\"},\"image\":{\"@id\":\"https:\/\/techmaster.com.vn\/en\/milwaukee-m12-fdgs-0-fuel-straight-die-grinder-bare\/#primaryimage\"},\"thumbnailUrl\":\"https:\/\/techmaster.com.vn\/wp-content\/uploads\/2023\/02\/may-mai-khuon-thang-milwaukee-m12-fdgs-0-1.jpg\",\"datePublished\":\"2023-02-06T06:12:45+00:00\",\"dateModified\":\"2025-11-13T07:40:37+00:00\",\"description\":\"Milwaukee M12 FDGS-0 FUEL\u2122 Straight Die Grinder is designed to replace pneumatic die grinders. To be used with discs up to \u230050 mm.\",\"breadcrumb\":{\"@id\":\"https:\/\/techmaster.com.vn\/en\/milwaukee-m12-fdgs-0-fuel-straight-die-grinder-bare\/#breadcrumb\"},\"inLanguage\":\"en-US\",\"potentialAction\":[{\"@type\":\"ReadAction\",\"target\":[\"https:\/\/techmaster.com.vn\/en\/milwaukee-m12-fdgs-0-fuel-straight-die-grinder-bare\/\"]}]},{\"@type\":\"ImageObject\",\"inLanguage\":\"en-US\",\"@id\":\"https:\/\/techmaster.com.vn\/en\/milwaukee-m12-fdgs-0-fuel-straight-die-grinder-bare\/#primaryimage\",\"url\":\"https:\/\/techmaster.com.vn\/wp-content\/uploads\/2023\/02\/may-mai-khuon-thang-milwaukee-m12-fdgs-0-1.jpg\",\"contentUrl\":\"https:\/\/techmaster.com.vn\/wp-content\/uploads\/2023\/02\/may-mai-khuon-thang-milwaukee-m12-fdgs-0-1.jpg\",\"width\":500,\"height\":500,\"caption\":\"M\u00e1y m\u00e0i khu\u00f4n th\u1eb3ng Milwaukee M12 FDGS-0 (1)\"},{\"@type\":\"BreadcrumbList\",\"@id\":\"https:\/\/techmaster.com.vn\/en\/milwaukee-m12-fdgs-0-fuel-straight-die-grinder-bare\/#breadcrumb\",\"itemListElement\":[{\"@type\":\"ListItem\",\"position\":1,\"name\":\"Trang ch\u1ee7\",\"item\":\"https:\/\/techmaster.com.vn\/en\/\"},{\"@type\":\"ListItem\",\"position\":2,\"name\":\"Shop\",\"item\":\"https:\/\/techmaster.com.vn\/san-pham\/\"},{\"@type\":\"ListItem\",\"position\":3,\"name\":\"MILWAUKEE M12 FDGS-0 FUEL\u2122 STRAIGHT DIE GRINDER (BARE)\"}]},{\"@type\":\"WebSite\",\"@id\":\"https:\/\/techmaster.com.vn\/en\/#website\",\"url\":\"https:\/\/techmaster.com.vn\/en\/\",\"name\":\"Techmaster Electronics JSC\",\"description\":\"\",\"publisher\":{\"@id\":\"https:\/\/techmaster.com.vn\/en\/#organization\"},\"potentialAction\":[{\"@type\":\"SearchAction\",\"target\":{\"@type\":\"EntryPoint\",\"urlTemplate\":\"https:\/\/techmaster.com.vn\/en\/?s={search_term_string}\"},\"query-input\":{\"@type\":\"PropertyValueSpecification\",\"valueRequired\":true,\"valueName\":\"search_term_string\"}}],\"inLanguage\":\"en-US\"},{\"@type\":[\"Organization\",\"Place\"],\"@id\":\"https:\/\/techmaster.com.vn\/en\/#organization\",\"name\":\"Techmaster Electronics JSC\",\"url\":\"https:\/\/techmaster.com.vn\/en\/\",\"logo\":{\"@id\":\"https:\/\/techmaster.com.vn\/en\/milwaukee-m12-fdgs-0-fuel-straight-die-grinder-bare\/#local-main-organization-logo\"},\"image\":{\"@id\":\"https:\/\/techmaster.com.vn\/en\/milwaukee-m12-fdgs-0-fuel-straight-die-grinder-bare\/#local-main-organization-logo\"},\"sameAs\":[\"https:\/\/www.facebook.com\/techmaster.electronics.jsc\",\"https:\/\/x.com\/techmastervn\",\"https:\/\/www.instagram.com\/techmastervietnam\",\"https:\/\/myspace.com\/techmastervietnam\",\"https:\/\/www.youtube.com\/c\/TechmasterElectronicsJSC\",\"https:\/\/www.pinterest.com\/techmasterelectronicsjsc\/\",\"https:\/\/vi.wikipedia.org\/wiki\/Th\u00e0nh_vi\u00ean:Techmastervietnam\",\"https:\/\/twitter.com\/techmastervn\",\"https:\/\/www.linkedin.com\/company\/techmaster-vietnam\/\"],\"telephone\":[],\"contactPoint\":{\"@type\":\"ContactPoint\",\"email\":\"marketing@techmaster.com.vn\"},\"openingHoursSpecification\":[{\"@type\":\"OpeningHoursSpecification\",\"dayOfWeek\":[\"Monday\",\"Tuesday\",\"Wednesday\",\"Thursday\",\"Friday\",\"Saturday\",\"Sunday\"],\"opens\":\"09:00\",\"closes\":\"17:00\"}],\"email\":\"marketing@techmaster.com.vn\",\"areaServed\":\"Vietnam\"},{\"@type\":\"ImageObject\",\"inLanguage\":\"en-US\",\"@id\":\"https:\/\/techmaster.com.vn\/en\/milwaukee-m12-fdgs-0-fuel-straight-die-grinder-bare\/#local-main-organization-logo\",\"url\":\"https:\/\/techmaster.com.vn\/wp-content\/uploads\/2021\/04\/techmaster-logo-homepage.png\",\"contentUrl\":\"https:\/\/techmaster.com.vn\/wp-content\/uploads\/2021\/04\/techmaster-logo-homepage.png\",\"width\":335,\"height\":62,\"caption\":\"Techmaster Electronics JSC\"}]}<\/script>\n<meta property=\"product:price:amount\" content=\"0\" \/>\n<meta property=\"product:price:currency\" content=\"VND\" \/>\n<meta property=\"og:availability\" content=\"instock\" \/>\n<meta property=\"product:availability\" content=\"instock\" \/>\n<meta property=\"product:condition\" content=\"new\" \/>\n<!-- \/ Yoast SEO Premium plugin. -->","yoast_head_json":{"title":"MILWAUKEE M12 FDGS-0 FUEL\u2122 STRAIGHT DIE GRINDER (BARE) - Techmaster Electronics JSC","description":"Milwaukee M12 FDGS-0 FUEL\u2122 Straight Die Grinder is designed to replace pneumatic die grinders. To be used with discs up to \u230050 mm.","robots":{"index":"index","follow":"follow","max-snippet":"max-snippet:-1","max-image-preview":"max-image-preview:large","max-video-preview":"max-video-preview:-1"},"canonical":"https:\/\/techmaster.com.vn\/en\/milwaukee-m12-fdgs-0-fuel-straight-die-grinder-bare\/","og_locale":"en_US","og_type":"article","og_title":"MILWAUKEE M12 FDGS-0 FUEL\u2122 STRAIGHT DIE GRINDER (BARE)","og_description":"Milwaukee M12 FDGS-0 FUEL\u2122 Straight Die Grinder is designed to replace pneumatic die grinders. To be used with discs up to \u230050 mm.","og_url":"https:\/\/techmaster.com.vn\/en\/milwaukee-m12-fdgs-0-fuel-straight-die-grinder-bare\/","og_site_name":"Techmaster Electronics JSC","article_publisher":"https:\/\/www.facebook.com\/techmaster.electronics.jsc","article_modified_time":"2025-11-13T07:40:37+00:00","og_image":[{"width":500,"height":500,"url":"https:\/\/techmaster.com.vn\/wp-content\/uploads\/2023\/02\/may-mai-khuon-thang-milwaukee-m12-fdgs-0-1.jpg","type":"image\/jpeg"}],"twitter_card":"summary_large_image","twitter_site":"@techmastervn","twitter_misc":{"Price":"Call for Price","Availability":"In stock"},"schema":{"@context":"https:\/\/schema.org","@graph":[{"@type":"WebPage","@id":"https:\/\/techmaster.com.vn\/en\/milwaukee-m12-fdgs-0-fuel-straight-die-grinder-bare\/","url":"https:\/\/techmaster.com.vn\/en\/milwaukee-m12-fdgs-0-fuel-straight-die-grinder-bare\/","name":"MILWAUKEE M12 FDGS-0 FUEL\u2122 STRAIGHT DIE GRINDER (BARE) - Techmaster Electronics JSC","isPartOf":{"@id":"https:\/\/techmaster.com.vn\/en\/#website"},"primaryImageOfPage":{"@id":"https:\/\/techmaster.com.vn\/en\/milwaukee-m12-fdgs-0-fuel-straight-die-grinder-bare\/#primaryimage"},"image":{"@id":"https:\/\/techmaster.com.vn\/en\/milwaukee-m12-fdgs-0-fuel-straight-die-grinder-bare\/#primaryimage"},"thumbnailUrl":"https:\/\/techmaster.com.vn\/wp-content\/uploads\/2023\/02\/may-mai-khuon-thang-milwaukee-m12-fdgs-0-1.jpg","datePublished":"2023-02-06T06:12:45+00:00","dateModified":"2025-11-13T07:40:37+00:00","description":"Milwaukee M12 FDGS-0 FUEL\u2122 Straight Die Grinder is designed to replace pneumatic die grinders. To be used with discs up to \u230050 mm.","breadcrumb":{"@id":"https:\/\/techmaster.com.vn\/en\/milwaukee-m12-fdgs-0-fuel-straight-die-grinder-bare\/#breadcrumb"},"inLanguage":"en-US","potentialAction":[{"@type":"ReadAction","target":["https:\/\/techmaster.com.vn\/en\/milwaukee-m12-fdgs-0-fuel-straight-die-grinder-bare\/"]}]},{"@type":"ImageObject","inLanguage":"en-US","@id":"https:\/\/techmaster.com.vn\/en\/milwaukee-m12-fdgs-0-fuel-straight-die-grinder-bare\/#primaryimage","url":"https:\/\/techmaster.com.vn\/wp-content\/uploads\/2023\/02\/may-mai-khuon-thang-milwaukee-m12-fdgs-0-1.jpg","contentUrl":"https:\/\/techmaster.com.vn\/wp-content\/uploads\/2023\/02\/may-mai-khuon-thang-milwaukee-m12-fdgs-0-1.jpg","width":500,"height":500,"caption":"M\u00e1y m\u00e0i khu\u00f4n th\u1eb3ng Milwaukee M12 FDGS-0 (1)"},{"@type":"BreadcrumbList","@id":"https:\/\/techmaster.com.vn\/en\/milwaukee-m12-fdgs-0-fuel-straight-die-grinder-bare\/#breadcrumb","itemListElement":[{"@type":"ListItem","position":1,"name":"Trang ch\u1ee7","item":"https:\/\/techmaster.com.vn\/en\/"},{"@type":"ListItem","position":2,"name":"Shop","item":"https:\/\/techmaster.com.vn\/san-pham\/"},{"@type":"ListItem","position":3,"name":"MILWAUKEE M12 FDGS-0 FUEL\u2122 STRAIGHT DIE GRINDER (BARE)"}]},{"@type":"WebSite","@id":"https:\/\/techmaster.com.vn\/en\/#website","url":"https:\/\/techmaster.com.vn\/en\/","name":"Techmaster Electronics JSC","description":"","publisher":{"@id":"https:\/\/techmaster.com.vn\/en\/#organization"},"potentialAction":[{"@type":"SearchAction","target":{"@type":"EntryPoint","urlTemplate":"https:\/\/techmaster.com.vn\/en\/?s={search_term_string}"},"query-input":{"@type":"PropertyValueSpecification","valueRequired":true,"valueName":"search_term_string"}}],"inLanguage":"en-US"},{"@type":["Organization","Place"],"@id":"https:\/\/techmaster.com.vn\/en\/#organization","name":"Techmaster Electronics JSC","url":"https:\/\/techmaster.com.vn\/en\/","logo":{"@id":"https:\/\/techmaster.com.vn\/en\/milwaukee-m12-fdgs-0-fuel-straight-die-grinder-bare\/#local-main-organization-logo"},"image":{"@id":"https:\/\/techmaster.com.vn\/en\/milwaukee-m12-fdgs-0-fuel-straight-die-grinder-bare\/#local-main-organization-logo"},"sameAs":["https:\/\/www.facebook.com\/techmaster.electronics.jsc","https:\/\/x.com\/techmastervn","https:\/\/www.instagram.com\/techmastervietnam","https:\/\/myspace.com\/techmastervietnam","https:\/\/www.youtube.com\/c\/TechmasterElectronicsJSC","https:\/\/www.pinterest.com\/techmasterelectronicsjsc\/","https:\/\/vi.wikipedia.org\/wiki\/Th\u00e0nh_vi\u00ean:Techmastervietnam","https:\/\/twitter.com\/techmastervn","https:\/\/www.linkedin.com\/company\/techmaster-vietnam\/"],"telephone":[],"contactPoint":{"@type":"ContactPoint","email":"marketing@techmaster.com.vn"},"openingHoursSpecification":[{"@type":"OpeningHoursSpecification","dayOfWeek":["Monday","Tuesday","Wednesday","Thursday","Friday","Saturday","Sunday"],"opens":"09:00","closes":"17:00"}],"email":"marketing@techmaster.com.vn","areaServed":"Vietnam"},{"@type":"ImageObject","inLanguage":"en-US","@id":"https:\/\/techmaster.com.vn\/en\/milwaukee-m12-fdgs-0-fuel-straight-die-grinder-bare\/#local-main-organization-logo","url":"https:\/\/techmaster.com.vn\/wp-content\/uploads\/2021\/04\/techmaster-logo-homepage.png","contentUrl":"https:\/\/techmaster.com.vn\/wp-content\/uploads\/2021\/04\/techmaster-logo-homepage.png","width":335,"height":62,"caption":"Techmaster Electronics JSC"}]},"product_price_currency":"VND","og_availability":"instock","product_availability":"instock","product_condition":"new"},"_links":{"self":[{"href":"https:\/\/techmaster.com.vn\/en\/wp-json\/wp\/v2\/product\/49331","targetHints":{"allow":["GET"]}}],"collection":[{"href":"https:\/\/techmaster.com.vn\/en\/wp-json\/wp\/v2\/product"}],"about":[{"href":"https:\/\/techmaster.com.vn\/en\/wp-json\/wp\/v2\/types\/product"}],"replies":[{"embeddable":true,"href":"https:\/\/techmaster.com.vn\/en\/wp-json\/wp\/v2\/comments?post=49331"}],"wp:featuredmedia":[{"embeddable":true,"href":"https:\/\/techmaster.com.vn\/en\/wp-json\/wp\/v2\/media\/49404"}],"wp:attachment":[{"href":"https:\/\/techmaster.com.vn\/en\/wp-json\/wp\/v2\/media?parent=49331"}],"wp:term":[{"taxonomy":"product_brand","embeddable":true,"href":"https:\/\/techmaster.com.vn\/en\/wp-json\/wp\/v2\/product_brand?post=49331"},{"taxonomy":"product_cat","embeddable":true,"href":"https:\/\/techmaster.com.vn\/en\/wp-json\/wp\/v2\/product_cat?post=49331"},{"taxonomy":"product_tag","embeddable":true,"href":"https:\/\/techmaster.com.vn\/en\/wp-json\/wp\/v2\/product_tag?post=49331"}],"curies":[{"name":"wp","href":"https:\/\/api.w.org\/{rel}","templated":true}]}}