{"id":48624,"date":"2023-02-02T09:22:46","date_gmt":"2023-02-02T02:22:46","guid":{"rendered":"https:\/\/techmaster.com.vn\/?post_type=product&#038;p=48624"},"modified":"2023-06-12T11:20:36","modified_gmt":"2023-06-12T04:20:36","slug":"milwaukee-m18-blhacd26-0x0-brushless-26mm-sds-plus-d-handle-rotary-hammer","status":"publish","type":"product","link":"https:\/\/techmaster.com.vn\/en\/milwaukee-m18-blhacd26-0x0-brushless-26mm-sds-plus-d-handle-rotary-hammer\/","title":{"rendered":"MILWAUKEE M18 BLHACD26-0X0 BRUSHLESS 26MM SDS-PLUS D-HANDLE ROTARY HAMMER"},"content":{"rendered":"<p><span style=\"color: #000000;\"><strong>SPECIFICATIONS MILWAUKEE M18 BLHACD26-0X0 BRUSHLESS 26MM SDS-PLUS D-HANDLE ROTARY HAMMER (Milwaukee 2613)<\/strong><\/span><\/p>\n<p><span style=\"color: #000000;\"><strong>Battery System: <\/strong>M18 REDLITHIUM<\/span><\/p>\n<p><span style=\"color: #000000;\"><strong>Tool Reception: <\/strong>SDS Plus<\/span><\/p>\n<p><span style=\"color: #000000;\"><strong>Impact Energy (J): <\/strong>2.6<\/span><\/p>\n<p><span style=\"color: #000000;\"><strong>No load speed (RPM): <\/strong>1,270<\/span><\/p>\n<p><span style=\"color: #000000;\"><strong>Max. percussion rate (BPM): <\/strong>4,600<\/span><\/p>\n<p><span style=\"color: #000000;\"><strong>Max. drilling concrete (mm): <\/strong>26<\/span><\/p>\n<p><span style=\"color: #000000;\"><strong>Max. drilling steel (mm): <\/strong>13<\/span><\/p>\n<p><span style=\"color: #000000;\"><strong>Max. drilling wood (mm): <\/strong>28<\/span><\/p>\n<p><span style=\"color: #000000;\"><strong>Bare Tool Weight (kg): <\/strong>2.4<\/span><\/p>\n<p><span style=\"color: #000000;\"><strong>Weight (w\/ M18B5) (kg): <\/strong>3.1<\/span><\/p>\n<div style=\"text-align: center;\">\n<h2 style=\"text-align: justify;\"><span style=\"color: #000000;\"><strong>Introduction Milwaukee M18 BLHACD26-0X0<\/strong><\/span><\/h2>\n<p style=\"text-align: justify;\"><span style=\"color: #000000;\">Powered by FUEL\u2122 technology, the Milwaukee M18 BLHACD26-0X0 (Milwaukee 2613)\u00a0 Brushless 26mm SDS-Plus D-Handle Rotary Hammer delivers faster than corded speed, corded durability and all day work on one charge. POWERSTATE\u2122 Brushless Motor Provides <\/span><span style=\"color: #000000; font-size: 14.4px;\">2.6 J of impact energy, 1,270 RPM, and 4,600 BPM. <span style=\"color: #000000;\">Milwaukee 2613 has <\/span><\/span><span style=\"color: #000000; font-size: 14.4px;\">3 modes of operation \u2013 rotary hammer, hammer only and rotary only. he Milwaukee REDLITHIUM\u2122 XC 5.0 Battery Packs (not included) provide all day work on one charge, 20% more power and 2X more recharges than standard Lithium-Ion batteries. <\/span><span style=\"color: #000000; font-size: 14.4px;\">AVS Anti-Vibration System: minimizes vibration for maximum comfort. <\/span><span style=\"color: #000000; font-size: 14.4px;\">Lightweight design reduces user fatigue: 2.4 kg bare tool, 3.1 kg with M18B5. <\/span><span style=\"color: #000000; font-size: 14.4px;\">Maximum drilling capacity: 26 mm. <\/span><span style=\"color: #000000; font-size: 14.4px;\">Ergonomic d-handle design: balanced and optimized downward drilling. REDLINK\u2122 PLUS Intelligence integrates full-circle communication between tool, battery and charger to protect from overloading, overheating and over-discharging.\u00a0<\/span><\/p>\n<h2><span style=\"color: #000000;\"><strong><a href=\"https:\/\/techmaster.com.vn\/wp-content\/uploads\/2023\/02\/may-khoan-milwaukee-m18-blhacd26-6.jpg\"><img loading=\"lazy\" decoding=\"async\" class=\"alignnone size-full wp-image-48630\" src=\"https:\/\/techmaster.com.vn\/wp-content\/uploads\/2023\/02\/may-khoan-milwaukee-m18-blhacd26-6.jpg\" alt=\"Milwaukee M18 BLHACD26\" width=\"772\" height=\"346\" \/><\/a><\/strong><\/span><\/h2>\n<\/div>\n<div style=\"text-align: justify;\">\n<h2><span style=\"color: #000000;\"><strong>Features <\/strong><\/span><span style=\"color: #000000;\"><strong>Milwaukee M18 BLHACD26<\/strong><\/span><\/h2>\n<ul>\n<li><span style=\"color: #000000;\">2.6 J of impact energy, 1,270 RPM, and 4,600 BPM<\/span><\/li>\n<li><span style=\"color: #000000;\">Maximum drilling capacity: 26 mm<\/span><\/li>\n<li><span style=\"color: #000000;\">3 modes of operation \u2013 rotary hammer, hammer only and rotary only<\/span><\/li>\n<li><span style=\"color: #000000;\">Lightweight design reduces user fatigue: 2.4 kg bare tool, 3.1 kg with M18B5<\/span><\/li>\n<li><span style=\"color: #000000;\">AVS Anti-Vibration System: minimizes vibration for maximum comfort<\/span><\/li>\n<li><span style=\"color: #000000;\">Ergonomic d-handle design: balanced and optimized downward drilling<\/span><\/li>\n<\/ul>\n<\/div>\n<div style=\"text-align: justify;\">\n<h2><span style=\"color: #000000;\"><strong>Milwaukee Brand<\/strong><\/span><\/h2>\n<p><span style=\"color: #000000;\">Since the company began in 1924, Milwaukee Tool has led the industry in developing innovative solutions that deliver increased productivity and unmatched durability for professional construction users. Whether it is through our world-leading M12\u2122 and M18\u2122 cordless systems, the ground-breaking performance of our M12 and M18 FUEL\u2122 products, jobsite lighting, time-saving accessories, or innovative hand tool and storage products, Milwaukee are dedicated to delivering a continuous flow of advanced, trade-specific solutions. Milwaukee Tool is not simply a manufacturer \u2013 Milwaukee are progressive problem solvers.<\/span><\/p>\n<\/div>\n","protected":false},"excerpt":{"rendered":"<div id=\"p_lt_ctl01_pageplaceholder_p_lt_ctl01_MilwaukeeProductFeatures_pnlFeatues\" class=\"product__description js-description-mask is-active\">\n<div class=\"product__description-content js-product-content\">\n<h2><span style=\"color: #000000;\"><strong>Features<\/strong><\/span><\/h2>\n<ul>\n<li><span style=\"color: #000000;\">2.6 J of impact energy, 1,270 RPM, and 4,600 BPM<\/span><\/li>\n<li><span style=\"color: #000000;\">Maximum drilling capacity: 26 mm<\/span><\/li>\n<li><span style=\"color: #000000;\">3 modes of operation \u2013 rotary hammer, hammer only and rotary only<\/span><\/li>\n<li><span style=\"color: #000000;\">Lightweight design reduces user fatigue: 2.4 kg bare tool, 3.1 kg with M18B5<\/span><\/li>\n<li><span style=\"color: #000000;\">AVS Anti-Vibration System: minimizes vibration for maximum comfort<\/span><\/li>\n<\/ul>\n<\/div>\n<\/div>\n","protected":false},"featured_media":48634,"comment_status":"open","ping_status":"closed","template":"","meta":[],"product_brand":[],"product_cat":[161,373,271],"product_tag":[],"class_list":{"0":"post-48624","1":"product","2":"type-product","3":"status-publish","4":"has-post-thumbnail","6":"product_cat-hand-tools","7":"product_cat-m18-en","8":"product_cat-drilling","9":"pa_brand-milwaukee-en","11":"first","12":"instock","13":"shipping-taxable","14":"product-type-simple"},"yoast_head":"<!-- This site is optimized with the Yoast SEO Premium plugin v26.8 (Yoast SEO v26.8) - https:\/\/yoast.com\/product\/yoast-seo-premium-wordpress\/ -->\n<title>MILWAUKEE M18 BLHACD26-0X0 BRUSHLESS 26MM SDS-PLUS D-HANDLE ROTARY HAMMER - Techmaster Electronics JSC<\/title>\n<meta name=\"description\" content=\"Milwaukee M18 BLHACD26-0X0 Brushless 26mm SDS-Plus D-Handle Rotary Hammer delivers faster than corded speed, corded durability and all day work on one charge.\" \/>\n<meta name=\"robots\" content=\"index, follow, max-snippet:-1, max-image-preview:large, max-video-preview:-1\" \/>\n<link rel=\"canonical\" href=\"https:\/\/techmaster.com.vn\/en\/milwaukee-m18-blhacd26-0x0-brushless-26mm-sds-plus-d-handle-rotary-hammer\/\" \/>\n<meta property=\"og:locale\" content=\"en_US\" \/>\n<meta property=\"og:type\" content=\"article\" \/>\n<meta property=\"og:title\" content=\"MILWAUKEE M18 BLHACD26-0X0 BRUSHLESS 26MM SDS-PLUS D-HANDLE ROTARY HAMMER\" \/>\n<meta property=\"og:description\" content=\"Milwaukee M18 BLHACD26-0X0 Brushless 26mm SDS-Plus D-Handle Rotary Hammer delivers faster than corded speed, corded durability and all day work on one charge.\" \/>\n<meta property=\"og:url\" content=\"https:\/\/techmaster.com.vn\/en\/milwaukee-m18-blhacd26-0x0-brushless-26mm-sds-plus-d-handle-rotary-hammer\/\" \/>\n<meta property=\"og:site_name\" content=\"Techmaster Electronics JSC\" \/>\n<meta property=\"article:publisher\" content=\"https:\/\/www.facebook.com\/techmaster.electronics.jsc\" \/>\n<meta property=\"article:modified_time\" content=\"2023-06-12T04:20:36+00:00\" \/>\n<meta property=\"og:image\" content=\"https:\/\/techmaster.com.vn\/wp-content\/uploads\/2020\/11\/may-khoan-dong-luc-milwaukee-m18-fpd2-0x-7.jpg\" \/>\n<meta name=\"twitter:card\" content=\"summary_large_image\" \/>\n<meta name=\"twitter:site\" content=\"@techmastervn\" \/>\n<meta name=\"twitter:label1\" content=\"Price\" \/>\n\t<meta name=\"twitter:data1\" content=\"Call for Price\" \/>\n\t<meta name=\"twitter:label2\" content=\"Availability\" \/>\n\t<meta name=\"twitter:data2\" content=\"In stock\" \/>\n<script type=\"application\/ld+json\" class=\"yoast-schema-graph\">{\"@context\":\"https:\/\/schema.org\",\"@graph\":[{\"@type\":\"WebPage\",\"@id\":\"https:\/\/techmaster.com.vn\/en\/milwaukee-m18-blhacd26-0x0-brushless-26mm-sds-plus-d-handle-rotary-hammer\/\",\"url\":\"https:\/\/techmaster.com.vn\/en\/milwaukee-m18-blhacd26-0x0-brushless-26mm-sds-plus-d-handle-rotary-hammer\/\",\"name\":\"MILWAUKEE M18 BLHACD26-0X0 BRUSHLESS 26MM SDS-PLUS D-HANDLE ROTARY HAMMER - Techmaster Electronics JSC\",\"isPartOf\":{\"@id\":\"https:\/\/techmaster.com.vn\/en\/#website\"},\"primaryImageOfPage\":{\"@id\":\"https:\/\/techmaster.com.vn\/en\/milwaukee-m18-blhacd26-0x0-brushless-26mm-sds-plus-d-handle-rotary-hammer\/#primaryimage\"},\"image\":{\"@id\":\"https:\/\/techmaster.com.vn\/en\/milwaukee-m18-blhacd26-0x0-brushless-26mm-sds-plus-d-handle-rotary-hammer\/#primaryimage\"},\"thumbnailUrl\":\"https:\/\/techmaster.com.vn\/wp-content\/uploads\/2023\/02\/may-khoan-milwaukee-m18-blhacd26.jpg\",\"datePublished\":\"2023-02-02T02:22:46+00:00\",\"dateModified\":\"2023-06-12T04:20:36+00:00\",\"description\":\"Milwaukee M18 BLHACD26-0X0 Brushless 26mm SDS-Plus D-Handle Rotary Hammer delivers faster than corded speed, corded durability and all day work on one charge.\",\"breadcrumb\":{\"@id\":\"https:\/\/techmaster.com.vn\/en\/milwaukee-m18-blhacd26-0x0-brushless-26mm-sds-plus-d-handle-rotary-hammer\/#breadcrumb\"},\"inLanguage\":\"en-US\",\"potentialAction\":[{\"@type\":\"ReadAction\",\"target\":[\"https:\/\/techmaster.com.vn\/en\/milwaukee-m18-blhacd26-0x0-brushless-26mm-sds-plus-d-handle-rotary-hammer\/\"]}]},{\"@type\":\"ImageObject\",\"inLanguage\":\"en-US\",\"@id\":\"https:\/\/techmaster.com.vn\/en\/milwaukee-m18-blhacd26-0x0-brushless-26mm-sds-plus-d-handle-rotary-hammer\/#primaryimage\",\"url\":\"https:\/\/techmaster.com.vn\/wp-content\/uploads\/2023\/02\/may-khoan-milwaukee-m18-blhacd26.jpg\",\"contentUrl\":\"https:\/\/techmaster.com.vn\/wp-content\/uploads\/2023\/02\/may-khoan-milwaukee-m18-blhacd26.jpg\",\"width\":500,\"height\":500,\"caption\":\"M\u00e1y khoan b\u00ea t\u00f4ng Milwaukee M18 BLHACD26\"},{\"@type\":\"BreadcrumbList\",\"@id\":\"https:\/\/techmaster.com.vn\/en\/milwaukee-m18-blhacd26-0x0-brushless-26mm-sds-plus-d-handle-rotary-hammer\/#breadcrumb\",\"itemListElement\":[{\"@type\":\"ListItem\",\"position\":1,\"name\":\"Trang ch\u1ee7\",\"item\":\"https:\/\/techmaster.com.vn\/en\/\"},{\"@type\":\"ListItem\",\"position\":2,\"name\":\"Shop\",\"item\":\"https:\/\/techmaster.com.vn\/san-pham\/\"},{\"@type\":\"ListItem\",\"position\":3,\"name\":\"MILWAUKEE M18 BLHACD26-0X0 BRUSHLESS 26MM SDS-PLUS D-HANDLE ROTARY HAMMER\"}]},{\"@type\":\"WebSite\",\"@id\":\"https:\/\/techmaster.com.vn\/en\/#website\",\"url\":\"https:\/\/techmaster.com.vn\/en\/\",\"name\":\"Techmaster Electronics JSC\",\"description\":\"\",\"publisher\":{\"@id\":\"https:\/\/techmaster.com.vn\/en\/#organization\"},\"potentialAction\":[{\"@type\":\"SearchAction\",\"target\":{\"@type\":\"EntryPoint\",\"urlTemplate\":\"https:\/\/techmaster.com.vn\/en\/?s={search_term_string}\"},\"query-input\":{\"@type\":\"PropertyValueSpecification\",\"valueRequired\":true,\"valueName\":\"search_term_string\"}}],\"inLanguage\":\"en-US\"},{\"@type\":[\"Organization\",\"Place\"],\"@id\":\"https:\/\/techmaster.com.vn\/en\/#organization\",\"name\":\"Techmaster Electronics JSC\",\"url\":\"https:\/\/techmaster.com.vn\/en\/\",\"logo\":{\"@id\":\"https:\/\/techmaster.com.vn\/en\/milwaukee-m18-blhacd26-0x0-brushless-26mm-sds-plus-d-handle-rotary-hammer\/#local-main-organization-logo\"},\"image\":{\"@id\":\"https:\/\/techmaster.com.vn\/en\/milwaukee-m18-blhacd26-0x0-brushless-26mm-sds-plus-d-handle-rotary-hammer\/#local-main-organization-logo\"},\"sameAs\":[\"https:\/\/www.facebook.com\/techmaster.electronics.jsc\",\"https:\/\/x.com\/techmastervn\",\"https:\/\/www.instagram.com\/techmastervietnam\",\"https:\/\/myspace.com\/techmastervietnam\",\"https:\/\/www.youtube.com\/c\/TechmasterElectronicsJSC\",\"https:\/\/www.pinterest.com\/techmasterelectronicsjsc\/\",\"https:\/\/vi.wikipedia.org\/wiki\/Th\u00e0nh_vi\u00ean:Techmastervietnam\",\"https:\/\/twitter.com\/techmastervn\",\"https:\/\/www.linkedin.com\/company\/techmaster-vietnam\/\"],\"telephone\":[],\"contactPoint\":{\"@type\":\"ContactPoint\",\"email\":\"marketing@techmaster.com.vn\"},\"openingHoursSpecification\":[{\"@type\":\"OpeningHoursSpecification\",\"dayOfWeek\":[\"Monday\",\"Tuesday\",\"Wednesday\",\"Thursday\",\"Friday\",\"Saturday\",\"Sunday\"],\"opens\":\"09:00\",\"closes\":\"17:00\"}],\"email\":\"marketing@techmaster.com.vn\",\"areaServed\":\"Vietnam\"},{\"@type\":\"ImageObject\",\"inLanguage\":\"en-US\",\"@id\":\"https:\/\/techmaster.com.vn\/en\/milwaukee-m18-blhacd26-0x0-brushless-26mm-sds-plus-d-handle-rotary-hammer\/#local-main-organization-logo\",\"url\":\"https:\/\/techmaster.com.vn\/wp-content\/uploads\/2021\/04\/techmaster-logo-homepage.png\",\"contentUrl\":\"https:\/\/techmaster.com.vn\/wp-content\/uploads\/2021\/04\/techmaster-logo-homepage.png\",\"width\":335,\"height\":62,\"caption\":\"Techmaster Electronics JSC\"}]}<\/script>\n<meta property=\"product:price:amount\" content=\"0\" \/>\n<meta property=\"product:price:currency\" content=\"VND\" \/>\n<meta property=\"og:availability\" content=\"instock\" \/>\n<meta property=\"product:availability\" content=\"instock\" \/>\n<meta property=\"product:condition\" content=\"new\" \/>\n<!-- \/ Yoast SEO Premium plugin. -->","yoast_head_json":{"title":"MILWAUKEE M18 BLHACD26-0X0 BRUSHLESS 26MM SDS-PLUS D-HANDLE ROTARY HAMMER - Techmaster Electronics JSC","description":"Milwaukee M18 BLHACD26-0X0 Brushless 26mm SDS-Plus D-Handle Rotary Hammer delivers faster than corded speed, corded durability and all day work on one charge.","robots":{"index":"index","follow":"follow","max-snippet":"max-snippet:-1","max-image-preview":"max-image-preview:large","max-video-preview":"max-video-preview:-1"},"canonical":"https:\/\/techmaster.com.vn\/en\/milwaukee-m18-blhacd26-0x0-brushless-26mm-sds-plus-d-handle-rotary-hammer\/","og_locale":"en_US","og_type":"article","og_title":"MILWAUKEE M18 BLHACD26-0X0 BRUSHLESS 26MM SDS-PLUS D-HANDLE ROTARY HAMMER","og_description":"Milwaukee M18 BLHACD26-0X0 Brushless 26mm SDS-Plus D-Handle Rotary Hammer delivers faster than corded speed, corded durability and all day work on one charge.","og_url":"https:\/\/techmaster.com.vn\/en\/milwaukee-m18-blhacd26-0x0-brushless-26mm-sds-plus-d-handle-rotary-hammer\/","og_site_name":"Techmaster Electronics JSC","article_publisher":"https:\/\/www.facebook.com\/techmaster.electronics.jsc","article_modified_time":"2023-06-12T04:20:36+00:00","og_image":[{"url":"https:\/\/techmaster.com.vn\/wp-content\/uploads\/2020\/11\/may-khoan-dong-luc-milwaukee-m18-fpd2-0x-7.jpg","type":"","width":"","height":""}],"twitter_card":"summary_large_image","twitter_site":"@techmastervn","twitter_misc":{"Price":"Call for Price","Availability":"In stock"},"schema":{"@context":"https:\/\/schema.org","@graph":[{"@type":"WebPage","@id":"https:\/\/techmaster.com.vn\/en\/milwaukee-m18-blhacd26-0x0-brushless-26mm-sds-plus-d-handle-rotary-hammer\/","url":"https:\/\/techmaster.com.vn\/en\/milwaukee-m18-blhacd26-0x0-brushless-26mm-sds-plus-d-handle-rotary-hammer\/","name":"MILWAUKEE M18 BLHACD26-0X0 BRUSHLESS 26MM SDS-PLUS D-HANDLE ROTARY HAMMER - Techmaster Electronics JSC","isPartOf":{"@id":"https:\/\/techmaster.com.vn\/en\/#website"},"primaryImageOfPage":{"@id":"https:\/\/techmaster.com.vn\/en\/milwaukee-m18-blhacd26-0x0-brushless-26mm-sds-plus-d-handle-rotary-hammer\/#primaryimage"},"image":{"@id":"https:\/\/techmaster.com.vn\/en\/milwaukee-m18-blhacd26-0x0-brushless-26mm-sds-plus-d-handle-rotary-hammer\/#primaryimage"},"thumbnailUrl":"https:\/\/techmaster.com.vn\/wp-content\/uploads\/2023\/02\/may-khoan-milwaukee-m18-blhacd26.jpg","datePublished":"2023-02-02T02:22:46+00:00","dateModified":"2023-06-12T04:20:36+00:00","description":"Milwaukee M18 BLHACD26-0X0 Brushless 26mm SDS-Plus D-Handle Rotary Hammer delivers faster than corded speed, corded durability and all day work on one charge.","breadcrumb":{"@id":"https:\/\/techmaster.com.vn\/en\/milwaukee-m18-blhacd26-0x0-brushless-26mm-sds-plus-d-handle-rotary-hammer\/#breadcrumb"},"inLanguage":"en-US","potentialAction":[{"@type":"ReadAction","target":["https:\/\/techmaster.com.vn\/en\/milwaukee-m18-blhacd26-0x0-brushless-26mm-sds-plus-d-handle-rotary-hammer\/"]}]},{"@type":"ImageObject","inLanguage":"en-US","@id":"https:\/\/techmaster.com.vn\/en\/milwaukee-m18-blhacd26-0x0-brushless-26mm-sds-plus-d-handle-rotary-hammer\/#primaryimage","url":"https:\/\/techmaster.com.vn\/wp-content\/uploads\/2023\/02\/may-khoan-milwaukee-m18-blhacd26.jpg","contentUrl":"https:\/\/techmaster.com.vn\/wp-content\/uploads\/2023\/02\/may-khoan-milwaukee-m18-blhacd26.jpg","width":500,"height":500,"caption":"M\u00e1y khoan b\u00ea t\u00f4ng Milwaukee M18 BLHACD26"},{"@type":"BreadcrumbList","@id":"https:\/\/techmaster.com.vn\/en\/milwaukee-m18-blhacd26-0x0-brushless-26mm-sds-plus-d-handle-rotary-hammer\/#breadcrumb","itemListElement":[{"@type":"ListItem","position":1,"name":"Trang ch\u1ee7","item":"https:\/\/techmaster.com.vn\/en\/"},{"@type":"ListItem","position":2,"name":"Shop","item":"https:\/\/techmaster.com.vn\/san-pham\/"},{"@type":"ListItem","position":3,"name":"MILWAUKEE M18 BLHACD26-0X0 BRUSHLESS 26MM SDS-PLUS D-HANDLE ROTARY HAMMER"}]},{"@type":"WebSite","@id":"https:\/\/techmaster.com.vn\/en\/#website","url":"https:\/\/techmaster.com.vn\/en\/","name":"Techmaster Electronics JSC","description":"","publisher":{"@id":"https:\/\/techmaster.com.vn\/en\/#organization"},"potentialAction":[{"@type":"SearchAction","target":{"@type":"EntryPoint","urlTemplate":"https:\/\/techmaster.com.vn\/en\/?s={search_term_string}"},"query-input":{"@type":"PropertyValueSpecification","valueRequired":true,"valueName":"search_term_string"}}],"inLanguage":"en-US"},{"@type":["Organization","Place"],"@id":"https:\/\/techmaster.com.vn\/en\/#organization","name":"Techmaster Electronics JSC","url":"https:\/\/techmaster.com.vn\/en\/","logo":{"@id":"https:\/\/techmaster.com.vn\/en\/milwaukee-m18-blhacd26-0x0-brushless-26mm-sds-plus-d-handle-rotary-hammer\/#local-main-organization-logo"},"image":{"@id":"https:\/\/techmaster.com.vn\/en\/milwaukee-m18-blhacd26-0x0-brushless-26mm-sds-plus-d-handle-rotary-hammer\/#local-main-organization-logo"},"sameAs":["https:\/\/www.facebook.com\/techmaster.electronics.jsc","https:\/\/x.com\/techmastervn","https:\/\/www.instagram.com\/techmastervietnam","https:\/\/myspace.com\/techmastervietnam","https:\/\/www.youtube.com\/c\/TechmasterElectronicsJSC","https:\/\/www.pinterest.com\/techmasterelectronicsjsc\/","https:\/\/vi.wikipedia.org\/wiki\/Th\u00e0nh_vi\u00ean:Techmastervietnam","https:\/\/twitter.com\/techmastervn","https:\/\/www.linkedin.com\/company\/techmaster-vietnam\/"],"telephone":[],"contactPoint":{"@type":"ContactPoint","email":"marketing@techmaster.com.vn"},"openingHoursSpecification":[{"@type":"OpeningHoursSpecification","dayOfWeek":["Monday","Tuesday","Wednesday","Thursday","Friday","Saturday","Sunday"],"opens":"09:00","closes":"17:00"}],"email":"marketing@techmaster.com.vn","areaServed":"Vietnam"},{"@type":"ImageObject","inLanguage":"en-US","@id":"https:\/\/techmaster.com.vn\/en\/milwaukee-m18-blhacd26-0x0-brushless-26mm-sds-plus-d-handle-rotary-hammer\/#local-main-organization-logo","url":"https:\/\/techmaster.com.vn\/wp-content\/uploads\/2021\/04\/techmaster-logo-homepage.png","contentUrl":"https:\/\/techmaster.com.vn\/wp-content\/uploads\/2021\/04\/techmaster-logo-homepage.png","width":335,"height":62,"caption":"Techmaster Electronics JSC"}]},"product_price_currency":"VND","og_availability":"instock","product_availability":"instock","product_condition":"new"},"_links":{"self":[{"href":"https:\/\/techmaster.com.vn\/en\/wp-json\/wp\/v2\/product\/48624","targetHints":{"allow":["GET"]}}],"collection":[{"href":"https:\/\/techmaster.com.vn\/en\/wp-json\/wp\/v2\/product"}],"about":[{"href":"https:\/\/techmaster.com.vn\/en\/wp-json\/wp\/v2\/types\/product"}],"replies":[{"embeddable":true,"href":"https:\/\/techmaster.com.vn\/en\/wp-json\/wp\/v2\/comments?post=48624"}],"wp:featuredmedia":[{"embeddable":true,"href":"https:\/\/techmaster.com.vn\/en\/wp-json\/wp\/v2\/media\/48634"}],"wp:attachment":[{"href":"https:\/\/techmaster.com.vn\/en\/wp-json\/wp\/v2\/media?parent=48624"}],"wp:term":[{"taxonomy":"product_brand","embeddable":true,"href":"https:\/\/techmaster.com.vn\/en\/wp-json\/wp\/v2\/product_brand?post=48624"},{"taxonomy":"product_cat","embeddable":true,"href":"https:\/\/techmaster.com.vn\/en\/wp-json\/wp\/v2\/product_cat?post=48624"},{"taxonomy":"product_tag","embeddable":true,"href":"https:\/\/techmaster.com.vn\/en\/wp-json\/wp\/v2\/product_tag?post=48624"}],"curies":[{"name":"wp","href":"https:\/\/api.w.org\/{rel}","templated":true}]}}