{"id":32456,"date":"2022-07-06T08:37:02","date_gmt":"2022-07-06T01:37:02","guid":{"rendered":"https:\/\/techmaster.com.vn\/?post_type=product&#038;p=32456"},"modified":"2022-07-09T11:10:21","modified_gmt":"2022-07-09T04:10:21","slug":"milwaukee-m18-frop21-0-fuel-21mm-random-orbital-polisher","status":"publish","type":"product","link":"https:\/\/techmaster.com.vn\/en\/milwaukee-m18-frop21-0-fuel-21mm-random-orbital-polisher\/","title":{"rendered":"MILWAUKEE M18 FROP21-0 FUEL\u2122 21mm RANDOM ORBITAL POLISHER"},"content":{"rendered":"<p><span style=\"color: #000000;\"><strong>SPECIFICATIONS MILWAUKEE M18 FROP21-0 FUEL\u2122 15mm RANDOM ORBITAL POLISHER<\/strong><\/span><\/p>\n<div class=\"content-more-tskt\"><\/div>\n<div><\/div>\n<h2><span style=\"color: #000000;\"><strong>Introduction Milwaukee M18 FROP21-0<\/strong><\/span><\/h2>\n<p style=\"text-align: justify;\"><span style=\"color: #000000;\">Our M18\u2122 FUEL\u2122 21mm Random Orbital Polisher is the most powerful cordless polisher on the market. By harnessing the power, performance, and run-time of M18\u2122 FUEL\u2122 technology, this tool delivers corded performance while providing you with the freedom to work anywhere. This battery-powered polisher gives you total control with its variable speed trigger. 8-position speed dial with RPM settings ranging from 2,400 \u2013 4,500 RPM, trigger lock-on button, and maintains speed under load better than any cordless competitor.<\/span><\/p>\n<h2><span style=\"color: #000000;\"><strong>Features<\/strong><\/span><\/h2>\n<p><span style=\"color: #000000;\">&#8211; Delivering equal performance as corded random orbital polishers to complete polishing and heavy-correction applications<\/span><\/p>\n<p><span style=\"color: #000000;\">&#8211; 8 position speed dial selection for maximum control and best finishing results<\/span><\/p>\n<p><span style=\"color: #000000; font-size: 14.4px;\">&#8211; 21 mm orbital function for fast and efficient polishing with a free hologram finish<\/span><\/p>\n<p><span style=\"color: #000000; font-size: 14.4px;\">&#8211; Large ergonomic front grip area with overmold for easy and comfortable handling, especially when working with the tool vertically<\/span><\/p>\n<p><span style=\"color: #000000;\">&#8211; Lock-on function provides more comfortable and less strenuous use when polishing for longer periods<\/span><\/p>\n<p><span style=\"color: #000000;\">&#8211; 90\u00b0 rotated battery slot with a clearance of more than 50 mm to prevent any touch points with the paint and allowing the tool to be stored in a horizontal or vertical position<\/span><\/p>\n<p><span style=\"color: #000000; font-size: 14.4px;\">&#8211; Line-lock-out function to prevent automatic start up<\/span><\/p>\n<p><span style=\"color: #000000; font-size: 14.4px;\">&#8211; Removable dust screen to prevent debris entrance, prolonging motor life<\/span><\/p>\n<p><span style=\"color: #000000; font-size: 14.4px;\">&#8211; The DNA of our FUEL\u2122 platform redefines the balance of cordless technologies. MILWAUKEE\u00ae&#8217;s POWERSTATE\u2122 brushless motor, REDLITHIUM\u2122 battery pack and REDLINK PLUS\u2122 electronic intelligence delivering\u00a0 outstanding power, run time and durability<\/span><\/p>\n<p><span style=\"color: #000000;\"><span style=\"font-size: 14.4px;\">&#8211; Flexible battery system: works with all MILWAUKEE\u00ae <\/span><span style=\"font-size: 14.4px;\">M18\u2122<\/span><span style=\"font-size: 14.4px;\">batteries<\/span><\/span><\/p>\n<p style=\"text-align: center;\"><a href=\"https:\/\/techmaster.com.vn\/wp-content\/uploads\/2022\/07\/may-danh-bong-milwaukee-m18-frop21-0-8.jpg\"><img loading=\"lazy\" decoding=\"async\" class=\"alignnone size-full wp-image-33083\" src=\"https:\/\/techmaster.com.vn\/wp-content\/uploads\/2022\/07\/may-danh-bong-milwaukee-m18-frop21-0-8.jpg\" alt=\"M\u00e1y \u0111\u00e1nh b\u00f3ng Milwaukee M18 FROP21-0 (9)\" width=\"772\" height=\"346\" \/><\/a><\/p>\n<p style=\"text-align: center;\">\n<p><span style=\"color: #000000;\"><strong style=\"font-size: 23.04px;\">Milwaukee Brand<\/strong><\/span><\/p>\n<div style=\"text-align: justify;\"><span style=\"color: #000000;\">Since the company began in 1924, Milwaukee Tool has led the industry in developing innovative solutions that deliver increased productivity and unmatched durability for professional construction users. Whether it is through our world-leading M12\u2122 and M18\u2122 cordless systems, the ground-breaking performance of our M12 and M18 FUEL\u2122 products, jobsite lighting, time-saving accessories, or innovative hand tool and storage products, Milwaukee are dedicated to delivering a continuous flow of advanced, trade-specific solutions. Milwaukee Tool is not simply a manufacturer \u2013 Milwaukee are progressive problem solvers.<\/span><\/div>\n","protected":false},"excerpt":{"rendered":"<h2><span style=\"color: #000000;\"><strong>FEATURES<\/strong><\/span><\/h2>\n<div id=\"p_lt_ctl01_pageplaceholder_p_lt_ctl01_MilwaukeeProductFeatures_pnlFeatues\" class=\"product__description js-description-mask is-active\">\n<div class=\"product__description-content js-product-content\">\n<p><span style=\"color: #000000;\">&#8211; Delivering equal performance as corded random orbital polishers to complete polishing and heavy-correction applications<\/span><\/p>\n<p><span style=\"color: #000000;\">&#8211; 8 position speed dial selection for maximum control and best finishing results<\/span><\/p>\n<p><span style=\"color: #000000; font-size: 14.4px;\">&#8211; 15 mm orbital function for fast and efficient polishing with a free hologram finish<\/span><\/p>\n<p><span style=\"color: #000000; font-size: 14.4px;\">&#8211; Large ergonomic front grip area with overmold for easy and comfortable handling, especially when working with the tool vertically<\/span><\/p>\n<p><span style=\"color: #000000;\">&#8211; Lock-on function provides more comfortable and less strenuous use when polishing for longer periods<\/span><\/p>\n<\/div>\n<\/div>\n","protected":false},"featured_media":32990,"comment_status":"open","ping_status":"closed","template":"","meta":[],"product_brand":[],"product_cat":[161,373,251],"product_tag":[],"class_list":{"0":"post-32456","1":"product","2":"type-product","3":"status-publish","4":"has-post-thumbnail","6":"product_cat-hand-tools","7":"product_cat-m18-en","8":"product_cat-polishers","10":"first","11":"instock","12":"shipping-taxable","13":"product-type-simple"},"yoast_head":"<!-- This site is optimized with the Yoast SEO Premium plugin v26.8 (Yoast SEO v26.8) - https:\/\/yoast.com\/product\/yoast-seo-premium-wordpress\/ -->\n<title>MILWAUKEE M18 FROP21-0 FUEL\u2122 21mm RANDOM ORBITAL POLISHER - Techmaster Electronics JSC<\/title>\n<meta name=\"description\" content=\"The Milwaukee M18 FROP21 - World\u00b4s first cordless polisher with 8 position variable speed selection ranging from 2,400 \u2013 4,500 rpm.\" \/>\n<meta name=\"robots\" content=\"index, follow, max-snippet:-1, max-image-preview:large, max-video-preview:-1\" \/>\n<link rel=\"canonical\" href=\"https:\/\/techmaster.com.vn\/en\/milwaukee-m18-frop21-0-fuel-21mm-random-orbital-polisher\/\" \/>\n<meta property=\"og:locale\" content=\"en_US\" \/>\n<meta property=\"og:type\" content=\"article\" \/>\n<meta property=\"og:title\" content=\"MILWAUKEE M18 FROP21-0 FUEL\u2122 21mm RANDOM ORBITAL POLISHER\" \/>\n<meta property=\"og:description\" content=\"The Milwaukee M18 FROP21 - World\u00b4s first cordless polisher with 8 position variable speed selection ranging from 2,400 \u2013 4,500 rpm.\" \/>\n<meta property=\"og:url\" content=\"https:\/\/techmaster.com.vn\/en\/milwaukee-m18-frop21-0-fuel-21mm-random-orbital-polisher\/\" \/>\n<meta property=\"og:site_name\" content=\"Techmaster Electronics JSC\" \/>\n<meta property=\"article:publisher\" content=\"https:\/\/www.facebook.com\/techmaster.electronics.jsc\" \/>\n<meta property=\"article:modified_time\" content=\"2022-07-09T04:10:21+00:00\" \/>\n<meta property=\"og:image\" content=\"https:\/\/techmaster.com.vn\/wp-content\/uploads\/2020\/12\/may-danh-bong-milwaukee-m18-fap180-502x-7.jpg\" \/>\n\t<meta property=\"og:image:width\" content=\"560\" \/>\n\t<meta property=\"og:image:height\" content=\"292\" \/>\n\t<meta property=\"og:image:type\" content=\"image\/jpeg\" \/>\n<meta name=\"twitter:card\" content=\"summary_large_image\" \/>\n<meta name=\"twitter:site\" content=\"@techmastervn\" \/>\n<meta name=\"twitter:label1\" content=\"Price\" \/>\n\t<meta name=\"twitter:data1\" content=\"Call for Price\" \/>\n\t<meta name=\"twitter:label2\" content=\"Availability\" \/>\n\t<meta name=\"twitter:data2\" content=\"In stock\" \/>\n<script type=\"application\/ld+json\" class=\"yoast-schema-graph\">{\"@context\":\"https:\/\/schema.org\",\"@graph\":[{\"@type\":\"WebPage\",\"@id\":\"https:\/\/techmaster.com.vn\/en\/milwaukee-m18-frop21-0-fuel-21mm-random-orbital-polisher\/\",\"url\":\"https:\/\/techmaster.com.vn\/en\/milwaukee-m18-frop21-0-fuel-21mm-random-orbital-polisher\/\",\"name\":\"MILWAUKEE M18 FROP21-0 FUEL\u2122 21mm RANDOM ORBITAL POLISHER - Techmaster Electronics JSC\",\"isPartOf\":{\"@id\":\"https:\/\/techmaster.com.vn\/en\/#website\"},\"primaryImageOfPage\":{\"@id\":\"https:\/\/techmaster.com.vn\/en\/milwaukee-m18-frop21-0-fuel-21mm-random-orbital-polisher\/#primaryimage\"},\"image\":{\"@id\":\"https:\/\/techmaster.com.vn\/en\/milwaukee-m18-frop21-0-fuel-21mm-random-orbital-polisher\/#primaryimage\"},\"thumbnailUrl\":\"https:\/\/techmaster.com.vn\/wp-content\/uploads\/2022\/07\/may-danh-bong-milwaukee-m18-frop21-0-1.jpg\",\"datePublished\":\"2022-07-06T01:37:02+00:00\",\"dateModified\":\"2022-07-09T04:10:21+00:00\",\"description\":\"The Milwaukee M18 FROP21 - World\u00b4s first cordless polisher with 8 position variable speed selection ranging from 2,400 \u2013 4,500 rpm.\",\"breadcrumb\":{\"@id\":\"https:\/\/techmaster.com.vn\/en\/milwaukee-m18-frop21-0-fuel-21mm-random-orbital-polisher\/#breadcrumb\"},\"inLanguage\":\"en-US\",\"potentialAction\":[{\"@type\":\"ReadAction\",\"target\":[\"https:\/\/techmaster.com.vn\/en\/milwaukee-m18-frop21-0-fuel-21mm-random-orbital-polisher\/\"]}]},{\"@type\":\"ImageObject\",\"inLanguage\":\"en-US\",\"@id\":\"https:\/\/techmaster.com.vn\/en\/milwaukee-m18-frop21-0-fuel-21mm-random-orbital-polisher\/#primaryimage\",\"url\":\"https:\/\/techmaster.com.vn\/wp-content\/uploads\/2022\/07\/may-danh-bong-milwaukee-m18-frop21-0-1.jpg\",\"contentUrl\":\"https:\/\/techmaster.com.vn\/wp-content\/uploads\/2022\/07\/may-danh-bong-milwaukee-m18-frop21-0-1.jpg\",\"width\":450,\"height\":450,\"caption\":\"M\u00e1y \u0111\u00e1nh b\u00f3ng Milwaukee M18 FROP21-0\"},{\"@type\":\"BreadcrumbList\",\"@id\":\"https:\/\/techmaster.com.vn\/en\/milwaukee-m18-frop21-0-fuel-21mm-random-orbital-polisher\/#breadcrumb\",\"itemListElement\":[{\"@type\":\"ListItem\",\"position\":1,\"name\":\"Trang ch\u1ee7\",\"item\":\"https:\/\/techmaster.com.vn\/en\/\"},{\"@type\":\"ListItem\",\"position\":2,\"name\":\"Shop\",\"item\":\"https:\/\/techmaster.com.vn\/san-pham\/\"},{\"@type\":\"ListItem\",\"position\":3,\"name\":\"MILWAUKEE M18 FROP21-0 FUEL\u2122 21mm RANDOM ORBITAL POLISHER\"}]},{\"@type\":\"WebSite\",\"@id\":\"https:\/\/techmaster.com.vn\/en\/#website\",\"url\":\"https:\/\/techmaster.com.vn\/en\/\",\"name\":\"Techmaster Electronics JSC\",\"description\":\"\",\"publisher\":{\"@id\":\"https:\/\/techmaster.com.vn\/en\/#organization\"},\"potentialAction\":[{\"@type\":\"SearchAction\",\"target\":{\"@type\":\"EntryPoint\",\"urlTemplate\":\"https:\/\/techmaster.com.vn\/en\/?s={search_term_string}\"},\"query-input\":{\"@type\":\"PropertyValueSpecification\",\"valueRequired\":true,\"valueName\":\"search_term_string\"}}],\"inLanguage\":\"en-US\"},{\"@type\":[\"Organization\",\"Place\"],\"@id\":\"https:\/\/techmaster.com.vn\/en\/#organization\",\"name\":\"Techmaster Electronics JSC\",\"url\":\"https:\/\/techmaster.com.vn\/en\/\",\"logo\":{\"@id\":\"https:\/\/techmaster.com.vn\/en\/milwaukee-m18-frop21-0-fuel-21mm-random-orbital-polisher\/#local-main-organization-logo\"},\"image\":{\"@id\":\"https:\/\/techmaster.com.vn\/en\/milwaukee-m18-frop21-0-fuel-21mm-random-orbital-polisher\/#local-main-organization-logo\"},\"sameAs\":[\"https:\/\/www.facebook.com\/techmaster.electronics.jsc\",\"https:\/\/x.com\/techmastervn\",\"https:\/\/www.instagram.com\/techmastervietnam\",\"https:\/\/myspace.com\/techmastervietnam\",\"https:\/\/www.youtube.com\/c\/TechmasterElectronicsJSC\",\"https:\/\/www.pinterest.com\/techmasterelectronicsjsc\/\",\"https:\/\/vi.wikipedia.org\/wiki\/Th\u00e0nh_vi\u00ean:Techmastervietnam\",\"https:\/\/twitter.com\/techmastervn\",\"https:\/\/www.linkedin.com\/company\/techmaster-vietnam\/\"],\"telephone\":[],\"contactPoint\":{\"@type\":\"ContactPoint\",\"email\":\"marketing@techmaster.com.vn\"},\"openingHoursSpecification\":[{\"@type\":\"OpeningHoursSpecification\",\"dayOfWeek\":[\"Monday\",\"Tuesday\",\"Wednesday\",\"Thursday\",\"Friday\",\"Saturday\",\"Sunday\"],\"opens\":\"09:00\",\"closes\":\"17:00\"}],\"email\":\"marketing@techmaster.com.vn\",\"areaServed\":\"Vietnam\"},{\"@type\":\"ImageObject\",\"inLanguage\":\"en-US\",\"@id\":\"https:\/\/techmaster.com.vn\/en\/milwaukee-m18-frop21-0-fuel-21mm-random-orbital-polisher\/#local-main-organization-logo\",\"url\":\"https:\/\/techmaster.com.vn\/wp-content\/uploads\/2021\/04\/techmaster-logo-homepage.png\",\"contentUrl\":\"https:\/\/techmaster.com.vn\/wp-content\/uploads\/2021\/04\/techmaster-logo-homepage.png\",\"width\":335,\"height\":62,\"caption\":\"Techmaster Electronics JSC\"}]}<\/script>\n<meta property=\"product:price:amount\" content=\"0\" \/>\n<meta property=\"product:price:currency\" content=\"VND\" \/>\n<meta property=\"og:availability\" content=\"instock\" \/>\n<meta property=\"product:availability\" content=\"instock\" \/>\n<meta property=\"product:condition\" content=\"new\" \/>\n<!-- \/ Yoast SEO Premium plugin. -->","yoast_head_json":{"title":"MILWAUKEE M18 FROP21-0 FUEL\u2122 21mm RANDOM ORBITAL POLISHER - Techmaster Electronics JSC","description":"The Milwaukee M18 FROP21 - World\u00b4s first cordless polisher with 8 position variable speed selection ranging from 2,400 \u2013 4,500 rpm.","robots":{"index":"index","follow":"follow","max-snippet":"max-snippet:-1","max-image-preview":"max-image-preview:large","max-video-preview":"max-video-preview:-1"},"canonical":"https:\/\/techmaster.com.vn\/en\/milwaukee-m18-frop21-0-fuel-21mm-random-orbital-polisher\/","og_locale":"en_US","og_type":"article","og_title":"MILWAUKEE M18 FROP21-0 FUEL\u2122 21mm RANDOM ORBITAL POLISHER","og_description":"The Milwaukee M18 FROP21 - World\u00b4s first cordless polisher with 8 position variable speed selection ranging from 2,400 \u2013 4,500 rpm.","og_url":"https:\/\/techmaster.com.vn\/en\/milwaukee-m18-frop21-0-fuel-21mm-random-orbital-polisher\/","og_site_name":"Techmaster Electronics JSC","article_publisher":"https:\/\/www.facebook.com\/techmaster.electronics.jsc","article_modified_time":"2022-07-09T04:10:21+00:00","og_image":[{"width":560,"height":292,"url":"https:\/\/techmaster.com.vn\/wp-content\/uploads\/2020\/12\/may-danh-bong-milwaukee-m18-fap180-502x-7.jpg","type":"image\/jpeg"}],"twitter_card":"summary_large_image","twitter_site":"@techmastervn","twitter_misc":{"Price":"Call for Price","Availability":"In stock"},"schema":{"@context":"https:\/\/schema.org","@graph":[{"@type":"WebPage","@id":"https:\/\/techmaster.com.vn\/en\/milwaukee-m18-frop21-0-fuel-21mm-random-orbital-polisher\/","url":"https:\/\/techmaster.com.vn\/en\/milwaukee-m18-frop21-0-fuel-21mm-random-orbital-polisher\/","name":"MILWAUKEE M18 FROP21-0 FUEL\u2122 21mm RANDOM ORBITAL POLISHER - Techmaster Electronics JSC","isPartOf":{"@id":"https:\/\/techmaster.com.vn\/en\/#website"},"primaryImageOfPage":{"@id":"https:\/\/techmaster.com.vn\/en\/milwaukee-m18-frop21-0-fuel-21mm-random-orbital-polisher\/#primaryimage"},"image":{"@id":"https:\/\/techmaster.com.vn\/en\/milwaukee-m18-frop21-0-fuel-21mm-random-orbital-polisher\/#primaryimage"},"thumbnailUrl":"https:\/\/techmaster.com.vn\/wp-content\/uploads\/2022\/07\/may-danh-bong-milwaukee-m18-frop21-0-1.jpg","datePublished":"2022-07-06T01:37:02+00:00","dateModified":"2022-07-09T04:10:21+00:00","description":"The Milwaukee M18 FROP21 - World\u00b4s first cordless polisher with 8 position variable speed selection ranging from 2,400 \u2013 4,500 rpm.","breadcrumb":{"@id":"https:\/\/techmaster.com.vn\/en\/milwaukee-m18-frop21-0-fuel-21mm-random-orbital-polisher\/#breadcrumb"},"inLanguage":"en-US","potentialAction":[{"@type":"ReadAction","target":["https:\/\/techmaster.com.vn\/en\/milwaukee-m18-frop21-0-fuel-21mm-random-orbital-polisher\/"]}]},{"@type":"ImageObject","inLanguage":"en-US","@id":"https:\/\/techmaster.com.vn\/en\/milwaukee-m18-frop21-0-fuel-21mm-random-orbital-polisher\/#primaryimage","url":"https:\/\/techmaster.com.vn\/wp-content\/uploads\/2022\/07\/may-danh-bong-milwaukee-m18-frop21-0-1.jpg","contentUrl":"https:\/\/techmaster.com.vn\/wp-content\/uploads\/2022\/07\/may-danh-bong-milwaukee-m18-frop21-0-1.jpg","width":450,"height":450,"caption":"M\u00e1y \u0111\u00e1nh b\u00f3ng Milwaukee M18 FROP21-0"},{"@type":"BreadcrumbList","@id":"https:\/\/techmaster.com.vn\/en\/milwaukee-m18-frop21-0-fuel-21mm-random-orbital-polisher\/#breadcrumb","itemListElement":[{"@type":"ListItem","position":1,"name":"Trang ch\u1ee7","item":"https:\/\/techmaster.com.vn\/en\/"},{"@type":"ListItem","position":2,"name":"Shop","item":"https:\/\/techmaster.com.vn\/san-pham\/"},{"@type":"ListItem","position":3,"name":"MILWAUKEE M18 FROP21-0 FUEL\u2122 21mm RANDOM ORBITAL POLISHER"}]},{"@type":"WebSite","@id":"https:\/\/techmaster.com.vn\/en\/#website","url":"https:\/\/techmaster.com.vn\/en\/","name":"Techmaster Electronics JSC","description":"","publisher":{"@id":"https:\/\/techmaster.com.vn\/en\/#organization"},"potentialAction":[{"@type":"SearchAction","target":{"@type":"EntryPoint","urlTemplate":"https:\/\/techmaster.com.vn\/en\/?s={search_term_string}"},"query-input":{"@type":"PropertyValueSpecification","valueRequired":true,"valueName":"search_term_string"}}],"inLanguage":"en-US"},{"@type":["Organization","Place"],"@id":"https:\/\/techmaster.com.vn\/en\/#organization","name":"Techmaster Electronics JSC","url":"https:\/\/techmaster.com.vn\/en\/","logo":{"@id":"https:\/\/techmaster.com.vn\/en\/milwaukee-m18-frop21-0-fuel-21mm-random-orbital-polisher\/#local-main-organization-logo"},"image":{"@id":"https:\/\/techmaster.com.vn\/en\/milwaukee-m18-frop21-0-fuel-21mm-random-orbital-polisher\/#local-main-organization-logo"},"sameAs":["https:\/\/www.facebook.com\/techmaster.electronics.jsc","https:\/\/x.com\/techmastervn","https:\/\/www.instagram.com\/techmastervietnam","https:\/\/myspace.com\/techmastervietnam","https:\/\/www.youtube.com\/c\/TechmasterElectronicsJSC","https:\/\/www.pinterest.com\/techmasterelectronicsjsc\/","https:\/\/vi.wikipedia.org\/wiki\/Th\u00e0nh_vi\u00ean:Techmastervietnam","https:\/\/twitter.com\/techmastervn","https:\/\/www.linkedin.com\/company\/techmaster-vietnam\/"],"telephone":[],"contactPoint":{"@type":"ContactPoint","email":"marketing@techmaster.com.vn"},"openingHoursSpecification":[{"@type":"OpeningHoursSpecification","dayOfWeek":["Monday","Tuesday","Wednesday","Thursday","Friday","Saturday","Sunday"],"opens":"09:00","closes":"17:00"}],"email":"marketing@techmaster.com.vn","areaServed":"Vietnam"},{"@type":"ImageObject","inLanguage":"en-US","@id":"https:\/\/techmaster.com.vn\/en\/milwaukee-m18-frop21-0-fuel-21mm-random-orbital-polisher\/#local-main-organization-logo","url":"https:\/\/techmaster.com.vn\/wp-content\/uploads\/2021\/04\/techmaster-logo-homepage.png","contentUrl":"https:\/\/techmaster.com.vn\/wp-content\/uploads\/2021\/04\/techmaster-logo-homepage.png","width":335,"height":62,"caption":"Techmaster Electronics JSC"}]},"product_price_currency":"VND","og_availability":"instock","product_availability":"instock","product_condition":"new"},"_links":{"self":[{"href":"https:\/\/techmaster.com.vn\/en\/wp-json\/wp\/v2\/product\/32456","targetHints":{"allow":["GET"]}}],"collection":[{"href":"https:\/\/techmaster.com.vn\/en\/wp-json\/wp\/v2\/product"}],"about":[{"href":"https:\/\/techmaster.com.vn\/en\/wp-json\/wp\/v2\/types\/product"}],"replies":[{"embeddable":true,"href":"https:\/\/techmaster.com.vn\/en\/wp-json\/wp\/v2\/comments?post=32456"}],"wp:featuredmedia":[{"embeddable":true,"href":"https:\/\/techmaster.com.vn\/en\/wp-json\/wp\/v2\/media\/32990"}],"wp:attachment":[{"href":"https:\/\/techmaster.com.vn\/en\/wp-json\/wp\/v2\/media?parent=32456"}],"wp:term":[{"taxonomy":"product_brand","embeddable":true,"href":"https:\/\/techmaster.com.vn\/en\/wp-json\/wp\/v2\/product_brand?post=32456"},{"taxonomy":"product_cat","embeddable":true,"href":"https:\/\/techmaster.com.vn\/en\/wp-json\/wp\/v2\/product_cat?post=32456"},{"taxonomy":"product_tag","embeddable":true,"href":"https:\/\/techmaster.com.vn\/en\/wp-json\/wp\/v2\/product_tag?post=32456"}],"curies":[{"name":"wp","href":"https:\/\/api.w.org\/{rel}","templated":true}]}}