{"id":23375,"date":"2020-12-14T14:05:24","date_gmt":"2020-12-14T07:05:24","guid":{"rendered":"https:\/\/techmaster.com.vn\/?post_type=product&#038;p=23375"},"modified":"2023-07-11T14:19:16","modified_gmt":"2023-07-11T07:19:16","slug":"extech-461825-combination-photo-tachometer-stroboscope","status":"publish","type":"product","link":"https:\/\/techmaster.com.vn\/en\/extech-461825-combination-photo-tachometer-stroboscope\/","title":{"rendered":"Extech 461825 Combination Photo Tachometer\/Stroboscope"},"content":{"rendered":"<p><strong>SPECIFICATIONS EXTECH 461825: COMBINATION PHOTO TACHOMETER\/STROBOSCOPE<\/strong><\/p>\n<div class=\"page\" title=\"Page 4\">\n<div class=\"layoutArea\">\n<div class=\"column\">\n<ul>\n<li>General Specifications Extech 461825<\/li>\n<\/ul>\n<div class=\"page\" title=\"Page 4\">\n<div class=\"layoutArea\">\n<div class=\"column\">Circuit: Custom LSI microprocessor based design<br \/>\nDisplay: Reversible, 10mm (0.4&#8243;) 5-digit (99999 count) LCD display<br \/>\nMeasurement units: RPM (revolutions or rotations per minute)<br \/>\nMemory Recall: Records\/Recalls Max\/Min\/Last readings with memory push-button<br \/>\nOperating Temperature:\u00a00 to 50oC (32 to 122oF)<br \/>\nOperating Humidity: &lt;80%RH<br \/>\nPower Supply: Four 1.5V &#8216;AA&#8221; batteries (UM-3 or equivalent)<br \/>\nWeight: 216g (0.48 lbs.) meter only<br \/>\nDimensions: 207x72x48mm(8.2&#215;2.8&#215;1.9&#8243;)<br \/>\nAccessories: Reflective tape and carrying case<\/p>\n<div class=\"page\" title=\"Page 4\">\n<div class=\"layoutArea\">\n<div class=\"column\">\n<ul>\n<li>Electrical Specifications Extech 461825<\/li>\n<\/ul>\n<div class=\"page\" title=\"Page 4\">\n<div class=\"layoutArea\">\n<div class=\"column\">Measurement Range: 5 to 99,999 RPM for the Tachometer; 100 to 100,000 FPM\/RPM for the Stroboscope<br \/>\nResolution: \u00a00.1 RPM (&lt;1000 RPM) and 1 RPM (&gt; 1000 RPM)<br \/>\nAccuracy: \u00a0\u00b1 (0.1% + 2 digits)<br \/>\nSampling Time: 1 second (&gt; 60 RPM)<br \/>\nPhoto Tachometer detection distance: 50 to 150mm (2 to 6&#8243;) typical; Note: Detection distances up to 300mm (12&#8243;) are possible depending upon ambient light<br \/>\nStroboscopic Flash rate: 100 to 100,000 FPM (flashes per minute)<br \/>\nStroboscopic Flash adjust range: Range A: 100 to 1,000 FPM; Range B: 1000 to 10,000 FPM; Range C: 10,000 to 100,000 FPM<br \/>\nStroboscopic Flash tube type: High efficiency LED lamp<br \/>\nStroboscopic Flash duration: 60 to 1000 microseconds (approx. 16% of period)<br \/>\nStroboscopic Flash Color: Orange<\/div>\n<div class=\"column\">\n<h2><strong>Introduction Extech 461825<\/strong><\/h2>\n<h3>2-in-1 Meter with stroboscope to analyze rotating objects and Tachometer to measure rpms<\/h3>\n<p>Perform Tachometer RPM measurement, Stroboscopic speed and motion analysis with the 461825 Combination Photo Tachometer and Stroboscope. Unique display reverses character direction depending on which measurement mode you are using. Tachometer memory stores last, max and min readings for recall. Strobe features course and fine flash rate adjustments in 3 ranges. Complete with 4 AA batteries, reflective tape, and carrying case.<\/p>\n<h2><strong>Features<\/strong><\/h2>\n<div class=\"page\" title=\"Page 1\">\n<div class=\"section\">\n<div class=\"layoutArea\">\n<div class=\"column\">&#8211; Unique display where characters reverse direction depending on measurement mode you are in<br \/>\n&#8211; Large 0.4&#8243; 5 digit LCD digital display<br \/>\n&#8211; Microprocessor based with quartz crystal oscillator\u00a0to maintain high accuracy<br \/>\n&#8211; Tachometer memory stores last, max and min readings<br \/>\n&#8211; Performs Tachometer RPM measurement and Stroboscopic speed and <a href=\"https:\/\/techmaster.com.vn\/en\/extech-461891-high-precision-contact-tachometer\/\">motion analysis<\/a><br \/>\n&#8211; Stroboscope course and fine flash rate adjustments in three ranges<br \/>\n&#8211; Battery operation brings motion analysis to any location<br \/>\n&#8211; Complete with four 1.5 volt AA batteries,\u00a0reflective tape and carrying case<\/div>\n<\/div>\n<\/div>\n<\/div>\n<\/div>\n<\/div>\n<\/div>\n<\/div>\n<\/div>\n<\/div>\n<\/div>\n<\/div>\n<\/div>\n<\/div>\n<\/div>\n<\/div>\n","protected":false},"excerpt":{"rendered":"<h2><strong>Key Features<\/strong><\/h2>\n<ul id=\"features\">\n<li>Stroboscope course and fine flash rate adjustments to freeze and analyze rotating objects<\/li>\n<li>Battery operation brings motion analysis to any location<\/li>\n<li>Unique display features characters that reverse direction depending on measurement mode<\/li>\n<li>Large 0.4&#8243; (10mm) 5 digit LCD display<\/li>\n<li>Microprocessor based with quartz crystal oscillator to maintain high accuracy<\/li>\n<li>Tachometer memory stores last, max, and min readings<\/li>\n<\/ul>\n","protected":false},"featured_media":5884,"comment_status":"open","ping_status":"closed","template":"","meta":[],"product_brand":[],"product_cat":[260,621],"product_tag":[],"class_list":{"0":"post-23375","1":"product","2":"type-product","3":"status-publish","4":"has-post-thumbnail","6":"product_cat-measuring-instruments","7":"product_cat-tachometer","9":"first","10":"instock","11":"shipping-taxable","12":"product-type-simple"},"yoast_head":"<!-- This site is optimized with the Yoast SEO Premium plugin v26.8 (Yoast SEO v26.8) - https:\/\/yoast.com\/product\/yoast-seo-premium-wordpress\/ -->\n<title>Extech 461825 Combination Photo Tachometer\/Stroboscope - Techmaster Electronics JSC<\/title>\n<meta name=\"description\" content=\"Perform Tachometer RPM measurement, Stroboscopic speed and motion analysis with the Extech 461825 Combination Photo Tachometer and Stroboscope.\" \/>\n<meta name=\"robots\" content=\"index, follow, max-snippet:-1, max-image-preview:large, max-video-preview:-1\" \/>\n<link rel=\"canonical\" href=\"https:\/\/techmaster.com.vn\/en\/extech-461825-combination-photo-tachometer-stroboscope\/\" \/>\n<meta property=\"og:locale\" content=\"en_US\" \/>\n<meta property=\"og:type\" content=\"article\" \/>\n<meta property=\"og:title\" content=\"Extech 461825 Combination Photo Tachometer\/Stroboscope\" \/>\n<meta property=\"og:description\" content=\"Perform Tachometer RPM measurement, Stroboscopic speed and motion analysis with the Extech 461825 Combination Photo Tachometer and Stroboscope.\" \/>\n<meta property=\"og:url\" content=\"https:\/\/techmaster.com.vn\/en\/extech-461825-combination-photo-tachometer-stroboscope\/\" \/>\n<meta property=\"og:site_name\" content=\"Techmaster Electronics JSC\" \/>\n<meta property=\"article:publisher\" content=\"https:\/\/www.facebook.com\/techmaster.electronics.jsc\" \/>\n<meta property=\"article:modified_time\" content=\"2023-07-11T07:19:16+00:00\" \/>\n<meta property=\"og:image\" content=\"https:\/\/techmaster.com.vn\/wp-content\/uploads\/2020\/12\/may-do-toc-do-vong-quay-khong-tiep-xuc-va-den-chop-Extech-461825.jpg\" \/>\n\t<meta property=\"og:image:width\" content=\"450\" \/>\n\t<meta property=\"og:image:height\" content=\"450\" \/>\n\t<meta property=\"og:image:type\" content=\"image\/jpeg\" \/>\n<meta name=\"twitter:card\" content=\"summary_large_image\" \/>\n<meta name=\"twitter:site\" content=\"@techmastervn\" \/>\n<meta name=\"twitter:label1\" content=\"Price\" \/>\n\t<meta name=\"twitter:data1\" content=\"Call for Price\" \/>\n\t<meta name=\"twitter:label2\" content=\"Availability\" \/>\n\t<meta name=\"twitter:data2\" content=\"In stock\" \/>\n<script type=\"application\/ld+json\" class=\"yoast-schema-graph\">{\"@context\":\"https:\/\/schema.org\",\"@graph\":[{\"@type\":\"WebPage\",\"@id\":\"https:\/\/techmaster.com.vn\/en\/extech-461825-combination-photo-tachometer-stroboscope\/\",\"url\":\"https:\/\/techmaster.com.vn\/en\/extech-461825-combination-photo-tachometer-stroboscope\/\",\"name\":\"Extech 461825 Combination Photo Tachometer\/Stroboscope - Techmaster Electronics JSC\",\"isPartOf\":{\"@id\":\"https:\/\/techmaster.com.vn\/en\/#website\"},\"primaryImageOfPage\":{\"@id\":\"https:\/\/techmaster.com.vn\/en\/extech-461825-combination-photo-tachometer-stroboscope\/#primaryimage\"},\"image\":{\"@id\":\"https:\/\/techmaster.com.vn\/en\/extech-461825-combination-photo-tachometer-stroboscope\/#primaryimage\"},\"thumbnailUrl\":\"https:\/\/techmaster.com.vn\/wp-content\/uploads\/2020\/12\/may-do-toc-do-vong-quay-khong-tiep-xuc-va-den-chop-Extech-461825.jpg\",\"datePublished\":\"2020-12-14T07:05:24+00:00\",\"dateModified\":\"2023-07-11T07:19:16+00:00\",\"description\":\"Perform Tachometer RPM measurement, Stroboscopic speed and motion analysis with the Extech 461825 Combination Photo Tachometer and Stroboscope.\",\"breadcrumb\":{\"@id\":\"https:\/\/techmaster.com.vn\/en\/extech-461825-combination-photo-tachometer-stroboscope\/#breadcrumb\"},\"inLanguage\":\"en-US\",\"potentialAction\":[{\"@type\":\"ReadAction\",\"target\":[\"https:\/\/techmaster.com.vn\/en\/extech-461825-combination-photo-tachometer-stroboscope\/\"]}]},{\"@type\":\"ImageObject\",\"inLanguage\":\"en-US\",\"@id\":\"https:\/\/techmaster.com.vn\/en\/extech-461825-combination-photo-tachometer-stroboscope\/#primaryimage\",\"url\":\"https:\/\/techmaster.com.vn\/wp-content\/uploads\/2020\/12\/may-do-toc-do-vong-quay-khong-tiep-xuc-va-den-chop-Extech-461825.jpg\",\"contentUrl\":\"https:\/\/techmaster.com.vn\/wp-content\/uploads\/2020\/12\/may-do-toc-do-vong-quay-khong-tiep-xuc-va-den-chop-Extech-461825.jpg\",\"width\":450,\"height\":450,\"caption\":\"M\u00e1y \u0111o t\u1ed1c \u0111\u1ed9 v\u00f2ng quay kh\u00f4ng ti\u1ebfp x\u00fac, \u0111\u00e8n ch\u1edbp Extech 461825 (Photo 0.5 \u0111\u1ebfn 20,000, Strobe 5 \u0111\u1ebfn 99,999)\"},{\"@type\":\"BreadcrumbList\",\"@id\":\"https:\/\/techmaster.com.vn\/en\/extech-461825-combination-photo-tachometer-stroboscope\/#breadcrumb\",\"itemListElement\":[{\"@type\":\"ListItem\",\"position\":1,\"name\":\"Trang ch\u1ee7\",\"item\":\"https:\/\/techmaster.com.vn\/en\/\"},{\"@type\":\"ListItem\",\"position\":2,\"name\":\"Shop\",\"item\":\"https:\/\/techmaster.com.vn\/san-pham\/\"},{\"@type\":\"ListItem\",\"position\":3,\"name\":\"Extech 461825 Combination Photo Tachometer\/Stroboscope\"}]},{\"@type\":\"WebSite\",\"@id\":\"https:\/\/techmaster.com.vn\/en\/#website\",\"url\":\"https:\/\/techmaster.com.vn\/en\/\",\"name\":\"Techmaster Electronics JSC\",\"description\":\"\",\"publisher\":{\"@id\":\"https:\/\/techmaster.com.vn\/en\/#organization\"},\"potentialAction\":[{\"@type\":\"SearchAction\",\"target\":{\"@type\":\"EntryPoint\",\"urlTemplate\":\"https:\/\/techmaster.com.vn\/en\/?s={search_term_string}\"},\"query-input\":{\"@type\":\"PropertyValueSpecification\",\"valueRequired\":true,\"valueName\":\"search_term_string\"}}],\"inLanguage\":\"en-US\"},{\"@type\":[\"Organization\",\"Place\"],\"@id\":\"https:\/\/techmaster.com.vn\/en\/#organization\",\"name\":\"Techmaster Electronics JSC\",\"url\":\"https:\/\/techmaster.com.vn\/en\/\",\"logo\":{\"@id\":\"https:\/\/techmaster.com.vn\/en\/extech-461825-combination-photo-tachometer-stroboscope\/#local-main-organization-logo\"},\"image\":{\"@id\":\"https:\/\/techmaster.com.vn\/en\/extech-461825-combination-photo-tachometer-stroboscope\/#local-main-organization-logo\"},\"sameAs\":[\"https:\/\/www.facebook.com\/techmaster.electronics.jsc\",\"https:\/\/x.com\/techmastervn\",\"https:\/\/www.instagram.com\/techmastervietnam\",\"https:\/\/myspace.com\/techmastervietnam\",\"https:\/\/www.youtube.com\/c\/TechmasterElectronicsJSC\",\"https:\/\/www.pinterest.com\/techmasterelectronicsjsc\/\",\"https:\/\/vi.wikipedia.org\/wiki\/Th\u00e0nh_vi\u00ean:Techmastervietnam\",\"https:\/\/twitter.com\/techmastervn\",\"https:\/\/www.linkedin.com\/company\/techmaster-vietnam\/\"],\"telephone\":[],\"contactPoint\":{\"@type\":\"ContactPoint\",\"email\":\"marketing@techmaster.com.vn\"},\"openingHoursSpecification\":[{\"@type\":\"OpeningHoursSpecification\",\"dayOfWeek\":[\"Monday\",\"Tuesday\",\"Wednesday\",\"Thursday\",\"Friday\",\"Saturday\",\"Sunday\"],\"opens\":\"09:00\",\"closes\":\"17:00\"}],\"email\":\"marketing@techmaster.com.vn\",\"areaServed\":\"Vietnam\"},{\"@type\":\"ImageObject\",\"inLanguage\":\"en-US\",\"@id\":\"https:\/\/techmaster.com.vn\/en\/extech-461825-combination-photo-tachometer-stroboscope\/#local-main-organization-logo\",\"url\":\"https:\/\/techmaster.com.vn\/wp-content\/uploads\/2021\/04\/techmaster-logo-homepage.png\",\"contentUrl\":\"https:\/\/techmaster.com.vn\/wp-content\/uploads\/2021\/04\/techmaster-logo-homepage.png\",\"width\":335,\"height\":62,\"caption\":\"Techmaster Electronics JSC\"}]}<\/script>\n<meta property=\"product:price:amount\" content=\"0\" \/>\n<meta property=\"product:price:currency\" content=\"VND\" \/>\n<meta property=\"og:availability\" content=\"instock\" \/>\n<meta property=\"product:availability\" content=\"instock\" \/>\n<meta property=\"product:condition\" content=\"new\" \/>\n<!-- \/ Yoast SEO Premium plugin. -->","yoast_head_json":{"title":"Extech 461825 Combination Photo Tachometer\/Stroboscope - Techmaster Electronics JSC","description":"Perform Tachometer RPM measurement, Stroboscopic speed and motion analysis with the Extech 461825 Combination Photo Tachometer and Stroboscope.","robots":{"index":"index","follow":"follow","max-snippet":"max-snippet:-1","max-image-preview":"max-image-preview:large","max-video-preview":"max-video-preview:-1"},"canonical":"https:\/\/techmaster.com.vn\/en\/extech-461825-combination-photo-tachometer-stroboscope\/","og_locale":"en_US","og_type":"article","og_title":"Extech 461825 Combination Photo Tachometer\/Stroboscope","og_description":"Perform Tachometer RPM measurement, Stroboscopic speed and motion analysis with the Extech 461825 Combination Photo Tachometer and Stroboscope.","og_url":"https:\/\/techmaster.com.vn\/en\/extech-461825-combination-photo-tachometer-stroboscope\/","og_site_name":"Techmaster Electronics JSC","article_publisher":"https:\/\/www.facebook.com\/techmaster.electronics.jsc","article_modified_time":"2023-07-11T07:19:16+00:00","og_image":[{"width":450,"height":450,"url":"https:\/\/techmaster.com.vn\/wp-content\/uploads\/2020\/12\/may-do-toc-do-vong-quay-khong-tiep-xuc-va-den-chop-Extech-461825.jpg","type":"image\/jpeg"}],"twitter_card":"summary_large_image","twitter_site":"@techmastervn","twitter_misc":{"Price":"Call for Price","Availability":"In stock"},"schema":{"@context":"https:\/\/schema.org","@graph":[{"@type":"WebPage","@id":"https:\/\/techmaster.com.vn\/en\/extech-461825-combination-photo-tachometer-stroboscope\/","url":"https:\/\/techmaster.com.vn\/en\/extech-461825-combination-photo-tachometer-stroboscope\/","name":"Extech 461825 Combination Photo Tachometer\/Stroboscope - Techmaster Electronics JSC","isPartOf":{"@id":"https:\/\/techmaster.com.vn\/en\/#website"},"primaryImageOfPage":{"@id":"https:\/\/techmaster.com.vn\/en\/extech-461825-combination-photo-tachometer-stroboscope\/#primaryimage"},"image":{"@id":"https:\/\/techmaster.com.vn\/en\/extech-461825-combination-photo-tachometer-stroboscope\/#primaryimage"},"thumbnailUrl":"https:\/\/techmaster.com.vn\/wp-content\/uploads\/2020\/12\/may-do-toc-do-vong-quay-khong-tiep-xuc-va-den-chop-Extech-461825.jpg","datePublished":"2020-12-14T07:05:24+00:00","dateModified":"2023-07-11T07:19:16+00:00","description":"Perform Tachometer RPM measurement, Stroboscopic speed and motion analysis with the Extech 461825 Combination Photo Tachometer and Stroboscope.","breadcrumb":{"@id":"https:\/\/techmaster.com.vn\/en\/extech-461825-combination-photo-tachometer-stroboscope\/#breadcrumb"},"inLanguage":"en-US","potentialAction":[{"@type":"ReadAction","target":["https:\/\/techmaster.com.vn\/en\/extech-461825-combination-photo-tachometer-stroboscope\/"]}]},{"@type":"ImageObject","inLanguage":"en-US","@id":"https:\/\/techmaster.com.vn\/en\/extech-461825-combination-photo-tachometer-stroboscope\/#primaryimage","url":"https:\/\/techmaster.com.vn\/wp-content\/uploads\/2020\/12\/may-do-toc-do-vong-quay-khong-tiep-xuc-va-den-chop-Extech-461825.jpg","contentUrl":"https:\/\/techmaster.com.vn\/wp-content\/uploads\/2020\/12\/may-do-toc-do-vong-quay-khong-tiep-xuc-va-den-chop-Extech-461825.jpg","width":450,"height":450,"caption":"M\u00e1y \u0111o t\u1ed1c \u0111\u1ed9 v\u00f2ng quay kh\u00f4ng ti\u1ebfp x\u00fac, \u0111\u00e8n ch\u1edbp Extech 461825 (Photo 0.5 \u0111\u1ebfn 20,000, Strobe 5 \u0111\u1ebfn 99,999)"},{"@type":"BreadcrumbList","@id":"https:\/\/techmaster.com.vn\/en\/extech-461825-combination-photo-tachometer-stroboscope\/#breadcrumb","itemListElement":[{"@type":"ListItem","position":1,"name":"Trang ch\u1ee7","item":"https:\/\/techmaster.com.vn\/en\/"},{"@type":"ListItem","position":2,"name":"Shop","item":"https:\/\/techmaster.com.vn\/san-pham\/"},{"@type":"ListItem","position":3,"name":"Extech 461825 Combination Photo Tachometer\/Stroboscope"}]},{"@type":"WebSite","@id":"https:\/\/techmaster.com.vn\/en\/#website","url":"https:\/\/techmaster.com.vn\/en\/","name":"Techmaster Electronics JSC","description":"","publisher":{"@id":"https:\/\/techmaster.com.vn\/en\/#organization"},"potentialAction":[{"@type":"SearchAction","target":{"@type":"EntryPoint","urlTemplate":"https:\/\/techmaster.com.vn\/en\/?s={search_term_string}"},"query-input":{"@type":"PropertyValueSpecification","valueRequired":true,"valueName":"search_term_string"}}],"inLanguage":"en-US"},{"@type":["Organization","Place"],"@id":"https:\/\/techmaster.com.vn\/en\/#organization","name":"Techmaster Electronics JSC","url":"https:\/\/techmaster.com.vn\/en\/","logo":{"@id":"https:\/\/techmaster.com.vn\/en\/extech-461825-combination-photo-tachometer-stroboscope\/#local-main-organization-logo"},"image":{"@id":"https:\/\/techmaster.com.vn\/en\/extech-461825-combination-photo-tachometer-stroboscope\/#local-main-organization-logo"},"sameAs":["https:\/\/www.facebook.com\/techmaster.electronics.jsc","https:\/\/x.com\/techmastervn","https:\/\/www.instagram.com\/techmastervietnam","https:\/\/myspace.com\/techmastervietnam","https:\/\/www.youtube.com\/c\/TechmasterElectronicsJSC","https:\/\/www.pinterest.com\/techmasterelectronicsjsc\/","https:\/\/vi.wikipedia.org\/wiki\/Th\u00e0nh_vi\u00ean:Techmastervietnam","https:\/\/twitter.com\/techmastervn","https:\/\/www.linkedin.com\/company\/techmaster-vietnam\/"],"telephone":[],"contactPoint":{"@type":"ContactPoint","email":"marketing@techmaster.com.vn"},"openingHoursSpecification":[{"@type":"OpeningHoursSpecification","dayOfWeek":["Monday","Tuesday","Wednesday","Thursday","Friday","Saturday","Sunday"],"opens":"09:00","closes":"17:00"}],"email":"marketing@techmaster.com.vn","areaServed":"Vietnam"},{"@type":"ImageObject","inLanguage":"en-US","@id":"https:\/\/techmaster.com.vn\/en\/extech-461825-combination-photo-tachometer-stroboscope\/#local-main-organization-logo","url":"https:\/\/techmaster.com.vn\/wp-content\/uploads\/2021\/04\/techmaster-logo-homepage.png","contentUrl":"https:\/\/techmaster.com.vn\/wp-content\/uploads\/2021\/04\/techmaster-logo-homepage.png","width":335,"height":62,"caption":"Techmaster Electronics JSC"}]},"product_price_currency":"VND","og_availability":"instock","product_availability":"instock","product_condition":"new"},"_links":{"self":[{"href":"https:\/\/techmaster.com.vn\/en\/wp-json\/wp\/v2\/product\/23375","targetHints":{"allow":["GET"]}}],"collection":[{"href":"https:\/\/techmaster.com.vn\/en\/wp-json\/wp\/v2\/product"}],"about":[{"href":"https:\/\/techmaster.com.vn\/en\/wp-json\/wp\/v2\/types\/product"}],"replies":[{"embeddable":true,"href":"https:\/\/techmaster.com.vn\/en\/wp-json\/wp\/v2\/comments?post=23375"}],"wp:featuredmedia":[{"embeddable":true,"href":"https:\/\/techmaster.com.vn\/en\/wp-json\/wp\/v2\/media\/5884"}],"wp:attachment":[{"href":"https:\/\/techmaster.com.vn\/en\/wp-json\/wp\/v2\/media?parent=23375"}],"wp:term":[{"taxonomy":"product_brand","embeddable":true,"href":"https:\/\/techmaster.com.vn\/en\/wp-json\/wp\/v2\/product_brand?post=23375"},{"taxonomy":"product_cat","embeddable":true,"href":"https:\/\/techmaster.com.vn\/en\/wp-json\/wp\/v2\/product_cat?post=23375"},{"taxonomy":"product_tag","embeddable":true,"href":"https:\/\/techmaster.com.vn\/en\/wp-json\/wp\/v2\/product_tag?post=23375"}],"curies":[{"name":"wp","href":"https:\/\/api.w.org\/{rel}","templated":true}]}}