{"id":22517,"date":"2020-12-14T15:16:30","date_gmt":"2020-12-14T08:16:30","guid":{"rendered":"https:\/\/techmaster.com.vn\/?post_type=product&#038;p=22517"},"modified":"2022-12-06T09:59:10","modified_gmt":"2022-12-06T02:59:10","slug":"extech-45170cm-5-in-1-environmental-meter-2","status":"publish","type":"product","link":"https:\/\/techmaster.com.vn\/en\/extech-45170cm-5-in-1-environmental-meter-2\/","title":{"rendered":"Extech 45170CM 5-IN-1 Environmental Meter"},"content":{"rendered":"<p><strong>SPECIFICATIONS EXTECH 45170CM: 5-IN-1 ENVIRONMENTAL METER<\/strong><\/p>\n<div class=\"column\">\n<ul>\n<li>General Specifications<\/li>\n<\/ul>\n<div class=\"page\" title=\"Page 5\">\n<div class=\"layoutArea\">\n<div class=\"column\">\n<p>Display: Dual, Multifunction LCD display<\/p>\n<div class=\"page\" title=\"Page 5\">\n<div class=\"section\">\n<div class=\"layoutArea\">\n<div class=\"column\">\n<p>Sensors: RH: Thin film capacitance humidity sensor; Temperature: Thermistor (or optional external Type K Thermocouple); Air sensor: Low friction vane wheel; Light: Photo diode with color correction<\/p>\n<div class=\"page\" title=\"Page 5\">\n<div class=\"layoutArea\">\n<div class=\"column\">\n<p>Min\/Max: Min\/Max recalls the highest\/lowest reading<\/p>\n<div class=\"page\" title=\"Page 5\">\n<div class=\"layoutArea\">\n<div class=\"column\">\n<p>Data Hold: Data Hold freezes the display<\/p>\n<div class=\"page\" title=\"Page 5\">\n<div class=\"layoutArea\">\n<div class=\"column\">\n<p>Operating conditions: 0 to 50oC (32 to 122oF) \/ &lt; 80% RH<\/p>\n<div class=\"page\" title=\"Page 5\">\n<div class=\"layoutArea\">\n<div class=\"column\">\n<p>Power supply: 9 Volt Battery<\/p>\n<div class=\"page\" title=\"Page 5\">\n<div class=\"layoutArea\">\n<div class=\"column\">\n<p>Dimensions \/ Weight: Instrument: 156 x 60 x 33mm (6.1 x 2.4 x 1.3\u201d); Vane: 31mm ( 1.2\u201d) diameter \/ 160 g (5.7 oz)<\/p>\n<div class=\"page\" title=\"Page 5\">\n<div class=\"layoutArea\">\n<div class=\"column\">\n<ul>\n<li>\n<h4>Measurement Specifications<\/h4>\n<\/li>\n<\/ul>\n<div class=\"page\" title=\"Page 5\">\n<div class=\"layoutArea\">\n<div class=\"column\">\n<p>\u2013 MPH (Miles per hour)<\/p>\n<div class=\"page\" title=\"Page 5\">\n<div class=\"layoutArea\">\n<div class=\"column\">\n<p>Range: 0.9 to 67.0MPH<\/p>\n<div class=\"page\" title=\"Page 5\">\n<div class=\"layoutArea\">\n<div class=\"column\">\n<p>Resolution: 0.1MPH<\/p>\n<div class=\"page\" title=\"Page 5\">\n<div class=\"layoutArea\">\n<div class=\"column\">\n<p>Accuracy: \u2264\u00a03937 ft\/min: \u00b13% F.S; &gt; 3937 ft\/min: \u00b14% F.S<\/p>\n<div class=\"page\" title=\"Page 5\">\n<div class=\"layoutArea\">\n<div class=\"column\">\n<p>\u2013 km\/hr (kilometers per hour) Extech 45170CM<\/p>\n<div class=\"page\" title=\"Page 5\">\n<div class=\"layoutArea\">\n<div class=\"column\">\n<p>Range: 1.4 to 108.0 km\/h<\/p>\n<div class=\"page\" title=\"Page 5\">\n<div class=\"layoutArea\">\n<div class=\"column\">\n<p>Resolution: 0.1km\/h<\/p>\n<p>Accuracy: \u2264\u00a03937 ft\/min: \u00b13% F.S; &gt; 3937 ft\/min: \u00b14% F.S<\/p>\n<div class=\"page\" title=\"Page 5\">\n<div class=\"layoutArea\">\n<div class=\"column\">\n<p>\u2013 Knots (nautical miles per hour):<\/p>\n<div class=\"page\" title=\"Page 5\">\n<div class=\"layoutArea\">\n<div class=\"column\">\n<p>Range: 0.8 to 58.3 knots<\/p>\n<div class=\"page\" title=\"Page 5\">\n<div class=\"layoutArea\">\n<div class=\"column\">\n<p>Resolution: 0.1knots<\/p>\n<p>Accuracy: \u2264\u00a03937 ft\/min: \u00b13% F.S; &gt; 3937 ft\/min: \u00b14% F.S<\/p>\n<div class=\"page\" title=\"Page 5\">\n<div class=\"layoutArea\">\n<div class=\"column\">\n<p>\u2013 m\/sec (meters per second)<\/p>\n<div class=\"page\" title=\"Page 5\">\n<div class=\"layoutArea\">\n<div class=\"column\">\n<p>Range: 0.4 to 30.0 m\/s<\/p>\n<div class=\"page\" title=\"Page 5\">\n<div class=\"layoutArea\">\n<div class=\"column\">\n<p>Resolution: 0.1 m\/s<\/p>\n<p>Accuracy: \u2264\u00a03937 ft\/min: \u00b13% F.S; &gt; 3937 ft\/min: \u00b14% F.S<\/p>\n<div class=\"page\" title=\"Page 5\">\n<div class=\"layoutArea\">\n<div class=\"column\">\n<p>\u2013 ft\/min (feet per minute)<\/p>\n<p>Range: 80 to 5910 ft\/min<\/p>\n<p>Resolution: 1ft\/min<\/p>\n<p>Accuracy: \u2264\u00a03937 ft\/min: \u00b13% F.S; &gt; 3937 ft\/min: \u00b14% F.S<\/p>\n<p><strong style=\"color: #333333; font-size: 23.040000915527344px;\">Introduction Extech 45170CM<\/strong><\/p>\n<\/div>\n<\/div>\n<\/div>\n<\/div>\n<\/div>\n<\/div>\n<\/div>\n<\/div>\n<\/div>\n<\/div>\n<\/div>\n<\/div>\n<\/div>\n<\/div>\n<\/div>\n<\/div>\n<\/div>\n<\/div>\n<\/div>\n<\/div>\n<\/div>\n<\/div>\n<\/div>\n<\/div>\n<\/div>\n<\/div>\n<\/div>\n<\/div>\n<\/div>\n<\/div>\n<\/div>\n<\/div>\n<\/div>\n<\/div>\n<\/div>\n<\/div>\n<\/div>\n<\/div>\n<\/div>\n<\/div>\n<\/div>\n<\/div>\n<\/div>\n<\/div>\n<\/div>\n<h3>Measures Air Velocity, Air Flow, Humidity, Temperature and Light<\/h3>\n<p>The 45170CM is a convenient 5-in-1 Environmental Meter which measures Air Velocity, Air Volume, Humidity, Temperature and Light. Ergonomic housing design with a large dual &#8220;smart&#8221; LCD where characters on display reverse direction depending on the function in use. This multi-functional meter is ideal for professional or home use in testing the environmental quality in a building. Featuring Data Hold, Min\/Max, Auto Power Off functions. Complete with built-in sensors, wrist strap and 9V battery.<\/p>\n<\/div>\n<\/div>\n<\/div>\n<\/div>\n<\/div>\n<\/div>\n<\/div>\n<\/div>\n<\/div>\n<\/div>\n<\/div>\n<\/div>\n<\/div>\n<\/div>\n<\/div>\n<\/div>\n<\/div>\n<\/div>\n<\/div>\n<\/div>\n<\/div>\n<\/div>\n<\/div>\n<h2 class=\"column\"><strong>Features <strong style=\"color: #333333; font-size: 23.040000915527344px;\">Extech 45170CM<\/strong><\/strong><\/h2>\n<p>&#8211; Ergonomic housing with large dual \u201csmart\u201d LCD where characters on display reverse direction depending on the function in use<br \/>\n&#8211; Low friction vane wheel improves accuracy of <a href=\"https:\/\/techmaster.com.vn\/en\/extech-en300-5-in-1-environmental-meter\/\">Air Velocity and Air Flow measurements<\/a><br \/>\n&#8211; Utilizes precision photo diode and color correction filter for light measurements<br \/>\n&#8211; Thin-film capacitance humidity sensor for fast response<br \/>\n&#8211; Thermistor measures ambient Temperature<br \/>\n&#8211; Type K input measures Temperature to 2372\u00b0F (1300\u00b0C) using optional Type K probe<br \/>\n&#8211; Data Hold and Min\/Max<br \/>\n&#8211; Auto power off with disable feature<br \/>\n&#8211; Low battery and overrange indication<br \/>\n&#8211; Complete with built-in sensors, wrist strap, and 9V battery; Type K thermocouple probe sold separately<\/p>\n","protected":false},"excerpt":{"rendered":"<h2><strong>Key Features<\/strong><\/h2>\n<ul id=\"features\">\n<li>Ideal for professional or home use in testing the environmental quality in a building<\/li>\n<li>Ergonomic housing with large dual LCD<\/li>\n<li>Low friction vane wheel improves accuracy of Air Velocity and Air Flow measurements<\/li>\n<li>Utilizes precision photo diode and color correction filter for light measurements<\/li>\n<li>Thin-film capacitance humidity sensor for fast response<\/li>\n<\/ul>\n","protected":false},"featured_media":5907,"comment_status":"open","ping_status":"closed","template":"","meta":[],"product_brand":[],"product_cat":[260,240,512,334,351],"product_tag":[],"class_list":{"0":"post-22517","1":"product","2":"type-product","3":"status-publish","4":"has-post-thumbnail","6":"product_cat-measuring-instruments","7":"product_cat-environmental-measuring","8":"product_cat-light-meter","9":"product_cat-anemometer","10":"product_cat-enviromental-data-logger","12":"first","13":"instock","14":"shipping-taxable","15":"product-type-simple"},"yoast_head":"<!-- This site is optimized with the Yoast SEO Premium plugin v26.8 (Yoast SEO v26.8) - https:\/\/yoast.com\/product\/yoast-seo-premium-wordpress\/ -->\n<title>Extech 45170CM 5-IN-1 Environmental Meter - Techmaster Electronics JSC<\/title>\n<meta name=\"description\" content=\"The Extech 45170CM is a convenient 5-in-1 Environmental Meter which measures Air Velocity, Air Volume, Humidity, Temperature and Light.\" \/>\n<meta name=\"robots\" content=\"index, follow, max-snippet:-1, max-image-preview:large, max-video-preview:-1\" \/>\n<link rel=\"canonical\" href=\"https:\/\/techmaster.com.vn\/en\/extech-45170cm-5-in-1-environmental-meter-2\/\" \/>\n<meta property=\"og:locale\" content=\"en_US\" \/>\n<meta property=\"og:type\" content=\"article\" \/>\n<meta property=\"og:title\" content=\"Extech 45170CM 5-IN-1 Environmental Meter\" \/>\n<meta property=\"og:description\" content=\"The Extech 45170CM is a convenient 5-in-1 Environmental Meter which measures Air Velocity, Air Volume, Humidity, Temperature and Light.\" \/>\n<meta property=\"og:url\" content=\"https:\/\/techmaster.com.vn\/en\/extech-45170cm-5-in-1-environmental-meter-2\/\" \/>\n<meta property=\"og:site_name\" content=\"Techmaster Electronics JSC\" \/>\n<meta property=\"article:publisher\" content=\"https:\/\/www.facebook.com\/techmaster.electronics.jsc\" \/>\n<meta property=\"article:modified_time\" content=\"2022-12-06T02:59:10+00:00\" \/>\n<meta property=\"og:image\" content=\"https:\/\/techmaster.com.vn\/wp-content\/uploads\/2020\/12\/may-do-nhiet-do-do-am-toc-do-gio-anh-sang-Extech-45170CM.jpg\" \/>\n\t<meta property=\"og:image:width\" content=\"450\" \/>\n\t<meta property=\"og:image:height\" content=\"450\" \/>\n\t<meta property=\"og:image:type\" content=\"image\/jpeg\" \/>\n<meta name=\"twitter:card\" content=\"summary_large_image\" \/>\n<meta name=\"twitter:site\" content=\"@techmastervn\" \/>\n<meta name=\"twitter:label1\" content=\"Price\" \/>\n\t<meta name=\"twitter:data1\" content=\"Call for Price\" \/>\n\t<meta name=\"twitter:label2\" content=\"Availability\" \/>\n\t<meta name=\"twitter:data2\" content=\"In stock\" \/>\n<script type=\"application\/ld+json\" class=\"yoast-schema-graph\">{\"@context\":\"https:\/\/schema.org\",\"@graph\":[{\"@type\":\"WebPage\",\"@id\":\"https:\/\/techmaster.com.vn\/en\/extech-45170cm-5-in-1-environmental-meter-2\/\",\"url\":\"https:\/\/techmaster.com.vn\/en\/extech-45170cm-5-in-1-environmental-meter-2\/\",\"name\":\"Extech 45170CM 5-IN-1 Environmental Meter - Techmaster Electronics JSC\",\"isPartOf\":{\"@id\":\"https:\/\/techmaster.com.vn\/en\/#website\"},\"primaryImageOfPage\":{\"@id\":\"https:\/\/techmaster.com.vn\/en\/extech-45170cm-5-in-1-environmental-meter-2\/#primaryimage\"},\"image\":{\"@id\":\"https:\/\/techmaster.com.vn\/en\/extech-45170cm-5-in-1-environmental-meter-2\/#primaryimage\"},\"thumbnailUrl\":\"https:\/\/techmaster.com.vn\/wp-content\/uploads\/2020\/12\/may-do-nhiet-do-do-am-toc-do-gio-anh-sang-Extech-45170CM.jpg\",\"datePublished\":\"2020-12-14T08:16:30+00:00\",\"dateModified\":\"2022-12-06T02:59:10+00:00\",\"description\":\"The Extech 45170CM is a convenient 5-in-1 Environmental Meter which measures Air Velocity, Air Volume, Humidity, Temperature and Light.\",\"breadcrumb\":{\"@id\":\"https:\/\/techmaster.com.vn\/en\/extech-45170cm-5-in-1-environmental-meter-2\/#breadcrumb\"},\"inLanguage\":\"en-US\",\"potentialAction\":[{\"@type\":\"ReadAction\",\"target\":[\"https:\/\/techmaster.com.vn\/en\/extech-45170cm-5-in-1-environmental-meter-2\/\"]}]},{\"@type\":\"ImageObject\",\"inLanguage\":\"en-US\",\"@id\":\"https:\/\/techmaster.com.vn\/en\/extech-45170cm-5-in-1-environmental-meter-2\/#primaryimage\",\"url\":\"https:\/\/techmaster.com.vn\/wp-content\/uploads\/2020\/12\/may-do-nhiet-do-do-am-toc-do-gio-anh-sang-Extech-45170CM.jpg\",\"contentUrl\":\"https:\/\/techmaster.com.vn\/wp-content\/uploads\/2020\/12\/may-do-nhiet-do-do-am-toc-do-gio-anh-sang-Extech-45170CM.jpg\",\"width\":450,\"height\":450,\"caption\":\"M\u00e1y \u0111o nhi\u1ec7t \u0111\u00f4, \u0111\u1ed9 \u1ea9m, t\u1ed1c \u0111\u1ed9 gi\u00f3, \u00e1nh s\u00e1ng Extech 45170CM\"},{\"@type\":\"BreadcrumbList\",\"@id\":\"https:\/\/techmaster.com.vn\/en\/extech-45170cm-5-in-1-environmental-meter-2\/#breadcrumb\",\"itemListElement\":[{\"@type\":\"ListItem\",\"position\":1,\"name\":\"Trang ch\u1ee7\",\"item\":\"https:\/\/techmaster.com.vn\/en\/\"},{\"@type\":\"ListItem\",\"position\":2,\"name\":\"Shop\",\"item\":\"https:\/\/techmaster.com.vn\/san-pham\/\"},{\"@type\":\"ListItem\",\"position\":3,\"name\":\"Extech 45170CM 5-IN-1 Environmental Meter\"}]},{\"@type\":\"WebSite\",\"@id\":\"https:\/\/techmaster.com.vn\/en\/#website\",\"url\":\"https:\/\/techmaster.com.vn\/en\/\",\"name\":\"Techmaster Electronics JSC\",\"description\":\"\",\"publisher\":{\"@id\":\"https:\/\/techmaster.com.vn\/en\/#organization\"},\"potentialAction\":[{\"@type\":\"SearchAction\",\"target\":{\"@type\":\"EntryPoint\",\"urlTemplate\":\"https:\/\/techmaster.com.vn\/en\/?s={search_term_string}\"},\"query-input\":{\"@type\":\"PropertyValueSpecification\",\"valueRequired\":true,\"valueName\":\"search_term_string\"}}],\"inLanguage\":\"en-US\"},{\"@type\":[\"Organization\",\"Place\"],\"@id\":\"https:\/\/techmaster.com.vn\/en\/#organization\",\"name\":\"Techmaster Electronics JSC\",\"url\":\"https:\/\/techmaster.com.vn\/en\/\",\"logo\":{\"@id\":\"https:\/\/techmaster.com.vn\/en\/extech-45170cm-5-in-1-environmental-meter-2\/#local-main-organization-logo\"},\"image\":{\"@id\":\"https:\/\/techmaster.com.vn\/en\/extech-45170cm-5-in-1-environmental-meter-2\/#local-main-organization-logo\"},\"sameAs\":[\"https:\/\/www.facebook.com\/techmaster.electronics.jsc\",\"https:\/\/x.com\/techmastervn\",\"https:\/\/www.instagram.com\/techmastervietnam\",\"https:\/\/myspace.com\/techmastervietnam\",\"https:\/\/www.youtube.com\/c\/TechmasterElectronicsJSC\",\"https:\/\/www.pinterest.com\/techmasterelectronicsjsc\/\",\"https:\/\/vi.wikipedia.org\/wiki\/Th\u00e0nh_vi\u00ean:Techmastervietnam\",\"https:\/\/twitter.com\/techmastervn\",\"https:\/\/www.linkedin.com\/company\/techmaster-vietnam\/\"],\"telephone\":[],\"contactPoint\":{\"@type\":\"ContactPoint\",\"email\":\"marketing@techmaster.com.vn\"},\"openingHoursSpecification\":[{\"@type\":\"OpeningHoursSpecification\",\"dayOfWeek\":[\"Monday\",\"Tuesday\",\"Wednesday\",\"Thursday\",\"Friday\",\"Saturday\",\"Sunday\"],\"opens\":\"09:00\",\"closes\":\"17:00\"}],\"email\":\"marketing@techmaster.com.vn\",\"areaServed\":\"Vietnam\"},{\"@type\":\"ImageObject\",\"inLanguage\":\"en-US\",\"@id\":\"https:\/\/techmaster.com.vn\/en\/extech-45170cm-5-in-1-environmental-meter-2\/#local-main-organization-logo\",\"url\":\"https:\/\/techmaster.com.vn\/wp-content\/uploads\/2021\/04\/techmaster-logo-homepage.png\",\"contentUrl\":\"https:\/\/techmaster.com.vn\/wp-content\/uploads\/2021\/04\/techmaster-logo-homepage.png\",\"width\":335,\"height\":62,\"caption\":\"Techmaster Electronics JSC\"}]}<\/script>\n<meta property=\"product:price:amount\" content=\"0\" \/>\n<meta property=\"product:price:currency\" content=\"VND\" \/>\n<meta property=\"og:availability\" content=\"instock\" \/>\n<meta property=\"product:availability\" content=\"instock\" \/>\n<meta property=\"product:condition\" content=\"new\" \/>\n<!-- \/ Yoast SEO Premium plugin. -->","yoast_head_json":{"title":"Extech 45170CM 5-IN-1 Environmental Meter - Techmaster Electronics JSC","description":"The Extech 45170CM is a convenient 5-in-1 Environmental Meter which measures Air Velocity, Air Volume, Humidity, Temperature and Light.","robots":{"index":"index","follow":"follow","max-snippet":"max-snippet:-1","max-image-preview":"max-image-preview:large","max-video-preview":"max-video-preview:-1"},"canonical":"https:\/\/techmaster.com.vn\/en\/extech-45170cm-5-in-1-environmental-meter-2\/","og_locale":"en_US","og_type":"article","og_title":"Extech 45170CM 5-IN-1 Environmental Meter","og_description":"The Extech 45170CM is a convenient 5-in-1 Environmental Meter which measures Air Velocity, Air Volume, Humidity, Temperature and Light.","og_url":"https:\/\/techmaster.com.vn\/en\/extech-45170cm-5-in-1-environmental-meter-2\/","og_site_name":"Techmaster Electronics JSC","article_publisher":"https:\/\/www.facebook.com\/techmaster.electronics.jsc","article_modified_time":"2022-12-06T02:59:10+00:00","og_image":[{"width":450,"height":450,"url":"https:\/\/techmaster.com.vn\/wp-content\/uploads\/2020\/12\/may-do-nhiet-do-do-am-toc-do-gio-anh-sang-Extech-45170CM.jpg","type":"image\/jpeg"}],"twitter_card":"summary_large_image","twitter_site":"@techmastervn","twitter_misc":{"Price":"Call for Price","Availability":"In stock"},"schema":{"@context":"https:\/\/schema.org","@graph":[{"@type":"WebPage","@id":"https:\/\/techmaster.com.vn\/en\/extech-45170cm-5-in-1-environmental-meter-2\/","url":"https:\/\/techmaster.com.vn\/en\/extech-45170cm-5-in-1-environmental-meter-2\/","name":"Extech 45170CM 5-IN-1 Environmental Meter - Techmaster Electronics JSC","isPartOf":{"@id":"https:\/\/techmaster.com.vn\/en\/#website"},"primaryImageOfPage":{"@id":"https:\/\/techmaster.com.vn\/en\/extech-45170cm-5-in-1-environmental-meter-2\/#primaryimage"},"image":{"@id":"https:\/\/techmaster.com.vn\/en\/extech-45170cm-5-in-1-environmental-meter-2\/#primaryimage"},"thumbnailUrl":"https:\/\/techmaster.com.vn\/wp-content\/uploads\/2020\/12\/may-do-nhiet-do-do-am-toc-do-gio-anh-sang-Extech-45170CM.jpg","datePublished":"2020-12-14T08:16:30+00:00","dateModified":"2022-12-06T02:59:10+00:00","description":"The Extech 45170CM is a convenient 5-in-1 Environmental Meter which measures Air Velocity, Air Volume, Humidity, Temperature and Light.","breadcrumb":{"@id":"https:\/\/techmaster.com.vn\/en\/extech-45170cm-5-in-1-environmental-meter-2\/#breadcrumb"},"inLanguage":"en-US","potentialAction":[{"@type":"ReadAction","target":["https:\/\/techmaster.com.vn\/en\/extech-45170cm-5-in-1-environmental-meter-2\/"]}]},{"@type":"ImageObject","inLanguage":"en-US","@id":"https:\/\/techmaster.com.vn\/en\/extech-45170cm-5-in-1-environmental-meter-2\/#primaryimage","url":"https:\/\/techmaster.com.vn\/wp-content\/uploads\/2020\/12\/may-do-nhiet-do-do-am-toc-do-gio-anh-sang-Extech-45170CM.jpg","contentUrl":"https:\/\/techmaster.com.vn\/wp-content\/uploads\/2020\/12\/may-do-nhiet-do-do-am-toc-do-gio-anh-sang-Extech-45170CM.jpg","width":450,"height":450,"caption":"M\u00e1y \u0111o nhi\u1ec7t \u0111\u00f4, \u0111\u1ed9 \u1ea9m, t\u1ed1c \u0111\u1ed9 gi\u00f3, \u00e1nh s\u00e1ng Extech 45170CM"},{"@type":"BreadcrumbList","@id":"https:\/\/techmaster.com.vn\/en\/extech-45170cm-5-in-1-environmental-meter-2\/#breadcrumb","itemListElement":[{"@type":"ListItem","position":1,"name":"Trang ch\u1ee7","item":"https:\/\/techmaster.com.vn\/en\/"},{"@type":"ListItem","position":2,"name":"Shop","item":"https:\/\/techmaster.com.vn\/san-pham\/"},{"@type":"ListItem","position":3,"name":"Extech 45170CM 5-IN-1 Environmental Meter"}]},{"@type":"WebSite","@id":"https:\/\/techmaster.com.vn\/en\/#website","url":"https:\/\/techmaster.com.vn\/en\/","name":"Techmaster Electronics JSC","description":"","publisher":{"@id":"https:\/\/techmaster.com.vn\/en\/#organization"},"potentialAction":[{"@type":"SearchAction","target":{"@type":"EntryPoint","urlTemplate":"https:\/\/techmaster.com.vn\/en\/?s={search_term_string}"},"query-input":{"@type":"PropertyValueSpecification","valueRequired":true,"valueName":"search_term_string"}}],"inLanguage":"en-US"},{"@type":["Organization","Place"],"@id":"https:\/\/techmaster.com.vn\/en\/#organization","name":"Techmaster Electronics JSC","url":"https:\/\/techmaster.com.vn\/en\/","logo":{"@id":"https:\/\/techmaster.com.vn\/en\/extech-45170cm-5-in-1-environmental-meter-2\/#local-main-organization-logo"},"image":{"@id":"https:\/\/techmaster.com.vn\/en\/extech-45170cm-5-in-1-environmental-meter-2\/#local-main-organization-logo"},"sameAs":["https:\/\/www.facebook.com\/techmaster.electronics.jsc","https:\/\/x.com\/techmastervn","https:\/\/www.instagram.com\/techmastervietnam","https:\/\/myspace.com\/techmastervietnam","https:\/\/www.youtube.com\/c\/TechmasterElectronicsJSC","https:\/\/www.pinterest.com\/techmasterelectronicsjsc\/","https:\/\/vi.wikipedia.org\/wiki\/Th\u00e0nh_vi\u00ean:Techmastervietnam","https:\/\/twitter.com\/techmastervn","https:\/\/www.linkedin.com\/company\/techmaster-vietnam\/"],"telephone":[],"contactPoint":{"@type":"ContactPoint","email":"marketing@techmaster.com.vn"},"openingHoursSpecification":[{"@type":"OpeningHoursSpecification","dayOfWeek":["Monday","Tuesday","Wednesday","Thursday","Friday","Saturday","Sunday"],"opens":"09:00","closes":"17:00"}],"email":"marketing@techmaster.com.vn","areaServed":"Vietnam"},{"@type":"ImageObject","inLanguage":"en-US","@id":"https:\/\/techmaster.com.vn\/en\/extech-45170cm-5-in-1-environmental-meter-2\/#local-main-organization-logo","url":"https:\/\/techmaster.com.vn\/wp-content\/uploads\/2021\/04\/techmaster-logo-homepage.png","contentUrl":"https:\/\/techmaster.com.vn\/wp-content\/uploads\/2021\/04\/techmaster-logo-homepage.png","width":335,"height":62,"caption":"Techmaster Electronics JSC"}]},"product_price_currency":"VND","og_availability":"instock","product_availability":"instock","product_condition":"new"},"_links":{"self":[{"href":"https:\/\/techmaster.com.vn\/en\/wp-json\/wp\/v2\/product\/22517","targetHints":{"allow":["GET"]}}],"collection":[{"href":"https:\/\/techmaster.com.vn\/en\/wp-json\/wp\/v2\/product"}],"about":[{"href":"https:\/\/techmaster.com.vn\/en\/wp-json\/wp\/v2\/types\/product"}],"replies":[{"embeddable":true,"href":"https:\/\/techmaster.com.vn\/en\/wp-json\/wp\/v2\/comments?post=22517"}],"wp:featuredmedia":[{"embeddable":true,"href":"https:\/\/techmaster.com.vn\/en\/wp-json\/wp\/v2\/media\/5907"}],"wp:attachment":[{"href":"https:\/\/techmaster.com.vn\/en\/wp-json\/wp\/v2\/media?parent=22517"}],"wp:term":[{"taxonomy":"product_brand","embeddable":true,"href":"https:\/\/techmaster.com.vn\/en\/wp-json\/wp\/v2\/product_brand?post=22517"},{"taxonomy":"product_cat","embeddable":true,"href":"https:\/\/techmaster.com.vn\/en\/wp-json\/wp\/v2\/product_cat?post=22517"},{"taxonomy":"product_tag","embeddable":true,"href":"https:\/\/techmaster.com.vn\/en\/wp-json\/wp\/v2\/product_tag?post=22517"}],"curies":[{"name":"wp","href":"https:\/\/api.w.org\/{rel}","templated":true}]}}