{"id":22444,"date":"2021-10-14T15:56:47","date_gmt":"2021-10-14T08:56:47","guid":{"rendered":"https:\/\/techmaster.com.vn\/?post_type=product&#038;p=22444"},"modified":"2023-03-03T14:34:39","modified_gmt":"2023-03-03T07:34:39","slug":"milwaukee-m18-fsagv125xpdb-0x0-fuel-125-mm-variable-speed-and-braking-angle-grinder-with-paddle-switch","status":"publish","type":"product","link":"https:\/\/techmaster.com.vn\/en\/milwaukee-m18-fsagv125xpdb-0x0-fuel-125-mm-variable-speed-and-braking-angle-grinder-with-paddle-switch\/","title":{"rendered":"MILWAUKEE M18 FSAGV125XPDB-0X0 FUEL\u2122 125 MM VARIABLE SPEED AND BRAKING ANGLE GRINDER WITH PADDLE SWITCH"},"content":{"rendered":"<p><b><strong>SPECIFICATIONS\u00a0<\/strong>MILWAUKEE M18 FSAGV125XPDB-0X0 FUEL\u2122 125 MM VARIABLE SPEED AND BRAKING ANGLE GRINDER<\/b><\/p>\n<p><strong>Disc diameter (mm): <\/strong>125<\/p>\n<p><strong>No load speed (RPM): <\/strong>3500 &#8211; 8500<\/p>\n<p><strong>Max. cutting depth (mm): <\/strong>33<\/p>\n<p><strong>Spindle size (mm): <\/strong>M14<\/p>\n<p><strong>Switch type: <\/strong>Paddle (Deadman) switch<\/p>\n<p><strong>Braking time (s): <\/strong>&lt; 2 sec<\/p>\n<p><strong>Line lock out function: <\/strong>Yes<\/p>\n<p><strong>Battery platform: <\/strong>M18\u2122 REDLITHIUM\u2122-ION<\/p>\n<p><strong>Voltage (V): <\/strong>18<\/p>\n<p><strong>FUEL Gauge: <\/strong>Yes<\/p>\n<p><strong>Weight with battery pack if applicable (kg): <\/strong>2.7kg (5.0Ah)<\/p>\n<div style=\"text-align: justify;\"><\/div>\n<h2><strong>Introduction Milwaukee M18 <b>FSAGV125XPDB-0X0<\/b><\/strong><\/h2>\n<p style=\"text-align: justify;\">The M18 FUEL\u2122 125 mm (5&#8243;) Angle Grinder with Deadman Paddle Switch (Milwaukee M18 FSAGV125XPDB-0X0) is the next advancement in power and performance, fast cutting and a lighter and more compact design when compared to the current model. The POWERSTATE\u2122 Brushless Motor delivers maximum sustained power and 8,500 RPM to remove material faster and increase productivity. REDLINK\u2122 PLUS Intelligence ensures unmatched levels of performance, protection, and compatibility. The M18 FUEL\u2122 125 mm (5&#8243;) Angle Grinder with Deadman Paddle Switch includes an electronic clutch for kickback protection, as well as overload protection to maximise motor life. With tool-free accessory and guard adjustments, users will experience fast accessory changes, and less downtime, while remaining fully compatible with the most common accessories in the market. The MILWAUKEE\u00ae M18 FUEL\u2122 125 mm (5&#8243;) Angle Grinder with Deadman Paddle Switch takes cordless grinders to the next level.<\/p>\n<h2><strong>Features <\/strong><strong>Milwaukee M18 <b>FSAGV125XPDB-0X0<\/b><\/strong><\/h2>\n<p>&#8211; Maximum control for every application &#8211; 5-step speed dial ideal for working with stainless steel and aluminum &amp; for rust and paint removal<\/p>\n<p>&#8211; Delivering corded performance similar to a 1200 W grinder<\/p>\n<p>&#8211; RAPIDSTOP\u2122 for fastest disc brake in less than 2 seconds and best user protection<\/p>\n<p>&#8211; Non-lockable safety paddle switch with line-lock-out function to prevent automatic start up<\/p>\n<p>&#8211; Anti-vibration side handle for lower vibration<\/p>\n<p>&#8211; Integrated FIXTEC\u2122 system for tool-free wheel change<br \/>\n&#8211; Slim handle design<\/p>\n<p>&#8211; Removable dust screen to prevent debris entrance, prolonging motor life<\/p>\n<p>&#8211; 125 mm keyless guard for great cutting capacity and fast guard adjustment without using a key<\/p>\n<p>&#8211; The DNA of our FUEL\u2122 platform redefines the balance of cordless technologies. MILWAUKEE\u00ae&#8217;s POWERSTATE\u2122 brushless motor, REDLITHIUM\u2122 battery pack and REDLINK PLUS\u2122 electronic intelligence delivering\u00a0 outstanding power, run time and durability<\/p>\n<p>&#8211; Flexible battery system: works with all MILWAUKEE\u00ae M18\u2122 batteries<\/p>\n<p style=\"text-align: center;\"><a href=\"https:\/\/techmaster.com.vn\/wp-content\/uploads\/2021\/10\/may-mai-goc-milwaukee-m18-fsagv125xpdb-0X0-7-1.png\"><img loading=\"lazy\" decoding=\"async\" class=\"alignnone size-full wp-image-22551\" src=\"https:\/\/techmaster.com.vn\/wp-content\/uploads\/2021\/10\/may-mai-goc-milwaukee-m18-fsagv125xpdb-0X0-7-1.png\" alt=\"M\u00e1y m\u00e0i g\u00f3c Milwaukee M18 FSAGV125XPDB-0X0 (8)\" width=\"772\" height=\"346\" \/><\/a><\/p>\n<h2><strong>Milwaukee Brand<\/strong><\/h2>\n<div>Since the company began in 1924, Milwaukee Tool has led the industry in developing innovative solutions that deliver increased productivity and unmatched durability for professional construction users. Whether it is through our world-leading M12\u2122 and M18\u2122 cordless systems, the ground-breaking performance of our M12 and M18 FUEL\u2122 products, jobsite lighting, time-saving accessories, or innovative hand tool and storage products, Milwaukee are dedicated to delivering a continuous flow of advanced, trade-specific solutions. Milwaukee Tool is not simply a manufacturer \u2013 Milwaukee are progressive problem solvers.<\/div>\n","protected":false},"excerpt":{"rendered":"<h2><strong>Features<\/strong><\/h2>\n<div id=\"p_lt_ctl01_pageplaceholder_p_lt_ctl01_MilwaukeeProductFeatures_pnlFeatues\" class=\"product__description js-description-mask is-active\">\n<div class=\"product__description-content js-product-content\">\n<p>&#8211; Delivering corded performance similar to a 1200 W grinder<\/p>\n<p>&#8211; RAPIDSTOP\u2122 for fastest disc brake in less than 2 seconds and best user protection<\/p>\n<p>&#8211; Non-lockable safety paddle switch with line-lock-out function to prevent automatic start up<\/p>\n<p>&#8211; Anti-vibration side handle for lower vibration<\/p>\n<p>&#8211; Integrated FIXTEC\u2122 system for tool-free wheel change<\/p>\n<\/div>\n<\/div>\n","protected":false},"featured_media":22446,"comment_status":"open","ping_status":"closed","template":"","meta":[],"product_brand":[],"product_cat":[161,373,268],"product_tag":[],"class_list":{"0":"post-22444","1":"product","2":"type-product","3":"status-publish","4":"has-post-thumbnail","6":"product_cat-hand-tools","7":"product_cat-m18-en","8":"product_cat-grinders","9":"pa_brand-milwaukee-en","11":"first","12":"instock","13":"shipping-taxable","14":"product-type-simple"},"yoast_head":"<!-- This site is optimized with the Yoast SEO Premium plugin v26.8 (Yoast SEO v26.8) - https:\/\/yoast.com\/product\/yoast-seo-premium-wordpress\/ -->\n<title>MILWAUKEE M18 FSAGV125XPDB-0X0 FUEL\u2122 125 MM VARIABLE SPEED AND BRAKING ANGLE GRINDER WITH PADDLE SWITCH - Techmaster Electronics JSC<\/title>\n<meta name=\"description\" content=\"The Milwaukee M18 FSAGV125XPDB-0X0 delivering corded performance similar to a 1200 W grinder. Integrated FIXTEC\u2122 system for tool-free wheel change.\" \/>\n<meta name=\"robots\" content=\"index, follow, max-snippet:-1, max-image-preview:large, max-video-preview:-1\" \/>\n<link rel=\"canonical\" href=\"https:\/\/techmaster.com.vn\/en\/milwaukee-m18-fsagv125xpdb-0x0-fuel-125-mm-variable-speed-and-braking-angle-grinder-with-paddle-switch\/\" \/>\n<meta property=\"og:locale\" content=\"en_US\" \/>\n<meta property=\"og:type\" content=\"article\" \/>\n<meta property=\"og:title\" content=\"MILWAUKEE M18 FSAGV125XPDB-0X0 FUEL\u2122 125 MM VARIABLE SPEED AND BRAKING ANGLE GRINDER WITH PADDLE SWITCH\" \/>\n<meta property=\"og:description\" content=\"The Milwaukee M18 FSAGV125XPDB-0X0 delivering corded performance similar to a 1200 W grinder. Integrated FIXTEC\u2122 system for tool-free wheel change.\" \/>\n<meta property=\"og:url\" content=\"https:\/\/techmaster.com.vn\/en\/milwaukee-m18-fsagv125xpdb-0x0-fuel-125-mm-variable-speed-and-braking-angle-grinder-with-paddle-switch\/\" \/>\n<meta property=\"og:site_name\" content=\"Techmaster Electronics JSC\" \/>\n<meta property=\"article:publisher\" content=\"https:\/\/www.facebook.com\/techmaster.electronics.jsc\" \/>\n<meta property=\"article:modified_time\" content=\"2023-03-03T07:34:39+00:00\" \/>\n<meta property=\"og:image\" content=\"https:\/\/techmaster.com.vn\/wp-content\/uploads\/2021\/10\/may-mai-goc-milwaukee-m18-fsagv125xpdb-0X0-4.png\" \/>\n\t<meta property=\"og:image:width\" content=\"450\" \/>\n\t<meta property=\"og:image:height\" content=\"450\" \/>\n\t<meta property=\"og:image:type\" content=\"image\/png\" \/>\n<meta name=\"twitter:card\" content=\"summary_large_image\" \/>\n<meta name=\"twitter:site\" content=\"@techmastervn\" \/>\n<meta name=\"twitter:label1\" content=\"Price\" \/>\n\t<meta name=\"twitter:data1\" content=\"Call for Price\" \/>\n\t<meta name=\"twitter:label2\" content=\"Availability\" \/>\n\t<meta name=\"twitter:data2\" content=\"In stock\" \/>\n<script type=\"application\/ld+json\" class=\"yoast-schema-graph\">{\"@context\":\"https:\/\/schema.org\",\"@graph\":[{\"@type\":\"WebPage\",\"@id\":\"https:\/\/techmaster.com.vn\/en\/milwaukee-m18-fsagv125xpdb-0x0-fuel-125-mm-variable-speed-and-braking-angle-grinder-with-paddle-switch\/\",\"url\":\"https:\/\/techmaster.com.vn\/en\/milwaukee-m18-fsagv125xpdb-0x0-fuel-125-mm-variable-speed-and-braking-angle-grinder-with-paddle-switch\/\",\"name\":\"MILWAUKEE M18 FSAGV125XPDB-0X0 FUEL\u2122 125 MM VARIABLE SPEED AND BRAKING ANGLE GRINDER WITH PADDLE SWITCH - Techmaster Electronics JSC\",\"isPartOf\":{\"@id\":\"https:\/\/techmaster.com.vn\/en\/#website\"},\"primaryImageOfPage\":{\"@id\":\"https:\/\/techmaster.com.vn\/en\/milwaukee-m18-fsagv125xpdb-0x0-fuel-125-mm-variable-speed-and-braking-angle-grinder-with-paddle-switch\/#primaryimage\"},\"image\":{\"@id\":\"https:\/\/techmaster.com.vn\/en\/milwaukee-m18-fsagv125xpdb-0x0-fuel-125-mm-variable-speed-and-braking-angle-grinder-with-paddle-switch\/#primaryimage\"},\"thumbnailUrl\":\"https:\/\/techmaster.com.vn\/wp-content\/uploads\/2021\/10\/may-mai-goc-milwaukee-m18-fsagv125xpdb-0X0-4.png\",\"datePublished\":\"2021-10-14T08:56:47+00:00\",\"dateModified\":\"2023-03-03T07:34:39+00:00\",\"description\":\"The Milwaukee M18 FSAGV125XPDB-0X0 delivering corded performance similar to a 1200 W grinder. Integrated FIXTEC\u2122 system for tool-free wheel change.\",\"breadcrumb\":{\"@id\":\"https:\/\/techmaster.com.vn\/en\/milwaukee-m18-fsagv125xpdb-0x0-fuel-125-mm-variable-speed-and-braking-angle-grinder-with-paddle-switch\/#breadcrumb\"},\"inLanguage\":\"en-US\",\"potentialAction\":[{\"@type\":\"ReadAction\",\"target\":[\"https:\/\/techmaster.com.vn\/en\/milwaukee-m18-fsagv125xpdb-0x0-fuel-125-mm-variable-speed-and-braking-angle-grinder-with-paddle-switch\/\"]}]},{\"@type\":\"ImageObject\",\"inLanguage\":\"en-US\",\"@id\":\"https:\/\/techmaster.com.vn\/en\/milwaukee-m18-fsagv125xpdb-0x0-fuel-125-mm-variable-speed-and-braking-angle-grinder-with-paddle-switch\/#primaryimage\",\"url\":\"https:\/\/techmaster.com.vn\/wp-content\/uploads\/2021\/10\/may-mai-goc-milwaukee-m18-fsagv125xpdb-0X0-4.png\",\"contentUrl\":\"https:\/\/techmaster.com.vn\/wp-content\/uploads\/2021\/10\/may-mai-goc-milwaukee-m18-fsagv125xpdb-0X0-4.png\",\"width\":450,\"height\":450,\"caption\":\"M\u00e1y m\u00e0i g\u00f3c Milwaukee M18 FSAGV125XPDB-0X0\"},{\"@type\":\"BreadcrumbList\",\"@id\":\"https:\/\/techmaster.com.vn\/en\/milwaukee-m18-fsagv125xpdb-0x0-fuel-125-mm-variable-speed-and-braking-angle-grinder-with-paddle-switch\/#breadcrumb\",\"itemListElement\":[{\"@type\":\"ListItem\",\"position\":1,\"name\":\"Trang ch\u1ee7\",\"item\":\"https:\/\/techmaster.com.vn\/en\/\"},{\"@type\":\"ListItem\",\"position\":2,\"name\":\"Shop\",\"item\":\"https:\/\/techmaster.com.vn\/san-pham\/\"},{\"@type\":\"ListItem\",\"position\":3,\"name\":\"MILWAUKEE M18 FSAGV125XPDB-0X0 FUEL\u2122 125 MM VARIABLE SPEED AND BRAKING ANGLE GRINDER WITH PADDLE SWITCH\"}]},{\"@type\":\"WebSite\",\"@id\":\"https:\/\/techmaster.com.vn\/en\/#website\",\"url\":\"https:\/\/techmaster.com.vn\/en\/\",\"name\":\"Techmaster Electronics JSC\",\"description\":\"\",\"publisher\":{\"@id\":\"https:\/\/techmaster.com.vn\/en\/#organization\"},\"potentialAction\":[{\"@type\":\"SearchAction\",\"target\":{\"@type\":\"EntryPoint\",\"urlTemplate\":\"https:\/\/techmaster.com.vn\/en\/?s={search_term_string}\"},\"query-input\":{\"@type\":\"PropertyValueSpecification\",\"valueRequired\":true,\"valueName\":\"search_term_string\"}}],\"inLanguage\":\"en-US\"},{\"@type\":[\"Organization\",\"Place\"],\"@id\":\"https:\/\/techmaster.com.vn\/en\/#organization\",\"name\":\"Techmaster Electronics JSC\",\"url\":\"https:\/\/techmaster.com.vn\/en\/\",\"logo\":{\"@id\":\"https:\/\/techmaster.com.vn\/en\/milwaukee-m18-fsagv125xpdb-0x0-fuel-125-mm-variable-speed-and-braking-angle-grinder-with-paddle-switch\/#local-main-organization-logo\"},\"image\":{\"@id\":\"https:\/\/techmaster.com.vn\/en\/milwaukee-m18-fsagv125xpdb-0x0-fuel-125-mm-variable-speed-and-braking-angle-grinder-with-paddle-switch\/#local-main-organization-logo\"},\"sameAs\":[\"https:\/\/www.facebook.com\/techmaster.electronics.jsc\",\"https:\/\/x.com\/techmastervn\",\"https:\/\/www.instagram.com\/techmastervietnam\",\"https:\/\/myspace.com\/techmastervietnam\",\"https:\/\/www.youtube.com\/c\/TechmasterElectronicsJSC\",\"https:\/\/www.pinterest.com\/techmasterelectronicsjsc\/\",\"https:\/\/vi.wikipedia.org\/wiki\/Th\u00e0nh_vi\u00ean:Techmastervietnam\",\"https:\/\/twitter.com\/techmastervn\",\"https:\/\/www.linkedin.com\/company\/techmaster-vietnam\/\"],\"telephone\":[],\"contactPoint\":{\"@type\":\"ContactPoint\",\"email\":\"marketing@techmaster.com.vn\"},\"openingHoursSpecification\":[{\"@type\":\"OpeningHoursSpecification\",\"dayOfWeek\":[\"Monday\",\"Tuesday\",\"Wednesday\",\"Thursday\",\"Friday\",\"Saturday\",\"Sunday\"],\"opens\":\"09:00\",\"closes\":\"17:00\"}],\"email\":\"marketing@techmaster.com.vn\",\"areaServed\":\"Vietnam\"},{\"@type\":\"ImageObject\",\"inLanguage\":\"en-US\",\"@id\":\"https:\/\/techmaster.com.vn\/en\/milwaukee-m18-fsagv125xpdb-0x0-fuel-125-mm-variable-speed-and-braking-angle-grinder-with-paddle-switch\/#local-main-organization-logo\",\"url\":\"https:\/\/techmaster.com.vn\/wp-content\/uploads\/2021\/04\/techmaster-logo-homepage.png\",\"contentUrl\":\"https:\/\/techmaster.com.vn\/wp-content\/uploads\/2021\/04\/techmaster-logo-homepage.png\",\"width\":335,\"height\":62,\"caption\":\"Techmaster Electronics JSC\"}]}<\/script>\n<meta property=\"product:price:amount\" content=\"0\" \/>\n<meta property=\"product:price:currency\" content=\"VND\" \/>\n<meta property=\"og:availability\" content=\"instock\" \/>\n<meta property=\"product:availability\" content=\"instock\" \/>\n<meta property=\"product:condition\" content=\"new\" \/>\n<!-- \/ Yoast SEO Premium plugin. -->","yoast_head_json":{"title":"MILWAUKEE M18 FSAGV125XPDB-0X0 FUEL\u2122 125 MM VARIABLE SPEED AND BRAKING ANGLE GRINDER WITH PADDLE SWITCH - Techmaster Electronics JSC","description":"The Milwaukee M18 FSAGV125XPDB-0X0 delivering corded performance similar to a 1200 W grinder. Integrated FIXTEC\u2122 system for tool-free wheel change.","robots":{"index":"index","follow":"follow","max-snippet":"max-snippet:-1","max-image-preview":"max-image-preview:large","max-video-preview":"max-video-preview:-1"},"canonical":"https:\/\/techmaster.com.vn\/en\/milwaukee-m18-fsagv125xpdb-0x0-fuel-125-mm-variable-speed-and-braking-angle-grinder-with-paddle-switch\/","og_locale":"en_US","og_type":"article","og_title":"MILWAUKEE M18 FSAGV125XPDB-0X0 FUEL\u2122 125 MM VARIABLE SPEED AND BRAKING ANGLE GRINDER WITH PADDLE SWITCH","og_description":"The Milwaukee M18 FSAGV125XPDB-0X0 delivering corded performance similar to a 1200 W grinder. Integrated FIXTEC\u2122 system for tool-free wheel change.","og_url":"https:\/\/techmaster.com.vn\/en\/milwaukee-m18-fsagv125xpdb-0x0-fuel-125-mm-variable-speed-and-braking-angle-grinder-with-paddle-switch\/","og_site_name":"Techmaster Electronics JSC","article_publisher":"https:\/\/www.facebook.com\/techmaster.electronics.jsc","article_modified_time":"2023-03-03T07:34:39+00:00","og_image":[{"width":450,"height":450,"url":"https:\/\/techmaster.com.vn\/wp-content\/uploads\/2021\/10\/may-mai-goc-milwaukee-m18-fsagv125xpdb-0X0-4.png","type":"image\/png"}],"twitter_card":"summary_large_image","twitter_site":"@techmastervn","twitter_misc":{"Price":"Call for Price","Availability":"In stock"},"schema":{"@context":"https:\/\/schema.org","@graph":[{"@type":"WebPage","@id":"https:\/\/techmaster.com.vn\/en\/milwaukee-m18-fsagv125xpdb-0x0-fuel-125-mm-variable-speed-and-braking-angle-grinder-with-paddle-switch\/","url":"https:\/\/techmaster.com.vn\/en\/milwaukee-m18-fsagv125xpdb-0x0-fuel-125-mm-variable-speed-and-braking-angle-grinder-with-paddle-switch\/","name":"MILWAUKEE M18 FSAGV125XPDB-0X0 FUEL\u2122 125 MM VARIABLE SPEED AND BRAKING ANGLE GRINDER WITH PADDLE SWITCH - Techmaster Electronics JSC","isPartOf":{"@id":"https:\/\/techmaster.com.vn\/en\/#website"},"primaryImageOfPage":{"@id":"https:\/\/techmaster.com.vn\/en\/milwaukee-m18-fsagv125xpdb-0x0-fuel-125-mm-variable-speed-and-braking-angle-grinder-with-paddle-switch\/#primaryimage"},"image":{"@id":"https:\/\/techmaster.com.vn\/en\/milwaukee-m18-fsagv125xpdb-0x0-fuel-125-mm-variable-speed-and-braking-angle-grinder-with-paddle-switch\/#primaryimage"},"thumbnailUrl":"https:\/\/techmaster.com.vn\/wp-content\/uploads\/2021\/10\/may-mai-goc-milwaukee-m18-fsagv125xpdb-0X0-4.png","datePublished":"2021-10-14T08:56:47+00:00","dateModified":"2023-03-03T07:34:39+00:00","description":"The Milwaukee M18 FSAGV125XPDB-0X0 delivering corded performance similar to a 1200 W grinder. Integrated FIXTEC\u2122 system for tool-free wheel change.","breadcrumb":{"@id":"https:\/\/techmaster.com.vn\/en\/milwaukee-m18-fsagv125xpdb-0x0-fuel-125-mm-variable-speed-and-braking-angle-grinder-with-paddle-switch\/#breadcrumb"},"inLanguage":"en-US","potentialAction":[{"@type":"ReadAction","target":["https:\/\/techmaster.com.vn\/en\/milwaukee-m18-fsagv125xpdb-0x0-fuel-125-mm-variable-speed-and-braking-angle-grinder-with-paddle-switch\/"]}]},{"@type":"ImageObject","inLanguage":"en-US","@id":"https:\/\/techmaster.com.vn\/en\/milwaukee-m18-fsagv125xpdb-0x0-fuel-125-mm-variable-speed-and-braking-angle-grinder-with-paddle-switch\/#primaryimage","url":"https:\/\/techmaster.com.vn\/wp-content\/uploads\/2021\/10\/may-mai-goc-milwaukee-m18-fsagv125xpdb-0X0-4.png","contentUrl":"https:\/\/techmaster.com.vn\/wp-content\/uploads\/2021\/10\/may-mai-goc-milwaukee-m18-fsagv125xpdb-0X0-4.png","width":450,"height":450,"caption":"M\u00e1y m\u00e0i g\u00f3c Milwaukee M18 FSAGV125XPDB-0X0"},{"@type":"BreadcrumbList","@id":"https:\/\/techmaster.com.vn\/en\/milwaukee-m18-fsagv125xpdb-0x0-fuel-125-mm-variable-speed-and-braking-angle-grinder-with-paddle-switch\/#breadcrumb","itemListElement":[{"@type":"ListItem","position":1,"name":"Trang ch\u1ee7","item":"https:\/\/techmaster.com.vn\/en\/"},{"@type":"ListItem","position":2,"name":"Shop","item":"https:\/\/techmaster.com.vn\/san-pham\/"},{"@type":"ListItem","position":3,"name":"MILWAUKEE M18 FSAGV125XPDB-0X0 FUEL\u2122 125 MM VARIABLE SPEED AND BRAKING ANGLE GRINDER WITH PADDLE SWITCH"}]},{"@type":"WebSite","@id":"https:\/\/techmaster.com.vn\/en\/#website","url":"https:\/\/techmaster.com.vn\/en\/","name":"Techmaster Electronics JSC","description":"","publisher":{"@id":"https:\/\/techmaster.com.vn\/en\/#organization"},"potentialAction":[{"@type":"SearchAction","target":{"@type":"EntryPoint","urlTemplate":"https:\/\/techmaster.com.vn\/en\/?s={search_term_string}"},"query-input":{"@type":"PropertyValueSpecification","valueRequired":true,"valueName":"search_term_string"}}],"inLanguage":"en-US"},{"@type":["Organization","Place"],"@id":"https:\/\/techmaster.com.vn\/en\/#organization","name":"Techmaster Electronics JSC","url":"https:\/\/techmaster.com.vn\/en\/","logo":{"@id":"https:\/\/techmaster.com.vn\/en\/milwaukee-m18-fsagv125xpdb-0x0-fuel-125-mm-variable-speed-and-braking-angle-grinder-with-paddle-switch\/#local-main-organization-logo"},"image":{"@id":"https:\/\/techmaster.com.vn\/en\/milwaukee-m18-fsagv125xpdb-0x0-fuel-125-mm-variable-speed-and-braking-angle-grinder-with-paddle-switch\/#local-main-organization-logo"},"sameAs":["https:\/\/www.facebook.com\/techmaster.electronics.jsc","https:\/\/x.com\/techmastervn","https:\/\/www.instagram.com\/techmastervietnam","https:\/\/myspace.com\/techmastervietnam","https:\/\/www.youtube.com\/c\/TechmasterElectronicsJSC","https:\/\/www.pinterest.com\/techmasterelectronicsjsc\/","https:\/\/vi.wikipedia.org\/wiki\/Th\u00e0nh_vi\u00ean:Techmastervietnam","https:\/\/twitter.com\/techmastervn","https:\/\/www.linkedin.com\/company\/techmaster-vietnam\/"],"telephone":[],"contactPoint":{"@type":"ContactPoint","email":"marketing@techmaster.com.vn"},"openingHoursSpecification":[{"@type":"OpeningHoursSpecification","dayOfWeek":["Monday","Tuesday","Wednesday","Thursday","Friday","Saturday","Sunday"],"opens":"09:00","closes":"17:00"}],"email":"marketing@techmaster.com.vn","areaServed":"Vietnam"},{"@type":"ImageObject","inLanguage":"en-US","@id":"https:\/\/techmaster.com.vn\/en\/milwaukee-m18-fsagv125xpdb-0x0-fuel-125-mm-variable-speed-and-braking-angle-grinder-with-paddle-switch\/#local-main-organization-logo","url":"https:\/\/techmaster.com.vn\/wp-content\/uploads\/2021\/04\/techmaster-logo-homepage.png","contentUrl":"https:\/\/techmaster.com.vn\/wp-content\/uploads\/2021\/04\/techmaster-logo-homepage.png","width":335,"height":62,"caption":"Techmaster Electronics JSC"}]},"product_price_currency":"VND","og_availability":"instock","product_availability":"instock","product_condition":"new"},"_links":{"self":[{"href":"https:\/\/techmaster.com.vn\/en\/wp-json\/wp\/v2\/product\/22444","targetHints":{"allow":["GET"]}}],"collection":[{"href":"https:\/\/techmaster.com.vn\/en\/wp-json\/wp\/v2\/product"}],"about":[{"href":"https:\/\/techmaster.com.vn\/en\/wp-json\/wp\/v2\/types\/product"}],"replies":[{"embeddable":true,"href":"https:\/\/techmaster.com.vn\/en\/wp-json\/wp\/v2\/comments?post=22444"}],"wp:featuredmedia":[{"embeddable":true,"href":"https:\/\/techmaster.com.vn\/en\/wp-json\/wp\/v2\/media\/22446"}],"wp:attachment":[{"href":"https:\/\/techmaster.com.vn\/en\/wp-json\/wp\/v2\/media?parent=22444"}],"wp:term":[{"taxonomy":"product_brand","embeddable":true,"href":"https:\/\/techmaster.com.vn\/en\/wp-json\/wp\/v2\/product_brand?post=22444"},{"taxonomy":"product_cat","embeddable":true,"href":"https:\/\/techmaster.com.vn\/en\/wp-json\/wp\/v2\/product_cat?post=22444"},{"taxonomy":"product_tag","embeddable":true,"href":"https:\/\/techmaster.com.vn\/en\/wp-json\/wp\/v2\/product_tag?post=22444"}],"curies":[{"name":"wp","href":"https:\/\/api.w.org\/{rel}","templated":true}]}}