{"id":22057,"date":"2020-12-14T15:23:29","date_gmt":"2020-12-14T08:23:29","guid":{"rendered":"https:\/\/techmaster.com.vn\/?post_type=product&#038;p=22057"},"modified":"2022-12-06T08:47:54","modified_gmt":"2022-12-06T01:47:54","slug":"extech-sdl400-light-meter-datalogger","status":"publish","type":"product","link":"https:\/\/techmaster.com.vn\/en\/extech-sdl400-light-meter-datalogger\/","title":{"rendered":"Extech SDL400 Light Meter\/Datalogger"},"content":{"rendered":"<p><strong>SPECIFICATIONS EXTECH SDL400 LIGHT METER\/DATALOGGER<\/strong><\/p>\n<div class=\"page\" title=\"Page 11\">\n<div class=\"layoutArea\">\n<div class=\"column\">\n<p><span style=\"color: #555555;\">Display: Backlit LCD; LCD size: 52 x 38mm (2 x 1.5\u201d)<\/span><\/p>\n<div class=\"page\" title=\"Page 11\">\n<div class=\"layoutArea\">\n<div class=\"column\">\n<div class=\"page\" title=\"Page 11\">\n<div class=\"layoutArea\">\n<div class=\"column\">\n<p>Status indicators: Over-range (&#8212;-) and low battery<\/p>\n<div class=\"page\" title=\"Page 11\">\n<div class=\"layoutArea\">\n<div class=\"column\">\n<p>Sensor types: Light: Supplied color corrected, domed light intensity sensor (meets C.I.E.); Temperature: Thermocouple (J or K) temperature probe<\/p>\n<div class=\"page\" title=\"Page 11\">\n<div class=\"layoutArea\">\n<div class=\"column\">\n<p>Temperature compensation: Automatic compensation for thermocouple temperature measurements<\/p>\n<div class=\"page\" title=\"Page 11\">\n<div class=\"layoutArea\">\n<div class=\"column\">\n<p>Measurement Units: Temperature: \u00b0C, \u00b0F; Light: LUX, Foot candles<\/p>\n<div class=\"page\" title=\"Page 11\">\n<div class=\"layoutArea\">\n<div class=\"column\">\n<p>Zero Adjust: Light function only. Front panel push-button.<\/p>\n<div class=\"page\" title=\"Page 11\">\n<div class=\"layoutArea\">\n<div class=\"column\">\n<p>Datalogger Sampling Rate: AUTO LOGGING: 1, 2, 5, 10, 30, 60, 120, 300, 600, 1800, 3600 seconds. Note that a one (1) second sampling rate can cause some data loss on slower computers; MANUAL LOGGING: Set the sampling rate to \u20180\u2019<\/p>\n<div class=\"page\" title=\"Page 11\">\n<div class=\"layoutArea\">\n<div class=\"column\">\n<p>Memory Card: SD memory card: 1GB to 16GB size<\/p>\n<div class=\"page\" title=\"Page 11\">\n<div class=\"layoutArea\">\n<div class=\"column\">\n<p>Data Hold: Freeze the displayed reading<\/p>\n<div class=\"page\" title=\"Page 11\">\n<div class=\"layoutArea\">\n<div class=\"column\">\n<p>Memory Recall: Record and Recall the Maximum and Minimum readings<\/p>\n<div class=\"page\" title=\"Page 11\">\n<div class=\"layoutArea\">\n<div class=\"column\">\n<p>Display update rate Extech SDL400: Approx. 1 second.<\/p>\n<div class=\"page\" title=\"Page 11\">\n<div class=\"layoutArea\">\n<div class=\"column\">\n<p>Data Output: RS-232 \/ USB PC computer interface<\/p>\n<div class=\"page\" title=\"Page 11\">\n<div class=\"layoutArea\">\n<div class=\"column\">\n<p>Operating Temperature: 0 to 50\u00b0C (32 to 122\u00b0F)<\/p>\n<div class=\"page\" title=\"Page 11\">\n<div class=\"layoutArea\">\n<div class=\"column\">\n<p>Operating Humidity: 85% R.H. max.<\/p>\n<div class=\"page\" title=\"Page 11\">\n<div class=\"layoutArea\">\n<div class=\"column\">\n<p>Auto Power OFF: After 10 minutes of inactivity (can be disabled)<\/p>\n<div class=\"page\" title=\"Page 11\">\n<div class=\"layoutArea\">\n<div class=\"column\">\n<p>Power Supply: Six (6) 1.5 VDC batteries (optional 9V AC adaptor)<\/p>\n<div class=\"page\" title=\"Page 11\">\n<div class=\"layoutArea\">\n<div class=\"column\">\n<p>Power Consumption: Normal operation (backlight &amp; datalogger OFF): approx. 6.5mAdc; With backlight OFF and datalogging ON: approx. 30mAdc; With backlight ON add approx. 16mAdc<\/p>\n<div class=\"page\" title=\"Page 11\">\n<div class=\"layoutArea\">\n<div class=\"column\">\n<p>Weight: 346g (0.76 lbs.) meter only<\/p>\n<p>Dimensions: Main instrument: 182 x 73 x 47.5mm (7.1 x 2.9 x 1.9\u201d)<\/p>\n<h2><strong>Introduction Extech SDL400<\/strong><\/h2>\n<h3>Records data on an SD card in Excel\u00ae format<\/h3>\n<p>The SDL400 records data on an SD card in Excel format. Wide range to 10,000Fc or 100kLux. Cosine and color-corrected measurements. Utilizes precision silicon photo diode and spectral response filter. Offset adjustment used for zero function to make relative measurements. Adjustable data sampling rate. Stores 99 readings manually and 20M readings via 2G SD card. Type K\/J Thermocouple input for high temperature measurements. Large backlit LCD display. Record\/Recall Min, Max, Data Hold and Auto power off. Complete with 6 x AA batteries, SD card, hard carrying case and light sensor with protective cover.<\/p>\n<h2><strong>Features<\/strong><\/h2>\n<p>&#8211; <a href=\"https:\/\/techmaster.com.vn\/en\/extech-sdl470-uva-uvc-light-meter-datalogger\/\">Wide<\/a> range to 10,000Fc or 100kLux<br \/>\n&#8211; Cosine and color-corrected measurements<br \/>\n&#8211; Utilizes precision silicon photo diode and spectral response filter<br \/>\n&#8211; Datalogger date\/time stamps and stores readings on an SD card in Excel\u00ae format for easy transfer to a PC<br \/>\n&#8211; Offset adjustment used for zero function to make relative measurements<\/p>\n<\/div>\n<div class=\"column\"><span style=\"color: #555555;\">&#8211; Adjustable data sampling rate: 1 to 3600 seconds<\/span><\/div>\n<div class=\"column\"><span style=\"color: #555555;\">&#8211; Stores 99 readings manually and 20M readings via 2G SD card<\/span><\/div>\n<div class=\"column\"><span style=\"color: #555555;\">&#8211; Type K\/J Thermocouple input for high temperature measurements<\/span><\/div>\n<div class=\"column\"><span style=\"color: #555555;\">&#8211; Large backlit LCD display<\/span><\/div>\n<div class=\"column\"><span style=\"color: #555555;\">&#8211; Record\/Recall MIN, MAX readings<\/span><\/div>\n<div class=\"column\"><span style=\"color: #555555;\">&#8211; Data Hold plus Auto power off with disable function<\/span><\/div>\n<div class=\"column\"><span style=\"color: #555555;\">&#8211; Complete with 6 x AA batteries, SD card, hard carrying case and light sensor with 45&#8243; (1.1m) cable and protective cover<\/span><\/div>\n<\/div>\n<\/div>\n<\/div>\n<\/div>\n<\/div>\n<\/div>\n<\/div>\n<\/div>\n<\/div>\n<\/div>\n<\/div>\n<\/div>\n<\/div>\n<\/div>\n<\/div>\n<\/div>\n<\/div>\n<\/div>\n<\/div>\n<\/div>\n<\/div>\n<\/div>\n<\/div>\n<\/div>\n<\/div>\n<\/div>\n<\/div>\n<\/div>\n<\/div>\n<\/div>\n<\/div>\n<\/div>\n<\/div>\n<\/div>\n<\/div>\n<\/div>\n<\/div>\n<\/div>\n<\/div>\n<\/div>\n<\/div>\n<\/div>\n<\/div>\n<\/div>\n<\/div>\n<\/div>\n<\/div>\n<\/div>\n<\/div>\n<\/div>\n<\/div>\n<\/div>\n<\/div>\n<\/div>\n<\/div>\n<\/div>\n","protected":false},"excerpt":{"rendered":"<h2><strong>Key Features<\/strong><\/h2>\n<ul>\n<li>Wide range to 10,000Fc or 100kLux<\/li>\n<li>Cosine and color-corrected measurements<\/li>\n<li class=\"column\"><span style=\"color: #555555;\">Large backlit LCD display<\/span><\/li>\n<li class=\"column\"><span style=\"color: #555555;\">Record\/Recall MIN, MAX readings<\/span><\/li>\n<li><span style=\"color: #555555;\">Data Hold plus Auto power off with disable function<\/span><\/li>\n<\/ul>\n","protected":false},"featured_media":5946,"comment_status":"open","ping_status":"closed","template":"","meta":[],"product_brand":[],"product_cat":[260,240,512],"product_tag":[],"class_list":{"0":"post-22057","1":"product","2":"type-product","3":"status-publish","4":"has-post-thumbnail","6":"product_cat-measuring-instruments","7":"product_cat-environmental-measuring","8":"product_cat-light-meter","10":"first","11":"instock","12":"shipping-taxable","13":"product-type-simple"},"yoast_head":"<!-- This site is optimized with the Yoast SEO Premium plugin v26.8 (Yoast SEO v26.8) - https:\/\/yoast.com\/product\/yoast-seo-premium-wordpress\/ -->\n<title>Extech SDL400 Light Meter\/Datalogger - Techmaster Electronics JSC<\/title>\n<meta name=\"description\" content=\"The Extech SDL400 records data on an SD card in Excel format. Wide range to 10,000Fc or 100kLux. Cosine and color-corrected measurements.\" \/>\n<meta name=\"robots\" content=\"index, follow, max-snippet:-1, max-image-preview:large, max-video-preview:-1\" \/>\n<link rel=\"canonical\" href=\"https:\/\/techmaster.com.vn\/en\/extech-sdl400-light-meter-datalogger\/\" \/>\n<meta property=\"og:locale\" content=\"en_US\" \/>\n<meta property=\"og:type\" content=\"article\" \/>\n<meta property=\"og:title\" content=\"Extech SDL400 Light Meter\/Datalogger\" \/>\n<meta property=\"og:description\" content=\"The Extech SDL400 records data on an SD card in Excel format. Wide range to 10,000Fc or 100kLux. Cosine and color-corrected measurements.\" \/>\n<meta property=\"og:url\" content=\"https:\/\/techmaster.com.vn\/en\/extech-sdl400-light-meter-datalogger\/\" \/>\n<meta property=\"og:site_name\" content=\"Techmaster Electronics JSC\" \/>\n<meta property=\"article:publisher\" content=\"https:\/\/www.facebook.com\/techmaster.electronics.jsc\" \/>\n<meta property=\"article:modified_time\" content=\"2022-12-06T01:47:54+00:00\" \/>\n<meta property=\"og:image\" content=\"https:\/\/techmaster.com.vn\/wp-content\/uploads\/2020\/12\/may-do-cuong-do-anh-sang-Extech-SDL400.jpg\" \/>\n\t<meta property=\"og:image:width\" content=\"450\" \/>\n\t<meta property=\"og:image:height\" content=\"450\" \/>\n\t<meta property=\"og:image:type\" content=\"image\/jpeg\" \/>\n<meta name=\"twitter:card\" content=\"summary_large_image\" \/>\n<meta name=\"twitter:site\" content=\"@techmastervn\" \/>\n<meta name=\"twitter:label1\" content=\"Price\" \/>\n\t<meta name=\"twitter:data1\" content=\"Call for Price\" \/>\n\t<meta name=\"twitter:label2\" content=\"Availability\" \/>\n\t<meta name=\"twitter:data2\" content=\"In stock\" \/>\n<script type=\"application\/ld+json\" class=\"yoast-schema-graph\">{\"@context\":\"https:\/\/schema.org\",\"@graph\":[{\"@type\":\"WebPage\",\"@id\":\"https:\/\/techmaster.com.vn\/en\/extech-sdl400-light-meter-datalogger\/\",\"url\":\"https:\/\/techmaster.com.vn\/en\/extech-sdl400-light-meter-datalogger\/\",\"name\":\"Extech SDL400 Light Meter\/Datalogger - Techmaster Electronics JSC\",\"isPartOf\":{\"@id\":\"https:\/\/techmaster.com.vn\/en\/#website\"},\"primaryImageOfPage\":{\"@id\":\"https:\/\/techmaster.com.vn\/en\/extech-sdl400-light-meter-datalogger\/#primaryimage\"},\"image\":{\"@id\":\"https:\/\/techmaster.com.vn\/en\/extech-sdl400-light-meter-datalogger\/#primaryimage\"},\"thumbnailUrl\":\"https:\/\/techmaster.com.vn\/wp-content\/uploads\/2020\/12\/may-do-cuong-do-anh-sang-Extech-SDL400.jpg\",\"datePublished\":\"2020-12-14T08:23:29+00:00\",\"dateModified\":\"2022-12-06T01:47:54+00:00\",\"description\":\"The Extech SDL400 records data on an SD card in Excel format. Wide range to 10,000Fc or 100kLux. Cosine and color-corrected measurements.\",\"breadcrumb\":{\"@id\":\"https:\/\/techmaster.com.vn\/en\/extech-sdl400-light-meter-datalogger\/#breadcrumb\"},\"inLanguage\":\"en-US\",\"potentialAction\":[{\"@type\":\"ReadAction\",\"target\":[\"https:\/\/techmaster.com.vn\/en\/extech-sdl400-light-meter-datalogger\/\"]}]},{\"@type\":\"ImageObject\",\"inLanguage\":\"en-US\",\"@id\":\"https:\/\/techmaster.com.vn\/en\/extech-sdl400-light-meter-datalogger\/#primaryimage\",\"url\":\"https:\/\/techmaster.com.vn\/wp-content\/uploads\/2020\/12\/may-do-cuong-do-anh-sang-Extech-SDL400.jpg\",\"contentUrl\":\"https:\/\/techmaster.com.vn\/wp-content\/uploads\/2020\/12\/may-do-cuong-do-anh-sang-Extech-SDL400.jpg\",\"width\":450,\"height\":450,\"caption\":\"M\u00e1y \u0111o c\u01b0\u1eddng \u0111\u1ed9 \u00e1nh s\u00e1ng Extech SDL400 (100k Lux, c\u00f3 b\u1ed9 ghi d\u1eef li\u1ec7u)\"},{\"@type\":\"BreadcrumbList\",\"@id\":\"https:\/\/techmaster.com.vn\/en\/extech-sdl400-light-meter-datalogger\/#breadcrumb\",\"itemListElement\":[{\"@type\":\"ListItem\",\"position\":1,\"name\":\"Trang ch\u1ee7\",\"item\":\"https:\/\/techmaster.com.vn\/en\/\"},{\"@type\":\"ListItem\",\"position\":2,\"name\":\"Shop\",\"item\":\"https:\/\/techmaster.com.vn\/san-pham\/\"},{\"@type\":\"ListItem\",\"position\":3,\"name\":\"Extech SDL400 Light Meter\/Datalogger\"}]},{\"@type\":\"WebSite\",\"@id\":\"https:\/\/techmaster.com.vn\/en\/#website\",\"url\":\"https:\/\/techmaster.com.vn\/en\/\",\"name\":\"Techmaster Electronics JSC\",\"description\":\"\",\"publisher\":{\"@id\":\"https:\/\/techmaster.com.vn\/en\/#organization\"},\"potentialAction\":[{\"@type\":\"SearchAction\",\"target\":{\"@type\":\"EntryPoint\",\"urlTemplate\":\"https:\/\/techmaster.com.vn\/en\/?s={search_term_string}\"},\"query-input\":{\"@type\":\"PropertyValueSpecification\",\"valueRequired\":true,\"valueName\":\"search_term_string\"}}],\"inLanguage\":\"en-US\"},{\"@type\":[\"Organization\",\"Place\"],\"@id\":\"https:\/\/techmaster.com.vn\/en\/#organization\",\"name\":\"Techmaster Electronics JSC\",\"url\":\"https:\/\/techmaster.com.vn\/en\/\",\"logo\":{\"@id\":\"https:\/\/techmaster.com.vn\/en\/extech-sdl400-light-meter-datalogger\/#local-main-organization-logo\"},\"image\":{\"@id\":\"https:\/\/techmaster.com.vn\/en\/extech-sdl400-light-meter-datalogger\/#local-main-organization-logo\"},\"sameAs\":[\"https:\/\/www.facebook.com\/techmaster.electronics.jsc\",\"https:\/\/x.com\/techmastervn\",\"https:\/\/www.instagram.com\/techmastervietnam\",\"https:\/\/myspace.com\/techmastervietnam\",\"https:\/\/www.youtube.com\/c\/TechmasterElectronicsJSC\",\"https:\/\/www.pinterest.com\/techmasterelectronicsjsc\/\",\"https:\/\/vi.wikipedia.org\/wiki\/Th\u00e0nh_vi\u00ean:Techmastervietnam\",\"https:\/\/twitter.com\/techmastervn\",\"https:\/\/www.linkedin.com\/company\/techmaster-vietnam\/\"],\"telephone\":[],\"contactPoint\":{\"@type\":\"ContactPoint\",\"email\":\"marketing@techmaster.com.vn\"},\"openingHoursSpecification\":[{\"@type\":\"OpeningHoursSpecification\",\"dayOfWeek\":[\"Monday\",\"Tuesday\",\"Wednesday\",\"Thursday\",\"Friday\",\"Saturday\",\"Sunday\"],\"opens\":\"09:00\",\"closes\":\"17:00\"}],\"email\":\"marketing@techmaster.com.vn\",\"areaServed\":\"Vietnam\"},{\"@type\":\"ImageObject\",\"inLanguage\":\"en-US\",\"@id\":\"https:\/\/techmaster.com.vn\/en\/extech-sdl400-light-meter-datalogger\/#local-main-organization-logo\",\"url\":\"https:\/\/techmaster.com.vn\/wp-content\/uploads\/2021\/04\/techmaster-logo-homepage.png\",\"contentUrl\":\"https:\/\/techmaster.com.vn\/wp-content\/uploads\/2021\/04\/techmaster-logo-homepage.png\",\"width\":335,\"height\":62,\"caption\":\"Techmaster Electronics JSC\"}]}<\/script>\n<meta property=\"product:price:amount\" content=\"0\" \/>\n<meta property=\"product:price:currency\" content=\"VND\" \/>\n<meta property=\"og:availability\" content=\"instock\" \/>\n<meta property=\"product:availability\" content=\"instock\" \/>\n<meta property=\"product:condition\" content=\"new\" \/>\n<!-- \/ Yoast SEO Premium plugin. -->","yoast_head_json":{"title":"Extech SDL400 Light Meter\/Datalogger - Techmaster Electronics JSC","description":"The Extech SDL400 records data on an SD card in Excel format. Wide range to 10,000Fc or 100kLux. Cosine and color-corrected measurements.","robots":{"index":"index","follow":"follow","max-snippet":"max-snippet:-1","max-image-preview":"max-image-preview:large","max-video-preview":"max-video-preview:-1"},"canonical":"https:\/\/techmaster.com.vn\/en\/extech-sdl400-light-meter-datalogger\/","og_locale":"en_US","og_type":"article","og_title":"Extech SDL400 Light Meter\/Datalogger","og_description":"The Extech SDL400 records data on an SD card in Excel format. Wide range to 10,000Fc or 100kLux. Cosine and color-corrected measurements.","og_url":"https:\/\/techmaster.com.vn\/en\/extech-sdl400-light-meter-datalogger\/","og_site_name":"Techmaster Electronics JSC","article_publisher":"https:\/\/www.facebook.com\/techmaster.electronics.jsc","article_modified_time":"2022-12-06T01:47:54+00:00","og_image":[{"width":450,"height":450,"url":"https:\/\/techmaster.com.vn\/wp-content\/uploads\/2020\/12\/may-do-cuong-do-anh-sang-Extech-SDL400.jpg","type":"image\/jpeg"}],"twitter_card":"summary_large_image","twitter_site":"@techmastervn","twitter_misc":{"Price":"Call for Price","Availability":"In stock"},"schema":{"@context":"https:\/\/schema.org","@graph":[{"@type":"WebPage","@id":"https:\/\/techmaster.com.vn\/en\/extech-sdl400-light-meter-datalogger\/","url":"https:\/\/techmaster.com.vn\/en\/extech-sdl400-light-meter-datalogger\/","name":"Extech SDL400 Light Meter\/Datalogger - Techmaster Electronics JSC","isPartOf":{"@id":"https:\/\/techmaster.com.vn\/en\/#website"},"primaryImageOfPage":{"@id":"https:\/\/techmaster.com.vn\/en\/extech-sdl400-light-meter-datalogger\/#primaryimage"},"image":{"@id":"https:\/\/techmaster.com.vn\/en\/extech-sdl400-light-meter-datalogger\/#primaryimage"},"thumbnailUrl":"https:\/\/techmaster.com.vn\/wp-content\/uploads\/2020\/12\/may-do-cuong-do-anh-sang-Extech-SDL400.jpg","datePublished":"2020-12-14T08:23:29+00:00","dateModified":"2022-12-06T01:47:54+00:00","description":"The Extech SDL400 records data on an SD card in Excel format. Wide range to 10,000Fc or 100kLux. Cosine and color-corrected measurements.","breadcrumb":{"@id":"https:\/\/techmaster.com.vn\/en\/extech-sdl400-light-meter-datalogger\/#breadcrumb"},"inLanguage":"en-US","potentialAction":[{"@type":"ReadAction","target":["https:\/\/techmaster.com.vn\/en\/extech-sdl400-light-meter-datalogger\/"]}]},{"@type":"ImageObject","inLanguage":"en-US","@id":"https:\/\/techmaster.com.vn\/en\/extech-sdl400-light-meter-datalogger\/#primaryimage","url":"https:\/\/techmaster.com.vn\/wp-content\/uploads\/2020\/12\/may-do-cuong-do-anh-sang-Extech-SDL400.jpg","contentUrl":"https:\/\/techmaster.com.vn\/wp-content\/uploads\/2020\/12\/may-do-cuong-do-anh-sang-Extech-SDL400.jpg","width":450,"height":450,"caption":"M\u00e1y \u0111o c\u01b0\u1eddng \u0111\u1ed9 \u00e1nh s\u00e1ng Extech SDL400 (100k Lux, c\u00f3 b\u1ed9 ghi d\u1eef li\u1ec7u)"},{"@type":"BreadcrumbList","@id":"https:\/\/techmaster.com.vn\/en\/extech-sdl400-light-meter-datalogger\/#breadcrumb","itemListElement":[{"@type":"ListItem","position":1,"name":"Trang ch\u1ee7","item":"https:\/\/techmaster.com.vn\/en\/"},{"@type":"ListItem","position":2,"name":"Shop","item":"https:\/\/techmaster.com.vn\/san-pham\/"},{"@type":"ListItem","position":3,"name":"Extech SDL400 Light Meter\/Datalogger"}]},{"@type":"WebSite","@id":"https:\/\/techmaster.com.vn\/en\/#website","url":"https:\/\/techmaster.com.vn\/en\/","name":"Techmaster Electronics JSC","description":"","publisher":{"@id":"https:\/\/techmaster.com.vn\/en\/#organization"},"potentialAction":[{"@type":"SearchAction","target":{"@type":"EntryPoint","urlTemplate":"https:\/\/techmaster.com.vn\/en\/?s={search_term_string}"},"query-input":{"@type":"PropertyValueSpecification","valueRequired":true,"valueName":"search_term_string"}}],"inLanguage":"en-US"},{"@type":["Organization","Place"],"@id":"https:\/\/techmaster.com.vn\/en\/#organization","name":"Techmaster Electronics JSC","url":"https:\/\/techmaster.com.vn\/en\/","logo":{"@id":"https:\/\/techmaster.com.vn\/en\/extech-sdl400-light-meter-datalogger\/#local-main-organization-logo"},"image":{"@id":"https:\/\/techmaster.com.vn\/en\/extech-sdl400-light-meter-datalogger\/#local-main-organization-logo"},"sameAs":["https:\/\/www.facebook.com\/techmaster.electronics.jsc","https:\/\/x.com\/techmastervn","https:\/\/www.instagram.com\/techmastervietnam","https:\/\/myspace.com\/techmastervietnam","https:\/\/www.youtube.com\/c\/TechmasterElectronicsJSC","https:\/\/www.pinterest.com\/techmasterelectronicsjsc\/","https:\/\/vi.wikipedia.org\/wiki\/Th\u00e0nh_vi\u00ean:Techmastervietnam","https:\/\/twitter.com\/techmastervn","https:\/\/www.linkedin.com\/company\/techmaster-vietnam\/"],"telephone":[],"contactPoint":{"@type":"ContactPoint","email":"marketing@techmaster.com.vn"},"openingHoursSpecification":[{"@type":"OpeningHoursSpecification","dayOfWeek":["Monday","Tuesday","Wednesday","Thursday","Friday","Saturday","Sunday"],"opens":"09:00","closes":"17:00"}],"email":"marketing@techmaster.com.vn","areaServed":"Vietnam"},{"@type":"ImageObject","inLanguage":"en-US","@id":"https:\/\/techmaster.com.vn\/en\/extech-sdl400-light-meter-datalogger\/#local-main-organization-logo","url":"https:\/\/techmaster.com.vn\/wp-content\/uploads\/2021\/04\/techmaster-logo-homepage.png","contentUrl":"https:\/\/techmaster.com.vn\/wp-content\/uploads\/2021\/04\/techmaster-logo-homepage.png","width":335,"height":62,"caption":"Techmaster Electronics JSC"}]},"product_price_currency":"VND","og_availability":"instock","product_availability":"instock","product_condition":"new"},"_links":{"self":[{"href":"https:\/\/techmaster.com.vn\/en\/wp-json\/wp\/v2\/product\/22057","targetHints":{"allow":["GET"]}}],"collection":[{"href":"https:\/\/techmaster.com.vn\/en\/wp-json\/wp\/v2\/product"}],"about":[{"href":"https:\/\/techmaster.com.vn\/en\/wp-json\/wp\/v2\/types\/product"}],"replies":[{"embeddable":true,"href":"https:\/\/techmaster.com.vn\/en\/wp-json\/wp\/v2\/comments?post=22057"}],"wp:featuredmedia":[{"embeddable":true,"href":"https:\/\/techmaster.com.vn\/en\/wp-json\/wp\/v2\/media\/5946"}],"wp:attachment":[{"href":"https:\/\/techmaster.com.vn\/en\/wp-json\/wp\/v2\/media?parent=22057"}],"wp:term":[{"taxonomy":"product_brand","embeddable":true,"href":"https:\/\/techmaster.com.vn\/en\/wp-json\/wp\/v2\/product_brand?post=22057"},{"taxonomy":"product_cat","embeddable":true,"href":"https:\/\/techmaster.com.vn\/en\/wp-json\/wp\/v2\/product_cat?post=22057"},{"taxonomy":"product_tag","embeddable":true,"href":"https:\/\/techmaster.com.vn\/en\/wp-json\/wp\/v2\/product_tag?post=22057"}],"curies":[{"name":"wp","href":"https:\/\/api.w.org\/{rel}","templated":true}]}}