{"id":21946,"date":"2020-12-14T15:16:29","date_gmt":"2020-12-14T08:16:29","guid":{"rendered":"https:\/\/techmaster.com.vn\/?post_type=product&#038;p=21946"},"modified":"2022-12-06T10:01:34","modified_gmt":"2022-12-06T03:01:34","slug":"extech-lt505-pocket-light-meter","status":"publish","type":"product","link":"https:\/\/techmaster.com.vn\/en\/extech-lt505-pocket-light-meter\/","title":{"rendered":"Extech LT505 Pocket Light Meter"},"content":{"rendered":"<p><strong>SPECIFICATIONS EXTECH LT505 POCKET LIGHT METER<\/strong><\/p>\n<div class=\"page\" title=\"Page 6\">\n<div class=\"section\">\n<div class=\"layoutArea\">\n<div class=\"column\">\n<p>Display: 9999 count LCD. Sampling rate 2.5 times per second<\/p>\n<div class=\"page\" title=\"Page 6\">\n<div class=\"layoutArea\">\n<div class=\"column\">\n<p>Light sensor: Silicone photodiode with cosine correction filter<\/p>\n<div class=\"page\" title=\"Page 6\">\n<div class=\"layoutArea\">\n<div class=\"column\">\n<p>Measurement Units: LUX and FC (Foot candles)<\/p>\n<div class=\"page\" title=\"Page 6\">\n<div class=\"layoutArea\">\n<div class=\"column\">\n<p>Lighting source types: Fluorescent, metal halide, high-pressure sodium, and incandescent<\/p>\n<div class=\"page\" title=\"Page 6\">\n<div class=\"layoutArea\">\n<div class=\"column\">\n<p>Input Overload Display: \u2018 OL \u2019<\/p>\n<div class=\"page\" title=\"Page 6\">\n<div class=\"layoutArea\">\n<div class=\"column\">\n<p>Tripod mount: On back of meter<\/p>\n<div class=\"page\" title=\"Page 6\">\n<div class=\"section\">\n<div class=\"layoutArea\">\n<div class=\"column\">\n<p>Power: 2 x 1.5V AAA batteries. Low battery indicator included<\/p>\n<div class=\"page\" title=\"Page 6\">\n<div class=\"layoutArea\">\n<div class=\"column\">\n<p>Automatic power off: After approx. 12 minutes of inactivity<\/p>\n<div class=\"page\" title=\"Page 6\">\n<div class=\"layoutArea\">\n<div class=\"column\">\n<p>Operating Temp\/Humidity: 5\u00b0C to 40\u00b0C (40\u00b0F to 104\u00b0F); &lt;80%RH Max<\/p>\n<div class=\"page\" title=\"Page 6\">\n<div class=\"layoutArea\">\n<div class=\"column\">\n<p>Operating Altitude: 2000 meters (7000ft) maximum<\/p>\n<div class=\"page\" title=\"Page 6\">\n<div class=\"layoutArea\">\n<div class=\"column\">\n<p>Storage Temp\/Humidity: -10\u00b0C to 60\u00b0C (14\u00b0F to 140\u00b0F); &lt;70%RH Max<\/p>\n<div class=\"page\" title=\"Page 6\">\n<div class=\"layoutArea\">\n<div class=\"column\">\n<p>Dimensions\/Weight: 133 x 48 x 23mm (5.3 x 1.9 x 0.9\u201d) \/250g (8.8oz)<\/p>\n<div class=\"page\" title=\"Page 6\">\n<div class=\"section\">\n<div class=\"layoutArea\">\n<div class=\"column\">\n<p>Safety: For indoor use only. EMC: EN61326-1 (2006), IEC 61000- 4-2 (2008, IEC 61000-4-3 (2006) + (2007); Pollution Degree 2.<\/p>\n<div class=\"page\" title=\"Page 7\">\n<div class=\"layoutArea\">\n<div class=\"column\">\n<ul>\n<li>Electrical Specifications (23\u00b15\u00b0C)<\/li>\n<\/ul>\n<p>\u2013\u00a0<span style=\"color: #555555;\">Lux (autorange)<\/span><\/p>\n<table style=\"width: 378px;\">\n<tbody>\n<tr>\n<td style=\"width: 51px;\">Unit<\/td>\n<td style=\"width: 143.390625px;\">Range<\/td>\n<td style=\"width: 106.609375px;\">Resolution<\/td>\n<td style=\"width: 170px;\">Accuracy<\/td>\n<\/tr>\n<tr>\n<td style=\"width: 51px;\" rowspan=\"4\">Lux<\/td>\n<td style=\"width: 143.390625px;\">999.9<\/td>\n<td style=\"width: 106.609375px;\">0.1<\/td>\n<td style=\"width: 170px;\">\u00b13%rdg + 3 dgts<\/td>\n<\/tr>\n<tr>\n<td style=\"width: 143.390625px;\">9 999<\/td>\n<td style=\"width: 106.609375px;\">1<\/td>\n<td style=\"width: 170px;\" rowspan=\"3\">\u00b13%rdg +10 dgts<\/td>\n<\/tr>\n<tr>\n<td style=\"width: 143.390625px;\">99 990<\/td>\n<td style=\"width: 106.609375px;\">10<\/td>\n<\/tr>\n<tr>\n<td style=\"width: 143.390625px;\">400 000<\/td>\n<td style=\"width: 106.609375px;\">100<\/td>\n<\/tr>\n<\/tbody>\n<\/table>\n<p>\u2013\u00a0<span style=\"color: #555555;\">Foot-candle (autorange)<\/span><\/p>\n<\/div>\n<div>\n<table style=\"width: 379.453125px;\">\n<tbody>\n<tr>\n<td style=\"width: 51px;\">Unit<\/td>\n<td style=\"width: 159px;\">Range<\/td>\n<td style=\"width: 117px;\">Resolution<\/td>\n<td style=\"width: 166.453125px;\">Accuracy<\/td>\n<\/tr>\n<tr>\n<td style=\"width: 51px;\" rowspan=\"4\">fc<\/p>\n<p>&nbsp;<\/td>\n<td style=\"width: 159px;\">99.99<\/td>\n<td style=\"width: 117px;\">0.01<\/td>\n<td style=\"width: 166.453125px;\">\u00b13%rdg + 3 dgts<\/td>\n<\/tr>\n<tr>\n<td style=\"width: 159px;\">999.9<\/td>\n<td style=\"width: 117px;\">0.1<\/td>\n<td style=\"width: 166.453125px;\" rowspan=\"3\">\u00b13%rdg +10 dgts<\/td>\n<\/tr>\n<tr>\n<td style=\"width: 159px;\">9 999<\/td>\n<td style=\"width: 117px;\">1<\/td>\n<\/tr>\n<tr>\n<td style=\"width: 159px;\">40 000<\/td>\n<td style=\"width: 117px;\">10<\/td>\n<\/tr>\n<\/tbody>\n<\/table>\n<div class=\"page\" title=\"Page 7\">\n<div class=\"layoutArea\">\n<div class=\"column\">\n<p>\u2217 Note: All ranges calibrated to a standard incandescent lamp at color temperature of 2856\u00b0K<\/p>\n<\/div>\n<\/div>\n<\/div>\n<h2><strong>Introduction Extech LT505<\/strong><\/h2>\n<h3>Wide Range Foot-Candle\/Lux Light Meter<\/h3>\n<p>Extech\u2019s pocket-sized autoranging Light Meter offers wide light intensity ranges measuring up to 40,000Fc (400,000Lux) with high resolution to 0.01Fc (0.1Lux). Ideal for indoor lighting tests and for <a href=\"https:\/\/techmaster.com.vn\/en\/extech-lt510-light-meter\/\">checking security and safety illumination<\/a> in parking garages, night time ATM areas, stairwells, landings, and hallways.<\/p>\n<h2><strong>Features\u00a0<\/strong><\/h2>\n<div class=\"page\" title=\"Page 1\">\n<div class=\"section\">&#8211; Measure light levels in Foot-Candle (Fc) or Lux units using a precision photo diode with cosine and color correction filter<br \/>\n&#8211; Zero\/Calibration function<br \/>\n&#8211; Data Hold and Min\/Max functions<\/div>\n<div class=\"section\"><span style=\"color: #555555;\">&#8211; Auto power off with disable<\/span><\/div>\n<div class=\"section\"><span style=\"color: #555555;\">&#8211; Tripod mount (optional TR100 Tripod sold separately)<\/span><\/div>\n<div class=\"section\"><span style=\"color: #555555;\">&#8211; Complete with light sensor cover, two AAA batteries, and pouch<\/span><\/div>\n<\/div>\n<\/div>\n<\/div>\n<\/div>\n<\/div>\n<\/div>\n<\/div>\n<\/div>\n<\/div>\n<\/div>\n<\/div>\n<\/div>\n<\/div>\n<\/div>\n<\/div>\n<\/div>\n<\/div>\n<\/div>\n<\/div>\n<\/div>\n<\/div>\n<\/div>\n<\/div>\n<\/div>\n<\/div>\n<\/div>\n<\/div>\n<\/div>\n<\/div>\n<\/div>\n<\/div>\n<\/div>\n<\/div>\n<\/div>\n<\/div>\n<\/div>\n<\/div>\n<\/div>\n<\/div>\n<\/div>\n<\/div>\n<\/div>\n<\/div>\n<\/div>\n<\/div>\n<\/div>\n","protected":false},"excerpt":{"rendered":"<h2><strong>Key Features<\/strong><\/h2>\n<ul>\n<li>Measure intensity of light (illuminance) in lux or foot-candles<\/li>\n<li>Light sensor with cosine correction<\/li>\n<li>Low battery indicator<\/li>\n<li>Data hold<\/li>\n<li>Auto-ranging<\/li>\n<li>Auto Power OFF (APO)<\/li>\n<\/ul>\n","protected":false},"featured_media":5903,"comment_status":"open","ping_status":"closed","template":"","meta":[],"product_brand":[],"product_cat":[260,240,512],"product_tag":[],"class_list":{"0":"post-21946","1":"product","2":"type-product","3":"status-publish","4":"has-post-thumbnail","6":"product_cat-measuring-instruments","7":"product_cat-environmental-measuring","8":"product_cat-light-meter","10":"first","11":"instock","12":"shipping-taxable","13":"product-type-simple"},"yoast_head":"<!-- This site is optimized with the Yoast SEO Premium plugin v26.8 (Yoast SEO v26.8) - https:\/\/yoast.com\/product\/yoast-seo-premium-wordpress\/ -->\n<title>Extech LT505 Pocket Light Meter - Techmaster Electronics JSC<\/title>\n<meta name=\"description\" content=\"Extech\u2019s pocket-sized autoranging Light Meter offers wide light intensity ranges measuring up to 40,000Fc (400,000Lux) with high resolution\" \/>\n<meta name=\"robots\" content=\"index, follow, max-snippet:-1, max-image-preview:large, max-video-preview:-1\" \/>\n<link rel=\"canonical\" href=\"https:\/\/techmaster.com.vn\/en\/extech-lt505-pocket-light-meter\/\" \/>\n<meta property=\"og:locale\" content=\"en_US\" \/>\n<meta property=\"og:type\" content=\"article\" \/>\n<meta property=\"og:title\" content=\"Extech LT505 Pocket Light Meter\" \/>\n<meta property=\"og:description\" content=\"Extech\u2019s pocket-sized autoranging Light Meter offers wide light intensity ranges measuring up to 40,000Fc (400,000Lux) with high resolution\" \/>\n<meta property=\"og:url\" content=\"https:\/\/techmaster.com.vn\/en\/extech-lt505-pocket-light-meter\/\" \/>\n<meta property=\"og:site_name\" content=\"Techmaster Electronics JSC\" \/>\n<meta property=\"article:publisher\" content=\"https:\/\/www.facebook.com\/techmaster.electronics.jsc\" \/>\n<meta property=\"article:modified_time\" content=\"2022-12-06T03:01:34+00:00\" \/>\n<meta property=\"og:image\" content=\"https:\/\/techmaster.com.vn\/wp-content\/uploads\/2020\/12\/may-do-anh-sang-Extech-LT505.jpg\" \/>\n\t<meta property=\"og:image:width\" content=\"450\" \/>\n\t<meta property=\"og:image:height\" content=\"450\" \/>\n\t<meta property=\"og:image:type\" content=\"image\/jpeg\" \/>\n<meta name=\"twitter:card\" content=\"summary_large_image\" \/>\n<meta name=\"twitter:site\" content=\"@techmastervn\" \/>\n<meta name=\"twitter:label1\" content=\"Price\" \/>\n\t<meta name=\"twitter:data1\" content=\"Call for Price\" \/>\n\t<meta name=\"twitter:label2\" content=\"Availability\" \/>\n\t<meta name=\"twitter:data2\" content=\"In stock\" \/>\n<script type=\"application\/ld+json\" class=\"yoast-schema-graph\">{\"@context\":\"https:\/\/schema.org\",\"@graph\":[{\"@type\":\"WebPage\",\"@id\":\"https:\/\/techmaster.com.vn\/en\/extech-lt505-pocket-light-meter\/\",\"url\":\"https:\/\/techmaster.com.vn\/en\/extech-lt505-pocket-light-meter\/\",\"name\":\"Extech LT505 Pocket Light Meter - Techmaster Electronics JSC\",\"isPartOf\":{\"@id\":\"https:\/\/techmaster.com.vn\/en\/#website\"},\"primaryImageOfPage\":{\"@id\":\"https:\/\/techmaster.com.vn\/en\/extech-lt505-pocket-light-meter\/#primaryimage\"},\"image\":{\"@id\":\"https:\/\/techmaster.com.vn\/en\/extech-lt505-pocket-light-meter\/#primaryimage\"},\"thumbnailUrl\":\"https:\/\/techmaster.com.vn\/wp-content\/uploads\/2020\/12\/may-do-anh-sang-Extech-LT505.jpg\",\"datePublished\":\"2020-12-14T08:16:29+00:00\",\"dateModified\":\"2022-12-06T03:01:34+00:00\",\"description\":\"Extech\u2019s pocket-sized autoranging Light Meter offers wide light intensity ranges measuring up to 40,000Fc (400,000Lux) with high resolution\",\"breadcrumb\":{\"@id\":\"https:\/\/techmaster.com.vn\/en\/extech-lt505-pocket-light-meter\/#breadcrumb\"},\"inLanguage\":\"en-US\",\"potentialAction\":[{\"@type\":\"ReadAction\",\"target\":[\"https:\/\/techmaster.com.vn\/en\/extech-lt505-pocket-light-meter\/\"]}]},{\"@type\":\"ImageObject\",\"inLanguage\":\"en-US\",\"@id\":\"https:\/\/techmaster.com.vn\/en\/extech-lt505-pocket-light-meter\/#primaryimage\",\"url\":\"https:\/\/techmaster.com.vn\/wp-content\/uploads\/2020\/12\/may-do-anh-sang-Extech-LT505.jpg\",\"contentUrl\":\"https:\/\/techmaster.com.vn\/wp-content\/uploads\/2020\/12\/may-do-anh-sang-Extech-LT505.jpg\",\"width\":450,\"height\":450,\"caption\":\"M\u00e1y \u0111o \u00e1nh s\u00e1ng Extech LT505\"},{\"@type\":\"BreadcrumbList\",\"@id\":\"https:\/\/techmaster.com.vn\/en\/extech-lt505-pocket-light-meter\/#breadcrumb\",\"itemListElement\":[{\"@type\":\"ListItem\",\"position\":1,\"name\":\"Trang ch\u1ee7\",\"item\":\"https:\/\/techmaster.com.vn\/en\/\"},{\"@type\":\"ListItem\",\"position\":2,\"name\":\"Shop\",\"item\":\"https:\/\/techmaster.com.vn\/san-pham\/\"},{\"@type\":\"ListItem\",\"position\":3,\"name\":\"Extech LT505 Pocket Light Meter\"}]},{\"@type\":\"WebSite\",\"@id\":\"https:\/\/techmaster.com.vn\/en\/#website\",\"url\":\"https:\/\/techmaster.com.vn\/en\/\",\"name\":\"Techmaster Electronics JSC\",\"description\":\"\",\"publisher\":{\"@id\":\"https:\/\/techmaster.com.vn\/en\/#organization\"},\"potentialAction\":[{\"@type\":\"SearchAction\",\"target\":{\"@type\":\"EntryPoint\",\"urlTemplate\":\"https:\/\/techmaster.com.vn\/en\/?s={search_term_string}\"},\"query-input\":{\"@type\":\"PropertyValueSpecification\",\"valueRequired\":true,\"valueName\":\"search_term_string\"}}],\"inLanguage\":\"en-US\"},{\"@type\":[\"Organization\",\"Place\"],\"@id\":\"https:\/\/techmaster.com.vn\/en\/#organization\",\"name\":\"Techmaster Electronics JSC\",\"url\":\"https:\/\/techmaster.com.vn\/en\/\",\"logo\":{\"@id\":\"https:\/\/techmaster.com.vn\/en\/extech-lt505-pocket-light-meter\/#local-main-organization-logo\"},\"image\":{\"@id\":\"https:\/\/techmaster.com.vn\/en\/extech-lt505-pocket-light-meter\/#local-main-organization-logo\"},\"sameAs\":[\"https:\/\/www.facebook.com\/techmaster.electronics.jsc\",\"https:\/\/x.com\/techmastervn\",\"https:\/\/www.instagram.com\/techmastervietnam\",\"https:\/\/myspace.com\/techmastervietnam\",\"https:\/\/www.youtube.com\/c\/TechmasterElectronicsJSC\",\"https:\/\/www.pinterest.com\/techmasterelectronicsjsc\/\",\"https:\/\/vi.wikipedia.org\/wiki\/Th\u00e0nh_vi\u00ean:Techmastervietnam\",\"https:\/\/twitter.com\/techmastervn\",\"https:\/\/www.linkedin.com\/company\/techmaster-vietnam\/\"],\"telephone\":[],\"contactPoint\":{\"@type\":\"ContactPoint\",\"email\":\"marketing@techmaster.com.vn\"},\"openingHoursSpecification\":[{\"@type\":\"OpeningHoursSpecification\",\"dayOfWeek\":[\"Monday\",\"Tuesday\",\"Wednesday\",\"Thursday\",\"Friday\",\"Saturday\",\"Sunday\"],\"opens\":\"09:00\",\"closes\":\"17:00\"}],\"email\":\"marketing@techmaster.com.vn\",\"areaServed\":\"Vietnam\"},{\"@type\":\"ImageObject\",\"inLanguage\":\"en-US\",\"@id\":\"https:\/\/techmaster.com.vn\/en\/extech-lt505-pocket-light-meter\/#local-main-organization-logo\",\"url\":\"https:\/\/techmaster.com.vn\/wp-content\/uploads\/2021\/04\/techmaster-logo-homepage.png\",\"contentUrl\":\"https:\/\/techmaster.com.vn\/wp-content\/uploads\/2021\/04\/techmaster-logo-homepage.png\",\"width\":335,\"height\":62,\"caption\":\"Techmaster Electronics JSC\"}]}<\/script>\n<meta property=\"product:price:amount\" content=\"0\" \/>\n<meta property=\"product:price:currency\" content=\"VND\" \/>\n<meta property=\"og:availability\" content=\"instock\" \/>\n<meta property=\"product:availability\" content=\"instock\" \/>\n<meta property=\"product:condition\" content=\"new\" \/>\n<!-- \/ Yoast SEO Premium plugin. -->","yoast_head_json":{"title":"Extech LT505 Pocket Light Meter - Techmaster Electronics JSC","description":"Extech\u2019s pocket-sized autoranging Light Meter offers wide light intensity ranges measuring up to 40,000Fc (400,000Lux) with high resolution","robots":{"index":"index","follow":"follow","max-snippet":"max-snippet:-1","max-image-preview":"max-image-preview:large","max-video-preview":"max-video-preview:-1"},"canonical":"https:\/\/techmaster.com.vn\/en\/extech-lt505-pocket-light-meter\/","og_locale":"en_US","og_type":"article","og_title":"Extech LT505 Pocket Light Meter","og_description":"Extech\u2019s pocket-sized autoranging Light Meter offers wide light intensity ranges measuring up to 40,000Fc (400,000Lux) with high resolution","og_url":"https:\/\/techmaster.com.vn\/en\/extech-lt505-pocket-light-meter\/","og_site_name":"Techmaster Electronics JSC","article_publisher":"https:\/\/www.facebook.com\/techmaster.electronics.jsc","article_modified_time":"2022-12-06T03:01:34+00:00","og_image":[{"width":450,"height":450,"url":"https:\/\/techmaster.com.vn\/wp-content\/uploads\/2020\/12\/may-do-anh-sang-Extech-LT505.jpg","type":"image\/jpeg"}],"twitter_card":"summary_large_image","twitter_site":"@techmastervn","twitter_misc":{"Price":"Call for Price","Availability":"In stock"},"schema":{"@context":"https:\/\/schema.org","@graph":[{"@type":"WebPage","@id":"https:\/\/techmaster.com.vn\/en\/extech-lt505-pocket-light-meter\/","url":"https:\/\/techmaster.com.vn\/en\/extech-lt505-pocket-light-meter\/","name":"Extech LT505 Pocket Light Meter - Techmaster Electronics JSC","isPartOf":{"@id":"https:\/\/techmaster.com.vn\/en\/#website"},"primaryImageOfPage":{"@id":"https:\/\/techmaster.com.vn\/en\/extech-lt505-pocket-light-meter\/#primaryimage"},"image":{"@id":"https:\/\/techmaster.com.vn\/en\/extech-lt505-pocket-light-meter\/#primaryimage"},"thumbnailUrl":"https:\/\/techmaster.com.vn\/wp-content\/uploads\/2020\/12\/may-do-anh-sang-Extech-LT505.jpg","datePublished":"2020-12-14T08:16:29+00:00","dateModified":"2022-12-06T03:01:34+00:00","description":"Extech\u2019s pocket-sized autoranging Light Meter offers wide light intensity ranges measuring up to 40,000Fc (400,000Lux) with high resolution","breadcrumb":{"@id":"https:\/\/techmaster.com.vn\/en\/extech-lt505-pocket-light-meter\/#breadcrumb"},"inLanguage":"en-US","potentialAction":[{"@type":"ReadAction","target":["https:\/\/techmaster.com.vn\/en\/extech-lt505-pocket-light-meter\/"]}]},{"@type":"ImageObject","inLanguage":"en-US","@id":"https:\/\/techmaster.com.vn\/en\/extech-lt505-pocket-light-meter\/#primaryimage","url":"https:\/\/techmaster.com.vn\/wp-content\/uploads\/2020\/12\/may-do-anh-sang-Extech-LT505.jpg","contentUrl":"https:\/\/techmaster.com.vn\/wp-content\/uploads\/2020\/12\/may-do-anh-sang-Extech-LT505.jpg","width":450,"height":450,"caption":"M\u00e1y \u0111o \u00e1nh s\u00e1ng Extech LT505"},{"@type":"BreadcrumbList","@id":"https:\/\/techmaster.com.vn\/en\/extech-lt505-pocket-light-meter\/#breadcrumb","itemListElement":[{"@type":"ListItem","position":1,"name":"Trang ch\u1ee7","item":"https:\/\/techmaster.com.vn\/en\/"},{"@type":"ListItem","position":2,"name":"Shop","item":"https:\/\/techmaster.com.vn\/san-pham\/"},{"@type":"ListItem","position":3,"name":"Extech LT505 Pocket Light Meter"}]},{"@type":"WebSite","@id":"https:\/\/techmaster.com.vn\/en\/#website","url":"https:\/\/techmaster.com.vn\/en\/","name":"Techmaster Electronics JSC","description":"","publisher":{"@id":"https:\/\/techmaster.com.vn\/en\/#organization"},"potentialAction":[{"@type":"SearchAction","target":{"@type":"EntryPoint","urlTemplate":"https:\/\/techmaster.com.vn\/en\/?s={search_term_string}"},"query-input":{"@type":"PropertyValueSpecification","valueRequired":true,"valueName":"search_term_string"}}],"inLanguage":"en-US"},{"@type":["Organization","Place"],"@id":"https:\/\/techmaster.com.vn\/en\/#organization","name":"Techmaster Electronics JSC","url":"https:\/\/techmaster.com.vn\/en\/","logo":{"@id":"https:\/\/techmaster.com.vn\/en\/extech-lt505-pocket-light-meter\/#local-main-organization-logo"},"image":{"@id":"https:\/\/techmaster.com.vn\/en\/extech-lt505-pocket-light-meter\/#local-main-organization-logo"},"sameAs":["https:\/\/www.facebook.com\/techmaster.electronics.jsc","https:\/\/x.com\/techmastervn","https:\/\/www.instagram.com\/techmastervietnam","https:\/\/myspace.com\/techmastervietnam","https:\/\/www.youtube.com\/c\/TechmasterElectronicsJSC","https:\/\/www.pinterest.com\/techmasterelectronicsjsc\/","https:\/\/vi.wikipedia.org\/wiki\/Th\u00e0nh_vi\u00ean:Techmastervietnam","https:\/\/twitter.com\/techmastervn","https:\/\/www.linkedin.com\/company\/techmaster-vietnam\/"],"telephone":[],"contactPoint":{"@type":"ContactPoint","email":"marketing@techmaster.com.vn"},"openingHoursSpecification":[{"@type":"OpeningHoursSpecification","dayOfWeek":["Monday","Tuesday","Wednesday","Thursday","Friday","Saturday","Sunday"],"opens":"09:00","closes":"17:00"}],"email":"marketing@techmaster.com.vn","areaServed":"Vietnam"},{"@type":"ImageObject","inLanguage":"en-US","@id":"https:\/\/techmaster.com.vn\/en\/extech-lt505-pocket-light-meter\/#local-main-organization-logo","url":"https:\/\/techmaster.com.vn\/wp-content\/uploads\/2021\/04\/techmaster-logo-homepage.png","contentUrl":"https:\/\/techmaster.com.vn\/wp-content\/uploads\/2021\/04\/techmaster-logo-homepage.png","width":335,"height":62,"caption":"Techmaster Electronics JSC"}]},"product_price_currency":"VND","og_availability":"instock","product_availability":"instock","product_condition":"new"},"_links":{"self":[{"href":"https:\/\/techmaster.com.vn\/en\/wp-json\/wp\/v2\/product\/21946","targetHints":{"allow":["GET"]}}],"collection":[{"href":"https:\/\/techmaster.com.vn\/en\/wp-json\/wp\/v2\/product"}],"about":[{"href":"https:\/\/techmaster.com.vn\/en\/wp-json\/wp\/v2\/types\/product"}],"replies":[{"embeddable":true,"href":"https:\/\/techmaster.com.vn\/en\/wp-json\/wp\/v2\/comments?post=21946"}],"wp:featuredmedia":[{"embeddable":true,"href":"https:\/\/techmaster.com.vn\/en\/wp-json\/wp\/v2\/media\/5903"}],"wp:attachment":[{"href":"https:\/\/techmaster.com.vn\/en\/wp-json\/wp\/v2\/media?parent=21946"}],"wp:term":[{"taxonomy":"product_brand","embeddable":true,"href":"https:\/\/techmaster.com.vn\/en\/wp-json\/wp\/v2\/product_brand?post=21946"},{"taxonomy":"product_cat","embeddable":true,"href":"https:\/\/techmaster.com.vn\/en\/wp-json\/wp\/v2\/product_cat?post=21946"},{"taxonomy":"product_tag","embeddable":true,"href":"https:\/\/techmaster.com.vn\/en\/wp-json\/wp\/v2\/product_tag?post=21946"}],"curies":[{"name":"wp","href":"https:\/\/api.w.org\/{rel}","templated":true}]}}