{"id":181039,"date":"2025-01-15T15:37:42","date_gmt":"2025-01-15T08:37:43","guid":{"rendered":"https:\/\/techmaster.com.vn\/?post_type=product&#038;p=181039"},"modified":"2025-01-16T10:32:17","modified_gmt":"2025-01-16T03:32:17","slug":"mxa-signal-analyzer-keysight-n9020b","status":"publish","type":"product","link":"https:\/\/techmaster.com.vn\/en\/mxa-signal-analyzer-keysight-n9020b\/","title":{"rendered":"MXA Signal Analyzer &#8211; Keysight N9020B"},"content":{"rendered":"<p><b>SPECIFICATIONS MXA SIGNAL ANALYZER &#8211; Keysight N9020B<\/b><\/p>\n<table>\n<tbody>\n<tr>\n<td colspan=\"2\">\n<h4><b>General technical data<\/b><\/h4>\n<\/td>\n<\/tr>\n<tr>\n<td><span style=\"font-weight: 400;\">Frequency range<\/span><\/td>\n<td><span style=\"font-weight: 400;\">Option 503: 10 Hz to 3.6 GHz<\/span><\/p>\n<p><span style=\"font-weight: 400;\">Option 508: 10 Hz to 8.4 GHz<\/span><\/p>\n<p><span style=\"font-weight: 400;\">Option 513: 10 Hz to 13.6 GHz<\/span><\/p>\n<p><span style=\"font-weight: 400;\">Option 526: 10 Hz to 26.5 GHz<\/span><\/td>\n<\/tr>\n<tr>\n<td><span style=\"font-weight: 400;\">Dynamic range<\/span><\/td>\n<td><span style=\"font-weight: 400;\">Displayed average noise level (DANL):<\/span><\/p>\n<p><span style=\"font-weight: 400;\">RF\/MW (Preamp off): -154 dBm at 10 MHz to 2.1 GHz<\/span><\/p>\n<p><span style=\"font-weight: 400;\">Preamp on: -166 dBm at 10 MHz to 2.1 GHz<\/span><\/td>\n<\/tr>\n<tr>\n<td><span style=\"font-weight: 400;\">Amplitude accuracy<\/span><\/td>\n<td><span style=\"font-weight: 400;\">\u00b10.33 dB at 50 MHz (standard configuration)<\/span><\/td>\n<\/tr>\n<tr>\n<td><span style=\"font-weight: 400;\">Analysis bandwidth<\/span><\/td>\n<td><span style=\"font-weight: 400;\">Standard: 25 MHz<\/span><\/td>\n<\/tr>\n<tr>\n<td><span style=\"font-weight: 400;\">Phase noise<\/span><\/td>\n<td><span style=\"font-weight: 400;\">At 1 GHz, 10 kHz offset: -116 dBc\/Hz (typical)<\/span><\/td>\n<\/tr>\n<tr>\n<td><span style=\"font-weight: 400;\">Sweep and Trigger<\/span><\/td>\n<td><span style=\"font-weight: 400;\">Sweep time (zero span): 1 \u03bcs to 6000 s<\/span><\/p>\n<p><span style=\"font-weight: 400;\">Trigger Modes: Free run, external, video, RF burst, frequency mask,&#8230;<\/span><\/td>\n<\/tr>\n<tr>\n<td><span style=\"font-weight: 400;\">Interfaces<\/span><\/td>\n<td><span style=\"font-weight: 400;\">RF Input: Type-N or 2.4 mm female connectors (depending on frequency range)<\/span><\/p>\n<p><span style=\"font-weight: 400;\">USB Ports: USB 2.0 and 3.0 (Type A and B)<\/span><\/p>\n<p><span style=\"font-weight: 400;\">LAN: RJ45 Ethernet<\/span><\/p>\n<p><span style=\"font-weight: 400;\">GPIB and VGA compatibility<\/span><\/td>\n<\/tr>\n<tr>\n<td><span style=\"font-weight: 400;\">Display control<\/span><\/td>\n<td><span style=\"font-weight: 400;\">10.6-inch capacitive multi-touch display<\/span><\/p>\n<p><span style=\"font-weight: 400;\">Resolution: 1280 x 768 pixels<\/span><\/td>\n<\/tr>\n<tr>\n<td><span style=\"font-weight: 400;\">Weight<\/span><\/td>\n<td><span style=\"font-weight: 400;\">18 to 20 kg (depending on options)<\/span><\/td>\n<\/tr>\n<tr>\n<td><span style=\"font-weight: 400;\">Dimensions<\/span><\/td>\n<td><span style=\"font-weight: 400;\">177 mm (H) x 426 mm (W) x 368 mm (D)<\/span><\/td>\n<\/tr>\n<tr>\n<td><span style=\"font-weight: 400;\">Power requirements<\/span><\/td>\n<td><span style=\"font-weight: 400;\">Voltage: 100\/120 V (50\/60\/400 Hz) or 220\/240 V (50\/60 Hz)<\/span><\/p>\n<p><span style=\"font-weight: 400;\">Maximum Power: 465 W<\/span><\/td>\n<\/tr>\n<\/tbody>\n<\/table>\n<h2><strong>Keysight N9020B MXA Signal Analyzer: High-Performance RF Analysis<\/strong><\/h2>\n<p>The Keysight N9020B is a high-performance, versatile tool designed for advanced signal analysis across a wide frequency range. Its capabilities make it an essential instrument for research, development, manufacturing, and troubleshooting of RF and microwave systems. With multi-touch controls and powerful measurement tools, the N9020B combines precision, speed, and user-friendly operation for complex testing environments.<\/p>\n<p>The Keysight N9020B MXA combines cutting-edge features with user-friendly operation, delivering unmatched performance for RF and microwave signal analysis. Whether in a lab or production setting, it is an invaluable tool for achieving accurate, detailed, and efficient measurements.<\/p>\n<figure id=\"attachment_181043\" aria-describedby=\"caption-attachment-181043\" style=\"width: 1600px\" class=\"wp-caption alignnone\"><a href=\"https:\/\/techmaster.com.vn\/wp-content\/uploads\/2025\/01\/n9020b-05.webp\"><img loading=\"lazy\" decoding=\"async\" class=\"size-full wp-image-181043\" src=\"https:\/\/techmaster.com.vn\/wp-content\/uploads\/2025\/01\/n9020b-05.webp\" alt=\"MXA Signal Analyzer - Keysight N9020B\" width=\"1600\" height=\"900\" \/><\/a><figcaption id=\"caption-attachment-181043\" class=\"wp-caption-text\">MXA Signal Analyzer &#8211; Keysight N9020B<\/figcaption><\/figure>\n","protected":false},"excerpt":{"rendered":"<h3>More features<\/h3>\n<ul>\n<li>See more with a wide frequency range of 10 Hz to 50 GHz with up to 160 MHz analysis bandwidth<\/li>\n<li>Shorten test times with hardware-accelerated power measurements, rapid display updates, rapid marker peak searches, and fast sweeps<\/li>\n<li>Get complete signal characterization by capturing longer I\/Q samples<\/li>\n<li>Accurately analyze complex signals with EVM as low as 0.3 percent (\u201350 dB)<\/li>\n<li>Simplify testing with one-button measurements using PathWave X-Series measurement applications<\/li>\n<li>Capture elusive or transient signals with full-band real-time spectrum analysis<\/li>\n<\/ul>\n","protected":false},"featured_media":181057,"comment_status":"open","ping_status":"closed","template":"","meta":[],"product_brand":[],"product_cat":[449],"product_tag":[],"class_list":{"0":"post-181039","1":"product","2":"type-product","3":"status-publish","4":"has-post-thumbnail","6":"product_cat-may-siet-luc","7":"pa_brand-keysight-en","9":"first","10":"instock","11":"shipping-taxable","12":"product-type-simple"},"yoast_head":"<!-- This site is optimized with the Yoast SEO Premium plugin v26.8 (Yoast SEO v26.8) - https:\/\/yoast.com\/product\/yoast-seo-premium-wordpress\/ -->\n<title>MXA Signal Analyzer - Keysight N9020B - Techmaster Electronics JSC<\/title>\n<meta name=\"description\" content=\"Keysight N9020B: High-performance RF and microwave signal analysis up to 50 GHz with advanced bandwidth options, precision, and real-time capabilities.\" \/>\n<meta name=\"robots\" content=\"index, follow, max-snippet:-1, max-image-preview:large, max-video-preview:-1\" \/>\n<link rel=\"canonical\" href=\"https:\/\/techmaster.com.vn\/en\/mxa-signal-analyzer-keysight-n9020b\/\" \/>\n<meta property=\"og:locale\" content=\"en_US\" \/>\n<meta property=\"og:type\" content=\"article\" \/>\n<meta property=\"og:title\" content=\"MXA Signal Analyzer - Keysight N9020B\" \/>\n<meta property=\"og:description\" content=\"Keysight N9020B: High-performance RF and microwave signal analysis up to 50 GHz with advanced bandwidth options, precision, and real-time capabilities.\" \/>\n<meta property=\"og:url\" content=\"https:\/\/techmaster.com.vn\/en\/mxa-signal-analyzer-keysight-n9020b\/\" \/>\n<meta property=\"og:site_name\" content=\"Techmaster Electronics JSC\" \/>\n<meta property=\"article:publisher\" content=\"https:\/\/www.facebook.com\/techmaster.electronics.jsc\" \/>\n<meta property=\"article:modified_time\" content=\"2025-01-16T03:32:17+00:00\" \/>\n<meta property=\"og:image\" content=\"https:\/\/techmaster.com.vn\/wp-content\/uploads\/2025\/01\/1.png\" \/>\n\t<meta property=\"og:image:width\" content=\"628\" \/>\n\t<meta property=\"og:image:height\" content=\"628\" \/>\n\t<meta property=\"og:image:type\" content=\"image\/png\" \/>\n<meta name=\"twitter:card\" content=\"summary_large_image\" \/>\n<meta name=\"twitter:site\" content=\"@techmastervn\" \/>\n<meta name=\"twitter:label1\" content=\"Price\" \/>\n\t<meta name=\"twitter:data1\" content=\"Call for Price\" \/>\n\t<meta name=\"twitter:label2\" content=\"Availability\" \/>\n\t<meta name=\"twitter:data2\" content=\"In stock\" \/>\n<script type=\"application\/ld+json\" class=\"yoast-schema-graph\">{\"@context\":\"https:\/\/schema.org\",\"@graph\":[{\"@type\":\"WebPage\",\"@id\":\"https:\/\/techmaster.com.vn\/en\/mxa-signal-analyzer-keysight-n9020b\/\",\"url\":\"https:\/\/techmaster.com.vn\/en\/mxa-signal-analyzer-keysight-n9020b\/\",\"name\":\"MXA Signal Analyzer - Keysight N9020B - Techmaster Electronics JSC\",\"isPartOf\":{\"@id\":\"https:\/\/techmaster.com.vn\/en\/#website\"},\"primaryImageOfPage\":{\"@id\":\"https:\/\/techmaster.com.vn\/en\/mxa-signal-analyzer-keysight-n9020b\/#primaryimage\"},\"image\":{\"@id\":\"https:\/\/techmaster.com.vn\/en\/mxa-signal-analyzer-keysight-n9020b\/#primaryimage\"},\"thumbnailUrl\":\"https:\/\/techmaster.com.vn\/wp-content\/uploads\/2025\/01\/1.png\",\"datePublished\":\"2025-01-15T08:37:43+00:00\",\"dateModified\":\"2025-01-16T03:32:17+00:00\",\"description\":\"Keysight N9020B: High-performance RF and microwave signal analysis up to 50 GHz with advanced bandwidth options, precision, and real-time capabilities.\",\"breadcrumb\":{\"@id\":\"https:\/\/techmaster.com.vn\/en\/mxa-signal-analyzer-keysight-n9020b\/#breadcrumb\"},\"inLanguage\":\"en-US\",\"potentialAction\":[{\"@type\":\"ReadAction\",\"target\":[\"https:\/\/techmaster.com.vn\/en\/mxa-signal-analyzer-keysight-n9020b\/\"]}]},{\"@type\":\"ImageObject\",\"inLanguage\":\"en-US\",\"@id\":\"https:\/\/techmaster.com.vn\/en\/mxa-signal-analyzer-keysight-n9020b\/#primaryimage\",\"url\":\"https:\/\/techmaster.com.vn\/wp-content\/uploads\/2025\/01\/1.png\",\"contentUrl\":\"https:\/\/techmaster.com.vn\/wp-content\/uploads\/2025\/01\/1.png\",\"width\":628,\"height\":628,\"caption\":\"M\u00e1y ph\u00e2n t\u00edch t\u00edn hi\u1ec7u - Keysight N9020B\"},{\"@type\":\"BreadcrumbList\",\"@id\":\"https:\/\/techmaster.com.vn\/en\/mxa-signal-analyzer-keysight-n9020b\/#breadcrumb\",\"itemListElement\":[{\"@type\":\"ListItem\",\"position\":1,\"name\":\"Trang ch\u1ee7\",\"item\":\"https:\/\/techmaster.com.vn\/en\/\"},{\"@type\":\"ListItem\",\"position\":2,\"name\":\"Shop\",\"item\":\"https:\/\/techmaster.com.vn\/san-pham\/\"},{\"@type\":\"ListItem\",\"position\":3,\"name\":\"MXA Signal Analyzer &#8211; Keysight N9020B\"}]},{\"@type\":\"WebSite\",\"@id\":\"https:\/\/techmaster.com.vn\/en\/#website\",\"url\":\"https:\/\/techmaster.com.vn\/en\/\",\"name\":\"Techmaster Electronics JSC\",\"description\":\"\",\"publisher\":{\"@id\":\"https:\/\/techmaster.com.vn\/en\/#organization\"},\"potentialAction\":[{\"@type\":\"SearchAction\",\"target\":{\"@type\":\"EntryPoint\",\"urlTemplate\":\"https:\/\/techmaster.com.vn\/en\/?s={search_term_string}\"},\"query-input\":{\"@type\":\"PropertyValueSpecification\",\"valueRequired\":true,\"valueName\":\"search_term_string\"}}],\"inLanguage\":\"en-US\"},{\"@type\":[\"Organization\",\"Place\"],\"@id\":\"https:\/\/techmaster.com.vn\/en\/#organization\",\"name\":\"Techmaster Electronics JSC\",\"url\":\"https:\/\/techmaster.com.vn\/en\/\",\"logo\":{\"@id\":\"https:\/\/techmaster.com.vn\/en\/mxa-signal-analyzer-keysight-n9020b\/#local-main-organization-logo\"},\"image\":{\"@id\":\"https:\/\/techmaster.com.vn\/en\/mxa-signal-analyzer-keysight-n9020b\/#local-main-organization-logo\"},\"sameAs\":[\"https:\/\/www.facebook.com\/techmaster.electronics.jsc\",\"https:\/\/x.com\/techmastervn\",\"https:\/\/www.instagram.com\/techmastervietnam\",\"https:\/\/myspace.com\/techmastervietnam\",\"https:\/\/www.youtube.com\/c\/TechmasterElectronicsJSC\",\"https:\/\/www.pinterest.com\/techmasterelectronicsjsc\/\",\"https:\/\/vi.wikipedia.org\/wiki\/Th\u00e0nh_vi\u00ean:Techmastervietnam\",\"https:\/\/twitter.com\/techmastervn\",\"https:\/\/www.linkedin.com\/company\/techmaster-vietnam\/\"],\"telephone\":[],\"contactPoint\":{\"@type\":\"ContactPoint\",\"email\":\"marketing@techmaster.com.vn\"},\"openingHoursSpecification\":[{\"@type\":\"OpeningHoursSpecification\",\"dayOfWeek\":[\"Monday\",\"Tuesday\",\"Wednesday\",\"Thursday\",\"Friday\",\"Saturday\",\"Sunday\"],\"opens\":\"09:00\",\"closes\":\"17:00\"}],\"email\":\"marketing@techmaster.com.vn\",\"areaServed\":\"Vietnam\"},{\"@type\":\"ImageObject\",\"inLanguage\":\"en-US\",\"@id\":\"https:\/\/techmaster.com.vn\/en\/mxa-signal-analyzer-keysight-n9020b\/#local-main-organization-logo\",\"url\":\"https:\/\/techmaster.com.vn\/wp-content\/uploads\/2021\/04\/techmaster-logo-homepage.png\",\"contentUrl\":\"https:\/\/techmaster.com.vn\/wp-content\/uploads\/2021\/04\/techmaster-logo-homepage.png\",\"width\":335,\"height\":62,\"caption\":\"Techmaster Electronics JSC\"}]}<\/script>\n<meta property=\"product:price:amount\" content=\"0\" \/>\n<meta property=\"product:price:currency\" content=\"VND\" \/>\n<meta property=\"og:availability\" content=\"instock\" \/>\n<meta property=\"product:availability\" content=\"instock\" \/>\n<meta property=\"product:condition\" content=\"new\" \/>\n<!-- \/ Yoast SEO Premium plugin. -->","yoast_head_json":{"title":"MXA Signal Analyzer - Keysight N9020B - Techmaster Electronics JSC","description":"Keysight N9020B: High-performance RF and microwave signal analysis up to 50 GHz with advanced bandwidth options, precision, and real-time capabilities.","robots":{"index":"index","follow":"follow","max-snippet":"max-snippet:-1","max-image-preview":"max-image-preview:large","max-video-preview":"max-video-preview:-1"},"canonical":"https:\/\/techmaster.com.vn\/en\/mxa-signal-analyzer-keysight-n9020b\/","og_locale":"en_US","og_type":"article","og_title":"MXA Signal Analyzer - Keysight N9020B","og_description":"Keysight N9020B: High-performance RF and microwave signal analysis up to 50 GHz with advanced bandwidth options, precision, and real-time capabilities.","og_url":"https:\/\/techmaster.com.vn\/en\/mxa-signal-analyzer-keysight-n9020b\/","og_site_name":"Techmaster Electronics JSC","article_publisher":"https:\/\/www.facebook.com\/techmaster.electronics.jsc","article_modified_time":"2025-01-16T03:32:17+00:00","og_image":[{"width":628,"height":628,"url":"https:\/\/techmaster.com.vn\/wp-content\/uploads\/2025\/01\/1.png","type":"image\/png"}],"twitter_card":"summary_large_image","twitter_site":"@techmastervn","twitter_misc":{"Price":"Call for Price","Availability":"In stock"},"schema":{"@context":"https:\/\/schema.org","@graph":[{"@type":"WebPage","@id":"https:\/\/techmaster.com.vn\/en\/mxa-signal-analyzer-keysight-n9020b\/","url":"https:\/\/techmaster.com.vn\/en\/mxa-signal-analyzer-keysight-n9020b\/","name":"MXA Signal Analyzer - Keysight N9020B - Techmaster Electronics JSC","isPartOf":{"@id":"https:\/\/techmaster.com.vn\/en\/#website"},"primaryImageOfPage":{"@id":"https:\/\/techmaster.com.vn\/en\/mxa-signal-analyzer-keysight-n9020b\/#primaryimage"},"image":{"@id":"https:\/\/techmaster.com.vn\/en\/mxa-signal-analyzer-keysight-n9020b\/#primaryimage"},"thumbnailUrl":"https:\/\/techmaster.com.vn\/wp-content\/uploads\/2025\/01\/1.png","datePublished":"2025-01-15T08:37:43+00:00","dateModified":"2025-01-16T03:32:17+00:00","description":"Keysight N9020B: High-performance RF and microwave signal analysis up to 50 GHz with advanced bandwidth options, precision, and real-time capabilities.","breadcrumb":{"@id":"https:\/\/techmaster.com.vn\/en\/mxa-signal-analyzer-keysight-n9020b\/#breadcrumb"},"inLanguage":"en-US","potentialAction":[{"@type":"ReadAction","target":["https:\/\/techmaster.com.vn\/en\/mxa-signal-analyzer-keysight-n9020b\/"]}]},{"@type":"ImageObject","inLanguage":"en-US","@id":"https:\/\/techmaster.com.vn\/en\/mxa-signal-analyzer-keysight-n9020b\/#primaryimage","url":"https:\/\/techmaster.com.vn\/wp-content\/uploads\/2025\/01\/1.png","contentUrl":"https:\/\/techmaster.com.vn\/wp-content\/uploads\/2025\/01\/1.png","width":628,"height":628,"caption":"M\u00e1y ph\u00e2n t\u00edch t\u00edn hi\u1ec7u - Keysight N9020B"},{"@type":"BreadcrumbList","@id":"https:\/\/techmaster.com.vn\/en\/mxa-signal-analyzer-keysight-n9020b\/#breadcrumb","itemListElement":[{"@type":"ListItem","position":1,"name":"Trang ch\u1ee7","item":"https:\/\/techmaster.com.vn\/en\/"},{"@type":"ListItem","position":2,"name":"Shop","item":"https:\/\/techmaster.com.vn\/san-pham\/"},{"@type":"ListItem","position":3,"name":"MXA Signal Analyzer &#8211; Keysight N9020B"}]},{"@type":"WebSite","@id":"https:\/\/techmaster.com.vn\/en\/#website","url":"https:\/\/techmaster.com.vn\/en\/","name":"Techmaster Electronics JSC","description":"","publisher":{"@id":"https:\/\/techmaster.com.vn\/en\/#organization"},"potentialAction":[{"@type":"SearchAction","target":{"@type":"EntryPoint","urlTemplate":"https:\/\/techmaster.com.vn\/en\/?s={search_term_string}"},"query-input":{"@type":"PropertyValueSpecification","valueRequired":true,"valueName":"search_term_string"}}],"inLanguage":"en-US"},{"@type":["Organization","Place"],"@id":"https:\/\/techmaster.com.vn\/en\/#organization","name":"Techmaster Electronics JSC","url":"https:\/\/techmaster.com.vn\/en\/","logo":{"@id":"https:\/\/techmaster.com.vn\/en\/mxa-signal-analyzer-keysight-n9020b\/#local-main-organization-logo"},"image":{"@id":"https:\/\/techmaster.com.vn\/en\/mxa-signal-analyzer-keysight-n9020b\/#local-main-organization-logo"},"sameAs":["https:\/\/www.facebook.com\/techmaster.electronics.jsc","https:\/\/x.com\/techmastervn","https:\/\/www.instagram.com\/techmastervietnam","https:\/\/myspace.com\/techmastervietnam","https:\/\/www.youtube.com\/c\/TechmasterElectronicsJSC","https:\/\/www.pinterest.com\/techmasterelectronicsjsc\/","https:\/\/vi.wikipedia.org\/wiki\/Th\u00e0nh_vi\u00ean:Techmastervietnam","https:\/\/twitter.com\/techmastervn","https:\/\/www.linkedin.com\/company\/techmaster-vietnam\/"],"telephone":[],"contactPoint":{"@type":"ContactPoint","email":"marketing@techmaster.com.vn"},"openingHoursSpecification":[{"@type":"OpeningHoursSpecification","dayOfWeek":["Monday","Tuesday","Wednesday","Thursday","Friday","Saturday","Sunday"],"opens":"09:00","closes":"17:00"}],"email":"marketing@techmaster.com.vn","areaServed":"Vietnam"},{"@type":"ImageObject","inLanguage":"en-US","@id":"https:\/\/techmaster.com.vn\/en\/mxa-signal-analyzer-keysight-n9020b\/#local-main-organization-logo","url":"https:\/\/techmaster.com.vn\/wp-content\/uploads\/2021\/04\/techmaster-logo-homepage.png","contentUrl":"https:\/\/techmaster.com.vn\/wp-content\/uploads\/2021\/04\/techmaster-logo-homepage.png","width":335,"height":62,"caption":"Techmaster Electronics JSC"}]},"product_price_currency":"VND","og_availability":"instock","product_availability":"instock","product_condition":"new"},"_links":{"self":[{"href":"https:\/\/techmaster.com.vn\/en\/wp-json\/wp\/v2\/product\/181039","targetHints":{"allow":["GET"]}}],"collection":[{"href":"https:\/\/techmaster.com.vn\/en\/wp-json\/wp\/v2\/product"}],"about":[{"href":"https:\/\/techmaster.com.vn\/en\/wp-json\/wp\/v2\/types\/product"}],"replies":[{"embeddable":true,"href":"https:\/\/techmaster.com.vn\/en\/wp-json\/wp\/v2\/comments?post=181039"}],"wp:featuredmedia":[{"embeddable":true,"href":"https:\/\/techmaster.com.vn\/en\/wp-json\/wp\/v2\/media\/181057"}],"wp:attachment":[{"href":"https:\/\/techmaster.com.vn\/en\/wp-json\/wp\/v2\/media?parent=181039"}],"wp:term":[{"taxonomy":"product_brand","embeddable":true,"href":"https:\/\/techmaster.com.vn\/en\/wp-json\/wp\/v2\/product_brand?post=181039"},{"taxonomy":"product_cat","embeddable":true,"href":"https:\/\/techmaster.com.vn\/en\/wp-json\/wp\/v2\/product_cat?post=181039"},{"taxonomy":"product_tag","embeddable":true,"href":"https:\/\/techmaster.com.vn\/en\/wp-json\/wp\/v2\/product_tag?post=181039"}],"curies":[{"name":"wp","href":"https:\/\/api.w.org\/{rel}","templated":true}]}}