{"id":181025,"date":"2025-01-15T10:21:30","date_gmt":"2025-01-15T03:21:30","guid":{"rendered":"https:\/\/techmaster.com.vn\/?post_type=product&#038;p=181025"},"modified":"2025-01-15T12:05:26","modified_gmt":"2025-01-15T05:05:26","slug":"rf-analog-signal-genetor-keysight-n5171b","status":"publish","type":"product","link":"https:\/\/techmaster.com.vn\/en\/rf-analog-signal-genetor-keysight-n5171b\/","title":{"rendered":"RF Analog Signal Generator &#8211; Keysight N5171B"},"content":{"rendered":"<p><b>SPECIFICATIONS RF ANALOG SIGNAL GENERATOR &#8211; KEYSIGHT N5171B<\/b><\/p>\n<table>\n<tbody>\n<tr>\n<td colspan=\"2\">\n<h4><b>General technical data<\/b><\/h4>\n<\/td>\n<\/tr>\n<tr>\n<td><span style=\"font-weight: 400;\">Frequency range<\/span><\/td>\n<td><span style=\"font-weight: 400;\">Option 501: 9 kHz to 1 GHz<\/span><\/p>\n<p><span style=\"font-weight: 400;\">Option 503: 9 kHz to 3 GHz<\/span><\/p>\n<p><span style=\"font-weight: 400;\">Option 506: 9 kHz to 6 GHz<\/span><\/td>\n<\/tr>\n<tr>\n<td><span style=\"font-weight: 400;\">Output power<\/span><\/td>\n<td><span style=\"font-weight: 400;\">Standard: +19 dBm to &#8211; 144 dBm<\/span><\/p>\n<p><span style=\"font-weight: 400;\">Option 1EA: +30 dBm to &#8211; 144 dBm<\/span><\/td>\n<\/tr>\n<tr>\n<td><span style=\"font-weight: 400;\">Frequency switching speed<\/span><\/td>\n<td><span style=\"font-weight: 400;\">CW mode (SCPI): \u2264 5 ms (standard), \u2264 1.15 ms (Option UNZ)<\/span><\/p>\n<p><span style=\"font-weight: 400;\">List sweep mode: \u2264 5 ms (standard), \u2264 900 \u00b5s (Option UNZ)<\/span><\/td>\n<\/tr>\n<tr>\n<td><span style=\"font-weight: 400;\">Phase noise<\/span><\/td>\n<td><span style=\"font-weight: 400;\">At 20 kHz offset: &#8211; 133 dBc\/Hz at 250 MHz (typical)<\/span><\/td>\n<\/tr>\n<tr>\n<td><span style=\"font-weight: 400;\">Amplitude specifications<\/span><\/td>\n<td><span style=\"font-weight: 400;\">Resolution: 0.01 dB<\/span><\/p>\n<p><span style=\"font-weight: 400;\">Step attenuator: 0 to 130 dB in 5 dB steps<\/span><\/p>\n<p><span style=\"font-weight: 400;\">Harmonics: &lt; 4 dBm for standard output<\/span><\/td>\n<\/tr>\n<tr>\n<td><span style=\"font-weight: 400;\">Modulation capabilities<\/span><\/td>\n<td><span style=\"font-weight: 400;\">Modulation types: AM, FM, PM, and pulse modulation<\/span><\/p>\n<p><span style=\"font-weight: 400;\">AM depth: 0% to 100%<\/span><\/p>\n<p><span style=\"font-weight: 400;\">FM deviation: Up to 20 MHz<\/span><\/td>\n<\/tr>\n<tr>\n<td><span style=\"font-weight: 400;\">Control interfaces<\/span><\/td>\n<td><span style=\"font-weight: 400;\">USB 2.0, GPIB, LAN (LXI Class C compliant)<\/span><\/td>\n<\/tr>\n<tr>\n<td><span style=\"font-weight: 400;\">Remote programming<\/span><\/td>\n<td><span style=\"font-weight: 400;\">SCPI and compatibility with other Keysight signal generators<\/span><\/td>\n<\/tr>\n<tr>\n<td><span style=\"font-weight: 400;\">Operating temperature<\/span><\/td>\n<td><span style=\"font-weight: 400;\">0 to 55 \u00b0C<\/span><\/td>\n<\/tr>\n<tr>\n<td><span style=\"font-weight: 400;\">Storage temperature<\/span><\/td>\n<td><span style=\"font-weight: 400;\">&#8211; 40 to 70 \u00b0C<\/span><\/td>\n<\/tr>\n<tr>\n<td><span style=\"font-weight: 400;\">Humidity<\/span><\/td>\n<td><span style=\"font-weight: 400;\">Up to 95% RH at 40 \u00b0C<\/span><\/td>\n<\/tr>\n<tr>\n<td><span style=\"font-weight: 400;\">Dimensions<\/span><\/td>\n<td><span style=\"font-weight: 400;\">88 mm H x 426 mm W x 489 mm D<\/span><\/td>\n<\/tr>\n<tr>\n<td><span style=\"font-weight: 400;\">Weight<\/span><\/td>\n<td><span style=\"font-weight: 400;\">\u2264 13.6 kg<\/span><\/td>\n<\/tr>\n<\/tbody>\n<\/table>\n<h2><strong>Keysight N5171B: High-Performance RF Signal Generator<\/strong><\/h2>\n<p>The <strong>Keysight N5171B EXG X-Series RF Analog Signal Generator<\/strong> is a powerful, cost-effective tool designed to meet the demands of manufacturing test environments and RF component testing. With robust performance, precise signal generation, and a range of modulation capabilities, it offers the flexibility needed for parametric testing and functional verification.<\/p>\n<h4>The <strong>Keysight N5171B<\/strong> combines affordability, high performance, and advanced features, making it an indispensable tool for engineers working on RF component testing, functional verification, and production testing. It is a reliable solution for those needing a versatile, robust signal generator tailored to modern RF testing requirements.<\/h4>\n<figure id=\"attachment_181026\" aria-describedby=\"caption-attachment-181026\" style=\"width: 1238px\" class=\"wp-caption alignnone\"><a href=\"https:\/\/techmaster.com.vn\/wp-content\/uploads\/2025\/01\/N5171B-1.bmp\"><img loading=\"lazy\" decoding=\"async\" class=\"size-full wp-image-181026\" src=\"https:\/\/techmaster.com.vn\/wp-content\/uploads\/2025\/01\/N5171B-1.bmp\" alt=\"Keysight N5171B: High-Performance RF Signal Generator\" width=\"1238\" height=\"428\" \/><\/a><figcaption id=\"caption-attachment-181026\" class=\"wp-caption-text\">Keysight N5171B: High-Performance RF Signal Generator<\/figcaption><\/figure>\n","protected":false},"excerpt":{"rendered":"<h3>More features<\/h3>\n<ul>\n<li>Achieve faster throughput and greater uptime<\/li>\n<li>Perform basic parametric testing of components and functional verification of receivers with industry-leading output power<\/li>\n<li>Thoroughly verify receiver performance by simulating complex analog modulation scenarios with multi-function generator capability<\/li>\n<li>Minimize downtime and expenses with self-maintenance solutions and low-cost repairs<\/li>\n<\/ul>\n","protected":false},"featured_media":181063,"comment_status":"open","ping_status":"closed","template":"","meta":[],"product_brand":[],"product_cat":[449],"product_tag":[],"class_list":{"0":"post-181025","1":"product","2":"type-product","3":"status-publish","4":"has-post-thumbnail","6":"product_cat-may-siet-luc","7":"pa_brand-keysight-en","9":"first","10":"instock","11":"shipping-taxable","12":"product-type-simple"},"yoast_head":"<!-- This site is optimized with the Yoast SEO Premium plugin v26.8 (Yoast SEO v26.8) - https:\/\/yoast.com\/product\/yoast-seo-premium-wordpress\/ -->\n<title>RF Analog Signal Generator - Keysight N5171B - Techmaster Electronics JSC<\/title>\n<meta name=\"description\" content=\"Discover the Keysight N5171B RF Analog Signal Generator: high-performance, cost-effective signal generation up to 6 GHz for manufacturing and R&amp;D testing.\" \/>\n<meta name=\"robots\" content=\"index, follow, max-snippet:-1, max-image-preview:large, max-video-preview:-1\" \/>\n<link rel=\"canonical\" href=\"https:\/\/techmaster.com.vn\/en\/rf-analog-signal-genetor-keysight-n5171b\/\" \/>\n<meta property=\"og:locale\" content=\"en_US\" \/>\n<meta property=\"og:type\" content=\"article\" \/>\n<meta property=\"og:title\" content=\"RF Analog Signal Generator - Keysight N5171B\" \/>\n<meta property=\"og:description\" content=\"Discover the Keysight N5171B RF Analog Signal Generator: high-performance, cost-effective signal generation up to 6 GHz for manufacturing and R&amp;D testing.\" \/>\n<meta property=\"og:url\" content=\"https:\/\/techmaster.com.vn\/en\/rf-analog-signal-genetor-keysight-n5171b\/\" \/>\n<meta property=\"og:site_name\" content=\"Techmaster Electronics JSC\" \/>\n<meta property=\"article:publisher\" content=\"https:\/\/www.facebook.com\/techmaster.electronics.jsc\" \/>\n<meta property=\"article:modified_time\" content=\"2025-01-15T05:05:26+00:00\" \/>\n<meta property=\"og:image\" content=\"https:\/\/techmaster.com.vn\/wp-content\/uploads\/2025\/01\/2.png\" \/>\n\t<meta property=\"og:image:width\" content=\"628\" \/>\n\t<meta property=\"og:image:height\" content=\"628\" \/>\n\t<meta property=\"og:image:type\" content=\"image\/png\" \/>\n<meta name=\"twitter:card\" content=\"summary_large_image\" \/>\n<meta name=\"twitter:site\" content=\"@techmastervn\" \/>\n<meta name=\"twitter:label1\" content=\"Price\" \/>\n\t<meta name=\"twitter:data1\" content=\"Call for Price\" \/>\n\t<meta name=\"twitter:label2\" content=\"Availability\" \/>\n\t<meta name=\"twitter:data2\" content=\"In stock\" \/>\n<script type=\"application\/ld+json\" class=\"yoast-schema-graph\">{\"@context\":\"https:\/\/schema.org\",\"@graph\":[{\"@type\":\"WebPage\",\"@id\":\"https:\/\/techmaster.com.vn\/en\/rf-analog-signal-genetor-keysight-n5171b\/\",\"url\":\"https:\/\/techmaster.com.vn\/en\/rf-analog-signal-genetor-keysight-n5171b\/\",\"name\":\"RF Analog Signal Generator - Keysight N5171B - Techmaster Electronics JSC\",\"isPartOf\":{\"@id\":\"https:\/\/techmaster.com.vn\/en\/#website\"},\"primaryImageOfPage\":{\"@id\":\"https:\/\/techmaster.com.vn\/en\/rf-analog-signal-genetor-keysight-n5171b\/#primaryimage\"},\"image\":{\"@id\":\"https:\/\/techmaster.com.vn\/en\/rf-analog-signal-genetor-keysight-n5171b\/#primaryimage\"},\"thumbnailUrl\":\"https:\/\/techmaster.com.vn\/wp-content\/uploads\/2025\/01\/2.png\",\"datePublished\":\"2025-01-15T03:21:30+00:00\",\"dateModified\":\"2025-01-15T05:05:26+00:00\",\"description\":\"Discover the Keysight N5171B RF Analog Signal Generator: high-performance, cost-effective signal generation up to 6 GHz for manufacturing and R&D testing.\",\"breadcrumb\":{\"@id\":\"https:\/\/techmaster.com.vn\/en\/rf-analog-signal-genetor-keysight-n5171b\/#breadcrumb\"},\"inLanguage\":\"en-US\",\"potentialAction\":[{\"@type\":\"ReadAction\",\"target\":[\"https:\/\/techmaster.com.vn\/en\/rf-analog-signal-genetor-keysight-n5171b\/\"]}]},{\"@type\":\"ImageObject\",\"inLanguage\":\"en-US\",\"@id\":\"https:\/\/techmaster.com.vn\/en\/rf-analog-signal-genetor-keysight-n5171b\/#primaryimage\",\"url\":\"https:\/\/techmaster.com.vn\/wp-content\/uploads\/2025\/01\/2.png\",\"contentUrl\":\"https:\/\/techmaster.com.vn\/wp-content\/uploads\/2025\/01\/2.png\",\"width\":628,\"height\":628,\"caption\":\"M\u00e1y ph\u00e1t t\u00edn hi\u1ec7u analog - Keysight N5171B\"},{\"@type\":\"BreadcrumbList\",\"@id\":\"https:\/\/techmaster.com.vn\/en\/rf-analog-signal-genetor-keysight-n5171b\/#breadcrumb\",\"itemListElement\":[{\"@type\":\"ListItem\",\"position\":1,\"name\":\"Trang ch\u1ee7\",\"item\":\"https:\/\/techmaster.com.vn\/en\/\"},{\"@type\":\"ListItem\",\"position\":2,\"name\":\"Shop\",\"item\":\"https:\/\/techmaster.com.vn\/san-pham\/\"},{\"@type\":\"ListItem\",\"position\":3,\"name\":\"RF Analog Signal Generator &#8211; Keysight N5171B\"}]},{\"@type\":\"WebSite\",\"@id\":\"https:\/\/techmaster.com.vn\/en\/#website\",\"url\":\"https:\/\/techmaster.com.vn\/en\/\",\"name\":\"Techmaster Electronics JSC\",\"description\":\"\",\"publisher\":{\"@id\":\"https:\/\/techmaster.com.vn\/en\/#organization\"},\"potentialAction\":[{\"@type\":\"SearchAction\",\"target\":{\"@type\":\"EntryPoint\",\"urlTemplate\":\"https:\/\/techmaster.com.vn\/en\/?s={search_term_string}\"},\"query-input\":{\"@type\":\"PropertyValueSpecification\",\"valueRequired\":true,\"valueName\":\"search_term_string\"}}],\"inLanguage\":\"en-US\"},{\"@type\":[\"Organization\",\"Place\"],\"@id\":\"https:\/\/techmaster.com.vn\/en\/#organization\",\"name\":\"Techmaster Electronics JSC\",\"url\":\"https:\/\/techmaster.com.vn\/en\/\",\"logo\":{\"@id\":\"https:\/\/techmaster.com.vn\/en\/rf-analog-signal-genetor-keysight-n5171b\/#local-main-organization-logo\"},\"image\":{\"@id\":\"https:\/\/techmaster.com.vn\/en\/rf-analog-signal-genetor-keysight-n5171b\/#local-main-organization-logo\"},\"sameAs\":[\"https:\/\/www.facebook.com\/techmaster.electronics.jsc\",\"https:\/\/x.com\/techmastervn\",\"https:\/\/www.instagram.com\/techmastervietnam\",\"https:\/\/myspace.com\/techmastervietnam\",\"https:\/\/www.youtube.com\/c\/TechmasterElectronicsJSC\",\"https:\/\/www.pinterest.com\/techmasterelectronicsjsc\/\",\"https:\/\/vi.wikipedia.org\/wiki\/Th\u00e0nh_vi\u00ean:Techmastervietnam\",\"https:\/\/twitter.com\/techmastervn\",\"https:\/\/www.linkedin.com\/company\/techmaster-vietnam\/\"],\"telephone\":[],\"contactPoint\":{\"@type\":\"ContactPoint\",\"email\":\"marketing@techmaster.com.vn\"},\"openingHoursSpecification\":[{\"@type\":\"OpeningHoursSpecification\",\"dayOfWeek\":[\"Monday\",\"Tuesday\",\"Wednesday\",\"Thursday\",\"Friday\",\"Saturday\",\"Sunday\"],\"opens\":\"09:00\",\"closes\":\"17:00\"}],\"email\":\"marketing@techmaster.com.vn\",\"areaServed\":\"Vietnam\"},{\"@type\":\"ImageObject\",\"inLanguage\":\"en-US\",\"@id\":\"https:\/\/techmaster.com.vn\/en\/rf-analog-signal-genetor-keysight-n5171b\/#local-main-organization-logo\",\"url\":\"https:\/\/techmaster.com.vn\/wp-content\/uploads\/2021\/04\/techmaster-logo-homepage.png\",\"contentUrl\":\"https:\/\/techmaster.com.vn\/wp-content\/uploads\/2021\/04\/techmaster-logo-homepage.png\",\"width\":335,\"height\":62,\"caption\":\"Techmaster Electronics JSC\"}]}<\/script>\n<meta property=\"product:price:amount\" content=\"0\" \/>\n<meta property=\"product:price:currency\" content=\"VND\" \/>\n<meta property=\"og:availability\" content=\"instock\" \/>\n<meta property=\"product:availability\" content=\"instock\" \/>\n<meta property=\"product:condition\" content=\"new\" \/>\n<!-- \/ Yoast SEO Premium plugin. -->","yoast_head_json":{"title":"RF Analog Signal Generator - Keysight N5171B - Techmaster Electronics JSC","description":"Discover the Keysight N5171B RF Analog Signal Generator: high-performance, cost-effective signal generation up to 6 GHz for manufacturing and R&D testing.","robots":{"index":"index","follow":"follow","max-snippet":"max-snippet:-1","max-image-preview":"max-image-preview:large","max-video-preview":"max-video-preview:-1"},"canonical":"https:\/\/techmaster.com.vn\/en\/rf-analog-signal-genetor-keysight-n5171b\/","og_locale":"en_US","og_type":"article","og_title":"RF Analog Signal Generator - Keysight N5171B","og_description":"Discover the Keysight N5171B RF Analog Signal Generator: high-performance, cost-effective signal generation up to 6 GHz for manufacturing and R&D testing.","og_url":"https:\/\/techmaster.com.vn\/en\/rf-analog-signal-genetor-keysight-n5171b\/","og_site_name":"Techmaster Electronics JSC","article_publisher":"https:\/\/www.facebook.com\/techmaster.electronics.jsc","article_modified_time":"2025-01-15T05:05:26+00:00","og_image":[{"width":628,"height":628,"url":"https:\/\/techmaster.com.vn\/wp-content\/uploads\/2025\/01\/2.png","type":"image\/png"}],"twitter_card":"summary_large_image","twitter_site":"@techmastervn","twitter_misc":{"Price":"Call for Price","Availability":"In stock"},"schema":{"@context":"https:\/\/schema.org","@graph":[{"@type":"WebPage","@id":"https:\/\/techmaster.com.vn\/en\/rf-analog-signal-genetor-keysight-n5171b\/","url":"https:\/\/techmaster.com.vn\/en\/rf-analog-signal-genetor-keysight-n5171b\/","name":"RF Analog Signal Generator - Keysight N5171B - Techmaster Electronics JSC","isPartOf":{"@id":"https:\/\/techmaster.com.vn\/en\/#website"},"primaryImageOfPage":{"@id":"https:\/\/techmaster.com.vn\/en\/rf-analog-signal-genetor-keysight-n5171b\/#primaryimage"},"image":{"@id":"https:\/\/techmaster.com.vn\/en\/rf-analog-signal-genetor-keysight-n5171b\/#primaryimage"},"thumbnailUrl":"https:\/\/techmaster.com.vn\/wp-content\/uploads\/2025\/01\/2.png","datePublished":"2025-01-15T03:21:30+00:00","dateModified":"2025-01-15T05:05:26+00:00","description":"Discover the Keysight N5171B RF Analog Signal Generator: high-performance, cost-effective signal generation up to 6 GHz for manufacturing and R&D testing.","breadcrumb":{"@id":"https:\/\/techmaster.com.vn\/en\/rf-analog-signal-genetor-keysight-n5171b\/#breadcrumb"},"inLanguage":"en-US","potentialAction":[{"@type":"ReadAction","target":["https:\/\/techmaster.com.vn\/en\/rf-analog-signal-genetor-keysight-n5171b\/"]}]},{"@type":"ImageObject","inLanguage":"en-US","@id":"https:\/\/techmaster.com.vn\/en\/rf-analog-signal-genetor-keysight-n5171b\/#primaryimage","url":"https:\/\/techmaster.com.vn\/wp-content\/uploads\/2025\/01\/2.png","contentUrl":"https:\/\/techmaster.com.vn\/wp-content\/uploads\/2025\/01\/2.png","width":628,"height":628,"caption":"M\u00e1y ph\u00e1t t\u00edn hi\u1ec7u analog - Keysight N5171B"},{"@type":"BreadcrumbList","@id":"https:\/\/techmaster.com.vn\/en\/rf-analog-signal-genetor-keysight-n5171b\/#breadcrumb","itemListElement":[{"@type":"ListItem","position":1,"name":"Trang ch\u1ee7","item":"https:\/\/techmaster.com.vn\/en\/"},{"@type":"ListItem","position":2,"name":"Shop","item":"https:\/\/techmaster.com.vn\/san-pham\/"},{"@type":"ListItem","position":3,"name":"RF Analog Signal Generator &#8211; Keysight N5171B"}]},{"@type":"WebSite","@id":"https:\/\/techmaster.com.vn\/en\/#website","url":"https:\/\/techmaster.com.vn\/en\/","name":"Techmaster Electronics JSC","description":"","publisher":{"@id":"https:\/\/techmaster.com.vn\/en\/#organization"},"potentialAction":[{"@type":"SearchAction","target":{"@type":"EntryPoint","urlTemplate":"https:\/\/techmaster.com.vn\/en\/?s={search_term_string}"},"query-input":{"@type":"PropertyValueSpecification","valueRequired":true,"valueName":"search_term_string"}}],"inLanguage":"en-US"},{"@type":["Organization","Place"],"@id":"https:\/\/techmaster.com.vn\/en\/#organization","name":"Techmaster Electronics JSC","url":"https:\/\/techmaster.com.vn\/en\/","logo":{"@id":"https:\/\/techmaster.com.vn\/en\/rf-analog-signal-genetor-keysight-n5171b\/#local-main-organization-logo"},"image":{"@id":"https:\/\/techmaster.com.vn\/en\/rf-analog-signal-genetor-keysight-n5171b\/#local-main-organization-logo"},"sameAs":["https:\/\/www.facebook.com\/techmaster.electronics.jsc","https:\/\/x.com\/techmastervn","https:\/\/www.instagram.com\/techmastervietnam","https:\/\/myspace.com\/techmastervietnam","https:\/\/www.youtube.com\/c\/TechmasterElectronicsJSC","https:\/\/www.pinterest.com\/techmasterelectronicsjsc\/","https:\/\/vi.wikipedia.org\/wiki\/Th\u00e0nh_vi\u00ean:Techmastervietnam","https:\/\/twitter.com\/techmastervn","https:\/\/www.linkedin.com\/company\/techmaster-vietnam\/"],"telephone":[],"contactPoint":{"@type":"ContactPoint","email":"marketing@techmaster.com.vn"},"openingHoursSpecification":[{"@type":"OpeningHoursSpecification","dayOfWeek":["Monday","Tuesday","Wednesday","Thursday","Friday","Saturday","Sunday"],"opens":"09:00","closes":"17:00"}],"email":"marketing@techmaster.com.vn","areaServed":"Vietnam"},{"@type":"ImageObject","inLanguage":"en-US","@id":"https:\/\/techmaster.com.vn\/en\/rf-analog-signal-genetor-keysight-n5171b\/#local-main-organization-logo","url":"https:\/\/techmaster.com.vn\/wp-content\/uploads\/2021\/04\/techmaster-logo-homepage.png","contentUrl":"https:\/\/techmaster.com.vn\/wp-content\/uploads\/2021\/04\/techmaster-logo-homepage.png","width":335,"height":62,"caption":"Techmaster Electronics JSC"}]},"product_price_currency":"VND","og_availability":"instock","product_availability":"instock","product_condition":"new"},"_links":{"self":[{"href":"https:\/\/techmaster.com.vn\/en\/wp-json\/wp\/v2\/product\/181025","targetHints":{"allow":["GET"]}}],"collection":[{"href":"https:\/\/techmaster.com.vn\/en\/wp-json\/wp\/v2\/product"}],"about":[{"href":"https:\/\/techmaster.com.vn\/en\/wp-json\/wp\/v2\/types\/product"}],"replies":[{"embeddable":true,"href":"https:\/\/techmaster.com.vn\/en\/wp-json\/wp\/v2\/comments?post=181025"}],"wp:featuredmedia":[{"embeddable":true,"href":"https:\/\/techmaster.com.vn\/en\/wp-json\/wp\/v2\/media\/181063"}],"wp:attachment":[{"href":"https:\/\/techmaster.com.vn\/en\/wp-json\/wp\/v2\/media?parent=181025"}],"wp:term":[{"taxonomy":"product_brand","embeddable":true,"href":"https:\/\/techmaster.com.vn\/en\/wp-json\/wp\/v2\/product_brand?post=181025"},{"taxonomy":"product_cat","embeddable":true,"href":"https:\/\/techmaster.com.vn\/en\/wp-json\/wp\/v2\/product_cat?post=181025"},{"taxonomy":"product_tag","embeddable":true,"href":"https:\/\/techmaster.com.vn\/en\/wp-json\/wp\/v2\/product_tag?post=181025"}],"curies":[{"name":"wp","href":"https:\/\/api.w.org\/{rel}","templated":true}]}}