{"id":178497,"date":"2024-11-12T13:49:19","date_gmt":"2024-11-12T06:49:19","guid":{"rendered":"https:\/\/techmaster.com.vn\/may-phat-xung-keysight-33621a\/"},"modified":"2025-01-17T16:29:36","modified_gmt":"2025-01-17T09:29:36","slug":"waveform-generator-keysight-33621a","status":"publish","type":"product","link":"https:\/\/techmaster.com.vn\/en\/waveform-generator-keysight-33621a\/","title":{"rendered":"Waveform Generator &#8211; Keysight 33621A"},"content":{"rendered":"<p><strong><b>SPECIFICATIONS WAVEFORM GENERATOR<\/b>\u00a0&#8211; KEYSIGHT 33621A<\/strong><\/p>\n<table width=\"80%\">\n<thead>\n<tr style=\"height: 59px;\">\n<td style=\"height: 59px; width: 93%;\" colspan=\"2\">\n<h4>General technical data<\/h4>\n<\/td>\n<\/tr>\n<\/thead>\n<tbody>\n<tr style=\"height: 21px;\">\n<td style=\"height: 21px; width: 29.0945%;\">Maximum frequency<\/td>\n<td style=\"height: 21px; width: 63.9055%;\">120 MHz<\/td>\n<\/tr>\n<tr style=\"height: 21px;\">\n<td style=\"height: 21px; width: 29.0945%;\"><span id=\"page138R_mcid30\" class=\"markedContent\"><span dir=\"ltr\" role=\"presentation\">Number of channels<\/span><\/span><span id=\"page138R_mcid31\" class=\"markedContent\"><\/span><\/td>\n<td style=\"height: 21px; width: 63.9055%;\"><span id=\"page138R_mcid37\" class=\"markedContent\"><span dir=\"ltr\" role=\"presentation\">1<\/span><\/span><span id=\"page138R_mcid38\" class=\"markedContent\"><\/span><\/td>\n<\/tr>\n<tr style=\"height: 21px;\">\n<td style=\"height: 21px; width: 29.0945%;\">Waveforms<\/td>\n<td style=\"height: 21px; width: 63.9055%;\"><span dir=\"ltr\" role=\"presentation\">Sine, Square, Ramp,<\/span> <span dir=\"ltr\" role=\"presentation\">Pulse, Triangle, Gaussian Noise, PRBS (Pseudorandom Binary Sequence), DC<\/span><\/td>\n<\/tr>\n<tr style=\"height: 21px;\">\n<td style=\"height: 21px; width: 29.0945%;\">Amplitude<\/td>\n<td style=\"height: 21px; width: 63.9055%;\"><span dir=\"ltr\" role=\"presentation\">1 mVpp to 10 Vpp into 50 \u2126, 4<\/span><span dir=\"ltr\" role=\"presentation\">&#8211;<\/span><span dir=\"ltr\" role=\"presentation\">digit resolution<\/span><\/p>\n<p><span dir=\"ltr\" role=\"presentation\">2 mVpp to 20 Vpp into open circuit, 4<\/span><span dir=\"ltr\" role=\"presentation\">&#8211;<\/span><span dir=\"ltr\" role=\"presentation\">digit resolution<\/span><\/td>\n<\/tr>\n<tr style=\"height: 21.875px;\">\n<td style=\"height: 21.875px; width: 29.0945%;\"><span class=\"markedContent\"><span class=\"\" dir=\"ltr\" role=\"presentation\">Total harmonic distortion (THD)<\/span><\/span><\/td>\n<td style=\"height: 21.875px; width: 63.9055%;\"><span class=\"\" dir=\"ltr\" role=\"presentation\"><span class=\"markedContent\"><span dir=\"ltr\" role=\"presentation\">0.03% (Up to 5x better)<\/span><\/span><\/span><\/td>\n<\/tr>\n<tr style=\"height: 21px;\">\n<td style=\"height: 21px; width: 29.0945%;\"><span id=\"page102R_mcid12\" class=\"markedContent\"><span class=\"\" dir=\"ltr\" role=\"presentation\">Edge <span class=\"highlight appended\">jitter<\/span><\/span><\/span><span id=\"page102R_mcid13\" class=\"markedContent\"><\/span><\/td>\n<td style=\"height: 21px; width: 63.9055%;\"><span class=\"\" dir=\"ltr\" role=\"presentation\"><span id=\"page102R_mcid16\" class=\"markedContent\"><span dir=\"ltr\" role=\"presentation\">&lt; 1 ps<\/span><\/span><span id=\"page102R_mcid17\" class=\"markedContent\"><\/span><\/span><\/td>\n<\/tr>\n<tr style=\"height: 21px;\">\n<td style=\"height: 21px; width: 29.0945%;\">Modulation<\/td>\n<td style=\"height: 21px; width: 63.9055%;\"><span class=\"\" dir=\"ltr\" role=\"presentation\">include AM, FM, PM FSK<\/span><span dir=\"ltr\" role=\"presentation\">,<\/span> <span dir=\"ltr\" role=\"presentation\">and PWM<\/span><\/td>\n<\/tr>\n<tr style=\"height: 21px;\">\n<td style=\"height: 21px; width: 29.0945%;\">Connectivity<\/td>\n<td style=\"height: 21px; width: 63.9055%;\">GPIB, LAN, USB<\/td>\n<\/tr>\n<tr style=\"height: 21px;\">\n<td style=\"height: 21px; width: 29.0945%;\">Memory<\/td>\n<td style=\"height: 21px; width: 63.9055%;\"><span dir=\"ltr\" role=\"presentation\">4 MSa\/channel (64 MSa\/channel with Option MEM).512 <\/span><span dir=\"ltr\" role=\"presentation\">sequence steps per channel<\/span><\/td>\n<\/tr>\n<tr style=\"height: 21px;\">\n<td style=\"height: 21px; width: 29.0945%;\">Dimensions<\/td>\n<td style=\"height: 21px; width: 63.9055%;\">261.1 mm W x 103.8 mm H x 303.2 mm D (with bumpers installed)<\/td>\n<\/tr>\n<tr style=\"height: 21px;\">\n<td style=\"height: 21px; width: 29.0945%;\">Weight<\/td>\n<td style=\"height: 21px; width: 63.9055%;\">3.5 kg<\/td>\n<\/tr>\n<tr style=\"height: 21px;\">\n<td style=\"height: 21px; width: 29.0945%;\"><span id=\"page181R_mcid30\" class=\"markedContent\"><span dir=\"ltr\" role=\"presentation\">Environmental storage temperature<\/span><\/span><span id=\"page181R_mcid31\" class=\"markedContent\"><\/span><\/td>\n<td style=\"height: 21px; width: 63.9055%;\"><span dir=\"ltr\" role=\"presentation\">&#8211;<\/span><span dir=\"ltr\" role=\"presentation\">40\u00b0C to 70\u00b0C<\/span><\/td>\n<\/tr>\n<tr style=\"height: 21px;\">\n<td style=\"height: 21px; width: 29.0945%;\"><span class=\"markedContent\"><span dir=\"ltr\" role=\"presentation\"><span id=\"page181R_mcid30\" class=\"markedContent\">Environmental operating temperature<\/span><\/span><\/span><\/td>\n<td style=\"height: 21px; width: 63.9055%;\"><span dir=\"ltr\" role=\"presentation\">0\u00b0C to 55\u00b0C<\/span><\/p>\n<p>(with <span id=\"page181R_mcid39\" class=\"markedContent\"><span dir=\"ltr\" role=\"presentation\">80% RH up to 40\u00b0C,<\/span><\/span><span id=\"page181R_mcid40\" class=\"markedContent\"><br role=\"presentation\" \/><span dir=\"ltr\" role=\"presentation\">decreases linearly to<\/span> <span dir=\"ltr\" role=\"presentation\">37.5% RH at 55\u00b0C, non<\/span><span dir=\"ltr\" role=\"presentation\">&#8211;<\/span><span dir=\"ltr\" role=\"presentation\">condensing)<\/span><\/span><\/td>\n<\/tr>\n<\/tbody>\n<\/table>\n<h2><strong>Keysight 33621A Function Generator: Precise and Versatile Waveform Generation<\/strong><\/h2>\n<p>The <strong>Keysight &#8211; 33621A<\/strong> Trueform Waveform Generator delivers unmatched signal fidelity, precision, and versatility for applications requiring complex waveform generation. It offers a wide frequency range of up to 120 MHz with ultra-fine 1 \u00b5Hz resolution, allowing for highly accurate signal generation and manipulation. A total harmonic distortion (THD) as low as 0.03% and jitter below 1 ps. The 33621A provides clean and stable signals, making it an ideal choice for applications in research, development, and testing that demand high precision. Its support for numerous standard and arbitrary waveforms, alongside waveform sequencing capabilities, makes it adaptable for diverse testing needs.<\/p>\n<p>Connectivity and upgrade options further enhance the 33621A\u2019s utility in both R&amp;D and automated testing environments. The generator comes with LAN, USB, and optional GPIB interfaces, allowing seamless integration with PC-based setups, including control and waveform management through Keysight BenchVue software. Its user-friendly color display simplifies operation, providing real-time parameter adjustment and visualization. With expandable memory for arbitrary waveforms and options for a high-stability timebase, the <strong>Keysight &#8211; 33621A<\/strong> is built to meet evolving test requirements, providing reliable and versatile waveform generation for advanced testing applications.<\/p>\n<figure id=\"attachment_178465\" aria-describedby=\"caption-attachment-178465\" style=\"width: 812px\" class=\"wp-caption aligncenter\"><a href=\"https:\/\/techmaster.com.vn\/wp-content\/uploads\/2024\/11\/Screenshot-2024-11-12-115430.png\"><img loading=\"lazy\" decoding=\"async\" class=\"wp-image-178465 size-full\" src=\"https:\/\/techmaster.com.vn\/wp-content\/uploads\/2024\/11\/Screenshot-2024-11-12-115430.png\" alt=\"Waveform Generator - KEYSIGHT 33621A\" width=\"812\" height=\"362\" \/><\/a><figcaption id=\"caption-attachment-178465\" class=\"wp-caption-text\">Waveform Generator &#8211; KEYSIGHT 33621A<\/figcaption><\/figure>\n","protected":false},"excerpt":{"rendered":"<h3>More features<\/h3>\n<ul>\n<li>Unmatched capabilities for generating a full range of signals for your most demanding measurements<\/li>\n<li>Sine waves with 5x lower harmonic distortion for more pure signals<\/li>\n<li>Pulses up to 100 MHz with &lt; 1 ps jitter for more precise timing<\/li>\n<li>Trueform arbitrary waveforms with sequencing for more accurate representation of user-defined signals<\/li>\n<li>1 GSa\/s sampling rate for higher time resolution arbitrary waveforms<\/li>\n<li>14-bit resolution with 1\u00a0mVpp to 10\u00a0Vpp amplitude for greater amplitude accuracy<\/li>\n<li>4 MSa\/channel standard waveform memory, optional 64\u00a0MSa\/channel for your longest waveforms<\/li>\n<li>USB, LAN (LXI-Core), GPIB optional for quick and easy connectivity to PC or network<\/li>\n<\/ul>\n","protected":false},"featured_media":181307,"comment_status":"open","ping_status":"closed","template":"","meta":[],"product_brand":[],"product_cat":[838,260,274],"product_tag":[],"class_list":{"0":"post-178497","1":"product","2":"type-product","3":"status-publish","4":"has-post-thumbnail","6":"product_cat-generator","7":"product_cat-measuring-instruments","8":"product_cat-electrical-measuring-instruments","10":"first","11":"instock","12":"shipping-taxable","13":"product-type-simple"},"yoast_head":"<!-- This site is optimized with the Yoast SEO Premium plugin v26.8 (Yoast SEO v26.8) - https:\/\/yoast.com\/product\/yoast-seo-premium-wordpress\/ -->\n<title>Waveform Generator - Keysight 33621A - Techmaster Electronics JSC<\/title>\n<meta name=\"description\" content=\"Keysight 33621A Waveform Generator: Generate precise waveforms up to 120 MHz with Trueform technology. Ideal for R&amp;D and test applications.\" \/>\n<meta name=\"robots\" content=\"index, follow, max-snippet:-1, max-image-preview:large, max-video-preview:-1\" \/>\n<link rel=\"canonical\" href=\"https:\/\/techmaster.com.vn\/en\/waveform-generator-keysight-33621a\/\" \/>\n<meta property=\"og:locale\" content=\"en_US\" \/>\n<meta property=\"og:type\" content=\"article\" \/>\n<meta property=\"og:title\" content=\"Waveform Generator - Keysight 33621A\" \/>\n<meta property=\"og:description\" content=\"Keysight 33621A Waveform Generator: Generate precise waveforms up to 120 MHz with Trueform technology. Ideal for R&amp;D and test applications.\" \/>\n<meta property=\"og:url\" content=\"https:\/\/techmaster.com.vn\/en\/waveform-generator-keysight-33621a\/\" \/>\n<meta property=\"og:site_name\" content=\"Techmaster Electronics JSC\" \/>\n<meta property=\"article:publisher\" content=\"https:\/\/www.facebook.com\/techmaster.electronics.jsc\" \/>\n<meta property=\"article:modified_time\" content=\"2025-01-17T09:29:36+00:00\" \/>\n<meta property=\"og:image\" content=\"https:\/\/techmaster.com.vn\/wp-content\/uploads\/2024\/11\/36.png\" \/>\n\t<meta property=\"og:image:width\" content=\"628\" \/>\n\t<meta property=\"og:image:height\" content=\"628\" \/>\n\t<meta property=\"og:image:type\" content=\"image\/png\" \/>\n<meta name=\"twitter:card\" content=\"summary_large_image\" \/>\n<meta name=\"twitter:site\" content=\"@techmastervn\" \/>\n<meta name=\"twitter:label1\" content=\"Price\" \/>\n\t<meta name=\"twitter:data1\" content=\"Call for Price\" \/>\n\t<meta name=\"twitter:label2\" content=\"Availability\" \/>\n\t<meta name=\"twitter:data2\" content=\"In stock\" \/>\n<script type=\"application\/ld+json\" class=\"yoast-schema-graph\">{\"@context\":\"https:\/\/schema.org\",\"@graph\":[{\"@type\":\"WebPage\",\"@id\":\"https:\/\/techmaster.com.vn\/en\/waveform-generator-keysight-33621a\/\",\"url\":\"https:\/\/techmaster.com.vn\/en\/waveform-generator-keysight-33621a\/\",\"name\":\"Waveform Generator - Keysight 33621A - Techmaster Electronics JSC\",\"isPartOf\":{\"@id\":\"https:\/\/techmaster.com.vn\/en\/#website\"},\"primaryImageOfPage\":{\"@id\":\"https:\/\/techmaster.com.vn\/en\/waveform-generator-keysight-33621a\/#primaryimage\"},\"image\":{\"@id\":\"https:\/\/techmaster.com.vn\/en\/waveform-generator-keysight-33621a\/#primaryimage\"},\"thumbnailUrl\":\"https:\/\/techmaster.com.vn\/wp-content\/uploads\/2024\/11\/36.png\",\"datePublished\":\"2024-11-12T06:49:19+00:00\",\"dateModified\":\"2025-01-17T09:29:36+00:00\",\"description\":\"Keysight 33621A Waveform Generator: Generate precise waveforms up to 120 MHz with Trueform technology. Ideal for R&D and test applications.\",\"breadcrumb\":{\"@id\":\"https:\/\/techmaster.com.vn\/en\/waveform-generator-keysight-33621a\/#breadcrumb\"},\"inLanguage\":\"en-US\",\"potentialAction\":[{\"@type\":\"ReadAction\",\"target\":[\"https:\/\/techmaster.com.vn\/en\/waveform-generator-keysight-33621a\/\"]}]},{\"@type\":\"ImageObject\",\"inLanguage\":\"en-US\",\"@id\":\"https:\/\/techmaster.com.vn\/en\/waveform-generator-keysight-33621a\/#primaryimage\",\"url\":\"https:\/\/techmaster.com.vn\/wp-content\/uploads\/2024\/11\/36.png\",\"contentUrl\":\"https:\/\/techmaster.com.vn\/wp-content\/uploads\/2024\/11\/36.png\",\"width\":628,\"height\":628,\"caption\":\"M\u00e1y ph\u00e1t t\u00edn hi\u1ec7u - Keysight 33621A\"},{\"@type\":\"BreadcrumbList\",\"@id\":\"https:\/\/techmaster.com.vn\/en\/waveform-generator-keysight-33621a\/#breadcrumb\",\"itemListElement\":[{\"@type\":\"ListItem\",\"position\":1,\"name\":\"Trang ch\u1ee7\",\"item\":\"https:\/\/techmaster.com.vn\/en\/\"},{\"@type\":\"ListItem\",\"position\":2,\"name\":\"Shop\",\"item\":\"https:\/\/techmaster.com.vn\/san-pham\/\"},{\"@type\":\"ListItem\",\"position\":3,\"name\":\"Waveform Generator &#8211; Keysight 33621A\"}]},{\"@type\":\"WebSite\",\"@id\":\"https:\/\/techmaster.com.vn\/en\/#website\",\"url\":\"https:\/\/techmaster.com.vn\/en\/\",\"name\":\"Techmaster Electronics JSC\",\"description\":\"\",\"publisher\":{\"@id\":\"https:\/\/techmaster.com.vn\/en\/#organization\"},\"potentialAction\":[{\"@type\":\"SearchAction\",\"target\":{\"@type\":\"EntryPoint\",\"urlTemplate\":\"https:\/\/techmaster.com.vn\/en\/?s={search_term_string}\"},\"query-input\":{\"@type\":\"PropertyValueSpecification\",\"valueRequired\":true,\"valueName\":\"search_term_string\"}}],\"inLanguage\":\"en-US\"},{\"@type\":[\"Organization\",\"Place\"],\"@id\":\"https:\/\/techmaster.com.vn\/en\/#organization\",\"name\":\"Techmaster Electronics JSC\",\"url\":\"https:\/\/techmaster.com.vn\/en\/\",\"logo\":{\"@id\":\"https:\/\/techmaster.com.vn\/en\/waveform-generator-keysight-33621a\/#local-main-organization-logo\"},\"image\":{\"@id\":\"https:\/\/techmaster.com.vn\/en\/waveform-generator-keysight-33621a\/#local-main-organization-logo\"},\"sameAs\":[\"https:\/\/www.facebook.com\/techmaster.electronics.jsc\",\"https:\/\/x.com\/techmastervn\",\"https:\/\/www.instagram.com\/techmastervietnam\",\"https:\/\/myspace.com\/techmastervietnam\",\"https:\/\/www.youtube.com\/c\/TechmasterElectronicsJSC\",\"https:\/\/www.pinterest.com\/techmasterelectronicsjsc\/\",\"https:\/\/vi.wikipedia.org\/wiki\/Th\u00e0nh_vi\u00ean:Techmastervietnam\",\"https:\/\/twitter.com\/techmastervn\",\"https:\/\/www.linkedin.com\/company\/techmaster-vietnam\/\"],\"telephone\":[],\"contactPoint\":{\"@type\":\"ContactPoint\",\"email\":\"marketing@techmaster.com.vn\"},\"openingHoursSpecification\":[{\"@type\":\"OpeningHoursSpecification\",\"dayOfWeek\":[\"Monday\",\"Tuesday\",\"Wednesday\",\"Thursday\",\"Friday\",\"Saturday\",\"Sunday\"],\"opens\":\"09:00\",\"closes\":\"17:00\"}],\"email\":\"marketing@techmaster.com.vn\",\"areaServed\":\"Vietnam\"},{\"@type\":\"ImageObject\",\"inLanguage\":\"en-US\",\"@id\":\"https:\/\/techmaster.com.vn\/en\/waveform-generator-keysight-33621a\/#local-main-organization-logo\",\"url\":\"https:\/\/techmaster.com.vn\/wp-content\/uploads\/2021\/04\/techmaster-logo-homepage.png\",\"contentUrl\":\"https:\/\/techmaster.com.vn\/wp-content\/uploads\/2021\/04\/techmaster-logo-homepage.png\",\"width\":335,\"height\":62,\"caption\":\"Techmaster Electronics JSC\"}]}<\/script>\n<meta property=\"product:price:amount\" content=\"0\" \/>\n<meta property=\"product:price:currency\" content=\"VND\" \/>\n<meta property=\"og:availability\" content=\"instock\" \/>\n<meta property=\"product:availability\" content=\"instock\" \/>\n<meta property=\"product:condition\" content=\"new\" \/>\n<!-- \/ Yoast SEO Premium plugin. -->","yoast_head_json":{"title":"Waveform Generator - Keysight 33621A - Techmaster Electronics JSC","description":"Keysight 33621A Waveform Generator: Generate precise waveforms up to 120 MHz with Trueform technology. Ideal for R&D and test applications.","robots":{"index":"index","follow":"follow","max-snippet":"max-snippet:-1","max-image-preview":"max-image-preview:large","max-video-preview":"max-video-preview:-1"},"canonical":"https:\/\/techmaster.com.vn\/en\/waveform-generator-keysight-33621a\/","og_locale":"en_US","og_type":"article","og_title":"Waveform Generator - Keysight 33621A","og_description":"Keysight 33621A Waveform Generator: Generate precise waveforms up to 120 MHz with Trueform technology. Ideal for R&D and test applications.","og_url":"https:\/\/techmaster.com.vn\/en\/waveform-generator-keysight-33621a\/","og_site_name":"Techmaster Electronics JSC","article_publisher":"https:\/\/www.facebook.com\/techmaster.electronics.jsc","article_modified_time":"2025-01-17T09:29:36+00:00","og_image":[{"width":628,"height":628,"url":"https:\/\/techmaster.com.vn\/wp-content\/uploads\/2024\/11\/36.png","type":"image\/png"}],"twitter_card":"summary_large_image","twitter_site":"@techmastervn","twitter_misc":{"Price":"Call for Price","Availability":"In stock"},"schema":{"@context":"https:\/\/schema.org","@graph":[{"@type":"WebPage","@id":"https:\/\/techmaster.com.vn\/en\/waveform-generator-keysight-33621a\/","url":"https:\/\/techmaster.com.vn\/en\/waveform-generator-keysight-33621a\/","name":"Waveform Generator - Keysight 33621A - Techmaster Electronics JSC","isPartOf":{"@id":"https:\/\/techmaster.com.vn\/en\/#website"},"primaryImageOfPage":{"@id":"https:\/\/techmaster.com.vn\/en\/waveform-generator-keysight-33621a\/#primaryimage"},"image":{"@id":"https:\/\/techmaster.com.vn\/en\/waveform-generator-keysight-33621a\/#primaryimage"},"thumbnailUrl":"https:\/\/techmaster.com.vn\/wp-content\/uploads\/2024\/11\/36.png","datePublished":"2024-11-12T06:49:19+00:00","dateModified":"2025-01-17T09:29:36+00:00","description":"Keysight 33621A Waveform Generator: Generate precise waveforms up to 120 MHz with Trueform technology. Ideal for R&D and test applications.","breadcrumb":{"@id":"https:\/\/techmaster.com.vn\/en\/waveform-generator-keysight-33621a\/#breadcrumb"},"inLanguage":"en-US","potentialAction":[{"@type":"ReadAction","target":["https:\/\/techmaster.com.vn\/en\/waveform-generator-keysight-33621a\/"]}]},{"@type":"ImageObject","inLanguage":"en-US","@id":"https:\/\/techmaster.com.vn\/en\/waveform-generator-keysight-33621a\/#primaryimage","url":"https:\/\/techmaster.com.vn\/wp-content\/uploads\/2024\/11\/36.png","contentUrl":"https:\/\/techmaster.com.vn\/wp-content\/uploads\/2024\/11\/36.png","width":628,"height":628,"caption":"M\u00e1y ph\u00e1t t\u00edn hi\u1ec7u - Keysight 33621A"},{"@type":"BreadcrumbList","@id":"https:\/\/techmaster.com.vn\/en\/waveform-generator-keysight-33621a\/#breadcrumb","itemListElement":[{"@type":"ListItem","position":1,"name":"Trang ch\u1ee7","item":"https:\/\/techmaster.com.vn\/en\/"},{"@type":"ListItem","position":2,"name":"Shop","item":"https:\/\/techmaster.com.vn\/san-pham\/"},{"@type":"ListItem","position":3,"name":"Waveform Generator &#8211; Keysight 33621A"}]},{"@type":"WebSite","@id":"https:\/\/techmaster.com.vn\/en\/#website","url":"https:\/\/techmaster.com.vn\/en\/","name":"Techmaster Electronics JSC","description":"","publisher":{"@id":"https:\/\/techmaster.com.vn\/en\/#organization"},"potentialAction":[{"@type":"SearchAction","target":{"@type":"EntryPoint","urlTemplate":"https:\/\/techmaster.com.vn\/en\/?s={search_term_string}"},"query-input":{"@type":"PropertyValueSpecification","valueRequired":true,"valueName":"search_term_string"}}],"inLanguage":"en-US"},{"@type":["Organization","Place"],"@id":"https:\/\/techmaster.com.vn\/en\/#organization","name":"Techmaster Electronics JSC","url":"https:\/\/techmaster.com.vn\/en\/","logo":{"@id":"https:\/\/techmaster.com.vn\/en\/waveform-generator-keysight-33621a\/#local-main-organization-logo"},"image":{"@id":"https:\/\/techmaster.com.vn\/en\/waveform-generator-keysight-33621a\/#local-main-organization-logo"},"sameAs":["https:\/\/www.facebook.com\/techmaster.electronics.jsc","https:\/\/x.com\/techmastervn","https:\/\/www.instagram.com\/techmastervietnam","https:\/\/myspace.com\/techmastervietnam","https:\/\/www.youtube.com\/c\/TechmasterElectronicsJSC","https:\/\/www.pinterest.com\/techmasterelectronicsjsc\/","https:\/\/vi.wikipedia.org\/wiki\/Th\u00e0nh_vi\u00ean:Techmastervietnam","https:\/\/twitter.com\/techmastervn","https:\/\/www.linkedin.com\/company\/techmaster-vietnam\/"],"telephone":[],"contactPoint":{"@type":"ContactPoint","email":"marketing@techmaster.com.vn"},"openingHoursSpecification":[{"@type":"OpeningHoursSpecification","dayOfWeek":["Monday","Tuesday","Wednesday","Thursday","Friday","Saturday","Sunday"],"opens":"09:00","closes":"17:00"}],"email":"marketing@techmaster.com.vn","areaServed":"Vietnam"},{"@type":"ImageObject","inLanguage":"en-US","@id":"https:\/\/techmaster.com.vn\/en\/waveform-generator-keysight-33621a\/#local-main-organization-logo","url":"https:\/\/techmaster.com.vn\/wp-content\/uploads\/2021\/04\/techmaster-logo-homepage.png","contentUrl":"https:\/\/techmaster.com.vn\/wp-content\/uploads\/2021\/04\/techmaster-logo-homepage.png","width":335,"height":62,"caption":"Techmaster Electronics JSC"}]},"product_price_currency":"VND","og_availability":"instock","product_availability":"instock","product_condition":"new"},"_links":{"self":[{"href":"https:\/\/techmaster.com.vn\/en\/wp-json\/wp\/v2\/product\/178497","targetHints":{"allow":["GET"]}}],"collection":[{"href":"https:\/\/techmaster.com.vn\/en\/wp-json\/wp\/v2\/product"}],"about":[{"href":"https:\/\/techmaster.com.vn\/en\/wp-json\/wp\/v2\/types\/product"}],"replies":[{"embeddable":true,"href":"https:\/\/techmaster.com.vn\/en\/wp-json\/wp\/v2\/comments?post=178497"}],"wp:featuredmedia":[{"embeddable":true,"href":"https:\/\/techmaster.com.vn\/en\/wp-json\/wp\/v2\/media\/181307"}],"wp:attachment":[{"href":"https:\/\/techmaster.com.vn\/en\/wp-json\/wp\/v2\/media?parent=178497"}],"wp:term":[{"taxonomy":"product_brand","embeddable":true,"href":"https:\/\/techmaster.com.vn\/en\/wp-json\/wp\/v2\/product_brand?post=178497"},{"taxonomy":"product_cat","embeddable":true,"href":"https:\/\/techmaster.com.vn\/en\/wp-json\/wp\/v2\/product_cat?post=178497"},{"taxonomy":"product_tag","embeddable":true,"href":"https:\/\/techmaster.com.vn\/en\/wp-json\/wp\/v2\/product_tag?post=178497"}],"curies":[{"name":"wp","href":"https:\/\/api.w.org\/{rel}","templated":true}]}}