{"id":17214,"date":"2020-12-04T11:58:00","date_gmt":"2020-12-04T04:58:00","guid":{"rendered":"https:\/\/techmaster.com.vn\/bo-mui-vit-da-nang-milwaukee-48-32-4408\/"},"modified":"2023-07-24T15:47:10","modified_gmt":"2023-07-24T08:47:10","slug":"milwaukee-48-32-4408-shockwave-impact-duty-drive-and-fasten-set-26pc","status":"publish","type":"product","link":"https:\/\/techmaster.com.vn\/en\/milwaukee-48-32-4408-shockwave-impact-duty-drive-and-fasten-set-26pc\/","title":{"rendered":"MILWAUKEE 48 32 4408 SHOCKWAVE IMPACT DUTY DRIVE AND FASTEN SET (26PC)"},"content":{"rendered":"<div class=\"ellipsis_detail\">\n<p style=\"text-align: justify;\"><strong>SPECIFICATIONS MILWAUKEE 48 32 4408 SHOCKWAVE IMPACT DUTY DRIVE AND FASTEN SET<\/strong><\/p>\n<p class=\"product-includes__title\"><strong>INCLUDES<\/strong><\/p>\n<p><span class=\"product-include__quantity\">(1) <\/span><span class=\"product-include__title\">SHOCKWAVE\u2122 1\/4&#8243; Hex to 3\/8&#8243; Square Socket Adapter<\/span><span class=\"product-include__sku\">(48-32-5031)<\/span><\/p>\n<p><span class=\"product-include\"><span class=\"product-include__quantity\">(1)<\/span><span class=\"product-include__title\">TORX\u00ae Bit 2&#8243; T25<\/span><\/span><\/p>\n<p><span class=\"product-include\"><span class=\"product-include__quantity\">(1)<\/span><span class=\"product-include__title\">TORX\u00ae Bit 2&#8243; T20<\/span><\/span><\/p>\n<p><span class=\"product-include\"><span class=\"product-include__quantity\">(1)<\/span><span class=\"product-include__title\">TORX\u00ae Bit 1&#8243; T30<\/span><\/span><\/p>\n<p><span class=\"product-include\"><span class=\"product-include__quantity\">(<\/span><\/span><span class=\"product-include\"><span class=\"product-include__quantity\">2)<\/span><span class=\"product-include__title\">TORX\u00ae Bit 1&#8243; T25<\/span><\/span><\/p>\n<p><span class=\"product-include\"><span class=\"product-include__quantity\">(2)<\/span><span class=\"product-include__title\">TORX\u00ae Bit 1&#8243; T20<\/span><\/span><\/p>\n<p><span class=\"product-include\"><span class=\"product-include__quantity\">(2)<\/span><span class=\"product-include__title\">Square Bit 1&#8243; SQ2<\/span><\/span><\/p>\n<p><span class=\"product-include\"><span class=\"product-include__quantity\">(1)<\/span><span class=\"product-include__title\">Square Bit 1&#8243; SQ1<\/span><\/span><\/p>\n<p><span class=\"product-include\"><span class=\"product-include__quantity\">(1)<\/span><span class=\"product-include__title\">SHOCKWAVE\u2122 Compact Magnetic Bit Holder<\/span><\/span><\/p>\n<p><span class=\"product-include\"><span class=\"product-include__quantity\">(1)<\/span><span class=\"product-include__title\">Square Bit 2&#8243; SQ2<\/span><\/span><\/p>\n<p><span class=\"product-include\"><span class=\"product-include__quantity\">(2)<\/span><span class=\"product-include__title\">Phillips Bit 2&#8243; P2<\/span><\/span><\/p>\n<p><span class=\"product-include\"><span class=\"product-include__quantity\">(1)<\/span><span class=\"product-include__title\">Square Bit 1&#8243; SQ3<\/span><\/span><\/p>\n<p><span class=\"product-include\"><span class=\"product-include__quantity\">(1)<\/span><span class=\"product-include__title\">Phillips Bit 1&#8243; P3<\/span><\/span><\/p>\n<p><span class=\"product-include\"><span class=\"product-include__quantity\">(3)<\/span><span class=\"product-include__title\">Phillips Bit 1&#8243; P2<\/span><\/span><\/p>\n<p><span class=\"product-include\"><span class=\"product-include__quantity\">(1)<\/span><span class=\"product-include__title\">Phillips Bit 1&#8243; P1<\/span><\/span><\/p>\n<p><span class=\"product-include\"><span class=\"product-include__quantity\">(1)<\/span><span class=\"product-include__title\">Slotted Bit 1&#8243; SL 3\/16&#8243;<\/span><\/span><\/p>\n<p><span class=\"product-include\"><span class=\"product-include__quantity\">(<\/span><\/span><span class=\"product-include\"><span class=\"product-include__quantity\">1)<\/span><span class=\"product-include__title\">5\/16&#8243; Magnetic Nut Driver<\/span><\/span><\/p>\n<p><span class=\"product-include\"><span class=\"product-include__quantity\">(<\/span><\/span><span class=\"product-include\"><span class=\"product-include__quantity\">1)<\/span><span class=\"product-include__title\">1\/4&#8243; Magnetic Nut Driver<\/span><\/span><\/p>\n<p><span class=\"product-include\"><span class=\"product-include__quantity\">(1)<\/span><span class=\"product-include__title\">3\/8&#8243; Socket Adapter<\/span><\/span><\/p>\n<p><span class=\"product-include\"><span class=\"product-include__quantity\">(1)<\/span><span class=\"product-include__title\">3\/8&#8243; Magnetic Nut Driver<\/span><\/span><\/p>\n<h2><strong>Introduction Milwaukee 48-32-4408 <\/strong><strong>SHOCKWAVE\u2122 Impact Duty Drive and Fasten Set &#8211; 26PC<\/strong><\/h2>\n<p style=\"text-align: justify;\">Our SHOCKWAVE\u2122 Impact Drive and Fasten Set is engineered to provide the Most Durable, Best Fitting driver bits on the market. The Wear Guard Tip\u2122 delivers increased wear resistance which protects the fit over the life of the bit. The Shockzone\u2122 is optimized for for each tip type and length of driver bit to absorb peak torque and prevent breaking. The driver bits feature Custom Alloy76\u2122, a customized steel and heat treatment per tip type to extend the life of the driver bits, providing up to 50X life vs. competitive impact driver bits. The MILWAUKEE\u00ae SHOCKWAVE\u2122 driver bits are built to deliver extreme durability for the most demanding applications.<\/p>\n<p style=\"text-align: center;\"><a href=\"https:\/\/techmaster.com.vn\/wp-content\/uploads\/2020\/12\/bo-mui-vit-da-nang-milwaukee-26pcs-48-32-4408-1-1.jpg\"><img loading=\"lazy\" decoding=\"async\" class=\"alignnone wp-image-10634 size-full\" src=\"https:\/\/techmaster.com.vn\/wp-content\/uploads\/2020\/12\/bo-mui-vit-da-nang-milwaukee-26pcs-48-32-4408-1-1.jpg\" alt=\"Milwaukee 48-32-4408 SHOCKWAVE\u2122 Impact Duty Drive and Fasten Set (8)\" width=\"772\" height=\"346\" \/><\/a><\/p>\n<h2><strong>FEATURES<\/strong><\/h2>\n<p><span style=\"color: #333333; font-size: 14.4px;\">&#8211; Wear Guard Tip\u2122 protects fit over the life of the bit<\/span><\/p>\n<p><span style=\"font-size: 14.4px; color: #333333;\">&#8211; Optimized Shockzone\u2122 absorbs peak torque and prevents breaking<\/span><\/p>\n<p><span style=\"font-size: 14.4px; color: #333333;\">&#8211; Custom Alloy76\u2122 Steel is engineered to extend bit life<\/span><\/p>\n<p><span style=\"font-size: 14.4px; color: #333333;\">&#8211; Precise Fit Custom Machined Tip prevents stripping and reduces wobble<\/span><\/p>\n<p><span style=\"font-size: 14.4px; color: #333333;\">&#8211; Shockzones\u2122 are optimized in both length and width per tip type for best performance across tip types.<\/span><\/p>\n<p><span style=\"font-size: 14.4px; color: #333333;\">&#8211; <\/span><span style=\"color: #333333; font-size: 14.4px;\">Laser hardening at the tip creates an outer protective shield for improved wear resistance.<\/span><\/p>\n<p><span style=\"font-size: 14.4px; color: #333333;\">&#8211; Customized geometry and heat treatment per tip type for best performance across tip types<\/span><\/p>\n<p><span style=\"font-size: 14.4px; color: #333333;\">&#8211; Up to 50X Life vs other impact bits<\/span><br \/>\n<span style=\"font-size: 14.4px; color: #333333;\">&#8211; Laser etched size for easy identification<\/span><\/p>\n<p><span style=\"font-size: 14.4px; color: #333333;\">&#8211; Designed for use with Impact Drivers and Drill Drivers<\/span><\/p>\n<h2><strong>Milwaukee Brand<\/strong><\/h2>\n<div style=\"text-align: justify;\">Since the company began in 1924, Milwaukee Tool has led the industry in developing innovative solutions that deliver increased productivity and unmatched durability for professional construction users. Whether it is through our world-leading M12\u2122 and M18\u2122 cordless systems, the ground-breaking performance of our M12 and M18 FUEL\u2122 products, jobsite lighting, time-saving accessories, or innovative hand tool and storage products, Milwaukee are dedicated to delivering a continuous flow of advanced, trade-specific solutions. We have invested the time to work side-by-side with real users to understand the demands of a constantly changing workplace and how we can best deliver solutions for a safer, more productive jobsite. Milwaukee Tool is not simply a manufacturer \u2013 Milwaukee are progressive problem solvers.<\/div>\n<\/div>\n","protected":false},"excerpt":{"rendered":"<h2><strong>FEATURES<\/strong><\/h2>\n<p><span style=\"color: #333333; font-size: 14.4px;\">&#8211; Wear Guard Tip\u2122 protects fit over the life of the bit<\/span><\/p>\n<p><span style=\"font-size: 14.4px; color: #333333;\">&#8211; Optimized Shockzone\u2122 absorbs peak torque and prevents breaking<\/span><\/p>\n<p><span style=\"font-size: 14.4px; color: #333333;\">&#8211; Custom Alloy76\u2122 Steel is engineered to extend bit life<\/span><\/p>\n<p><span style=\"font-size: 14.4px; color: #333333;\">&#8211; Precise Fit Custom Machined Tip prevents stripping and reduces wobble<\/span><\/p>\n<p><span style=\"font-size: 14.4px; color: #333333;\">&#8211; Shockzones\u2122 are optimized in both length and width per tip type for best performance across tip types.<\/span><\/p>\n","protected":false},"featured_media":2924,"comment_status":"open","ping_status":"closed","template":"","meta":[],"product_brand":[],"product_cat":[161,310],"product_tag":[],"class_list":{"0":"post-17214","1":"product","2":"type-product","3":"status-publish","4":"has-post-thumbnail","6":"product_cat-hand-tools","7":"product_cat-driving-sets","8":"pa_brand-milwaukee-en","10":"first","11":"instock","12":"shipping-taxable","13":"product-type-simple"},"yoast_head":"<!-- This site is optimized with the Yoast SEO Premium plugin v26.8 (Yoast SEO v26.8) - https:\/\/yoast.com\/product\/yoast-seo-premium-wordpress\/ -->\n<title>MILWAUKEE 48 32 4408 SHOCKWAVE IMPACT DUTY DRIVE AND FASTEN SET (26PC) - Techmaster Electronics JSC<\/title>\n<meta name=\"description\" content=\"The Milwaukee 48-32-4408 SHOCKWAVE\u2122 Impact Duty Drive and Fasten Set - Wear Guard Tip\u2122 protects fit over the life of the bit.\" \/>\n<meta name=\"robots\" content=\"index, follow, max-snippet:-1, max-image-preview:large, max-video-preview:-1\" \/>\n<link rel=\"canonical\" href=\"https:\/\/techmaster.com.vn\/en\/milwaukee-48-32-4408-shockwave-impact-duty-drive-and-fasten-set-26pc\/\" \/>\n<meta property=\"og:locale\" content=\"en_US\" \/>\n<meta property=\"og:type\" content=\"article\" \/>\n<meta property=\"og:title\" content=\"MILWAUKEE 48 32 4408 SHOCKWAVE IMPACT DUTY DRIVE AND FASTEN SET (26PC)\" \/>\n<meta property=\"og:description\" content=\"The Milwaukee 48-32-4408 SHOCKWAVE\u2122 Impact Duty Drive and Fasten Set - Wear Guard Tip\u2122 protects fit over the life of the bit.\" \/>\n<meta property=\"og:url\" content=\"https:\/\/techmaster.com.vn\/en\/milwaukee-48-32-4408-shockwave-impact-duty-drive-and-fasten-set-26pc\/\" \/>\n<meta property=\"og:site_name\" content=\"Techmaster Electronics JSC\" \/>\n<meta property=\"article:publisher\" content=\"https:\/\/www.facebook.com\/techmaster.electronics.jsc\" \/>\n<meta property=\"article:modified_time\" content=\"2023-07-24T08:47:10+00:00\" \/>\n<meta property=\"og:image\" content=\"https:\/\/techmaster.com.vn\/wp-content\/uploads\/2020\/12\/bo-mui-vit-da-nang-milwaukee-26pcs-48-32-4408.jpg\" \/>\n\t<meta property=\"og:image:width\" content=\"450\" \/>\n\t<meta property=\"og:image:height\" content=\"450\" \/>\n\t<meta property=\"og:image:type\" content=\"image\/jpeg\" \/>\n<meta name=\"twitter:card\" content=\"summary_large_image\" \/>\n<meta name=\"twitter:site\" content=\"@techmastervn\" \/>\n<meta name=\"twitter:label1\" content=\"Price\" \/>\n\t<meta name=\"twitter:data1\" content=\"Call for Price\" \/>\n\t<meta name=\"twitter:label2\" content=\"Availability\" \/>\n\t<meta name=\"twitter:data2\" content=\"In stock\" \/>\n<script type=\"application\/ld+json\" class=\"yoast-schema-graph\">{\"@context\":\"https:\/\/schema.org\",\"@graph\":[{\"@type\":\"WebPage\",\"@id\":\"https:\/\/techmaster.com.vn\/en\/milwaukee-48-32-4408-shockwave-impact-duty-drive-and-fasten-set-26pc\/\",\"url\":\"https:\/\/techmaster.com.vn\/en\/milwaukee-48-32-4408-shockwave-impact-duty-drive-and-fasten-set-26pc\/\",\"name\":\"MILWAUKEE 48 32 4408 SHOCKWAVE IMPACT DUTY DRIVE AND FASTEN SET (26PC) - Techmaster Electronics JSC\",\"isPartOf\":{\"@id\":\"https:\/\/techmaster.com.vn\/en\/#website\"},\"primaryImageOfPage\":{\"@id\":\"https:\/\/techmaster.com.vn\/en\/milwaukee-48-32-4408-shockwave-impact-duty-drive-and-fasten-set-26pc\/#primaryimage\"},\"image\":{\"@id\":\"https:\/\/techmaster.com.vn\/en\/milwaukee-48-32-4408-shockwave-impact-duty-drive-and-fasten-set-26pc\/#primaryimage\"},\"thumbnailUrl\":\"https:\/\/techmaster.com.vn\/wp-content\/uploads\/2020\/12\/bo-mui-vit-da-nang-milwaukee-26pcs-48-32-4408.jpg\",\"datePublished\":\"2020-12-04T04:58:00+00:00\",\"dateModified\":\"2023-07-24T08:47:10+00:00\",\"description\":\"The Milwaukee 48-32-4408 SHOCKWAVE\u2122 Impact Duty Drive and Fasten Set - Wear Guard Tip\u2122 protects fit over the life of the bit.\",\"breadcrumb\":{\"@id\":\"https:\/\/techmaster.com.vn\/en\/milwaukee-48-32-4408-shockwave-impact-duty-drive-and-fasten-set-26pc\/#breadcrumb\"},\"inLanguage\":\"en-US\",\"potentialAction\":[{\"@type\":\"ReadAction\",\"target\":[\"https:\/\/techmaster.com.vn\/en\/milwaukee-48-32-4408-shockwave-impact-duty-drive-and-fasten-set-26pc\/\"]}]},{\"@type\":\"ImageObject\",\"inLanguage\":\"en-US\",\"@id\":\"https:\/\/techmaster.com.vn\/en\/milwaukee-48-32-4408-shockwave-impact-duty-drive-and-fasten-set-26pc\/#primaryimage\",\"url\":\"https:\/\/techmaster.com.vn\/wp-content\/uploads\/2020\/12\/bo-mui-vit-da-nang-milwaukee-26pcs-48-32-4408.jpg\",\"contentUrl\":\"https:\/\/techmaster.com.vn\/wp-content\/uploads\/2020\/12\/bo-mui-vit-da-nang-milwaukee-26pcs-48-32-4408.jpg\",\"width\":450,\"height\":450,\"caption\":\"B\u1ed9 m\u0169i v\u00edt \u0111a n\u0103ng Milwaukee 48-32-4408\"},{\"@type\":\"BreadcrumbList\",\"@id\":\"https:\/\/techmaster.com.vn\/en\/milwaukee-48-32-4408-shockwave-impact-duty-drive-and-fasten-set-26pc\/#breadcrumb\",\"itemListElement\":[{\"@type\":\"ListItem\",\"position\":1,\"name\":\"Trang ch\u1ee7\",\"item\":\"https:\/\/techmaster.com.vn\/en\/\"},{\"@type\":\"ListItem\",\"position\":2,\"name\":\"Shop\",\"item\":\"https:\/\/techmaster.com.vn\/san-pham\/\"},{\"@type\":\"ListItem\",\"position\":3,\"name\":\"MILWAUKEE 48 32 4408 SHOCKWAVE IMPACT DUTY DRIVE AND FASTEN SET (26PC)\"}]},{\"@type\":\"WebSite\",\"@id\":\"https:\/\/techmaster.com.vn\/en\/#website\",\"url\":\"https:\/\/techmaster.com.vn\/en\/\",\"name\":\"Techmaster Electronics JSC\",\"description\":\"\",\"publisher\":{\"@id\":\"https:\/\/techmaster.com.vn\/en\/#organization\"},\"potentialAction\":[{\"@type\":\"SearchAction\",\"target\":{\"@type\":\"EntryPoint\",\"urlTemplate\":\"https:\/\/techmaster.com.vn\/en\/?s={search_term_string}\"},\"query-input\":{\"@type\":\"PropertyValueSpecification\",\"valueRequired\":true,\"valueName\":\"search_term_string\"}}],\"inLanguage\":\"en-US\"},{\"@type\":[\"Organization\",\"Place\"],\"@id\":\"https:\/\/techmaster.com.vn\/en\/#organization\",\"name\":\"Techmaster Electronics JSC\",\"url\":\"https:\/\/techmaster.com.vn\/en\/\",\"logo\":{\"@id\":\"https:\/\/techmaster.com.vn\/en\/milwaukee-48-32-4408-shockwave-impact-duty-drive-and-fasten-set-26pc\/#local-main-organization-logo\"},\"image\":{\"@id\":\"https:\/\/techmaster.com.vn\/en\/milwaukee-48-32-4408-shockwave-impact-duty-drive-and-fasten-set-26pc\/#local-main-organization-logo\"},\"sameAs\":[\"https:\/\/www.facebook.com\/techmaster.electronics.jsc\",\"https:\/\/x.com\/techmastervn\",\"https:\/\/www.instagram.com\/techmastervietnam\",\"https:\/\/myspace.com\/techmastervietnam\",\"https:\/\/www.youtube.com\/c\/TechmasterElectronicsJSC\",\"https:\/\/www.pinterest.com\/techmasterelectronicsjsc\/\",\"https:\/\/vi.wikipedia.org\/wiki\/Th\u00e0nh_vi\u00ean:Techmastervietnam\",\"https:\/\/twitter.com\/techmastervn\",\"https:\/\/www.linkedin.com\/company\/techmaster-vietnam\/\"],\"telephone\":[],\"contactPoint\":{\"@type\":\"ContactPoint\",\"email\":\"marketing@techmaster.com.vn\"},\"openingHoursSpecification\":[{\"@type\":\"OpeningHoursSpecification\",\"dayOfWeek\":[\"Monday\",\"Tuesday\",\"Wednesday\",\"Thursday\",\"Friday\",\"Saturday\",\"Sunday\"],\"opens\":\"09:00\",\"closes\":\"17:00\"}],\"email\":\"marketing@techmaster.com.vn\",\"areaServed\":\"Vietnam\"},{\"@type\":\"ImageObject\",\"inLanguage\":\"en-US\",\"@id\":\"https:\/\/techmaster.com.vn\/en\/milwaukee-48-32-4408-shockwave-impact-duty-drive-and-fasten-set-26pc\/#local-main-organization-logo\",\"url\":\"https:\/\/techmaster.com.vn\/wp-content\/uploads\/2021\/04\/techmaster-logo-homepage.png\",\"contentUrl\":\"https:\/\/techmaster.com.vn\/wp-content\/uploads\/2021\/04\/techmaster-logo-homepage.png\",\"width\":335,\"height\":62,\"caption\":\"Techmaster Electronics JSC\"}]}<\/script>\n<meta property=\"product:price:amount\" content=\"0\" \/>\n<meta property=\"product:price:currency\" content=\"VND\" \/>\n<meta property=\"og:availability\" content=\"instock\" \/>\n<meta property=\"product:availability\" content=\"instock\" \/>\n<meta property=\"product:condition\" content=\"new\" \/>\n<!-- \/ Yoast SEO Premium plugin. -->","yoast_head_json":{"title":"MILWAUKEE 48 32 4408 SHOCKWAVE IMPACT DUTY DRIVE AND FASTEN SET (26PC) - Techmaster Electronics JSC","description":"The Milwaukee 48-32-4408 SHOCKWAVE\u2122 Impact Duty Drive and Fasten Set - Wear Guard Tip\u2122 protects fit over the life of the bit.","robots":{"index":"index","follow":"follow","max-snippet":"max-snippet:-1","max-image-preview":"max-image-preview:large","max-video-preview":"max-video-preview:-1"},"canonical":"https:\/\/techmaster.com.vn\/en\/milwaukee-48-32-4408-shockwave-impact-duty-drive-and-fasten-set-26pc\/","og_locale":"en_US","og_type":"article","og_title":"MILWAUKEE 48 32 4408 SHOCKWAVE IMPACT DUTY DRIVE AND FASTEN SET (26PC)","og_description":"The Milwaukee 48-32-4408 SHOCKWAVE\u2122 Impact Duty Drive and Fasten Set - Wear Guard Tip\u2122 protects fit over the life of the bit.","og_url":"https:\/\/techmaster.com.vn\/en\/milwaukee-48-32-4408-shockwave-impact-duty-drive-and-fasten-set-26pc\/","og_site_name":"Techmaster Electronics JSC","article_publisher":"https:\/\/www.facebook.com\/techmaster.electronics.jsc","article_modified_time":"2023-07-24T08:47:10+00:00","og_image":[{"width":450,"height":450,"url":"https:\/\/techmaster.com.vn\/wp-content\/uploads\/2020\/12\/bo-mui-vit-da-nang-milwaukee-26pcs-48-32-4408.jpg","type":"image\/jpeg"}],"twitter_card":"summary_large_image","twitter_site":"@techmastervn","twitter_misc":{"Price":"Call for Price","Availability":"In stock"},"schema":{"@context":"https:\/\/schema.org","@graph":[{"@type":"WebPage","@id":"https:\/\/techmaster.com.vn\/en\/milwaukee-48-32-4408-shockwave-impact-duty-drive-and-fasten-set-26pc\/","url":"https:\/\/techmaster.com.vn\/en\/milwaukee-48-32-4408-shockwave-impact-duty-drive-and-fasten-set-26pc\/","name":"MILWAUKEE 48 32 4408 SHOCKWAVE IMPACT DUTY DRIVE AND FASTEN SET (26PC) - Techmaster Electronics JSC","isPartOf":{"@id":"https:\/\/techmaster.com.vn\/en\/#website"},"primaryImageOfPage":{"@id":"https:\/\/techmaster.com.vn\/en\/milwaukee-48-32-4408-shockwave-impact-duty-drive-and-fasten-set-26pc\/#primaryimage"},"image":{"@id":"https:\/\/techmaster.com.vn\/en\/milwaukee-48-32-4408-shockwave-impact-duty-drive-and-fasten-set-26pc\/#primaryimage"},"thumbnailUrl":"https:\/\/techmaster.com.vn\/wp-content\/uploads\/2020\/12\/bo-mui-vit-da-nang-milwaukee-26pcs-48-32-4408.jpg","datePublished":"2020-12-04T04:58:00+00:00","dateModified":"2023-07-24T08:47:10+00:00","description":"The Milwaukee 48-32-4408 SHOCKWAVE\u2122 Impact Duty Drive and Fasten Set - Wear Guard Tip\u2122 protects fit over the life of the bit.","breadcrumb":{"@id":"https:\/\/techmaster.com.vn\/en\/milwaukee-48-32-4408-shockwave-impact-duty-drive-and-fasten-set-26pc\/#breadcrumb"},"inLanguage":"en-US","potentialAction":[{"@type":"ReadAction","target":["https:\/\/techmaster.com.vn\/en\/milwaukee-48-32-4408-shockwave-impact-duty-drive-and-fasten-set-26pc\/"]}]},{"@type":"ImageObject","inLanguage":"en-US","@id":"https:\/\/techmaster.com.vn\/en\/milwaukee-48-32-4408-shockwave-impact-duty-drive-and-fasten-set-26pc\/#primaryimage","url":"https:\/\/techmaster.com.vn\/wp-content\/uploads\/2020\/12\/bo-mui-vit-da-nang-milwaukee-26pcs-48-32-4408.jpg","contentUrl":"https:\/\/techmaster.com.vn\/wp-content\/uploads\/2020\/12\/bo-mui-vit-da-nang-milwaukee-26pcs-48-32-4408.jpg","width":450,"height":450,"caption":"B\u1ed9 m\u0169i v\u00edt \u0111a n\u0103ng Milwaukee 48-32-4408"},{"@type":"BreadcrumbList","@id":"https:\/\/techmaster.com.vn\/en\/milwaukee-48-32-4408-shockwave-impact-duty-drive-and-fasten-set-26pc\/#breadcrumb","itemListElement":[{"@type":"ListItem","position":1,"name":"Trang ch\u1ee7","item":"https:\/\/techmaster.com.vn\/en\/"},{"@type":"ListItem","position":2,"name":"Shop","item":"https:\/\/techmaster.com.vn\/san-pham\/"},{"@type":"ListItem","position":3,"name":"MILWAUKEE 48 32 4408 SHOCKWAVE IMPACT DUTY DRIVE AND FASTEN SET (26PC)"}]},{"@type":"WebSite","@id":"https:\/\/techmaster.com.vn\/en\/#website","url":"https:\/\/techmaster.com.vn\/en\/","name":"Techmaster Electronics JSC","description":"","publisher":{"@id":"https:\/\/techmaster.com.vn\/en\/#organization"},"potentialAction":[{"@type":"SearchAction","target":{"@type":"EntryPoint","urlTemplate":"https:\/\/techmaster.com.vn\/en\/?s={search_term_string}"},"query-input":{"@type":"PropertyValueSpecification","valueRequired":true,"valueName":"search_term_string"}}],"inLanguage":"en-US"},{"@type":["Organization","Place"],"@id":"https:\/\/techmaster.com.vn\/en\/#organization","name":"Techmaster Electronics JSC","url":"https:\/\/techmaster.com.vn\/en\/","logo":{"@id":"https:\/\/techmaster.com.vn\/en\/milwaukee-48-32-4408-shockwave-impact-duty-drive-and-fasten-set-26pc\/#local-main-organization-logo"},"image":{"@id":"https:\/\/techmaster.com.vn\/en\/milwaukee-48-32-4408-shockwave-impact-duty-drive-and-fasten-set-26pc\/#local-main-organization-logo"},"sameAs":["https:\/\/www.facebook.com\/techmaster.electronics.jsc","https:\/\/x.com\/techmastervn","https:\/\/www.instagram.com\/techmastervietnam","https:\/\/myspace.com\/techmastervietnam","https:\/\/www.youtube.com\/c\/TechmasterElectronicsJSC","https:\/\/www.pinterest.com\/techmasterelectronicsjsc\/","https:\/\/vi.wikipedia.org\/wiki\/Th\u00e0nh_vi\u00ean:Techmastervietnam","https:\/\/twitter.com\/techmastervn","https:\/\/www.linkedin.com\/company\/techmaster-vietnam\/"],"telephone":[],"contactPoint":{"@type":"ContactPoint","email":"marketing@techmaster.com.vn"},"openingHoursSpecification":[{"@type":"OpeningHoursSpecification","dayOfWeek":["Monday","Tuesday","Wednesday","Thursday","Friday","Saturday","Sunday"],"opens":"09:00","closes":"17:00"}],"email":"marketing@techmaster.com.vn","areaServed":"Vietnam"},{"@type":"ImageObject","inLanguage":"en-US","@id":"https:\/\/techmaster.com.vn\/en\/milwaukee-48-32-4408-shockwave-impact-duty-drive-and-fasten-set-26pc\/#local-main-organization-logo","url":"https:\/\/techmaster.com.vn\/wp-content\/uploads\/2021\/04\/techmaster-logo-homepage.png","contentUrl":"https:\/\/techmaster.com.vn\/wp-content\/uploads\/2021\/04\/techmaster-logo-homepage.png","width":335,"height":62,"caption":"Techmaster Electronics JSC"}]},"product_price_currency":"VND","og_availability":"instock","product_availability":"instock","product_condition":"new"},"_links":{"self":[{"href":"https:\/\/techmaster.com.vn\/en\/wp-json\/wp\/v2\/product\/17214","targetHints":{"allow":["GET"]}}],"collection":[{"href":"https:\/\/techmaster.com.vn\/en\/wp-json\/wp\/v2\/product"}],"about":[{"href":"https:\/\/techmaster.com.vn\/en\/wp-json\/wp\/v2\/types\/product"}],"replies":[{"embeddable":true,"href":"https:\/\/techmaster.com.vn\/en\/wp-json\/wp\/v2\/comments?post=17214"}],"wp:featuredmedia":[{"embeddable":true,"href":"https:\/\/techmaster.com.vn\/en\/wp-json\/wp\/v2\/media\/2924"}],"wp:attachment":[{"href":"https:\/\/techmaster.com.vn\/en\/wp-json\/wp\/v2\/media?parent=17214"}],"wp:term":[{"taxonomy":"product_brand","embeddable":true,"href":"https:\/\/techmaster.com.vn\/en\/wp-json\/wp\/v2\/product_brand?post=17214"},{"taxonomy":"product_cat","embeddable":true,"href":"https:\/\/techmaster.com.vn\/en\/wp-json\/wp\/v2\/product_cat?post=17214"},{"taxonomy":"product_tag","embeddable":true,"href":"https:\/\/techmaster.com.vn\/en\/wp-json\/wp\/v2\/product_tag?post=17214"}],"curies":[{"name":"wp","href":"https:\/\/api.w.org\/{rel}","templated":true}]}}