{"id":16592,"date":"2020-12-07T13:57:54","date_gmt":"2020-12-07T06:57:54","guid":{"rendered":"https:\/\/techmaster.com.vn\/luoi-khoet-lo-milwaukee-70mm\/"},"modified":"2022-04-28T14:56:46","modified_gmt":"2022-04-28T07:56:46","slug":"milwaukee-70mm-hole-dozer-holesaw","status":"publish","type":"product","link":"https:\/\/techmaster.com.vn\/en\/milwaukee-70mm-hole-dozer-holesaw\/","title":{"rendered":"MILWAUKEE 70MM HOLE DOZER HOLESAW"},"content":{"rendered":"<div class=\"ellipsis_detail\">\n<div>\n<div>\n<p><strong style=\"color: #555555; font-size: 14.4px;\">SPECIFICATIONS MILWAUKEE 70MM HOLE DOZER HOLESAW<\/strong><\/p>\n<div><\/div>\n<div>\n<table class=\"table product__detail-table js-responsive-table fixed-column\" style=\"width: 312px;\">\n<tbody>\n<tr style=\"height: 21px;\">\n<th style=\"height: 21px; width: 167px;\">Diameter (mm)<\/th>\n<th style=\"height: 21px; width: 139px;\">70<\/th>\n<\/tr>\n<tr style=\"height: 21px;\">\n<th style=\"height: 21px; width: 167px;\">Max. cutting depth (mm)<\/th>\n<th style=\"height: 21px; width: 139px;\">41<\/th>\n<\/tr>\n<tr style=\"height: 21px;\">\n<th style=\"height: 21px; width: 167px;\">Pack quantity<\/th>\n<th style=\"height: 21px; width: 139px;\">1<\/th>\n<\/tr>\n<\/tbody>\n<\/table>\n<\/div>\n<h2><strong>Introduction Milwaukee 70mm Hole Dozer Holesaw<\/strong><\/h2>\n<h2><strong>1.Tooth Design of\u00a0 <\/strong><strong>Milwaukee 70<\/strong><strong>mm<\/strong><\/h2>\n<p>Tooth design &#8211; A variable 4-6 teeth per inch tooth design with a positive 10\u00b0 tooth angle provides the following benefits: &#8211; Faster and more aggressive cut. &#8211; Improved heat dispersion during cutting ensures that the teeth stay sharper for longer. &#8211; Deeper curved gullets provide more efficient chip clearance preventing clogging and heat build up. &#8211; Special shaped tooth angle has less tendency to snag on thinner materials. &#8211; Teeth are alternate\/side set to minimise binding and friction. &#8211; Requires less feed pressure &#8211; This is achieved by the combination of aggressive tooth geometry and good chip clearance resulting in the requirement of less force during drilling.<\/p>\n<p style=\"text-align: center;\"><a href=\"https:\/\/techmaster.com.vn\/wp-content\/uploads\/2020\/12\/luoi-khoet-lo-70mm-1.jpg\"><img loading=\"lazy\" decoding=\"async\" class=\"alignnone wp-image-13266 size-full\" src=\"https:\/\/techmaster.com.vn\/wp-content\/uploads\/2020\/12\/luoi-khoet-lo-70mm-1.jpg\" alt=\"Milwaukee 70mm Hole Dozer Holesaw (8)\" width=\"772\" height=\"346\" \/><\/a><\/p>\n<h2><strong>2. T<\/strong><strong>hi\u1ebft k\u1ebf r\u00e3nh r\u0103ng c\u01b0a cong<\/strong><\/h2>\n<p>L\u01b0\u1ee1i kho\u00e9t l\u1ed7 70mm c\u00f3 r\u00e3nh \u0111\u01b0\u1ee3c thi\u1ebft k\u1ebf d\u1ea1ng r\u0103ng c\u01b0a cong. \u0110i\u1ec1u n\u00e0y, gi\u00fap ng\u01b0\u1eddi d\u00f9ng d\u1ec5 d\u00e0ng l\u00e0m s\u1ea1ch m\u1ea3nh v\u1ee5n hi\u1ec7u qu\u1ea3 h\u01a1n. Tr\u00e1nh vi\u1ec7c b\u00e1m m\u1ea3nh v\u1ee5n g\u00e2y t\u1eafc ngh\u1ebdn. Ngo\u00e0i ra, thi\u1ebft k\u1ebf n\u00e0y c\u0169ng gi\u00fap t\u1ea3n nhi\u1ec7t t\u1ed1t h\u01a1n trong qu\u00e1 tr\u00ecnh thao t\u00e1c. G\u00f3c r\u0103ng c\u00f3 h\u00ecnh d\u1ea1ng \u0111\u1eb7c bi\u1ec7t \u00edt c\u00f3 xu h\u01b0\u1edbng m\u1eafc v\u00e0o v\u1eadt li\u1ec7u m\u1ecfng h\u01a1n.<\/p>\n<\/div>\n<h2><strong>3. R\u0103ng \u0111\u01b0\u1ee3c l\u00e0m b\u1eb1ng v\u1eadt li\u1ec7u th\u00e9p cao c\u1ea5p<\/strong><\/h2>\n<div>\n<p>L\u01b0\u1ee1i kho\u00e9t l\u1ed7 70mm c\u00f3 ph\u1ea7n r\u0103ng c\u01b0a \u0111\u01b0\u1ee3c l\u00e0m b\u1eb1ng th\u00e9p cao c\u1ea5p lo\u1ea1i Matrix II \u0111\u01b0\u1ee3c s\u1eed d\u1ee5ng cho khu v\u1ef1c c\u00f3 r\u0103ng c\u1ee7a l\u1ed7 h\u1ed5ng. Lo\u1ea1i v\u1eadt li\u1ec7u n\u00e0y c\u00f3 \u01b0u \u0111i\u1ec3m<\/p>\n<p>+ Th\u00e9p Matrix II ch\u1ee9a 8% coban cho ph\u00e9p r\u0103ng gi\u1eef \u0111\u01b0\u1ee3c \u0111\u1ed9 c\u1ee9ng c\u1ee7a r\u0103ng ban \u0111\u1ea7u ngay c\u1ea3\u00a0 khi l\u00e0m vi\u1ec7c \u1edf nhi\u1ec7t \u0111\u1ed9 cao trong c\u00e1c \u1ee9ng d\u1ee5ng c\u1eaft kim lo\u1ea1i<\/p>\n<p>+Kh\u1ea3 n\u0103ng ch\u1ed1ng m\u00e0i m\u00f2n cao gi\u00fap k\u00e9o d\u00e0i tu\u1ed5i th\u1ecd cho s\u1ea3n ph\u1ea9m<\/p>\n<h2><strong>4. Th\u00e2n l\u01b0\u1ee1i kho\u00e9t l\u00e0m b\u1eb1ng th\u00e9p d\u00e0y 1,27mm<\/strong><\/h2>\n<p>Nh\u1eb1m gi\u00fap l\u01b0\u1ee1i kho\u00e9t \u0111\u1ea1t \u0111\u01b0\u1ee3c \u0111\u1ed9 b\u1ec1n b\u1ec9 trong qu\u00e1 tr\u00ecnh s\u1eed d\u1ee5ng. H\u00e3ng Milwaukee \u0111\u00e3 thi\u1ebft k\u1ebf th\u00e2n l\u01b0\u1ee1i kho\u00e9t v\u1edbi\u00a0 th\u00e9p d\u00e0y 1,27 mm c\u1ee9ng \u0111\u1ec3 gi\u1eef h\u00ecnh d\u1ea1ng nh\u01b0ng c\u0169ng c\u00f3 \u0111\u1ed9 \u0111\u00e0n h\u1ed3i. \u0110\u1ed9 s\u00e2u c\u01b0a hi\u1ec7u qu\u1ea3 l\u00e0 41 mm. \u0110i\u1ec1u n\u00e0y \u0111em l\u1ea1i \u0111\u1ed9 b\u1ec1n b\u1ec9 cho l\u01b0\u1ee1i kho\u00e9t v\u00e0 gi\u00fap k\u00e9o d\u00e0i tu\u1ed5i th\u1ecd cho l\u01b0\u1ee1i.<\/p>\n<\/div>\n<\/div>\n<p>&nbsp;<\/p>\n<p>&nbsp;<\/p>\n<\/div>\n","protected":false},"excerpt":{"rendered":"<h2><strong>FEATURES<\/strong><\/h2>\n<p>&#8211; Cutting edge technology for maximum productivity.<\/p>\n<p>&#8211; <span style=\"color: #333333; font-size: 14.4px;\">RIP GUARD\u2122 Limited Lifetime Tooth Break Warranty<\/span><\/p>\n<p>&#8211; <span style=\"color: #333333; font-size: 14.4px;\">PLUG JACK\u2122, an all access slot design for fast plug removal<\/span><\/p>\n<p>&#8211; <span style=\"color: #333333; font-size: 14.4px;\">Thermoset Coating, Delivers Up to 2X Faster Cuts in Wood<\/span><\/p>\n<p>&#8211; <span style=\"color: #333333; font-size: 14.4px;\">Bi-Metal contruction with 8% cobalt for increased wear resistance<\/span><\/p>\n","protected":false},"featured_media":3436,"comment_status":"open","ping_status":"closed","template":"","meta":[],"product_brand":[],"product_cat":[161,307],"product_tag":[],"class_list":{"0":"post-16592","1":"product","2":"type-product","3":"status-publish","4":"has-post-thumbnail","6":"product_cat-hand-tools","7":"product_cat-holesaws","8":"pa_brand-milwaukee-en","10":"first","11":"instock","12":"shipping-taxable","13":"product-type-simple"},"yoast_head":"<!-- This site is optimized with the Yoast SEO Premium plugin v26.8 (Yoast SEO v26.8) - https:\/\/yoast.com\/product\/yoast-seo-premium-wordpress\/ -->\n<title>MILWAUKEE 70MM HOLE DOZER HOLESAW - Techmaster Electronics JSC<\/title>\n<meta name=\"description\" content=\"The Milwaukee 70mm Hole Dozer Holesaw - Cutting edge technology for maximum productivity. Diagonal slots aid the removal and ejection of the core.\" \/>\n<meta name=\"robots\" content=\"index, follow, max-snippet:-1, max-image-preview:large, max-video-preview:-1\" \/>\n<link rel=\"canonical\" href=\"https:\/\/techmaster.com.vn\/en\/milwaukee-70mm-hole-dozer-holesaw\/\" \/>\n<meta property=\"og:locale\" content=\"en_US\" \/>\n<meta property=\"og:type\" content=\"article\" \/>\n<meta property=\"og:title\" content=\"MILWAUKEE 70MM HOLE DOZER HOLESAW\" \/>\n<meta property=\"og:description\" content=\"The Milwaukee 70mm Hole Dozer Holesaw - Cutting edge technology for maximum productivity. Diagonal slots aid the removal and ejection of the core.\" \/>\n<meta property=\"og:url\" content=\"https:\/\/techmaster.com.vn\/en\/milwaukee-70mm-hole-dozer-holesaw\/\" \/>\n<meta property=\"og:site_name\" content=\"Techmaster Electronics JSC\" \/>\n<meta property=\"article:publisher\" content=\"https:\/\/www.facebook.com\/techmaster.electronics.jsc\" \/>\n<meta property=\"article:modified_time\" content=\"2022-04-28T07:56:46+00:00\" \/>\n<meta property=\"og:image\" content=\"https:\/\/techmaster.com.vn\/wp-content\/uploads\/2020\/12\/luoi-khoet-lo-70mm.jpg\" \/>\n\t<meta property=\"og:image:width\" content=\"450\" \/>\n\t<meta property=\"og:image:height\" content=\"450\" \/>\n\t<meta property=\"og:image:type\" content=\"image\/jpeg\" \/>\n<meta name=\"twitter:card\" content=\"summary_large_image\" \/>\n<meta name=\"twitter:site\" content=\"@techmastervn\" \/>\n<meta name=\"twitter:label1\" content=\"Price\" \/>\n\t<meta name=\"twitter:data1\" content=\"Call for Price\" \/>\n\t<meta name=\"twitter:label2\" content=\"Availability\" \/>\n\t<meta name=\"twitter:data2\" content=\"In stock\" \/>\n<script type=\"application\/ld+json\" class=\"yoast-schema-graph\">{\"@context\":\"https:\/\/schema.org\",\"@graph\":[{\"@type\":\"WebPage\",\"@id\":\"https:\/\/techmaster.com.vn\/en\/milwaukee-70mm-hole-dozer-holesaw\/\",\"url\":\"https:\/\/techmaster.com.vn\/en\/milwaukee-70mm-hole-dozer-holesaw\/\",\"name\":\"MILWAUKEE 70MM HOLE DOZER HOLESAW - Techmaster Electronics JSC\",\"isPartOf\":{\"@id\":\"https:\/\/techmaster.com.vn\/en\/#website\"},\"primaryImageOfPage\":{\"@id\":\"https:\/\/techmaster.com.vn\/en\/milwaukee-70mm-hole-dozer-holesaw\/#primaryimage\"},\"image\":{\"@id\":\"https:\/\/techmaster.com.vn\/en\/milwaukee-70mm-hole-dozer-holesaw\/#primaryimage\"},\"thumbnailUrl\":\"https:\/\/techmaster.com.vn\/wp-content\/uploads\/2020\/12\/luoi-khoet-lo-70mm.jpg\",\"datePublished\":\"2020-12-07T06:57:54+00:00\",\"dateModified\":\"2022-04-28T07:56:46+00:00\",\"description\":\"The Milwaukee 70mm Hole Dozer Holesaw - Cutting edge technology for maximum productivity. Diagonal slots aid the removal and ejection of the core.\",\"breadcrumb\":{\"@id\":\"https:\/\/techmaster.com.vn\/en\/milwaukee-70mm-hole-dozer-holesaw\/#breadcrumb\"},\"inLanguage\":\"en-US\",\"potentialAction\":[{\"@type\":\"ReadAction\",\"target\":[\"https:\/\/techmaster.com.vn\/en\/milwaukee-70mm-hole-dozer-holesaw\/\"]}]},{\"@type\":\"ImageObject\",\"inLanguage\":\"en-US\",\"@id\":\"https:\/\/techmaster.com.vn\/en\/milwaukee-70mm-hole-dozer-holesaw\/#primaryimage\",\"url\":\"https:\/\/techmaster.com.vn\/wp-content\/uploads\/2020\/12\/luoi-khoet-lo-70mm.jpg\",\"contentUrl\":\"https:\/\/techmaster.com.vn\/wp-content\/uploads\/2020\/12\/luoi-khoet-lo-70mm.jpg\",\"width\":450,\"height\":450,\"caption\":\"L\u01b0\u1ee1i kho\u00e9t l\u1ed7 Milwaukee 70mm\"},{\"@type\":\"BreadcrumbList\",\"@id\":\"https:\/\/techmaster.com.vn\/en\/milwaukee-70mm-hole-dozer-holesaw\/#breadcrumb\",\"itemListElement\":[{\"@type\":\"ListItem\",\"position\":1,\"name\":\"Trang ch\u1ee7\",\"item\":\"https:\/\/techmaster.com.vn\/en\/\"},{\"@type\":\"ListItem\",\"position\":2,\"name\":\"Shop\",\"item\":\"https:\/\/techmaster.com.vn\/san-pham\/\"},{\"@type\":\"ListItem\",\"position\":3,\"name\":\"MILWAUKEE 70MM HOLE DOZER HOLESAW\"}]},{\"@type\":\"WebSite\",\"@id\":\"https:\/\/techmaster.com.vn\/en\/#website\",\"url\":\"https:\/\/techmaster.com.vn\/en\/\",\"name\":\"Techmaster Electronics JSC\",\"description\":\"\",\"publisher\":{\"@id\":\"https:\/\/techmaster.com.vn\/en\/#organization\"},\"potentialAction\":[{\"@type\":\"SearchAction\",\"target\":{\"@type\":\"EntryPoint\",\"urlTemplate\":\"https:\/\/techmaster.com.vn\/en\/?s={search_term_string}\"},\"query-input\":{\"@type\":\"PropertyValueSpecification\",\"valueRequired\":true,\"valueName\":\"search_term_string\"}}],\"inLanguage\":\"en-US\"},{\"@type\":[\"Organization\",\"Place\"],\"@id\":\"https:\/\/techmaster.com.vn\/en\/#organization\",\"name\":\"Techmaster Electronics JSC\",\"url\":\"https:\/\/techmaster.com.vn\/en\/\",\"logo\":{\"@id\":\"https:\/\/techmaster.com.vn\/en\/milwaukee-70mm-hole-dozer-holesaw\/#local-main-organization-logo\"},\"image\":{\"@id\":\"https:\/\/techmaster.com.vn\/en\/milwaukee-70mm-hole-dozer-holesaw\/#local-main-organization-logo\"},\"sameAs\":[\"https:\/\/www.facebook.com\/techmaster.electronics.jsc\",\"https:\/\/x.com\/techmastervn\",\"https:\/\/www.instagram.com\/techmastervietnam\",\"https:\/\/myspace.com\/techmastervietnam\",\"https:\/\/www.youtube.com\/c\/TechmasterElectronicsJSC\",\"https:\/\/www.pinterest.com\/techmasterelectronicsjsc\/\",\"https:\/\/vi.wikipedia.org\/wiki\/Th\u00e0nh_vi\u00ean:Techmastervietnam\",\"https:\/\/twitter.com\/techmastervn\",\"https:\/\/www.linkedin.com\/company\/techmaster-vietnam\/\"],\"telephone\":[],\"contactPoint\":{\"@type\":\"ContactPoint\",\"email\":\"marketing@techmaster.com.vn\"},\"openingHoursSpecification\":[{\"@type\":\"OpeningHoursSpecification\",\"dayOfWeek\":[\"Monday\",\"Tuesday\",\"Wednesday\",\"Thursday\",\"Friday\",\"Saturday\",\"Sunday\"],\"opens\":\"09:00\",\"closes\":\"17:00\"}],\"email\":\"marketing@techmaster.com.vn\",\"areaServed\":\"Vietnam\"},{\"@type\":\"ImageObject\",\"inLanguage\":\"en-US\",\"@id\":\"https:\/\/techmaster.com.vn\/en\/milwaukee-70mm-hole-dozer-holesaw\/#local-main-organization-logo\",\"url\":\"https:\/\/techmaster.com.vn\/wp-content\/uploads\/2021\/04\/techmaster-logo-homepage.png\",\"contentUrl\":\"https:\/\/techmaster.com.vn\/wp-content\/uploads\/2021\/04\/techmaster-logo-homepage.png\",\"width\":335,\"height\":62,\"caption\":\"Techmaster Electronics JSC\"}]}<\/script>\n<meta property=\"product:price:amount\" content=\"0\" \/>\n<meta property=\"product:price:currency\" content=\"VND\" \/>\n<meta property=\"og:availability\" content=\"instock\" \/>\n<meta property=\"product:availability\" content=\"instock\" \/>\n<meta property=\"product:condition\" content=\"new\" \/>\n<!-- \/ Yoast SEO Premium plugin. -->","yoast_head_json":{"title":"MILWAUKEE 70MM HOLE DOZER HOLESAW - Techmaster Electronics JSC","description":"The Milwaukee 70mm Hole Dozer Holesaw - Cutting edge technology for maximum productivity. Diagonal slots aid the removal and ejection of the core.","robots":{"index":"index","follow":"follow","max-snippet":"max-snippet:-1","max-image-preview":"max-image-preview:large","max-video-preview":"max-video-preview:-1"},"canonical":"https:\/\/techmaster.com.vn\/en\/milwaukee-70mm-hole-dozer-holesaw\/","og_locale":"en_US","og_type":"article","og_title":"MILWAUKEE 70MM HOLE DOZER HOLESAW","og_description":"The Milwaukee 70mm Hole Dozer Holesaw - Cutting edge technology for maximum productivity. Diagonal slots aid the removal and ejection of the core.","og_url":"https:\/\/techmaster.com.vn\/en\/milwaukee-70mm-hole-dozer-holesaw\/","og_site_name":"Techmaster Electronics JSC","article_publisher":"https:\/\/www.facebook.com\/techmaster.electronics.jsc","article_modified_time":"2022-04-28T07:56:46+00:00","og_image":[{"width":450,"height":450,"url":"https:\/\/techmaster.com.vn\/wp-content\/uploads\/2020\/12\/luoi-khoet-lo-70mm.jpg","type":"image\/jpeg"}],"twitter_card":"summary_large_image","twitter_site":"@techmastervn","twitter_misc":{"Price":"Call for Price","Availability":"In stock"},"schema":{"@context":"https:\/\/schema.org","@graph":[{"@type":"WebPage","@id":"https:\/\/techmaster.com.vn\/en\/milwaukee-70mm-hole-dozer-holesaw\/","url":"https:\/\/techmaster.com.vn\/en\/milwaukee-70mm-hole-dozer-holesaw\/","name":"MILWAUKEE 70MM HOLE DOZER HOLESAW - Techmaster Electronics JSC","isPartOf":{"@id":"https:\/\/techmaster.com.vn\/en\/#website"},"primaryImageOfPage":{"@id":"https:\/\/techmaster.com.vn\/en\/milwaukee-70mm-hole-dozer-holesaw\/#primaryimage"},"image":{"@id":"https:\/\/techmaster.com.vn\/en\/milwaukee-70mm-hole-dozer-holesaw\/#primaryimage"},"thumbnailUrl":"https:\/\/techmaster.com.vn\/wp-content\/uploads\/2020\/12\/luoi-khoet-lo-70mm.jpg","datePublished":"2020-12-07T06:57:54+00:00","dateModified":"2022-04-28T07:56:46+00:00","description":"The Milwaukee 70mm Hole Dozer Holesaw - Cutting edge technology for maximum productivity. Diagonal slots aid the removal and ejection of the core.","breadcrumb":{"@id":"https:\/\/techmaster.com.vn\/en\/milwaukee-70mm-hole-dozer-holesaw\/#breadcrumb"},"inLanguage":"en-US","potentialAction":[{"@type":"ReadAction","target":["https:\/\/techmaster.com.vn\/en\/milwaukee-70mm-hole-dozer-holesaw\/"]}]},{"@type":"ImageObject","inLanguage":"en-US","@id":"https:\/\/techmaster.com.vn\/en\/milwaukee-70mm-hole-dozer-holesaw\/#primaryimage","url":"https:\/\/techmaster.com.vn\/wp-content\/uploads\/2020\/12\/luoi-khoet-lo-70mm.jpg","contentUrl":"https:\/\/techmaster.com.vn\/wp-content\/uploads\/2020\/12\/luoi-khoet-lo-70mm.jpg","width":450,"height":450,"caption":"L\u01b0\u1ee1i kho\u00e9t l\u1ed7 Milwaukee 70mm"},{"@type":"BreadcrumbList","@id":"https:\/\/techmaster.com.vn\/en\/milwaukee-70mm-hole-dozer-holesaw\/#breadcrumb","itemListElement":[{"@type":"ListItem","position":1,"name":"Trang ch\u1ee7","item":"https:\/\/techmaster.com.vn\/en\/"},{"@type":"ListItem","position":2,"name":"Shop","item":"https:\/\/techmaster.com.vn\/san-pham\/"},{"@type":"ListItem","position":3,"name":"MILWAUKEE 70MM HOLE DOZER HOLESAW"}]},{"@type":"WebSite","@id":"https:\/\/techmaster.com.vn\/en\/#website","url":"https:\/\/techmaster.com.vn\/en\/","name":"Techmaster Electronics JSC","description":"","publisher":{"@id":"https:\/\/techmaster.com.vn\/en\/#organization"},"potentialAction":[{"@type":"SearchAction","target":{"@type":"EntryPoint","urlTemplate":"https:\/\/techmaster.com.vn\/en\/?s={search_term_string}"},"query-input":{"@type":"PropertyValueSpecification","valueRequired":true,"valueName":"search_term_string"}}],"inLanguage":"en-US"},{"@type":["Organization","Place"],"@id":"https:\/\/techmaster.com.vn\/en\/#organization","name":"Techmaster Electronics JSC","url":"https:\/\/techmaster.com.vn\/en\/","logo":{"@id":"https:\/\/techmaster.com.vn\/en\/milwaukee-70mm-hole-dozer-holesaw\/#local-main-organization-logo"},"image":{"@id":"https:\/\/techmaster.com.vn\/en\/milwaukee-70mm-hole-dozer-holesaw\/#local-main-organization-logo"},"sameAs":["https:\/\/www.facebook.com\/techmaster.electronics.jsc","https:\/\/x.com\/techmastervn","https:\/\/www.instagram.com\/techmastervietnam","https:\/\/myspace.com\/techmastervietnam","https:\/\/www.youtube.com\/c\/TechmasterElectronicsJSC","https:\/\/www.pinterest.com\/techmasterelectronicsjsc\/","https:\/\/vi.wikipedia.org\/wiki\/Th\u00e0nh_vi\u00ean:Techmastervietnam","https:\/\/twitter.com\/techmastervn","https:\/\/www.linkedin.com\/company\/techmaster-vietnam\/"],"telephone":[],"contactPoint":{"@type":"ContactPoint","email":"marketing@techmaster.com.vn"},"openingHoursSpecification":[{"@type":"OpeningHoursSpecification","dayOfWeek":["Monday","Tuesday","Wednesday","Thursday","Friday","Saturday","Sunday"],"opens":"09:00","closes":"17:00"}],"email":"marketing@techmaster.com.vn","areaServed":"Vietnam"},{"@type":"ImageObject","inLanguage":"en-US","@id":"https:\/\/techmaster.com.vn\/en\/milwaukee-70mm-hole-dozer-holesaw\/#local-main-organization-logo","url":"https:\/\/techmaster.com.vn\/wp-content\/uploads\/2021\/04\/techmaster-logo-homepage.png","contentUrl":"https:\/\/techmaster.com.vn\/wp-content\/uploads\/2021\/04\/techmaster-logo-homepage.png","width":335,"height":62,"caption":"Techmaster Electronics JSC"}]},"product_price_currency":"VND","og_availability":"instock","product_availability":"instock","product_condition":"new"},"_links":{"self":[{"href":"https:\/\/techmaster.com.vn\/en\/wp-json\/wp\/v2\/product\/16592","targetHints":{"allow":["GET"]}}],"collection":[{"href":"https:\/\/techmaster.com.vn\/en\/wp-json\/wp\/v2\/product"}],"about":[{"href":"https:\/\/techmaster.com.vn\/en\/wp-json\/wp\/v2\/types\/product"}],"replies":[{"embeddable":true,"href":"https:\/\/techmaster.com.vn\/en\/wp-json\/wp\/v2\/comments?post=16592"}],"wp:featuredmedia":[{"embeddable":true,"href":"https:\/\/techmaster.com.vn\/en\/wp-json\/wp\/v2\/media\/3436"}],"wp:attachment":[{"href":"https:\/\/techmaster.com.vn\/en\/wp-json\/wp\/v2\/media?parent=16592"}],"wp:term":[{"taxonomy":"product_brand","embeddable":true,"href":"https:\/\/techmaster.com.vn\/en\/wp-json\/wp\/v2\/product_brand?post=16592"},{"taxonomy":"product_cat","embeddable":true,"href":"https:\/\/techmaster.com.vn\/en\/wp-json\/wp\/v2\/product_cat?post=16592"},{"taxonomy":"product_tag","embeddable":true,"href":"https:\/\/techmaster.com.vn\/en\/wp-json\/wp\/v2\/product_tag?post=16592"}],"curies":[{"name":"wp","href":"https:\/\/api.w.org\/{rel}","templated":true}]}}