{"id":16189,"date":"2020-12-12T11:21:36","date_gmt":"2020-12-12T04:21:36","guid":{"rendered":"https:\/\/techmaster.com.vn\/bo-nguon-dc-co-the-lap-trinh-da-dau-ra-gw-instek-gpp-4323\/"},"modified":"2021-08-09T10:16:23","modified_gmt":"2021-08-09T03:16:23","slug":"gw-instek-gpp-4323-d-c-power-supply-multi-output-programmable","status":"publish","type":"product","link":"https:\/\/techmaster.com.vn\/en\/gw-instek-gpp-4323-d-c-power-supply-multi-output-programmable\/","title":{"rendered":"GW Instek GPP-4323 D.C Power Supply (Multi-output Programmable)"},"content":{"rendered":"<p class=\"uppercase\"><strong>specifications GW Instek GPP-4323 D.C Power Supply Multi-Output Programmable\u00a0<\/strong><\/p>\n<div class=\"page\" title=\"Page 1\">\n<div class=\"layoutArea\">\n<div class=\"column\">\n<p><em>The specifications apply under the following conditions: The GPP-Series is powered on for at least 30 minutes, within +20\u00b0C~+30\u00b0C.<\/em><\/p>\n<\/div>\n<\/div>\n<\/div>\n<p><strong>Output Mode\u00a0\u00a0<\/strong><\/p>\n<p>Number of Channel: CH1 CH2 CH3 CH4<\/p>\n<p>+ Voltage:<\/p>\n<p>CH1:\u00a00~32V<\/p>\n<p>CH2:\u00a0\u00a00~32V<\/p>\n<p>CH3:\u00a00~5V<\/p>\n<p>CH4:\u00a00~15V<\/p>\n<p>+ Current:<\/p>\n<p>CH1:\u00a00~3A<\/p>\n<p>CH2:\u00a0\u00a00~3A<\/p>\n<p>CH3:\u00a00~1A<\/p>\n<p>CH4:\u00a00~1A<\/p>\n<p>+ Tracking Series Voltage:<\/p>\n<p>CH1 &amp; CH2:\u00a00~64V<\/p>\n<p>+ Tracking Parallel Current:<\/p>\n<p>CH1 &amp; CH2:\u00a00~6A<\/p>\n<p><strong>Constant Voltage Operation\u00a0<\/strong><\/p>\n<p>+ Line Regulation:\u00a0\u22660.01%+3mV<\/p>\n<p>+ Load Regulation:<\/p>\n<p>\u22660.01%+3mV(rating current\u22643A)<\/p>\n<p>\u22660.02%+5mV(rating current &gt; 3A)<\/p>\n<p>+ Ripple &amp; Noise(5Hz &#8211; 1MHz):<\/p>\n<p>CH1 &amp; CH2:\u00a0\u2264350\u03bcVrms<\/p>\n<p>CH3 &amp; CH4:\u00a0\u22641mVrms<\/p>\n<p>+ Recovery Time:\u00a0\u226650\u03bcs<\/p>\n<p><strong>Constant Current Operation<\/strong><\/p>\n<p>+ Line Regulation: \u22660.2%+3mA<\/p>\n<p>+ Load Regulation: \u22660.2%+3mA<\/p>\n<p>+ Ripple &amp; Noise:\u00a0\u22662mArms<\/p>\n<p><strong>Programming Resolution\u00a0<\/strong><\/p>\n<p>+ Programming voltage resolution: 1mV<\/p>\n<p>+ Programming current resolution: 0.1mA<\/p>\n<p><strong>Tracking Operation(CH1,CH2)\u00a0\u00a0<\/strong><\/p>\n<p>+ Tracking Error: \u22660.1%+10mV of Master(0~32V, No Load , with Load add load regulation\u2266100mV)<\/p>\n<p>+ Parallel Regulation:<\/p>\n<p>Line: \u22660.01%+3mV<\/p>\n<p>Load:<\/p>\n<p>\u22660.01%+3mV(rating current\u22663A)<\/p>\n<p>\u22660.02%+5mV(rating current\uff1e3A)<\/p>\n<p>+ Series Regulation:<\/p>\n<p>Line: \u22660.01%+5mV<\/p>\n<p>Load: \u2266100mV<\/p>\n<p>+ Ripple &amp; Noise(5Hz &#8211; 1MHz): \u22641mVrms<\/p>\n<p><strong>CH3 Operation for (3323)<\/strong><\/p>\n<p>+ Output Voltage: 1.8V\/2.5V\/3.3V\/5.0V, \u00b15%<\/p>\n<p>+ Output Current: 5A<\/p>\n<p>+ Line Regulation: \u22663mV<\/p>\n<p>+ Load Regulation: \u22665mV<\/p>\n<p>+ Ripple &amp; Noise: 2mVrms(5Hz~1MHz)<\/p>\n<p>+ Transient recovery time: 100us<\/p>\n<p>+ USB Port Output: 1.8V\/2.5V\/3.3V\/5.0V, \u00b10.35V, 3A<\/p>\n<p><strong>Meter\u00a0<\/strong><\/p>\n<p>+ Voltage Resolution: 0.1mV<\/p>\n<p>+ Current Resolution: 0.1mA<\/p>\n<p>+ Setting Accuracy:<\/p>\n<p>\u2264\u00b1(0.03% + 10mV)<\/p>\n<p>\u2264\u00b1(0.30% + 10mA)<\/p>\n<p>+ Readback Accuracy:<\/p>\n<p>\u2264\u00b1(0.03% + 10mV)<\/p>\n<p>\u2264\u00b1(0.30% + 10mA)<\/p>\n<p><strong>DC load Characteristic\u00a0<\/strong><\/p>\n<p>+ Channel: 2<\/p>\n<p>Display power: 0~50.00W<\/p>\n<p>Display voltage: 1~33.00V<\/p>\n<p>Display current: 0~3.200A<\/p>\n<p>+ CV mode setting Range: 1.500V ~ 33.00V<\/p>\n<p>Resolution: 10mV<\/p>\n<p>Set Accuracy: \u22660.1%+30mV<\/p>\n<p>Read Accuracy: \u22660.1%+30mV<\/p>\n<p>+ CC mode setting Range: 0 ~ 3.200A<\/p>\n<p>Resolution: 1mA<\/p>\n<p>Set Accuracy: \u22660.3%+10mA<\/p>\n<p>Read Accuracy: \u22660.3%+10mA<\/p>\n<p>+ CR mode setting Range: 1 ~ 1K ohm<\/p>\n<p>Resolution: 1 ohm<\/p>\n<p>Set Accuracy: \u22660.3%+1 ohm (Voltage\u2267<\/p>\n<p>Read Accuracy: 0.1V, and current\u2267 0.1A)<\/p>\n<p><strong>Insulation<\/strong><\/p>\n<p>+ Chassis and Terminal: 20M\u03a9 or above (DC 500V)<\/p>\n<p>+ Chassis and AC Cord: 30M\u03a9 or above (DC 500V)<\/p>\n<p><strong>Environment Condition<\/strong><\/p>\n<p>+ Operation Temp: 0~40\u2103<\/p>\n<p>+ Storage Temp: -10~70\u2103<\/p>\n<p>+ Operating Humidity: \u226680% RH<\/p>\n<p>+ Storage Humidity: \u226670% RH<\/p>\n<p><strong>Other<\/strong><\/p>\n<p>+ Power Source: AC100V\/120V\/220V\/230V\u00b110%; 50\/60Hz<\/p>\n<p>+ Dimensions &amp; Weight: 213(W)x 145(H) x 312(D) mm ; Approx. 7.5kg<\/p>\n<h2><strong>Introduction GW Instek GPP-4323 D.C Power Supply<\/strong><\/h2>\n<p style=\"text-align: justify;\">With the maximum output power of 217W, <a href=\"https:\/\/techmaster.com.vn\/en\/gw-instek-gps-3030-d-c-power-supply-linear\/\">GW Instek GPP-4323 D.C power supply<\/a> multi-channel programmable , includes four models: GPP-1326 (0~32V\/0~6A) for single-channel output and GPP-2323 for dual-channel output (CH1:0~32V\/0~3A, CH2: 0~32V\/0~3A), GPP-3323 for three-channel output (CH1: 0~32V\/0~3A, CH2:0~32V\/0~3A, CH3: 1.8V, 2.5V, 3.3V, 5.0V\/5A) and GPP-4323 for four-channel output (CH1:0~32V\/0~3A, CH2:0~32V\/0~3A, CH3:0~5V\/0 ~1A, CH4: 0~15V\/0~1A). This series not only provides high program resolution (1mV\/0.1mA) and read back resolution (0.1mV\/0.1mA), but also features optimal low-ripple noise characteristics \u2266350uVrms\/\u22662mArms and output transient recovery capability\u226650S. Independent output on-off switch is provided for each channel.<\/p>\n<h2><strong>Features GW Instek GPP-4323<\/strong><\/h2>\n<p><span class=\"li_text_color\">&#8211; 4.3\u201dTFT LCD Display<\/span><br \/>\n<span class=\"li_text_color\">&#8211; Supports Setting Value, Measurement Value and Output Waveform Display<\/span><br \/>\n<span class=\"li_text_color\">&#8211; Load Function (CC, CV, CR Mode)<\/span><br \/>\n<span class=\"li_text_color\">&#8211; Setting Resolution: 1mV \/ 0.1mA; Read Back Resolution: 0.1mV \/ 0.1mA<\/span><br \/>\n<span class=\"li_text_color\">&#8211; Low Ripple Noise: \u2266350uVrms\/ \u22662mArms<\/span><br \/>\n<span class=\"li_text_color\">&#8211; Transient Response Time: \u226650uS<\/span><br \/>\n<span class=\"li_text_color\">&#8211; Utilizing Hardware to Realize Over Voltage Protection \/ Over Current Protection \/ Over Temperature Protection<\/span><br \/>\n<span class=\"li_text_color\">&#8211; Delay Function \/ Output Monitoring Function \/ Output Recorder Function<\/span><br \/>\n<span class=\"li_text_color\">&#8211; Intelligent Temperature Control Fan Effectively Reduces Noise<\/span><br \/>\n<span class=\"li_text_color\">&#8211; Sequential Output Function and Built-in 8 Template Waveforms<\/span><br \/>\n<span class=\"li_text_color\">&#8211; The Output Recorder Function Records The Output Voltage &amp; Current Parameters with A Minimum Recording Interval of 1 Second.<\/span><br \/>\n<span class=\"li_text_color\">&#8211; Provides 10 Sets of Memory for Each Sequence\/Delay\/Recorder\/Panel Setting Condition<\/span><br \/>\n<span class=\"li_text_color\">&#8211; Standard: RS-232, USB, Ext I\/O ; Optional: LAN, GPIB+LAN<\/span><br \/>\n<span class=\"li_text_color\">&#8211; Compatible with Commands of GPD-x303S Series<\/span><\/p>\n","protected":false},"excerpt":{"rendered":"<h2 class=\"features_text\"><strong>Features<\/strong><\/h2>\n<div id=\"product_list_info_target\" class=\"product_point\">\n<ul>\n<li><span class=\"li_text_color\">4.3\u201dTFT LCD Display<\/span><\/li>\n<li><span class=\"li_text_color\">Supports Setting Value, Measurement Value and Output Waveform Display<\/span><\/li>\n<li><span class=\"li_text_color\">Load Function (CC, CV, CR Mode)<\/span><\/li>\n<li><span class=\"li_text_color\">Setting Resolution: 1mV \/ 0.1mA; Read Back Resolution: 0.1mV \/ 0.1mA<\/span><\/li>\n<li><span class=\"li_text_color\">Low Ripple Noise: \u2266350uVrms\/ \u22662mArms<\/span><\/li>\n<\/ul>\n<\/div>\n","protected":false},"featured_media":5220,"comment_status":"open","ping_status":"closed","template":"","meta":[],"product_brand":[],"product_cat":[274,304],"product_tag":[],"class_list":{"0":"post-16189","1":"product","2":"type-product","3":"status-publish","4":"has-post-thumbnail","6":"product_cat-electrical-measuring-instruments","7":"product_cat-dc-power-supplies","9":"first","10":"instock","11":"shipping-taxable","12":"product-type-simple"},"yoast_head":"<!-- This site is optimized with the Yoast SEO Premium plugin v26.8 (Yoast SEO v26.8) - https:\/\/yoast.com\/product\/yoast-seo-premium-wordpress\/ -->\n<title>GW Instek GPP-4323 D.C Power Supply (Multi-output Programmable) - Techmaster Electronics JSC<\/title>\n<meta name=\"description\" content=\"GW Instek GPP-4323 D.C Power Supply Multi-Output Programmable for four-channel output (CH1:0~32V\/0~3A, CH2:0~32V\/0~3A, CH3:0~5V\/0 ~1A, CH4:0~15V\/0~1A).\" \/>\n<meta name=\"robots\" content=\"index, follow, max-snippet:-1, max-image-preview:large, max-video-preview:-1\" \/>\n<link rel=\"canonical\" href=\"https:\/\/techmaster.com.vn\/en\/gw-instek-gpp-4323-d-c-power-supply-multi-output-programmable\/\" \/>\n<meta property=\"og:locale\" content=\"en_US\" \/>\n<meta property=\"og:type\" content=\"article\" \/>\n<meta property=\"og:title\" content=\"GW Instek GPP-4323 D.C Power Supply (Multi-output Programmable)\" \/>\n<meta property=\"og:description\" content=\"GW Instek GPP-4323 D.C Power Supply Multi-Output Programmable for four-channel output (CH1:0~32V\/0~3A, CH2:0~32V\/0~3A, CH3:0~5V\/0 ~1A, CH4:0~15V\/0~1A).\" \/>\n<meta property=\"og:url\" content=\"https:\/\/techmaster.com.vn\/en\/gw-instek-gpp-4323-d-c-power-supply-multi-output-programmable\/\" \/>\n<meta property=\"og:site_name\" content=\"Techmaster Electronics JSC\" \/>\n<meta property=\"article:publisher\" content=\"https:\/\/www.facebook.com\/techmaster.electronics.jsc\" \/>\n<meta property=\"article:modified_time\" content=\"2021-08-09T03:16:23+00:00\" \/>\n<meta property=\"og:image\" content=\"https:\/\/techmaster.com.vn\/wp-content\/uploads\/2020\/12\/bo-nguon-dc-co-the-lap-trinh-da-dau-ra-gw-instek-gpp-4323.jpg\" \/>\n\t<meta property=\"og:image:width\" content=\"450\" \/>\n\t<meta property=\"og:image:height\" content=\"450\" \/>\n\t<meta property=\"og:image:type\" content=\"image\/jpeg\" \/>\n<meta name=\"twitter:card\" content=\"summary_large_image\" \/>\n<meta name=\"twitter:site\" content=\"@techmastervn\" \/>\n<meta name=\"twitter:label1\" content=\"Price\" \/>\n\t<meta name=\"twitter:data1\" content=\"Call for Price\" \/>\n\t<meta name=\"twitter:label2\" content=\"Availability\" \/>\n\t<meta name=\"twitter:data2\" content=\"In stock\" \/>\n<script type=\"application\/ld+json\" class=\"yoast-schema-graph\">{\"@context\":\"https:\/\/schema.org\",\"@graph\":[{\"@type\":\"WebPage\",\"@id\":\"https:\/\/techmaster.com.vn\/en\/gw-instek-gpp-4323-d-c-power-supply-multi-output-programmable\/\",\"url\":\"https:\/\/techmaster.com.vn\/en\/gw-instek-gpp-4323-d-c-power-supply-multi-output-programmable\/\",\"name\":\"GW Instek GPP-4323 D.C Power Supply (Multi-output Programmable) - Techmaster Electronics JSC\",\"isPartOf\":{\"@id\":\"https:\/\/techmaster.com.vn\/en\/#website\"},\"primaryImageOfPage\":{\"@id\":\"https:\/\/techmaster.com.vn\/en\/gw-instek-gpp-4323-d-c-power-supply-multi-output-programmable\/#primaryimage\"},\"image\":{\"@id\":\"https:\/\/techmaster.com.vn\/en\/gw-instek-gpp-4323-d-c-power-supply-multi-output-programmable\/#primaryimage\"},\"thumbnailUrl\":\"https:\/\/techmaster.com.vn\/wp-content\/uploads\/2020\/12\/bo-nguon-dc-co-the-lap-trinh-da-dau-ra-gw-instek-gpp-4323.jpg\",\"datePublished\":\"2020-12-12T04:21:36+00:00\",\"dateModified\":\"2021-08-09T03:16:23+00:00\",\"description\":\"GW Instek GPP-4323 D.C Power Supply Multi-Output Programmable for four-channel output (CH1:0~32V\/0~3A, CH2:0~32V\/0~3A, CH3:0~5V\/0 ~1A, CH4:0~15V\/0~1A).\",\"breadcrumb\":{\"@id\":\"https:\/\/techmaster.com.vn\/en\/gw-instek-gpp-4323-d-c-power-supply-multi-output-programmable\/#breadcrumb\"},\"inLanguage\":\"en-US\",\"potentialAction\":[{\"@type\":\"ReadAction\",\"target\":[\"https:\/\/techmaster.com.vn\/en\/gw-instek-gpp-4323-d-c-power-supply-multi-output-programmable\/\"]}]},{\"@type\":\"ImageObject\",\"inLanguage\":\"en-US\",\"@id\":\"https:\/\/techmaster.com.vn\/en\/gw-instek-gpp-4323-d-c-power-supply-multi-output-programmable\/#primaryimage\",\"url\":\"https:\/\/techmaster.com.vn\/wp-content\/uploads\/2020\/12\/bo-nguon-dc-co-the-lap-trinh-da-dau-ra-gw-instek-gpp-4323.jpg\",\"contentUrl\":\"https:\/\/techmaster.com.vn\/wp-content\/uploads\/2020\/12\/bo-nguon-dc-co-the-lap-trinh-da-dau-ra-gw-instek-gpp-4323.jpg\",\"width\":450,\"height\":450,\"caption\":\"B\u1ed9 ngu\u1ed3n DC c\u00f3 th\u1ec3 l\u1eadp tr\u00ecnh \u0111a \u0111\u1ea7u ra GW Instek GPP-4323\"},{\"@type\":\"BreadcrumbList\",\"@id\":\"https:\/\/techmaster.com.vn\/en\/gw-instek-gpp-4323-d-c-power-supply-multi-output-programmable\/#breadcrumb\",\"itemListElement\":[{\"@type\":\"ListItem\",\"position\":1,\"name\":\"Trang ch\u1ee7\",\"item\":\"https:\/\/techmaster.com.vn\/en\/\"},{\"@type\":\"ListItem\",\"position\":2,\"name\":\"Shop\",\"item\":\"https:\/\/techmaster.com.vn\/san-pham\/\"},{\"@type\":\"ListItem\",\"position\":3,\"name\":\"GW Instek GPP-4323 D.C Power Supply (Multi-output Programmable)\"}]},{\"@type\":\"WebSite\",\"@id\":\"https:\/\/techmaster.com.vn\/en\/#website\",\"url\":\"https:\/\/techmaster.com.vn\/en\/\",\"name\":\"Techmaster Electronics JSC\",\"description\":\"\",\"publisher\":{\"@id\":\"https:\/\/techmaster.com.vn\/en\/#organization\"},\"potentialAction\":[{\"@type\":\"SearchAction\",\"target\":{\"@type\":\"EntryPoint\",\"urlTemplate\":\"https:\/\/techmaster.com.vn\/en\/?s={search_term_string}\"},\"query-input\":{\"@type\":\"PropertyValueSpecification\",\"valueRequired\":true,\"valueName\":\"search_term_string\"}}],\"inLanguage\":\"en-US\"},{\"@type\":[\"Organization\",\"Place\"],\"@id\":\"https:\/\/techmaster.com.vn\/en\/#organization\",\"name\":\"Techmaster Electronics JSC\",\"url\":\"https:\/\/techmaster.com.vn\/en\/\",\"logo\":{\"@id\":\"https:\/\/techmaster.com.vn\/en\/gw-instek-gpp-4323-d-c-power-supply-multi-output-programmable\/#local-main-organization-logo\"},\"image\":{\"@id\":\"https:\/\/techmaster.com.vn\/en\/gw-instek-gpp-4323-d-c-power-supply-multi-output-programmable\/#local-main-organization-logo\"},\"sameAs\":[\"https:\/\/www.facebook.com\/techmaster.electronics.jsc\",\"https:\/\/x.com\/techmastervn\",\"https:\/\/www.instagram.com\/techmastervietnam\",\"https:\/\/myspace.com\/techmastervietnam\",\"https:\/\/www.youtube.com\/c\/TechmasterElectronicsJSC\",\"https:\/\/www.pinterest.com\/techmasterelectronicsjsc\/\",\"https:\/\/vi.wikipedia.org\/wiki\/Th\u00e0nh_vi\u00ean:Techmastervietnam\",\"https:\/\/twitter.com\/techmastervn\",\"https:\/\/www.linkedin.com\/company\/techmaster-vietnam\/\"],\"telephone\":[],\"contactPoint\":{\"@type\":\"ContactPoint\",\"email\":\"marketing@techmaster.com.vn\"},\"openingHoursSpecification\":[{\"@type\":\"OpeningHoursSpecification\",\"dayOfWeek\":[\"Monday\",\"Tuesday\",\"Wednesday\",\"Thursday\",\"Friday\",\"Saturday\",\"Sunday\"],\"opens\":\"09:00\",\"closes\":\"17:00\"}],\"email\":\"marketing@techmaster.com.vn\",\"areaServed\":\"Vietnam\"},{\"@type\":\"ImageObject\",\"inLanguage\":\"en-US\",\"@id\":\"https:\/\/techmaster.com.vn\/en\/gw-instek-gpp-4323-d-c-power-supply-multi-output-programmable\/#local-main-organization-logo\",\"url\":\"https:\/\/techmaster.com.vn\/wp-content\/uploads\/2021\/04\/techmaster-logo-homepage.png\",\"contentUrl\":\"https:\/\/techmaster.com.vn\/wp-content\/uploads\/2021\/04\/techmaster-logo-homepage.png\",\"width\":335,\"height\":62,\"caption\":\"Techmaster Electronics JSC\"}]}<\/script>\n<meta property=\"product:price:amount\" content=\"0\" \/>\n<meta property=\"product:price:currency\" content=\"VND\" \/>\n<meta property=\"og:availability\" content=\"instock\" \/>\n<meta property=\"product:availability\" content=\"instock\" \/>\n<meta property=\"product:condition\" content=\"new\" \/>\n<!-- \/ Yoast SEO Premium plugin. -->","yoast_head_json":{"title":"GW Instek GPP-4323 D.C Power Supply (Multi-output Programmable) - Techmaster Electronics JSC","description":"GW Instek GPP-4323 D.C Power Supply Multi-Output Programmable for four-channel output (CH1:0~32V\/0~3A, CH2:0~32V\/0~3A, CH3:0~5V\/0 ~1A, CH4:0~15V\/0~1A).","robots":{"index":"index","follow":"follow","max-snippet":"max-snippet:-1","max-image-preview":"max-image-preview:large","max-video-preview":"max-video-preview:-1"},"canonical":"https:\/\/techmaster.com.vn\/en\/gw-instek-gpp-4323-d-c-power-supply-multi-output-programmable\/","og_locale":"en_US","og_type":"article","og_title":"GW Instek GPP-4323 D.C Power Supply (Multi-output Programmable)","og_description":"GW Instek GPP-4323 D.C Power Supply Multi-Output Programmable for four-channel output (CH1:0~32V\/0~3A, CH2:0~32V\/0~3A, CH3:0~5V\/0 ~1A, CH4:0~15V\/0~1A).","og_url":"https:\/\/techmaster.com.vn\/en\/gw-instek-gpp-4323-d-c-power-supply-multi-output-programmable\/","og_site_name":"Techmaster Electronics JSC","article_publisher":"https:\/\/www.facebook.com\/techmaster.electronics.jsc","article_modified_time":"2021-08-09T03:16:23+00:00","og_image":[{"width":450,"height":450,"url":"https:\/\/techmaster.com.vn\/wp-content\/uploads\/2020\/12\/bo-nguon-dc-co-the-lap-trinh-da-dau-ra-gw-instek-gpp-4323.jpg","type":"image\/jpeg"}],"twitter_card":"summary_large_image","twitter_site":"@techmastervn","twitter_misc":{"Price":"Call for Price","Availability":"In stock"},"schema":{"@context":"https:\/\/schema.org","@graph":[{"@type":"WebPage","@id":"https:\/\/techmaster.com.vn\/en\/gw-instek-gpp-4323-d-c-power-supply-multi-output-programmable\/","url":"https:\/\/techmaster.com.vn\/en\/gw-instek-gpp-4323-d-c-power-supply-multi-output-programmable\/","name":"GW Instek GPP-4323 D.C Power Supply (Multi-output Programmable) - Techmaster Electronics JSC","isPartOf":{"@id":"https:\/\/techmaster.com.vn\/en\/#website"},"primaryImageOfPage":{"@id":"https:\/\/techmaster.com.vn\/en\/gw-instek-gpp-4323-d-c-power-supply-multi-output-programmable\/#primaryimage"},"image":{"@id":"https:\/\/techmaster.com.vn\/en\/gw-instek-gpp-4323-d-c-power-supply-multi-output-programmable\/#primaryimage"},"thumbnailUrl":"https:\/\/techmaster.com.vn\/wp-content\/uploads\/2020\/12\/bo-nguon-dc-co-the-lap-trinh-da-dau-ra-gw-instek-gpp-4323.jpg","datePublished":"2020-12-12T04:21:36+00:00","dateModified":"2021-08-09T03:16:23+00:00","description":"GW Instek GPP-4323 D.C Power Supply Multi-Output Programmable for four-channel output (CH1:0~32V\/0~3A, CH2:0~32V\/0~3A, CH3:0~5V\/0 ~1A, CH4:0~15V\/0~1A).","breadcrumb":{"@id":"https:\/\/techmaster.com.vn\/en\/gw-instek-gpp-4323-d-c-power-supply-multi-output-programmable\/#breadcrumb"},"inLanguage":"en-US","potentialAction":[{"@type":"ReadAction","target":["https:\/\/techmaster.com.vn\/en\/gw-instek-gpp-4323-d-c-power-supply-multi-output-programmable\/"]}]},{"@type":"ImageObject","inLanguage":"en-US","@id":"https:\/\/techmaster.com.vn\/en\/gw-instek-gpp-4323-d-c-power-supply-multi-output-programmable\/#primaryimage","url":"https:\/\/techmaster.com.vn\/wp-content\/uploads\/2020\/12\/bo-nguon-dc-co-the-lap-trinh-da-dau-ra-gw-instek-gpp-4323.jpg","contentUrl":"https:\/\/techmaster.com.vn\/wp-content\/uploads\/2020\/12\/bo-nguon-dc-co-the-lap-trinh-da-dau-ra-gw-instek-gpp-4323.jpg","width":450,"height":450,"caption":"B\u1ed9 ngu\u1ed3n DC c\u00f3 th\u1ec3 l\u1eadp tr\u00ecnh \u0111a \u0111\u1ea7u ra GW Instek GPP-4323"},{"@type":"BreadcrumbList","@id":"https:\/\/techmaster.com.vn\/en\/gw-instek-gpp-4323-d-c-power-supply-multi-output-programmable\/#breadcrumb","itemListElement":[{"@type":"ListItem","position":1,"name":"Trang ch\u1ee7","item":"https:\/\/techmaster.com.vn\/en\/"},{"@type":"ListItem","position":2,"name":"Shop","item":"https:\/\/techmaster.com.vn\/san-pham\/"},{"@type":"ListItem","position":3,"name":"GW Instek GPP-4323 D.C Power Supply (Multi-output Programmable)"}]},{"@type":"WebSite","@id":"https:\/\/techmaster.com.vn\/en\/#website","url":"https:\/\/techmaster.com.vn\/en\/","name":"Techmaster Electronics JSC","description":"","publisher":{"@id":"https:\/\/techmaster.com.vn\/en\/#organization"},"potentialAction":[{"@type":"SearchAction","target":{"@type":"EntryPoint","urlTemplate":"https:\/\/techmaster.com.vn\/en\/?s={search_term_string}"},"query-input":{"@type":"PropertyValueSpecification","valueRequired":true,"valueName":"search_term_string"}}],"inLanguage":"en-US"},{"@type":["Organization","Place"],"@id":"https:\/\/techmaster.com.vn\/en\/#organization","name":"Techmaster Electronics JSC","url":"https:\/\/techmaster.com.vn\/en\/","logo":{"@id":"https:\/\/techmaster.com.vn\/en\/gw-instek-gpp-4323-d-c-power-supply-multi-output-programmable\/#local-main-organization-logo"},"image":{"@id":"https:\/\/techmaster.com.vn\/en\/gw-instek-gpp-4323-d-c-power-supply-multi-output-programmable\/#local-main-organization-logo"},"sameAs":["https:\/\/www.facebook.com\/techmaster.electronics.jsc","https:\/\/x.com\/techmastervn","https:\/\/www.instagram.com\/techmastervietnam","https:\/\/myspace.com\/techmastervietnam","https:\/\/www.youtube.com\/c\/TechmasterElectronicsJSC","https:\/\/www.pinterest.com\/techmasterelectronicsjsc\/","https:\/\/vi.wikipedia.org\/wiki\/Th\u00e0nh_vi\u00ean:Techmastervietnam","https:\/\/twitter.com\/techmastervn","https:\/\/www.linkedin.com\/company\/techmaster-vietnam\/"],"telephone":[],"contactPoint":{"@type":"ContactPoint","email":"marketing@techmaster.com.vn"},"openingHoursSpecification":[{"@type":"OpeningHoursSpecification","dayOfWeek":["Monday","Tuesday","Wednesday","Thursday","Friday","Saturday","Sunday"],"opens":"09:00","closes":"17:00"}],"email":"marketing@techmaster.com.vn","areaServed":"Vietnam"},{"@type":"ImageObject","inLanguage":"en-US","@id":"https:\/\/techmaster.com.vn\/en\/gw-instek-gpp-4323-d-c-power-supply-multi-output-programmable\/#local-main-organization-logo","url":"https:\/\/techmaster.com.vn\/wp-content\/uploads\/2021\/04\/techmaster-logo-homepage.png","contentUrl":"https:\/\/techmaster.com.vn\/wp-content\/uploads\/2021\/04\/techmaster-logo-homepage.png","width":335,"height":62,"caption":"Techmaster Electronics JSC"}]},"product_price_currency":"VND","og_availability":"instock","product_availability":"instock","product_condition":"new"},"_links":{"self":[{"href":"https:\/\/techmaster.com.vn\/en\/wp-json\/wp\/v2\/product\/16189","targetHints":{"allow":["GET"]}}],"collection":[{"href":"https:\/\/techmaster.com.vn\/en\/wp-json\/wp\/v2\/product"}],"about":[{"href":"https:\/\/techmaster.com.vn\/en\/wp-json\/wp\/v2\/types\/product"}],"replies":[{"embeddable":true,"href":"https:\/\/techmaster.com.vn\/en\/wp-json\/wp\/v2\/comments?post=16189"}],"wp:featuredmedia":[{"embeddable":true,"href":"https:\/\/techmaster.com.vn\/en\/wp-json\/wp\/v2\/media\/5220"}],"wp:attachment":[{"href":"https:\/\/techmaster.com.vn\/en\/wp-json\/wp\/v2\/media?parent=16189"}],"wp:term":[{"taxonomy":"product_brand","embeddable":true,"href":"https:\/\/techmaster.com.vn\/en\/wp-json\/wp\/v2\/product_brand?post=16189"},{"taxonomy":"product_cat","embeddable":true,"href":"https:\/\/techmaster.com.vn\/en\/wp-json\/wp\/v2\/product_cat?post=16189"},{"taxonomy":"product_tag","embeddable":true,"href":"https:\/\/techmaster.com.vn\/en\/wp-json\/wp\/v2\/product_tag?post=16189"}],"curies":[{"name":"wp","href":"https:\/\/api.w.org\/{rel}","templated":true}]}}