{"id":16138,"date":"2020-12-14T08:09:36","date_gmt":"2020-12-14T01:09:36","guid":{"rendered":"https:\/\/techmaster.com.vn\/may-do-dien-tro-dat-extech-382252\/"},"modified":"2021-06-17T10:21:33","modified_gmt":"2021-06-17T03:21:33","slug":"extech-382252-earth-ground-resistance-tester-kit","status":"publish","type":"product","link":"https:\/\/techmaster.com.vn\/en\/extech-382252-earth-ground-resistance-tester-kit\/","title":{"rendered":"EXTECH 382252 EARTH GROUND RESISTANCE TESTER KIT"},"content":{"rendered":"<p><strong>SPECIFICATIONS EXTECH 382252 EARTH GROUND RESISTANCE TESTER KIT<\/strong><\/p>\n<div class=\"page\" title=\"Page 8\">\n<div class=\"layoutArea\">\n<div class=\"column\">\n<p><strong>Earth Ground Resistance ranges:<\/strong> 20\u03a9\/ 200\u03a9\/2000\u03a9<\/p>\n<p><strong>Basic Accuracy:<\/strong>\u00a0 \u00b1(2%rdg+2d)<\/p>\n<p><strong>Resolution:<\/strong> 0.01\u03a9\/ 0.1\u03a9\/1\u03a9<\/p>\n<p><strong>Test Current \/ Frequency:<\/strong> &lt;2.5mA \/ 820Hz<\/p>\n<p><strong>AC Earth Voltage \/ Frequency:<\/strong> 0 to 200VAC \/ 50 to 400Hz<\/p>\n<p><strong>Accuracy:<\/strong> \u00b1(3%rdg+3d)<\/p>\n<p><strong>DC Voltage:<\/strong> 0 to 1000V<\/p>\n<p><strong>Accuracy:<\/strong> \u00b1(0.8%rdg+3d)<\/p>\n<p><strong>Resistance:<\/strong> 0 to 200k\u03a9<\/p>\n<p><strong>Accuracy:<\/strong>\u00a0 \u00b1(1%rdg+2d)<\/p>\n<p><strong>Continuity<\/strong>: 40\u03a9<\/p>\n<p><strong>Power supply:<\/strong> Six 1.5V \u2018AA\u2019 Batteries<\/p>\n<p><strong>Dimensions:<\/strong> 7.9 x 3.6 x 2&#8243; (200 x 92 x 50mm)<\/p>\n<p><strong>Weight:<\/strong> 1.5lbs (700g) (meter only)<\/p>\n<p><strong style=\"font-size: 23.040000915527344px;\">Introduction Extech 382252<\/strong><\/p>\n<\/div>\n<\/div>\n<\/div>\n<div>\n<div class=\"page\" title=\"Page 2\">\n<div class=\"layoutArea\">\n<div class=\"column\">\n<p style=\"text-align: justify;\">The 382252 is an Earth Ground Resistance Tester Kit which includes all hardware necessary to measure earth ground in 3 ranges from 20 to 2000 omega. Also tests AC\/DC Voltage, resistance and continuity. Featuring Automatic zero adjustment and three earth ground resistance ranges 20\u03a9\/200\u03a9\/2000\u03a9. Complete with test leads, 2 auxiliary earth bars, carrying case, protective rubber holster and six 1.5V AA batteries.<\/p>\n<\/div>\n<\/div>\n<\/div>\n<\/div>\n<div style=\"text-align: justify;\"><a href=\"https:\/\/techmaster.com.vn\/wp-content\/uploads\/2020\/12\/may-do-dien-tro-dat-extech-382252-6.jpg\"><img loading=\"lazy\" decoding=\"async\" class=\"alignnone size-full wp-image-13521\" src=\"https:\/\/techmaster.com.vn\/wp-content\/uploads\/2020\/12\/may-do-dien-tro-dat-extech-382252-6.jpg\" alt=\"M\u00e1y \u0111o \u0111i\u1ec7n tr\u1edf \u0111\u1ea5t Extech 382252 (8)\" width=\"772\" height=\"346\" \/><\/a><\/div>\n<h2><strong>Features <strong style=\"font-size: 23.040000915527344px;\">Extech 382252<\/strong><\/strong><\/h2>\n<div>\n<div class=\"page\" title=\"Page 1\">\n<div class=\"section\">\n<div class=\"layoutArea\">\n<div class=\"column\">\n<p>&#8211; Large dual display with backlight<\/p>\n<p><span style=\"color: #333333;\"><span style=\"caret-color: #333333;\">&#8211;\u00a0<\/span><\/span>Test Hold function for easy operation<\/p>\n<p><span style=\"color: #333333;\"><span style=\"caret-color: #333333;\">&#8211;\u00a0<\/span><\/span>Automatic Zero adjustment<\/p>\n<p><span style=\"color: #333333;\"><span style=\"caret-color: #333333;\">&#8211;\u00a0<\/span><\/span>AC\/DC Voltage, Resistance, and Continuity<\/p>\n<p><span style=\"color: #333333;\"><span style=\"caret-color: #333333;\">&#8211;\u00a0<\/span><\/span>Auto Power off<\/p>\n<p><span style=\"color: #333333;\"><span style=\"caret-color: #333333;\">&#8211;\u00a0<\/span><\/span>Overrange and low battery indication<\/p>\n<p><span style=\"color: #333333;\"><span style=\"caret-color: #333333;\">&#8211;\u00a0<\/span><\/span>Complete with test leads, 2 auxiliary earth bars, carrying case, protective rubber holster and six 1.5V AA batteries<\/p>\n<h2><strong>Extech Brand<\/strong><\/h2>\n<p>Extech Instruments was established in 1971, it has focused on Test and Measurement tools built for the professionals, tradesperson and DIY\u2019ers. When it comes to tools that help prevent, identify and troubleshoot problems in a plethora of applications; whether it\u2019s electrical, mechanical, maintenance, safety or environmental applications, Extech products are trusted by the professionals and are put to the test every day. With over 45 years, Extech is renowned as one of the largest manufacturers and suppliers of innovative, quality handheld test, measurement and inspection tools in the world. Sold in over 100 countries around the world, Extech\u2019s success is supported by a far-reaching network of dedicated and knowledgeable distributors who introduce new users to Extech every day.<\/p>\n<\/div>\n<\/div>\n<\/div>\n<\/div>\n<\/div>\n<div><\/div>\n","protected":false},"excerpt":{"rendered":"<h2><strong>Key Features:<\/strong><\/h2>\n<ul>\n<li><span style=\"font-size: 14.399999618530273px;\">\u00a0Large dual display with backlight<\/span><\/li>\n<li><span style=\"font-size: 14.399999618530273px;\">Test Hold function for easy operation<\/span><\/li>\n<li>Automatic Zero adjustment<\/li>\n<li>AC\/DC Voltage, Resistance, and Continuity<\/li>\n<li>Auto Power off, Overrange and low battery indication<\/li>\n<li>Complete with test leads, 2 auxiliary earth bars, carrying case, protective rubber holster and six 1.5V AA batteries<\/li>\n<\/ul>\n","protected":false},"featured_media":5485,"comment_status":"open","ping_status":"closed","template":"","meta":[],"product_brand":[],"product_cat":[274,303],"product_tag":[],"class_list":{"0":"post-16138","1":"product","2":"type-product","3":"status-publish","4":"has-post-thumbnail","6":"product_cat-electrical-measuring-instruments","7":"product_cat-earth-ground-tester","8":"pa_attribute-electricity","10":"first","11":"instock","12":"shipping-taxable","13":"product-type-grouped"},"yoast_head":"<!-- This site is optimized with the Yoast SEO Premium plugin v26.8 (Yoast SEO v26.8) - https:\/\/yoast.com\/product\/yoast-seo-premium-wordpress\/ -->\n<title>EXTECH 382252 EARTH GROUND RESISTANCE TESTER KIT - Techmaster Electronics JSC<\/title>\n<meta name=\"description\" content=\"The Extech 382252 is an Earth Ground Resistance Tester Kit which includes all hardware necessary to measure earth ground in 3 ranges from 20 to 2000\" \/>\n<meta name=\"robots\" content=\"index, follow, max-snippet:-1, max-image-preview:large, max-video-preview:-1\" \/>\n<link rel=\"canonical\" href=\"https:\/\/techmaster.com.vn\/en\/extech-382252-earth-ground-resistance-tester-kit\/\" \/>\n<meta property=\"og:locale\" content=\"en_US\" \/>\n<meta property=\"og:type\" content=\"article\" \/>\n<meta property=\"og:title\" content=\"EXTECH 382252 EARTH GROUND RESISTANCE TESTER KIT\" \/>\n<meta property=\"og:description\" content=\"The Extech 382252 is an Earth Ground Resistance Tester Kit which includes all hardware necessary to measure earth ground in 3 ranges from 20 to 2000\" \/>\n<meta property=\"og:url\" content=\"https:\/\/techmaster.com.vn\/en\/extech-382252-earth-ground-resistance-tester-kit\/\" \/>\n<meta property=\"og:site_name\" content=\"Techmaster Electronics JSC\" \/>\n<meta property=\"article:publisher\" content=\"https:\/\/www.facebook.com\/techmaster.electronics.jsc\" \/>\n<meta property=\"article:modified_time\" content=\"2021-06-17T03:21:33+00:00\" \/>\n<meta property=\"og:image\" content=\"https:\/\/techmaster.com.vn\/wp-content\/uploads\/2020\/12\/may-do-dien-tro-dat-extech-382252.jpg\" \/>\n\t<meta property=\"og:image:width\" content=\"450\" \/>\n\t<meta property=\"og:image:height\" content=\"450\" \/>\n\t<meta property=\"og:image:type\" content=\"image\/jpeg\" \/>\n<meta name=\"twitter:card\" content=\"summary_large_image\" \/>\n<meta name=\"twitter:site\" content=\"@techmastervn\" \/>\n<meta name=\"twitter:label1\" content=\"Availability\" \/>\n\t<meta name=\"twitter:data1\" content=\"In stock\" \/>\n<script type=\"application\/ld+json\" class=\"yoast-schema-graph\">{\"@context\":\"https:\/\/schema.org\",\"@graph\":[{\"@type\":\"WebPage\",\"@id\":\"https:\/\/techmaster.com.vn\/en\/extech-382252-earth-ground-resistance-tester-kit\/\",\"url\":\"https:\/\/techmaster.com.vn\/en\/extech-382252-earth-ground-resistance-tester-kit\/\",\"name\":\"EXTECH 382252 EARTH GROUND RESISTANCE TESTER KIT - Techmaster Electronics JSC\",\"isPartOf\":{\"@id\":\"https:\/\/techmaster.com.vn\/en\/#website\"},\"primaryImageOfPage\":{\"@id\":\"https:\/\/techmaster.com.vn\/en\/extech-382252-earth-ground-resistance-tester-kit\/#primaryimage\"},\"image\":{\"@id\":\"https:\/\/techmaster.com.vn\/en\/extech-382252-earth-ground-resistance-tester-kit\/#primaryimage\"},\"thumbnailUrl\":\"https:\/\/techmaster.com.vn\/wp-content\/uploads\/2020\/12\/may-do-dien-tro-dat-extech-382252.jpg\",\"datePublished\":\"2020-12-14T01:09:36+00:00\",\"dateModified\":\"2021-06-17T03:21:33+00:00\",\"description\":\"The Extech 382252 is an Earth Ground Resistance Tester Kit which includes all hardware necessary to measure earth ground in 3 ranges from 20 to 2000\",\"breadcrumb\":{\"@id\":\"https:\/\/techmaster.com.vn\/en\/extech-382252-earth-ground-resistance-tester-kit\/#breadcrumb\"},\"inLanguage\":\"en-US\",\"potentialAction\":[{\"@type\":\"ReadAction\",\"target\":[\"https:\/\/techmaster.com.vn\/en\/extech-382252-earth-ground-resistance-tester-kit\/\"]}]},{\"@type\":\"ImageObject\",\"inLanguage\":\"en-US\",\"@id\":\"https:\/\/techmaster.com.vn\/en\/extech-382252-earth-ground-resistance-tester-kit\/#primaryimage\",\"url\":\"https:\/\/techmaster.com.vn\/wp-content\/uploads\/2020\/12\/may-do-dien-tro-dat-extech-382252.jpg\",\"contentUrl\":\"https:\/\/techmaster.com.vn\/wp-content\/uploads\/2020\/12\/may-do-dien-tro-dat-extech-382252.jpg\",\"width\":450,\"height\":450,\"caption\":\"M\u00e1y \u0111o \u0111i\u1ec7n tr\u1edf \u0111\u1ea5t Extech 382252\"},{\"@type\":\"BreadcrumbList\",\"@id\":\"https:\/\/techmaster.com.vn\/en\/extech-382252-earth-ground-resistance-tester-kit\/#breadcrumb\",\"itemListElement\":[{\"@type\":\"ListItem\",\"position\":1,\"name\":\"Trang ch\u1ee7\",\"item\":\"https:\/\/techmaster.com.vn\/en\/\"},{\"@type\":\"ListItem\",\"position\":2,\"name\":\"Shop\",\"item\":\"https:\/\/techmaster.com.vn\/san-pham\/\"},{\"@type\":\"ListItem\",\"position\":3,\"name\":\"EXTECH 382252 EARTH GROUND RESISTANCE TESTER KIT\"}]},{\"@type\":\"WebSite\",\"@id\":\"https:\/\/techmaster.com.vn\/en\/#website\",\"url\":\"https:\/\/techmaster.com.vn\/en\/\",\"name\":\"Techmaster Electronics JSC\",\"description\":\"\",\"publisher\":{\"@id\":\"https:\/\/techmaster.com.vn\/en\/#organization\"},\"potentialAction\":[{\"@type\":\"SearchAction\",\"target\":{\"@type\":\"EntryPoint\",\"urlTemplate\":\"https:\/\/techmaster.com.vn\/en\/?s={search_term_string}\"},\"query-input\":{\"@type\":\"PropertyValueSpecification\",\"valueRequired\":true,\"valueName\":\"search_term_string\"}}],\"inLanguage\":\"en-US\"},{\"@type\":[\"Organization\",\"Place\"],\"@id\":\"https:\/\/techmaster.com.vn\/en\/#organization\",\"name\":\"Techmaster Electronics JSC\",\"url\":\"https:\/\/techmaster.com.vn\/en\/\",\"logo\":{\"@id\":\"https:\/\/techmaster.com.vn\/en\/extech-382252-earth-ground-resistance-tester-kit\/#local-main-organization-logo\"},\"image\":{\"@id\":\"https:\/\/techmaster.com.vn\/en\/extech-382252-earth-ground-resistance-tester-kit\/#local-main-organization-logo\"},\"sameAs\":[\"https:\/\/www.facebook.com\/techmaster.electronics.jsc\",\"https:\/\/x.com\/techmastervn\",\"https:\/\/www.instagram.com\/techmastervietnam\",\"https:\/\/myspace.com\/techmastervietnam\",\"https:\/\/www.youtube.com\/c\/TechmasterElectronicsJSC\",\"https:\/\/www.pinterest.com\/techmasterelectronicsjsc\/\",\"https:\/\/vi.wikipedia.org\/wiki\/Th\u00e0nh_vi\u00ean:Techmastervietnam\",\"https:\/\/twitter.com\/techmastervn\",\"https:\/\/www.linkedin.com\/company\/techmaster-vietnam\/\"],\"telephone\":[],\"contactPoint\":{\"@type\":\"ContactPoint\",\"email\":\"marketing@techmaster.com.vn\"},\"openingHoursSpecification\":[{\"@type\":\"OpeningHoursSpecification\",\"dayOfWeek\":[\"Monday\",\"Tuesday\",\"Wednesday\",\"Thursday\",\"Friday\",\"Saturday\",\"Sunday\"],\"opens\":\"09:00\",\"closes\":\"17:00\"}],\"email\":\"marketing@techmaster.com.vn\",\"areaServed\":\"Vietnam\"},{\"@type\":\"ImageObject\",\"inLanguage\":\"en-US\",\"@id\":\"https:\/\/techmaster.com.vn\/en\/extech-382252-earth-ground-resistance-tester-kit\/#local-main-organization-logo\",\"url\":\"https:\/\/techmaster.com.vn\/wp-content\/uploads\/2021\/04\/techmaster-logo-homepage.png\",\"contentUrl\":\"https:\/\/techmaster.com.vn\/wp-content\/uploads\/2021\/04\/techmaster-logo-homepage.png\",\"width\":335,\"height\":62,\"caption\":\"Techmaster Electronics JSC\"}]}<\/script>\n<meta property=\"og:availability\" content=\"instock\" \/>\n<meta property=\"product:availability\" content=\"instock\" \/>\n<meta property=\"product:condition\" content=\"new\" \/>\n<!-- \/ Yoast SEO Premium plugin. -->","yoast_head_json":{"title":"EXTECH 382252 EARTH GROUND RESISTANCE TESTER KIT - Techmaster Electronics JSC","description":"The Extech 382252 is an Earth Ground Resistance Tester Kit which includes all hardware necessary to measure earth ground in 3 ranges from 20 to 2000","robots":{"index":"index","follow":"follow","max-snippet":"max-snippet:-1","max-image-preview":"max-image-preview:large","max-video-preview":"max-video-preview:-1"},"canonical":"https:\/\/techmaster.com.vn\/en\/extech-382252-earth-ground-resistance-tester-kit\/","og_locale":"en_US","og_type":"article","og_title":"EXTECH 382252 EARTH GROUND RESISTANCE TESTER KIT","og_description":"The Extech 382252 is an Earth Ground Resistance Tester Kit which includes all hardware necessary to measure earth ground in 3 ranges from 20 to 2000","og_url":"https:\/\/techmaster.com.vn\/en\/extech-382252-earth-ground-resistance-tester-kit\/","og_site_name":"Techmaster Electronics JSC","article_publisher":"https:\/\/www.facebook.com\/techmaster.electronics.jsc","article_modified_time":"2021-06-17T03:21:33+00:00","og_image":[{"width":450,"height":450,"url":"https:\/\/techmaster.com.vn\/wp-content\/uploads\/2020\/12\/may-do-dien-tro-dat-extech-382252.jpg","type":"image\/jpeg"}],"twitter_card":"summary_large_image","twitter_site":"@techmastervn","twitter_misc":{"Availability":"In stock"},"schema":{"@context":"https:\/\/schema.org","@graph":[{"@type":"WebPage","@id":"https:\/\/techmaster.com.vn\/en\/extech-382252-earth-ground-resistance-tester-kit\/","url":"https:\/\/techmaster.com.vn\/en\/extech-382252-earth-ground-resistance-tester-kit\/","name":"EXTECH 382252 EARTH GROUND RESISTANCE TESTER KIT - Techmaster Electronics JSC","isPartOf":{"@id":"https:\/\/techmaster.com.vn\/en\/#website"},"primaryImageOfPage":{"@id":"https:\/\/techmaster.com.vn\/en\/extech-382252-earth-ground-resistance-tester-kit\/#primaryimage"},"image":{"@id":"https:\/\/techmaster.com.vn\/en\/extech-382252-earth-ground-resistance-tester-kit\/#primaryimage"},"thumbnailUrl":"https:\/\/techmaster.com.vn\/wp-content\/uploads\/2020\/12\/may-do-dien-tro-dat-extech-382252.jpg","datePublished":"2020-12-14T01:09:36+00:00","dateModified":"2021-06-17T03:21:33+00:00","description":"The Extech 382252 is an Earth Ground Resistance Tester Kit which includes all hardware necessary to measure earth ground in 3 ranges from 20 to 2000","breadcrumb":{"@id":"https:\/\/techmaster.com.vn\/en\/extech-382252-earth-ground-resistance-tester-kit\/#breadcrumb"},"inLanguage":"en-US","potentialAction":[{"@type":"ReadAction","target":["https:\/\/techmaster.com.vn\/en\/extech-382252-earth-ground-resistance-tester-kit\/"]}]},{"@type":"ImageObject","inLanguage":"en-US","@id":"https:\/\/techmaster.com.vn\/en\/extech-382252-earth-ground-resistance-tester-kit\/#primaryimage","url":"https:\/\/techmaster.com.vn\/wp-content\/uploads\/2020\/12\/may-do-dien-tro-dat-extech-382252.jpg","contentUrl":"https:\/\/techmaster.com.vn\/wp-content\/uploads\/2020\/12\/may-do-dien-tro-dat-extech-382252.jpg","width":450,"height":450,"caption":"M\u00e1y \u0111o \u0111i\u1ec7n tr\u1edf \u0111\u1ea5t Extech 382252"},{"@type":"BreadcrumbList","@id":"https:\/\/techmaster.com.vn\/en\/extech-382252-earth-ground-resistance-tester-kit\/#breadcrumb","itemListElement":[{"@type":"ListItem","position":1,"name":"Trang ch\u1ee7","item":"https:\/\/techmaster.com.vn\/en\/"},{"@type":"ListItem","position":2,"name":"Shop","item":"https:\/\/techmaster.com.vn\/san-pham\/"},{"@type":"ListItem","position":3,"name":"EXTECH 382252 EARTH GROUND RESISTANCE TESTER KIT"}]},{"@type":"WebSite","@id":"https:\/\/techmaster.com.vn\/en\/#website","url":"https:\/\/techmaster.com.vn\/en\/","name":"Techmaster Electronics JSC","description":"","publisher":{"@id":"https:\/\/techmaster.com.vn\/en\/#organization"},"potentialAction":[{"@type":"SearchAction","target":{"@type":"EntryPoint","urlTemplate":"https:\/\/techmaster.com.vn\/en\/?s={search_term_string}"},"query-input":{"@type":"PropertyValueSpecification","valueRequired":true,"valueName":"search_term_string"}}],"inLanguage":"en-US"},{"@type":["Organization","Place"],"@id":"https:\/\/techmaster.com.vn\/en\/#organization","name":"Techmaster Electronics JSC","url":"https:\/\/techmaster.com.vn\/en\/","logo":{"@id":"https:\/\/techmaster.com.vn\/en\/extech-382252-earth-ground-resistance-tester-kit\/#local-main-organization-logo"},"image":{"@id":"https:\/\/techmaster.com.vn\/en\/extech-382252-earth-ground-resistance-tester-kit\/#local-main-organization-logo"},"sameAs":["https:\/\/www.facebook.com\/techmaster.electronics.jsc","https:\/\/x.com\/techmastervn","https:\/\/www.instagram.com\/techmastervietnam","https:\/\/myspace.com\/techmastervietnam","https:\/\/www.youtube.com\/c\/TechmasterElectronicsJSC","https:\/\/www.pinterest.com\/techmasterelectronicsjsc\/","https:\/\/vi.wikipedia.org\/wiki\/Th\u00e0nh_vi\u00ean:Techmastervietnam","https:\/\/twitter.com\/techmastervn","https:\/\/www.linkedin.com\/company\/techmaster-vietnam\/"],"telephone":[],"contactPoint":{"@type":"ContactPoint","email":"marketing@techmaster.com.vn"},"openingHoursSpecification":[{"@type":"OpeningHoursSpecification","dayOfWeek":["Monday","Tuesday","Wednesday","Thursday","Friday","Saturday","Sunday"],"opens":"09:00","closes":"17:00"}],"email":"marketing@techmaster.com.vn","areaServed":"Vietnam"},{"@type":"ImageObject","inLanguage":"en-US","@id":"https:\/\/techmaster.com.vn\/en\/extech-382252-earth-ground-resistance-tester-kit\/#local-main-organization-logo","url":"https:\/\/techmaster.com.vn\/wp-content\/uploads\/2021\/04\/techmaster-logo-homepage.png","contentUrl":"https:\/\/techmaster.com.vn\/wp-content\/uploads\/2021\/04\/techmaster-logo-homepage.png","width":335,"height":62,"caption":"Techmaster Electronics JSC"}]},"og_availability":"instock","product_availability":"instock","product_condition":"new"},"_links":{"self":[{"href":"https:\/\/techmaster.com.vn\/en\/wp-json\/wp\/v2\/product\/16138","targetHints":{"allow":["GET"]}}],"collection":[{"href":"https:\/\/techmaster.com.vn\/en\/wp-json\/wp\/v2\/product"}],"about":[{"href":"https:\/\/techmaster.com.vn\/en\/wp-json\/wp\/v2\/types\/product"}],"replies":[{"embeddable":true,"href":"https:\/\/techmaster.com.vn\/en\/wp-json\/wp\/v2\/comments?post=16138"}],"wp:featuredmedia":[{"embeddable":true,"href":"https:\/\/techmaster.com.vn\/en\/wp-json\/wp\/v2\/media\/5485"}],"wp:attachment":[{"href":"https:\/\/techmaster.com.vn\/en\/wp-json\/wp\/v2\/media?parent=16138"}],"wp:term":[{"taxonomy":"product_brand","embeddable":true,"href":"https:\/\/techmaster.com.vn\/en\/wp-json\/wp\/v2\/product_brand?post=16138"},{"taxonomy":"product_cat","embeddable":true,"href":"https:\/\/techmaster.com.vn\/en\/wp-json\/wp\/v2\/product_cat?post=16138"},{"taxonomy":"product_tag","embeddable":true,"href":"https:\/\/techmaster.com.vn\/en\/wp-json\/wp\/v2\/product_tag?post=16138"}],"curies":[{"name":"wp","href":"https:\/\/api.w.org\/{rel}","templated":true}]}}