{"id":15822,"date":"2020-12-14T11:41:44","date_gmt":"2020-12-14T04:41:44","guid":{"rendered":"https:\/\/techmaster.com.vn\/ampe-kim-do-cong-suat-ac-extech-pq-2071\/"},"modified":"2021-06-17T15:36:31","modified_gmt":"2021-06-17T08:36:31","slug":"extech-pq-2071-1000a-true-rms-ac-power-clamp-meter","status":"publish","type":"product","link":"https:\/\/techmaster.com.vn\/en\/extech-pq-2071-1000a-true-rms-ac-power-clamp-meter\/","title":{"rendered":"EXTECH PQ2071 1\/3 PHASE 1000A TRUE RMS AC POWER CLAMP METER"},"content":{"rendered":"<div class=\"ellipsis_detail\">\n<p><strong>SPECIFICATIONS EXTECH PQ2071 1\/3 PHASE 1000A TRUE RMS AC POWER CLAMP METER<\/strong><\/p>\n<p><strong>True RMS:<\/strong> Yes<\/p>\n<p><strong>Display counts:<\/strong> 9999 count LCD with bargraph (backlit)<\/p>\n<p><strong>Jaw size\/Cable size:<\/strong> 2.2&#8243; (55mm); 1000MCM<\/p>\n<p><strong>AC Current:<\/strong> 1000A<\/p>\n<p><strong>Max resolution:<\/strong> 100mA<\/p>\n<p><strong>Basic ACA Accuracy (% rdg):<\/strong> \u00b13%rdg<\/p>\n<p><strong>AC Voltage (Max Res.):<\/strong> 750V (0.1V)<\/p>\n<p><strong>Frequency (Max Res.):<\/strong> 50Hz to 200Hz (1Hz)<\/p>\n<p><strong>Diode\/Continuity:<\/strong> Yes<\/p>\n<p><strong>Dimensions\/ Weight:<\/strong> 11.5&#215;3.75&#215;1.5&#8243; (292x95x38mm)\/18.4oz (522g)<\/p>\n<h2 style=\"text-align: justify;\"><strong>Introduction Extech PQ2071<\/strong><\/h2>\n<h3><em><strong>Multifunction Meter with Built-In Non-Contact Voltage Detector<\/strong><\/em><\/h3>\n<p>The PQ2071 is a 1-\/3-Phase 1000 Amp True RMS AC Power Clamp Meter. Extech&#8217;s multifunctional PQ2071 Power Clamp meter operates as a True RMS Clamp Meter, Power Meter, Multimeter, and AC Voltage Detector. Featuring a CAT IV-600 Volt safety rating, the PQ2071 measures AC Current, Voltage, Frequency and Power including True Power, Apparent Power, Reactive Power and Active Power. Measures 1-Phase and balanced 3-Phase True Power (kW), Apparent Power (kVA), Reactive Power (kVAR) and Active Power (kWh), plus Power Factor and Phase Angle. Featuring a 2.16 in. (55 mm) clamp jaw opening. Large dual backlit LCD display (9999 count) with bargraph. Frequency measurements to 200Hz. manually store\/recall up to 99 data sets. Data Hold, Max\/Min, and Auto power off functions. USB interface for connection to a PC for data logging function with included software. Complete with test leads, four color-coded leads and alligator clips, USB cable, PC software, 9V battery and soft case.<\/p>\n<p><a href=\"https:\/\/techmaster.com.vn\/wp-content\/uploads\/2020\/12\/ampe-kim-do-cong-suat-extech-pq-2071-6.jpg\"><img loading=\"lazy\" decoding=\"async\" class=\"alignnone size-full wp-image-12111\" src=\"https:\/\/techmaster.com.vn\/wp-content\/uploads\/2020\/12\/ampe-kim-do-cong-suat-extech-pq-2071-6.jpg\" alt=\"\" width=\"772\" height=\"346\" \/><\/a><\/p>\n<h2><strong>Features<\/strong><\/h2>\n<p>&#8211; Meter operates as a True RMS Clamp Meter, Power Meter, Multimeter, and AC Voltage Detector<br \/>\n&#8211; Measures AC Current, Voltage, Frequency and Power including True Power, Apparent Power, Reactive Power and Active Power<br \/>\n&#8211; Measures 1-Phase and balanced 3-Phase True Power (kW), Apparent Power (kVA), Reactive Power (kVAR) and Active Power (kWh), plus Power Factor and Phase Angle (Extech PQ2071)<br \/>\n&#8211; 2.16&#8243; (55mm) clamp jaw opening<br \/>\n&#8211; Large dual backlit LCD display (9999 count) with bargraph<br \/>\n&#8211; Built-in non-contact Voltage Detector with LED alert<br \/>\n&#8211; Manually store\/recall up to 99 data sets<br \/>\n&#8211; Data Hold, Max\/Min, and Auto power off<br \/>\n&#8211; USB interface for connection to a PC for datalogging function with included software<br \/>\n&#8211; Complete with test leads, four color-coded leads and alligator clips, USB cable, PC software, 9V battery, and soft case<\/p>\n<\/div>\n","protected":false},"excerpt":{"rendered":"<h2><strong>Key Features<\/strong><\/h2>\n<ul>\n<li>Meter operates as a True RMS Clamp Meter, Power Meter, Multimeter, and AC Voltage Detector<\/li>\n<li>Measures AC Current, Voltage, Frequency and Power including True Power, Apparent Power, Reactive Power and Active Power<\/li>\n<li>2.16&#8243; (55mm) clamp jaw opening<\/li>\n<li>Large dual backlit LCD display (9999 count) with bargraph<\/li>\n<li>Built-in non-contact Voltage Detector with LED alert<\/li>\n<li>Manually store\/recall up to 99 data sets<\/li>\n<\/ul>\n","protected":false},"featured_media":5660,"comment_status":"open","ping_status":"closed","template":"","meta":[],"product_brand":[],"product_cat":[274,286],"product_tag":[],"class_list":{"0":"post-15822","1":"product","2":"type-product","3":"status-publish","4":"has-post-thumbnail","6":"product_cat-electrical-measuring-instruments","7":"product_cat-power-meter","8":"pa_attribute-electricity","10":"first","11":"instock","12":"shipping-taxable","13":"product-type-grouped"},"yoast_head":"<!-- This site is optimized with the Yoast SEO Premium plugin v26.8 (Yoast SEO v26.8) - https:\/\/yoast.com\/product\/yoast-seo-premium-wordpress\/ -->\n<title>EXTECH PQ2071 1\/3 PHASE 1000A TRUE RMS AC POWER CLAMP METER - Techmaster Electronics JSC<\/title>\n<meta name=\"description\" content=\"The Extech PQ2071 is a 1-\/3-Phase 1000 Amp True RMS AC Power Clamp Meter. Extech&#039;s multifunctional PQ2071 Power Clamp meter operates as a True RMS\" \/>\n<meta name=\"robots\" content=\"index, follow, max-snippet:-1, max-image-preview:large, max-video-preview:-1\" \/>\n<link rel=\"canonical\" href=\"https:\/\/techmaster.com.vn\/en\/extech-pq-2071-1000a-true-rms-ac-power-clamp-meter\/\" \/>\n<meta property=\"og:locale\" content=\"en_US\" \/>\n<meta property=\"og:type\" content=\"article\" \/>\n<meta property=\"og:title\" content=\"EXTECH PQ2071 1\/3 PHASE 1000A TRUE RMS AC POWER CLAMP METER\" \/>\n<meta property=\"og:description\" content=\"The Extech PQ2071 is a 1-\/3-Phase 1000 Amp True RMS AC Power Clamp Meter. Extech&#039;s multifunctional PQ2071 Power Clamp meter operates as a True RMS\" \/>\n<meta property=\"og:url\" content=\"https:\/\/techmaster.com.vn\/en\/extech-pq-2071-1000a-true-rms-ac-power-clamp-meter\/\" \/>\n<meta property=\"og:site_name\" content=\"Techmaster Electronics JSC\" \/>\n<meta property=\"article:publisher\" content=\"https:\/\/www.facebook.com\/techmaster.electronics.jsc\" \/>\n<meta property=\"article:modified_time\" content=\"2021-06-17T08:36:31+00:00\" \/>\n<meta property=\"og:image\" content=\"https:\/\/techmaster.com.vn\/wp-content\/uploads\/2020\/12\/ampe-kim-do-cong-suat-extech-pq-2071.jpg\" \/>\n\t<meta property=\"og:image:width\" content=\"450\" \/>\n\t<meta property=\"og:image:height\" content=\"450\" \/>\n\t<meta property=\"og:image:type\" content=\"image\/jpeg\" \/>\n<meta name=\"twitter:card\" content=\"summary_large_image\" \/>\n<meta name=\"twitter:site\" content=\"@techmastervn\" \/>\n<meta name=\"twitter:label1\" content=\"Availability\" \/>\n\t<meta name=\"twitter:data1\" content=\"In stock\" \/>\n<script type=\"application\/ld+json\" class=\"yoast-schema-graph\">{\"@context\":\"https:\/\/schema.org\",\"@graph\":[{\"@type\":\"WebPage\",\"@id\":\"https:\/\/techmaster.com.vn\/en\/extech-pq-2071-1000a-true-rms-ac-power-clamp-meter\/\",\"url\":\"https:\/\/techmaster.com.vn\/en\/extech-pq-2071-1000a-true-rms-ac-power-clamp-meter\/\",\"name\":\"EXTECH PQ2071 1\/3 PHASE 1000A TRUE RMS AC POWER CLAMP METER - Techmaster Electronics JSC\",\"isPartOf\":{\"@id\":\"https:\/\/techmaster.com.vn\/en\/#website\"},\"primaryImageOfPage\":{\"@id\":\"https:\/\/techmaster.com.vn\/en\/extech-pq-2071-1000a-true-rms-ac-power-clamp-meter\/#primaryimage\"},\"image\":{\"@id\":\"https:\/\/techmaster.com.vn\/en\/extech-pq-2071-1000a-true-rms-ac-power-clamp-meter\/#primaryimage\"},\"thumbnailUrl\":\"https:\/\/techmaster.com.vn\/wp-content\/uploads\/2020\/12\/ampe-kim-do-cong-suat-extech-pq-2071.jpg\",\"datePublished\":\"2020-12-14T04:41:44+00:00\",\"dateModified\":\"2021-06-17T08:36:31+00:00\",\"description\":\"The Extech PQ2071 is a 1-\/3-Phase 1000 Amp True RMS AC Power Clamp Meter. Extech's multifunctional PQ2071 Power Clamp meter operates as a True RMS\",\"breadcrumb\":{\"@id\":\"https:\/\/techmaster.com.vn\/en\/extech-pq-2071-1000a-true-rms-ac-power-clamp-meter\/#breadcrumb\"},\"inLanguage\":\"en-US\",\"potentialAction\":[{\"@type\":\"ReadAction\",\"target\":[\"https:\/\/techmaster.com.vn\/en\/extech-pq-2071-1000a-true-rms-ac-power-clamp-meter\/\"]}]},{\"@type\":\"ImageObject\",\"inLanguage\":\"en-US\",\"@id\":\"https:\/\/techmaster.com.vn\/en\/extech-pq-2071-1000a-true-rms-ac-power-clamp-meter\/#primaryimage\",\"url\":\"https:\/\/techmaster.com.vn\/wp-content\/uploads\/2020\/12\/ampe-kim-do-cong-suat-extech-pq-2071.jpg\",\"contentUrl\":\"https:\/\/techmaster.com.vn\/wp-content\/uploads\/2020\/12\/ampe-kim-do-cong-suat-extech-pq-2071.jpg\",\"width\":450,\"height\":450,\"caption\":\"Ampe k\u00ecm \u0111o c\u00f4ng su\u1ea5t AC Extech PQ2071\"},{\"@type\":\"BreadcrumbList\",\"@id\":\"https:\/\/techmaster.com.vn\/en\/extech-pq-2071-1000a-true-rms-ac-power-clamp-meter\/#breadcrumb\",\"itemListElement\":[{\"@type\":\"ListItem\",\"position\":1,\"name\":\"Trang ch\u1ee7\",\"item\":\"https:\/\/techmaster.com.vn\/en\/\"},{\"@type\":\"ListItem\",\"position\":2,\"name\":\"Shop\",\"item\":\"https:\/\/techmaster.com.vn\/san-pham\/\"},{\"@type\":\"ListItem\",\"position\":3,\"name\":\"EXTECH PQ2071 1\/3 PHASE 1000A TRUE RMS AC POWER CLAMP METER\"}]},{\"@type\":\"WebSite\",\"@id\":\"https:\/\/techmaster.com.vn\/en\/#website\",\"url\":\"https:\/\/techmaster.com.vn\/en\/\",\"name\":\"Techmaster Electronics JSC\",\"description\":\"\",\"publisher\":{\"@id\":\"https:\/\/techmaster.com.vn\/en\/#organization\"},\"potentialAction\":[{\"@type\":\"SearchAction\",\"target\":{\"@type\":\"EntryPoint\",\"urlTemplate\":\"https:\/\/techmaster.com.vn\/en\/?s={search_term_string}\"},\"query-input\":{\"@type\":\"PropertyValueSpecification\",\"valueRequired\":true,\"valueName\":\"search_term_string\"}}],\"inLanguage\":\"en-US\"},{\"@type\":[\"Organization\",\"Place\"],\"@id\":\"https:\/\/techmaster.com.vn\/en\/#organization\",\"name\":\"Techmaster Electronics JSC\",\"url\":\"https:\/\/techmaster.com.vn\/en\/\",\"logo\":{\"@id\":\"https:\/\/techmaster.com.vn\/en\/extech-pq-2071-1000a-true-rms-ac-power-clamp-meter\/#local-main-organization-logo\"},\"image\":{\"@id\":\"https:\/\/techmaster.com.vn\/en\/extech-pq-2071-1000a-true-rms-ac-power-clamp-meter\/#local-main-organization-logo\"},\"sameAs\":[\"https:\/\/www.facebook.com\/techmaster.electronics.jsc\",\"https:\/\/x.com\/techmastervn\",\"https:\/\/www.instagram.com\/techmastervietnam\",\"https:\/\/myspace.com\/techmastervietnam\",\"https:\/\/www.youtube.com\/c\/TechmasterElectronicsJSC\",\"https:\/\/www.pinterest.com\/techmasterelectronicsjsc\/\",\"https:\/\/vi.wikipedia.org\/wiki\/Th\u00e0nh_vi\u00ean:Techmastervietnam\",\"https:\/\/twitter.com\/techmastervn\",\"https:\/\/www.linkedin.com\/company\/techmaster-vietnam\/\"],\"telephone\":[],\"contactPoint\":{\"@type\":\"ContactPoint\",\"email\":\"marketing@techmaster.com.vn\"},\"openingHoursSpecification\":[{\"@type\":\"OpeningHoursSpecification\",\"dayOfWeek\":[\"Monday\",\"Tuesday\",\"Wednesday\",\"Thursday\",\"Friday\",\"Saturday\",\"Sunday\"],\"opens\":\"09:00\",\"closes\":\"17:00\"}],\"email\":\"marketing@techmaster.com.vn\",\"areaServed\":\"Vietnam\"},{\"@type\":\"ImageObject\",\"inLanguage\":\"en-US\",\"@id\":\"https:\/\/techmaster.com.vn\/en\/extech-pq-2071-1000a-true-rms-ac-power-clamp-meter\/#local-main-organization-logo\",\"url\":\"https:\/\/techmaster.com.vn\/wp-content\/uploads\/2021\/04\/techmaster-logo-homepage.png\",\"contentUrl\":\"https:\/\/techmaster.com.vn\/wp-content\/uploads\/2021\/04\/techmaster-logo-homepage.png\",\"width\":335,\"height\":62,\"caption\":\"Techmaster Electronics JSC\"}]}<\/script>\n<meta property=\"og:availability\" content=\"instock\" \/>\n<meta property=\"product:availability\" content=\"instock\" \/>\n<meta property=\"product:condition\" content=\"new\" \/>\n<!-- \/ Yoast SEO Premium plugin. -->","yoast_head_json":{"title":"EXTECH PQ2071 1\/3 PHASE 1000A TRUE RMS AC POWER CLAMP METER - Techmaster Electronics JSC","description":"The Extech PQ2071 is a 1-\/3-Phase 1000 Amp True RMS AC Power Clamp Meter. Extech's multifunctional PQ2071 Power Clamp meter operates as a True RMS","robots":{"index":"index","follow":"follow","max-snippet":"max-snippet:-1","max-image-preview":"max-image-preview:large","max-video-preview":"max-video-preview:-1"},"canonical":"https:\/\/techmaster.com.vn\/en\/extech-pq-2071-1000a-true-rms-ac-power-clamp-meter\/","og_locale":"en_US","og_type":"article","og_title":"EXTECH PQ2071 1\/3 PHASE 1000A TRUE RMS AC POWER CLAMP METER","og_description":"The Extech PQ2071 is a 1-\/3-Phase 1000 Amp True RMS AC Power Clamp Meter. Extech's multifunctional PQ2071 Power Clamp meter operates as a True RMS","og_url":"https:\/\/techmaster.com.vn\/en\/extech-pq-2071-1000a-true-rms-ac-power-clamp-meter\/","og_site_name":"Techmaster Electronics JSC","article_publisher":"https:\/\/www.facebook.com\/techmaster.electronics.jsc","article_modified_time":"2021-06-17T08:36:31+00:00","og_image":[{"width":450,"height":450,"url":"https:\/\/techmaster.com.vn\/wp-content\/uploads\/2020\/12\/ampe-kim-do-cong-suat-extech-pq-2071.jpg","type":"image\/jpeg"}],"twitter_card":"summary_large_image","twitter_site":"@techmastervn","twitter_misc":{"Availability":"In stock"},"schema":{"@context":"https:\/\/schema.org","@graph":[{"@type":"WebPage","@id":"https:\/\/techmaster.com.vn\/en\/extech-pq-2071-1000a-true-rms-ac-power-clamp-meter\/","url":"https:\/\/techmaster.com.vn\/en\/extech-pq-2071-1000a-true-rms-ac-power-clamp-meter\/","name":"EXTECH PQ2071 1\/3 PHASE 1000A TRUE RMS AC POWER CLAMP METER - Techmaster Electronics JSC","isPartOf":{"@id":"https:\/\/techmaster.com.vn\/en\/#website"},"primaryImageOfPage":{"@id":"https:\/\/techmaster.com.vn\/en\/extech-pq-2071-1000a-true-rms-ac-power-clamp-meter\/#primaryimage"},"image":{"@id":"https:\/\/techmaster.com.vn\/en\/extech-pq-2071-1000a-true-rms-ac-power-clamp-meter\/#primaryimage"},"thumbnailUrl":"https:\/\/techmaster.com.vn\/wp-content\/uploads\/2020\/12\/ampe-kim-do-cong-suat-extech-pq-2071.jpg","datePublished":"2020-12-14T04:41:44+00:00","dateModified":"2021-06-17T08:36:31+00:00","description":"The Extech PQ2071 is a 1-\/3-Phase 1000 Amp True RMS AC Power Clamp Meter. Extech's multifunctional PQ2071 Power Clamp meter operates as a True RMS","breadcrumb":{"@id":"https:\/\/techmaster.com.vn\/en\/extech-pq-2071-1000a-true-rms-ac-power-clamp-meter\/#breadcrumb"},"inLanguage":"en-US","potentialAction":[{"@type":"ReadAction","target":["https:\/\/techmaster.com.vn\/en\/extech-pq-2071-1000a-true-rms-ac-power-clamp-meter\/"]}]},{"@type":"ImageObject","inLanguage":"en-US","@id":"https:\/\/techmaster.com.vn\/en\/extech-pq-2071-1000a-true-rms-ac-power-clamp-meter\/#primaryimage","url":"https:\/\/techmaster.com.vn\/wp-content\/uploads\/2020\/12\/ampe-kim-do-cong-suat-extech-pq-2071.jpg","contentUrl":"https:\/\/techmaster.com.vn\/wp-content\/uploads\/2020\/12\/ampe-kim-do-cong-suat-extech-pq-2071.jpg","width":450,"height":450,"caption":"Ampe k\u00ecm \u0111o c\u00f4ng su\u1ea5t AC Extech PQ2071"},{"@type":"BreadcrumbList","@id":"https:\/\/techmaster.com.vn\/en\/extech-pq-2071-1000a-true-rms-ac-power-clamp-meter\/#breadcrumb","itemListElement":[{"@type":"ListItem","position":1,"name":"Trang ch\u1ee7","item":"https:\/\/techmaster.com.vn\/en\/"},{"@type":"ListItem","position":2,"name":"Shop","item":"https:\/\/techmaster.com.vn\/san-pham\/"},{"@type":"ListItem","position":3,"name":"EXTECH PQ2071 1\/3 PHASE 1000A TRUE RMS AC POWER CLAMP METER"}]},{"@type":"WebSite","@id":"https:\/\/techmaster.com.vn\/en\/#website","url":"https:\/\/techmaster.com.vn\/en\/","name":"Techmaster Electronics JSC","description":"","publisher":{"@id":"https:\/\/techmaster.com.vn\/en\/#organization"},"potentialAction":[{"@type":"SearchAction","target":{"@type":"EntryPoint","urlTemplate":"https:\/\/techmaster.com.vn\/en\/?s={search_term_string}"},"query-input":{"@type":"PropertyValueSpecification","valueRequired":true,"valueName":"search_term_string"}}],"inLanguage":"en-US"},{"@type":["Organization","Place"],"@id":"https:\/\/techmaster.com.vn\/en\/#organization","name":"Techmaster Electronics JSC","url":"https:\/\/techmaster.com.vn\/en\/","logo":{"@id":"https:\/\/techmaster.com.vn\/en\/extech-pq-2071-1000a-true-rms-ac-power-clamp-meter\/#local-main-organization-logo"},"image":{"@id":"https:\/\/techmaster.com.vn\/en\/extech-pq-2071-1000a-true-rms-ac-power-clamp-meter\/#local-main-organization-logo"},"sameAs":["https:\/\/www.facebook.com\/techmaster.electronics.jsc","https:\/\/x.com\/techmastervn","https:\/\/www.instagram.com\/techmastervietnam","https:\/\/myspace.com\/techmastervietnam","https:\/\/www.youtube.com\/c\/TechmasterElectronicsJSC","https:\/\/www.pinterest.com\/techmasterelectronicsjsc\/","https:\/\/vi.wikipedia.org\/wiki\/Th\u00e0nh_vi\u00ean:Techmastervietnam","https:\/\/twitter.com\/techmastervn","https:\/\/www.linkedin.com\/company\/techmaster-vietnam\/"],"telephone":[],"contactPoint":{"@type":"ContactPoint","email":"marketing@techmaster.com.vn"},"openingHoursSpecification":[{"@type":"OpeningHoursSpecification","dayOfWeek":["Monday","Tuesday","Wednesday","Thursday","Friday","Saturday","Sunday"],"opens":"09:00","closes":"17:00"}],"email":"marketing@techmaster.com.vn","areaServed":"Vietnam"},{"@type":"ImageObject","inLanguage":"en-US","@id":"https:\/\/techmaster.com.vn\/en\/extech-pq-2071-1000a-true-rms-ac-power-clamp-meter\/#local-main-organization-logo","url":"https:\/\/techmaster.com.vn\/wp-content\/uploads\/2021\/04\/techmaster-logo-homepage.png","contentUrl":"https:\/\/techmaster.com.vn\/wp-content\/uploads\/2021\/04\/techmaster-logo-homepage.png","width":335,"height":62,"caption":"Techmaster Electronics JSC"}]},"og_availability":"instock","product_availability":"instock","product_condition":"new"},"_links":{"self":[{"href":"https:\/\/techmaster.com.vn\/en\/wp-json\/wp\/v2\/product\/15822","targetHints":{"allow":["GET"]}}],"collection":[{"href":"https:\/\/techmaster.com.vn\/en\/wp-json\/wp\/v2\/product"}],"about":[{"href":"https:\/\/techmaster.com.vn\/en\/wp-json\/wp\/v2\/types\/product"}],"replies":[{"embeddable":true,"href":"https:\/\/techmaster.com.vn\/en\/wp-json\/wp\/v2\/comments?post=15822"}],"wp:featuredmedia":[{"embeddable":true,"href":"https:\/\/techmaster.com.vn\/en\/wp-json\/wp\/v2\/media\/5660"}],"wp:attachment":[{"href":"https:\/\/techmaster.com.vn\/en\/wp-json\/wp\/v2\/media?parent=15822"}],"wp:term":[{"taxonomy":"product_brand","embeddable":true,"href":"https:\/\/techmaster.com.vn\/en\/wp-json\/wp\/v2\/product_brand?post=15822"},{"taxonomy":"product_cat","embeddable":true,"href":"https:\/\/techmaster.com.vn\/en\/wp-json\/wp\/v2\/product_cat?post=15822"},{"taxonomy":"product_tag","embeddable":true,"href":"https:\/\/techmaster.com.vn\/en\/wp-json\/wp\/v2\/product_tag?post=15822"}],"curies":[{"name":"wp","href":"https:\/\/api.w.org\/{rel}","templated":true}]}}