{"id":15813,"date":"2020-12-14T11:44:19","date_gmt":"2020-12-14T04:44:19","guid":{"rendered":"https:\/\/techmaster.com.vn\/ampe-kim-do-cong-suat-ac-extech-380940-2\/"},"modified":"2021-06-17T15:22:52","modified_gmt":"2021-06-17T08:22:52","slug":"extech-380940-400a-true-rms-ac-dc-watt-clamp-on","status":"publish","type":"product","link":"https:\/\/techmaster.com.vn\/en\/extech-380940-400a-true-rms-ac-dc-watt-clamp-on\/","title":{"rendered":"EXTECH 380940 400A TRUE RMS AC\/DC WATT CLAMP-ON"},"content":{"rendered":"<div class=\"ellipsis_detail\">\n<p><strong>SPECIFICATIONS EXTECH 380940 400A TRUE RMS AC\/DC WATT CLAMP-ON<\/strong><\/p>\n<p><strong>AC Power<\/strong><\/p>\n<p><strong>+ Range:<\/strong> <strong>40kW<\/strong><\/p>\n<p>Resolution: 10W<\/p>\n<p>Accuracy \u00b1(%rdg+digits): \u00b1(1.5% + 3d)@50\/60Hz<\/p>\n<p>Input Signal Range: 0-250V, 0-400A, PF 0-1<\/p>\n<p><strong>+ Range:<\/strong> <strong>240kW<\/strong><\/p>\n<p>Resolution: 100W<\/p>\n<p>Accuracy \u00b1(%rdg+digits): \u00b1(1.5% + 3d)@50\/60Hz<\/p>\n<p>Input Signal Range: 0-600V, 0-400A, PF 0-1<\/p>\n<p><strong>DC Power<\/strong><\/p>\n<p><strong>+ Range:<\/strong> <strong>40kW<\/strong><\/p>\n<p>Resolution: 10W<\/p>\n<p>Accuracy \u00b1(%rdg+digits): \u00b1(1.5% + 3d)@50\/60Hz<\/p>\n<p>Input Signal Range: 0-250V, 0-400A<\/p>\n<p><strong>+ Range:<\/strong> <strong>240kW<\/strong><\/p>\n<p>Resolution: 100W<\/p>\n<p>Accuracy \u00b1(%rdg+digits): \u00b1(1.5% + 3d)@50\/60Hz<\/p>\n<p>Input Signal Range: 0-600V, 0-400A<\/p>\n<p><strong>AC Current<\/strong><\/p>\n<p><strong>+ Range:<\/strong> <strong>400A<\/strong><\/p>\n<p>Resolution: 0.1A<\/p>\n<p>Accuracy \u00b1(%rdg+digits): \u00b1(1.5% + 3d)@50\/60Hz<\/p>\n<p>Input Signal Range: Overload protection: 600A AC (AC frequency range 40Hz-1kHz)<\/p>\n<p><strong>DC Current<\/strong><\/p>\n<p><strong>+ Range:<\/strong> <strong>400A<\/strong><\/p>\n<p>Resolution: 0.1A<\/p>\n<p>Accuracy \u00b1(%rdg+digits): \u00b1(1.5% + 3d)<\/p>\n<p>Input Signal Range: Overload protection: 600A DC<\/p>\n<p><strong>AC Voltage<\/strong><\/p>\n<p><strong>+ Range:<\/strong> 600V<\/p>\n<p>Resolution: 1V<\/p>\n<p>Accuracy \u00b1(%rdg+digits): \u00b1(1.5% + 2d)@50\/60Hz<\/p>\n<p>Input Signal Range: Overload protection: 800V AC<\/p>\n<p><strong>DC Voltage<\/strong><\/p>\n<p><strong>+ Range:<\/strong> 400V<\/p>\n<p>Resolution: 0.1V<\/p>\n<p>Accuracy \u00b1(%rdg+digits): \u00b1(1.0% + 2d)<\/p>\n<p>Input Signal Range: Overload protection: 800V DC<\/p>\n<p><strong>Frequency<\/strong><\/p>\n<p><strong>+ Range:<\/strong> 10kHz<\/p>\n<p>Resolution: 0.01-100Hz<\/p>\n<p>Accuracy \u00b1(%rdg+digits): \u00b1(0.8% + 2d)<\/p>\n<p>Input Signal Range: Overload protection: 600V AC<\/p>\n<p><strong>Dimensions: <\/strong>7.2 x 2.5 x 1.4&#8243; (183 x 64 x 36mm)<\/p>\n<p><strong>Weight: <\/strong>6.7oz (190g including batteries)<\/p>\n<\/div>\n<div class=\"ellipsis_detail\">\n<h2 style=\"text-align: justify;\"><strong>Introduction Extech 380940<\/strong><\/h2>\n<h3><strong><em>Measures Watts, Current, and Voltage<\/em><\/strong><\/h3>\n<p>The compact Extech 380940 is a 400 Amp mini True RMS AC\/DC power clamp meter with a small diameter jaw designed to reach in small areas while providing power calculations up to 240kW. With the added convenience of instant watt readings, a feature normally reserved for full-size meters, this mini power clamp is useful for essential troubleshooting tasks in plant maintenance, electrical, HVAC, and telecom work, as well as residential electrical repairs, energy audits, fleet maintenance, marine, and motorcycle repair. Complete with test leads, 2 AA batteries, and carrying case.<\/p>\n<p><a href=\"https:\/\/techmaster.com.vn\/wp-content\/uploads\/2020\/12\/ampe-kim-do-cong-suat-extech-380940-5.jpg\"><img loading=\"lazy\" decoding=\"async\" class=\"alignnone size-full wp-image-12115\" src=\"https:\/\/techmaster.com.vn\/wp-content\/uploads\/2020\/12\/ampe-kim-do-cong-suat-extech-380940-5.jpg\" alt=\"\" width=\"772\" height=\"346\" \/><\/a><\/p>\n<h2><strong>Features<\/strong><\/h2>\n<p>&#8211; Large LCD with 40 segment analog bargraph<br \/>\n&#8211; Data Hold, Max\/Min recall, Auto Zero (DC current), plus low battery indication<br \/>\n&#8211; Auto power off (Extech 380940)<br \/>\n&#8211; To download the correct user&#8217;s manual, please check your product&#8217;s serial number (on the back of the unit). A product revision has occurred only if the SN begins with a letter (A, B, etc.)<\/p>\n<\/div>\n","protected":false},"excerpt":{"rendered":"<h2><strong>Key Features<\/strong><\/h2>\n<ul id=\"features\">\n<li>Large LCD with 40 segment analog bargraph<\/li>\n<li>Data Hold, Max\/Min recall, Auto Zero (DC current), plus low battery indication<\/li>\n<li>Auto power off<\/li>\n<\/ul>\n","protected":false},"featured_media":5673,"comment_status":"open","ping_status":"closed","template":"","meta":[],"product_brand":[],"product_cat":[274,286],"product_tag":[],"class_list":{"0":"post-15813","1":"product","2":"type-product","3":"status-publish","4":"has-post-thumbnail","6":"product_cat-electrical-measuring-instruments","7":"product_cat-power-meter","8":"pa_attribute-electricity","10":"first","11":"instock","12":"shipping-taxable","13":"product-type-grouped"},"yoast_head":"<!-- This site is optimized with the Yoast SEO Premium plugin v26.8 (Yoast SEO v26.8) - https:\/\/yoast.com\/product\/yoast-seo-premium-wordpress\/ -->\n<title>EXTECH 380940 400A TRUE RMS AC\/DC WATT CLAMP-ON - Techmaster Electronics JSC<\/title>\n<meta name=\"description\" content=\"The compact Extech 380940 is a 400 Amp mini True RMS AC\/DC power clamp meter with a small diameter jaw designed to reach in small areas while\" \/>\n<meta name=\"robots\" content=\"index, follow, max-snippet:-1, max-image-preview:large, max-video-preview:-1\" \/>\n<link rel=\"canonical\" href=\"https:\/\/techmaster.com.vn\/en\/extech-380940-400a-true-rms-ac-dc-watt-clamp-on\/\" \/>\n<meta property=\"og:locale\" content=\"en_US\" \/>\n<meta property=\"og:type\" content=\"article\" \/>\n<meta property=\"og:title\" content=\"EXTECH 380940 400A TRUE RMS AC\/DC WATT CLAMP-ON\" \/>\n<meta property=\"og:description\" content=\"The compact Extech 380940 is a 400 Amp mini True RMS AC\/DC power clamp meter with a small diameter jaw designed to reach in small areas while\" \/>\n<meta property=\"og:url\" content=\"https:\/\/techmaster.com.vn\/en\/extech-380940-400a-true-rms-ac-dc-watt-clamp-on\/\" \/>\n<meta property=\"og:site_name\" content=\"Techmaster Electronics JSC\" \/>\n<meta property=\"article:publisher\" content=\"https:\/\/www.facebook.com\/techmaster.electronics.jsc\" \/>\n<meta property=\"article:modified_time\" content=\"2021-06-17T08:22:52+00:00\" \/>\n<meta property=\"og:image\" content=\"https:\/\/techmaster.com.vn\/wp-content\/uploads\/2020\/12\/ampe-kim-do-cong-suat-extech-380940.jpg\" \/>\n\t<meta property=\"og:image:width\" content=\"450\" \/>\n\t<meta property=\"og:image:height\" content=\"450\" \/>\n\t<meta property=\"og:image:type\" content=\"image\/jpeg\" \/>\n<meta name=\"twitter:card\" content=\"summary_large_image\" \/>\n<meta name=\"twitter:site\" content=\"@techmastervn\" \/>\n<meta name=\"twitter:label1\" content=\"Availability\" \/>\n\t<meta name=\"twitter:data1\" content=\"In stock\" \/>\n<script type=\"application\/ld+json\" class=\"yoast-schema-graph\">{\"@context\":\"https:\/\/schema.org\",\"@graph\":[{\"@type\":\"WebPage\",\"@id\":\"https:\/\/techmaster.com.vn\/en\/extech-380940-400a-true-rms-ac-dc-watt-clamp-on\/\",\"url\":\"https:\/\/techmaster.com.vn\/en\/extech-380940-400a-true-rms-ac-dc-watt-clamp-on\/\",\"name\":\"EXTECH 380940 400A TRUE RMS AC\/DC WATT CLAMP-ON - Techmaster Electronics JSC\",\"isPartOf\":{\"@id\":\"https:\/\/techmaster.com.vn\/en\/#website\"},\"primaryImageOfPage\":{\"@id\":\"https:\/\/techmaster.com.vn\/en\/extech-380940-400a-true-rms-ac-dc-watt-clamp-on\/#primaryimage\"},\"image\":{\"@id\":\"https:\/\/techmaster.com.vn\/en\/extech-380940-400a-true-rms-ac-dc-watt-clamp-on\/#primaryimage\"},\"thumbnailUrl\":\"https:\/\/techmaster.com.vn\/wp-content\/uploads\/2020\/12\/ampe-kim-do-cong-suat-extech-380940.jpg\",\"datePublished\":\"2020-12-14T04:44:19+00:00\",\"dateModified\":\"2021-06-17T08:22:52+00:00\",\"description\":\"The compact Extech 380940 is a 400 Amp mini True RMS AC\/DC power clamp meter with a small diameter jaw designed to reach in small areas while\",\"breadcrumb\":{\"@id\":\"https:\/\/techmaster.com.vn\/en\/extech-380940-400a-true-rms-ac-dc-watt-clamp-on\/#breadcrumb\"},\"inLanguage\":\"en-US\",\"potentialAction\":[{\"@type\":\"ReadAction\",\"target\":[\"https:\/\/techmaster.com.vn\/en\/extech-380940-400a-true-rms-ac-dc-watt-clamp-on\/\"]}]},{\"@type\":\"ImageObject\",\"inLanguage\":\"en-US\",\"@id\":\"https:\/\/techmaster.com.vn\/en\/extech-380940-400a-true-rms-ac-dc-watt-clamp-on\/#primaryimage\",\"url\":\"https:\/\/techmaster.com.vn\/wp-content\/uploads\/2020\/12\/ampe-kim-do-cong-suat-extech-380940.jpg\",\"contentUrl\":\"https:\/\/techmaster.com.vn\/wp-content\/uploads\/2020\/12\/ampe-kim-do-cong-suat-extech-380940.jpg\",\"width\":450,\"height\":450,\"caption\":\"Ampe k\u00ecm \u0111o c\u00f4ng su\u1ea5t AC Extech 380940\"},{\"@type\":\"BreadcrumbList\",\"@id\":\"https:\/\/techmaster.com.vn\/en\/extech-380940-400a-true-rms-ac-dc-watt-clamp-on\/#breadcrumb\",\"itemListElement\":[{\"@type\":\"ListItem\",\"position\":1,\"name\":\"Trang ch\u1ee7\",\"item\":\"https:\/\/techmaster.com.vn\/en\/\"},{\"@type\":\"ListItem\",\"position\":2,\"name\":\"Shop\",\"item\":\"https:\/\/techmaster.com.vn\/san-pham\/\"},{\"@type\":\"ListItem\",\"position\":3,\"name\":\"EXTECH 380940 400A TRUE RMS AC\/DC WATT CLAMP-ON\"}]},{\"@type\":\"WebSite\",\"@id\":\"https:\/\/techmaster.com.vn\/en\/#website\",\"url\":\"https:\/\/techmaster.com.vn\/en\/\",\"name\":\"Techmaster Electronics JSC\",\"description\":\"\",\"publisher\":{\"@id\":\"https:\/\/techmaster.com.vn\/en\/#organization\"},\"potentialAction\":[{\"@type\":\"SearchAction\",\"target\":{\"@type\":\"EntryPoint\",\"urlTemplate\":\"https:\/\/techmaster.com.vn\/en\/?s={search_term_string}\"},\"query-input\":{\"@type\":\"PropertyValueSpecification\",\"valueRequired\":true,\"valueName\":\"search_term_string\"}}],\"inLanguage\":\"en-US\"},{\"@type\":[\"Organization\",\"Place\"],\"@id\":\"https:\/\/techmaster.com.vn\/en\/#organization\",\"name\":\"Techmaster Electronics JSC\",\"url\":\"https:\/\/techmaster.com.vn\/en\/\",\"logo\":{\"@id\":\"https:\/\/techmaster.com.vn\/en\/extech-380940-400a-true-rms-ac-dc-watt-clamp-on\/#local-main-organization-logo\"},\"image\":{\"@id\":\"https:\/\/techmaster.com.vn\/en\/extech-380940-400a-true-rms-ac-dc-watt-clamp-on\/#local-main-organization-logo\"},\"sameAs\":[\"https:\/\/www.facebook.com\/techmaster.electronics.jsc\",\"https:\/\/x.com\/techmastervn\",\"https:\/\/www.instagram.com\/techmastervietnam\",\"https:\/\/myspace.com\/techmastervietnam\",\"https:\/\/www.youtube.com\/c\/TechmasterElectronicsJSC\",\"https:\/\/www.pinterest.com\/techmasterelectronicsjsc\/\",\"https:\/\/vi.wikipedia.org\/wiki\/Th\u00e0nh_vi\u00ean:Techmastervietnam\",\"https:\/\/twitter.com\/techmastervn\",\"https:\/\/www.linkedin.com\/company\/techmaster-vietnam\/\"],\"telephone\":[],\"contactPoint\":{\"@type\":\"ContactPoint\",\"email\":\"marketing@techmaster.com.vn\"},\"openingHoursSpecification\":[{\"@type\":\"OpeningHoursSpecification\",\"dayOfWeek\":[\"Monday\",\"Tuesday\",\"Wednesday\",\"Thursday\",\"Friday\",\"Saturday\",\"Sunday\"],\"opens\":\"09:00\",\"closes\":\"17:00\"}],\"email\":\"marketing@techmaster.com.vn\",\"areaServed\":\"Vietnam\"},{\"@type\":\"ImageObject\",\"inLanguage\":\"en-US\",\"@id\":\"https:\/\/techmaster.com.vn\/en\/extech-380940-400a-true-rms-ac-dc-watt-clamp-on\/#local-main-organization-logo\",\"url\":\"https:\/\/techmaster.com.vn\/wp-content\/uploads\/2021\/04\/techmaster-logo-homepage.png\",\"contentUrl\":\"https:\/\/techmaster.com.vn\/wp-content\/uploads\/2021\/04\/techmaster-logo-homepage.png\",\"width\":335,\"height\":62,\"caption\":\"Techmaster Electronics JSC\"}]}<\/script>\n<meta property=\"og:availability\" content=\"instock\" \/>\n<meta property=\"product:availability\" content=\"instock\" \/>\n<meta property=\"product:condition\" content=\"new\" \/>\n<!-- \/ Yoast SEO Premium plugin. -->","yoast_head_json":{"title":"EXTECH 380940 400A TRUE RMS AC\/DC WATT CLAMP-ON - Techmaster Electronics JSC","description":"The compact Extech 380940 is a 400 Amp mini True RMS AC\/DC power clamp meter with a small diameter jaw designed to reach in small areas while","robots":{"index":"index","follow":"follow","max-snippet":"max-snippet:-1","max-image-preview":"max-image-preview:large","max-video-preview":"max-video-preview:-1"},"canonical":"https:\/\/techmaster.com.vn\/en\/extech-380940-400a-true-rms-ac-dc-watt-clamp-on\/","og_locale":"en_US","og_type":"article","og_title":"EXTECH 380940 400A TRUE RMS AC\/DC WATT CLAMP-ON","og_description":"The compact Extech 380940 is a 400 Amp mini True RMS AC\/DC power clamp meter with a small diameter jaw designed to reach in small areas while","og_url":"https:\/\/techmaster.com.vn\/en\/extech-380940-400a-true-rms-ac-dc-watt-clamp-on\/","og_site_name":"Techmaster Electronics JSC","article_publisher":"https:\/\/www.facebook.com\/techmaster.electronics.jsc","article_modified_time":"2021-06-17T08:22:52+00:00","og_image":[{"width":450,"height":450,"url":"https:\/\/techmaster.com.vn\/wp-content\/uploads\/2020\/12\/ampe-kim-do-cong-suat-extech-380940.jpg","type":"image\/jpeg"}],"twitter_card":"summary_large_image","twitter_site":"@techmastervn","twitter_misc":{"Availability":"In stock"},"schema":{"@context":"https:\/\/schema.org","@graph":[{"@type":"WebPage","@id":"https:\/\/techmaster.com.vn\/en\/extech-380940-400a-true-rms-ac-dc-watt-clamp-on\/","url":"https:\/\/techmaster.com.vn\/en\/extech-380940-400a-true-rms-ac-dc-watt-clamp-on\/","name":"EXTECH 380940 400A TRUE RMS AC\/DC WATT CLAMP-ON - Techmaster Electronics JSC","isPartOf":{"@id":"https:\/\/techmaster.com.vn\/en\/#website"},"primaryImageOfPage":{"@id":"https:\/\/techmaster.com.vn\/en\/extech-380940-400a-true-rms-ac-dc-watt-clamp-on\/#primaryimage"},"image":{"@id":"https:\/\/techmaster.com.vn\/en\/extech-380940-400a-true-rms-ac-dc-watt-clamp-on\/#primaryimage"},"thumbnailUrl":"https:\/\/techmaster.com.vn\/wp-content\/uploads\/2020\/12\/ampe-kim-do-cong-suat-extech-380940.jpg","datePublished":"2020-12-14T04:44:19+00:00","dateModified":"2021-06-17T08:22:52+00:00","description":"The compact Extech 380940 is a 400 Amp mini True RMS AC\/DC power clamp meter with a small diameter jaw designed to reach in small areas while","breadcrumb":{"@id":"https:\/\/techmaster.com.vn\/en\/extech-380940-400a-true-rms-ac-dc-watt-clamp-on\/#breadcrumb"},"inLanguage":"en-US","potentialAction":[{"@type":"ReadAction","target":["https:\/\/techmaster.com.vn\/en\/extech-380940-400a-true-rms-ac-dc-watt-clamp-on\/"]}]},{"@type":"ImageObject","inLanguage":"en-US","@id":"https:\/\/techmaster.com.vn\/en\/extech-380940-400a-true-rms-ac-dc-watt-clamp-on\/#primaryimage","url":"https:\/\/techmaster.com.vn\/wp-content\/uploads\/2020\/12\/ampe-kim-do-cong-suat-extech-380940.jpg","contentUrl":"https:\/\/techmaster.com.vn\/wp-content\/uploads\/2020\/12\/ampe-kim-do-cong-suat-extech-380940.jpg","width":450,"height":450,"caption":"Ampe k\u00ecm \u0111o c\u00f4ng su\u1ea5t AC Extech 380940"},{"@type":"BreadcrumbList","@id":"https:\/\/techmaster.com.vn\/en\/extech-380940-400a-true-rms-ac-dc-watt-clamp-on\/#breadcrumb","itemListElement":[{"@type":"ListItem","position":1,"name":"Trang ch\u1ee7","item":"https:\/\/techmaster.com.vn\/en\/"},{"@type":"ListItem","position":2,"name":"Shop","item":"https:\/\/techmaster.com.vn\/san-pham\/"},{"@type":"ListItem","position":3,"name":"EXTECH 380940 400A TRUE RMS AC\/DC WATT CLAMP-ON"}]},{"@type":"WebSite","@id":"https:\/\/techmaster.com.vn\/en\/#website","url":"https:\/\/techmaster.com.vn\/en\/","name":"Techmaster Electronics JSC","description":"","publisher":{"@id":"https:\/\/techmaster.com.vn\/en\/#organization"},"potentialAction":[{"@type":"SearchAction","target":{"@type":"EntryPoint","urlTemplate":"https:\/\/techmaster.com.vn\/en\/?s={search_term_string}"},"query-input":{"@type":"PropertyValueSpecification","valueRequired":true,"valueName":"search_term_string"}}],"inLanguage":"en-US"},{"@type":["Organization","Place"],"@id":"https:\/\/techmaster.com.vn\/en\/#organization","name":"Techmaster Electronics JSC","url":"https:\/\/techmaster.com.vn\/en\/","logo":{"@id":"https:\/\/techmaster.com.vn\/en\/extech-380940-400a-true-rms-ac-dc-watt-clamp-on\/#local-main-organization-logo"},"image":{"@id":"https:\/\/techmaster.com.vn\/en\/extech-380940-400a-true-rms-ac-dc-watt-clamp-on\/#local-main-organization-logo"},"sameAs":["https:\/\/www.facebook.com\/techmaster.electronics.jsc","https:\/\/x.com\/techmastervn","https:\/\/www.instagram.com\/techmastervietnam","https:\/\/myspace.com\/techmastervietnam","https:\/\/www.youtube.com\/c\/TechmasterElectronicsJSC","https:\/\/www.pinterest.com\/techmasterelectronicsjsc\/","https:\/\/vi.wikipedia.org\/wiki\/Th\u00e0nh_vi\u00ean:Techmastervietnam","https:\/\/twitter.com\/techmastervn","https:\/\/www.linkedin.com\/company\/techmaster-vietnam\/"],"telephone":[],"contactPoint":{"@type":"ContactPoint","email":"marketing@techmaster.com.vn"},"openingHoursSpecification":[{"@type":"OpeningHoursSpecification","dayOfWeek":["Monday","Tuesday","Wednesday","Thursday","Friday","Saturday","Sunday"],"opens":"09:00","closes":"17:00"}],"email":"marketing@techmaster.com.vn","areaServed":"Vietnam"},{"@type":"ImageObject","inLanguage":"en-US","@id":"https:\/\/techmaster.com.vn\/en\/extech-380940-400a-true-rms-ac-dc-watt-clamp-on\/#local-main-organization-logo","url":"https:\/\/techmaster.com.vn\/wp-content\/uploads\/2021\/04\/techmaster-logo-homepage.png","contentUrl":"https:\/\/techmaster.com.vn\/wp-content\/uploads\/2021\/04\/techmaster-logo-homepage.png","width":335,"height":62,"caption":"Techmaster Electronics JSC"}]},"og_availability":"instock","product_availability":"instock","product_condition":"new"},"_links":{"self":[{"href":"https:\/\/techmaster.com.vn\/en\/wp-json\/wp\/v2\/product\/15813","targetHints":{"allow":["GET"]}}],"collection":[{"href":"https:\/\/techmaster.com.vn\/en\/wp-json\/wp\/v2\/product"}],"about":[{"href":"https:\/\/techmaster.com.vn\/en\/wp-json\/wp\/v2\/types\/product"}],"replies":[{"embeddable":true,"href":"https:\/\/techmaster.com.vn\/en\/wp-json\/wp\/v2\/comments?post=15813"}],"wp:featuredmedia":[{"embeddable":true,"href":"https:\/\/techmaster.com.vn\/en\/wp-json\/wp\/v2\/media\/5673"}],"wp:attachment":[{"href":"https:\/\/techmaster.com.vn\/en\/wp-json\/wp\/v2\/media?parent=15813"}],"wp:term":[{"taxonomy":"product_brand","embeddable":true,"href":"https:\/\/techmaster.com.vn\/en\/wp-json\/wp\/v2\/product_brand?post=15813"},{"taxonomy":"product_cat","embeddable":true,"href":"https:\/\/techmaster.com.vn\/en\/wp-json\/wp\/v2\/product_cat?post=15813"},{"taxonomy":"product_tag","embeddable":true,"href":"https:\/\/techmaster.com.vn\/en\/wp-json\/wp\/v2\/product_tag?post=15813"}],"curies":[{"name":"wp","href":"https:\/\/api.w.org\/{rel}","templated":true}]}}