{"id":15803,"date":"2020-12-14T11:47:43","date_gmt":"2020-12-14T04:47:43","guid":{"rendered":"https:\/\/techmaster.com.vn\/ampe-kim-phan-tich-cong-suat-extech-380976-k\/"},"modified":"2025-12-30T11:25:14","modified_gmt":"2025-12-30T04:25:14","slug":"extech-380976-k-power-clamp-meter-kit","status":"publish","type":"product","link":"https:\/\/techmaster.com.vn\/en\/extech-380976-k-power-clamp-meter-kit\/","title":{"rendered":"EXTECH 380976 K SINGLE PHASE\/THREE PHASE 1000A AC POWER CLAMP METER KIT"},"content":{"rendered":"<p><strong>SPECIFICATIONS EXTECH 380976-K SINGLE PHASE\/THREE PHASE 1000A AC POWER CLAMP METER KIT<\/strong><\/p>\n<p><strong>True Power (W)<\/strong><\/p>\n<p>Max Range \/ Resolution: 600kW \/ 10W<\/p>\n<p>Basic Accuracy: \u00b15%<\/p>\n<p><strong>Apparent Power(kVA)<\/strong><\/p>\n<p>Max Range \/ Resolution: 600kVA \/ 100VA<\/p>\n<p>Basic Accuracy: \u00b12%<\/p>\n<p><strong>Reactive Power (kVAR)<\/strong><\/p>\n<p>Max Range \/ Resolution: 600kVAR\/10VAR<\/p>\n<p>Basic Accuracy: \u00b15%<\/p>\n<p><strong>Horsepower (HP)<\/strong><\/p>\n<p>Max Range \/ Resolution: 800HP\/0.01HP<\/p>\n<p>Basic Accuracy: \u00b15%<\/p>\n<p><strong>Phase Angle (f)<\/strong><\/p>\n<p>Max Range \/ Resolution: -60 to +60\u00b0 \/ 0.1\u00b0<\/p>\n<p>Basic Accuracy: \u00b16\u00b0<\/p>\n<p><strong>AC Current: (Trms)<\/strong><\/p>\n<p>Max Range \/ Resolution: 1000A \/ 10mA<\/p>\n<p>Basic Accuracy: \u00b12%<\/p>\n<p><strong>uA Current (AC+DC) (Trms)<\/strong><\/p>\n<p>Max Range \/ Resolution: 1000\u00b5A \/ 10nA<\/p>\n<p>Basic Accuracy: \u00b11%<\/p>\n<p><strong>AC\/DC Voltage: (Trms)<\/strong><\/p>\n<p>Max Range \/ Resolution: 600V \/ 0.1mV<\/p>\n<p>Basic Accuracy: \u00b11%<\/p>\n<p><strong>Resistance (\u03a9)<\/strong><\/p>\n<p>Max Range \/ Resolution: 1000k\u03a9 \/ 0.1\u03a9<\/p>\n<p>Basic Accuracy: \u00b11%<\/p>\n<p><strong>Resistance (M\u03a9)<\/strong><\/p>\n<p>Max Range \/ Resolution: 100M\u03a9 \/ 1k\u03a9<\/p>\n<p>Basic Accuracy: \u00b15%<\/p>\n<p><strong>Capacitance<\/strong><\/p>\n<p>Max Range \/ Resolution: 7000\u00b5F \/ 1nF<\/p>\n<p>Basic Accuracy: \u00b11.5%<\/p>\n<p><strong>Frequency<\/strong><\/p>\n<p>+ Max Range \/ Resolution: 40Hz to 1kHz \/ 0.1Hz<\/p>\n<p>Basic Accuracy: \u00b10.5%<\/p>\n<p><strong>Temperature (Type K)<\/strong><\/p>\n<p>+ Max Range \/ Resolution: -58 to 1000\u00b0F \/ 0.1\u00b0F<\/p>\n<p>Basic Accuracy: \u00b11%<\/p>\n<p>+ Max Range \/ Resolution: -50 to 900\u00b0C \/ 0.1\u00b0C<\/p>\n<p>Basic Accuracy: \u00b11%<\/p>\n<p><strong>Dimensions:<\/strong> 9 x 3 x 1.6&#8243; (228 x 76 x 39mm)<\/p>\n<p><strong>Weight:<\/strong> 16.4oz (465g)<\/p>\n<h2><strong>Introduction Extech 380976-K<\/strong><\/h2>\n<p>The 380976-K is a Single Phase\/3 Phase 1,000 Amp AC Power Clamp Meter Kit. Measures 1\/3-Phase True Power (kW), Apparent Power (kVA), Reactive Power (kVAR), Horsepower (HP), Power Factor, and Phase Angle with Lead\/Lag indicator. Auto Detect AC\/DC Voltage measurements with simultaneous frequency display. In addition, the supplied test lead kit includes two CAT IV 72&#8243; test leads, 2 modular test probe handles, 2 plunger activated jaw clips, and 2 extra-large alligator clips. Complete with test lead kit, Type K probe, carrying case and 9V battery.<\/p>\n<p><a href=\"https:\/\/techmaster.com.vn\/wp-content\/uploads\/2020\/12\/ampe-kim-phan-tich-cong-suat-extech-380976-k-2.jpg\"><img loading=\"lazy\" decoding=\"async\" class=\"alignnone size-full wp-image-13469\" src=\"https:\/\/techmaster.com.vn\/wp-content\/uploads\/2020\/12\/ampe-kim-phan-tich-cong-suat-extech-380976-k-2.jpg\" alt=\"Ampe k\u00ecm ph\u00e2n t\u00edch c\u00f4ng su\u1ea5t Extech 380976-K (8)\" width=\"772\" height=\"346\" \/><\/a><\/p>\n<h2><strong>Features<\/strong><\/h2>\n<p>&#8211; 1.6&#8243; (40mm) clamp jaw opening and large dual LCD display (9999 count)<br \/>\n&#8211; Measures 1\/3-Phase True Power (kW), Apparent Power (kVA), Reactive Power (kVAR), Horsepower (HP), Power Factor, and Phase Angle with Lead\/Lag indicator<br \/>\n&#8211; AC+DC \u00b5A current with 10nA resolution for flame rod tests<br \/>\n&#8211; Auto Detect AC\/DC Voltage measurements with simultaneous frequency display (Extech 380976-K)<br \/>\n&#8211; Capacitance to 7000\u00b5F with 0.001\u00b5F resolution<br \/>\n&#8211; High Resistance tests to 100MOhm<br \/>\n&#8211; Type K, \u00b0C\/\u00b0F switchable, temperature to 1000\u00b0F<br \/>\n&#8211; Diode and Continuity tests<br \/>\n&#8211; Complete with test lead kit, general purpose Type K thermocouple probe, carrying case, and 9V battery<\/p>\n","protected":false},"excerpt":{"rendered":"<h2><strong>Key Features<\/strong><\/h2>\n<ul id=\"features\">\n<li>1.6&#8243; (40mm) clamp jaw opening and large dual LCD display (9999 count)<\/li>\n<li>AC+DC \u00b5A current with 10nA resolution for flame rod tests<\/li>\n<li>Auto Detect AC\/DC Voltage measurements with simultaneous frequency display<\/li>\n<li>Capacitance to 7000\u00b5F with 0.001\u00b5F resolution<\/li>\n<li>High Resistance tests to 100MOhm<\/li>\n<li>Type K, \u00b0C\/\u00b0F switchable, temperature to 1000\u00b0F<\/li>\n<\/ul>\n","protected":false},"featured_media":5682,"comment_status":"open","ping_status":"closed","template":"","meta":[],"product_brand":[],"product_cat":[274,286],"product_tag":[],"class_list":{"0":"post-15803","1":"product","2":"type-product","3":"status-publish","4":"has-post-thumbnail","6":"product_cat-electrical-measuring-instruments","7":"product_cat-power-meter","8":"pa_attribute-electricity","10":"first","11":"instock","12":"shipping-taxable","13":"product-type-grouped"},"yoast_head":"<!-- This site is optimized with the Yoast SEO Premium plugin v26.8 (Yoast SEO v26.8) - https:\/\/yoast.com\/product\/yoast-seo-premium-wordpress\/ -->\n<title>EXTECH 380976 K SINGLE PHASE\/THREE PHASE 1000A AC POWER CLAMP METER KIT - Techmaster Electronics JSC<\/title>\n<meta name=\"description\" content=\"The Extech 380976-K is a Single Phase\/3 Phase 1,000 Amp AC Power Clamp Meter Kit. Measures 1\/3-Phase True Power (kW), Apparent Power (kVA),\" \/>\n<meta name=\"robots\" content=\"index, follow, max-snippet:-1, max-image-preview:large, max-video-preview:-1\" \/>\n<link rel=\"canonical\" href=\"https:\/\/techmaster.com.vn\/en\/extech-380976-k-power-clamp-meter-kit\/\" \/>\n<meta property=\"og:locale\" content=\"en_US\" \/>\n<meta property=\"og:type\" content=\"article\" \/>\n<meta property=\"og:title\" content=\"EXTECH 380976 K SINGLE PHASE\/THREE PHASE 1000A AC POWER CLAMP METER KIT\" \/>\n<meta property=\"og:description\" content=\"The Extech 380976-K is a Single Phase\/3 Phase 1,000 Amp AC Power Clamp Meter Kit. Measures 1\/3-Phase True Power (kW), Apparent Power (kVA),\" \/>\n<meta property=\"og:url\" content=\"https:\/\/techmaster.com.vn\/en\/extech-380976-k-power-clamp-meter-kit\/\" \/>\n<meta property=\"og:site_name\" content=\"Techmaster Electronics JSC\" \/>\n<meta property=\"article:publisher\" content=\"https:\/\/www.facebook.com\/techmaster.electronics.jsc\" \/>\n<meta property=\"article:modified_time\" content=\"2025-12-30T04:25:14+00:00\" \/>\n<meta property=\"og:image\" content=\"https:\/\/techmaster.com.vn\/wp-content\/uploads\/2020\/12\/ampe-kim-phan-tich-cong-suat-extech-380976-k.jpg\" \/>\n\t<meta property=\"og:image:width\" content=\"450\" \/>\n\t<meta property=\"og:image:height\" content=\"450\" \/>\n\t<meta property=\"og:image:type\" content=\"image\/jpeg\" \/>\n<meta name=\"twitter:card\" content=\"summary_large_image\" \/>\n<meta name=\"twitter:site\" content=\"@techmastervn\" \/>\n<meta name=\"twitter:label1\" content=\"Availability\" \/>\n\t<meta name=\"twitter:data1\" content=\"In stock\" \/>\n<script type=\"application\/ld+json\" class=\"yoast-schema-graph\">{\"@context\":\"https:\/\/schema.org\",\"@graph\":[{\"@type\":\"WebPage\",\"@id\":\"https:\/\/techmaster.com.vn\/en\/extech-380976-k-power-clamp-meter-kit\/\",\"url\":\"https:\/\/techmaster.com.vn\/en\/extech-380976-k-power-clamp-meter-kit\/\",\"name\":\"EXTECH 380976 K SINGLE PHASE\/THREE PHASE 1000A AC POWER CLAMP METER KIT - Techmaster Electronics JSC\",\"isPartOf\":{\"@id\":\"https:\/\/techmaster.com.vn\/en\/#website\"},\"primaryImageOfPage\":{\"@id\":\"https:\/\/techmaster.com.vn\/en\/extech-380976-k-power-clamp-meter-kit\/#primaryimage\"},\"image\":{\"@id\":\"https:\/\/techmaster.com.vn\/en\/extech-380976-k-power-clamp-meter-kit\/#primaryimage\"},\"thumbnailUrl\":\"https:\/\/techmaster.com.vn\/wp-content\/uploads\/2020\/12\/ampe-kim-phan-tich-cong-suat-extech-380976-k.jpg\",\"datePublished\":\"2020-12-14T04:47:43+00:00\",\"dateModified\":\"2025-12-30T04:25:14+00:00\",\"description\":\"The Extech 380976-K is a Single Phase\/3 Phase 1,000 Amp AC Power Clamp Meter Kit. Measures 1\/3-Phase True Power (kW), Apparent Power (kVA),\",\"breadcrumb\":{\"@id\":\"https:\/\/techmaster.com.vn\/en\/extech-380976-k-power-clamp-meter-kit\/#breadcrumb\"},\"inLanguage\":\"en-US\",\"potentialAction\":[{\"@type\":\"ReadAction\",\"target\":[\"https:\/\/techmaster.com.vn\/en\/extech-380976-k-power-clamp-meter-kit\/\"]}]},{\"@type\":\"ImageObject\",\"inLanguage\":\"en-US\",\"@id\":\"https:\/\/techmaster.com.vn\/en\/extech-380976-k-power-clamp-meter-kit\/#primaryimage\",\"url\":\"https:\/\/techmaster.com.vn\/wp-content\/uploads\/2020\/12\/ampe-kim-phan-tich-cong-suat-extech-380976-k.jpg\",\"contentUrl\":\"https:\/\/techmaster.com.vn\/wp-content\/uploads\/2020\/12\/ampe-kim-phan-tich-cong-suat-extech-380976-k.jpg\",\"width\":450,\"height\":450,\"caption\":\"Ampe k\u00ecm ph\u00e2n t\u00edch c\u00f4ng su\u1ea5t Extech 380976-K\"},{\"@type\":\"BreadcrumbList\",\"@id\":\"https:\/\/techmaster.com.vn\/en\/extech-380976-k-power-clamp-meter-kit\/#breadcrumb\",\"itemListElement\":[{\"@type\":\"ListItem\",\"position\":1,\"name\":\"Trang ch\u1ee7\",\"item\":\"https:\/\/techmaster.com.vn\/en\/\"},{\"@type\":\"ListItem\",\"position\":2,\"name\":\"Shop\",\"item\":\"https:\/\/techmaster.com.vn\/san-pham\/\"},{\"@type\":\"ListItem\",\"position\":3,\"name\":\"EXTECH 380976 K SINGLE PHASE\/THREE PHASE 1000A AC POWER CLAMP METER KIT\"}]},{\"@type\":\"WebSite\",\"@id\":\"https:\/\/techmaster.com.vn\/en\/#website\",\"url\":\"https:\/\/techmaster.com.vn\/en\/\",\"name\":\"Techmaster Electronics JSC\",\"description\":\"\",\"publisher\":{\"@id\":\"https:\/\/techmaster.com.vn\/en\/#organization\"},\"potentialAction\":[{\"@type\":\"SearchAction\",\"target\":{\"@type\":\"EntryPoint\",\"urlTemplate\":\"https:\/\/techmaster.com.vn\/en\/?s={search_term_string}\"},\"query-input\":{\"@type\":\"PropertyValueSpecification\",\"valueRequired\":true,\"valueName\":\"search_term_string\"}}],\"inLanguage\":\"en-US\"},{\"@type\":[\"Organization\",\"Place\"],\"@id\":\"https:\/\/techmaster.com.vn\/en\/#organization\",\"name\":\"Techmaster Electronics JSC\",\"url\":\"https:\/\/techmaster.com.vn\/en\/\",\"logo\":{\"@id\":\"https:\/\/techmaster.com.vn\/en\/extech-380976-k-power-clamp-meter-kit\/#local-main-organization-logo\"},\"image\":{\"@id\":\"https:\/\/techmaster.com.vn\/en\/extech-380976-k-power-clamp-meter-kit\/#local-main-organization-logo\"},\"sameAs\":[\"https:\/\/www.facebook.com\/techmaster.electronics.jsc\",\"https:\/\/x.com\/techmastervn\",\"https:\/\/www.instagram.com\/techmastervietnam\",\"https:\/\/myspace.com\/techmastervietnam\",\"https:\/\/www.youtube.com\/c\/TechmasterElectronicsJSC\",\"https:\/\/www.pinterest.com\/techmasterelectronicsjsc\/\",\"https:\/\/vi.wikipedia.org\/wiki\/Th\u00e0nh_vi\u00ean:Techmastervietnam\",\"https:\/\/twitter.com\/techmastervn\",\"https:\/\/www.linkedin.com\/company\/techmaster-vietnam\/\"],\"telephone\":[],\"contactPoint\":{\"@type\":\"ContactPoint\",\"email\":\"marketing@techmaster.com.vn\"},\"openingHoursSpecification\":[{\"@type\":\"OpeningHoursSpecification\",\"dayOfWeek\":[\"Monday\",\"Tuesday\",\"Wednesday\",\"Thursday\",\"Friday\",\"Saturday\",\"Sunday\"],\"opens\":\"09:00\",\"closes\":\"17:00\"}],\"email\":\"marketing@techmaster.com.vn\",\"areaServed\":\"Vietnam\"},{\"@type\":\"ImageObject\",\"inLanguage\":\"en-US\",\"@id\":\"https:\/\/techmaster.com.vn\/en\/extech-380976-k-power-clamp-meter-kit\/#local-main-organization-logo\",\"url\":\"https:\/\/techmaster.com.vn\/wp-content\/uploads\/2021\/04\/techmaster-logo-homepage.png\",\"contentUrl\":\"https:\/\/techmaster.com.vn\/wp-content\/uploads\/2021\/04\/techmaster-logo-homepage.png\",\"width\":335,\"height\":62,\"caption\":\"Techmaster Electronics JSC\"}]}<\/script>\n<meta property=\"og:availability\" content=\"instock\" \/>\n<meta property=\"product:availability\" content=\"instock\" \/>\n<meta property=\"product:condition\" content=\"new\" \/>\n<!-- \/ Yoast SEO Premium plugin. -->","yoast_head_json":{"title":"EXTECH 380976 K SINGLE PHASE\/THREE PHASE 1000A AC POWER CLAMP METER KIT - Techmaster Electronics JSC","description":"The Extech 380976-K is a Single Phase\/3 Phase 1,000 Amp AC Power Clamp Meter Kit. Measures 1\/3-Phase True Power (kW), Apparent Power (kVA),","robots":{"index":"index","follow":"follow","max-snippet":"max-snippet:-1","max-image-preview":"max-image-preview:large","max-video-preview":"max-video-preview:-1"},"canonical":"https:\/\/techmaster.com.vn\/en\/extech-380976-k-power-clamp-meter-kit\/","og_locale":"en_US","og_type":"article","og_title":"EXTECH 380976 K SINGLE PHASE\/THREE PHASE 1000A AC POWER CLAMP METER KIT","og_description":"The Extech 380976-K is a Single Phase\/3 Phase 1,000 Amp AC Power Clamp Meter Kit. Measures 1\/3-Phase True Power (kW), Apparent Power (kVA),","og_url":"https:\/\/techmaster.com.vn\/en\/extech-380976-k-power-clamp-meter-kit\/","og_site_name":"Techmaster Electronics JSC","article_publisher":"https:\/\/www.facebook.com\/techmaster.electronics.jsc","article_modified_time":"2025-12-30T04:25:14+00:00","og_image":[{"width":450,"height":450,"url":"https:\/\/techmaster.com.vn\/wp-content\/uploads\/2020\/12\/ampe-kim-phan-tich-cong-suat-extech-380976-k.jpg","type":"image\/jpeg"}],"twitter_card":"summary_large_image","twitter_site":"@techmastervn","twitter_misc":{"Availability":"In stock"},"schema":{"@context":"https:\/\/schema.org","@graph":[{"@type":"WebPage","@id":"https:\/\/techmaster.com.vn\/en\/extech-380976-k-power-clamp-meter-kit\/","url":"https:\/\/techmaster.com.vn\/en\/extech-380976-k-power-clamp-meter-kit\/","name":"EXTECH 380976 K SINGLE PHASE\/THREE PHASE 1000A AC POWER CLAMP METER KIT - Techmaster Electronics JSC","isPartOf":{"@id":"https:\/\/techmaster.com.vn\/en\/#website"},"primaryImageOfPage":{"@id":"https:\/\/techmaster.com.vn\/en\/extech-380976-k-power-clamp-meter-kit\/#primaryimage"},"image":{"@id":"https:\/\/techmaster.com.vn\/en\/extech-380976-k-power-clamp-meter-kit\/#primaryimage"},"thumbnailUrl":"https:\/\/techmaster.com.vn\/wp-content\/uploads\/2020\/12\/ampe-kim-phan-tich-cong-suat-extech-380976-k.jpg","datePublished":"2020-12-14T04:47:43+00:00","dateModified":"2025-12-30T04:25:14+00:00","description":"The Extech 380976-K is a Single Phase\/3 Phase 1,000 Amp AC Power Clamp Meter Kit. Measures 1\/3-Phase True Power (kW), Apparent Power (kVA),","breadcrumb":{"@id":"https:\/\/techmaster.com.vn\/en\/extech-380976-k-power-clamp-meter-kit\/#breadcrumb"},"inLanguage":"en-US","potentialAction":[{"@type":"ReadAction","target":["https:\/\/techmaster.com.vn\/en\/extech-380976-k-power-clamp-meter-kit\/"]}]},{"@type":"ImageObject","inLanguage":"en-US","@id":"https:\/\/techmaster.com.vn\/en\/extech-380976-k-power-clamp-meter-kit\/#primaryimage","url":"https:\/\/techmaster.com.vn\/wp-content\/uploads\/2020\/12\/ampe-kim-phan-tich-cong-suat-extech-380976-k.jpg","contentUrl":"https:\/\/techmaster.com.vn\/wp-content\/uploads\/2020\/12\/ampe-kim-phan-tich-cong-suat-extech-380976-k.jpg","width":450,"height":450,"caption":"Ampe k\u00ecm ph\u00e2n t\u00edch c\u00f4ng su\u1ea5t Extech 380976-K"},{"@type":"BreadcrumbList","@id":"https:\/\/techmaster.com.vn\/en\/extech-380976-k-power-clamp-meter-kit\/#breadcrumb","itemListElement":[{"@type":"ListItem","position":1,"name":"Trang ch\u1ee7","item":"https:\/\/techmaster.com.vn\/en\/"},{"@type":"ListItem","position":2,"name":"Shop","item":"https:\/\/techmaster.com.vn\/san-pham\/"},{"@type":"ListItem","position":3,"name":"EXTECH 380976 K SINGLE PHASE\/THREE PHASE 1000A AC POWER CLAMP METER KIT"}]},{"@type":"WebSite","@id":"https:\/\/techmaster.com.vn\/en\/#website","url":"https:\/\/techmaster.com.vn\/en\/","name":"Techmaster Electronics JSC","description":"","publisher":{"@id":"https:\/\/techmaster.com.vn\/en\/#organization"},"potentialAction":[{"@type":"SearchAction","target":{"@type":"EntryPoint","urlTemplate":"https:\/\/techmaster.com.vn\/en\/?s={search_term_string}"},"query-input":{"@type":"PropertyValueSpecification","valueRequired":true,"valueName":"search_term_string"}}],"inLanguage":"en-US"},{"@type":["Organization","Place"],"@id":"https:\/\/techmaster.com.vn\/en\/#organization","name":"Techmaster Electronics JSC","url":"https:\/\/techmaster.com.vn\/en\/","logo":{"@id":"https:\/\/techmaster.com.vn\/en\/extech-380976-k-power-clamp-meter-kit\/#local-main-organization-logo"},"image":{"@id":"https:\/\/techmaster.com.vn\/en\/extech-380976-k-power-clamp-meter-kit\/#local-main-organization-logo"},"sameAs":["https:\/\/www.facebook.com\/techmaster.electronics.jsc","https:\/\/x.com\/techmastervn","https:\/\/www.instagram.com\/techmastervietnam","https:\/\/myspace.com\/techmastervietnam","https:\/\/www.youtube.com\/c\/TechmasterElectronicsJSC","https:\/\/www.pinterest.com\/techmasterelectronicsjsc\/","https:\/\/vi.wikipedia.org\/wiki\/Th\u00e0nh_vi\u00ean:Techmastervietnam","https:\/\/twitter.com\/techmastervn","https:\/\/www.linkedin.com\/company\/techmaster-vietnam\/"],"telephone":[],"contactPoint":{"@type":"ContactPoint","email":"marketing@techmaster.com.vn"},"openingHoursSpecification":[{"@type":"OpeningHoursSpecification","dayOfWeek":["Monday","Tuesday","Wednesday","Thursday","Friday","Saturday","Sunday"],"opens":"09:00","closes":"17:00"}],"email":"marketing@techmaster.com.vn","areaServed":"Vietnam"},{"@type":"ImageObject","inLanguage":"en-US","@id":"https:\/\/techmaster.com.vn\/en\/extech-380976-k-power-clamp-meter-kit\/#local-main-organization-logo","url":"https:\/\/techmaster.com.vn\/wp-content\/uploads\/2021\/04\/techmaster-logo-homepage.png","contentUrl":"https:\/\/techmaster.com.vn\/wp-content\/uploads\/2021\/04\/techmaster-logo-homepage.png","width":335,"height":62,"caption":"Techmaster Electronics JSC"}]},"og_availability":"instock","product_availability":"instock","product_condition":"new"},"_links":{"self":[{"href":"https:\/\/techmaster.com.vn\/en\/wp-json\/wp\/v2\/product\/15803","targetHints":{"allow":["GET"]}}],"collection":[{"href":"https:\/\/techmaster.com.vn\/en\/wp-json\/wp\/v2\/product"}],"about":[{"href":"https:\/\/techmaster.com.vn\/en\/wp-json\/wp\/v2\/types\/product"}],"replies":[{"embeddable":true,"href":"https:\/\/techmaster.com.vn\/en\/wp-json\/wp\/v2\/comments?post=15803"}],"wp:featuredmedia":[{"embeddable":true,"href":"https:\/\/techmaster.com.vn\/en\/wp-json\/wp\/v2\/media\/5682"}],"wp:attachment":[{"href":"https:\/\/techmaster.com.vn\/en\/wp-json\/wp\/v2\/media?parent=15803"}],"wp:term":[{"taxonomy":"product_brand","embeddable":true,"href":"https:\/\/techmaster.com.vn\/en\/wp-json\/wp\/v2\/product_brand?post=15803"},{"taxonomy":"product_cat","embeddable":true,"href":"https:\/\/techmaster.com.vn\/en\/wp-json\/wp\/v2\/product_cat?post=15803"},{"taxonomy":"product_tag","embeddable":true,"href":"https:\/\/techmaster.com.vn\/en\/wp-json\/wp\/v2\/product_tag?post=15803"}],"curies":[{"name":"wp","href":"https:\/\/api.w.org\/{rel}","templated":true}]}}