{"id":15789,"date":"2020-12-14T11:51:15","date_gmt":"2020-12-14T04:51:15","guid":{"rendered":"https:\/\/techmaster.com.vn\/thiet-bi-do-phan-tich-cong-suat-extech-382100\/"},"modified":"2022-02-14T14:33:54","modified_gmt":"2022-02-14T07:33:54","slug":"extech-382100-1200a-3-phase-power-analyzer-datalogger","status":"publish","type":"product","link":"https:\/\/techmaster.com.vn\/en\/extech-382100-1200a-3-phase-power-analyzer-datalogger\/","title":{"rendered":"EXTECH 382100 1200A 3-PHASE POWER ANALYZER\/DATALOGGER"},"content":{"rendered":"<div class=\"ellipsis_detail\">\n<p><strong>SPECIFICATIONS EXTECH 382100 1200A 3-PHASE POWER ANALYZER\/DATALOGGER<\/strong><\/p>\n<p><strong>ACV (True rms)<\/strong><\/p>\n<p>Range: 600.0V<\/p>\n<p>Basic Accuracy: \u00b1(0.5%rdg+0.5V)<\/p>\n<p><strong>ACA<\/strong><\/p>\n<p>Range: 1200A<\/p>\n<p>Basic Accuracy: \u00b1(0.5%rdg+0.5A)<\/p>\n<p><strong>Active Power (MW)<\/strong><\/p>\n<p>Range: 9.999MW<\/p>\n<p>Basic Accuracy: \u00b1(1.0%rdg+0.08KW)<\/p>\n<p><strong>Apparent Power (MVA)<\/strong><\/p>\n<p>Range: 9.999MVA<\/p>\n<p>Basic Accuracy: \u00b1(1.0%rdg+0.08KVA)<\/p>\n<p><strong>Reactive Power (MVAR)<\/strong><\/p>\n<p>Range: 9.999MVAR<\/p>\n<p>Basic Accuracy: \u00b1(1.0%rdg+0.08KVAR)<\/p>\n<p><strong>Power Factor<\/strong><\/p>\n<p>Range: 0.00 to 1.00<\/p>\n<p>Basic Accuracy: \u00b10.04<\/p>\n<p><strong>Frequency Range<\/strong><\/p>\n<p>Range: 45Hz to 65Hz<\/p>\n<p>Basic Accuracy: \u00b10.1Hz<\/p>\n<p><strong>Phase<\/strong><\/p>\n<p>Range: -180\u00b0 to +180.0\u00b0<\/p>\n<p>Basic Accuracy: \u00b11\u00b0<\/p>\n<p><strong>Active Power Energy (MWh)<\/strong><\/p>\n<p>Range: 0.0kWh to 9.999MWHr<\/p>\n<p>Basic Accuracy: \u00b1(2.0%rdg+0.08KWh)<\/p>\n<p><strong>Apparent Power Energy (MVAh)<\/strong><\/p>\n<p>Range: 0.0KVAh to 9.999MVAh<\/p>\n<p>Basic Accuracy: \u00b1(2.0%rdg+0.08KVAh)<\/p>\n<p><strong>Reactive Power Energy (MVARh)<\/strong><\/p>\n<p>Range: 0.0kVARh to 9.999MVARh<\/p>\n<p>Basic Accuracy: \u00b1(2.0%rdg+0.08KVARh)<\/p>\n<p><strong>Datalogging: <\/strong>60,000 readings (2GB SD memory Card)<\/p>\n<p><strong>CE\/CAT rating: <\/strong>CE\/CAT III-600V<\/p>\n<p><strong>Dimensions: <\/strong>8.9 x 2.5 x 1.3&#8243; (225 x 125 x 64mm)<\/p>\n<p><strong>Weight: Meter: <\/strong>2.3lbs (1049g); Clamp: 1.2lbs (522g)<\/p>\n<p><strong style=\"font-size: 23.040000915527344px; color: #333333;\">Introduction Extech 382100<\/strong><\/p>\n<\/div>\n<p>The 382100 is a 3-Phase Power Analyzer\/Datalogger that saves data (up to 30,000 sets of measurements) on an SD card in Excel format for easy transfer to your PC. It provides a full system analysis with up to 35 parameters including: V (phase-to-phase), V (phase-to-ground) &#8211; A (phase-to-ground), KW \/ KVA \/ KVAR \/ PF (phase), KW \/ KVA \/ KVAR \/ PF (system), KWH \/ KVAH \/ KVARH \/ PFH (system), and Phase Angle. Readings are displayed on a large, dot matrix, sun-readable, backlit LCD. Comes with three current clamps, four voltage leads with alligator clips, eight AA batteries, an SD memory card, a Universal AC adapter (100 to 240V), a case, and a user manual.<\/p>\n<p><a href=\"https:\/\/techmaster.com.vn\/wp-content\/uploads\/2020\/12\/thiet-bi-do-phan-tich-cong-suat-extech-pq3450-5.jpg\"><img loading=\"lazy\" decoding=\"async\" class=\"alignnone wp-image-13475 size-full\" src=\"https:\/\/techmaster.com.vn\/wp-content\/uploads\/2020\/12\/thiet-bi-do-phan-tich-cong-suat-extech-pq3450-5.jpg\" alt=\"Thi\u1ebft b\u1ecb \u0111o ph\u00e2n t\u00edch c\u00f4ng su\u1ea5t Extech PQ3450 (8)\" width=\"772\" height=\"346\" \/><\/a><\/p>\n<h2><strong>Features\u00a0<strong style=\"font-size: 23.040000915527344px; color: #333333;\">Extech 382100<\/strong><\/strong><\/h2>\n<p>&#8211; Single-phase, 3-phase\/3-wire or 3-phase\/4-wire systems<br \/>\n&#8211; Large backlighting LCD displays 35 parameters simultaneously (MW, kVAR, MVA, PF plus the voltage and current of the 3 phases)<br \/>\n&#8211; Displays Active Power (kW), Apparent Power (kVA), Reactive Power (kVAR), and Power Factor<br \/>\n&#8211; Current measurements to 1200A and Voltage measurements to 600V<br \/>\n&#8211; MWH, MVAh, MVARh energy measurements<br \/>\n&#8211; Adjustable CT ratio (1 to 600) and PT ratio (1 to 1000)<br \/>\n&#8211; Automatically logs up to 30,000 sets of measurements with a 2GB SD memory card<br \/>\n&#8211; User-programmable sampling time from 2 to 7200 seconds<\/p>\n","protected":false},"excerpt":{"rendered":"<h2><strong>Key Features<\/strong><\/h2>\n<ul>\n<li>Single phase, 3-phase\/3-wire or 3-phase\/4-wire systems<\/li>\n<li>Large backlighting LCD displays 35 parameters simultaneously (MW, kVAR, MVA, PF plus the voltage and current of the 3 phases)<\/li>\n<li>Displays Active Power (kW), Apparent Power (kVA), Reactive Power (kVAR) and Power Factor<\/li>\n<li>Current measurements to 1200A and Voltage measurements to 600V<\/li>\n<li>Automatically logs up to 30,000 sets of measurements with 2GB SD memory card<\/li>\n<\/ul>\n","protected":false},"featured_media":5702,"comment_status":"open","ping_status":"closed","template":"","meta":[],"product_brand":[],"product_cat":[274,286],"product_tag":[],"class_list":{"0":"post-15789","1":"product","2":"type-product","3":"status-publish","4":"has-post-thumbnail","6":"product_cat-electrical-measuring-instruments","7":"product_cat-power-meter","8":"pa_attribute-electricity","10":"first","11":"instock","12":"shipping-taxable","13":"product-type-grouped"},"yoast_head":"<!-- This site is optimized with the Yoast SEO Premium plugin v26.8 (Yoast SEO v26.8) - https:\/\/yoast.com\/product\/yoast-seo-premium-wordpress\/ -->\n<title>EXTECH 382100 1200A 3-PHASE POWER ANALYZER\/DATALOGGER - Techmaster Electronics JSC<\/title>\n<meta name=\"description\" content=\"The Extech 382100 Single phase, 3-phase\/3-wire or 3-phase\/4-wire systems. Adjustable CT ratio (1 to 600) and PT ratio (1 to 1000)\" \/>\n<meta name=\"robots\" content=\"index, follow, max-snippet:-1, max-image-preview:large, max-video-preview:-1\" \/>\n<link rel=\"canonical\" href=\"https:\/\/techmaster.com.vn\/en\/extech-382100-1200a-3-phase-power-analyzer-datalogger\/\" \/>\n<meta property=\"og:locale\" content=\"en_US\" \/>\n<meta property=\"og:type\" content=\"article\" \/>\n<meta property=\"og:title\" content=\"EXTECH 382100 1200A 3-PHASE POWER ANALYZER\/DATALOGGER\" \/>\n<meta property=\"og:description\" content=\"The Extech 382100 Single phase, 3-phase\/3-wire or 3-phase\/4-wire systems. Adjustable CT ratio (1 to 600) and PT ratio (1 to 1000)\" \/>\n<meta property=\"og:url\" content=\"https:\/\/techmaster.com.vn\/en\/extech-382100-1200a-3-phase-power-analyzer-datalogger\/\" \/>\n<meta property=\"og:site_name\" content=\"Techmaster Electronics JSC\" \/>\n<meta property=\"article:publisher\" content=\"https:\/\/www.facebook.com\/techmaster.electronics.jsc\" \/>\n<meta property=\"article:modified_time\" content=\"2022-02-14T07:33:54+00:00\" \/>\n<meta property=\"og:image\" content=\"https:\/\/techmaster.com.vn\/wp-content\/uploads\/2020\/12\/thiet-bi-do-phan-tich-cong-suat-extech-382100.jpg\" \/>\n\t<meta property=\"og:image:width\" content=\"450\" \/>\n\t<meta property=\"og:image:height\" content=\"450\" \/>\n\t<meta property=\"og:image:type\" content=\"image\/jpeg\" \/>\n<meta name=\"twitter:card\" content=\"summary_large_image\" \/>\n<meta name=\"twitter:site\" content=\"@techmastervn\" \/>\n<meta name=\"twitter:label1\" content=\"Availability\" \/>\n\t<meta name=\"twitter:data1\" content=\"In stock\" \/>\n<script type=\"application\/ld+json\" class=\"yoast-schema-graph\">{\"@context\":\"https:\/\/schema.org\",\"@graph\":[{\"@type\":\"WebPage\",\"@id\":\"https:\/\/techmaster.com.vn\/en\/extech-382100-1200a-3-phase-power-analyzer-datalogger\/\",\"url\":\"https:\/\/techmaster.com.vn\/en\/extech-382100-1200a-3-phase-power-analyzer-datalogger\/\",\"name\":\"EXTECH 382100 1200A 3-PHASE POWER ANALYZER\/DATALOGGER - Techmaster Electronics JSC\",\"isPartOf\":{\"@id\":\"https:\/\/techmaster.com.vn\/en\/#website\"},\"primaryImageOfPage\":{\"@id\":\"https:\/\/techmaster.com.vn\/en\/extech-382100-1200a-3-phase-power-analyzer-datalogger\/#primaryimage\"},\"image\":{\"@id\":\"https:\/\/techmaster.com.vn\/en\/extech-382100-1200a-3-phase-power-analyzer-datalogger\/#primaryimage\"},\"thumbnailUrl\":\"https:\/\/techmaster.com.vn\/wp-content\/uploads\/2020\/12\/thiet-bi-do-phan-tich-cong-suat-extech-382100.jpg\",\"datePublished\":\"2020-12-14T04:51:15+00:00\",\"dateModified\":\"2022-02-14T07:33:54+00:00\",\"description\":\"The Extech 382100 Single phase, 3-phase\/3-wire or 3-phase\/4-wire systems. Adjustable CT ratio (1 to 600) and PT ratio (1 to 1000)\",\"breadcrumb\":{\"@id\":\"https:\/\/techmaster.com.vn\/en\/extech-382100-1200a-3-phase-power-analyzer-datalogger\/#breadcrumb\"},\"inLanguage\":\"en-US\",\"potentialAction\":[{\"@type\":\"ReadAction\",\"target\":[\"https:\/\/techmaster.com.vn\/en\/extech-382100-1200a-3-phase-power-analyzer-datalogger\/\"]}]},{\"@type\":\"ImageObject\",\"inLanguage\":\"en-US\",\"@id\":\"https:\/\/techmaster.com.vn\/en\/extech-382100-1200a-3-phase-power-analyzer-datalogger\/#primaryimage\",\"url\":\"https:\/\/techmaster.com.vn\/wp-content\/uploads\/2020\/12\/thiet-bi-do-phan-tich-cong-suat-extech-382100.jpg\",\"contentUrl\":\"https:\/\/techmaster.com.vn\/wp-content\/uploads\/2020\/12\/thiet-bi-do-phan-tich-cong-suat-extech-382100.jpg\",\"width\":450,\"height\":450,\"caption\":\"Thi\u1ebft b\u1ecb \u0111o ph\u00e2n t\u00edch c\u00f4ng su\u1ea5t Extech 382100\"},{\"@type\":\"BreadcrumbList\",\"@id\":\"https:\/\/techmaster.com.vn\/en\/extech-382100-1200a-3-phase-power-analyzer-datalogger\/#breadcrumb\",\"itemListElement\":[{\"@type\":\"ListItem\",\"position\":1,\"name\":\"Trang ch\u1ee7\",\"item\":\"https:\/\/techmaster.com.vn\/en\/\"},{\"@type\":\"ListItem\",\"position\":2,\"name\":\"Shop\",\"item\":\"https:\/\/techmaster.com.vn\/san-pham\/\"},{\"@type\":\"ListItem\",\"position\":3,\"name\":\"EXTECH 382100 1200A 3-PHASE POWER ANALYZER\/DATALOGGER\"}]},{\"@type\":\"WebSite\",\"@id\":\"https:\/\/techmaster.com.vn\/en\/#website\",\"url\":\"https:\/\/techmaster.com.vn\/en\/\",\"name\":\"Techmaster Electronics JSC\",\"description\":\"\",\"publisher\":{\"@id\":\"https:\/\/techmaster.com.vn\/en\/#organization\"},\"potentialAction\":[{\"@type\":\"SearchAction\",\"target\":{\"@type\":\"EntryPoint\",\"urlTemplate\":\"https:\/\/techmaster.com.vn\/en\/?s={search_term_string}\"},\"query-input\":{\"@type\":\"PropertyValueSpecification\",\"valueRequired\":true,\"valueName\":\"search_term_string\"}}],\"inLanguage\":\"en-US\"},{\"@type\":[\"Organization\",\"Place\"],\"@id\":\"https:\/\/techmaster.com.vn\/en\/#organization\",\"name\":\"Techmaster Electronics JSC\",\"url\":\"https:\/\/techmaster.com.vn\/en\/\",\"logo\":{\"@id\":\"https:\/\/techmaster.com.vn\/en\/extech-382100-1200a-3-phase-power-analyzer-datalogger\/#local-main-organization-logo\"},\"image\":{\"@id\":\"https:\/\/techmaster.com.vn\/en\/extech-382100-1200a-3-phase-power-analyzer-datalogger\/#local-main-organization-logo\"},\"sameAs\":[\"https:\/\/www.facebook.com\/techmaster.electronics.jsc\",\"https:\/\/x.com\/techmastervn\",\"https:\/\/www.instagram.com\/techmastervietnam\",\"https:\/\/myspace.com\/techmastervietnam\",\"https:\/\/www.youtube.com\/c\/TechmasterElectronicsJSC\",\"https:\/\/www.pinterest.com\/techmasterelectronicsjsc\/\",\"https:\/\/vi.wikipedia.org\/wiki\/Th\u00e0nh_vi\u00ean:Techmastervietnam\",\"https:\/\/twitter.com\/techmastervn\",\"https:\/\/www.linkedin.com\/company\/techmaster-vietnam\/\"],\"telephone\":[],\"contactPoint\":{\"@type\":\"ContactPoint\",\"email\":\"marketing@techmaster.com.vn\"},\"openingHoursSpecification\":[{\"@type\":\"OpeningHoursSpecification\",\"dayOfWeek\":[\"Monday\",\"Tuesday\",\"Wednesday\",\"Thursday\",\"Friday\",\"Saturday\",\"Sunday\"],\"opens\":\"09:00\",\"closes\":\"17:00\"}],\"email\":\"marketing@techmaster.com.vn\",\"areaServed\":\"Vietnam\"},{\"@type\":\"ImageObject\",\"inLanguage\":\"en-US\",\"@id\":\"https:\/\/techmaster.com.vn\/en\/extech-382100-1200a-3-phase-power-analyzer-datalogger\/#local-main-organization-logo\",\"url\":\"https:\/\/techmaster.com.vn\/wp-content\/uploads\/2021\/04\/techmaster-logo-homepage.png\",\"contentUrl\":\"https:\/\/techmaster.com.vn\/wp-content\/uploads\/2021\/04\/techmaster-logo-homepage.png\",\"width\":335,\"height\":62,\"caption\":\"Techmaster Electronics JSC\"}]}<\/script>\n<meta property=\"og:availability\" content=\"instock\" \/>\n<meta property=\"product:availability\" content=\"instock\" \/>\n<meta property=\"product:condition\" content=\"new\" \/>\n<!-- \/ Yoast SEO Premium plugin. -->","yoast_head_json":{"title":"EXTECH 382100 1200A 3-PHASE POWER ANALYZER\/DATALOGGER - Techmaster Electronics JSC","description":"The Extech 382100 Single phase, 3-phase\/3-wire or 3-phase\/4-wire systems. Adjustable CT ratio (1 to 600) and PT ratio (1 to 1000)","robots":{"index":"index","follow":"follow","max-snippet":"max-snippet:-1","max-image-preview":"max-image-preview:large","max-video-preview":"max-video-preview:-1"},"canonical":"https:\/\/techmaster.com.vn\/en\/extech-382100-1200a-3-phase-power-analyzer-datalogger\/","og_locale":"en_US","og_type":"article","og_title":"EXTECH 382100 1200A 3-PHASE POWER ANALYZER\/DATALOGGER","og_description":"The Extech 382100 Single phase, 3-phase\/3-wire or 3-phase\/4-wire systems. Adjustable CT ratio (1 to 600) and PT ratio (1 to 1000)","og_url":"https:\/\/techmaster.com.vn\/en\/extech-382100-1200a-3-phase-power-analyzer-datalogger\/","og_site_name":"Techmaster Electronics JSC","article_publisher":"https:\/\/www.facebook.com\/techmaster.electronics.jsc","article_modified_time":"2022-02-14T07:33:54+00:00","og_image":[{"width":450,"height":450,"url":"https:\/\/techmaster.com.vn\/wp-content\/uploads\/2020\/12\/thiet-bi-do-phan-tich-cong-suat-extech-382100.jpg","type":"image\/jpeg"}],"twitter_card":"summary_large_image","twitter_site":"@techmastervn","twitter_misc":{"Availability":"In stock"},"schema":{"@context":"https:\/\/schema.org","@graph":[{"@type":"WebPage","@id":"https:\/\/techmaster.com.vn\/en\/extech-382100-1200a-3-phase-power-analyzer-datalogger\/","url":"https:\/\/techmaster.com.vn\/en\/extech-382100-1200a-3-phase-power-analyzer-datalogger\/","name":"EXTECH 382100 1200A 3-PHASE POWER ANALYZER\/DATALOGGER - Techmaster Electronics JSC","isPartOf":{"@id":"https:\/\/techmaster.com.vn\/en\/#website"},"primaryImageOfPage":{"@id":"https:\/\/techmaster.com.vn\/en\/extech-382100-1200a-3-phase-power-analyzer-datalogger\/#primaryimage"},"image":{"@id":"https:\/\/techmaster.com.vn\/en\/extech-382100-1200a-3-phase-power-analyzer-datalogger\/#primaryimage"},"thumbnailUrl":"https:\/\/techmaster.com.vn\/wp-content\/uploads\/2020\/12\/thiet-bi-do-phan-tich-cong-suat-extech-382100.jpg","datePublished":"2020-12-14T04:51:15+00:00","dateModified":"2022-02-14T07:33:54+00:00","description":"The Extech 382100 Single phase, 3-phase\/3-wire or 3-phase\/4-wire systems. Adjustable CT ratio (1 to 600) and PT ratio (1 to 1000)","breadcrumb":{"@id":"https:\/\/techmaster.com.vn\/en\/extech-382100-1200a-3-phase-power-analyzer-datalogger\/#breadcrumb"},"inLanguage":"en-US","potentialAction":[{"@type":"ReadAction","target":["https:\/\/techmaster.com.vn\/en\/extech-382100-1200a-3-phase-power-analyzer-datalogger\/"]}]},{"@type":"ImageObject","inLanguage":"en-US","@id":"https:\/\/techmaster.com.vn\/en\/extech-382100-1200a-3-phase-power-analyzer-datalogger\/#primaryimage","url":"https:\/\/techmaster.com.vn\/wp-content\/uploads\/2020\/12\/thiet-bi-do-phan-tich-cong-suat-extech-382100.jpg","contentUrl":"https:\/\/techmaster.com.vn\/wp-content\/uploads\/2020\/12\/thiet-bi-do-phan-tich-cong-suat-extech-382100.jpg","width":450,"height":450,"caption":"Thi\u1ebft b\u1ecb \u0111o ph\u00e2n t\u00edch c\u00f4ng su\u1ea5t Extech 382100"},{"@type":"BreadcrumbList","@id":"https:\/\/techmaster.com.vn\/en\/extech-382100-1200a-3-phase-power-analyzer-datalogger\/#breadcrumb","itemListElement":[{"@type":"ListItem","position":1,"name":"Trang ch\u1ee7","item":"https:\/\/techmaster.com.vn\/en\/"},{"@type":"ListItem","position":2,"name":"Shop","item":"https:\/\/techmaster.com.vn\/san-pham\/"},{"@type":"ListItem","position":3,"name":"EXTECH 382100 1200A 3-PHASE POWER ANALYZER\/DATALOGGER"}]},{"@type":"WebSite","@id":"https:\/\/techmaster.com.vn\/en\/#website","url":"https:\/\/techmaster.com.vn\/en\/","name":"Techmaster Electronics JSC","description":"","publisher":{"@id":"https:\/\/techmaster.com.vn\/en\/#organization"},"potentialAction":[{"@type":"SearchAction","target":{"@type":"EntryPoint","urlTemplate":"https:\/\/techmaster.com.vn\/en\/?s={search_term_string}"},"query-input":{"@type":"PropertyValueSpecification","valueRequired":true,"valueName":"search_term_string"}}],"inLanguage":"en-US"},{"@type":["Organization","Place"],"@id":"https:\/\/techmaster.com.vn\/en\/#organization","name":"Techmaster Electronics JSC","url":"https:\/\/techmaster.com.vn\/en\/","logo":{"@id":"https:\/\/techmaster.com.vn\/en\/extech-382100-1200a-3-phase-power-analyzer-datalogger\/#local-main-organization-logo"},"image":{"@id":"https:\/\/techmaster.com.vn\/en\/extech-382100-1200a-3-phase-power-analyzer-datalogger\/#local-main-organization-logo"},"sameAs":["https:\/\/www.facebook.com\/techmaster.electronics.jsc","https:\/\/x.com\/techmastervn","https:\/\/www.instagram.com\/techmastervietnam","https:\/\/myspace.com\/techmastervietnam","https:\/\/www.youtube.com\/c\/TechmasterElectronicsJSC","https:\/\/www.pinterest.com\/techmasterelectronicsjsc\/","https:\/\/vi.wikipedia.org\/wiki\/Th\u00e0nh_vi\u00ean:Techmastervietnam","https:\/\/twitter.com\/techmastervn","https:\/\/www.linkedin.com\/company\/techmaster-vietnam\/"],"telephone":[],"contactPoint":{"@type":"ContactPoint","email":"marketing@techmaster.com.vn"},"openingHoursSpecification":[{"@type":"OpeningHoursSpecification","dayOfWeek":["Monday","Tuesday","Wednesday","Thursday","Friday","Saturday","Sunday"],"opens":"09:00","closes":"17:00"}],"email":"marketing@techmaster.com.vn","areaServed":"Vietnam"},{"@type":"ImageObject","inLanguage":"en-US","@id":"https:\/\/techmaster.com.vn\/en\/extech-382100-1200a-3-phase-power-analyzer-datalogger\/#local-main-organization-logo","url":"https:\/\/techmaster.com.vn\/wp-content\/uploads\/2021\/04\/techmaster-logo-homepage.png","contentUrl":"https:\/\/techmaster.com.vn\/wp-content\/uploads\/2021\/04\/techmaster-logo-homepage.png","width":335,"height":62,"caption":"Techmaster Electronics JSC"}]},"og_availability":"instock","product_availability":"instock","product_condition":"new"},"_links":{"self":[{"href":"https:\/\/techmaster.com.vn\/en\/wp-json\/wp\/v2\/product\/15789","targetHints":{"allow":["GET"]}}],"collection":[{"href":"https:\/\/techmaster.com.vn\/en\/wp-json\/wp\/v2\/product"}],"about":[{"href":"https:\/\/techmaster.com.vn\/en\/wp-json\/wp\/v2\/types\/product"}],"replies":[{"embeddable":true,"href":"https:\/\/techmaster.com.vn\/en\/wp-json\/wp\/v2\/comments?post=15789"}],"wp:featuredmedia":[{"embeddable":true,"href":"https:\/\/techmaster.com.vn\/en\/wp-json\/wp\/v2\/media\/5702"}],"wp:attachment":[{"href":"https:\/\/techmaster.com.vn\/en\/wp-json\/wp\/v2\/media?parent=15789"}],"wp:term":[{"taxonomy":"product_brand","embeddable":true,"href":"https:\/\/techmaster.com.vn\/en\/wp-json\/wp\/v2\/product_brand?post=15789"},{"taxonomy":"product_cat","embeddable":true,"href":"https:\/\/techmaster.com.vn\/en\/wp-json\/wp\/v2\/product_cat?post=15789"},{"taxonomy":"product_tag","embeddable":true,"href":"https:\/\/techmaster.com.vn\/en\/wp-json\/wp\/v2\/product_tag?post=15789"}],"curies":[{"name":"wp","href":"https:\/\/api.w.org\/{rel}","templated":true}]}}