{"id":15775,"date":"2020-12-14T11:52:54","date_gmt":"2020-12-14T04:52:54","guid":{"rendered":"https:\/\/techmaster.com.vn\/thiet-bi-do-phan-tich-cong-suat-extech-pq3450\/"},"modified":"2021-06-17T14:42:00","modified_gmt":"2021-06-17T07:42:00","slug":"extech-pq3450-3-phase-power-analyzer-datalogger","status":"publish","type":"product","link":"https:\/\/techmaster.com.vn\/en\/extech-pq3450-3-phase-power-analyzer-datalogger\/","title":{"rendered":"EXTECH PQ3450 3-PHASE POWER ANALYZER\/DATALOGGER"},"content":{"rendered":"<p><strong>SPECIFICATIONS EXTECH PQ3450 3-PHASE POWER ANALYZER\/DATALOGGER<\/strong><\/p>\n<div><strong>AC Voltage (True rms)<\/strong><\/div>\n<div>\n<div>Range: 600.0V<\/div>\n<div>Basic Accuracy: \u00b1(0.5%rdg)<\/div>\n<\/div>\n<div><strong>AC Current<\/strong><\/div>\n<div>\n<div>Range:3000A<\/div>\n<div>Basic Accuracy: \u00b1(0.5%rdg)<\/div>\n<\/div>\n<div><strong>Active Power (MW)<\/strong><\/div>\n<div>\n<div>Range: 9.999MW<\/div>\n<div>Basic Accuracy: \u00b1(1.0%rdg)<\/div>\n<\/div>\n<div><strong>Apparent Power (MVA)<\/strong><\/div>\n<div>\n<div>Range: 9.999MVA<\/div>\n<div>Basic Accuracy: \u00b1(1.0%rdg)<\/div>\n<\/div>\n<div><strong>Reactive Power (MVAR)<\/strong><\/div>\n<div>\n<div>Range: 9.999MVAR<\/div>\n<div>Basic Accuracy: \u00b1(1.0%rdg)<\/div>\n<\/div>\n<div><strong>Power Factor<\/strong><\/div>\n<div>\n<div>Range: 0.00 to 1.00<\/div>\n<div>Basic Accuracy: \u00b10.04<\/div>\n<\/div>\n<div><strong>Frequency Range<\/strong><\/div>\n<div>\n<div>Range: 45Hz to 65Hz<\/div>\n<div>Basic Accuracy: \u00b10.1Hz<\/div>\n<\/div>\n<div><strong>Phase<\/strong><\/div>\n<div>\n<div>Range: -180\u00b0 to +180.0\u00b0<\/div>\n<div>Basic Accuracy: \u00b11\u00b0<\/div>\n<\/div>\n<div><strong>Current Clamp input<\/strong><\/div>\n<div>\n<div>+ Range: 200mV, 300mV, 500mV<\/div>\n<div>Basic Accuracy: \u00b1(0.5%rdg)<\/div>\n<div>\n<div>+ Range: 1V, 2V, 3V; user-selectable<\/div>\n<div><strong style=\"font-size: 14.4px;\">Active Power Energy (MWH)<\/strong><\/div>\n<\/div>\n<\/div>\n<div>\n<div>Range: 0.0kWh to 9.999MWH<\/div>\n<div>Basic Accuracy: \u00b1(2.0%rdg)<\/div>\n<\/div>\n<div><strong>Apparent Power Energy (MVAH)<\/strong><\/div>\n<div>\n<div>Range: 0.0KVAh to 9.999MVAH<\/div>\n<div>Basic Accuracy: \u00b1(2.0%rdg)<\/div>\n<\/div>\n<div><strong>Reactive Power Energy (MVARH)<\/strong><\/div>\n<div>Range: 0.0kVARh to 9.999MVARH<\/div>\n<div>Basic Accuracy: \u00b1(2.0%rdg)<\/div>\n<div><strong>Datalogging: <\/strong>30,000 readings (2GB SD memory Card)<\/div>\n<div><strong>Dimensions: <\/strong>8.86 x 4.92 x 2.52&#8243; (225 x 125 x 64mm)<\/div>\n<div><strong>Weight: Meter: <\/strong>2.2lbs (1010g)<\/div>\n<h2 class=\"ellipsis_detail\"><strong>Introduction Extech PQ3450<\/strong><\/h2>\n<p>The PQ3450 is a 3-phase power analyzer\/data logger capable of logging up to 30,000 sets of measurements in Excel format on a removable SD memory card. The product is easy-to-hold with a rugged over molded housing and features a built-in clock and calendar, 35 parameters and a CAT III 600V safety rating. Complete with a year warranty, 4 voltage leads with alligator clips, 8 AA batteries, SD card, 100-240 Volt AC adaptor and case. Clamp probes sold separately.<\/p>\n<p><a href=\"https:\/\/techmaster.com.vn\/wp-content\/uploads\/2020\/12\/thiet-bi-do-phan-tich-cong-suat-extech-pq3450-5.jpg\"><img loading=\"lazy\" decoding=\"async\" class=\"wp-image-13475 size-full aligncenter\" src=\"https:\/\/techmaster.com.vn\/wp-content\/uploads\/2020\/12\/thiet-bi-do-phan-tich-cong-suat-extech-pq3450-5.jpg\" alt=\"Thi\u1ebft b\u1ecb \u0111o ph\u00e2n t\u00edch c\u00f4ng su\u1ea5t Extech PQ3450 (8)\" width=\"772\" height=\"346\" \/><\/a><\/p>\n<h2><strong>Features<\/strong><\/h2>\n<p>&#8211; Large dot-matrix sun-readable numerical backlit LCD with easy-to-use onscreen menu (Extech PQ3450)<br \/>\n&#8211; Full system analysis with up to 35 parameters:<\/p>\n<ul>\n<li style=\"list-style-type: none;\">\n<ul>\n<li>V (phase-to-phase) V (phase-to-ground)<\/li>\n<li>A (phase-to-ground)<\/li>\n<li>KW \/ KVA \/ KVAR \/ PF (phase)<\/li>\n<li>KW \/ KVA \/ KVAR \/ PF (system)<\/li>\n<li>KWH \/ KVAH \/ KVARH \/ PFH (system)<\/li>\n<li>Phase angle<\/li>\n<\/ul>\n<\/li>\n<\/ul>\n<p>&#8211; Optional 200A, 1200A Current Clamps or 3000A Flexible Current Probes (sold separately)<br \/>\n&#8211; Adjustable Current Transformer CT (1 to 600) and Potential Transformer PT (1 to 1000) ratio for high power distribution systems<br \/>\n&#8211; Log up to 30,000 reading on a removable SD memory card in Microsoft Excel\u00ae format<br \/>\n&#8211; Wide sampling rate range (2 seconds to 2 hours)<br \/>\n&#8211; Built-in Clock and Calendar<br \/>\n&#8211; Complete with 4 voltage leads with alligator clips, 8 AA batteries, SD card, 100-240V AC adaptor and case. <b>Clamp probes sold separately.<\/b><\/p>\n","protected":false},"excerpt":{"rendered":"<h2><strong>Key Features<\/strong><\/h2>\n<ul id=\"features\">\n<li>Large dot-matrix sun-readable numerical backlit LCD with easy-to-use onscreen menu<\/li>\n<li>Optional 200A, 1200A Current Clamps or 3000A Flexible Current Probes (sold separately)<\/li>\n<li>Adjustable Current Transformer CT (1 to 600) and Potential Transformer PT (1 to 1000) ratio for high power distribution systems<\/li>\n<li>Log up to 30,000 reading on a removable SD memory card in Microsoft Excel\u00ae format<\/li>\n<li>Wide sampling rate range (2 seconds to 2 hours)<\/li>\n<\/ul>\n","protected":false},"featured_media":5714,"comment_status":"open","ping_status":"closed","template":"","meta":[],"product_brand":[],"product_cat":[274,286],"product_tag":[],"class_list":{"0":"post-15775","1":"product","2":"type-product","3":"status-publish","4":"has-post-thumbnail","6":"product_cat-electrical-measuring-instruments","7":"product_cat-power-meter","8":"pa_attribute-electricity","10":"first","11":"instock","12":"shipping-taxable","13":"product-type-grouped"},"yoast_head":"<!-- This site is optimized with the Yoast SEO Premium plugin v26.8 (Yoast SEO v26.8) - https:\/\/yoast.com\/product\/yoast-seo-premium-wordpress\/ -->\n<title>EXTECH PQ3450 3-PHASE POWER ANALYZER\/DATALOGGER - Techmaster Electronics JSC<\/title>\n<meta name=\"description\" content=\"The Extech PQ3450 is a 3-phase power analyzer\/data logger capable of logging up to 30,000 sets of measurements in Excel format on a removable SD memory card\" \/>\n<meta name=\"robots\" content=\"index, follow, max-snippet:-1, max-image-preview:large, max-video-preview:-1\" \/>\n<link rel=\"canonical\" href=\"https:\/\/techmaster.com.vn\/en\/extech-pq3450-3-phase-power-analyzer-datalogger\/\" \/>\n<meta property=\"og:locale\" content=\"en_US\" \/>\n<meta property=\"og:type\" content=\"article\" \/>\n<meta property=\"og:title\" content=\"EXTECH PQ3450 3-PHASE POWER ANALYZER\/DATALOGGER\" \/>\n<meta property=\"og:description\" content=\"The Extech PQ3450 is a 3-phase power analyzer\/data logger capable of logging up to 30,000 sets of measurements in Excel format on a removable SD memory card\" \/>\n<meta property=\"og:url\" content=\"https:\/\/techmaster.com.vn\/en\/extech-pq3450-3-phase-power-analyzer-datalogger\/\" \/>\n<meta property=\"og:site_name\" content=\"Techmaster Electronics JSC\" \/>\n<meta property=\"article:publisher\" content=\"https:\/\/www.facebook.com\/techmaster.electronics.jsc\" \/>\n<meta property=\"article:modified_time\" content=\"2021-06-17T07:42:00+00:00\" \/>\n<meta property=\"og:image\" content=\"https:\/\/techmaster.com.vn\/wp-content\/uploads\/2020\/12\/thiet-bi-do-phan-tich-cong-suat-extech-pq3450.jpg\" \/>\n\t<meta property=\"og:image:width\" content=\"450\" \/>\n\t<meta property=\"og:image:height\" content=\"450\" \/>\n\t<meta property=\"og:image:type\" content=\"image\/jpeg\" \/>\n<meta name=\"twitter:card\" content=\"summary_large_image\" \/>\n<meta name=\"twitter:site\" content=\"@techmastervn\" \/>\n<meta name=\"twitter:label1\" content=\"Availability\" \/>\n\t<meta name=\"twitter:data1\" content=\"In stock\" \/>\n<script type=\"application\/ld+json\" class=\"yoast-schema-graph\">{\"@context\":\"https:\/\/schema.org\",\"@graph\":[{\"@type\":\"WebPage\",\"@id\":\"https:\/\/techmaster.com.vn\/en\/extech-pq3450-3-phase-power-analyzer-datalogger\/\",\"url\":\"https:\/\/techmaster.com.vn\/en\/extech-pq3450-3-phase-power-analyzer-datalogger\/\",\"name\":\"EXTECH PQ3450 3-PHASE POWER ANALYZER\/DATALOGGER - Techmaster Electronics JSC\",\"isPartOf\":{\"@id\":\"https:\/\/techmaster.com.vn\/en\/#website\"},\"primaryImageOfPage\":{\"@id\":\"https:\/\/techmaster.com.vn\/en\/extech-pq3450-3-phase-power-analyzer-datalogger\/#primaryimage\"},\"image\":{\"@id\":\"https:\/\/techmaster.com.vn\/en\/extech-pq3450-3-phase-power-analyzer-datalogger\/#primaryimage\"},\"thumbnailUrl\":\"https:\/\/techmaster.com.vn\/wp-content\/uploads\/2020\/12\/thiet-bi-do-phan-tich-cong-suat-extech-pq3450.jpg\",\"datePublished\":\"2020-12-14T04:52:54+00:00\",\"dateModified\":\"2021-06-17T07:42:00+00:00\",\"description\":\"The Extech PQ3450 is a 3-phase power analyzer\/data logger capable of logging up to 30,000 sets of measurements in Excel format on a removable SD memory card\",\"breadcrumb\":{\"@id\":\"https:\/\/techmaster.com.vn\/en\/extech-pq3450-3-phase-power-analyzer-datalogger\/#breadcrumb\"},\"inLanguage\":\"en-US\",\"potentialAction\":[{\"@type\":\"ReadAction\",\"target\":[\"https:\/\/techmaster.com.vn\/en\/extech-pq3450-3-phase-power-analyzer-datalogger\/\"]}]},{\"@type\":\"ImageObject\",\"inLanguage\":\"en-US\",\"@id\":\"https:\/\/techmaster.com.vn\/en\/extech-pq3450-3-phase-power-analyzer-datalogger\/#primaryimage\",\"url\":\"https:\/\/techmaster.com.vn\/wp-content\/uploads\/2020\/12\/thiet-bi-do-phan-tich-cong-suat-extech-pq3450.jpg\",\"contentUrl\":\"https:\/\/techmaster.com.vn\/wp-content\/uploads\/2020\/12\/thiet-bi-do-phan-tich-cong-suat-extech-pq3450.jpg\",\"width\":450,\"height\":450,\"caption\":\"Thi\u1ebft b\u1ecb \u0111o ph\u00e2n t\u00edch c\u00f4ng su\u1ea5t Extech PQ3450\"},{\"@type\":\"BreadcrumbList\",\"@id\":\"https:\/\/techmaster.com.vn\/en\/extech-pq3450-3-phase-power-analyzer-datalogger\/#breadcrumb\",\"itemListElement\":[{\"@type\":\"ListItem\",\"position\":1,\"name\":\"Trang ch\u1ee7\",\"item\":\"https:\/\/techmaster.com.vn\/en\/\"},{\"@type\":\"ListItem\",\"position\":2,\"name\":\"Shop\",\"item\":\"https:\/\/techmaster.com.vn\/san-pham\/\"},{\"@type\":\"ListItem\",\"position\":3,\"name\":\"EXTECH PQ3450 3-PHASE POWER ANALYZER\/DATALOGGER\"}]},{\"@type\":\"WebSite\",\"@id\":\"https:\/\/techmaster.com.vn\/en\/#website\",\"url\":\"https:\/\/techmaster.com.vn\/en\/\",\"name\":\"Techmaster Electronics JSC\",\"description\":\"\",\"publisher\":{\"@id\":\"https:\/\/techmaster.com.vn\/en\/#organization\"},\"potentialAction\":[{\"@type\":\"SearchAction\",\"target\":{\"@type\":\"EntryPoint\",\"urlTemplate\":\"https:\/\/techmaster.com.vn\/en\/?s={search_term_string}\"},\"query-input\":{\"@type\":\"PropertyValueSpecification\",\"valueRequired\":true,\"valueName\":\"search_term_string\"}}],\"inLanguage\":\"en-US\"},{\"@type\":[\"Organization\",\"Place\"],\"@id\":\"https:\/\/techmaster.com.vn\/en\/#organization\",\"name\":\"Techmaster Electronics JSC\",\"url\":\"https:\/\/techmaster.com.vn\/en\/\",\"logo\":{\"@id\":\"https:\/\/techmaster.com.vn\/en\/extech-pq3450-3-phase-power-analyzer-datalogger\/#local-main-organization-logo\"},\"image\":{\"@id\":\"https:\/\/techmaster.com.vn\/en\/extech-pq3450-3-phase-power-analyzer-datalogger\/#local-main-organization-logo\"},\"sameAs\":[\"https:\/\/www.facebook.com\/techmaster.electronics.jsc\",\"https:\/\/x.com\/techmastervn\",\"https:\/\/www.instagram.com\/techmastervietnam\",\"https:\/\/myspace.com\/techmastervietnam\",\"https:\/\/www.youtube.com\/c\/TechmasterElectronicsJSC\",\"https:\/\/www.pinterest.com\/techmasterelectronicsjsc\/\",\"https:\/\/vi.wikipedia.org\/wiki\/Th\u00e0nh_vi\u00ean:Techmastervietnam\",\"https:\/\/twitter.com\/techmastervn\",\"https:\/\/www.linkedin.com\/company\/techmaster-vietnam\/\"],\"telephone\":[],\"contactPoint\":{\"@type\":\"ContactPoint\",\"email\":\"marketing@techmaster.com.vn\"},\"openingHoursSpecification\":[{\"@type\":\"OpeningHoursSpecification\",\"dayOfWeek\":[\"Monday\",\"Tuesday\",\"Wednesday\",\"Thursday\",\"Friday\",\"Saturday\",\"Sunday\"],\"opens\":\"09:00\",\"closes\":\"17:00\"}],\"email\":\"marketing@techmaster.com.vn\",\"areaServed\":\"Vietnam\"},{\"@type\":\"ImageObject\",\"inLanguage\":\"en-US\",\"@id\":\"https:\/\/techmaster.com.vn\/en\/extech-pq3450-3-phase-power-analyzer-datalogger\/#local-main-organization-logo\",\"url\":\"https:\/\/techmaster.com.vn\/wp-content\/uploads\/2021\/04\/techmaster-logo-homepage.png\",\"contentUrl\":\"https:\/\/techmaster.com.vn\/wp-content\/uploads\/2021\/04\/techmaster-logo-homepage.png\",\"width\":335,\"height\":62,\"caption\":\"Techmaster Electronics JSC\"}]}<\/script>\n<meta property=\"og:availability\" content=\"instock\" \/>\n<meta property=\"product:availability\" content=\"instock\" \/>\n<meta property=\"product:condition\" content=\"new\" \/>\n<!-- \/ Yoast SEO Premium plugin. -->","yoast_head_json":{"title":"EXTECH PQ3450 3-PHASE POWER ANALYZER\/DATALOGGER - Techmaster Electronics JSC","description":"The Extech PQ3450 is a 3-phase power analyzer\/data logger capable of logging up to 30,000 sets of measurements in Excel format on a removable SD memory card","robots":{"index":"index","follow":"follow","max-snippet":"max-snippet:-1","max-image-preview":"max-image-preview:large","max-video-preview":"max-video-preview:-1"},"canonical":"https:\/\/techmaster.com.vn\/en\/extech-pq3450-3-phase-power-analyzer-datalogger\/","og_locale":"en_US","og_type":"article","og_title":"EXTECH PQ3450 3-PHASE POWER ANALYZER\/DATALOGGER","og_description":"The Extech PQ3450 is a 3-phase power analyzer\/data logger capable of logging up to 30,000 sets of measurements in Excel format on a removable SD memory card","og_url":"https:\/\/techmaster.com.vn\/en\/extech-pq3450-3-phase-power-analyzer-datalogger\/","og_site_name":"Techmaster Electronics JSC","article_publisher":"https:\/\/www.facebook.com\/techmaster.electronics.jsc","article_modified_time":"2021-06-17T07:42:00+00:00","og_image":[{"width":450,"height":450,"url":"https:\/\/techmaster.com.vn\/wp-content\/uploads\/2020\/12\/thiet-bi-do-phan-tich-cong-suat-extech-pq3450.jpg","type":"image\/jpeg"}],"twitter_card":"summary_large_image","twitter_site":"@techmastervn","twitter_misc":{"Availability":"In stock"},"schema":{"@context":"https:\/\/schema.org","@graph":[{"@type":"WebPage","@id":"https:\/\/techmaster.com.vn\/en\/extech-pq3450-3-phase-power-analyzer-datalogger\/","url":"https:\/\/techmaster.com.vn\/en\/extech-pq3450-3-phase-power-analyzer-datalogger\/","name":"EXTECH PQ3450 3-PHASE POWER ANALYZER\/DATALOGGER - Techmaster Electronics JSC","isPartOf":{"@id":"https:\/\/techmaster.com.vn\/en\/#website"},"primaryImageOfPage":{"@id":"https:\/\/techmaster.com.vn\/en\/extech-pq3450-3-phase-power-analyzer-datalogger\/#primaryimage"},"image":{"@id":"https:\/\/techmaster.com.vn\/en\/extech-pq3450-3-phase-power-analyzer-datalogger\/#primaryimage"},"thumbnailUrl":"https:\/\/techmaster.com.vn\/wp-content\/uploads\/2020\/12\/thiet-bi-do-phan-tich-cong-suat-extech-pq3450.jpg","datePublished":"2020-12-14T04:52:54+00:00","dateModified":"2021-06-17T07:42:00+00:00","description":"The Extech PQ3450 is a 3-phase power analyzer\/data logger capable of logging up to 30,000 sets of measurements in Excel format on a removable SD memory card","breadcrumb":{"@id":"https:\/\/techmaster.com.vn\/en\/extech-pq3450-3-phase-power-analyzer-datalogger\/#breadcrumb"},"inLanguage":"en-US","potentialAction":[{"@type":"ReadAction","target":["https:\/\/techmaster.com.vn\/en\/extech-pq3450-3-phase-power-analyzer-datalogger\/"]}]},{"@type":"ImageObject","inLanguage":"en-US","@id":"https:\/\/techmaster.com.vn\/en\/extech-pq3450-3-phase-power-analyzer-datalogger\/#primaryimage","url":"https:\/\/techmaster.com.vn\/wp-content\/uploads\/2020\/12\/thiet-bi-do-phan-tich-cong-suat-extech-pq3450.jpg","contentUrl":"https:\/\/techmaster.com.vn\/wp-content\/uploads\/2020\/12\/thiet-bi-do-phan-tich-cong-suat-extech-pq3450.jpg","width":450,"height":450,"caption":"Thi\u1ebft b\u1ecb \u0111o ph\u00e2n t\u00edch c\u00f4ng su\u1ea5t Extech PQ3450"},{"@type":"BreadcrumbList","@id":"https:\/\/techmaster.com.vn\/en\/extech-pq3450-3-phase-power-analyzer-datalogger\/#breadcrumb","itemListElement":[{"@type":"ListItem","position":1,"name":"Trang ch\u1ee7","item":"https:\/\/techmaster.com.vn\/en\/"},{"@type":"ListItem","position":2,"name":"Shop","item":"https:\/\/techmaster.com.vn\/san-pham\/"},{"@type":"ListItem","position":3,"name":"EXTECH PQ3450 3-PHASE POWER ANALYZER\/DATALOGGER"}]},{"@type":"WebSite","@id":"https:\/\/techmaster.com.vn\/en\/#website","url":"https:\/\/techmaster.com.vn\/en\/","name":"Techmaster Electronics JSC","description":"","publisher":{"@id":"https:\/\/techmaster.com.vn\/en\/#organization"},"potentialAction":[{"@type":"SearchAction","target":{"@type":"EntryPoint","urlTemplate":"https:\/\/techmaster.com.vn\/en\/?s={search_term_string}"},"query-input":{"@type":"PropertyValueSpecification","valueRequired":true,"valueName":"search_term_string"}}],"inLanguage":"en-US"},{"@type":["Organization","Place"],"@id":"https:\/\/techmaster.com.vn\/en\/#organization","name":"Techmaster Electronics JSC","url":"https:\/\/techmaster.com.vn\/en\/","logo":{"@id":"https:\/\/techmaster.com.vn\/en\/extech-pq3450-3-phase-power-analyzer-datalogger\/#local-main-organization-logo"},"image":{"@id":"https:\/\/techmaster.com.vn\/en\/extech-pq3450-3-phase-power-analyzer-datalogger\/#local-main-organization-logo"},"sameAs":["https:\/\/www.facebook.com\/techmaster.electronics.jsc","https:\/\/x.com\/techmastervn","https:\/\/www.instagram.com\/techmastervietnam","https:\/\/myspace.com\/techmastervietnam","https:\/\/www.youtube.com\/c\/TechmasterElectronicsJSC","https:\/\/www.pinterest.com\/techmasterelectronicsjsc\/","https:\/\/vi.wikipedia.org\/wiki\/Th\u00e0nh_vi\u00ean:Techmastervietnam","https:\/\/twitter.com\/techmastervn","https:\/\/www.linkedin.com\/company\/techmaster-vietnam\/"],"telephone":[],"contactPoint":{"@type":"ContactPoint","email":"marketing@techmaster.com.vn"},"openingHoursSpecification":[{"@type":"OpeningHoursSpecification","dayOfWeek":["Monday","Tuesday","Wednesday","Thursday","Friday","Saturday","Sunday"],"opens":"09:00","closes":"17:00"}],"email":"marketing@techmaster.com.vn","areaServed":"Vietnam"},{"@type":"ImageObject","inLanguage":"en-US","@id":"https:\/\/techmaster.com.vn\/en\/extech-pq3450-3-phase-power-analyzer-datalogger\/#local-main-organization-logo","url":"https:\/\/techmaster.com.vn\/wp-content\/uploads\/2021\/04\/techmaster-logo-homepage.png","contentUrl":"https:\/\/techmaster.com.vn\/wp-content\/uploads\/2021\/04\/techmaster-logo-homepage.png","width":335,"height":62,"caption":"Techmaster Electronics JSC"}]},"og_availability":"instock","product_availability":"instock","product_condition":"new"},"_links":{"self":[{"href":"https:\/\/techmaster.com.vn\/en\/wp-json\/wp\/v2\/product\/15775","targetHints":{"allow":["GET"]}}],"collection":[{"href":"https:\/\/techmaster.com.vn\/en\/wp-json\/wp\/v2\/product"}],"about":[{"href":"https:\/\/techmaster.com.vn\/en\/wp-json\/wp\/v2\/types\/product"}],"replies":[{"embeddable":true,"href":"https:\/\/techmaster.com.vn\/en\/wp-json\/wp\/v2\/comments?post=15775"}],"wp:featuredmedia":[{"embeddable":true,"href":"https:\/\/techmaster.com.vn\/en\/wp-json\/wp\/v2\/media\/5714"}],"wp:attachment":[{"href":"https:\/\/techmaster.com.vn\/en\/wp-json\/wp\/v2\/media?parent=15775"}],"wp:term":[{"taxonomy":"product_brand","embeddable":true,"href":"https:\/\/techmaster.com.vn\/en\/wp-json\/wp\/v2\/product_brand?post=15775"},{"taxonomy":"product_cat","embeddable":true,"href":"https:\/\/techmaster.com.vn\/en\/wp-json\/wp\/v2\/product_cat?post=15775"},{"taxonomy":"product_tag","embeddable":true,"href":"https:\/\/techmaster.com.vn\/en\/wp-json\/wp\/v2\/product_tag?post=15775"}],"curies":[{"name":"wp","href":"https:\/\/api.w.org\/{rel}","templated":true}]}}