{"id":15708,"date":"2020-12-02T14:26:22","date_gmt":"2020-12-02T07:26:22","guid":{"rendered":"https:\/\/techmaster.com.vn\/den-led-dung-dieu-khien-tu-xa-milwaukee-m18-onersal\/"},"modified":"2022-04-29T10:46:05","modified_gmt":"2022-04-29T03:46:05","slug":"milwaukee-m18-onersal-one-key-led-remote-stand-light","status":"publish","type":"product","link":"https:\/\/techmaster.com.vn\/en\/milwaukee-m18-onersal-one-key-led-remote-stand-light\/","title":{"rendered":"MILWAUKEE M18 ONERSAL ONE-KEY\u2122 LED REMOTE STAND LIGHT"},"content":{"rendered":"<p><b>SPECIFICATIONS MILWAUKEE M18 ONERSAL ONE-KEY\u2122 LED REMOTE STAND LIGHT<\/b><\/p>\n<table class=\"table\">\n<tbody>\n<tr>\n<td scope=\"col\">Lumens:<\/td>\n<td scope=\"col\">5400 \/ 3100 \/ 1600<\/td>\n<\/tr>\n<tr>\n<td scope=\"col\">Runtime:<\/td>\n<td scope=\"col\">7 \/ 12.5 \/ 26 (B9x2)<\/td>\n<\/tr>\n<tr>\n<td scope=\"col\">Head rotation:<\/td>\n<td scope=\"col\">220\u00b0 Vertical &amp; Horizontal<\/td>\n<\/tr>\n<tr>\n<td scope=\"col\">No. of modes:<\/td>\n<td scope=\"col\">High \/ Med \/ Low<\/td>\n<\/tr>\n<tr>\n<td scope=\"col\">IP rating:<\/td>\n<td scope=\"col\">IP67<\/td>\n<\/tr>\n<tr>\n<td scope=\"col\">Battery platform:<\/td>\n<td scope=\"col\">M18\u2122 REDLITHIUM\u2122-ION<\/td>\n<\/tr>\n<tr>\n<td scope=\"col\">Voltage (V):<\/td>\n<td scope=\"col\">18<\/td>\n<\/tr>\n<tr>\n<td scope=\"col\">Weight with battery pack if applicable (kg):<\/td>\n<td scope=\"col\">10.9 (9.0Ah x 2)<\/td>\n<\/tr>\n<\/tbody>\n<\/table>\n<h2><strong>Introduction Milwaukee\u00a0<b>M18 ONERSAL<\/b><\/strong><\/h2>\n<p>Our M18\u2122 ROCKET\u2122 Dual Pack Tower Light w\/ONE-KEY\u2122 (Milwaukee M18 ONERSAL) can get light to any environment on any terrain with its three leg position options paired with unmatched performance and all day run-time.<\/p>\n<p>Whether you need quick deployment or maximum stability, our light has a 7 second setup and 5&#8217;5 deployment height. Our tower light provides maximum portability with its 22\u201d length stowed size, making it perfect for carrying long distances to a scene. The rotating light head offers 5400 lumens of TRUEVIEW\u2122 High Definition Output and can run up to 26 hours with its dual battery design giving you the ability to use one or two M18\u2122 batteries. It can withstand the harshest environments with its sealed battery compartment, making it waterproof and dustproof. The Dual Pack Tower Light is ONE-KEY\u2122 capable allowing you to track and set run-times for unmatched customization. Its high quality LEDs never need to be replaced and are backed by a limited lifetime warranty. MILWAUKEE\u00ae ROCKET\u2122 Tower Lights are designed to deploy in seconds and built to adapt to any job site environment. The LED light towers supply both task and area lighting as well as provide light overhead to reduce shadows in the workspace.<\/p>\n<div class=\"product__description-container\">\n<h2><strong>FEATURES<\/strong><\/h2>\n<div id=\"p_lt_ctl01_pageplaceholder_p_lt_ctl01_MilwaukeeProductFeatures_pnlFeatues\" class=\"product__description js-description-mask is-active\">\n<div class=\"product__description-content js-product-content\">\n<p>&#8211; Optimise brightness and run time by adjusting the light output from 0 &#8211; 5400 Lumens<\/p>\n<p>&#8211; ONE-KEY\u2122\u00a0tool customisation allows user to control brightness and set light settings remotely<\/p>\n<p>&#8211; ONE-KEY\u2122 tool tracking &amp; security offers a cloud-based inventory management platform that supports both location tracking and theft prevention<\/p>\n<p>&#8211; IP67 allows use in all weather conditions (heavy rain, snow, dusty environments)<\/p>\n<p>&#8211; Reinforced leg design with 3 different leg deployment options for best durability and stability<\/p>\n<p>&#8211; Highly durable and impact resistant polycarbonate lens and all aluminium cam design to protect the light from rough working conditions<\/p>\n<p>&#8211; TRUEVIEW\u2122 high definition light output delivers consistent beam, optimised colour temperature and true representation of colours and detail<\/p>\n<p>&#8211; Sealed battery compartment for up to 2 packs to extend run time<\/p>\n<p>&#8211; Change height from 0.5 m to 1.65 m to cast light from overhead to limit shadows<\/p>\n<p>&#8211; Collapsible to only 55 cm for easy storage and transportation<\/p>\n<\/div>\n<\/div>\n<\/div>\n<p style=\"text-align: center;\"><a href=\"https:\/\/techmaster.com.vn\/wp-content\/uploads\/2020\/12\/den-led-dung-dieu-khien-tu-xa-milwaukee-m18-onersal-0-7.jpg\"><img loading=\"lazy\" decoding=\"async\" class=\"alignnone wp-image-10307 size-full\" src=\"https:\/\/techmaster.com.vn\/wp-content\/uploads\/2020\/12\/den-led-dung-dieu-khien-tu-xa-milwaukee-m18-onersal-0-7.jpg\" alt=\"Milwaukee M18 ONERSAL (9)\" width=\"772\" height=\"346\" \/><\/a><\/p>\n<h2><strong>Milwaukee Brand<\/strong><\/h2>\n<div>Since the company began in 1924, Milwaukee Tool has led the industry in developing innovative solutions that deliver increased productivity and unmatched durability for professional construction users. Whether it is through our world-leading M12\u2122 and M18\u2122 cordless systems, the ground-breaking performance of our M12 and M18 FUEL\u2122 products, jobsite lighting, time-saving accessories, or innovative hand tool and storage products, Milwaukee are dedicated to delivering a continuous flow of advanced, trade-specific solutions. Milwaukee Tool is not simply a manufacturer \u2013 Milwaukee are progressive problem solvers.<\/div>\n","protected":false},"excerpt":{"rendered":"<h2><strong>FEATURES<\/strong><\/h2>\n<p>&#8211; Optimise brightness and run time by adjusting the light output from 0 &#8211; 5400 Lumens<\/p>\n<p>&#8211; ONE-KEY\u2122\u00a0tool customisation allows user to control brightness and set light settings remotely<\/p>\n<p>&#8211; ONE-KEY\u2122 tool tracking &amp; security offers a cloud-based inventory management platform that supports both location tracking and theft prevention<\/p>\n<p>&#8211; IP67 allows use in all weather conditions (heavy rain, snow, dusty environments)<\/p>\n<p>&#8211; Reinforced leg design with 3 different leg deployment options for best durability and stability<\/p>\n","protected":false},"featured_media":2511,"comment_status":"open","ping_status":"closed","template":"","meta":[],"product_brand":[],"product_cat":[26,161,371,92,280],"product_tag":[],"class_list":{"0":"post-15708","1":"product","2":"type-product","3":"status-publish","4":"has-post-thumbnail","6":"product_cat-dung-cu-cam-tay","7":"product_cat-hand-tools","8":"product_cat-m18","9":"product_cat-den-pin","10":"product_cat-lighting","11":"pa_brand-milwaukee","12":"pa_brand-milwaukee-en","14":"first","15":"instock","16":"shipping-taxable","17":"purchasable","18":"product-type-simple"},"yoast_head":"<!-- This site is optimized with the Yoast SEO Premium plugin v26.8 (Yoast SEO v26.8) - https:\/\/yoast.com\/product\/yoast-seo-premium-wordpress\/ -->\n<title>MILWAUKEE M18 ONERSAL ONE-KEY\u2122 LED REMOTE STAND LIGHT - Techmaster Electronics JSC<\/title>\n<meta name=\"description\" content=\"The Milwaukee M18 ONERSAL - Optimise brightness and run time by adjusting the light output from 0 - 5400 Lumens. 55cm when collapsed.\" \/>\n<meta name=\"robots\" content=\"index, follow, max-snippet:-1, max-image-preview:large, max-video-preview:-1\" \/>\n<link rel=\"canonical\" href=\"https:\/\/techmaster.com.vn\/en\/milwaukee-m18-onersal-one-key-led-remote-stand-light\/\" \/>\n<meta property=\"og:locale\" content=\"en_US\" \/>\n<meta property=\"og:type\" content=\"article\" \/>\n<meta property=\"og:title\" content=\"MILWAUKEE M18 ONERSAL ONE-KEY\u2122 LED REMOTE STAND LIGHT\" \/>\n<meta property=\"og:description\" content=\"The Milwaukee M18 ONERSAL - Optimise brightness and run time by adjusting the light output from 0 - 5400 Lumens. 55cm when collapsed.\" \/>\n<meta property=\"og:url\" content=\"https:\/\/techmaster.com.vn\/en\/milwaukee-m18-onersal-one-key-led-remote-stand-light\/\" \/>\n<meta property=\"og:site_name\" content=\"Techmaster Electronics JSC\" \/>\n<meta property=\"article:publisher\" content=\"https:\/\/www.facebook.com\/techmaster.electronics.jsc\" \/>\n<meta property=\"article:modified_time\" content=\"2022-04-29T03:46:05+00:00\" \/>\n<meta property=\"og:image\" content=\"https:\/\/techmaster.com.vn\/wp-content\/uploads\/2020\/12\/den-led-dung-dieu-khien-tu-xa-milwaukee-m18-onersal-0-8.jpg\" \/>\n\t<meta property=\"og:image:width\" content=\"560\" \/>\n\t<meta property=\"og:image:height\" content=\"292\" \/>\n\t<meta property=\"og:image:type\" content=\"image\/jpeg\" \/>\n<meta name=\"twitter:card\" content=\"summary_large_image\" \/>\n<meta name=\"twitter:site\" content=\"@techmastervn\" \/>\n<meta name=\"twitter:label1\" content=\"Price\" \/>\n\t<meta name=\"twitter:data1\" content=\"14.630.000&nbsp;&#8363;\" \/>\n\t<meta name=\"twitter:label2\" content=\"Availability\" \/>\n\t<meta name=\"twitter:data2\" content=\"In stock\" \/>\n<script type=\"application\/ld+json\" class=\"yoast-schema-graph\">{\"@context\":\"https:\/\/schema.org\",\"@graph\":[{\"@type\":\"WebPage\",\"@id\":\"https:\/\/techmaster.com.vn\/en\/milwaukee-m18-onersal-one-key-led-remote-stand-light\/\",\"url\":\"https:\/\/techmaster.com.vn\/en\/milwaukee-m18-onersal-one-key-led-remote-stand-light\/\",\"name\":\"MILWAUKEE M18 ONERSAL ONE-KEY\u2122 LED REMOTE STAND LIGHT - Techmaster Electronics JSC\",\"isPartOf\":{\"@id\":\"https:\/\/techmaster.com.vn\/en\/#website\"},\"primaryImageOfPage\":{\"@id\":\"https:\/\/techmaster.com.vn\/en\/milwaukee-m18-onersal-one-key-led-remote-stand-light\/#primaryimage\"},\"image\":{\"@id\":\"https:\/\/techmaster.com.vn\/en\/milwaukee-m18-onersal-one-key-led-remote-stand-light\/#primaryimage\"},\"thumbnailUrl\":\"https:\/\/techmaster.com.vn\/wp-content\/uploads\/2020\/12\/den-led-dung-dieu-khien-tu-xa-milwaukee-m18-onersal-0.jpg\",\"datePublished\":\"2020-12-02T07:26:22+00:00\",\"dateModified\":\"2022-04-29T03:46:05+00:00\",\"description\":\"The Milwaukee M18 ONERSAL - Optimise brightness and run time by adjusting the light output from 0 - 5400 Lumens. 55cm when collapsed.\",\"breadcrumb\":{\"@id\":\"https:\/\/techmaster.com.vn\/en\/milwaukee-m18-onersal-one-key-led-remote-stand-light\/#breadcrumb\"},\"inLanguage\":\"en-US\",\"potentialAction\":[{\"@type\":\"ReadAction\",\"target\":[\"https:\/\/techmaster.com.vn\/en\/milwaukee-m18-onersal-one-key-led-remote-stand-light\/\"]}]},{\"@type\":\"ImageObject\",\"inLanguage\":\"en-US\",\"@id\":\"https:\/\/techmaster.com.vn\/en\/milwaukee-m18-onersal-one-key-led-remote-stand-light\/#primaryimage\",\"url\":\"https:\/\/techmaster.com.vn\/wp-content\/uploads\/2020\/12\/den-led-dung-dieu-khien-tu-xa-milwaukee-m18-onersal-0.jpg\",\"contentUrl\":\"https:\/\/techmaster.com.vn\/wp-content\/uploads\/2020\/12\/den-led-dung-dieu-khien-tu-xa-milwaukee-m18-onersal-0.jpg\",\"width\":450,\"height\":450,\"caption\":\"\u0110\u00e8n LED \u0111\u1ee9ng \u0111i\u1ec1u khi\u1ec3n t\u1eeb xa Milwaukee M18 ONERSAL\"},{\"@type\":\"BreadcrumbList\",\"@id\":\"https:\/\/techmaster.com.vn\/en\/milwaukee-m18-onersal-one-key-led-remote-stand-light\/#breadcrumb\",\"itemListElement\":[{\"@type\":\"ListItem\",\"position\":1,\"name\":\"Trang ch\u1ee7\",\"item\":\"https:\/\/techmaster.com.vn\/en\/\"},{\"@type\":\"ListItem\",\"position\":2,\"name\":\"Shop\",\"item\":\"https:\/\/techmaster.com.vn\/san-pham\/\"},{\"@type\":\"ListItem\",\"position\":3,\"name\":\"MILWAUKEE M18 ONERSAL ONE-KEY\u2122 LED REMOTE STAND LIGHT\"}]},{\"@type\":\"WebSite\",\"@id\":\"https:\/\/techmaster.com.vn\/en\/#website\",\"url\":\"https:\/\/techmaster.com.vn\/en\/\",\"name\":\"Techmaster Electronics JSC\",\"description\":\"\",\"publisher\":{\"@id\":\"https:\/\/techmaster.com.vn\/en\/#organization\"},\"potentialAction\":[{\"@type\":\"SearchAction\",\"target\":{\"@type\":\"EntryPoint\",\"urlTemplate\":\"https:\/\/techmaster.com.vn\/en\/?s={search_term_string}\"},\"query-input\":{\"@type\":\"PropertyValueSpecification\",\"valueRequired\":true,\"valueName\":\"search_term_string\"}}],\"inLanguage\":\"en-US\"},{\"@type\":[\"Organization\",\"Place\"],\"@id\":\"https:\/\/techmaster.com.vn\/en\/#organization\",\"name\":\"Techmaster Electronics JSC\",\"url\":\"https:\/\/techmaster.com.vn\/en\/\",\"logo\":{\"@id\":\"https:\/\/techmaster.com.vn\/en\/milwaukee-m18-onersal-one-key-led-remote-stand-light\/#local-main-organization-logo\"},\"image\":{\"@id\":\"https:\/\/techmaster.com.vn\/en\/milwaukee-m18-onersal-one-key-led-remote-stand-light\/#local-main-organization-logo\"},\"sameAs\":[\"https:\/\/www.facebook.com\/techmaster.electronics.jsc\",\"https:\/\/x.com\/techmastervn\",\"https:\/\/www.instagram.com\/techmastervietnam\",\"https:\/\/myspace.com\/techmastervietnam\",\"https:\/\/www.youtube.com\/c\/TechmasterElectronicsJSC\",\"https:\/\/www.pinterest.com\/techmasterelectronicsjsc\/\",\"https:\/\/vi.wikipedia.org\/wiki\/Th\u00e0nh_vi\u00ean:Techmastervietnam\",\"https:\/\/twitter.com\/techmastervn\",\"https:\/\/www.linkedin.com\/company\/techmaster-vietnam\/\"],\"telephone\":[],\"contactPoint\":{\"@type\":\"ContactPoint\",\"email\":\"marketing@techmaster.com.vn\"},\"openingHoursSpecification\":[{\"@type\":\"OpeningHoursSpecification\",\"dayOfWeek\":[\"Monday\",\"Tuesday\",\"Wednesday\",\"Thursday\",\"Friday\",\"Saturday\",\"Sunday\"],\"opens\":\"09:00\",\"closes\":\"17:00\"}],\"email\":\"marketing@techmaster.com.vn\",\"areaServed\":\"Vietnam\"},{\"@type\":\"ImageObject\",\"inLanguage\":\"en-US\",\"@id\":\"https:\/\/techmaster.com.vn\/en\/milwaukee-m18-onersal-one-key-led-remote-stand-light\/#local-main-organization-logo\",\"url\":\"https:\/\/techmaster.com.vn\/wp-content\/uploads\/2021\/04\/techmaster-logo-homepage.png\",\"contentUrl\":\"https:\/\/techmaster.com.vn\/wp-content\/uploads\/2021\/04\/techmaster-logo-homepage.png\",\"width\":335,\"height\":62,\"caption\":\"Techmaster Electronics JSC\"}]}<\/script>\n<meta property=\"product:price:amount\" content=\"14630000\" \/>\n<meta property=\"product:price:currency\" content=\"VND\" \/>\n<meta property=\"og:availability\" content=\"instock\" \/>\n<meta property=\"product:availability\" content=\"instock\" \/>\n<meta property=\"product:condition\" content=\"new\" \/>\n<!-- \/ Yoast SEO Premium plugin. -->","yoast_head_json":{"title":"MILWAUKEE M18 ONERSAL ONE-KEY\u2122 LED REMOTE STAND LIGHT - Techmaster Electronics JSC","description":"The Milwaukee M18 ONERSAL - Optimise brightness and run time by adjusting the light output from 0 - 5400 Lumens. 55cm when collapsed.","robots":{"index":"index","follow":"follow","max-snippet":"max-snippet:-1","max-image-preview":"max-image-preview:large","max-video-preview":"max-video-preview:-1"},"canonical":"https:\/\/techmaster.com.vn\/en\/milwaukee-m18-onersal-one-key-led-remote-stand-light\/","og_locale":"en_US","og_type":"article","og_title":"MILWAUKEE M18 ONERSAL ONE-KEY\u2122 LED REMOTE STAND LIGHT","og_description":"The Milwaukee M18 ONERSAL - Optimise brightness and run time by adjusting the light output from 0 - 5400 Lumens. 55cm when collapsed.","og_url":"https:\/\/techmaster.com.vn\/en\/milwaukee-m18-onersal-one-key-led-remote-stand-light\/","og_site_name":"Techmaster Electronics JSC","article_publisher":"https:\/\/www.facebook.com\/techmaster.electronics.jsc","article_modified_time":"2022-04-29T03:46:05+00:00","og_image":[{"width":560,"height":292,"url":"https:\/\/techmaster.com.vn\/wp-content\/uploads\/2020\/12\/den-led-dung-dieu-khien-tu-xa-milwaukee-m18-onersal-0-8.jpg","type":"image\/jpeg"}],"twitter_card":"summary_large_image","twitter_site":"@techmastervn","twitter_misc":{"Price":"14.630.000&nbsp;&#8363;","Availability":"In stock"},"schema":{"@context":"https:\/\/schema.org","@graph":[{"@type":"WebPage","@id":"https:\/\/techmaster.com.vn\/en\/milwaukee-m18-onersal-one-key-led-remote-stand-light\/","url":"https:\/\/techmaster.com.vn\/en\/milwaukee-m18-onersal-one-key-led-remote-stand-light\/","name":"MILWAUKEE M18 ONERSAL ONE-KEY\u2122 LED REMOTE STAND LIGHT - Techmaster Electronics JSC","isPartOf":{"@id":"https:\/\/techmaster.com.vn\/en\/#website"},"primaryImageOfPage":{"@id":"https:\/\/techmaster.com.vn\/en\/milwaukee-m18-onersal-one-key-led-remote-stand-light\/#primaryimage"},"image":{"@id":"https:\/\/techmaster.com.vn\/en\/milwaukee-m18-onersal-one-key-led-remote-stand-light\/#primaryimage"},"thumbnailUrl":"https:\/\/techmaster.com.vn\/wp-content\/uploads\/2020\/12\/den-led-dung-dieu-khien-tu-xa-milwaukee-m18-onersal-0.jpg","datePublished":"2020-12-02T07:26:22+00:00","dateModified":"2022-04-29T03:46:05+00:00","description":"The Milwaukee M18 ONERSAL - Optimise brightness and run time by adjusting the light output from 0 - 5400 Lumens. 55cm when collapsed.","breadcrumb":{"@id":"https:\/\/techmaster.com.vn\/en\/milwaukee-m18-onersal-one-key-led-remote-stand-light\/#breadcrumb"},"inLanguage":"en-US","potentialAction":[{"@type":"ReadAction","target":["https:\/\/techmaster.com.vn\/en\/milwaukee-m18-onersal-one-key-led-remote-stand-light\/"]}]},{"@type":"ImageObject","inLanguage":"en-US","@id":"https:\/\/techmaster.com.vn\/en\/milwaukee-m18-onersal-one-key-led-remote-stand-light\/#primaryimage","url":"https:\/\/techmaster.com.vn\/wp-content\/uploads\/2020\/12\/den-led-dung-dieu-khien-tu-xa-milwaukee-m18-onersal-0.jpg","contentUrl":"https:\/\/techmaster.com.vn\/wp-content\/uploads\/2020\/12\/den-led-dung-dieu-khien-tu-xa-milwaukee-m18-onersal-0.jpg","width":450,"height":450,"caption":"\u0110\u00e8n LED \u0111\u1ee9ng \u0111i\u1ec1u khi\u1ec3n t\u1eeb xa Milwaukee M18 ONERSAL"},{"@type":"BreadcrumbList","@id":"https:\/\/techmaster.com.vn\/en\/milwaukee-m18-onersal-one-key-led-remote-stand-light\/#breadcrumb","itemListElement":[{"@type":"ListItem","position":1,"name":"Trang ch\u1ee7","item":"https:\/\/techmaster.com.vn\/en\/"},{"@type":"ListItem","position":2,"name":"Shop","item":"https:\/\/techmaster.com.vn\/san-pham\/"},{"@type":"ListItem","position":3,"name":"MILWAUKEE M18 ONERSAL ONE-KEY\u2122 LED REMOTE STAND LIGHT"}]},{"@type":"WebSite","@id":"https:\/\/techmaster.com.vn\/en\/#website","url":"https:\/\/techmaster.com.vn\/en\/","name":"Techmaster Electronics JSC","description":"","publisher":{"@id":"https:\/\/techmaster.com.vn\/en\/#organization"},"potentialAction":[{"@type":"SearchAction","target":{"@type":"EntryPoint","urlTemplate":"https:\/\/techmaster.com.vn\/en\/?s={search_term_string}"},"query-input":{"@type":"PropertyValueSpecification","valueRequired":true,"valueName":"search_term_string"}}],"inLanguage":"en-US"},{"@type":["Organization","Place"],"@id":"https:\/\/techmaster.com.vn\/en\/#organization","name":"Techmaster Electronics JSC","url":"https:\/\/techmaster.com.vn\/en\/","logo":{"@id":"https:\/\/techmaster.com.vn\/en\/milwaukee-m18-onersal-one-key-led-remote-stand-light\/#local-main-organization-logo"},"image":{"@id":"https:\/\/techmaster.com.vn\/en\/milwaukee-m18-onersal-one-key-led-remote-stand-light\/#local-main-organization-logo"},"sameAs":["https:\/\/www.facebook.com\/techmaster.electronics.jsc","https:\/\/x.com\/techmastervn","https:\/\/www.instagram.com\/techmastervietnam","https:\/\/myspace.com\/techmastervietnam","https:\/\/www.youtube.com\/c\/TechmasterElectronicsJSC","https:\/\/www.pinterest.com\/techmasterelectronicsjsc\/","https:\/\/vi.wikipedia.org\/wiki\/Th\u00e0nh_vi\u00ean:Techmastervietnam","https:\/\/twitter.com\/techmastervn","https:\/\/www.linkedin.com\/company\/techmaster-vietnam\/"],"telephone":[],"contactPoint":{"@type":"ContactPoint","email":"marketing@techmaster.com.vn"},"openingHoursSpecification":[{"@type":"OpeningHoursSpecification","dayOfWeek":["Monday","Tuesday","Wednesday","Thursday","Friday","Saturday","Sunday"],"opens":"09:00","closes":"17:00"}],"email":"marketing@techmaster.com.vn","areaServed":"Vietnam"},{"@type":"ImageObject","inLanguage":"en-US","@id":"https:\/\/techmaster.com.vn\/en\/milwaukee-m18-onersal-one-key-led-remote-stand-light\/#local-main-organization-logo","url":"https:\/\/techmaster.com.vn\/wp-content\/uploads\/2021\/04\/techmaster-logo-homepage.png","contentUrl":"https:\/\/techmaster.com.vn\/wp-content\/uploads\/2021\/04\/techmaster-logo-homepage.png","width":335,"height":62,"caption":"Techmaster Electronics JSC"}]},"product_price_amount":"14630000","product_price_currency":"VND","og_availability":"instock","product_availability":"instock","product_condition":"new"},"_links":{"self":[{"href":"https:\/\/techmaster.com.vn\/en\/wp-json\/wp\/v2\/product\/15708","targetHints":{"allow":["GET"]}}],"collection":[{"href":"https:\/\/techmaster.com.vn\/en\/wp-json\/wp\/v2\/product"}],"about":[{"href":"https:\/\/techmaster.com.vn\/en\/wp-json\/wp\/v2\/types\/product"}],"replies":[{"embeddable":true,"href":"https:\/\/techmaster.com.vn\/en\/wp-json\/wp\/v2\/comments?post=15708"}],"wp:featuredmedia":[{"embeddable":true,"href":"https:\/\/techmaster.com.vn\/en\/wp-json\/wp\/v2\/media\/2511"}],"wp:attachment":[{"href":"https:\/\/techmaster.com.vn\/en\/wp-json\/wp\/v2\/media?parent=15708"}],"wp:term":[{"taxonomy":"product_brand","embeddable":true,"href":"https:\/\/techmaster.com.vn\/en\/wp-json\/wp\/v2\/product_brand?post=15708"},{"taxonomy":"product_cat","embeddable":true,"href":"https:\/\/techmaster.com.vn\/en\/wp-json\/wp\/v2\/product_cat?post=15708"},{"taxonomy":"product_tag","embeddable":true,"href":"https:\/\/techmaster.com.vn\/en\/wp-json\/wp\/v2\/product_tag?post=15708"}],"curies":[{"name":"wp","href":"https:\/\/api.w.org\/{rel}","templated":true}]}}