{"id":15665,"date":"2020-12-02T14:22:01","date_gmt":"2020-12-02T07:22:01","guid":{"rendered":"https:\/\/techmaster.com.vn\/den-led-bao-hieu-milwaukee-m18-ll-0\/"},"modified":"2022-04-29T10:44:51","modified_gmt":"2022-04-29T03:44:51","slug":"milwaukee-m18-ll-0-led-lantern-light","status":"publish","type":"product","link":"https:\/\/techmaster.com.vn\/en\/milwaukee-m18-ll-0-led-lantern-light\/","title":{"rendered":"MILWAUKEE M18 LL-0  LED LANTERN LIGHT"},"content":{"rendered":"<p><b>SPECIFICATIONS MILWAUKEE M18 LL-0 LED LANTERN LIGHT<\/b><\/p>\n<table class=\"table\">\n<tbody>\n<tr style=\"height: 21px;\">\n<td style=\"height: 21px;\" scope=\"col\">Lumens:<\/td>\n<td style=\"height: 21px;\" scope=\"col\">700 \/ 350 \/ 70 \/ 700<\/td>\n<\/tr>\n<tr style=\"height: 21.7812px;\">\n<td style=\"height: 21.7812px;\" scope=\"col\">Runtime:<\/td>\n<td style=\"height: 21.7812px;\" scope=\"col\">9 \/ 18 \/ 75 \/ 18 (B4)<\/td>\n<\/tr>\n<tr style=\"height: 21px;\">\n<td style=\"height: 21px;\" scope=\"col\">Beam distance (m):<\/td>\n<td style=\"height: 21px;\" scope=\"col\">29<\/td>\n<\/tr>\n<tr style=\"height: 21px;\">\n<td style=\"height: 21px;\" scope=\"col\">Hands-free:<\/td>\n<td style=\"height: 21px;\" scope=\"col\">2 Stainless Steel Hooks<\/td>\n<\/tr>\n<tr style=\"height: 21px;\">\n<td style=\"height: 21px;\" scope=\"col\">Head rotation:<\/td>\n<td style=\"height: 21px;\" scope=\"col\">180 &#8211; 360<\/td>\n<\/tr>\n<tr style=\"height: 21px;\">\n<td style=\"height: 21px;\" scope=\"col\">No. of modes:<\/td>\n<td style=\"height: 21px;\" scope=\"col\">High\/Medium\/Low\/Strobe<\/td>\n<\/tr>\n<tr style=\"height: 21px;\">\n<td style=\"height: 21px;\" scope=\"col\">USB charger:<\/td>\n<td style=\"height: 21px;\" scope=\"col\">5.0V \/ 2.1A<\/td>\n<\/tr>\n<tr style=\"height: 21px;\">\n<td style=\"height: 21px;\" scope=\"col\">Battery platform:<\/td>\n<td style=\"height: 21px;\" scope=\"col\">M18\u2122 REDLITHIUM\u2122-ION<\/td>\n<\/tr>\n<tr style=\"height: 21px;\">\n<td style=\"height: 21px;\" scope=\"col\">Voltage (V):<\/td>\n<td style=\"height: 21px;\" scope=\"col\">18<\/td>\n<\/tr>\n<tr style=\"height: 21px;\">\n<td style=\"height: 21px;\" scope=\"col\">Weight with battery pack if applicable (kg):<\/td>\n<td style=\"height: 21px;\" scope=\"col\">1.0 (2.0Ah)<\/td>\n<\/tr>\n<\/tbody>\n<\/table>\n<h2><strong>Introduction Milwaukee M18 L<b>L-0<\/b><\/strong><\/h2>\n<p style=\"text-align: justify;\">Our M18\u2122 Trouble Light w\/ USB Charging (Milwaukee M18 LL-0) delivers you over 4 full days of light and features a 2.1A USB Port for USB charging anywhere. This LED trouble light provides up to 100 hours of run time on low, or a full workday of light (10 hours) on high when paired with our M18\u2122 REDLITHIUM\u2122 XC5.0 battery. It features a rotating collar that adjusts the light angle from task to area lighting and one stainless steel hanging hook for maximum versatility. With 700 Lumens of TRUEVIEW\u2122 High Definition Output, it delivers unmatched light output to illuminate work areas. A high-power 2.1A USB port allows you to quickly charge tablets, smartphones, and other electronic devices on the job site. Our rechargeable LED trouble light features an impact-resistant lens to withstand abusive jobsite conditions. The MILWAUKEE\u00ae M18\u2122 Trouble Light w\/ USB Charging is compatible with all of our M18\u2122 REDLITHIUM\u2122 batteries (sold separately) and carries a Limited Lifetime LED Warranty, the LEDs never need to be replaced.<\/p>\n<h2><strong>FEATURES<\/strong><\/h2>\n<div id=\"p_lt_ctl01_pageplaceholder_p_lt_ctl01_MilwaukeeProductFeatures_pnlFeatues\" class=\"product__description js-description-mask is-active\">\n<div class=\"product__description-content js-product-content\">\n<p>&#8211; TRUEVIEW\u2122 high definition lighting<\/p>\n<p>&#8211; 180\u00b0 &#8211; 360\u00b0 adjustable beam &#8211; versatile design, allows the user to select between area lighting and task lighting<\/p>\n<p>&#8211; Best-in-class performance &#8211; unmatched light output 700 Lumens, designed to illuminate large areas<\/p>\n<p>&#8211; High powered USB charger charges tablets, smart phones, MP3 players and other electronic devices<\/p>\n<p>&#8211; Job site durability &#8211; rugged designed with impact resistant lens to withstand abusive job site conditions<\/p>\n<p>&#8211; 4 light settings &#8211; provides 700 Lumens on High &amp; Strobe (100%), 350 Lumens on Medium (50%), 70 Lumens on Low (10%)<\/p>\n<p>&#8211; 2 hooks for hanging<\/p>\n<p>&#8211; Protected against splashing water at all angles (IP24)<\/p>\n<p>&#8211; Flexible battery system: works with all MILWAUKEE\u00ae M18\u2122 batteries<\/p>\n<\/div>\n<\/div>\n<p style=\"text-align: center;\"><a href=\"https:\/\/techmaster.com.vn\/wp-content\/uploads\/2020\/12\/den-led-bao-hieu-milwaukee-m18-ll-0-6.jpg\"><img loading=\"lazy\" decoding=\"async\" class=\"alignnone wp-image-10374 size-full\" src=\"https:\/\/techmaster.com.vn\/wp-content\/uploads\/2020\/12\/den-led-bao-hieu-milwaukee-m18-ll-0-6.jpg\" alt=\"Milwaukee M18 LL-0 (8)\" width=\"772\" height=\"346\" \/><\/a><\/p>\n<h2><strong>Milwaukee Brand<\/strong><\/h2>\n<div>Since the company began in 1924, Milwaukee Tool has led the industry in developing innovative solutions that deliver increased productivity and unmatched durability for professional construction users. Whether it is through our world-leading M12\u2122 and M18\u2122 cordless systems, the ground-breaking performance of our M12 and M18 FUEL\u2122 products, jobsite lighting, time-saving accessories, or innovative hand tool and storage products, Milwaukee are dedicated to delivering a continuous flow of advanced, trade-specific solutions. Milwaukee Tool is not simply a manufacturer \u2013 Milwaukee are progressive problem solvers.<\/div>\n<p>&nbsp;<\/p>\n","protected":false},"excerpt":{"rendered":"<h2><strong>FEATURES<\/strong><\/h2>\n<div id=\"p_lt_ctl01_pageplaceholder_p_lt_ctl01_MilwaukeeProductFeatures_pnlFeatues\" class=\"product__description js-description-mask is-active\">\n<div class=\"product__description-content js-product-content\">\n<p>&#8211; TRUEVIEW\u2122 high definition lighting<\/p>\n<p>&#8211; 180\u00b0 &#8211; 360\u00b0 adjustable beam &#8211; versatile design, allows the user to select between area lighting and task lighting<\/p>\n<p>&#8211; Best-in-class performance &#8211; unmatched light output 700 Lumens, designed to illuminate large areas<\/p>\n<p>&#8211; High powered USB charger charges tablets, smart phones, MP3 players and other electronic devices<\/p>\n<p>&#8211; 4 light settings &#8211; provides 700 Lumens on High &amp; Strobe (100%), 350 Lumens on Medium (50%), 70 Lumens on Low (10%)<\/p>\n<\/div>\n<\/div>\n","protected":false},"featured_media":2497,"comment_status":"open","ping_status":"closed","template":"","meta":[],"product_brand":[],"product_cat":[161,373,280],"product_tag":[],"class_list":{"0":"post-15665","1":"product","2":"type-product","3":"status-publish","4":"has-post-thumbnail","6":"product_cat-hand-tools","7":"product_cat-m18-en","8":"product_cat-lighting","9":"pa_brand-milwaukee-en","11":"first","12":"instock","13":"shipping-taxable","14":"product-type-simple"},"yoast_head":"<!-- This site is optimized with the Yoast SEO Premium plugin v26.8 (Yoast SEO v26.8) - https:\/\/yoast.com\/product\/yoast-seo-premium-wordpress\/ -->\n<title>MILWAUKEE M18 LL-0 LED LANTERN LIGHT - Techmaster Electronics JSC<\/title>\n<meta name=\"description\" content=\"The Milwaukee M18 LL-0 - TRUEVIEW\u2122 high definition lighting. 2 hooks for hanging. Protected against splashing water at all angles (IP24).\" \/>\n<meta name=\"robots\" content=\"index, follow, max-snippet:-1, max-image-preview:large, max-video-preview:-1\" \/>\n<link rel=\"canonical\" href=\"https:\/\/techmaster.com.vn\/en\/milwaukee-m18-ll-0-led-lantern-light\/\" \/>\n<meta property=\"og:locale\" content=\"en_US\" \/>\n<meta property=\"og:type\" content=\"article\" \/>\n<meta property=\"og:title\" content=\"MILWAUKEE M18 LL-0 LED LANTERN LIGHT\" \/>\n<meta property=\"og:description\" content=\"The Milwaukee M18 LL-0 - TRUEVIEW\u2122 high definition lighting. 2 hooks for hanging. Protected against splashing water at all angles (IP24).\" \/>\n<meta property=\"og:url\" content=\"https:\/\/techmaster.com.vn\/en\/milwaukee-m18-ll-0-led-lantern-light\/\" \/>\n<meta property=\"og:site_name\" content=\"Techmaster Electronics JSC\" \/>\n<meta property=\"article:publisher\" content=\"https:\/\/www.facebook.com\/techmaster.electronics.jsc\" \/>\n<meta property=\"article:modified_time\" content=\"2022-04-29T03:44:51+00:00\" \/>\n<meta property=\"og:image\" content=\"https:\/\/techmaster.com.vn\/wp-content\/uploads\/2020\/12\/den-led-bao-hieu-milwaukee-m18-ll-0.jpg\" \/>\n\t<meta property=\"og:image:width\" content=\"450\" \/>\n\t<meta property=\"og:image:height\" content=\"450\" \/>\n\t<meta property=\"og:image:type\" content=\"image\/jpeg\" \/>\n<meta name=\"twitter:card\" content=\"summary_large_image\" \/>\n<meta name=\"twitter:site\" content=\"@techmastervn\" \/>\n<meta name=\"twitter:label1\" content=\"Price\" \/>\n\t<meta name=\"twitter:data1\" content=\"Call for Price\" \/>\n\t<meta name=\"twitter:label2\" content=\"Availability\" \/>\n\t<meta name=\"twitter:data2\" content=\"In stock\" \/>\n<script type=\"application\/ld+json\" class=\"yoast-schema-graph\">{\"@context\":\"https:\/\/schema.org\",\"@graph\":[{\"@type\":\"WebPage\",\"@id\":\"https:\/\/techmaster.com.vn\/en\/milwaukee-m18-ll-0-led-lantern-light\/\",\"url\":\"https:\/\/techmaster.com.vn\/en\/milwaukee-m18-ll-0-led-lantern-light\/\",\"name\":\"MILWAUKEE M18 LL-0 LED LANTERN LIGHT - Techmaster Electronics JSC\",\"isPartOf\":{\"@id\":\"https:\/\/techmaster.com.vn\/en\/#website\"},\"primaryImageOfPage\":{\"@id\":\"https:\/\/techmaster.com.vn\/en\/milwaukee-m18-ll-0-led-lantern-light\/#primaryimage\"},\"image\":{\"@id\":\"https:\/\/techmaster.com.vn\/en\/milwaukee-m18-ll-0-led-lantern-light\/#primaryimage\"},\"thumbnailUrl\":\"https:\/\/techmaster.com.vn\/wp-content\/uploads\/2020\/12\/den-led-bao-hieu-milwaukee-m18-ll-0.jpg\",\"datePublished\":\"2020-12-02T07:22:01+00:00\",\"dateModified\":\"2022-04-29T03:44:51+00:00\",\"description\":\"The Milwaukee M18 LL-0 - TRUEVIEW\u2122 high definition lighting. 2 hooks for hanging. Protected against splashing water at all angles (IP24).\",\"breadcrumb\":{\"@id\":\"https:\/\/techmaster.com.vn\/en\/milwaukee-m18-ll-0-led-lantern-light\/#breadcrumb\"},\"inLanguage\":\"en-US\",\"potentialAction\":[{\"@type\":\"ReadAction\",\"target\":[\"https:\/\/techmaster.com.vn\/en\/milwaukee-m18-ll-0-led-lantern-light\/\"]}]},{\"@type\":\"ImageObject\",\"inLanguage\":\"en-US\",\"@id\":\"https:\/\/techmaster.com.vn\/en\/milwaukee-m18-ll-0-led-lantern-light\/#primaryimage\",\"url\":\"https:\/\/techmaster.com.vn\/wp-content\/uploads\/2020\/12\/den-led-bao-hieu-milwaukee-m18-ll-0.jpg\",\"contentUrl\":\"https:\/\/techmaster.com.vn\/wp-content\/uploads\/2020\/12\/den-led-bao-hieu-milwaukee-m18-ll-0.jpg\",\"width\":450,\"height\":450,\"caption\":\"\u0110\u00e8n LED b\u00e1o hi\u1ec7u Milwaukee M18 LL-0\"},{\"@type\":\"BreadcrumbList\",\"@id\":\"https:\/\/techmaster.com.vn\/en\/milwaukee-m18-ll-0-led-lantern-light\/#breadcrumb\",\"itemListElement\":[{\"@type\":\"ListItem\",\"position\":1,\"name\":\"Trang ch\u1ee7\",\"item\":\"https:\/\/techmaster.com.vn\/en\/\"},{\"@type\":\"ListItem\",\"position\":2,\"name\":\"Shop\",\"item\":\"https:\/\/techmaster.com.vn\/san-pham\/\"},{\"@type\":\"ListItem\",\"position\":3,\"name\":\"MILWAUKEE M18 LL-0 LED LANTERN LIGHT\"}]},{\"@type\":\"WebSite\",\"@id\":\"https:\/\/techmaster.com.vn\/en\/#website\",\"url\":\"https:\/\/techmaster.com.vn\/en\/\",\"name\":\"Techmaster Electronics JSC\",\"description\":\"\",\"publisher\":{\"@id\":\"https:\/\/techmaster.com.vn\/en\/#organization\"},\"potentialAction\":[{\"@type\":\"SearchAction\",\"target\":{\"@type\":\"EntryPoint\",\"urlTemplate\":\"https:\/\/techmaster.com.vn\/en\/?s={search_term_string}\"},\"query-input\":{\"@type\":\"PropertyValueSpecification\",\"valueRequired\":true,\"valueName\":\"search_term_string\"}}],\"inLanguage\":\"en-US\"},{\"@type\":[\"Organization\",\"Place\"],\"@id\":\"https:\/\/techmaster.com.vn\/en\/#organization\",\"name\":\"Techmaster Electronics JSC\",\"url\":\"https:\/\/techmaster.com.vn\/en\/\",\"logo\":{\"@id\":\"https:\/\/techmaster.com.vn\/en\/milwaukee-m18-ll-0-led-lantern-light\/#local-main-organization-logo\"},\"image\":{\"@id\":\"https:\/\/techmaster.com.vn\/en\/milwaukee-m18-ll-0-led-lantern-light\/#local-main-organization-logo\"},\"sameAs\":[\"https:\/\/www.facebook.com\/techmaster.electronics.jsc\",\"https:\/\/x.com\/techmastervn\",\"https:\/\/www.instagram.com\/techmastervietnam\",\"https:\/\/myspace.com\/techmastervietnam\",\"https:\/\/www.youtube.com\/c\/TechmasterElectronicsJSC\",\"https:\/\/www.pinterest.com\/techmasterelectronicsjsc\/\",\"https:\/\/vi.wikipedia.org\/wiki\/Th\u00e0nh_vi\u00ean:Techmastervietnam\",\"https:\/\/twitter.com\/techmastervn\",\"https:\/\/www.linkedin.com\/company\/techmaster-vietnam\/\"],\"telephone\":[],\"contactPoint\":{\"@type\":\"ContactPoint\",\"email\":\"marketing@techmaster.com.vn\"},\"openingHoursSpecification\":[{\"@type\":\"OpeningHoursSpecification\",\"dayOfWeek\":[\"Monday\",\"Tuesday\",\"Wednesday\",\"Thursday\",\"Friday\",\"Saturday\",\"Sunday\"],\"opens\":\"09:00\",\"closes\":\"17:00\"}],\"email\":\"marketing@techmaster.com.vn\",\"areaServed\":\"Vietnam\"},{\"@type\":\"ImageObject\",\"inLanguage\":\"en-US\",\"@id\":\"https:\/\/techmaster.com.vn\/en\/milwaukee-m18-ll-0-led-lantern-light\/#local-main-organization-logo\",\"url\":\"https:\/\/techmaster.com.vn\/wp-content\/uploads\/2021\/04\/techmaster-logo-homepage.png\",\"contentUrl\":\"https:\/\/techmaster.com.vn\/wp-content\/uploads\/2021\/04\/techmaster-logo-homepage.png\",\"width\":335,\"height\":62,\"caption\":\"Techmaster Electronics JSC\"}]}<\/script>\n<meta property=\"product:price:amount\" content=\"0\" \/>\n<meta property=\"product:price:currency\" content=\"VND\" \/>\n<meta property=\"og:availability\" content=\"instock\" \/>\n<meta property=\"product:availability\" content=\"instock\" \/>\n<meta property=\"product:condition\" content=\"new\" \/>\n<!-- \/ Yoast SEO Premium plugin. -->","yoast_head_json":{"title":"MILWAUKEE M18 LL-0 LED LANTERN LIGHT - Techmaster Electronics JSC","description":"The Milwaukee M18 LL-0 - TRUEVIEW\u2122 high definition lighting. 2 hooks for hanging. Protected against splashing water at all angles (IP24).","robots":{"index":"index","follow":"follow","max-snippet":"max-snippet:-1","max-image-preview":"max-image-preview:large","max-video-preview":"max-video-preview:-1"},"canonical":"https:\/\/techmaster.com.vn\/en\/milwaukee-m18-ll-0-led-lantern-light\/","og_locale":"en_US","og_type":"article","og_title":"MILWAUKEE M18 LL-0 LED LANTERN LIGHT","og_description":"The Milwaukee M18 LL-0 - TRUEVIEW\u2122 high definition lighting. 2 hooks for hanging. Protected against splashing water at all angles (IP24).","og_url":"https:\/\/techmaster.com.vn\/en\/milwaukee-m18-ll-0-led-lantern-light\/","og_site_name":"Techmaster Electronics JSC","article_publisher":"https:\/\/www.facebook.com\/techmaster.electronics.jsc","article_modified_time":"2022-04-29T03:44:51+00:00","og_image":[{"width":450,"height":450,"url":"https:\/\/techmaster.com.vn\/wp-content\/uploads\/2020\/12\/den-led-bao-hieu-milwaukee-m18-ll-0.jpg","type":"image\/jpeg"}],"twitter_card":"summary_large_image","twitter_site":"@techmastervn","twitter_misc":{"Price":"Call for Price","Availability":"In stock"},"schema":{"@context":"https:\/\/schema.org","@graph":[{"@type":"WebPage","@id":"https:\/\/techmaster.com.vn\/en\/milwaukee-m18-ll-0-led-lantern-light\/","url":"https:\/\/techmaster.com.vn\/en\/milwaukee-m18-ll-0-led-lantern-light\/","name":"MILWAUKEE M18 LL-0 LED LANTERN LIGHT - Techmaster Electronics JSC","isPartOf":{"@id":"https:\/\/techmaster.com.vn\/en\/#website"},"primaryImageOfPage":{"@id":"https:\/\/techmaster.com.vn\/en\/milwaukee-m18-ll-0-led-lantern-light\/#primaryimage"},"image":{"@id":"https:\/\/techmaster.com.vn\/en\/milwaukee-m18-ll-0-led-lantern-light\/#primaryimage"},"thumbnailUrl":"https:\/\/techmaster.com.vn\/wp-content\/uploads\/2020\/12\/den-led-bao-hieu-milwaukee-m18-ll-0.jpg","datePublished":"2020-12-02T07:22:01+00:00","dateModified":"2022-04-29T03:44:51+00:00","description":"The Milwaukee M18 LL-0 - TRUEVIEW\u2122 high definition lighting. 2 hooks for hanging. Protected against splashing water at all angles (IP24).","breadcrumb":{"@id":"https:\/\/techmaster.com.vn\/en\/milwaukee-m18-ll-0-led-lantern-light\/#breadcrumb"},"inLanguage":"en-US","potentialAction":[{"@type":"ReadAction","target":["https:\/\/techmaster.com.vn\/en\/milwaukee-m18-ll-0-led-lantern-light\/"]}]},{"@type":"ImageObject","inLanguage":"en-US","@id":"https:\/\/techmaster.com.vn\/en\/milwaukee-m18-ll-0-led-lantern-light\/#primaryimage","url":"https:\/\/techmaster.com.vn\/wp-content\/uploads\/2020\/12\/den-led-bao-hieu-milwaukee-m18-ll-0.jpg","contentUrl":"https:\/\/techmaster.com.vn\/wp-content\/uploads\/2020\/12\/den-led-bao-hieu-milwaukee-m18-ll-0.jpg","width":450,"height":450,"caption":"\u0110\u00e8n LED b\u00e1o hi\u1ec7u Milwaukee M18 LL-0"},{"@type":"BreadcrumbList","@id":"https:\/\/techmaster.com.vn\/en\/milwaukee-m18-ll-0-led-lantern-light\/#breadcrumb","itemListElement":[{"@type":"ListItem","position":1,"name":"Trang ch\u1ee7","item":"https:\/\/techmaster.com.vn\/en\/"},{"@type":"ListItem","position":2,"name":"Shop","item":"https:\/\/techmaster.com.vn\/san-pham\/"},{"@type":"ListItem","position":3,"name":"MILWAUKEE M18 LL-0 LED LANTERN LIGHT"}]},{"@type":"WebSite","@id":"https:\/\/techmaster.com.vn\/en\/#website","url":"https:\/\/techmaster.com.vn\/en\/","name":"Techmaster Electronics JSC","description":"","publisher":{"@id":"https:\/\/techmaster.com.vn\/en\/#organization"},"potentialAction":[{"@type":"SearchAction","target":{"@type":"EntryPoint","urlTemplate":"https:\/\/techmaster.com.vn\/en\/?s={search_term_string}"},"query-input":{"@type":"PropertyValueSpecification","valueRequired":true,"valueName":"search_term_string"}}],"inLanguage":"en-US"},{"@type":["Organization","Place"],"@id":"https:\/\/techmaster.com.vn\/en\/#organization","name":"Techmaster Electronics JSC","url":"https:\/\/techmaster.com.vn\/en\/","logo":{"@id":"https:\/\/techmaster.com.vn\/en\/milwaukee-m18-ll-0-led-lantern-light\/#local-main-organization-logo"},"image":{"@id":"https:\/\/techmaster.com.vn\/en\/milwaukee-m18-ll-0-led-lantern-light\/#local-main-organization-logo"},"sameAs":["https:\/\/www.facebook.com\/techmaster.electronics.jsc","https:\/\/x.com\/techmastervn","https:\/\/www.instagram.com\/techmastervietnam","https:\/\/myspace.com\/techmastervietnam","https:\/\/www.youtube.com\/c\/TechmasterElectronicsJSC","https:\/\/www.pinterest.com\/techmasterelectronicsjsc\/","https:\/\/vi.wikipedia.org\/wiki\/Th\u00e0nh_vi\u00ean:Techmastervietnam","https:\/\/twitter.com\/techmastervn","https:\/\/www.linkedin.com\/company\/techmaster-vietnam\/"],"telephone":[],"contactPoint":{"@type":"ContactPoint","email":"marketing@techmaster.com.vn"},"openingHoursSpecification":[{"@type":"OpeningHoursSpecification","dayOfWeek":["Monday","Tuesday","Wednesday","Thursday","Friday","Saturday","Sunday"],"opens":"09:00","closes":"17:00"}],"email":"marketing@techmaster.com.vn","areaServed":"Vietnam"},{"@type":"ImageObject","inLanguage":"en-US","@id":"https:\/\/techmaster.com.vn\/en\/milwaukee-m18-ll-0-led-lantern-light\/#local-main-organization-logo","url":"https:\/\/techmaster.com.vn\/wp-content\/uploads\/2021\/04\/techmaster-logo-homepage.png","contentUrl":"https:\/\/techmaster.com.vn\/wp-content\/uploads\/2021\/04\/techmaster-logo-homepage.png","width":335,"height":62,"caption":"Techmaster Electronics JSC"}]},"product_price_currency":"VND","og_availability":"instock","product_availability":"instock","product_condition":"new"},"_links":{"self":[{"href":"https:\/\/techmaster.com.vn\/en\/wp-json\/wp\/v2\/product\/15665","targetHints":{"allow":["GET"]}}],"collection":[{"href":"https:\/\/techmaster.com.vn\/en\/wp-json\/wp\/v2\/product"}],"about":[{"href":"https:\/\/techmaster.com.vn\/en\/wp-json\/wp\/v2\/types\/product"}],"replies":[{"embeddable":true,"href":"https:\/\/techmaster.com.vn\/en\/wp-json\/wp\/v2\/comments?post=15665"}],"wp:featuredmedia":[{"embeddable":true,"href":"https:\/\/techmaster.com.vn\/en\/wp-json\/wp\/v2\/media\/2497"}],"wp:attachment":[{"href":"https:\/\/techmaster.com.vn\/en\/wp-json\/wp\/v2\/media?parent=15665"}],"wp:term":[{"taxonomy":"product_brand","embeddable":true,"href":"https:\/\/techmaster.com.vn\/en\/wp-json\/wp\/v2\/product_brand?post=15665"},{"taxonomy":"product_cat","embeddable":true,"href":"https:\/\/techmaster.com.vn\/en\/wp-json\/wp\/v2\/product_cat?post=15665"},{"taxonomy":"product_tag","embeddable":true,"href":"https:\/\/techmaster.com.vn\/en\/wp-json\/wp\/v2\/product_tag?post=15665"}],"curies":[{"name":"wp","href":"https:\/\/api.w.org\/{rel}","templated":true}]}}