{"id":15641,"date":"2020-12-02T14:17:42","date_gmt":"2020-12-02T07:17:42","guid":{"rendered":"https:\/\/techmaster.com.vn\/den-led-doi-da-huong-milwaukee-m18-ubl-0\/"},"modified":"2022-04-29T10:44:28","modified_gmt":"2022-04-29T03:44:28","slug":"milwaukee-m18-ubl-0-led-utility-bucket-light","status":"publish","type":"product","link":"https:\/\/techmaster.com.vn\/en\/milwaukee-m18-ubl-0-led-utility-bucket-light\/","title":{"rendered":"MILWAUKEE M18 UBL-0 LED UTILITY BUCKET LIGHT"},"content":{"rendered":"<div class=\"ellipsis_detail\">\n<p><b>SPECIFICATIONS MILWAUKEE M18 UBL-0 LED TILITY BUCKET LIGHT\u00a0<\/b><\/p>\n<table class=\"table\">\n<tbody>\n<tr>\n<td scope=\"col\">Lumens:<\/td>\n<td scope=\"col\">2,500 \/ 800 \/ 2,200<\/td>\n<\/tr>\n<tr>\n<td scope=\"col\">Runtime:<\/td>\n<td scope=\"col\">4\/ 6 \/ 4 (B9)<\/td>\n<\/tr>\n<tr>\n<td scope=\"col\">Focus trade:<\/td>\n<td scope=\"col\">Power Utility<\/td>\n<\/tr>\n<tr>\n<td scope=\"col\">Beam distance (m):<\/td>\n<td scope=\"col\">457<\/td>\n<\/tr>\n<tr>\n<td scope=\"col\">Hands-free:<\/td>\n<td scope=\"col\">Spring-Loaded Clamp<\/td>\n<\/tr>\n<tr>\n<td scope=\"col\">Head rotation:<\/td>\n<td scope=\"col\">180 Vertical &amp; Horizontal<\/td>\n<\/tr>\n<tr>\n<td scope=\"col\">No. of modes:<\/td>\n<td scope=\"col\">Spot-flood\/Flood\/Spot\/Strobe<\/td>\n<\/tr>\n<tr>\n<td scope=\"col\">IP rating:<\/td>\n<td scope=\"col\">IP 56<\/td>\n<\/tr>\n<tr>\n<td scope=\"col\">Battery platform:<\/td>\n<td scope=\"col\">M18\u2122 REDLITHIUM\u2122-ION<\/td>\n<\/tr>\n<tr>\n<td scope=\"col\">Voltage (V):<\/td>\n<td scope=\"col\">18<\/td>\n<\/tr>\n<tr>\n<td scope=\"col\">Weight with battery pack if applicable (kg):<\/td>\n<td scope=\"col\">4.7 (9.0Ah)<\/td>\n<\/tr>\n<\/tbody>\n<\/table>\n<h2><strong>Introduction Milwaukee M18 <b>UBL-0<\/b><\/strong><\/h2>\n<p style=\"text-align: justify;\">Our M18\u2122 Utility Bucket Light (Milwaukee M18 UBL-0) is the first of its kind, revolutionizing the way Power Utility Lineman execute overhead work. It offers an increased level of durability and added features that light up workspaces more effectively. The dual light head design allows a Lineman to use spot and flood modes with one light to illuminate their work areas in ways they haven\u2019t been able to do in the past. Its extreme weather protection and high voltage durability make sure the light will work in the demanding environments lineman experience everyday. Our patented spring-loaded clamp fits all size bucket lips and allows you to move the light around the bucket effortlessly. The M18\u2122 Utility Bucket Light can run up to 4 hours on flood mode and spot\/flood mode, and up to 6 hours on spot mode with an M18\u2122 REDLITHIUM\u2122 HD9.0 Battery. The high-quality LEDs never need to be replaced and are backed by a limited lifetime warranty.<\/p>\n<p style=\"text-align: center;\"><a href=\"https:\/\/techmaster.com.vn\/wp-content\/uploads\/2020\/12\/den-led-doi-da-huong-milwaukee-m18-ubl-0-6.jpg\"><img loading=\"lazy\" decoding=\"async\" class=\"alignnone wp-image-10425 size-full\" src=\"https:\/\/techmaster.com.vn\/wp-content\/uploads\/2020\/12\/den-led-doi-da-huong-milwaukee-m18-ubl-0-6.jpg\" alt=\"Milwaukee M18 UBL-0 (8)\" width=\"772\" height=\"346\" \/><\/a><\/p>\n<h2><strong>FEATURES<\/strong><\/h2>\n<div id=\"p_lt_ctl01_pageplaceholder_p_lt_ctl01_MilwaukeeProductFeatures_pnlFeatues\" class=\"product__description js-description-mask is-active\">\n<div class=\"product__description-content js-product-content\">\n<p>&#8211; Dual light head design with 180\u00b0 of vertical and horizontal head rotation, heads can be rotated individually<\/p>\n<p>&#8211; 3 output modes: Spot, Flood, Spot\/Flood provides up to 2500 Lumens and up to 457 m of beam distance on Flood mode<\/p>\n<p>&#8211; Patented spring loaded bucket clamp for most bucket sizes<\/p>\n<p>&#8211; IP56 to withstand harsh weather conditions<\/p>\n<p>&#8211; Low battery indicator alerts users when the battery is nearing end of charge<\/p>\n<\/div>\n<\/div>\n<h2><strong>Milwaukee Brand<\/strong><\/h2>\n<div style=\"text-align: justify;\">Since the company began in 1924, Milwaukee Tool has led the industry in developing innovative solutions that deliver increased productivity and unmatched durability for professional construction users. Whether it is through our world-leading M12\u2122 and M18\u2122 cordless systems, the ground-breaking performance of our M12 and M18 FUEL\u2122 products, jobsite lighting, time-saving accessories, or innovative hand tool and storage products, Milwaukee are dedicated to delivering a continuous flow of advanced, trade-specific solutions. Milwaukee Tool is not simply a manufacturer \u2013 Milwaukee are progressive problem solvers.<\/div>\n<p>&nbsp;<\/p>\n<p>&nbsp;<\/p>\n<p>&nbsp;<\/p>\n<\/div>\n","protected":false},"excerpt":{"rendered":"<h2><strong>FEATURES<\/strong><\/h2>\n<div id=\"p_lt_ctl01_pageplaceholder_p_lt_ctl01_MilwaukeeProductFeatures_pnlFeatues\" class=\"product__description js-description-mask is-active\">\n<div class=\"product__description-content js-product-content\">\n<p>&#8211; Dual light head design with 180\u00b0 of vertical and horizontal head rotation, heads can be rotated individually<\/p>\n<p>&#8211; 3 output modes: Spot, Flood, Spot\/Flood provides up to 2500 Lumens and up to 457 m of beam distance on Flood mode<\/p>\n<p>&#8211; Patented spring loaded bucket clamp for most bucket sizes<\/p>\n<p>&#8211; IP56 to withstand harsh weather conditions<\/p>\n<p>&#8211; Low battery indicator alerts users when the battery is nearing end of charge<\/p>\n<\/div>\n<\/div>\n","protected":false},"featured_media":2488,"comment_status":"open","ping_status":"closed","template":"","meta":[],"product_brand":[],"product_cat":[161,373,280],"product_tag":[],"class_list":{"0":"post-15641","1":"product","2":"type-product","3":"status-publish","4":"has-post-thumbnail","6":"product_cat-hand-tools","7":"product_cat-m18-en","8":"product_cat-lighting","9":"pa_brand-milwaukee-en","11":"first","12":"instock","13":"shipping-taxable","14":"product-type-simple"},"yoast_head":"<!-- This site is optimized with the Yoast SEO Premium plugin v26.8 (Yoast SEO v26.8) - https:\/\/yoast.com\/product\/yoast-seo-premium-wordpress\/ -->\n<title>MILWAUKEE M18 UBL-0 LED UTILITY BUCKET LIGHT - Techmaster Electronics JSC<\/title>\n<meta name=\"description\" content=\"The Milwaukee M18 UBL-0 - IP56 to withstand harsh weather conditions. Patented spring loaded bucket clamp for most bucket sizes.\" \/>\n<meta name=\"robots\" content=\"index, follow, max-snippet:-1, max-image-preview:large, max-video-preview:-1\" \/>\n<link rel=\"canonical\" href=\"https:\/\/techmaster.com.vn\/en\/milwaukee-m18-ubl-0-led-utility-bucket-light\/\" \/>\n<meta property=\"og:locale\" content=\"en_US\" \/>\n<meta property=\"og:type\" content=\"article\" \/>\n<meta property=\"og:title\" content=\"MILWAUKEE M18 UBL-0 LED UTILITY BUCKET LIGHT\" \/>\n<meta property=\"og:description\" content=\"The Milwaukee M18 UBL-0 - IP56 to withstand harsh weather conditions. Patented spring loaded bucket clamp for most bucket sizes.\" \/>\n<meta property=\"og:url\" content=\"https:\/\/techmaster.com.vn\/en\/milwaukee-m18-ubl-0-led-utility-bucket-light\/\" \/>\n<meta property=\"og:site_name\" content=\"Techmaster Electronics JSC\" \/>\n<meta property=\"article:publisher\" content=\"https:\/\/www.facebook.com\/techmaster.electronics.jsc\" \/>\n<meta property=\"article:modified_time\" content=\"2022-04-29T03:44:28+00:00\" \/>\n<meta property=\"og:image\" content=\"https:\/\/techmaster.com.vn\/wp-content\/uploads\/2020\/12\/den-led-doi-da-huong-milwaukee-m18-ubl-0.jpg\" \/>\n\t<meta property=\"og:image:width\" content=\"450\" \/>\n\t<meta property=\"og:image:height\" content=\"450\" \/>\n\t<meta property=\"og:image:type\" content=\"image\/jpeg\" \/>\n<meta name=\"twitter:card\" content=\"summary_large_image\" \/>\n<meta name=\"twitter:site\" content=\"@techmastervn\" \/>\n<meta name=\"twitter:label1\" content=\"Price\" \/>\n\t<meta name=\"twitter:data1\" content=\"Call for Price\" \/>\n\t<meta name=\"twitter:label2\" content=\"Availability\" \/>\n\t<meta name=\"twitter:data2\" content=\"In stock\" \/>\n<script type=\"application\/ld+json\" class=\"yoast-schema-graph\">{\"@context\":\"https:\/\/schema.org\",\"@graph\":[{\"@type\":\"WebPage\",\"@id\":\"https:\/\/techmaster.com.vn\/en\/milwaukee-m18-ubl-0-led-utility-bucket-light\/\",\"url\":\"https:\/\/techmaster.com.vn\/en\/milwaukee-m18-ubl-0-led-utility-bucket-light\/\",\"name\":\"MILWAUKEE M18 UBL-0 LED UTILITY BUCKET LIGHT - Techmaster Electronics JSC\",\"isPartOf\":{\"@id\":\"https:\/\/techmaster.com.vn\/en\/#website\"},\"primaryImageOfPage\":{\"@id\":\"https:\/\/techmaster.com.vn\/en\/milwaukee-m18-ubl-0-led-utility-bucket-light\/#primaryimage\"},\"image\":{\"@id\":\"https:\/\/techmaster.com.vn\/en\/milwaukee-m18-ubl-0-led-utility-bucket-light\/#primaryimage\"},\"thumbnailUrl\":\"https:\/\/techmaster.com.vn\/wp-content\/uploads\/2020\/12\/den-led-doi-da-huong-milwaukee-m18-ubl-0.jpg\",\"datePublished\":\"2020-12-02T07:17:42+00:00\",\"dateModified\":\"2022-04-29T03:44:28+00:00\",\"description\":\"The Milwaukee M18 UBL-0 - IP56 to withstand harsh weather conditions. Patented spring loaded bucket clamp for most bucket sizes.\",\"breadcrumb\":{\"@id\":\"https:\/\/techmaster.com.vn\/en\/milwaukee-m18-ubl-0-led-utility-bucket-light\/#breadcrumb\"},\"inLanguage\":\"en-US\",\"potentialAction\":[{\"@type\":\"ReadAction\",\"target\":[\"https:\/\/techmaster.com.vn\/en\/milwaukee-m18-ubl-0-led-utility-bucket-light\/\"]}]},{\"@type\":\"ImageObject\",\"inLanguage\":\"en-US\",\"@id\":\"https:\/\/techmaster.com.vn\/en\/milwaukee-m18-ubl-0-led-utility-bucket-light\/#primaryimage\",\"url\":\"https:\/\/techmaster.com.vn\/wp-content\/uploads\/2020\/12\/den-led-doi-da-huong-milwaukee-m18-ubl-0.jpg\",\"contentUrl\":\"https:\/\/techmaster.com.vn\/wp-content\/uploads\/2020\/12\/den-led-doi-da-huong-milwaukee-m18-ubl-0.jpg\",\"width\":450,\"height\":450,\"caption\":\"\u0110\u00e8n LED \u0111\u00f4i \u0111a h\u01b0\u1edbng Milwaukee M18 UBL-0\"},{\"@type\":\"BreadcrumbList\",\"@id\":\"https:\/\/techmaster.com.vn\/en\/milwaukee-m18-ubl-0-led-utility-bucket-light\/#breadcrumb\",\"itemListElement\":[{\"@type\":\"ListItem\",\"position\":1,\"name\":\"Trang ch\u1ee7\",\"item\":\"https:\/\/techmaster.com.vn\/en\/\"},{\"@type\":\"ListItem\",\"position\":2,\"name\":\"Shop\",\"item\":\"https:\/\/techmaster.com.vn\/san-pham\/\"},{\"@type\":\"ListItem\",\"position\":3,\"name\":\"MILWAUKEE M18 UBL-0 LED UTILITY BUCKET LIGHT\"}]},{\"@type\":\"WebSite\",\"@id\":\"https:\/\/techmaster.com.vn\/en\/#website\",\"url\":\"https:\/\/techmaster.com.vn\/en\/\",\"name\":\"Techmaster Electronics JSC\",\"description\":\"\",\"publisher\":{\"@id\":\"https:\/\/techmaster.com.vn\/en\/#organization\"},\"potentialAction\":[{\"@type\":\"SearchAction\",\"target\":{\"@type\":\"EntryPoint\",\"urlTemplate\":\"https:\/\/techmaster.com.vn\/en\/?s={search_term_string}\"},\"query-input\":{\"@type\":\"PropertyValueSpecification\",\"valueRequired\":true,\"valueName\":\"search_term_string\"}}],\"inLanguage\":\"en-US\"},{\"@type\":[\"Organization\",\"Place\"],\"@id\":\"https:\/\/techmaster.com.vn\/en\/#organization\",\"name\":\"Techmaster Electronics JSC\",\"url\":\"https:\/\/techmaster.com.vn\/en\/\",\"logo\":{\"@id\":\"https:\/\/techmaster.com.vn\/en\/milwaukee-m18-ubl-0-led-utility-bucket-light\/#local-main-organization-logo\"},\"image\":{\"@id\":\"https:\/\/techmaster.com.vn\/en\/milwaukee-m18-ubl-0-led-utility-bucket-light\/#local-main-organization-logo\"},\"sameAs\":[\"https:\/\/www.facebook.com\/techmaster.electronics.jsc\",\"https:\/\/x.com\/techmastervn\",\"https:\/\/www.instagram.com\/techmastervietnam\",\"https:\/\/myspace.com\/techmastervietnam\",\"https:\/\/www.youtube.com\/c\/TechmasterElectronicsJSC\",\"https:\/\/www.pinterest.com\/techmasterelectronicsjsc\/\",\"https:\/\/vi.wikipedia.org\/wiki\/Th\u00e0nh_vi\u00ean:Techmastervietnam\",\"https:\/\/twitter.com\/techmastervn\",\"https:\/\/www.linkedin.com\/company\/techmaster-vietnam\/\"],\"telephone\":[],\"contactPoint\":{\"@type\":\"ContactPoint\",\"email\":\"marketing@techmaster.com.vn\"},\"openingHoursSpecification\":[{\"@type\":\"OpeningHoursSpecification\",\"dayOfWeek\":[\"Monday\",\"Tuesday\",\"Wednesday\",\"Thursday\",\"Friday\",\"Saturday\",\"Sunday\"],\"opens\":\"09:00\",\"closes\":\"17:00\"}],\"email\":\"marketing@techmaster.com.vn\",\"areaServed\":\"Vietnam\"},{\"@type\":\"ImageObject\",\"inLanguage\":\"en-US\",\"@id\":\"https:\/\/techmaster.com.vn\/en\/milwaukee-m18-ubl-0-led-utility-bucket-light\/#local-main-organization-logo\",\"url\":\"https:\/\/techmaster.com.vn\/wp-content\/uploads\/2021\/04\/techmaster-logo-homepage.png\",\"contentUrl\":\"https:\/\/techmaster.com.vn\/wp-content\/uploads\/2021\/04\/techmaster-logo-homepage.png\",\"width\":335,\"height\":62,\"caption\":\"Techmaster Electronics JSC\"}]}<\/script>\n<meta property=\"product:price:amount\" content=\"0\" \/>\n<meta property=\"product:price:currency\" content=\"VND\" \/>\n<meta property=\"og:availability\" content=\"instock\" \/>\n<meta property=\"product:availability\" content=\"instock\" \/>\n<meta property=\"product:condition\" content=\"new\" \/>\n<!-- \/ Yoast SEO Premium plugin. -->","yoast_head_json":{"title":"MILWAUKEE M18 UBL-0 LED UTILITY BUCKET LIGHT - Techmaster Electronics JSC","description":"The Milwaukee M18 UBL-0 - IP56 to withstand harsh weather conditions. Patented spring loaded bucket clamp for most bucket sizes.","robots":{"index":"index","follow":"follow","max-snippet":"max-snippet:-1","max-image-preview":"max-image-preview:large","max-video-preview":"max-video-preview:-1"},"canonical":"https:\/\/techmaster.com.vn\/en\/milwaukee-m18-ubl-0-led-utility-bucket-light\/","og_locale":"en_US","og_type":"article","og_title":"MILWAUKEE M18 UBL-0 LED UTILITY BUCKET LIGHT","og_description":"The Milwaukee M18 UBL-0 - IP56 to withstand harsh weather conditions. Patented spring loaded bucket clamp for most bucket sizes.","og_url":"https:\/\/techmaster.com.vn\/en\/milwaukee-m18-ubl-0-led-utility-bucket-light\/","og_site_name":"Techmaster Electronics JSC","article_publisher":"https:\/\/www.facebook.com\/techmaster.electronics.jsc","article_modified_time":"2022-04-29T03:44:28+00:00","og_image":[{"width":450,"height":450,"url":"https:\/\/techmaster.com.vn\/wp-content\/uploads\/2020\/12\/den-led-doi-da-huong-milwaukee-m18-ubl-0.jpg","type":"image\/jpeg"}],"twitter_card":"summary_large_image","twitter_site":"@techmastervn","twitter_misc":{"Price":"Call for Price","Availability":"In stock"},"schema":{"@context":"https:\/\/schema.org","@graph":[{"@type":"WebPage","@id":"https:\/\/techmaster.com.vn\/en\/milwaukee-m18-ubl-0-led-utility-bucket-light\/","url":"https:\/\/techmaster.com.vn\/en\/milwaukee-m18-ubl-0-led-utility-bucket-light\/","name":"MILWAUKEE M18 UBL-0 LED UTILITY BUCKET LIGHT - Techmaster Electronics JSC","isPartOf":{"@id":"https:\/\/techmaster.com.vn\/en\/#website"},"primaryImageOfPage":{"@id":"https:\/\/techmaster.com.vn\/en\/milwaukee-m18-ubl-0-led-utility-bucket-light\/#primaryimage"},"image":{"@id":"https:\/\/techmaster.com.vn\/en\/milwaukee-m18-ubl-0-led-utility-bucket-light\/#primaryimage"},"thumbnailUrl":"https:\/\/techmaster.com.vn\/wp-content\/uploads\/2020\/12\/den-led-doi-da-huong-milwaukee-m18-ubl-0.jpg","datePublished":"2020-12-02T07:17:42+00:00","dateModified":"2022-04-29T03:44:28+00:00","description":"The Milwaukee M18 UBL-0 - IP56 to withstand harsh weather conditions. Patented spring loaded bucket clamp for most bucket sizes.","breadcrumb":{"@id":"https:\/\/techmaster.com.vn\/en\/milwaukee-m18-ubl-0-led-utility-bucket-light\/#breadcrumb"},"inLanguage":"en-US","potentialAction":[{"@type":"ReadAction","target":["https:\/\/techmaster.com.vn\/en\/milwaukee-m18-ubl-0-led-utility-bucket-light\/"]}]},{"@type":"ImageObject","inLanguage":"en-US","@id":"https:\/\/techmaster.com.vn\/en\/milwaukee-m18-ubl-0-led-utility-bucket-light\/#primaryimage","url":"https:\/\/techmaster.com.vn\/wp-content\/uploads\/2020\/12\/den-led-doi-da-huong-milwaukee-m18-ubl-0.jpg","contentUrl":"https:\/\/techmaster.com.vn\/wp-content\/uploads\/2020\/12\/den-led-doi-da-huong-milwaukee-m18-ubl-0.jpg","width":450,"height":450,"caption":"\u0110\u00e8n LED \u0111\u00f4i \u0111a h\u01b0\u1edbng Milwaukee M18 UBL-0"},{"@type":"BreadcrumbList","@id":"https:\/\/techmaster.com.vn\/en\/milwaukee-m18-ubl-0-led-utility-bucket-light\/#breadcrumb","itemListElement":[{"@type":"ListItem","position":1,"name":"Trang ch\u1ee7","item":"https:\/\/techmaster.com.vn\/en\/"},{"@type":"ListItem","position":2,"name":"Shop","item":"https:\/\/techmaster.com.vn\/san-pham\/"},{"@type":"ListItem","position":3,"name":"MILWAUKEE M18 UBL-0 LED UTILITY BUCKET LIGHT"}]},{"@type":"WebSite","@id":"https:\/\/techmaster.com.vn\/en\/#website","url":"https:\/\/techmaster.com.vn\/en\/","name":"Techmaster Electronics JSC","description":"","publisher":{"@id":"https:\/\/techmaster.com.vn\/en\/#organization"},"potentialAction":[{"@type":"SearchAction","target":{"@type":"EntryPoint","urlTemplate":"https:\/\/techmaster.com.vn\/en\/?s={search_term_string}"},"query-input":{"@type":"PropertyValueSpecification","valueRequired":true,"valueName":"search_term_string"}}],"inLanguage":"en-US"},{"@type":["Organization","Place"],"@id":"https:\/\/techmaster.com.vn\/en\/#organization","name":"Techmaster Electronics JSC","url":"https:\/\/techmaster.com.vn\/en\/","logo":{"@id":"https:\/\/techmaster.com.vn\/en\/milwaukee-m18-ubl-0-led-utility-bucket-light\/#local-main-organization-logo"},"image":{"@id":"https:\/\/techmaster.com.vn\/en\/milwaukee-m18-ubl-0-led-utility-bucket-light\/#local-main-organization-logo"},"sameAs":["https:\/\/www.facebook.com\/techmaster.electronics.jsc","https:\/\/x.com\/techmastervn","https:\/\/www.instagram.com\/techmastervietnam","https:\/\/myspace.com\/techmastervietnam","https:\/\/www.youtube.com\/c\/TechmasterElectronicsJSC","https:\/\/www.pinterest.com\/techmasterelectronicsjsc\/","https:\/\/vi.wikipedia.org\/wiki\/Th\u00e0nh_vi\u00ean:Techmastervietnam","https:\/\/twitter.com\/techmastervn","https:\/\/www.linkedin.com\/company\/techmaster-vietnam\/"],"telephone":[],"contactPoint":{"@type":"ContactPoint","email":"marketing@techmaster.com.vn"},"openingHoursSpecification":[{"@type":"OpeningHoursSpecification","dayOfWeek":["Monday","Tuesday","Wednesday","Thursday","Friday","Saturday","Sunday"],"opens":"09:00","closes":"17:00"}],"email":"marketing@techmaster.com.vn","areaServed":"Vietnam"},{"@type":"ImageObject","inLanguage":"en-US","@id":"https:\/\/techmaster.com.vn\/en\/milwaukee-m18-ubl-0-led-utility-bucket-light\/#local-main-organization-logo","url":"https:\/\/techmaster.com.vn\/wp-content\/uploads\/2021\/04\/techmaster-logo-homepage.png","contentUrl":"https:\/\/techmaster.com.vn\/wp-content\/uploads\/2021\/04\/techmaster-logo-homepage.png","width":335,"height":62,"caption":"Techmaster Electronics JSC"}]},"product_price_currency":"VND","og_availability":"instock","product_availability":"instock","product_condition":"new"},"_links":{"self":[{"href":"https:\/\/techmaster.com.vn\/en\/wp-json\/wp\/v2\/product\/15641","targetHints":{"allow":["GET"]}}],"collection":[{"href":"https:\/\/techmaster.com.vn\/en\/wp-json\/wp\/v2\/product"}],"about":[{"href":"https:\/\/techmaster.com.vn\/en\/wp-json\/wp\/v2\/types\/product"}],"replies":[{"embeddable":true,"href":"https:\/\/techmaster.com.vn\/en\/wp-json\/wp\/v2\/comments?post=15641"}],"wp:featuredmedia":[{"embeddable":true,"href":"https:\/\/techmaster.com.vn\/en\/wp-json\/wp\/v2\/media\/2488"}],"wp:attachment":[{"href":"https:\/\/techmaster.com.vn\/en\/wp-json\/wp\/v2\/media?parent=15641"}],"wp:term":[{"taxonomy":"product_brand","embeddable":true,"href":"https:\/\/techmaster.com.vn\/en\/wp-json\/wp\/v2\/product_brand?post=15641"},{"taxonomy":"product_cat","embeddable":true,"href":"https:\/\/techmaster.com.vn\/en\/wp-json\/wp\/v2\/product_cat?post=15641"},{"taxonomy":"product_tag","embeddable":true,"href":"https:\/\/techmaster.com.vn\/en\/wp-json\/wp\/v2\/product_tag?post=15641"}],"curies":[{"name":"wp","href":"https:\/\/api.w.org\/{rel}","templated":true}]}}