{"id":15615,"date":"2020-12-02T14:15:16","date_gmt":"2020-12-02T07:15:16","guid":{"rendered":"https:\/\/techmaster.com.vn\/den-led-dung-milwaukee-m18-sal-0\/"},"modified":"2022-04-29T10:43:54","modified_gmt":"2022-04-29T03:43:54","slug":"milwaukee-m18-sal-0-led-stand-light","status":"publish","type":"product","link":"https:\/\/techmaster.com.vn\/en\/milwaukee-m18-sal-0-led-stand-light\/","title":{"rendered":"MILWAUKEE M18 SAL-0 LED STAND LIGHT"},"content":{"rendered":"<div>\n<p><b>SPECIFICATIONS MILWAUKEE M18 SAL-0 LED STAND LIGHT<\/b><\/p>\n<table class=\"table\">\n<tbody>\n<tr style=\"height: 21px;\">\n<td style=\"height: 21px;\" scope=\"col\">Lumens:<\/td>\n<td style=\"height: 21px;\" scope=\"col\">2,000 \/ 1,300 \/ 850<\/td>\n<\/tr>\n<tr style=\"height: 21px;\">\n<td style=\"height: 21px;\" scope=\"col\">Runtime:<\/td>\n<td style=\"height: 21px;\" scope=\"col\">4 \/ 6 \/ 10 (B5)<\/td>\n<\/tr>\n<tr style=\"height: 21px;\">\n<td style=\"height: 21px;\" scope=\"col\">Head rotation:<\/td>\n<td style=\"height: 21px;\" scope=\"col\">240 Vertical &amp; 220 Horizontal<\/td>\n<\/tr>\n<tr style=\"height: 21px;\">\n<td style=\"height: 21px;\" scope=\"col\">No. of modes:<\/td>\n<td style=\"height: 21px;\" scope=\"col\">Flood<\/td>\n<\/tr>\n<tr style=\"height: 21px;\">\n<td style=\"height: 21px;\" scope=\"col\">IP rating:<\/td>\n<td style=\"height: 21px;\" scope=\"col\">IP 54<\/td>\n<\/tr>\n<tr style=\"height: 21px;\">\n<td style=\"height: 21px;\" scope=\"col\">Battery platform:<\/td>\n<td style=\"height: 21px;\" scope=\"col\">M18\u2122 REDLITHIUM\u2122-ION<\/td>\n<\/tr>\n<tr style=\"height: 21.7812px;\">\n<td style=\"height: 21.7812px;\" scope=\"col\">Voltage (V):<\/td>\n<td style=\"height: 21.7812px;\" scope=\"col\">18<\/td>\n<\/tr>\n<tr style=\"height: 21px;\">\n<td style=\"height: 21px;\" scope=\"col\">Weight with battery pack if applicable (kg):<\/td>\n<td style=\"height: 21px;\" scope=\"col\">7.7 (5.0Ah)<\/td>\n<\/tr>\n<\/tbody>\n<\/table>\n<\/div>\n<div><\/div>\n<div><strong style=\"font-size: 23.04px;\">Introduction Milwaukee M18 SAL-0<\/strong><\/div>\n<div>\n<p style=\"text-align: justify;\">The Brighter, Tougher, Taller Stand Light \u2013 M18\u2122 ROCKET\u2122 LED Tower Light (Milwaukee M18 SAL-0) is designed to give professionals an area lighting solution that adapts, performs, and survives industrial use unlike any other portable work light.<\/p>\n<p><span style=\"text-align: justify; font-size: 14.4px;\">It can be setup in seconds with its max extension 7\u2019 high, and it collapses down to 40\u201d for easy transport and storage.\u00a0<\/span><\/p>\n<p style=\"text-align: justify;\">The light head can be extended from 4-7\u2019 to light overhead work or minimize shadows when casting light downward.<\/p>\n<p style=\"text-align: justify;\">Capable of filling large areas with light, it provides 2,000 lumens of high definition light output for in its high mode, 1,300 in medium and 850 in low, and it can run for up to 4, 6, or 10 hours with an M18\u2122 REDLITHIUM\u2122 XC 5.0 Battery Pack. It uses high quality LEDs with a neutral white color and a high color rendering index paired with a Milwaukee\u00ae designed reflector to produce an even beam pattern.\u00a0\u00a0\u00a0 Its reinforced legs are impact resistant, and its low center of gravity provides a stable base.\u00a0\u00a0 The light head is protected by an impact-resistant lens and bezel, and it nests into a protective shroud for secure transport and storage.\u00a0 Its LEDs never need to be replaced, and are backed by a limited lifetime warranty.\u00a0 The combination of these technologies offers professionals the highest quality LED lighting solution, on or off the jobsite.<\/p>\n<p style=\"text-align: center;\"><a href=\"https:\/\/techmaster.com.vn\/wp-content\/uploads\/2020\/12\/den-led-dung-milwaukee-m18-sal-0-5.jpg\"><img loading=\"lazy\" decoding=\"async\" class=\"wp-image-10538 size-full alignnone\" src=\"https:\/\/techmaster.com.vn\/wp-content\/uploads\/2020\/12\/den-led-dung-milwaukee-m18-sal-0-5.jpg\" alt=\"Milwaukee M18 SAL-0 (9)\" width=\"772\" height=\"346\" \/><\/a><\/p>\n<h2><strong>FEATURES <strong style=\"font-size: 23.04px;\">Milwaukee M18 SAL-0<\/strong><\/strong><\/h2>\n<div id=\"p_lt_ctl01_pageplaceholder_p_lt_ctl01_MilwaukeeProductFeatures_pnlFeatues\" class=\"product__description js-description-mask is-active\">\n<div class=\"product__description-content js-product-content\">\n<p>&#8211; TRUEVIEW\u2122 high definition lighting<\/p>\n<p>&#8211; Twelve high performance LEDs provide 2000 Lumens on high light output which is brighter than 250 Watt halogen<\/p>\n<p>&#8211; Impact resistant adjustable head with highly durable polycarbonate lens can be rotated 230\u00b0 vertically and pivoted 240\u00b0 horizontally<\/p>\n<p>&#8211; Protective guard secures the head and lens when the light is collapsed for storage or transport<\/p>\n<p>&#8211; Extendable mast which reaches from 1.10 m to over 2.20 m to light up work spaces from top without casting shadows<\/p>\n<p>&#8211; IP54 &#8211; protected from dust and splashing water<\/p>\n<p>&#8211; Compact footprint with low center of gravity and impact resistant reinforced nylon legs to protect against abusive jobsite conditions<\/p>\n<p>&#8211; Carry handles on two positions for easy one handed transport: weight is evenly balanced when compressed<\/p>\n<p>&#8211; Low battery indicator &#8211; light flashes when battery pack is low<\/p>\n<\/div>\n<\/div>\n<h2><strong>Milwaukee Brand<\/strong><\/h2>\n<div>Since the company began in 1924, Milwaukee Tool has led the industry in developing innovative solutions that deliver increased productivity and unmatched durability for professional construction users. Whether it is through our world-leading M12\u2122 and M18\u2122 cordless systems, the ground-breaking performance of our M12 and M18 FUEL\u2122 products, jobsite lighting, time-saving accessories, or innovative hand tool and storage products, Milwaukee are dedicated to delivering a continuous flow of advanced, trade-specific solutions. Milwaukee Tool is not simply a manufacturer \u2013 Milwaukee are progressive problem solvers.<\/div>\n<p>&nbsp;<\/p>\n<\/div>\n","protected":false},"excerpt":{"rendered":"<h2><strong>FEATURES<\/strong><\/h2>\n<p>&#8211; TRUEVIEW\u2122 high definition lighting<\/p>\n<p>&#8211; Twelve high performance LEDs provide 2000 Lumens on high light output which is brighter than 250 Watt halogen<\/p>\n<p>&#8211; Impact resistant adjustable head with highly durable polycarbonate lens can be rotated 230\u00b0 vertically and pivoted 240\u00b0 horizontally<\/p>\n<p>&#8211; Protective guard secures the head and lens when the light is collapsed for storage or transport<\/p>\n<p>&#8211; Extendable mast which reaches from 1.10 m to over 2.20 m to light up work spaces from top without casting shadows<\/p>\n","protected":false},"featured_media":2480,"comment_status":"open","ping_status":"closed","template":"","meta":[],"product_brand":[],"product_cat":[161,373,280],"product_tag":[],"class_list":{"0":"post-15615","1":"product","2":"type-product","3":"status-publish","4":"has-post-thumbnail","6":"product_cat-hand-tools","7":"product_cat-m18-en","8":"product_cat-lighting","9":"pa_brand-milwaukee-en","11":"first","12":"instock","13":"shipping-taxable","14":"product-type-simple"},"yoast_head":"<!-- This site is optimized with the Yoast SEO Premium plugin v26.8 (Yoast SEO v26.8) - https:\/\/yoast.com\/product\/yoast-seo-premium-wordpress\/ -->\n<title>MILWAUKEE M18 SAL-0 LED STAND LIGHT - Techmaster Electronics JSC<\/title>\n<meta name=\"description\" content=\"The Milwaukee M18 SAL-0 - TRUEVIEW\u2122 high definition lighting. Low Mode: 850 lumens for up to 10 hours with M18\u2122 XC 5.0 Pack.\" \/>\n<meta name=\"robots\" content=\"index, follow, max-snippet:-1, max-image-preview:large, max-video-preview:-1\" \/>\n<link rel=\"canonical\" href=\"https:\/\/techmaster.com.vn\/en\/milwaukee-m18-sal-0-led-stand-light\/\" \/>\n<meta property=\"og:locale\" content=\"en_US\" \/>\n<meta property=\"og:type\" content=\"article\" \/>\n<meta property=\"og:title\" content=\"MILWAUKEE M18 SAL-0 LED STAND LIGHT\" \/>\n<meta property=\"og:description\" content=\"The Milwaukee M18 SAL-0 - TRUEVIEW\u2122 high definition lighting. Low Mode: 850 lumens for up to 10 hours with M18\u2122 XC 5.0 Pack.\" \/>\n<meta property=\"og:url\" content=\"https:\/\/techmaster.com.vn\/en\/milwaukee-m18-sal-0-led-stand-light\/\" \/>\n<meta property=\"og:site_name\" content=\"Techmaster Electronics JSC\" \/>\n<meta property=\"article:publisher\" content=\"https:\/\/www.facebook.com\/techmaster.electronics.jsc\" \/>\n<meta property=\"article:modified_time\" content=\"2022-04-29T03:43:54+00:00\" \/>\n<meta property=\"og:image\" content=\"https:\/\/techmaster.com.vn\/wp-content\/uploads\/2020\/12\/den-led-dung-milwaukee-m18-sal-0-7.jpg\" \/>\n<meta name=\"twitter:card\" content=\"summary_large_image\" \/>\n<meta name=\"twitter:site\" content=\"@techmastervn\" \/>\n<meta name=\"twitter:label1\" content=\"Price\" \/>\n\t<meta name=\"twitter:data1\" content=\"Call for Price\" \/>\n\t<meta name=\"twitter:label2\" content=\"Availability\" \/>\n\t<meta name=\"twitter:data2\" content=\"In stock\" \/>\n<script type=\"application\/ld+json\" class=\"yoast-schema-graph\">{\"@context\":\"https:\/\/schema.org\",\"@graph\":[{\"@type\":\"WebPage\",\"@id\":\"https:\/\/techmaster.com.vn\/en\/milwaukee-m18-sal-0-led-stand-light\/\",\"url\":\"https:\/\/techmaster.com.vn\/en\/milwaukee-m18-sal-0-led-stand-light\/\",\"name\":\"MILWAUKEE M18 SAL-0 LED STAND LIGHT - Techmaster Electronics JSC\",\"isPartOf\":{\"@id\":\"https:\/\/techmaster.com.vn\/en\/#website\"},\"primaryImageOfPage\":{\"@id\":\"https:\/\/techmaster.com.vn\/en\/milwaukee-m18-sal-0-led-stand-light\/#primaryimage\"},\"image\":{\"@id\":\"https:\/\/techmaster.com.vn\/en\/milwaukee-m18-sal-0-led-stand-light\/#primaryimage\"},\"thumbnailUrl\":\"https:\/\/techmaster.com.vn\/wp-content\/uploads\/2020\/12\/den-led-dung-milwaukee-m18-sal-0.jpg\",\"datePublished\":\"2020-12-02T07:15:16+00:00\",\"dateModified\":\"2022-04-29T03:43:54+00:00\",\"description\":\"The Milwaukee M18 SAL-0 - TRUEVIEW\u2122 high definition lighting. Low Mode: 850 lumens for up to 10 hours with M18\u2122 XC 5.0 Pack.\",\"breadcrumb\":{\"@id\":\"https:\/\/techmaster.com.vn\/en\/milwaukee-m18-sal-0-led-stand-light\/#breadcrumb\"},\"inLanguage\":\"en-US\",\"potentialAction\":[{\"@type\":\"ReadAction\",\"target\":[\"https:\/\/techmaster.com.vn\/en\/milwaukee-m18-sal-0-led-stand-light\/\"]}]},{\"@type\":\"ImageObject\",\"inLanguage\":\"en-US\",\"@id\":\"https:\/\/techmaster.com.vn\/en\/milwaukee-m18-sal-0-led-stand-light\/#primaryimage\",\"url\":\"https:\/\/techmaster.com.vn\/wp-content\/uploads\/2020\/12\/den-led-dung-milwaukee-m18-sal-0.jpg\",\"contentUrl\":\"https:\/\/techmaster.com.vn\/wp-content\/uploads\/2020\/12\/den-led-dung-milwaukee-m18-sal-0.jpg\",\"width\":450,\"height\":450,\"caption\":\"\u0110\u00e8n LED \u0111\u1ee9ng Milwaukee M18 SAL-0\"},{\"@type\":\"BreadcrumbList\",\"@id\":\"https:\/\/techmaster.com.vn\/en\/milwaukee-m18-sal-0-led-stand-light\/#breadcrumb\",\"itemListElement\":[{\"@type\":\"ListItem\",\"position\":1,\"name\":\"Trang ch\u1ee7\",\"item\":\"https:\/\/techmaster.com.vn\/en\/\"},{\"@type\":\"ListItem\",\"position\":2,\"name\":\"Shop\",\"item\":\"https:\/\/techmaster.com.vn\/san-pham\/\"},{\"@type\":\"ListItem\",\"position\":3,\"name\":\"MILWAUKEE M18 SAL-0 LED STAND LIGHT\"}]},{\"@type\":\"WebSite\",\"@id\":\"https:\/\/techmaster.com.vn\/en\/#website\",\"url\":\"https:\/\/techmaster.com.vn\/en\/\",\"name\":\"Techmaster Electronics JSC\",\"description\":\"\",\"publisher\":{\"@id\":\"https:\/\/techmaster.com.vn\/en\/#organization\"},\"potentialAction\":[{\"@type\":\"SearchAction\",\"target\":{\"@type\":\"EntryPoint\",\"urlTemplate\":\"https:\/\/techmaster.com.vn\/en\/?s={search_term_string}\"},\"query-input\":{\"@type\":\"PropertyValueSpecification\",\"valueRequired\":true,\"valueName\":\"search_term_string\"}}],\"inLanguage\":\"en-US\"},{\"@type\":[\"Organization\",\"Place\"],\"@id\":\"https:\/\/techmaster.com.vn\/en\/#organization\",\"name\":\"Techmaster Electronics JSC\",\"url\":\"https:\/\/techmaster.com.vn\/en\/\",\"logo\":{\"@id\":\"https:\/\/techmaster.com.vn\/en\/milwaukee-m18-sal-0-led-stand-light\/#local-main-organization-logo\"},\"image\":{\"@id\":\"https:\/\/techmaster.com.vn\/en\/milwaukee-m18-sal-0-led-stand-light\/#local-main-organization-logo\"},\"sameAs\":[\"https:\/\/www.facebook.com\/techmaster.electronics.jsc\",\"https:\/\/x.com\/techmastervn\",\"https:\/\/www.instagram.com\/techmastervietnam\",\"https:\/\/myspace.com\/techmastervietnam\",\"https:\/\/www.youtube.com\/c\/TechmasterElectronicsJSC\",\"https:\/\/www.pinterest.com\/techmasterelectronicsjsc\/\",\"https:\/\/vi.wikipedia.org\/wiki\/Th\u00e0nh_vi\u00ean:Techmastervietnam\",\"https:\/\/twitter.com\/techmastervn\",\"https:\/\/www.linkedin.com\/company\/techmaster-vietnam\/\"],\"telephone\":[],\"contactPoint\":{\"@type\":\"ContactPoint\",\"email\":\"marketing@techmaster.com.vn\"},\"openingHoursSpecification\":[{\"@type\":\"OpeningHoursSpecification\",\"dayOfWeek\":[\"Monday\",\"Tuesday\",\"Wednesday\",\"Thursday\",\"Friday\",\"Saturday\",\"Sunday\"],\"opens\":\"09:00\",\"closes\":\"17:00\"}],\"email\":\"marketing@techmaster.com.vn\",\"areaServed\":\"Vietnam\"},{\"@type\":\"ImageObject\",\"inLanguage\":\"en-US\",\"@id\":\"https:\/\/techmaster.com.vn\/en\/milwaukee-m18-sal-0-led-stand-light\/#local-main-organization-logo\",\"url\":\"https:\/\/techmaster.com.vn\/wp-content\/uploads\/2021\/04\/techmaster-logo-homepage.png\",\"contentUrl\":\"https:\/\/techmaster.com.vn\/wp-content\/uploads\/2021\/04\/techmaster-logo-homepage.png\",\"width\":335,\"height\":62,\"caption\":\"Techmaster Electronics JSC\"}]}<\/script>\n<meta property=\"product:price:amount\" content=\"0\" \/>\n<meta property=\"product:price:currency\" content=\"VND\" \/>\n<meta property=\"og:availability\" content=\"instock\" \/>\n<meta property=\"product:availability\" content=\"instock\" \/>\n<meta property=\"product:condition\" content=\"new\" \/>\n<!-- \/ Yoast SEO Premium plugin. -->","yoast_head_json":{"title":"MILWAUKEE M18 SAL-0 LED STAND LIGHT - Techmaster Electronics JSC","description":"The Milwaukee M18 SAL-0 - TRUEVIEW\u2122 high definition lighting. Low Mode: 850 lumens for up to 10 hours with M18\u2122 XC 5.0 Pack.","robots":{"index":"index","follow":"follow","max-snippet":"max-snippet:-1","max-image-preview":"max-image-preview:large","max-video-preview":"max-video-preview:-1"},"canonical":"https:\/\/techmaster.com.vn\/en\/milwaukee-m18-sal-0-led-stand-light\/","og_locale":"en_US","og_type":"article","og_title":"MILWAUKEE M18 SAL-0 LED STAND LIGHT","og_description":"The Milwaukee M18 SAL-0 - TRUEVIEW\u2122 high definition lighting. Low Mode: 850 lumens for up to 10 hours with M18\u2122 XC 5.0 Pack.","og_url":"https:\/\/techmaster.com.vn\/en\/milwaukee-m18-sal-0-led-stand-light\/","og_site_name":"Techmaster Electronics JSC","article_publisher":"https:\/\/www.facebook.com\/techmaster.electronics.jsc","article_modified_time":"2022-04-29T03:43:54+00:00","og_image":[{"url":"https:\/\/techmaster.com.vn\/wp-content\/uploads\/2020\/12\/den-led-dung-milwaukee-m18-sal-0-7.jpg","type":"","width":"","height":""}],"twitter_card":"summary_large_image","twitter_site":"@techmastervn","twitter_misc":{"Price":"Call for Price","Availability":"In stock"},"schema":{"@context":"https:\/\/schema.org","@graph":[{"@type":"WebPage","@id":"https:\/\/techmaster.com.vn\/en\/milwaukee-m18-sal-0-led-stand-light\/","url":"https:\/\/techmaster.com.vn\/en\/milwaukee-m18-sal-0-led-stand-light\/","name":"MILWAUKEE M18 SAL-0 LED STAND LIGHT - Techmaster Electronics JSC","isPartOf":{"@id":"https:\/\/techmaster.com.vn\/en\/#website"},"primaryImageOfPage":{"@id":"https:\/\/techmaster.com.vn\/en\/milwaukee-m18-sal-0-led-stand-light\/#primaryimage"},"image":{"@id":"https:\/\/techmaster.com.vn\/en\/milwaukee-m18-sal-0-led-stand-light\/#primaryimage"},"thumbnailUrl":"https:\/\/techmaster.com.vn\/wp-content\/uploads\/2020\/12\/den-led-dung-milwaukee-m18-sal-0.jpg","datePublished":"2020-12-02T07:15:16+00:00","dateModified":"2022-04-29T03:43:54+00:00","description":"The Milwaukee M18 SAL-0 - TRUEVIEW\u2122 high definition lighting. Low Mode: 850 lumens for up to 10 hours with M18\u2122 XC 5.0 Pack.","breadcrumb":{"@id":"https:\/\/techmaster.com.vn\/en\/milwaukee-m18-sal-0-led-stand-light\/#breadcrumb"},"inLanguage":"en-US","potentialAction":[{"@type":"ReadAction","target":["https:\/\/techmaster.com.vn\/en\/milwaukee-m18-sal-0-led-stand-light\/"]}]},{"@type":"ImageObject","inLanguage":"en-US","@id":"https:\/\/techmaster.com.vn\/en\/milwaukee-m18-sal-0-led-stand-light\/#primaryimage","url":"https:\/\/techmaster.com.vn\/wp-content\/uploads\/2020\/12\/den-led-dung-milwaukee-m18-sal-0.jpg","contentUrl":"https:\/\/techmaster.com.vn\/wp-content\/uploads\/2020\/12\/den-led-dung-milwaukee-m18-sal-0.jpg","width":450,"height":450,"caption":"\u0110\u00e8n LED \u0111\u1ee9ng Milwaukee M18 SAL-0"},{"@type":"BreadcrumbList","@id":"https:\/\/techmaster.com.vn\/en\/milwaukee-m18-sal-0-led-stand-light\/#breadcrumb","itemListElement":[{"@type":"ListItem","position":1,"name":"Trang ch\u1ee7","item":"https:\/\/techmaster.com.vn\/en\/"},{"@type":"ListItem","position":2,"name":"Shop","item":"https:\/\/techmaster.com.vn\/san-pham\/"},{"@type":"ListItem","position":3,"name":"MILWAUKEE M18 SAL-0 LED STAND LIGHT"}]},{"@type":"WebSite","@id":"https:\/\/techmaster.com.vn\/en\/#website","url":"https:\/\/techmaster.com.vn\/en\/","name":"Techmaster Electronics JSC","description":"","publisher":{"@id":"https:\/\/techmaster.com.vn\/en\/#organization"},"potentialAction":[{"@type":"SearchAction","target":{"@type":"EntryPoint","urlTemplate":"https:\/\/techmaster.com.vn\/en\/?s={search_term_string}"},"query-input":{"@type":"PropertyValueSpecification","valueRequired":true,"valueName":"search_term_string"}}],"inLanguage":"en-US"},{"@type":["Organization","Place"],"@id":"https:\/\/techmaster.com.vn\/en\/#organization","name":"Techmaster Electronics JSC","url":"https:\/\/techmaster.com.vn\/en\/","logo":{"@id":"https:\/\/techmaster.com.vn\/en\/milwaukee-m18-sal-0-led-stand-light\/#local-main-organization-logo"},"image":{"@id":"https:\/\/techmaster.com.vn\/en\/milwaukee-m18-sal-0-led-stand-light\/#local-main-organization-logo"},"sameAs":["https:\/\/www.facebook.com\/techmaster.electronics.jsc","https:\/\/x.com\/techmastervn","https:\/\/www.instagram.com\/techmastervietnam","https:\/\/myspace.com\/techmastervietnam","https:\/\/www.youtube.com\/c\/TechmasterElectronicsJSC","https:\/\/www.pinterest.com\/techmasterelectronicsjsc\/","https:\/\/vi.wikipedia.org\/wiki\/Th\u00e0nh_vi\u00ean:Techmastervietnam","https:\/\/twitter.com\/techmastervn","https:\/\/www.linkedin.com\/company\/techmaster-vietnam\/"],"telephone":[],"contactPoint":{"@type":"ContactPoint","email":"marketing@techmaster.com.vn"},"openingHoursSpecification":[{"@type":"OpeningHoursSpecification","dayOfWeek":["Monday","Tuesday","Wednesday","Thursday","Friday","Saturday","Sunday"],"opens":"09:00","closes":"17:00"}],"email":"marketing@techmaster.com.vn","areaServed":"Vietnam"},{"@type":"ImageObject","inLanguage":"en-US","@id":"https:\/\/techmaster.com.vn\/en\/milwaukee-m18-sal-0-led-stand-light\/#local-main-organization-logo","url":"https:\/\/techmaster.com.vn\/wp-content\/uploads\/2021\/04\/techmaster-logo-homepage.png","contentUrl":"https:\/\/techmaster.com.vn\/wp-content\/uploads\/2021\/04\/techmaster-logo-homepage.png","width":335,"height":62,"caption":"Techmaster Electronics JSC"}]},"product_price_currency":"VND","og_availability":"instock","product_availability":"instock","product_condition":"new"},"_links":{"self":[{"href":"https:\/\/techmaster.com.vn\/en\/wp-json\/wp\/v2\/product\/15615","targetHints":{"allow":["GET"]}}],"collection":[{"href":"https:\/\/techmaster.com.vn\/en\/wp-json\/wp\/v2\/product"}],"about":[{"href":"https:\/\/techmaster.com.vn\/en\/wp-json\/wp\/v2\/types\/product"}],"replies":[{"embeddable":true,"href":"https:\/\/techmaster.com.vn\/en\/wp-json\/wp\/v2\/comments?post=15615"}],"wp:featuredmedia":[{"embeddable":true,"href":"https:\/\/techmaster.com.vn\/en\/wp-json\/wp\/v2\/media\/2480"}],"wp:attachment":[{"href":"https:\/\/techmaster.com.vn\/en\/wp-json\/wp\/v2\/media?parent=15615"}],"wp:term":[{"taxonomy":"product_brand","embeddable":true,"href":"https:\/\/techmaster.com.vn\/en\/wp-json\/wp\/v2\/product_brand?post=15615"},{"taxonomy":"product_cat","embeddable":true,"href":"https:\/\/techmaster.com.vn\/en\/wp-json\/wp\/v2\/product_cat?post=15615"},{"taxonomy":"product_tag","embeddable":true,"href":"https:\/\/techmaster.com.vn\/en\/wp-json\/wp\/v2\/product_tag?post=15615"}],"curies":[{"name":"wp","href":"https:\/\/api.w.org\/{rel}","templated":true}]}}