{"id":15584,"date":"2020-12-02T14:11:50","date_gmt":"2020-12-02T07:11:50","guid":{"rendered":"https:\/\/techmaster.com.vn\/den-sieu-sang-vo-kim-loai-milwaukee-m12-mled\/"},"modified":"2022-04-29T10:43:29","modified_gmt":"2022-04-29T03:43:29","slug":"milwaukee-m12-mled-led-metal-flashlight","status":"publish","type":"product","link":"https:\/\/techmaster.com.vn\/en\/milwaukee-m12-mled-led-metal-flashlight\/","title":{"rendered":"MILWAUKEE M12 MLED LED METAL FLASHLIGHT"},"content":{"rendered":"<p><b>SPECIFICATIONS MILWAUKEE M12 MLED LED METAL FLASHLIGHT<\/b><\/p>\n<table class=\"table\">\n<tbody>\n<tr style=\"height: 21px;\">\n<td style=\"height: 21px;\" scope=\"col\">Lumens:<\/td>\n<td style=\"height: 21px;\" scope=\"col\">800 \/ 325 \/ 800<\/td>\n<\/tr>\n<tr style=\"height: 21px;\">\n<td style=\"height: 21px;\" scope=\"col\">Runtime:<\/td>\n<td style=\"height: 21px;\" scope=\"col\">1.5 \/ 2.5 \/ 1.5 (BX)<\/td>\n<\/tr>\n<tr style=\"height: 21px;\">\n<td style=\"height: 21px;\" scope=\"col\">Beam pattern:<\/td>\n<td style=\"height: 21px;\" scope=\"col\">Flood \/ Spot \/ Strobe<\/td>\n<\/tr>\n<tr style=\"height: 21px;\">\n<td style=\"height: 21px;\" scope=\"col\">Beam distance (m):<\/td>\n<td style=\"height: 21px;\" scope=\"col\">340<\/td>\n<\/tr>\n<tr style=\"height: 21px;\">\n<td style=\"height: 21px;\" scope=\"col\">No. of modes:<\/td>\n<td style=\"height: 21px;\" scope=\"col\">High \/ Low \/ Strobe<\/td>\n<\/tr>\n<tr style=\"height: 21px;\">\n<td style=\"height: 21px;\" scope=\"col\">IP rating:<\/td>\n<td style=\"height: 21px;\" scope=\"col\">IP 54<\/td>\n<\/tr>\n<tr style=\"height: 21px;\">\n<td style=\"height: 21px;\" scope=\"col\">Battery platform:<\/td>\n<td style=\"height: 21px;\" scope=\"col\">M12\u2122 REDLITHIUM\u2122-ION<\/td>\n<\/tr>\n<tr style=\"height: 22.7812px;\">\n<td style=\"height: 22.7812px;\" scope=\"col\">Voltage (V):<\/td>\n<td style=\"height: 22.7812px;\" scope=\"col\">12<\/td>\n<\/tr>\n<tr style=\"height: 21px;\">\n<td style=\"height: 21px;\" scope=\"col\">Weight with battery pack if applicable (kg):<\/td>\n<td style=\"height: 21px;\" scope=\"col\">0.7 (2.0Ah)<\/td>\n<\/tr>\n<\/tbody>\n<\/table>\n<h2><strong>Introduction Milwaukee <\/strong><strong>M12 MLED<\/strong><\/h2>\n<p style=\"text-align: justify;\">Our M12\u2122 Metal Flashlight (Milwaukee M12 MLED) redefines versatility, brightness, and durability, by delivering up to 800 lumens of TRUEVIEW\u2122 High Definition Output. The M12\u2122 flashlight casts a beam of TRUEVIEW\u2122 light over 375 yards and its sliding head allows you to effortlessly adjust the beam pattern from flood to spot mode. The LED flashlight features three output modes (high, low or strobe) for maximum job site versatility. The flashlight&#8217;s body is built from machined 6000 Series aluminum with a Type II anodized finish for durability. The M12\u2122 Metal Flashlight is compatible with all of our M12\u2122 REDLITHIUM\u2122 batteries and has a Limited Lifetime LED Warranty and the LEDs never need to be replaced.<\/p>\n<p style=\"text-align: center;\"><a href=\"https:\/\/techmaster.com.vn\/wp-content\/uploads\/2020\/12\/den-sieu-sang-vo-kim-loai-milwaukee-m12-mled-6.jpg\"><img loading=\"lazy\" decoding=\"async\" class=\"alignnone wp-image-10409 size-full\" src=\"https:\/\/techmaster.com.vn\/wp-content\/uploads\/2020\/12\/den-sieu-sang-vo-kim-loai-milwaukee-m12-mled-6.jpg\" alt=\"Milwaukee M12 MLED (8)\" width=\"772\" height=\"346\" \/><\/a><\/p>\n<p><strong style=\"font-size: 23.04px; color: #333333;\">FEATURES<\/strong><\/p>\n<p>&#8211; TRUEVIEW\u2122 high definition lighting<\/p>\n<p>&#8211; Sliding head allows adjustment of beam pattern from flooding to spotting<\/p>\n<p>&#8211; Powerful LED can cast 350 m intense and highly focused beam of light with up to 800 Lumens<\/p>\n<p>&#8211; Machined 6000 series aluminium with a type II anodized finish body, highly durable and impact resistant polycarbonate lens for extreme durability<\/p>\n<p>&#8211; Ergonomic contoured grip with knurled texture ensures perfect handle<\/p>\n<p>&#8211; IP54 rating, light is protected from dust and splashing water<\/p>\n<p>&#8211; M12\u2122 fuel gauge with low battery indication<br \/>\n&#8211; Hand wrist lanyard to keep the light safe and handy<\/p>\n<p>&#8211; Flexible battery system: works with all MILWAUKEE\u00ae M12\u2122 batteries<\/p>\n<h2><strong>Milwaukee Brand<\/strong><\/h2>\n<div>Since the company began in 1924, Milwaukee Tool has led the industry in developing innovative solutions that deliver increased productivity and unmatched durability for professional construction users. Whether it is through our world-leading M12\u2122 and M18\u2122 cordless systems, the ground-breaking performance of our M12 and M18 FUEL\u2122 products, jobsite lighting, time-saving accessories, or innovative hand tool and storage products, Milwaukee are dedicated to delivering a continuous flow of advanced, trade-specific solutions. Milwaukee Tool is not simply a manufacturer \u2013 Milwaukee are progressive problem solvers.<\/div>\n<p>&nbsp;<\/p>\n","protected":false},"excerpt":{"rendered":"<p><strong style=\"font-size: 23.04px; color: #333333;\">FEATURES<\/strong><\/p>\n<p>&#8211; TRUEVIEW\u2122 high definition lighting<\/p>\n<p>&#8211; Sliding head allows adjustment of beam pattern from flooding to spotting<\/p>\n<p>&#8211; Powerful LED can cast 350 m intense and highly focused beam of light with up to 800 Lumens<\/p>\n<p>&#8211; IP54 rating, light is protected from dust and splashing water<\/p>\n<p>&#8211; M12\u2122 fuel gauge with low battery indication<\/p>\n<p>&nbsp;<\/p>\n","protected":false},"featured_media":2466,"comment_status":"open","ping_status":"closed","template":"","meta":[],"product_brand":[],"product_cat":[161,372,280],"product_tag":[],"class_list":{"0":"post-15584","1":"product","2":"type-product","3":"status-publish","4":"has-post-thumbnail","6":"product_cat-hand-tools","7":"product_cat-m12-en","8":"product_cat-lighting","9":"pa_brand-milwaukee-en","11":"first","12":"instock","13":"shipping-taxable","14":"product-type-simple"},"yoast_head":"<!-- This site is optimized with the Yoast SEO Premium plugin v26.8 (Yoast SEO v26.8) - https:\/\/yoast.com\/product\/yoast-seo-premium-wordpress\/ -->\n<title>MILWAUKEE M12 MLED LED METAL FLASHLIGHT - Techmaster Electronics JSC<\/title>\n<meta name=\"description\" content=\"The Milwaukee M12 MLED - Sliding head allows adjustment of beam pattern from flooding to spotting. TRUEVIEW\u2122 high definition lighting.\" \/>\n<meta name=\"robots\" content=\"index, follow, max-snippet:-1, max-image-preview:large, max-video-preview:-1\" \/>\n<link rel=\"canonical\" href=\"https:\/\/techmaster.com.vn\/en\/milwaukee-m12-mled-led-metal-flashlight\/\" \/>\n<meta property=\"og:locale\" content=\"en_US\" \/>\n<meta property=\"og:type\" content=\"article\" \/>\n<meta property=\"og:title\" content=\"MILWAUKEE M12 MLED LED METAL FLASHLIGHT\" \/>\n<meta property=\"og:description\" content=\"The Milwaukee M12 MLED - Sliding head allows adjustment of beam pattern from flooding to spotting. TRUEVIEW\u2122 high definition lighting.\" \/>\n<meta property=\"og:url\" content=\"https:\/\/techmaster.com.vn\/en\/milwaukee-m12-mled-led-metal-flashlight\/\" \/>\n<meta property=\"og:site_name\" content=\"Techmaster Electronics JSC\" \/>\n<meta property=\"article:publisher\" content=\"https:\/\/www.facebook.com\/techmaster.electronics.jsc\" \/>\n<meta property=\"article:modified_time\" content=\"2022-04-29T03:43:29+00:00\" \/>\n<meta property=\"og:image\" content=\"https:\/\/techmaster.com.vn\/wp-content\/uploads\/2020\/12\/den-sieu-sang-vo-kim-loai-milwaukee-m12-mled-7.jpg\" \/>\n<meta name=\"twitter:card\" content=\"summary_large_image\" \/>\n<meta name=\"twitter:site\" content=\"@techmastervn\" \/>\n<meta name=\"twitter:label1\" content=\"Price\" \/>\n\t<meta name=\"twitter:data1\" content=\"Call for Price\" \/>\n\t<meta name=\"twitter:label2\" content=\"Availability\" \/>\n\t<meta name=\"twitter:data2\" content=\"In stock\" \/>\n<script type=\"application\/ld+json\" class=\"yoast-schema-graph\">{\"@context\":\"https:\/\/schema.org\",\"@graph\":[{\"@type\":\"WebPage\",\"@id\":\"https:\/\/techmaster.com.vn\/en\/milwaukee-m12-mled-led-metal-flashlight\/\",\"url\":\"https:\/\/techmaster.com.vn\/en\/milwaukee-m12-mled-led-metal-flashlight\/\",\"name\":\"MILWAUKEE M12 MLED LED METAL FLASHLIGHT - Techmaster Electronics JSC\",\"isPartOf\":{\"@id\":\"https:\/\/techmaster.com.vn\/en\/#website\"},\"primaryImageOfPage\":{\"@id\":\"https:\/\/techmaster.com.vn\/en\/milwaukee-m12-mled-led-metal-flashlight\/#primaryimage\"},\"image\":{\"@id\":\"https:\/\/techmaster.com.vn\/en\/milwaukee-m12-mled-led-metal-flashlight\/#primaryimage\"},\"thumbnailUrl\":\"https:\/\/techmaster.com.vn\/wp-content\/uploads\/2020\/12\/den-sieu-sang-vo-kim-loai-milwaukee-m12-mled.jpg\",\"datePublished\":\"2020-12-02T07:11:50+00:00\",\"dateModified\":\"2022-04-29T03:43:29+00:00\",\"description\":\"The Milwaukee M12 MLED - Sliding head allows adjustment of beam pattern from flooding to spotting. TRUEVIEW\u2122 high definition lighting.\",\"breadcrumb\":{\"@id\":\"https:\/\/techmaster.com.vn\/en\/milwaukee-m12-mled-led-metal-flashlight\/#breadcrumb\"},\"inLanguage\":\"en-US\",\"potentialAction\":[{\"@type\":\"ReadAction\",\"target\":[\"https:\/\/techmaster.com.vn\/en\/milwaukee-m12-mled-led-metal-flashlight\/\"]}]},{\"@type\":\"ImageObject\",\"inLanguage\":\"en-US\",\"@id\":\"https:\/\/techmaster.com.vn\/en\/milwaukee-m12-mled-led-metal-flashlight\/#primaryimage\",\"url\":\"https:\/\/techmaster.com.vn\/wp-content\/uploads\/2020\/12\/den-sieu-sang-vo-kim-loai-milwaukee-m12-mled.jpg\",\"contentUrl\":\"https:\/\/techmaster.com.vn\/wp-content\/uploads\/2020\/12\/den-sieu-sang-vo-kim-loai-milwaukee-m12-mled.jpg\",\"width\":450,\"height\":450,\"caption\":\"\u0110\u00e8n si\u00eau s\u00e1ng v\u1ecf kim lo\u1ea1i Milwaukee M12 MLED\"},{\"@type\":\"BreadcrumbList\",\"@id\":\"https:\/\/techmaster.com.vn\/en\/milwaukee-m12-mled-led-metal-flashlight\/#breadcrumb\",\"itemListElement\":[{\"@type\":\"ListItem\",\"position\":1,\"name\":\"Trang ch\u1ee7\",\"item\":\"https:\/\/techmaster.com.vn\/en\/\"},{\"@type\":\"ListItem\",\"position\":2,\"name\":\"Shop\",\"item\":\"https:\/\/techmaster.com.vn\/san-pham\/\"},{\"@type\":\"ListItem\",\"position\":3,\"name\":\"MILWAUKEE M12 MLED LED METAL FLASHLIGHT\"}]},{\"@type\":\"WebSite\",\"@id\":\"https:\/\/techmaster.com.vn\/en\/#website\",\"url\":\"https:\/\/techmaster.com.vn\/en\/\",\"name\":\"Techmaster Electronics JSC\",\"description\":\"\",\"publisher\":{\"@id\":\"https:\/\/techmaster.com.vn\/en\/#organization\"},\"potentialAction\":[{\"@type\":\"SearchAction\",\"target\":{\"@type\":\"EntryPoint\",\"urlTemplate\":\"https:\/\/techmaster.com.vn\/en\/?s={search_term_string}\"},\"query-input\":{\"@type\":\"PropertyValueSpecification\",\"valueRequired\":true,\"valueName\":\"search_term_string\"}}],\"inLanguage\":\"en-US\"},{\"@type\":[\"Organization\",\"Place\"],\"@id\":\"https:\/\/techmaster.com.vn\/en\/#organization\",\"name\":\"Techmaster Electronics JSC\",\"url\":\"https:\/\/techmaster.com.vn\/en\/\",\"logo\":{\"@id\":\"https:\/\/techmaster.com.vn\/en\/milwaukee-m12-mled-led-metal-flashlight\/#local-main-organization-logo\"},\"image\":{\"@id\":\"https:\/\/techmaster.com.vn\/en\/milwaukee-m12-mled-led-metal-flashlight\/#local-main-organization-logo\"},\"sameAs\":[\"https:\/\/www.facebook.com\/techmaster.electronics.jsc\",\"https:\/\/x.com\/techmastervn\",\"https:\/\/www.instagram.com\/techmastervietnam\",\"https:\/\/myspace.com\/techmastervietnam\",\"https:\/\/www.youtube.com\/c\/TechmasterElectronicsJSC\",\"https:\/\/www.pinterest.com\/techmasterelectronicsjsc\/\",\"https:\/\/vi.wikipedia.org\/wiki\/Th\u00e0nh_vi\u00ean:Techmastervietnam\",\"https:\/\/twitter.com\/techmastervn\",\"https:\/\/www.linkedin.com\/company\/techmaster-vietnam\/\"],\"telephone\":[],\"contactPoint\":{\"@type\":\"ContactPoint\",\"email\":\"marketing@techmaster.com.vn\"},\"openingHoursSpecification\":[{\"@type\":\"OpeningHoursSpecification\",\"dayOfWeek\":[\"Monday\",\"Tuesday\",\"Wednesday\",\"Thursday\",\"Friday\",\"Saturday\",\"Sunday\"],\"opens\":\"09:00\",\"closes\":\"17:00\"}],\"email\":\"marketing@techmaster.com.vn\",\"areaServed\":\"Vietnam\"},{\"@type\":\"ImageObject\",\"inLanguage\":\"en-US\",\"@id\":\"https:\/\/techmaster.com.vn\/en\/milwaukee-m12-mled-led-metal-flashlight\/#local-main-organization-logo\",\"url\":\"https:\/\/techmaster.com.vn\/wp-content\/uploads\/2021\/04\/techmaster-logo-homepage.png\",\"contentUrl\":\"https:\/\/techmaster.com.vn\/wp-content\/uploads\/2021\/04\/techmaster-logo-homepage.png\",\"width\":335,\"height\":62,\"caption\":\"Techmaster Electronics JSC\"}]}<\/script>\n<meta property=\"product:price:amount\" content=\"0\" \/>\n<meta property=\"product:price:currency\" content=\"VND\" \/>\n<meta property=\"og:availability\" content=\"instock\" \/>\n<meta property=\"product:availability\" content=\"instock\" \/>\n<meta property=\"product:condition\" content=\"new\" \/>\n<!-- \/ Yoast SEO Premium plugin. -->","yoast_head_json":{"title":"MILWAUKEE M12 MLED LED METAL FLASHLIGHT - Techmaster Electronics JSC","description":"The Milwaukee M12 MLED - Sliding head allows adjustment of beam pattern from flooding to spotting. TRUEVIEW\u2122 high definition lighting.","robots":{"index":"index","follow":"follow","max-snippet":"max-snippet:-1","max-image-preview":"max-image-preview:large","max-video-preview":"max-video-preview:-1"},"canonical":"https:\/\/techmaster.com.vn\/en\/milwaukee-m12-mled-led-metal-flashlight\/","og_locale":"en_US","og_type":"article","og_title":"MILWAUKEE M12 MLED LED METAL FLASHLIGHT","og_description":"The Milwaukee M12 MLED - Sliding head allows adjustment of beam pattern from flooding to spotting. TRUEVIEW\u2122 high definition lighting.","og_url":"https:\/\/techmaster.com.vn\/en\/milwaukee-m12-mled-led-metal-flashlight\/","og_site_name":"Techmaster Electronics JSC","article_publisher":"https:\/\/www.facebook.com\/techmaster.electronics.jsc","article_modified_time":"2022-04-29T03:43:29+00:00","og_image":[{"url":"https:\/\/techmaster.com.vn\/wp-content\/uploads\/2020\/12\/den-sieu-sang-vo-kim-loai-milwaukee-m12-mled-7.jpg","type":"","width":"","height":""}],"twitter_card":"summary_large_image","twitter_site":"@techmastervn","twitter_misc":{"Price":"Call for Price","Availability":"In stock"},"schema":{"@context":"https:\/\/schema.org","@graph":[{"@type":"WebPage","@id":"https:\/\/techmaster.com.vn\/en\/milwaukee-m12-mled-led-metal-flashlight\/","url":"https:\/\/techmaster.com.vn\/en\/milwaukee-m12-mled-led-metal-flashlight\/","name":"MILWAUKEE M12 MLED LED METAL FLASHLIGHT - Techmaster Electronics JSC","isPartOf":{"@id":"https:\/\/techmaster.com.vn\/en\/#website"},"primaryImageOfPage":{"@id":"https:\/\/techmaster.com.vn\/en\/milwaukee-m12-mled-led-metal-flashlight\/#primaryimage"},"image":{"@id":"https:\/\/techmaster.com.vn\/en\/milwaukee-m12-mled-led-metal-flashlight\/#primaryimage"},"thumbnailUrl":"https:\/\/techmaster.com.vn\/wp-content\/uploads\/2020\/12\/den-sieu-sang-vo-kim-loai-milwaukee-m12-mled.jpg","datePublished":"2020-12-02T07:11:50+00:00","dateModified":"2022-04-29T03:43:29+00:00","description":"The Milwaukee M12 MLED - Sliding head allows adjustment of beam pattern from flooding to spotting. TRUEVIEW\u2122 high definition lighting.","breadcrumb":{"@id":"https:\/\/techmaster.com.vn\/en\/milwaukee-m12-mled-led-metal-flashlight\/#breadcrumb"},"inLanguage":"en-US","potentialAction":[{"@type":"ReadAction","target":["https:\/\/techmaster.com.vn\/en\/milwaukee-m12-mled-led-metal-flashlight\/"]}]},{"@type":"ImageObject","inLanguage":"en-US","@id":"https:\/\/techmaster.com.vn\/en\/milwaukee-m12-mled-led-metal-flashlight\/#primaryimage","url":"https:\/\/techmaster.com.vn\/wp-content\/uploads\/2020\/12\/den-sieu-sang-vo-kim-loai-milwaukee-m12-mled.jpg","contentUrl":"https:\/\/techmaster.com.vn\/wp-content\/uploads\/2020\/12\/den-sieu-sang-vo-kim-loai-milwaukee-m12-mled.jpg","width":450,"height":450,"caption":"\u0110\u00e8n si\u00eau s\u00e1ng v\u1ecf kim lo\u1ea1i Milwaukee M12 MLED"},{"@type":"BreadcrumbList","@id":"https:\/\/techmaster.com.vn\/en\/milwaukee-m12-mled-led-metal-flashlight\/#breadcrumb","itemListElement":[{"@type":"ListItem","position":1,"name":"Trang ch\u1ee7","item":"https:\/\/techmaster.com.vn\/en\/"},{"@type":"ListItem","position":2,"name":"Shop","item":"https:\/\/techmaster.com.vn\/san-pham\/"},{"@type":"ListItem","position":3,"name":"MILWAUKEE M12 MLED LED METAL FLASHLIGHT"}]},{"@type":"WebSite","@id":"https:\/\/techmaster.com.vn\/en\/#website","url":"https:\/\/techmaster.com.vn\/en\/","name":"Techmaster Electronics JSC","description":"","publisher":{"@id":"https:\/\/techmaster.com.vn\/en\/#organization"},"potentialAction":[{"@type":"SearchAction","target":{"@type":"EntryPoint","urlTemplate":"https:\/\/techmaster.com.vn\/en\/?s={search_term_string}"},"query-input":{"@type":"PropertyValueSpecification","valueRequired":true,"valueName":"search_term_string"}}],"inLanguage":"en-US"},{"@type":["Organization","Place"],"@id":"https:\/\/techmaster.com.vn\/en\/#organization","name":"Techmaster Electronics JSC","url":"https:\/\/techmaster.com.vn\/en\/","logo":{"@id":"https:\/\/techmaster.com.vn\/en\/milwaukee-m12-mled-led-metal-flashlight\/#local-main-organization-logo"},"image":{"@id":"https:\/\/techmaster.com.vn\/en\/milwaukee-m12-mled-led-metal-flashlight\/#local-main-organization-logo"},"sameAs":["https:\/\/www.facebook.com\/techmaster.electronics.jsc","https:\/\/x.com\/techmastervn","https:\/\/www.instagram.com\/techmastervietnam","https:\/\/myspace.com\/techmastervietnam","https:\/\/www.youtube.com\/c\/TechmasterElectronicsJSC","https:\/\/www.pinterest.com\/techmasterelectronicsjsc\/","https:\/\/vi.wikipedia.org\/wiki\/Th\u00e0nh_vi\u00ean:Techmastervietnam","https:\/\/twitter.com\/techmastervn","https:\/\/www.linkedin.com\/company\/techmaster-vietnam\/"],"telephone":[],"contactPoint":{"@type":"ContactPoint","email":"marketing@techmaster.com.vn"},"openingHoursSpecification":[{"@type":"OpeningHoursSpecification","dayOfWeek":["Monday","Tuesday","Wednesday","Thursday","Friday","Saturday","Sunday"],"opens":"09:00","closes":"17:00"}],"email":"marketing@techmaster.com.vn","areaServed":"Vietnam"},{"@type":"ImageObject","inLanguage":"en-US","@id":"https:\/\/techmaster.com.vn\/en\/milwaukee-m12-mled-led-metal-flashlight\/#local-main-organization-logo","url":"https:\/\/techmaster.com.vn\/wp-content\/uploads\/2021\/04\/techmaster-logo-homepage.png","contentUrl":"https:\/\/techmaster.com.vn\/wp-content\/uploads\/2021\/04\/techmaster-logo-homepage.png","width":335,"height":62,"caption":"Techmaster Electronics JSC"}]},"product_price_currency":"VND","og_availability":"instock","product_availability":"instock","product_condition":"new"},"_links":{"self":[{"href":"https:\/\/techmaster.com.vn\/en\/wp-json\/wp\/v2\/product\/15584","targetHints":{"allow":["GET"]}}],"collection":[{"href":"https:\/\/techmaster.com.vn\/en\/wp-json\/wp\/v2\/product"}],"about":[{"href":"https:\/\/techmaster.com.vn\/en\/wp-json\/wp\/v2\/types\/product"}],"replies":[{"embeddable":true,"href":"https:\/\/techmaster.com.vn\/en\/wp-json\/wp\/v2\/comments?post=15584"}],"wp:featuredmedia":[{"embeddable":true,"href":"https:\/\/techmaster.com.vn\/en\/wp-json\/wp\/v2\/media\/2466"}],"wp:attachment":[{"href":"https:\/\/techmaster.com.vn\/en\/wp-json\/wp\/v2\/media?parent=15584"}],"wp:term":[{"taxonomy":"product_brand","embeddable":true,"href":"https:\/\/techmaster.com.vn\/en\/wp-json\/wp\/v2\/product_brand?post=15584"},{"taxonomy":"product_cat","embeddable":true,"href":"https:\/\/techmaster.com.vn\/en\/wp-json\/wp\/v2\/product_cat?post=15584"},{"taxonomy":"product_tag","embeddable":true,"href":"https:\/\/techmaster.com.vn\/en\/wp-json\/wp\/v2\/product_tag?post=15584"}],"curies":[{"name":"wp","href":"https:\/\/api.w.org\/{rel}","templated":true}]}}