{"id":15299,"date":"2020-12-02T13:59:44","date_gmt":"2020-12-02T06:59:44","guid":{"rendered":"https:\/\/techmaster.com.vn\/den-led-dung-milwaukee-m12-sal-0\/"},"modified":"2022-04-29T10:34:47","modified_gmt":"2022-04-29T03:34:47","slug":"milwaukee-m12-sal-0-led-stand-light","status":"publish","type":"product","link":"https:\/\/techmaster.com.vn\/en\/milwaukee-m12-sal-0-led-stand-light\/","title":{"rendered":"MILWAUKEE M12 SAL-0 LED STAND LIGHT"},"content":{"rendered":"<p><b>SPECIFICATIONS MILWAUKEE M12 SAL-0 LED STAND LIGHT<\/b><\/p>\n<table class=\"table\" style=\"width: 122px;\">\n<tbody>\n<tr style=\"height: 21px;\">\n<td style=\"height: 21px; width: 106px;\" scope=\"col\">Lumens:<\/td>\n<td style=\"height: 21px; width: 10px;\" scope=\"col\">1400 \/ 700<\/td>\n<\/tr>\n<tr style=\"height: 21px;\">\n<td style=\"height: 21px; width: 106px;\" scope=\"col\">Runtime:<\/td>\n<td style=\"height: 21px; width: 10px;\" scope=\"col\">4 \/ 10 (B6)<\/td>\n<\/tr>\n<tr style=\"height: 21.7812px;\">\n<td style=\"height: 21.7812px; width: 106px;\" scope=\"col\">Head rotation:<\/td>\n<td style=\"height: 21.7812px; width: 10px;\" scope=\"col\">210\u00b0 Vertical, 270\u00b0 Horizontal<\/td>\n<\/tr>\n<tr style=\"height: 21px;\">\n<td style=\"height: 21px; width: 106px;\" scope=\"col\">No. of modes:<\/td>\n<td style=\"height: 21px; width: 10px;\" scope=\"col\">High \/ Low<\/td>\n<\/tr>\n<tr style=\"height: 21px;\">\n<td style=\"height: 21px; width: 106px;\" scope=\"col\">Battery platform:<\/td>\n<td style=\"height: 21px; width: 10px;\" scope=\"col\">M12\u2122 REDLITHIUM\u2122-ION<\/td>\n<\/tr>\n<tr style=\"height: 21px;\">\n<td style=\"height: 21px; width: 106px;\" scope=\"col\">Voltage (V):<\/td>\n<td style=\"height: 21px; width: 10px;\" scope=\"col\">12<\/td>\n<\/tr>\n<tr style=\"height: 21px;\">\n<td style=\"height: 21px; width: 106px;\" scope=\"col\">Weight with battery pack if applicable (kg):<\/td>\n<td style=\"height: 21px; width: 10px;\" scope=\"col\">3.5 (6.0Ah)<\/td>\n<\/tr>\n<\/tbody>\n<\/table>\n<h2><strong>Introduction Milwaukee M12 SAL-0<\/strong><\/h2>\n<p style=\"text-align: justify;\">Our M12\u2122 ROCKET\u2122 Dual Power Tower Light (Milwaukee M12 SAL-0) is more portable and offers an all-day operation. The compact tower light is the lightest in its class with a 45% smaller footprint than our M18\u2122 ROCKET\u2122 Tower Lights. This allows you to easily carry and set it up in the most confined spaces. When not in use, the portable tower light collapses down to just 31&#8243; in length with three side handles allowing you to easily transport and store it. The LED tower light extends 5&#8217;8\u201d to provide 1,400 Lumens of TRUEVIEW\u2122 High Definition Output on high mode and 700 Lumens on low mode. The LED light tower head rotates 210\u00b0 and pivots 270\u00b0 allowing you to cast light in any direction. Our M12\u2122 REDLITHIUM\u2122 XC6.0 battery pack provides up to 10 hours of light on a single charge. The dual-powered light can also be plugged into an extension cord for all-day operation. After deployment, the portable tower light is supported by impact-resistant, reinforced legs that form a compact base with a low center of gravity to help survive any job site. The protective guard secures the head during transport and storage ensuring your tower light is always ready to use. The LEDs never need to be replaced and are backed by a limited lifetime warranty. Milwaukee M12 SAL are designed to deploy in seconds and are built to adapt to any job site environment. The LED tower lights supply both task and area lighting and provide light overhead to reduce shadows in the workspace.<\/p>\n<p style=\"text-align: center;\"><a href=\"https:\/\/techmaster.com.vn\/wp-content\/uploads\/2020\/12\/den-led-dung-milwaukee-m12-sal-0-5.jpg\"><img loading=\"lazy\" decoding=\"async\" class=\"alignnone wp-image-10459 size-full\" src=\"https:\/\/techmaster.com.vn\/wp-content\/uploads\/2020\/12\/den-led-dung-milwaukee-m12-sal-0-5.jpg\" alt=\"Milwaukee M12 SAL-0 (9)\" width=\"772\" height=\"346\" \/><\/a><\/p>\n<p><strong style=\"font-size: 23.04px; color: #333333;\">Milwaukee Brand<\/strong><\/p>\n<div>Since the company began in 1924, Milwaukee Tool has led the industry in developing innovative solutions that deliver increased productivity and unmatched durability for professional construction users. Whether it is through our world-leading M12\u2122 and M18\u2122 cordless systems, the ground-breaking performance of our M12 and M18 FUEL\u2122 products, jobsite lighting, time-saving accessories, or innovative hand tool and storage products, Milwaukee are dedicated to delivering a continuous flow of advanced, trade-specific solutions. Milwaukee Tool is not simply a manufacturer \u2013 Milwaukee are progressive problem solvers.<\/div>\n","protected":false},"excerpt":{"rendered":"<h2><strong>FEATURES<\/strong><\/h2>\n<div id=\"p_lt_ctl01_pageplaceholder_p_lt_ctl01_MilwaukeeProductFeatures_pnlFeatues\" class=\"product__description js-description-mask is-active\">\n<div class=\"product__description-content js-product-content\">\n<p>&#8211; TRUEVIEW\u2122 high definition lighting<\/p>\n<p>&#8211; 12 high performance LEDs provide 1400 Lumens on high light output<\/p>\n<p>&#8211; Impact resistant adjustable head with highly durable polycarbonate lens to withstand drops up to 3 m<\/p>\n<p>&#8211; Head can be rotated 210\u00b0 vertically and pivoted 270\u00b0 horizontally to have the best perfect workplace illumination<\/p>\n<p>&#8211; Protective guard secures the head and lens when the light is collapsed for storage or transport<\/p>\n<\/div>\n<\/div>\n","protected":false},"featured_media":2435,"comment_status":"open","ping_status":"closed","template":"","meta":[],"product_brand":[],"product_cat":[161,372,280],"product_tag":[],"class_list":{"0":"post-15299","1":"product","2":"type-product","3":"status-publish","4":"has-post-thumbnail","6":"product_cat-hand-tools","7":"product_cat-m12-en","8":"product_cat-lighting","9":"pa_brand-milwaukee-en","11":"first","12":"instock","13":"shipping-taxable","14":"product-type-simple"},"yoast_head":"<!-- This site is optimized with the Yoast SEO Premium plugin v26.8 (Yoast SEO v26.8) - https:\/\/yoast.com\/product\/yoast-seo-premium-wordpress\/ -->\n<title>MILWAUKEE M12 SAL-0 LED STAND LIGHT - Techmaster Electronics JSC<\/title>\n<meta name=\"description\" content=\"The Milwaukee M12 SAL-0 - TRUEVIEW\u2122 high definition lighting. 12 high performance LEDs provide 1400 Lumens on high light output.\" \/>\n<meta name=\"robots\" content=\"index, follow, max-snippet:-1, max-image-preview:large, max-video-preview:-1\" \/>\n<link rel=\"canonical\" href=\"https:\/\/techmaster.com.vn\/en\/milwaukee-m12-sal-0-led-stand-light\/\" \/>\n<meta property=\"og:locale\" content=\"en_US\" \/>\n<meta property=\"og:type\" content=\"article\" \/>\n<meta property=\"og:title\" content=\"MILWAUKEE M12 SAL-0 LED STAND LIGHT\" \/>\n<meta property=\"og:description\" content=\"The Milwaukee M12 SAL-0 - TRUEVIEW\u2122 high definition lighting. 12 high performance LEDs provide 1400 Lumens on high light output.\" \/>\n<meta property=\"og:url\" content=\"https:\/\/techmaster.com.vn\/en\/milwaukee-m12-sal-0-led-stand-light\/\" \/>\n<meta property=\"og:site_name\" content=\"Techmaster Electronics JSC\" \/>\n<meta property=\"article:publisher\" content=\"https:\/\/www.facebook.com\/techmaster.electronics.jsc\" \/>\n<meta property=\"article:modified_time\" content=\"2022-04-29T03:34:47+00:00\" \/>\n<meta property=\"og:image\" content=\"https:\/\/techmaster.com.vn\/wp-content\/uploads\/2020\/12\/den-led-dung-milwaukee-m12-sal-0.jpg\" \/>\n\t<meta property=\"og:image:width\" content=\"450\" \/>\n\t<meta property=\"og:image:height\" content=\"450\" \/>\n\t<meta property=\"og:image:type\" content=\"image\/jpeg\" \/>\n<meta name=\"twitter:card\" content=\"summary_large_image\" \/>\n<meta name=\"twitter:site\" content=\"@techmastervn\" \/>\n<meta name=\"twitter:label1\" content=\"Price\" \/>\n\t<meta name=\"twitter:data1\" content=\"Call for Price\" \/>\n\t<meta name=\"twitter:label2\" content=\"Availability\" \/>\n\t<meta name=\"twitter:data2\" content=\"In stock\" \/>\n<script type=\"application\/ld+json\" class=\"yoast-schema-graph\">{\"@context\":\"https:\/\/schema.org\",\"@graph\":[{\"@type\":\"WebPage\",\"@id\":\"https:\/\/techmaster.com.vn\/en\/milwaukee-m12-sal-0-led-stand-light\/\",\"url\":\"https:\/\/techmaster.com.vn\/en\/milwaukee-m12-sal-0-led-stand-light\/\",\"name\":\"MILWAUKEE M12 SAL-0 LED STAND LIGHT - Techmaster Electronics JSC\",\"isPartOf\":{\"@id\":\"https:\/\/techmaster.com.vn\/en\/#website\"},\"primaryImageOfPage\":{\"@id\":\"https:\/\/techmaster.com.vn\/en\/milwaukee-m12-sal-0-led-stand-light\/#primaryimage\"},\"image\":{\"@id\":\"https:\/\/techmaster.com.vn\/en\/milwaukee-m12-sal-0-led-stand-light\/#primaryimage\"},\"thumbnailUrl\":\"https:\/\/techmaster.com.vn\/wp-content\/uploads\/2020\/12\/den-led-dung-milwaukee-m12-sal-0.jpg\",\"datePublished\":\"2020-12-02T06:59:44+00:00\",\"dateModified\":\"2022-04-29T03:34:47+00:00\",\"description\":\"The Milwaukee M12 SAL-0 - TRUEVIEW\u2122 high definition lighting. 12 high performance LEDs provide 1400 Lumens on high light output.\",\"breadcrumb\":{\"@id\":\"https:\/\/techmaster.com.vn\/en\/milwaukee-m12-sal-0-led-stand-light\/#breadcrumb\"},\"inLanguage\":\"en-US\",\"potentialAction\":[{\"@type\":\"ReadAction\",\"target\":[\"https:\/\/techmaster.com.vn\/en\/milwaukee-m12-sal-0-led-stand-light\/\"]}]},{\"@type\":\"ImageObject\",\"inLanguage\":\"en-US\",\"@id\":\"https:\/\/techmaster.com.vn\/en\/milwaukee-m12-sal-0-led-stand-light\/#primaryimage\",\"url\":\"https:\/\/techmaster.com.vn\/wp-content\/uploads\/2020\/12\/den-led-dung-milwaukee-m12-sal-0.jpg\",\"contentUrl\":\"https:\/\/techmaster.com.vn\/wp-content\/uploads\/2020\/12\/den-led-dung-milwaukee-m12-sal-0.jpg\",\"width\":450,\"height\":450,\"caption\":\"\u0110\u00e8n LED \u0111\u1ee9ng Milwaukee M12 SAL-0\"},{\"@type\":\"BreadcrumbList\",\"@id\":\"https:\/\/techmaster.com.vn\/en\/milwaukee-m12-sal-0-led-stand-light\/#breadcrumb\",\"itemListElement\":[{\"@type\":\"ListItem\",\"position\":1,\"name\":\"Trang ch\u1ee7\",\"item\":\"https:\/\/techmaster.com.vn\/en\/\"},{\"@type\":\"ListItem\",\"position\":2,\"name\":\"Shop\",\"item\":\"https:\/\/techmaster.com.vn\/san-pham\/\"},{\"@type\":\"ListItem\",\"position\":3,\"name\":\"MILWAUKEE M12 SAL-0 LED STAND LIGHT\"}]},{\"@type\":\"WebSite\",\"@id\":\"https:\/\/techmaster.com.vn\/en\/#website\",\"url\":\"https:\/\/techmaster.com.vn\/en\/\",\"name\":\"Techmaster Electronics JSC\",\"description\":\"\",\"publisher\":{\"@id\":\"https:\/\/techmaster.com.vn\/en\/#organization\"},\"potentialAction\":[{\"@type\":\"SearchAction\",\"target\":{\"@type\":\"EntryPoint\",\"urlTemplate\":\"https:\/\/techmaster.com.vn\/en\/?s={search_term_string}\"},\"query-input\":{\"@type\":\"PropertyValueSpecification\",\"valueRequired\":true,\"valueName\":\"search_term_string\"}}],\"inLanguage\":\"en-US\"},{\"@type\":[\"Organization\",\"Place\"],\"@id\":\"https:\/\/techmaster.com.vn\/en\/#organization\",\"name\":\"Techmaster Electronics JSC\",\"url\":\"https:\/\/techmaster.com.vn\/en\/\",\"logo\":{\"@id\":\"https:\/\/techmaster.com.vn\/en\/milwaukee-m12-sal-0-led-stand-light\/#local-main-organization-logo\"},\"image\":{\"@id\":\"https:\/\/techmaster.com.vn\/en\/milwaukee-m12-sal-0-led-stand-light\/#local-main-organization-logo\"},\"sameAs\":[\"https:\/\/www.facebook.com\/techmaster.electronics.jsc\",\"https:\/\/x.com\/techmastervn\",\"https:\/\/www.instagram.com\/techmastervietnam\",\"https:\/\/myspace.com\/techmastervietnam\",\"https:\/\/www.youtube.com\/c\/TechmasterElectronicsJSC\",\"https:\/\/www.pinterest.com\/techmasterelectronicsjsc\/\",\"https:\/\/vi.wikipedia.org\/wiki\/Th\u00e0nh_vi\u00ean:Techmastervietnam\",\"https:\/\/twitter.com\/techmastervn\",\"https:\/\/www.linkedin.com\/company\/techmaster-vietnam\/\"],\"telephone\":[],\"contactPoint\":{\"@type\":\"ContactPoint\",\"email\":\"marketing@techmaster.com.vn\"},\"openingHoursSpecification\":[{\"@type\":\"OpeningHoursSpecification\",\"dayOfWeek\":[\"Monday\",\"Tuesday\",\"Wednesday\",\"Thursday\",\"Friday\",\"Saturday\",\"Sunday\"],\"opens\":\"09:00\",\"closes\":\"17:00\"}],\"email\":\"marketing@techmaster.com.vn\",\"areaServed\":\"Vietnam\"},{\"@type\":\"ImageObject\",\"inLanguage\":\"en-US\",\"@id\":\"https:\/\/techmaster.com.vn\/en\/milwaukee-m12-sal-0-led-stand-light\/#local-main-organization-logo\",\"url\":\"https:\/\/techmaster.com.vn\/wp-content\/uploads\/2021\/04\/techmaster-logo-homepage.png\",\"contentUrl\":\"https:\/\/techmaster.com.vn\/wp-content\/uploads\/2021\/04\/techmaster-logo-homepage.png\",\"width\":335,\"height\":62,\"caption\":\"Techmaster Electronics JSC\"}]}<\/script>\n<meta property=\"product:price:amount\" content=\"0\" \/>\n<meta property=\"product:price:currency\" content=\"VND\" \/>\n<meta property=\"og:availability\" content=\"instock\" \/>\n<meta property=\"product:availability\" content=\"instock\" \/>\n<meta property=\"product:condition\" content=\"new\" \/>\n<!-- \/ Yoast SEO Premium plugin. -->","yoast_head_json":{"title":"MILWAUKEE M12 SAL-0 LED STAND LIGHT - Techmaster Electronics JSC","description":"The Milwaukee M12 SAL-0 - TRUEVIEW\u2122 high definition lighting. 12 high performance LEDs provide 1400 Lumens on high light output.","robots":{"index":"index","follow":"follow","max-snippet":"max-snippet:-1","max-image-preview":"max-image-preview:large","max-video-preview":"max-video-preview:-1"},"canonical":"https:\/\/techmaster.com.vn\/en\/milwaukee-m12-sal-0-led-stand-light\/","og_locale":"en_US","og_type":"article","og_title":"MILWAUKEE M12 SAL-0 LED STAND LIGHT","og_description":"The Milwaukee M12 SAL-0 - TRUEVIEW\u2122 high definition lighting. 12 high performance LEDs provide 1400 Lumens on high light output.","og_url":"https:\/\/techmaster.com.vn\/en\/milwaukee-m12-sal-0-led-stand-light\/","og_site_name":"Techmaster Electronics JSC","article_publisher":"https:\/\/www.facebook.com\/techmaster.electronics.jsc","article_modified_time":"2022-04-29T03:34:47+00:00","og_image":[{"width":450,"height":450,"url":"https:\/\/techmaster.com.vn\/wp-content\/uploads\/2020\/12\/den-led-dung-milwaukee-m12-sal-0.jpg","type":"image\/jpeg"}],"twitter_card":"summary_large_image","twitter_site":"@techmastervn","twitter_misc":{"Price":"Call for Price","Availability":"In stock"},"schema":{"@context":"https:\/\/schema.org","@graph":[{"@type":"WebPage","@id":"https:\/\/techmaster.com.vn\/en\/milwaukee-m12-sal-0-led-stand-light\/","url":"https:\/\/techmaster.com.vn\/en\/milwaukee-m12-sal-0-led-stand-light\/","name":"MILWAUKEE M12 SAL-0 LED STAND LIGHT - Techmaster Electronics JSC","isPartOf":{"@id":"https:\/\/techmaster.com.vn\/en\/#website"},"primaryImageOfPage":{"@id":"https:\/\/techmaster.com.vn\/en\/milwaukee-m12-sal-0-led-stand-light\/#primaryimage"},"image":{"@id":"https:\/\/techmaster.com.vn\/en\/milwaukee-m12-sal-0-led-stand-light\/#primaryimage"},"thumbnailUrl":"https:\/\/techmaster.com.vn\/wp-content\/uploads\/2020\/12\/den-led-dung-milwaukee-m12-sal-0.jpg","datePublished":"2020-12-02T06:59:44+00:00","dateModified":"2022-04-29T03:34:47+00:00","description":"The Milwaukee M12 SAL-0 - TRUEVIEW\u2122 high definition lighting. 12 high performance LEDs provide 1400 Lumens on high light output.","breadcrumb":{"@id":"https:\/\/techmaster.com.vn\/en\/milwaukee-m12-sal-0-led-stand-light\/#breadcrumb"},"inLanguage":"en-US","potentialAction":[{"@type":"ReadAction","target":["https:\/\/techmaster.com.vn\/en\/milwaukee-m12-sal-0-led-stand-light\/"]}]},{"@type":"ImageObject","inLanguage":"en-US","@id":"https:\/\/techmaster.com.vn\/en\/milwaukee-m12-sal-0-led-stand-light\/#primaryimage","url":"https:\/\/techmaster.com.vn\/wp-content\/uploads\/2020\/12\/den-led-dung-milwaukee-m12-sal-0.jpg","contentUrl":"https:\/\/techmaster.com.vn\/wp-content\/uploads\/2020\/12\/den-led-dung-milwaukee-m12-sal-0.jpg","width":450,"height":450,"caption":"\u0110\u00e8n LED \u0111\u1ee9ng Milwaukee M12 SAL-0"},{"@type":"BreadcrumbList","@id":"https:\/\/techmaster.com.vn\/en\/milwaukee-m12-sal-0-led-stand-light\/#breadcrumb","itemListElement":[{"@type":"ListItem","position":1,"name":"Trang ch\u1ee7","item":"https:\/\/techmaster.com.vn\/en\/"},{"@type":"ListItem","position":2,"name":"Shop","item":"https:\/\/techmaster.com.vn\/san-pham\/"},{"@type":"ListItem","position":3,"name":"MILWAUKEE M12 SAL-0 LED STAND LIGHT"}]},{"@type":"WebSite","@id":"https:\/\/techmaster.com.vn\/en\/#website","url":"https:\/\/techmaster.com.vn\/en\/","name":"Techmaster Electronics JSC","description":"","publisher":{"@id":"https:\/\/techmaster.com.vn\/en\/#organization"},"potentialAction":[{"@type":"SearchAction","target":{"@type":"EntryPoint","urlTemplate":"https:\/\/techmaster.com.vn\/en\/?s={search_term_string}"},"query-input":{"@type":"PropertyValueSpecification","valueRequired":true,"valueName":"search_term_string"}}],"inLanguage":"en-US"},{"@type":["Organization","Place"],"@id":"https:\/\/techmaster.com.vn\/en\/#organization","name":"Techmaster Electronics JSC","url":"https:\/\/techmaster.com.vn\/en\/","logo":{"@id":"https:\/\/techmaster.com.vn\/en\/milwaukee-m12-sal-0-led-stand-light\/#local-main-organization-logo"},"image":{"@id":"https:\/\/techmaster.com.vn\/en\/milwaukee-m12-sal-0-led-stand-light\/#local-main-organization-logo"},"sameAs":["https:\/\/www.facebook.com\/techmaster.electronics.jsc","https:\/\/x.com\/techmastervn","https:\/\/www.instagram.com\/techmastervietnam","https:\/\/myspace.com\/techmastervietnam","https:\/\/www.youtube.com\/c\/TechmasterElectronicsJSC","https:\/\/www.pinterest.com\/techmasterelectronicsjsc\/","https:\/\/vi.wikipedia.org\/wiki\/Th\u00e0nh_vi\u00ean:Techmastervietnam","https:\/\/twitter.com\/techmastervn","https:\/\/www.linkedin.com\/company\/techmaster-vietnam\/"],"telephone":[],"contactPoint":{"@type":"ContactPoint","email":"marketing@techmaster.com.vn"},"openingHoursSpecification":[{"@type":"OpeningHoursSpecification","dayOfWeek":["Monday","Tuesday","Wednesday","Thursday","Friday","Saturday","Sunday"],"opens":"09:00","closes":"17:00"}],"email":"marketing@techmaster.com.vn","areaServed":"Vietnam"},{"@type":"ImageObject","inLanguage":"en-US","@id":"https:\/\/techmaster.com.vn\/en\/milwaukee-m12-sal-0-led-stand-light\/#local-main-organization-logo","url":"https:\/\/techmaster.com.vn\/wp-content\/uploads\/2021\/04\/techmaster-logo-homepage.png","contentUrl":"https:\/\/techmaster.com.vn\/wp-content\/uploads\/2021\/04\/techmaster-logo-homepage.png","width":335,"height":62,"caption":"Techmaster Electronics JSC"}]},"product_price_currency":"VND","og_availability":"instock","product_availability":"instock","product_condition":"new"},"_links":{"self":[{"href":"https:\/\/techmaster.com.vn\/en\/wp-json\/wp\/v2\/product\/15299","targetHints":{"allow":["GET"]}}],"collection":[{"href":"https:\/\/techmaster.com.vn\/en\/wp-json\/wp\/v2\/product"}],"about":[{"href":"https:\/\/techmaster.com.vn\/en\/wp-json\/wp\/v2\/types\/product"}],"replies":[{"embeddable":true,"href":"https:\/\/techmaster.com.vn\/en\/wp-json\/wp\/v2\/comments?post=15299"}],"wp:featuredmedia":[{"embeddable":true,"href":"https:\/\/techmaster.com.vn\/en\/wp-json\/wp\/v2\/media\/2435"}],"wp:attachment":[{"href":"https:\/\/techmaster.com.vn\/en\/wp-json\/wp\/v2\/media?parent=15299"}],"wp:term":[{"taxonomy":"product_brand","embeddable":true,"href":"https:\/\/techmaster.com.vn\/en\/wp-json\/wp\/v2\/product_brand?post=15299"},{"taxonomy":"product_cat","embeddable":true,"href":"https:\/\/techmaster.com.vn\/en\/wp-json\/wp\/v2\/product_cat?post=15299"},{"taxonomy":"product_tag","embeddable":true,"href":"https:\/\/techmaster.com.vn\/en\/wp-json\/wp\/v2\/product_tag?post=15299"}],"curies":[{"name":"wp","href":"https:\/\/api.w.org\/{rel}","templated":true}]}}