{"id":152723,"date":"2024-09-13T11:01:51","date_gmt":"2024-09-13T04:01:51","guid":{"rendered":"https:\/\/techmaster.com.vn\/?post_type=product&#038;p=152723"},"modified":"2026-05-11T17:25:53","modified_gmt":"2026-05-11T10:25:53","slug":"tui-chuyen-dung-dung-cho-may-toi-3m-dbi-sala-advanced-8517567","status":"publish","type":"product","link":"https:\/\/techmaster.com.vn\/en\/tui-chuyen-dung-dung-cho-may-toi-3m-dbi-sala-advanced-8517567\/","title":{"rendered":"T\u00fai Chuy\u00ean D\u1ee5ng D\u00f9ng Cho M\u00e1y T\u1eddi 3M\u2122 DBI-SALA\u00ae Advanced\u2122 8517567"},"content":{"rendered":"<h3 class=\"mds-font_header--3\" tabindex=\"-1\">Thu\u1ed9c t\u00ednh ti\u00eau bi\u1ec3u<\/h3>\n<div class=\"mds-accordion--hover\">\n<div id=\"accordion-content-Chi-ti\u1ebft\" class=\"mds-accordion_content--container\" role=\"region\" aria-labelledby=\"accordion-id-Chi-ti\u1ebft\">\n<div class=\"mds-accordion\">\n<div id=\"accordion-content-Chi-ti\u1ebft\" class=\"mds-accordion_content--container\" role=\"region\" aria-labelledby=\"accordion-id-Chi-ti\u1ebft\">\n<div class=\"\">\n<div class=\"mds-dataTable_container\">\n<div class=\"mds-accordion\">\n<div id=\"accordion-content-Chi-ti\u1ebft\" class=\"mds-accordion_content--container\" role=\"region\" aria-labelledby=\"accordion-id-Chi-ti\u1ebft\">\n<div class=\"\">\n<div class=\"mds-dataTable_container\">\n<div class=\"mds-accordion\">\n<div id=\"accordion-content-Chi-ti\u1ebft\" class=\"mds-accordion_content--container\" role=\"region\" aria-labelledby=\"accordion-id-Chi-ti\u1ebft\">\n<div class=\"\">\n<div class=\"mds-dataTable_container\">\n<div class=\"mds-accordion\">\n<div id=\"accordion-content-K\u00edch-th\u01b0\u1edbc v\u00e0 ph\u00e2n lo\u1ea1i \" class=\"mds-accordion_content--container\" role=\"region\" aria-labelledby=\"accordion-id-K\u00edch-th\u01b0\u1edbc v\u00e0 ph\u00e2n lo\u1ea1i \">\n<div class=\"\">\n<div class=\"mds-dataTable_container\">\n<div class=\"mds-accordion--hover\">\n<div id=\"accordion-content-Chi-ti\u1ebft\" class=\"mds-accordion_content--container\" role=\"region\" aria-labelledby=\"accordion-id-Chi-ti\u1ebft\">\n<div class=\"\">\n<table class=\"mds-dataTable \" role=\"table\">\n<tbody class=\"mds-dataTable_body \" role=\"rowgroup\">\n<tr class=\"mds-dataTable_row mds-font_body tr\" role=\"row\">\n<td class=\"mds-dataTable_cell \" role=\"cell\">\n<p class=\"sps2-pdp_specifications--table_label\">D\u00f2ng s\u1ea3n ph\u1ea9m<\/p>\n<\/td>\n<td class=\"mds-dataTable_cell \" role=\"cell\">\n<p class=\"sps2-pdp_specifications--table_values sps2-pdp_wrap--700\">Advanced\u2122<\/p>\n<\/td>\n<\/tr>\n<tr class=\"mds-dataTable_row mds-font_body tr\" role=\"row\">\n<td class=\"mds-dataTable_cell \" role=\"cell\">\n<p class=\"sps2-pdp_specifications--table_label\">Lo\u1ea1i s\u1ea3n ph\u1ea9m<\/p>\n<\/td>\n<td class=\"mds-dataTable_cell \" role=\"cell\">\n<p class=\"sps2-pdp_specifications--table_values sps2-pdp_wrap--700\">T\u00fai mang v\u00e0 l\u01b0u tr\u1eef thi\u1ebft b\u1ecb<\/p>\n<\/td>\n<\/tr>\n<tr class=\"mds-dataTable_row mds-font_body tr\" role=\"row\">\n<td class=\"mds-dataTable_cell \" role=\"cell\">\n<p class=\"sps2-pdp_specifications--table_label\">M\u00e0u s\u1ea3n ph\u1ea9m<\/p>\n<\/td>\n<td class=\"mds-dataTable_cell \" role=\"cell\">\n<p class=\"sps2-pdp_specifications--table_values sps2-pdp_wrap--700\">\u0110en<\/p>\n<\/td>\n<\/tr>\n<tr class=\"mds-dataTable_row mds-font_body tr\" role=\"row\">\n<td class=\"mds-dataTable_cell \" role=\"cell\">\n<p class=\"sps2-pdp_specifications--table_label\">Ng\u00e0nh c\u00f4ng nghi\u1ec7p \u0111\u01b0\u1ee3c khuy\u1ebfn ngh\u1ecb<\/p>\n<\/td>\n<td class=\"mds-dataTable_cell \" role=\"cell\">\n<p class=\"sps2-pdp_specifications--table_values sps2-pdp_wrap--700\">C\u00f4ng nghi\u1ec7p, D\u1ea7u kh\u00ed, Khai kho\u00e1ng, Ti\u1ec7n \u00edch, V\u1eadn t\u1ea3i, X\u00e2y d\u1ef1ng<\/p>\n<\/td>\n<\/tr>\n<tr class=\"mds-dataTable_row mds-font_body tr\" role=\"row\">\n<td class=\"mds-dataTable_cell \" role=\"cell\">\n<p class=\"sps2-pdp_specifications--table_label\">Nh\u00e3n hi\u1ec7u<\/p>\n<\/td>\n<td class=\"mds-dataTable_cell \" role=\"cell\">\n<p class=\"sps2-pdp_specifications--table_values sps2-pdp_wrap--700\">DBI-SALA\u00ae<\/p>\n<\/td>\n<\/tr>\n<tr class=\"mds-dataTable_row mds-font_body tr\" role=\"row\">\n<td class=\"mds-dataTable_cell \" role=\"cell\">\n<p class=\"sps2-pdp_specifications--table_label\">S\u1ed1 l\u01b0\u1ee3ng tr\u01b0\u1eddng h\u1ee3p<\/p>\n<\/td>\n<td class=\"mds-dataTable_cell \" role=\"cell\">\n<p class=\"sps2-pdp_specifications--table_values sps2-pdp_wrap--700\">1<\/p>\n<\/td>\n<\/tr>\n<tr class=\"mds-dataTable_row mds-font_body tr\" role=\"row\">\n<td class=\"mds-dataTable_cell \" role=\"cell\">\n<p class=\"sps2-pdp_specifications--table_label\">Tr\u1ecdng l\u01b0\u1ee3ng t\u1ecbnh<\/p>\n<\/td>\n<td class=\"mds-dataTable_cell \" role=\"cell\">\n<p class=\"sps2-pdp_specifications--table_values sps2-pdp_wrap--700\">1 kg<\/p>\n<\/td>\n<\/tr>\n<tr class=\"mds-dataTable_row mds-font_body tr\" role=\"row\">\n<td class=\"mds-dataTable_cell \" role=\"cell\">\n<p class=\"sps2-pdp_specifications--table_label\">Weight Capacity (Metric)<\/p>\n<\/td>\n<td class=\"mds-dataTable_cell \" role=\"cell\">\n<p class=\"sps2-pdp_specifications--table_values sps2-pdp_wrap--700\">1 Killogram<\/p>\n<\/td>\n<\/tr>\n<tr class=\"mds-dataTable_row mds-font_body tr\" role=\"row\">\n<td class=\"mds-dataTable_cell \" role=\"cell\">\n<p class=\"sps2-pdp_specifications--table_label\">\u0110\u01b0\u1ee3c trang b\u1ecb ID an to\u00e0n k\u1ebft n\u1ed1i<\/p>\n<\/td>\n<td class=\"mds-dataTable_cell \" role=\"cell\">\n<p class=\"sps2-pdp_specifications--table_values sps2-pdp_wrap--700\">kh\u00f4ng<\/p>\n<\/td>\n<\/tr>\n<tr class=\"mds-dataTable_row mds-font_body tr\" role=\"row\">\n<td class=\"mds-dataTable_cell \" role=\"cell\">\n<p class=\"sps2-pdp_specifications--table_label\">\u0110\u1ec3 s\u1eed d\u1ee5ng v\u1edbi<\/p>\n<\/td>\n<td class=\"mds-dataTable_cell \" role=\"cell\">\n<p class=\"sps2-pdp_specifications--table_values sps2-pdp_wrap--700\">T\u1eddi k\u1ef9 thu\u1eadt s\u1ed1<\/p>\n<\/td>\n<\/tr>\n<\/tbody>\n<\/table>\n<\/div>\n<\/div>\n<\/div>\n<div class=\"mds-accordion\">\n<div id=\"accordion-content-K\u00edch-th\u01b0\u1edbc v\u00e0 ph\u00e2n lo\u1ea1i \" class=\"mds-accordion_content--container\" role=\"region\" aria-labelledby=\"accordion-id-K\u00edch-th\u01b0\u1edbc v\u00e0 ph\u00e2n lo\u1ea1i \">\n<div class=\"\">\n<div class=\"mds-dataTable_container\"><\/div>\n<\/div>\n<\/div>\n<\/div>\n<\/div>\n<\/div>\n<\/div>\n<\/div>\n<\/div>\n<\/div>\n<\/div>\n<\/div>\n<div class=\"mds-accordion\">\n<div class=\"mds-accordion_heading\">\n<p><span style=\"color: #333333; font-size: 20.16px;\">Gi\u1edbi Thi\u1ec7u T\u00fai Chuy\u00ean D\u1ee5ng D\u00f9ng Cho M\u00e1y T\u1eddi 3M\u2122 DBI-SALA\u00ae Advanced\u2122 8517567, 1 C\u00e1i<br \/>\n<\/span><\/p>\n<\/div>\n<\/div>\n<\/div>\n<\/div>\n<\/div>\n<\/div>\n<\/div>\n<\/div>\n<\/div>\n<\/div>\n<\/div>\n<\/div>\n<div class=\"mds-accordion--hover\">\n<div id=\"accordion-content-Chi-ti\u1ebft\" class=\"mds-accordion_content--container\" role=\"region\" aria-labelledby=\"accordion-id-Chi-ti\u1ebft\">\n<div class=\"\">\n<div class=\"mds-dataTable_container\">\n<div class=\"sps2-pdp_section sps2-pdp_details\">\n<div class=\"sps2-pdp_details--white_container\">\n<div class=\"sps2-pdp_details--upper_details\">\n<div class=\"sps2-pdp_section sps2-pdp_details\">\n<div class=\"sps2-pdp_details--white_container\">\n<div class=\"sps2-pdp_details--upper_details\">\n<p class=\"mds-font_paragraph\">T\u00fai Chuy\u00ean D\u1ee5ng D\u00f9ng Cho M\u00e1y T\u1eddi 3M\u2122 DBI-SALA\u00ae Advanced\u2122 8517567 l\u00e0 lo\u1ea1i t\u00fai x\u00e1ch c\u00f3 kh\u00f3a k\u00e9o v\u00e0 tay c\u1ea7m<\/p>\n<\/div>\n<\/div>\n<\/div>\n<\/div>\n<\/div>\n<\/div>\n<p class=\"mds-font_header--6 sps2-pdp_header--name\"><strong>\u0110\u1eb7c \u0110i\u1ec3m N\u1ed5i B\u1eadt:<\/strong><\/p>\n<ul>\n<li class=\"sps2-pdp_details--highlights_item mds-font_paragraph\">T\u00fai x\u00e1ch\/t\u00fai \u0111\u1ef1ng b\u1ed9 t\u1eddi k\u1ef9 thu\u1eadt s\u1ed1 \u1ee9ng d\u1ee5ng trong kh\u00f4ng gian h\u1ea1n ch\u1ebf<\/li>\n<li class=\"sps2-pdp_details--highlights_item mds-font_paragraph\">K\u1ebft c\u1ea5u nylon \u0111\u1ec7m nh\u1eb9 v\u00e0 b\u1ec1n<\/li>\n<li class=\"sps2-pdp_details--highlights_item mds-font_paragraph\">T\u00edch h\u1ee3p tay c\u1ea7m<\/li>\n<li class=\"sps2-pdp_details--highlights_item mds-font_paragraph\">Kh\u00f3a k\u00e9o (zip) l\u00e0 lo\u1ea1i ch\u1ecbu \u00e1p l\u1ef1c v\u1edbi \u0111\u1ed9 b\u1ec1n cao<\/li>\n<\/ul>\n<\/div>\n<\/div>\n<\/div>\n<\/div>\n","protected":false},"excerpt":{"rendered":"<p class=\"mds-margin_large--bottom mds-font_header--5\"><strong>M\u00f4 t\u1ea3 ng\u1eafn<\/strong><\/p>\n<ul class=\"sps2-pdp_details--highlights_list\">\n<li class=\"sps2-pdp_details--highlights_item mds-font_paragraph\">T\u00fai x\u00e1ch\/t\u00fai \u0111\u1ef1ng b\u1ed9 t\u1eddi k\u1ef9 thu\u1eadt s\u1ed1 \u1ee9ng d\u1ee5ng trong kh\u00f4ng gian h\u1ea1n ch\u1ebf<\/li>\n<li class=\"sps2-pdp_details--highlights_item mds-font_paragraph\">K\u1ebft c\u1ea5u nylon \u0111\u1ec7m nh\u1eb9 v\u00e0 b\u1ec1n<\/li>\n<li class=\"sps2-pdp_details--highlights_item mds-font_paragraph\">T\u00edch h\u1ee3p tay c\u1ea7m<\/li>\n<li class=\"sps2-pdp_details--highlights_item mds-font_paragraph\">Kh\u00f3a k\u00e9o (zip) l\u00e0 lo\u1ea1i ch\u1ecbu \u00e1p l\u1ef1c v\u1edbi \u0111\u1ed9 b\u1ec1n cao<\/li>\n<\/ul>\n","protected":false},"featured_media":140407,"comment_status":"open","ping_status":"closed","template":"","meta":[],"product_brand":[],"product_cat":[829,830],"product_tag":[],"class_list":{"0":"post-152723","1":"product","2":"type-product","3":"status-publish","4":"has-post-thumbnail","6":"product_cat-do-bao-ho-roi-nga-3m-en","7":"product_cat-moc-da-nang-en","8":"pa_brand-3m-en","10":"first","11":"instock","12":"shipping-taxable","13":"product-type-simple"},"yoast_head":"<!-- This site is optimized with the Yoast SEO Premium plugin v26.8 (Yoast SEO v26.8) - https:\/\/yoast.com\/product\/yoast-seo-premium-wordpress\/ -->\n<title>T\u00fai Chuy\u00ean D\u1ee5ng D\u00f9ng Cho M\u00e1y T\u1eddi 3M\u2122 DBI-SALA\u00ae Advanced\u2122 8517567 - Techmaster Electronics JSC<\/title>\n<meta name=\"description\" content=\"T\u00fai Chuy\u00ean D\u1ee5ng D\u00f9ng Cho M\u00e1y T\u1eddi 3M\u2122 DBI-SALA\u00ae Advanced\u2122 8517567 c\u00f3 kh\u00f3a k\u00e9o &amp; tay c\u1ea7m, \u0111\u1ef1ng b\u1ed9 t\u1eddi KTS \u1ee9ng d\u1ee5ng trong kh\u00f4ng gian h\u1ea1n ch\u1ebf\" \/>\n<meta name=\"robots\" content=\"index, follow, max-snippet:-1, max-image-preview:large, max-video-preview:-1\" \/>\n<link rel=\"canonical\" href=\"https:\/\/techmaster.com.vn\/en\/tui-chuyen-dung-dung-cho-may-toi-3m-dbi-sala-advanced-8517567\/\" \/>\n<meta property=\"og:locale\" content=\"en_US\" \/>\n<meta property=\"og:type\" content=\"article\" \/>\n<meta property=\"og:title\" content=\"T\u00fai Chuy\u00ean D\u1ee5ng D\u00f9ng Cho M\u00e1y T\u1eddi 3M\u2122 DBI-SALA\u00ae Advanced\u2122 8517567\" \/>\n<meta property=\"og:description\" content=\"T\u00fai Chuy\u00ean D\u1ee5ng D\u00f9ng Cho M\u00e1y T\u1eddi 3M\u2122 DBI-SALA\u00ae Advanced\u2122 8517567 c\u00f3 kh\u00f3a k\u00e9o &amp; tay c\u1ea7m, \u0111\u1ef1ng b\u1ed9 t\u1eddi KTS \u1ee9ng d\u1ee5ng trong kh\u00f4ng gian h\u1ea1n ch\u1ebf\" \/>\n<meta property=\"og:url\" content=\"https:\/\/techmaster.com.vn\/en\/tui-chuyen-dung-dung-cho-may-toi-3m-dbi-sala-advanced-8517567\/\" \/>\n<meta property=\"og:site_name\" content=\"Techmaster Electronics JSC\" \/>\n<meta property=\"article:publisher\" content=\"https:\/\/www.facebook.com\/techmaster.electronics.jsc\" \/>\n<meta property=\"article:modified_time\" content=\"2026-05-11T10:25:53+00:00\" \/>\n<meta property=\"og:image\" content=\"https:\/\/techmaster.com.vn\/wp-content\/uploads\/2024\/09\/padded-carrying-bag_11zon.png\" \/>\n\t<meta property=\"og:image:width\" content=\"236\" \/>\n\t<meta property=\"og:image:height\" content=\"258\" \/>\n\t<meta property=\"og:image:type\" content=\"image\/png\" \/>\n<meta name=\"twitter:card\" content=\"summary_large_image\" \/>\n<meta name=\"twitter:site\" content=\"@techmastervn\" \/>\n<meta name=\"twitter:label1\" content=\"Price\" \/>\n\t<meta name=\"twitter:data1\" content=\"Call for Price\" \/>\n\t<meta name=\"twitter:label2\" content=\"Availability\" \/>\n\t<meta name=\"twitter:data2\" content=\"In stock\" \/>\n<script type=\"application\/ld+json\" class=\"yoast-schema-graph\">{\"@context\":\"https:\/\/schema.org\",\"@graph\":[{\"@type\":\"WebPage\",\"@id\":\"https:\/\/techmaster.com.vn\/en\/tui-chuyen-dung-dung-cho-may-toi-3m-dbi-sala-advanced-8517567\/\",\"url\":\"https:\/\/techmaster.com.vn\/en\/tui-chuyen-dung-dung-cho-may-toi-3m-dbi-sala-advanced-8517567\/\",\"name\":\"T\u00fai Chuy\u00ean D\u1ee5ng D\u00f9ng Cho M\u00e1y T\u1eddi 3M\u2122 DBI-SALA\u00ae Advanced\u2122 8517567 - Techmaster Electronics JSC\",\"isPartOf\":{\"@id\":\"https:\/\/techmaster.com.vn\/en\/#website\"},\"primaryImageOfPage\":{\"@id\":\"https:\/\/techmaster.com.vn\/en\/tui-chuyen-dung-dung-cho-may-toi-3m-dbi-sala-advanced-8517567\/#primaryimage\"},\"image\":{\"@id\":\"https:\/\/techmaster.com.vn\/en\/tui-chuyen-dung-dung-cho-may-toi-3m-dbi-sala-advanced-8517567\/#primaryimage\"},\"thumbnailUrl\":\"https:\/\/techmaster.com.vn\/wp-content\/uploads\/2024\/09\/padded-carrying-bag_11zon.png\",\"datePublished\":\"2024-09-13T04:01:51+00:00\",\"dateModified\":\"2026-05-11T10:25:53+00:00\",\"description\":\"T\u00fai Chuy\u00ean D\u1ee5ng D\u00f9ng Cho M\u00e1y T\u1eddi 3M\u2122 DBI-SALA\u00ae Advanced\u2122 8517567 c\u00f3 kh\u00f3a k\u00e9o & tay c\u1ea7m, \u0111\u1ef1ng b\u1ed9 t\u1eddi KTS \u1ee9ng d\u1ee5ng trong kh\u00f4ng gian h\u1ea1n ch\u1ebf\",\"breadcrumb\":{\"@id\":\"https:\/\/techmaster.com.vn\/en\/tui-chuyen-dung-dung-cho-may-toi-3m-dbi-sala-advanced-8517567\/#breadcrumb\"},\"inLanguage\":\"en-US\",\"potentialAction\":[{\"@type\":\"ReadAction\",\"target\":[\"https:\/\/techmaster.com.vn\/en\/tui-chuyen-dung-dung-cho-may-toi-3m-dbi-sala-advanced-8517567\/\"]}]},{\"@type\":\"ImageObject\",\"inLanguage\":\"en-US\",\"@id\":\"https:\/\/techmaster.com.vn\/en\/tui-chuyen-dung-dung-cho-may-toi-3m-dbi-sala-advanced-8517567\/#primaryimage\",\"url\":\"https:\/\/techmaster.com.vn\/wp-content\/uploads\/2024\/09\/padded-carrying-bag_11zon.png\",\"contentUrl\":\"https:\/\/techmaster.com.vn\/wp-content\/uploads\/2024\/09\/padded-carrying-bag_11zon.png\",\"width\":236,\"height\":258,\"caption\":\"3M\u2122 DBI-SALA\u00ae Advanced\u2122 8517567\"},{\"@type\":\"BreadcrumbList\",\"@id\":\"https:\/\/techmaster.com.vn\/en\/tui-chuyen-dung-dung-cho-may-toi-3m-dbi-sala-advanced-8517567\/#breadcrumb\",\"itemListElement\":[{\"@type\":\"ListItem\",\"position\":1,\"name\":\"Trang ch\u1ee7\",\"item\":\"https:\/\/techmaster.com.vn\/en\/\"},{\"@type\":\"ListItem\",\"position\":2,\"name\":\"Shop\",\"item\":\"https:\/\/techmaster.com.vn\/san-pham\/\"},{\"@type\":\"ListItem\",\"position\":3,\"name\":\"T\u00fai Chuy\u00ean D\u1ee5ng D\u00f9ng Cho M\u00e1y T\u1eddi 3M\u2122 DBI-SALA\u00ae Advanced\u2122 8517567\"}]},{\"@type\":\"WebSite\",\"@id\":\"https:\/\/techmaster.com.vn\/en\/#website\",\"url\":\"https:\/\/techmaster.com.vn\/en\/\",\"name\":\"Techmaster Electronics JSC\",\"description\":\"\",\"publisher\":{\"@id\":\"https:\/\/techmaster.com.vn\/en\/#organization\"},\"potentialAction\":[{\"@type\":\"SearchAction\",\"target\":{\"@type\":\"EntryPoint\",\"urlTemplate\":\"https:\/\/techmaster.com.vn\/en\/?s={search_term_string}\"},\"query-input\":{\"@type\":\"PropertyValueSpecification\",\"valueRequired\":true,\"valueName\":\"search_term_string\"}}],\"inLanguage\":\"en-US\"},{\"@type\":[\"Organization\",\"Place\"],\"@id\":\"https:\/\/techmaster.com.vn\/en\/#organization\",\"name\":\"Techmaster Electronics JSC\",\"url\":\"https:\/\/techmaster.com.vn\/en\/\",\"logo\":{\"@id\":\"https:\/\/techmaster.com.vn\/en\/tui-chuyen-dung-dung-cho-may-toi-3m-dbi-sala-advanced-8517567\/#local-main-organization-logo\"},\"image\":{\"@id\":\"https:\/\/techmaster.com.vn\/en\/tui-chuyen-dung-dung-cho-may-toi-3m-dbi-sala-advanced-8517567\/#local-main-organization-logo\"},\"sameAs\":[\"https:\/\/www.facebook.com\/techmaster.electronics.jsc\",\"https:\/\/x.com\/techmastervn\",\"https:\/\/www.instagram.com\/techmastervietnam\",\"https:\/\/myspace.com\/techmastervietnam\",\"https:\/\/www.youtube.com\/c\/TechmasterElectronicsJSC\",\"https:\/\/www.pinterest.com\/techmasterelectronicsjsc\/\",\"https:\/\/vi.wikipedia.org\/wiki\/Th\u00e0nh_vi\u00ean:Techmastervietnam\",\"https:\/\/twitter.com\/techmastervn\",\"https:\/\/www.linkedin.com\/company\/techmaster-vietnam\/\"],\"telephone\":[],\"contactPoint\":{\"@type\":\"ContactPoint\",\"email\":\"marketing@techmaster.com.vn\"},\"openingHoursSpecification\":[{\"@type\":\"OpeningHoursSpecification\",\"dayOfWeek\":[\"Monday\",\"Tuesday\",\"Wednesday\",\"Thursday\",\"Friday\",\"Saturday\",\"Sunday\"],\"opens\":\"09:00\",\"closes\":\"17:00\"}],\"email\":\"marketing@techmaster.com.vn\",\"areaServed\":\"Vietnam\"},{\"@type\":\"ImageObject\",\"inLanguage\":\"en-US\",\"@id\":\"https:\/\/techmaster.com.vn\/en\/tui-chuyen-dung-dung-cho-may-toi-3m-dbi-sala-advanced-8517567\/#local-main-organization-logo\",\"url\":\"https:\/\/techmaster.com.vn\/wp-content\/uploads\/2021\/04\/techmaster-logo-homepage.png\",\"contentUrl\":\"https:\/\/techmaster.com.vn\/wp-content\/uploads\/2021\/04\/techmaster-logo-homepage.png\",\"width\":335,\"height\":62,\"caption\":\"Techmaster Electronics JSC\"}]}<\/script>\n<meta property=\"product:price:amount\" content=\"0\" \/>\n<meta property=\"product:price:currency\" content=\"VND\" \/>\n<meta property=\"og:availability\" content=\"instock\" \/>\n<meta property=\"product:availability\" content=\"instock\" \/>\n<meta property=\"product:condition\" content=\"new\" \/>\n<!-- \/ Yoast SEO Premium plugin. -->","yoast_head_json":{"title":"T\u00fai Chuy\u00ean D\u1ee5ng D\u00f9ng Cho M\u00e1y T\u1eddi 3M\u2122 DBI-SALA\u00ae Advanced\u2122 8517567 - Techmaster Electronics JSC","description":"T\u00fai Chuy\u00ean D\u1ee5ng D\u00f9ng Cho M\u00e1y T\u1eddi 3M\u2122 DBI-SALA\u00ae Advanced\u2122 8517567 c\u00f3 kh\u00f3a k\u00e9o & tay c\u1ea7m, \u0111\u1ef1ng b\u1ed9 t\u1eddi KTS \u1ee9ng d\u1ee5ng trong kh\u00f4ng gian h\u1ea1n ch\u1ebf","robots":{"index":"index","follow":"follow","max-snippet":"max-snippet:-1","max-image-preview":"max-image-preview:large","max-video-preview":"max-video-preview:-1"},"canonical":"https:\/\/techmaster.com.vn\/en\/tui-chuyen-dung-dung-cho-may-toi-3m-dbi-sala-advanced-8517567\/","og_locale":"en_US","og_type":"article","og_title":"T\u00fai Chuy\u00ean D\u1ee5ng D\u00f9ng Cho M\u00e1y T\u1eddi 3M\u2122 DBI-SALA\u00ae Advanced\u2122 8517567","og_description":"T\u00fai Chuy\u00ean D\u1ee5ng D\u00f9ng Cho M\u00e1y T\u1eddi 3M\u2122 DBI-SALA\u00ae Advanced\u2122 8517567 c\u00f3 kh\u00f3a k\u00e9o & tay c\u1ea7m, \u0111\u1ef1ng b\u1ed9 t\u1eddi KTS \u1ee9ng d\u1ee5ng trong kh\u00f4ng gian h\u1ea1n ch\u1ebf","og_url":"https:\/\/techmaster.com.vn\/en\/tui-chuyen-dung-dung-cho-may-toi-3m-dbi-sala-advanced-8517567\/","og_site_name":"Techmaster Electronics JSC","article_publisher":"https:\/\/www.facebook.com\/techmaster.electronics.jsc","article_modified_time":"2026-05-11T10:25:53+00:00","og_image":[{"width":236,"height":258,"url":"https:\/\/techmaster.com.vn\/wp-content\/uploads\/2024\/09\/padded-carrying-bag_11zon.png","type":"image\/png"}],"twitter_card":"summary_large_image","twitter_site":"@techmastervn","twitter_misc":{"Price":"Call for Price","Availability":"In stock"},"schema":{"@context":"https:\/\/schema.org","@graph":[{"@type":"WebPage","@id":"https:\/\/techmaster.com.vn\/en\/tui-chuyen-dung-dung-cho-may-toi-3m-dbi-sala-advanced-8517567\/","url":"https:\/\/techmaster.com.vn\/en\/tui-chuyen-dung-dung-cho-may-toi-3m-dbi-sala-advanced-8517567\/","name":"T\u00fai Chuy\u00ean D\u1ee5ng D\u00f9ng Cho M\u00e1y T\u1eddi 3M\u2122 DBI-SALA\u00ae Advanced\u2122 8517567 - Techmaster Electronics JSC","isPartOf":{"@id":"https:\/\/techmaster.com.vn\/en\/#website"},"primaryImageOfPage":{"@id":"https:\/\/techmaster.com.vn\/en\/tui-chuyen-dung-dung-cho-may-toi-3m-dbi-sala-advanced-8517567\/#primaryimage"},"image":{"@id":"https:\/\/techmaster.com.vn\/en\/tui-chuyen-dung-dung-cho-may-toi-3m-dbi-sala-advanced-8517567\/#primaryimage"},"thumbnailUrl":"https:\/\/techmaster.com.vn\/wp-content\/uploads\/2024\/09\/padded-carrying-bag_11zon.png","datePublished":"2024-09-13T04:01:51+00:00","dateModified":"2026-05-11T10:25:53+00:00","description":"T\u00fai Chuy\u00ean D\u1ee5ng D\u00f9ng Cho M\u00e1y T\u1eddi 3M\u2122 DBI-SALA\u00ae Advanced\u2122 8517567 c\u00f3 kh\u00f3a k\u00e9o & tay c\u1ea7m, \u0111\u1ef1ng b\u1ed9 t\u1eddi KTS \u1ee9ng d\u1ee5ng trong kh\u00f4ng gian h\u1ea1n ch\u1ebf","breadcrumb":{"@id":"https:\/\/techmaster.com.vn\/en\/tui-chuyen-dung-dung-cho-may-toi-3m-dbi-sala-advanced-8517567\/#breadcrumb"},"inLanguage":"en-US","potentialAction":[{"@type":"ReadAction","target":["https:\/\/techmaster.com.vn\/en\/tui-chuyen-dung-dung-cho-may-toi-3m-dbi-sala-advanced-8517567\/"]}]},{"@type":"ImageObject","inLanguage":"en-US","@id":"https:\/\/techmaster.com.vn\/en\/tui-chuyen-dung-dung-cho-may-toi-3m-dbi-sala-advanced-8517567\/#primaryimage","url":"https:\/\/techmaster.com.vn\/wp-content\/uploads\/2024\/09\/padded-carrying-bag_11zon.png","contentUrl":"https:\/\/techmaster.com.vn\/wp-content\/uploads\/2024\/09\/padded-carrying-bag_11zon.png","width":236,"height":258,"caption":"3M\u2122 DBI-SALA\u00ae Advanced\u2122 8517567"},{"@type":"BreadcrumbList","@id":"https:\/\/techmaster.com.vn\/en\/tui-chuyen-dung-dung-cho-may-toi-3m-dbi-sala-advanced-8517567\/#breadcrumb","itemListElement":[{"@type":"ListItem","position":1,"name":"Trang ch\u1ee7","item":"https:\/\/techmaster.com.vn\/en\/"},{"@type":"ListItem","position":2,"name":"Shop","item":"https:\/\/techmaster.com.vn\/san-pham\/"},{"@type":"ListItem","position":3,"name":"T\u00fai Chuy\u00ean D\u1ee5ng D\u00f9ng Cho M\u00e1y T\u1eddi 3M\u2122 DBI-SALA\u00ae Advanced\u2122 8517567"}]},{"@type":"WebSite","@id":"https:\/\/techmaster.com.vn\/en\/#website","url":"https:\/\/techmaster.com.vn\/en\/","name":"Techmaster Electronics JSC","description":"","publisher":{"@id":"https:\/\/techmaster.com.vn\/en\/#organization"},"potentialAction":[{"@type":"SearchAction","target":{"@type":"EntryPoint","urlTemplate":"https:\/\/techmaster.com.vn\/en\/?s={search_term_string}"},"query-input":{"@type":"PropertyValueSpecification","valueRequired":true,"valueName":"search_term_string"}}],"inLanguage":"en-US"},{"@type":["Organization","Place"],"@id":"https:\/\/techmaster.com.vn\/en\/#organization","name":"Techmaster Electronics JSC","url":"https:\/\/techmaster.com.vn\/en\/","logo":{"@id":"https:\/\/techmaster.com.vn\/en\/tui-chuyen-dung-dung-cho-may-toi-3m-dbi-sala-advanced-8517567\/#local-main-organization-logo"},"image":{"@id":"https:\/\/techmaster.com.vn\/en\/tui-chuyen-dung-dung-cho-may-toi-3m-dbi-sala-advanced-8517567\/#local-main-organization-logo"},"sameAs":["https:\/\/www.facebook.com\/techmaster.electronics.jsc","https:\/\/x.com\/techmastervn","https:\/\/www.instagram.com\/techmastervietnam","https:\/\/myspace.com\/techmastervietnam","https:\/\/www.youtube.com\/c\/TechmasterElectronicsJSC","https:\/\/www.pinterest.com\/techmasterelectronicsjsc\/","https:\/\/vi.wikipedia.org\/wiki\/Th\u00e0nh_vi\u00ean:Techmastervietnam","https:\/\/twitter.com\/techmastervn","https:\/\/www.linkedin.com\/company\/techmaster-vietnam\/"],"telephone":[],"contactPoint":{"@type":"ContactPoint","email":"marketing@techmaster.com.vn"},"openingHoursSpecification":[{"@type":"OpeningHoursSpecification","dayOfWeek":["Monday","Tuesday","Wednesday","Thursday","Friday","Saturday","Sunday"],"opens":"09:00","closes":"17:00"}],"email":"marketing@techmaster.com.vn","areaServed":"Vietnam"},{"@type":"ImageObject","inLanguage":"en-US","@id":"https:\/\/techmaster.com.vn\/en\/tui-chuyen-dung-dung-cho-may-toi-3m-dbi-sala-advanced-8517567\/#local-main-organization-logo","url":"https:\/\/techmaster.com.vn\/wp-content\/uploads\/2021\/04\/techmaster-logo-homepage.png","contentUrl":"https:\/\/techmaster.com.vn\/wp-content\/uploads\/2021\/04\/techmaster-logo-homepage.png","width":335,"height":62,"caption":"Techmaster Electronics JSC"}]},"product_price_currency":"VND","og_availability":"instock","product_availability":"instock","product_condition":"new"},"_links":{"self":[{"href":"https:\/\/techmaster.com.vn\/en\/wp-json\/wp\/v2\/product\/152723","targetHints":{"allow":["GET"]}}],"collection":[{"href":"https:\/\/techmaster.com.vn\/en\/wp-json\/wp\/v2\/product"}],"about":[{"href":"https:\/\/techmaster.com.vn\/en\/wp-json\/wp\/v2\/types\/product"}],"replies":[{"embeddable":true,"href":"https:\/\/techmaster.com.vn\/en\/wp-json\/wp\/v2\/comments?post=152723"}],"wp:featuredmedia":[{"embeddable":true,"href":"https:\/\/techmaster.com.vn\/en\/wp-json\/wp\/v2\/media\/140407"}],"wp:attachment":[{"href":"https:\/\/techmaster.com.vn\/en\/wp-json\/wp\/v2\/media?parent=152723"}],"wp:term":[{"taxonomy":"product_brand","embeddable":true,"href":"https:\/\/techmaster.com.vn\/en\/wp-json\/wp\/v2\/product_brand?post=152723"},{"taxonomy":"product_cat","embeddable":true,"href":"https:\/\/techmaster.com.vn\/en\/wp-json\/wp\/v2\/product_cat?post=152723"},{"taxonomy":"product_tag","embeddable":true,"href":"https:\/\/techmaster.com.vn\/en\/wp-json\/wp\/v2\/product_tag?post=152723"}],"curies":[{"name":"wp","href":"https:\/\/api.w.org\/{rel}","templated":true}]}}