{"id":15253,"date":"2020-12-02T13:53:54","date_gmt":"2020-12-02T06:53:54","guid":{"rendered":"https:\/\/techmaster.com.vn\/den-led-roi-diem-milwaukee-m12-sled-0\/"},"modified":"2022-04-29T10:33:33","modified_gmt":"2022-04-29T03:33:33","slug":"milwaukee-m12-sled-0-led-spot-light","status":"publish","type":"product","link":"https:\/\/techmaster.com.vn\/en\/milwaukee-m12-sled-0-led-spot-light\/","title":{"rendered":"MILWAUKEE M12 SLED-0 LED SPOT LIGHT"},"content":{"rendered":"<p><b>SPECIFICATIONS MILWAUKEE M12 SLED-0 LED SPOT LIGHT<\/b><\/p>\n<table class=\"table\">\n<tbody>\n<tr style=\"height: 21.7812px;\">\n<td style=\"height: 21.7812px;\" scope=\"col\">Lumens:<\/td>\n<td style=\"height: 21.7812px;\" scope=\"col\">750 \/ 400 \/ 750<\/td>\n<\/tr>\n<tr style=\"height: 21px;\">\n<td style=\"height: 21px;\" scope=\"col\">Runtime:<\/td>\n<td style=\"height: 21px;\" scope=\"col\">4 \/ 8 \/ 8 (B4)<\/td>\n<\/tr>\n<tr style=\"height: 21px;\">\n<td style=\"height: 21px;\" scope=\"col\">Beam pattern:<\/td>\n<td style=\"height: 21px;\" scope=\"col\">Spot \/ Strobe<\/td>\n<\/tr>\n<tr style=\"height: 21px;\">\n<td style=\"height: 21px;\" scope=\"col\">Beam distance (m):<\/td>\n<td style=\"height: 21px;\" scope=\"col\">640<\/td>\n<\/tr>\n<tr style=\"height: 21px;\">\n<td style=\"height: 21px;\" scope=\"col\">No. of modes:<\/td>\n<td style=\"height: 21px;\" scope=\"col\">High \/ Low \/ Strobe<\/td>\n<\/tr>\n<tr style=\"height: 21px;\">\n<td style=\"height: 21px;\" scope=\"col\">IP rating:<\/td>\n<td style=\"height: 21px;\" scope=\"col\">IP54<\/td>\n<\/tr>\n<tr style=\"height: 21px;\">\n<td style=\"height: 21px;\" scope=\"col\">Battery platform:<\/td>\n<td style=\"height: 21px;\" scope=\"col\">REDLITHIUM\u2122-ION USB<\/td>\n<\/tr>\n<tr style=\"height: 21px;\">\n<td style=\"height: 21px;\" scope=\"col\">Voltage (V):<\/td>\n<td style=\"height: 21px;\" scope=\"col\">12<\/td>\n<\/tr>\n<\/tbody>\n<\/table>\n<h2><strong>Introduction <b>Milwaukee M12 SLED-0<\/b><\/strong><\/h2>\n<p style=\"text-align: justify;\">Our M12\u2122 Spot Light (Milwaukee M12 SLED-0) delivers up to 750 lumens of TRUEVIEW\u2122 High Definition Output, making it the most portable, high-performing spotlight in the market. This hand-held spotlight features high and low output modes for versatile beam distance control and added clarity in closer situations. The LED light features a beam distance of 700 Yards, allowing you to spot objects and areas from long distances. We\u2019ve added a strobe mode for use in safety situations and the spotlight is impact and water-resistant to survive professional use. We back our rechargeable LED spotlight with a Limited Lifetime Warranty and the LEDs never need to be replaced.<\/p>\n<p style=\"text-align: center;\"><a href=\"https:\/\/techmaster.com.vn\/wp-content\/uploads\/2020\/12\/den-led-roi-diem-milwaukee-m12-sled-0-5.jpg\"><img loading=\"lazy\" decoding=\"async\" class=\"alignnone wp-image-10447 size-full\" src=\"https:\/\/techmaster.com.vn\/wp-content\/uploads\/2020\/12\/den-led-roi-diem-milwaukee-m12-sled-0-5.jpg\" alt=\"Milwaukee M12 SLED-0 (8)\" width=\"772\" height=\"346\" \/><\/a><\/p>\n<div>\n<h2><strong>FEATURES<\/strong><\/h2>\n<div id=\"p_lt_ctl01_pageplaceholder_p_lt_ctl01_MilwaukeeProductFeatures_pnlFeatues\" class=\"product__description js-description-mask is-active\">\n<div class=\"product__description-content js-product-content\">\n<p>&#8211; TRUEVIEW\u2122 high definition lighting<\/p>\n<p>&#8211; Up to 35% longer beam distance than competition &#8211; 650 m intense and highly focused beam of light with 750 Lumens<\/p>\n<p>&#8211; Especially useful for long range identification &#8211; utility pole\/high voltage cable inspection, inspection of long runs of conduit, cast or copper pipe, under ground work, bridge work<\/p>\n<p>&#8211; Metal housing and impact resistant polycarbonate lens with gasketed rubber cap which protects from moisture for harsh jobsite conditions<\/p>\n<p>&#8211; The reflector produces narrow centre beam with wide peripheral beam<\/p>\n<p>&#8211; Ergonomic grip with rubber overmold &#8211; enhances user comfort and grip during use<\/p>\n<p>&#8211; 45\u00b0 rubber overmold stand for aiming beam upward during prolonged use when the light is equipped with a compact battery pack<\/p>\n<p>&#8211; Up to 8 hours of runtime with an M12\u2122 REDLITHIUM\u2122 4.0 Ah battery pack<\/p>\n<p>&#8211; Dual function trigger allows momentary or lock-on use<\/p>\n<p>&#8211; Battery fuel gauge displays battery status<\/p>\n<p>&#8211; Hand wrist lanyard to keep the light safe and handy<\/p>\n<p>&#8211; Flexible battery system: works with all MILWAUKEE\u00ae M12\u2122 batteries<\/p>\n<\/div>\n<\/div>\n<h2><strong>Milwaukee Brand<\/strong><\/h2>\n<\/div>\n<div>Since the company began in 1924, Milwaukee Tool has led the industry in developing innovative solutions that deliver increased productivity and unmatched durability for professional construction users. Whether it is through our world-leading M12\u2122 and M18\u2122 cordless systems, the ground-breaking performance of our M12 and M18 FUEL\u2122 products, jobsite lighting, time-saving accessories, or innovative hand tool and storage products, Milwaukee are dedicated to delivering a continuous flow of advanced, trade-specific solutions. Milwaukee Tool is not simply a manufacturer \u2013 Milwaukee are progressive problem solvers.<\/div>\n<p>&nbsp;<\/p>\n","protected":false},"excerpt":{"rendered":"<h2><strong>FEATURES<\/strong><\/h2>\n<div id=\"p_lt_ctl01_pageplaceholder_p_lt_ctl01_MilwaukeeProductFeatures_pnlFeatues\" class=\"product__description js-description-mask is-active\">\n<div class=\"product__description-content js-product-content\">\n<p>&#8211; TRUEVIEW\u2122 high definition lighting<\/p>\n<p>&#8211; Up to 35% longer beam distance than competition &#8211; 650 m intense and highly focused beam of light with 750 Lumens<\/p>\n<p>&#8211; Especially useful for long range identification &#8211; utility pole\/high voltage cable inspection, inspection of long runs of conduit, cast or copper pipe, under ground work, bridge work<\/p>\n<p>&#8211; Metal housing and impact resistant polycarbonate lens with gasketed rubber cap which protects from moisture for harsh jobsite conditions<\/p>\n<p>&#8211; The reflector produces narrow centre beam with wide peripheral beam<\/p>\n<\/div>\n<\/div>\n","protected":false},"featured_media":2430,"comment_status":"open","ping_status":"closed","template":"","meta":[],"product_brand":[],"product_cat":[161,372,280],"product_tag":[],"class_list":{"0":"post-15253","1":"product","2":"type-product","3":"status-publish","4":"has-post-thumbnail","6":"product_cat-hand-tools","7":"product_cat-m12-en","8":"product_cat-lighting","9":"pa_brand-milwaukee-en","11":"first","12":"instock","13":"shipping-taxable","14":"product-type-simple"},"yoast_head":"<!-- This site is optimized with the Yoast SEO Premium plugin v26.8 (Yoast SEO v26.8) - https:\/\/yoast.com\/product\/yoast-seo-premium-wordpress\/ -->\n<title>MILWAUKEE M12 SLED-0 LED SPOT LIGHT - Techmaster Electronics JSC<\/title>\n<meta name=\"description\" content=\"\u0110\u00e8n LED r\u1ecdi \u0111i\u1ec3m Milwaukee M12 SLED-0 - d\u00f2ng \u0111\u00e8n led r\u1ecdi \u0111i\u1ec3m chuy\u00ean d\u1ee5ng, nh\u1ecf g\u1ecdn \u0111\u1ebfn t\u1eeb th\u01b0\u01a1ng hi\u1ec7u d\u1ee5ng c\u1ee5 c\u1ea7m tay h\u00e0ng \u0111\u1ea7u Milwaukee - USA.\" \/>\n<meta name=\"robots\" content=\"index, follow, max-snippet:-1, max-image-preview:large, max-video-preview:-1\" \/>\n<link rel=\"canonical\" href=\"https:\/\/techmaster.com.vn\/en\/milwaukee-m12-sled-0-led-spot-light\/\" \/>\n<meta property=\"og:locale\" content=\"en_US\" \/>\n<meta property=\"og:type\" content=\"article\" \/>\n<meta property=\"og:title\" content=\"MILWAUKEE M12 SLED-0 LED SPOT LIGHT\" \/>\n<meta property=\"og:description\" content=\"\u0110\u00e8n LED r\u1ecdi \u0111i\u1ec3m Milwaukee M12 SLED-0 - d\u00f2ng \u0111\u00e8n led r\u1ecdi \u0111i\u1ec3m chuy\u00ean d\u1ee5ng, nh\u1ecf g\u1ecdn \u0111\u1ebfn t\u1eeb th\u01b0\u01a1ng hi\u1ec7u d\u1ee5ng c\u1ee5 c\u1ea7m tay h\u00e0ng \u0111\u1ea7u Milwaukee - USA.\" \/>\n<meta property=\"og:url\" content=\"https:\/\/techmaster.com.vn\/en\/milwaukee-m12-sled-0-led-spot-light\/\" \/>\n<meta property=\"og:site_name\" content=\"Techmaster Electronics JSC\" \/>\n<meta property=\"article:publisher\" content=\"https:\/\/www.facebook.com\/techmaster.electronics.jsc\" \/>\n<meta property=\"article:modified_time\" content=\"2022-04-29T03:33:33+00:00\" \/>\n<meta property=\"og:image\" content=\"https:\/\/techmaster.com.vn\/wp-content\/uploads\/2020\/12\/den-led-roi-diem-milwaukee-m12-sled-0-7.jpg\" \/>\n<meta name=\"twitter:card\" content=\"summary_large_image\" \/>\n<meta name=\"twitter:site\" content=\"@techmastervn\" \/>\n<meta name=\"twitter:label1\" content=\"Price\" \/>\n\t<meta name=\"twitter:data1\" content=\"Call for Price\" \/>\n\t<meta name=\"twitter:label2\" content=\"Availability\" \/>\n\t<meta name=\"twitter:data2\" content=\"In stock\" \/>\n<script type=\"application\/ld+json\" class=\"yoast-schema-graph\">{\"@context\":\"https:\/\/schema.org\",\"@graph\":[{\"@type\":\"WebPage\",\"@id\":\"https:\/\/techmaster.com.vn\/en\/milwaukee-m12-sled-0-led-spot-light\/\",\"url\":\"https:\/\/techmaster.com.vn\/en\/milwaukee-m12-sled-0-led-spot-light\/\",\"name\":\"MILWAUKEE M12 SLED-0 LED SPOT LIGHT - Techmaster Electronics JSC\",\"isPartOf\":{\"@id\":\"https:\/\/techmaster.com.vn\/en\/#website\"},\"primaryImageOfPage\":{\"@id\":\"https:\/\/techmaster.com.vn\/en\/milwaukee-m12-sled-0-led-spot-light\/#primaryimage\"},\"image\":{\"@id\":\"https:\/\/techmaster.com.vn\/en\/milwaukee-m12-sled-0-led-spot-light\/#primaryimage\"},\"thumbnailUrl\":\"https:\/\/techmaster.com.vn\/wp-content\/uploads\/2020\/12\/den-led-roi-diem-milwaukee-m12-sled-0.jpg\",\"datePublished\":\"2020-12-02T06:53:54+00:00\",\"dateModified\":\"2022-04-29T03:33:33+00:00\",\"description\":\"\u0110\u00e8n LED r\u1ecdi \u0111i\u1ec3m Milwaukee M12 SLED-0 - d\u00f2ng \u0111\u00e8n led r\u1ecdi \u0111i\u1ec3m chuy\u00ean d\u1ee5ng, nh\u1ecf g\u1ecdn \u0111\u1ebfn t\u1eeb th\u01b0\u01a1ng hi\u1ec7u d\u1ee5ng c\u1ee5 c\u1ea7m tay h\u00e0ng \u0111\u1ea7u Milwaukee - USA.\",\"breadcrumb\":{\"@id\":\"https:\/\/techmaster.com.vn\/en\/milwaukee-m12-sled-0-led-spot-light\/#breadcrumb\"},\"inLanguage\":\"en-US\",\"potentialAction\":[{\"@type\":\"ReadAction\",\"target\":[\"https:\/\/techmaster.com.vn\/en\/milwaukee-m12-sled-0-led-spot-light\/\"]}]},{\"@type\":\"ImageObject\",\"inLanguage\":\"en-US\",\"@id\":\"https:\/\/techmaster.com.vn\/en\/milwaukee-m12-sled-0-led-spot-light\/#primaryimage\",\"url\":\"https:\/\/techmaster.com.vn\/wp-content\/uploads\/2020\/12\/den-led-roi-diem-milwaukee-m12-sled-0.jpg\",\"contentUrl\":\"https:\/\/techmaster.com.vn\/wp-content\/uploads\/2020\/12\/den-led-roi-diem-milwaukee-m12-sled-0.jpg\",\"width\":450,\"height\":450,\"caption\":\"\u0110\u00e8n LED r\u1ecdi \u0111i\u1ec3m Milwaukee M12 SLED-0\"},{\"@type\":\"BreadcrumbList\",\"@id\":\"https:\/\/techmaster.com.vn\/en\/milwaukee-m12-sled-0-led-spot-light\/#breadcrumb\",\"itemListElement\":[{\"@type\":\"ListItem\",\"position\":1,\"name\":\"Trang ch\u1ee7\",\"item\":\"https:\/\/techmaster.com.vn\/en\/\"},{\"@type\":\"ListItem\",\"position\":2,\"name\":\"Shop\",\"item\":\"https:\/\/techmaster.com.vn\/san-pham\/\"},{\"@type\":\"ListItem\",\"position\":3,\"name\":\"MILWAUKEE M12 SLED-0 LED SPOT LIGHT\"}]},{\"@type\":\"WebSite\",\"@id\":\"https:\/\/techmaster.com.vn\/en\/#website\",\"url\":\"https:\/\/techmaster.com.vn\/en\/\",\"name\":\"Techmaster Electronics JSC\",\"description\":\"\",\"publisher\":{\"@id\":\"https:\/\/techmaster.com.vn\/en\/#organization\"},\"potentialAction\":[{\"@type\":\"SearchAction\",\"target\":{\"@type\":\"EntryPoint\",\"urlTemplate\":\"https:\/\/techmaster.com.vn\/en\/?s={search_term_string}\"},\"query-input\":{\"@type\":\"PropertyValueSpecification\",\"valueRequired\":true,\"valueName\":\"search_term_string\"}}],\"inLanguage\":\"en-US\"},{\"@type\":[\"Organization\",\"Place\"],\"@id\":\"https:\/\/techmaster.com.vn\/en\/#organization\",\"name\":\"Techmaster Electronics JSC\",\"url\":\"https:\/\/techmaster.com.vn\/en\/\",\"logo\":{\"@id\":\"https:\/\/techmaster.com.vn\/en\/milwaukee-m12-sled-0-led-spot-light\/#local-main-organization-logo\"},\"image\":{\"@id\":\"https:\/\/techmaster.com.vn\/en\/milwaukee-m12-sled-0-led-spot-light\/#local-main-organization-logo\"},\"sameAs\":[\"https:\/\/www.facebook.com\/techmaster.electronics.jsc\",\"https:\/\/x.com\/techmastervn\",\"https:\/\/www.instagram.com\/techmastervietnam\",\"https:\/\/myspace.com\/techmastervietnam\",\"https:\/\/www.youtube.com\/c\/TechmasterElectronicsJSC\",\"https:\/\/www.pinterest.com\/techmasterelectronicsjsc\/\",\"https:\/\/vi.wikipedia.org\/wiki\/Th\u00e0nh_vi\u00ean:Techmastervietnam\",\"https:\/\/twitter.com\/techmastervn\",\"https:\/\/www.linkedin.com\/company\/techmaster-vietnam\/\"],\"telephone\":[],\"contactPoint\":{\"@type\":\"ContactPoint\",\"email\":\"marketing@techmaster.com.vn\"},\"openingHoursSpecification\":[{\"@type\":\"OpeningHoursSpecification\",\"dayOfWeek\":[\"Monday\",\"Tuesday\",\"Wednesday\",\"Thursday\",\"Friday\",\"Saturday\",\"Sunday\"],\"opens\":\"09:00\",\"closes\":\"17:00\"}],\"email\":\"marketing@techmaster.com.vn\",\"areaServed\":\"Vietnam\"},{\"@type\":\"ImageObject\",\"inLanguage\":\"en-US\",\"@id\":\"https:\/\/techmaster.com.vn\/en\/milwaukee-m12-sled-0-led-spot-light\/#local-main-organization-logo\",\"url\":\"https:\/\/techmaster.com.vn\/wp-content\/uploads\/2021\/04\/techmaster-logo-homepage.png\",\"contentUrl\":\"https:\/\/techmaster.com.vn\/wp-content\/uploads\/2021\/04\/techmaster-logo-homepage.png\",\"width\":335,\"height\":62,\"caption\":\"Techmaster Electronics JSC\"}]}<\/script>\n<meta property=\"product:price:amount\" content=\"0\" \/>\n<meta property=\"product:price:currency\" content=\"VND\" \/>\n<meta property=\"og:availability\" content=\"instock\" \/>\n<meta property=\"product:availability\" content=\"instock\" \/>\n<meta property=\"product:condition\" content=\"new\" \/>\n<!-- \/ Yoast SEO Premium plugin. -->","yoast_head_json":{"title":"MILWAUKEE M12 SLED-0 LED SPOT LIGHT - Techmaster Electronics JSC","description":"\u0110\u00e8n LED r\u1ecdi \u0111i\u1ec3m Milwaukee M12 SLED-0 - d\u00f2ng \u0111\u00e8n led r\u1ecdi \u0111i\u1ec3m chuy\u00ean d\u1ee5ng, nh\u1ecf g\u1ecdn \u0111\u1ebfn t\u1eeb th\u01b0\u01a1ng hi\u1ec7u d\u1ee5ng c\u1ee5 c\u1ea7m tay h\u00e0ng \u0111\u1ea7u Milwaukee - USA.","robots":{"index":"index","follow":"follow","max-snippet":"max-snippet:-1","max-image-preview":"max-image-preview:large","max-video-preview":"max-video-preview:-1"},"canonical":"https:\/\/techmaster.com.vn\/en\/milwaukee-m12-sled-0-led-spot-light\/","og_locale":"en_US","og_type":"article","og_title":"MILWAUKEE M12 SLED-0 LED SPOT LIGHT","og_description":"\u0110\u00e8n LED r\u1ecdi \u0111i\u1ec3m Milwaukee M12 SLED-0 - d\u00f2ng \u0111\u00e8n led r\u1ecdi \u0111i\u1ec3m chuy\u00ean d\u1ee5ng, nh\u1ecf g\u1ecdn \u0111\u1ebfn t\u1eeb th\u01b0\u01a1ng hi\u1ec7u d\u1ee5ng c\u1ee5 c\u1ea7m tay h\u00e0ng \u0111\u1ea7u Milwaukee - USA.","og_url":"https:\/\/techmaster.com.vn\/en\/milwaukee-m12-sled-0-led-spot-light\/","og_site_name":"Techmaster Electronics JSC","article_publisher":"https:\/\/www.facebook.com\/techmaster.electronics.jsc","article_modified_time":"2022-04-29T03:33:33+00:00","og_image":[{"url":"https:\/\/techmaster.com.vn\/wp-content\/uploads\/2020\/12\/den-led-roi-diem-milwaukee-m12-sled-0-7.jpg","type":"","width":"","height":""}],"twitter_card":"summary_large_image","twitter_site":"@techmastervn","twitter_misc":{"Price":"Call for Price","Availability":"In stock"},"schema":{"@context":"https:\/\/schema.org","@graph":[{"@type":"WebPage","@id":"https:\/\/techmaster.com.vn\/en\/milwaukee-m12-sled-0-led-spot-light\/","url":"https:\/\/techmaster.com.vn\/en\/milwaukee-m12-sled-0-led-spot-light\/","name":"MILWAUKEE M12 SLED-0 LED SPOT LIGHT - Techmaster Electronics JSC","isPartOf":{"@id":"https:\/\/techmaster.com.vn\/en\/#website"},"primaryImageOfPage":{"@id":"https:\/\/techmaster.com.vn\/en\/milwaukee-m12-sled-0-led-spot-light\/#primaryimage"},"image":{"@id":"https:\/\/techmaster.com.vn\/en\/milwaukee-m12-sled-0-led-spot-light\/#primaryimage"},"thumbnailUrl":"https:\/\/techmaster.com.vn\/wp-content\/uploads\/2020\/12\/den-led-roi-diem-milwaukee-m12-sled-0.jpg","datePublished":"2020-12-02T06:53:54+00:00","dateModified":"2022-04-29T03:33:33+00:00","description":"\u0110\u00e8n LED r\u1ecdi \u0111i\u1ec3m Milwaukee M12 SLED-0 - d\u00f2ng \u0111\u00e8n led r\u1ecdi \u0111i\u1ec3m chuy\u00ean d\u1ee5ng, nh\u1ecf g\u1ecdn \u0111\u1ebfn t\u1eeb th\u01b0\u01a1ng hi\u1ec7u d\u1ee5ng c\u1ee5 c\u1ea7m tay h\u00e0ng \u0111\u1ea7u Milwaukee - USA.","breadcrumb":{"@id":"https:\/\/techmaster.com.vn\/en\/milwaukee-m12-sled-0-led-spot-light\/#breadcrumb"},"inLanguage":"en-US","potentialAction":[{"@type":"ReadAction","target":["https:\/\/techmaster.com.vn\/en\/milwaukee-m12-sled-0-led-spot-light\/"]}]},{"@type":"ImageObject","inLanguage":"en-US","@id":"https:\/\/techmaster.com.vn\/en\/milwaukee-m12-sled-0-led-spot-light\/#primaryimage","url":"https:\/\/techmaster.com.vn\/wp-content\/uploads\/2020\/12\/den-led-roi-diem-milwaukee-m12-sled-0.jpg","contentUrl":"https:\/\/techmaster.com.vn\/wp-content\/uploads\/2020\/12\/den-led-roi-diem-milwaukee-m12-sled-0.jpg","width":450,"height":450,"caption":"\u0110\u00e8n LED r\u1ecdi \u0111i\u1ec3m Milwaukee M12 SLED-0"},{"@type":"BreadcrumbList","@id":"https:\/\/techmaster.com.vn\/en\/milwaukee-m12-sled-0-led-spot-light\/#breadcrumb","itemListElement":[{"@type":"ListItem","position":1,"name":"Trang ch\u1ee7","item":"https:\/\/techmaster.com.vn\/en\/"},{"@type":"ListItem","position":2,"name":"Shop","item":"https:\/\/techmaster.com.vn\/san-pham\/"},{"@type":"ListItem","position":3,"name":"MILWAUKEE M12 SLED-0 LED SPOT LIGHT"}]},{"@type":"WebSite","@id":"https:\/\/techmaster.com.vn\/en\/#website","url":"https:\/\/techmaster.com.vn\/en\/","name":"Techmaster Electronics JSC","description":"","publisher":{"@id":"https:\/\/techmaster.com.vn\/en\/#organization"},"potentialAction":[{"@type":"SearchAction","target":{"@type":"EntryPoint","urlTemplate":"https:\/\/techmaster.com.vn\/en\/?s={search_term_string}"},"query-input":{"@type":"PropertyValueSpecification","valueRequired":true,"valueName":"search_term_string"}}],"inLanguage":"en-US"},{"@type":["Organization","Place"],"@id":"https:\/\/techmaster.com.vn\/en\/#organization","name":"Techmaster Electronics JSC","url":"https:\/\/techmaster.com.vn\/en\/","logo":{"@id":"https:\/\/techmaster.com.vn\/en\/milwaukee-m12-sled-0-led-spot-light\/#local-main-organization-logo"},"image":{"@id":"https:\/\/techmaster.com.vn\/en\/milwaukee-m12-sled-0-led-spot-light\/#local-main-organization-logo"},"sameAs":["https:\/\/www.facebook.com\/techmaster.electronics.jsc","https:\/\/x.com\/techmastervn","https:\/\/www.instagram.com\/techmastervietnam","https:\/\/myspace.com\/techmastervietnam","https:\/\/www.youtube.com\/c\/TechmasterElectronicsJSC","https:\/\/www.pinterest.com\/techmasterelectronicsjsc\/","https:\/\/vi.wikipedia.org\/wiki\/Th\u00e0nh_vi\u00ean:Techmastervietnam","https:\/\/twitter.com\/techmastervn","https:\/\/www.linkedin.com\/company\/techmaster-vietnam\/"],"telephone":[],"contactPoint":{"@type":"ContactPoint","email":"marketing@techmaster.com.vn"},"openingHoursSpecification":[{"@type":"OpeningHoursSpecification","dayOfWeek":["Monday","Tuesday","Wednesday","Thursday","Friday","Saturday","Sunday"],"opens":"09:00","closes":"17:00"}],"email":"marketing@techmaster.com.vn","areaServed":"Vietnam"},{"@type":"ImageObject","inLanguage":"en-US","@id":"https:\/\/techmaster.com.vn\/en\/milwaukee-m12-sled-0-led-spot-light\/#local-main-organization-logo","url":"https:\/\/techmaster.com.vn\/wp-content\/uploads\/2021\/04\/techmaster-logo-homepage.png","contentUrl":"https:\/\/techmaster.com.vn\/wp-content\/uploads\/2021\/04\/techmaster-logo-homepage.png","width":335,"height":62,"caption":"Techmaster Electronics JSC"}]},"product_price_currency":"VND","og_availability":"instock","product_availability":"instock","product_condition":"new"},"_links":{"self":[{"href":"https:\/\/techmaster.com.vn\/en\/wp-json\/wp\/v2\/product\/15253","targetHints":{"allow":["GET"]}}],"collection":[{"href":"https:\/\/techmaster.com.vn\/en\/wp-json\/wp\/v2\/product"}],"about":[{"href":"https:\/\/techmaster.com.vn\/en\/wp-json\/wp\/v2\/types\/product"}],"replies":[{"embeddable":true,"href":"https:\/\/techmaster.com.vn\/en\/wp-json\/wp\/v2\/comments?post=15253"}],"wp:featuredmedia":[{"embeddable":true,"href":"https:\/\/techmaster.com.vn\/en\/wp-json\/wp\/v2\/media\/2430"}],"wp:attachment":[{"href":"https:\/\/techmaster.com.vn\/en\/wp-json\/wp\/v2\/media?parent=15253"}],"wp:term":[{"taxonomy":"product_brand","embeddable":true,"href":"https:\/\/techmaster.com.vn\/en\/wp-json\/wp\/v2\/product_brand?post=15253"},{"taxonomy":"product_cat","embeddable":true,"href":"https:\/\/techmaster.com.vn\/en\/wp-json\/wp\/v2\/product_cat?post=15253"},{"taxonomy":"product_tag","embeddable":true,"href":"https:\/\/techmaster.com.vn\/en\/wp-json\/wp\/v2\/product_tag?post=15253"}],"curies":[{"name":"wp","href":"https:\/\/api.w.org\/{rel}","templated":true}]}}