{"id":15164,"date":"2020-12-02T13:33:53","date_gmt":"2020-12-02T06:33:53","guid":{"rendered":"https:\/\/techmaster.com.vn\/den-led-dang-but-milwaukee-ipl-led\/"},"modified":"2022-04-29T10:28:12","modified_gmt":"2022-04-29T03:28:12","slug":"milwaukee-ipl-led-alkaline-pen-light","status":"publish","type":"product","link":"https:\/\/techmaster.com.vn\/en\/milwaukee-ipl-led-alkaline-pen-light\/","title":{"rendered":"MILWAUKEE IPL LED ALKALINE PEN LIGHT"},"content":{"rendered":"<p><strong>SPECIFICATIONS MILWAUKEE IPL LED ALKALINE PEN LIGHT<\/strong><\/p>\n<table class=\"table\">\n<tbody>\n<tr style=\"height: 21px;\">\n<td style=\"height: 21px;\" scope=\"col\">Lumens:<\/td>\n<td style=\"height: 21px;\" scope=\"col\">100<\/td>\n<\/tr>\n<tr style=\"height: 21px;\">\n<td style=\"height: 21px;\" scope=\"col\">Runtime:<\/td>\n<td style=\"height: 21px;\" scope=\"col\">3<\/td>\n<\/tr>\n<tr style=\"height: 21px;\">\n<td style=\"height: 21px;\" scope=\"col\">Beam pattern:<\/td>\n<td style=\"height: 21px;\" scope=\"col\">Flood<\/td>\n<\/tr>\n<tr style=\"height: 21px;\">\n<td style=\"height: 21px;\" scope=\"col\">Beam distance (m):<\/td>\n<td style=\"height: 21px;\" scope=\"col\">43<\/td>\n<\/tr>\n<tr style=\"height: 21.7812px;\">\n<td style=\"height: 21.7812px;\" scope=\"col\">No. of modes:<\/td>\n<td style=\"height: 21.7812px;\" scope=\"col\">Spot<\/td>\n<\/tr>\n<tr style=\"height: 21px;\">\n<td style=\"height: 21px;\" scope=\"col\">IP rating:<\/td>\n<td style=\"height: 21px;\" scope=\"col\">IP67<\/td>\n<\/tr>\n<tr style=\"height: 21px;\">\n<td style=\"height: 21px;\" scope=\"col\">Battery platform:<\/td>\n<td style=\"height: 21px;\" scope=\"col\">AAA (3) Alkaline<\/td>\n<\/tr>\n<tr style=\"height: 21px;\">\n<td style=\"height: 21px;\" scope=\"col\">Voltage (V):<\/td>\n<td style=\"height: 21px;\" scope=\"col\">3<\/td>\n<\/tr>\n<\/tbody>\n<\/table>\n<h2><strong>Introduction Milwaukee IPL LED<\/strong><\/h2>\n<p>Our Penlight (Milwaukee IPL LED) delivers 100 lumens of output for Brighter, Clearer, Easier Inspections. The innovative protective rubber bite zone at the end of the light allows you to safely direct light while performing two-handed tasks. Our LED pen light is IP67 rated, making it waterproof, dustproof, and sealed to withstand the toughest job site conditions. It is lens and 6000 series aircraft aluminum body are impact and corrosion resistant. The penlight\u2019s metal clip easily attaches to your chest or pant pockets for quick access and everyday use. Our TRUEVIEW\u2122 High Definition output illuminates more of your work area with brighter natural light optimized for high color accuracy. Our MILWAUKEE\u00ae Penlight is covered by a limited lifetime warranty. Includes (2) AAA batteries<\/p>\n<p style=\"text-align: center;\"><a href=\"https:\/\/techmaster.com.vn\/wp-content\/uploads\/2020\/12\/den-led-dang-but-milwaukee-ipl-led-5.jpg\"><img loading=\"lazy\" decoding=\"async\" class=\"alignnone wp-image-10387 size-full\" src=\"https:\/\/techmaster.com.vn\/wp-content\/uploads\/2020\/12\/den-led-dang-but-milwaukee-ipl-led-5.jpg\" alt=\"Milwaukee IPL-LED (9)\" width=\"772\" height=\"346\" \/><\/a><\/p>\n<h2><strong>FEATURES <\/strong><strong>Milwaukee IPL LED<\/strong><\/h2>\n<div id=\"p_lt_ctl01_pageplaceholder_p_lt_ctl01_MilwaukeeProductFeatures_pnlFeatues\" class=\"product__description js-description-mask is-active\">\n<div class=\"product__description-content js-product-content\">\n<p>&#8211; 100 Lumens of TRUEVIEW\u2122 high definition light output deliver up to 30 m beam distance for inspection tasks<\/p>\n<p>&#8211; Impact and corrosion resistant aircraft aluminium body with knurling grip for best durability<\/p>\n<p>&#8211; IP67 rated for submersion in up to 1 meter of water and protection from dust<\/p>\n<p>&#8211; Features a protective rubber bite zone for occasional hands-free use<\/p>\n<p>&#8211; Removable metal pocket clip<\/p>\n<p>&#8211; On\/off and momentary-on button<\/p>\n<p>&#8211; Includes (2) AAA batteries<\/p>\n<div>\n<h2><strong>Milwaukee Brand<\/strong><\/h2>\n<\/div>\n<div>Since the company began in 1924, Milwaukee Tool has led the industry in developing innovative solutions that deliver increased productivity and unmatched durability for professional construction users. Whether it is through our world-leading M12\u2122 and M18\u2122 cordless systems, the ground-breaking performance of our M12 and M18 FUEL\u2122 products, jobsite lighting, time-saving accessories, or innovative hand tool and storage products, Milwaukee are dedicated to delivering a continuous flow of advanced, trade-specific solutions. Milwaukee Tool is not simply a manufacturer \u2013 Milwaukee are progressive problem solvers.<\/div>\n<\/div>\n<\/div>\n<p>&nbsp;<\/p>\n<h2><\/h2>\n","protected":false},"excerpt":{"rendered":"<h2><strong>FEATURES<\/strong><\/h2>\n<div id=\"p_lt_ctl01_pageplaceholder_p_lt_ctl01_MilwaukeeProductFeatures_pnlFeatues\" class=\"product__description js-description-mask is-active\">\n<div class=\"product__description-content js-product-content\">\n<p>&#8211; 100 Lumens of TRUEVIEW\u2122 high definition light output deliver up to 30 m beam distance for inspection tasks<\/p>\n<p>&#8211; Impact and corrosion resistant aircraft aluminium body with knurling grip for best durability<\/p>\n<p>&#8211; IP67 rated for submersion in up to 1 meter of water and protection from dust<\/p>\n<p>&#8211; Features a protective rubber bite zone for occasional hands-free use<\/p>\n<p>&#8211; Removable metal pocket clip<\/p>\n<\/div>\n<\/div>\n","protected":false},"featured_media":2359,"comment_status":"open","ping_status":"closed","template":"","meta":[],"product_brand":[],"product_cat":[161,280],"product_tag":[],"class_list":{"0":"post-15164","1":"product","2":"type-product","3":"status-publish","4":"has-post-thumbnail","6":"product_cat-hand-tools","7":"product_cat-lighting","8":"pa_brand-milwaukee-en","10":"first","11":"instock","12":"shipping-taxable","13":"product-type-simple"},"yoast_head":"<!-- This site is optimized with the Yoast SEO Premium plugin v26.8 (Yoast SEO v26.8) - https:\/\/yoast.com\/product\/yoast-seo-premium-wordpress\/ -->\n<title>MILWAUKEE IPL LED ALKALINE PEN LIGHT - Techmaster Electronics JSC<\/title>\n<meta name=\"description\" content=\"\u0110\u00e8n LED d\u1ea1ng b\u00fat Milwaukee IPL-LED - l\u00e0 lo\u1ea1i \u0111\u00e8n LED \u0111\u1eb7c bi\u1ec7t v\u1edbi h\u00ecnh d\u1ea1ng m\u1ed9t c\u00e2y b\u00fat, lo\u1ea1i \u0111\u00e8n LED n\u00e0y c\u00f3 k\u00edch th\u01b0\u1edbc nh\u1ecf g\u1ecdn \u0111\u1ebfn t\u1eeb Milwaukee - USA.\" \/>\n<meta name=\"robots\" content=\"index, follow, max-snippet:-1, max-image-preview:large, max-video-preview:-1\" \/>\n<link rel=\"canonical\" href=\"https:\/\/techmaster.com.vn\/en\/milwaukee-ipl-led-alkaline-pen-light\/\" \/>\n<meta property=\"og:locale\" content=\"en_US\" \/>\n<meta property=\"og:type\" content=\"article\" \/>\n<meta property=\"og:title\" content=\"MILWAUKEE IPL LED ALKALINE PEN LIGHT\" \/>\n<meta property=\"og:description\" content=\"\u0110\u00e8n LED d\u1ea1ng b\u00fat Milwaukee IPL-LED - l\u00e0 lo\u1ea1i \u0111\u00e8n LED \u0111\u1eb7c bi\u1ec7t v\u1edbi h\u00ecnh d\u1ea1ng m\u1ed9t c\u00e2y b\u00fat, lo\u1ea1i \u0111\u00e8n LED n\u00e0y c\u00f3 k\u00edch th\u01b0\u1edbc nh\u1ecf g\u1ecdn \u0111\u1ebfn t\u1eeb Milwaukee - USA.\" \/>\n<meta property=\"og:url\" content=\"https:\/\/techmaster.com.vn\/en\/milwaukee-ipl-led-alkaline-pen-light\/\" \/>\n<meta property=\"og:site_name\" content=\"Techmaster Electronics JSC\" \/>\n<meta property=\"article:publisher\" content=\"https:\/\/www.facebook.com\/techmaster.electronics.jsc\" \/>\n<meta property=\"article:modified_time\" content=\"2022-04-29T03:28:12+00:00\" \/>\n<meta property=\"og:image\" content=\"https:\/\/techmaster.com.vn\/wp-content\/uploads\/2020\/12\/den-led-dang-but-milwaukee-ipl-led.jpg\" \/>\n\t<meta property=\"og:image:width\" content=\"450\" \/>\n\t<meta property=\"og:image:height\" content=\"450\" \/>\n\t<meta property=\"og:image:type\" content=\"image\/jpeg\" \/>\n<meta name=\"twitter:card\" content=\"summary_large_image\" \/>\n<meta name=\"twitter:site\" content=\"@techmastervn\" \/>\n<meta name=\"twitter:label1\" content=\"Price\" \/>\n\t<meta name=\"twitter:data1\" content=\"Call for Price\" \/>\n\t<meta name=\"twitter:label2\" content=\"Availability\" \/>\n\t<meta name=\"twitter:data2\" content=\"In stock\" \/>\n<script type=\"application\/ld+json\" class=\"yoast-schema-graph\">{\"@context\":\"https:\/\/schema.org\",\"@graph\":[{\"@type\":\"WebPage\",\"@id\":\"https:\/\/techmaster.com.vn\/en\/milwaukee-ipl-led-alkaline-pen-light\/\",\"url\":\"https:\/\/techmaster.com.vn\/en\/milwaukee-ipl-led-alkaline-pen-light\/\",\"name\":\"MILWAUKEE IPL LED ALKALINE PEN LIGHT - Techmaster Electronics JSC\",\"isPartOf\":{\"@id\":\"https:\/\/techmaster.com.vn\/en\/#website\"},\"primaryImageOfPage\":{\"@id\":\"https:\/\/techmaster.com.vn\/en\/milwaukee-ipl-led-alkaline-pen-light\/#primaryimage\"},\"image\":{\"@id\":\"https:\/\/techmaster.com.vn\/en\/milwaukee-ipl-led-alkaline-pen-light\/#primaryimage\"},\"thumbnailUrl\":\"https:\/\/techmaster.com.vn\/wp-content\/uploads\/2020\/12\/den-led-dang-but-milwaukee-ipl-led.jpg\",\"datePublished\":\"2020-12-02T06:33:53+00:00\",\"dateModified\":\"2022-04-29T03:28:12+00:00\",\"description\":\"\u0110\u00e8n LED d\u1ea1ng b\u00fat Milwaukee IPL-LED - l\u00e0 lo\u1ea1i \u0111\u00e8n LED \u0111\u1eb7c bi\u1ec7t v\u1edbi h\u00ecnh d\u1ea1ng m\u1ed9t c\u00e2y b\u00fat, lo\u1ea1i \u0111\u00e8n LED n\u00e0y c\u00f3 k\u00edch th\u01b0\u1edbc nh\u1ecf g\u1ecdn \u0111\u1ebfn t\u1eeb Milwaukee - USA.\",\"breadcrumb\":{\"@id\":\"https:\/\/techmaster.com.vn\/en\/milwaukee-ipl-led-alkaline-pen-light\/#breadcrumb\"},\"inLanguage\":\"en-US\",\"potentialAction\":[{\"@type\":\"ReadAction\",\"target\":[\"https:\/\/techmaster.com.vn\/en\/milwaukee-ipl-led-alkaline-pen-light\/\"]}]},{\"@type\":\"ImageObject\",\"inLanguage\":\"en-US\",\"@id\":\"https:\/\/techmaster.com.vn\/en\/milwaukee-ipl-led-alkaline-pen-light\/#primaryimage\",\"url\":\"https:\/\/techmaster.com.vn\/wp-content\/uploads\/2020\/12\/den-led-dang-but-milwaukee-ipl-led.jpg\",\"contentUrl\":\"https:\/\/techmaster.com.vn\/wp-content\/uploads\/2020\/12\/den-led-dang-but-milwaukee-ipl-led.jpg\",\"width\":450,\"height\":450,\"caption\":\"\u0110\u00e8n Led d\u1ea1ng b\u00fat Milwaukee IPL-LED\"},{\"@type\":\"BreadcrumbList\",\"@id\":\"https:\/\/techmaster.com.vn\/en\/milwaukee-ipl-led-alkaline-pen-light\/#breadcrumb\",\"itemListElement\":[{\"@type\":\"ListItem\",\"position\":1,\"name\":\"Trang ch\u1ee7\",\"item\":\"https:\/\/techmaster.com.vn\/en\/\"},{\"@type\":\"ListItem\",\"position\":2,\"name\":\"Shop\",\"item\":\"https:\/\/techmaster.com.vn\/san-pham\/\"},{\"@type\":\"ListItem\",\"position\":3,\"name\":\"MILWAUKEE IPL LED ALKALINE PEN LIGHT\"}]},{\"@type\":\"WebSite\",\"@id\":\"https:\/\/techmaster.com.vn\/en\/#website\",\"url\":\"https:\/\/techmaster.com.vn\/en\/\",\"name\":\"Techmaster Electronics JSC\",\"description\":\"\",\"publisher\":{\"@id\":\"https:\/\/techmaster.com.vn\/en\/#organization\"},\"potentialAction\":[{\"@type\":\"SearchAction\",\"target\":{\"@type\":\"EntryPoint\",\"urlTemplate\":\"https:\/\/techmaster.com.vn\/en\/?s={search_term_string}\"},\"query-input\":{\"@type\":\"PropertyValueSpecification\",\"valueRequired\":true,\"valueName\":\"search_term_string\"}}],\"inLanguage\":\"en-US\"},{\"@type\":[\"Organization\",\"Place\"],\"@id\":\"https:\/\/techmaster.com.vn\/en\/#organization\",\"name\":\"Techmaster Electronics JSC\",\"url\":\"https:\/\/techmaster.com.vn\/en\/\",\"logo\":{\"@id\":\"https:\/\/techmaster.com.vn\/en\/milwaukee-ipl-led-alkaline-pen-light\/#local-main-organization-logo\"},\"image\":{\"@id\":\"https:\/\/techmaster.com.vn\/en\/milwaukee-ipl-led-alkaline-pen-light\/#local-main-organization-logo\"},\"sameAs\":[\"https:\/\/www.facebook.com\/techmaster.electronics.jsc\",\"https:\/\/x.com\/techmastervn\",\"https:\/\/www.instagram.com\/techmastervietnam\",\"https:\/\/myspace.com\/techmastervietnam\",\"https:\/\/www.youtube.com\/c\/TechmasterElectronicsJSC\",\"https:\/\/www.pinterest.com\/techmasterelectronicsjsc\/\",\"https:\/\/vi.wikipedia.org\/wiki\/Th\u00e0nh_vi\u00ean:Techmastervietnam\",\"https:\/\/twitter.com\/techmastervn\",\"https:\/\/www.linkedin.com\/company\/techmaster-vietnam\/\"],\"telephone\":[],\"contactPoint\":{\"@type\":\"ContactPoint\",\"email\":\"marketing@techmaster.com.vn\"},\"openingHoursSpecification\":[{\"@type\":\"OpeningHoursSpecification\",\"dayOfWeek\":[\"Monday\",\"Tuesday\",\"Wednesday\",\"Thursday\",\"Friday\",\"Saturday\",\"Sunday\"],\"opens\":\"09:00\",\"closes\":\"17:00\"}],\"email\":\"marketing@techmaster.com.vn\",\"areaServed\":\"Vietnam\"},{\"@type\":\"ImageObject\",\"inLanguage\":\"en-US\",\"@id\":\"https:\/\/techmaster.com.vn\/en\/milwaukee-ipl-led-alkaline-pen-light\/#local-main-organization-logo\",\"url\":\"https:\/\/techmaster.com.vn\/wp-content\/uploads\/2021\/04\/techmaster-logo-homepage.png\",\"contentUrl\":\"https:\/\/techmaster.com.vn\/wp-content\/uploads\/2021\/04\/techmaster-logo-homepage.png\",\"width\":335,\"height\":62,\"caption\":\"Techmaster Electronics JSC\"}]}<\/script>\n<meta property=\"product:price:amount\" content=\"0\" \/>\n<meta property=\"product:price:currency\" content=\"VND\" \/>\n<meta property=\"og:availability\" content=\"instock\" \/>\n<meta property=\"product:availability\" content=\"instock\" \/>\n<meta property=\"product:condition\" content=\"new\" \/>\n<!-- \/ Yoast SEO Premium plugin. -->","yoast_head_json":{"title":"MILWAUKEE IPL LED ALKALINE PEN LIGHT - Techmaster Electronics JSC","description":"\u0110\u00e8n LED d\u1ea1ng b\u00fat Milwaukee IPL-LED - l\u00e0 lo\u1ea1i \u0111\u00e8n LED \u0111\u1eb7c bi\u1ec7t v\u1edbi h\u00ecnh d\u1ea1ng m\u1ed9t c\u00e2y b\u00fat, lo\u1ea1i \u0111\u00e8n LED n\u00e0y c\u00f3 k\u00edch th\u01b0\u1edbc nh\u1ecf g\u1ecdn \u0111\u1ebfn t\u1eeb Milwaukee - USA.","robots":{"index":"index","follow":"follow","max-snippet":"max-snippet:-1","max-image-preview":"max-image-preview:large","max-video-preview":"max-video-preview:-1"},"canonical":"https:\/\/techmaster.com.vn\/en\/milwaukee-ipl-led-alkaline-pen-light\/","og_locale":"en_US","og_type":"article","og_title":"MILWAUKEE IPL LED ALKALINE PEN LIGHT","og_description":"\u0110\u00e8n LED d\u1ea1ng b\u00fat Milwaukee IPL-LED - l\u00e0 lo\u1ea1i \u0111\u00e8n LED \u0111\u1eb7c bi\u1ec7t v\u1edbi h\u00ecnh d\u1ea1ng m\u1ed9t c\u00e2y b\u00fat, lo\u1ea1i \u0111\u00e8n LED n\u00e0y c\u00f3 k\u00edch th\u01b0\u1edbc nh\u1ecf g\u1ecdn \u0111\u1ebfn t\u1eeb Milwaukee - USA.","og_url":"https:\/\/techmaster.com.vn\/en\/milwaukee-ipl-led-alkaline-pen-light\/","og_site_name":"Techmaster Electronics JSC","article_publisher":"https:\/\/www.facebook.com\/techmaster.electronics.jsc","article_modified_time":"2022-04-29T03:28:12+00:00","og_image":[{"width":450,"height":450,"url":"https:\/\/techmaster.com.vn\/wp-content\/uploads\/2020\/12\/den-led-dang-but-milwaukee-ipl-led.jpg","type":"image\/jpeg"}],"twitter_card":"summary_large_image","twitter_site":"@techmastervn","twitter_misc":{"Price":"Call for Price","Availability":"In stock"},"schema":{"@context":"https:\/\/schema.org","@graph":[{"@type":"WebPage","@id":"https:\/\/techmaster.com.vn\/en\/milwaukee-ipl-led-alkaline-pen-light\/","url":"https:\/\/techmaster.com.vn\/en\/milwaukee-ipl-led-alkaline-pen-light\/","name":"MILWAUKEE IPL LED ALKALINE PEN LIGHT - Techmaster Electronics JSC","isPartOf":{"@id":"https:\/\/techmaster.com.vn\/en\/#website"},"primaryImageOfPage":{"@id":"https:\/\/techmaster.com.vn\/en\/milwaukee-ipl-led-alkaline-pen-light\/#primaryimage"},"image":{"@id":"https:\/\/techmaster.com.vn\/en\/milwaukee-ipl-led-alkaline-pen-light\/#primaryimage"},"thumbnailUrl":"https:\/\/techmaster.com.vn\/wp-content\/uploads\/2020\/12\/den-led-dang-but-milwaukee-ipl-led.jpg","datePublished":"2020-12-02T06:33:53+00:00","dateModified":"2022-04-29T03:28:12+00:00","description":"\u0110\u00e8n LED d\u1ea1ng b\u00fat Milwaukee IPL-LED - l\u00e0 lo\u1ea1i \u0111\u00e8n LED \u0111\u1eb7c bi\u1ec7t v\u1edbi h\u00ecnh d\u1ea1ng m\u1ed9t c\u00e2y b\u00fat, lo\u1ea1i \u0111\u00e8n LED n\u00e0y c\u00f3 k\u00edch th\u01b0\u1edbc nh\u1ecf g\u1ecdn \u0111\u1ebfn t\u1eeb Milwaukee - USA.","breadcrumb":{"@id":"https:\/\/techmaster.com.vn\/en\/milwaukee-ipl-led-alkaline-pen-light\/#breadcrumb"},"inLanguage":"en-US","potentialAction":[{"@type":"ReadAction","target":["https:\/\/techmaster.com.vn\/en\/milwaukee-ipl-led-alkaline-pen-light\/"]}]},{"@type":"ImageObject","inLanguage":"en-US","@id":"https:\/\/techmaster.com.vn\/en\/milwaukee-ipl-led-alkaline-pen-light\/#primaryimage","url":"https:\/\/techmaster.com.vn\/wp-content\/uploads\/2020\/12\/den-led-dang-but-milwaukee-ipl-led.jpg","contentUrl":"https:\/\/techmaster.com.vn\/wp-content\/uploads\/2020\/12\/den-led-dang-but-milwaukee-ipl-led.jpg","width":450,"height":450,"caption":"\u0110\u00e8n Led d\u1ea1ng b\u00fat Milwaukee IPL-LED"},{"@type":"BreadcrumbList","@id":"https:\/\/techmaster.com.vn\/en\/milwaukee-ipl-led-alkaline-pen-light\/#breadcrumb","itemListElement":[{"@type":"ListItem","position":1,"name":"Trang ch\u1ee7","item":"https:\/\/techmaster.com.vn\/en\/"},{"@type":"ListItem","position":2,"name":"Shop","item":"https:\/\/techmaster.com.vn\/san-pham\/"},{"@type":"ListItem","position":3,"name":"MILWAUKEE IPL LED ALKALINE PEN LIGHT"}]},{"@type":"WebSite","@id":"https:\/\/techmaster.com.vn\/en\/#website","url":"https:\/\/techmaster.com.vn\/en\/","name":"Techmaster Electronics JSC","description":"","publisher":{"@id":"https:\/\/techmaster.com.vn\/en\/#organization"},"potentialAction":[{"@type":"SearchAction","target":{"@type":"EntryPoint","urlTemplate":"https:\/\/techmaster.com.vn\/en\/?s={search_term_string}"},"query-input":{"@type":"PropertyValueSpecification","valueRequired":true,"valueName":"search_term_string"}}],"inLanguage":"en-US"},{"@type":["Organization","Place"],"@id":"https:\/\/techmaster.com.vn\/en\/#organization","name":"Techmaster Electronics JSC","url":"https:\/\/techmaster.com.vn\/en\/","logo":{"@id":"https:\/\/techmaster.com.vn\/en\/milwaukee-ipl-led-alkaline-pen-light\/#local-main-organization-logo"},"image":{"@id":"https:\/\/techmaster.com.vn\/en\/milwaukee-ipl-led-alkaline-pen-light\/#local-main-organization-logo"},"sameAs":["https:\/\/www.facebook.com\/techmaster.electronics.jsc","https:\/\/x.com\/techmastervn","https:\/\/www.instagram.com\/techmastervietnam","https:\/\/myspace.com\/techmastervietnam","https:\/\/www.youtube.com\/c\/TechmasterElectronicsJSC","https:\/\/www.pinterest.com\/techmasterelectronicsjsc\/","https:\/\/vi.wikipedia.org\/wiki\/Th\u00e0nh_vi\u00ean:Techmastervietnam","https:\/\/twitter.com\/techmastervn","https:\/\/www.linkedin.com\/company\/techmaster-vietnam\/"],"telephone":[],"contactPoint":{"@type":"ContactPoint","email":"marketing@techmaster.com.vn"},"openingHoursSpecification":[{"@type":"OpeningHoursSpecification","dayOfWeek":["Monday","Tuesday","Wednesday","Thursday","Friday","Saturday","Sunday"],"opens":"09:00","closes":"17:00"}],"email":"marketing@techmaster.com.vn","areaServed":"Vietnam"},{"@type":"ImageObject","inLanguage":"en-US","@id":"https:\/\/techmaster.com.vn\/en\/milwaukee-ipl-led-alkaline-pen-light\/#local-main-organization-logo","url":"https:\/\/techmaster.com.vn\/wp-content\/uploads\/2021\/04\/techmaster-logo-homepage.png","contentUrl":"https:\/\/techmaster.com.vn\/wp-content\/uploads\/2021\/04\/techmaster-logo-homepage.png","width":335,"height":62,"caption":"Techmaster Electronics JSC"}]},"product_price_currency":"VND","og_availability":"instock","product_availability":"instock","product_condition":"new"},"_links":{"self":[{"href":"https:\/\/techmaster.com.vn\/en\/wp-json\/wp\/v2\/product\/15164","targetHints":{"allow":["GET"]}}],"collection":[{"href":"https:\/\/techmaster.com.vn\/en\/wp-json\/wp\/v2\/product"}],"about":[{"href":"https:\/\/techmaster.com.vn\/en\/wp-json\/wp\/v2\/types\/product"}],"replies":[{"embeddable":true,"href":"https:\/\/techmaster.com.vn\/en\/wp-json\/wp\/v2\/comments?post=15164"}],"wp:featuredmedia":[{"embeddable":true,"href":"https:\/\/techmaster.com.vn\/en\/wp-json\/wp\/v2\/media\/2359"}],"wp:attachment":[{"href":"https:\/\/techmaster.com.vn\/en\/wp-json\/wp\/v2\/media?parent=15164"}],"wp:term":[{"taxonomy":"product_brand","embeddable":true,"href":"https:\/\/techmaster.com.vn\/en\/wp-json\/wp\/v2\/product_brand?post=15164"},{"taxonomy":"product_cat","embeddable":true,"href":"https:\/\/techmaster.com.vn\/en\/wp-json\/wp\/v2\/product_cat?post=15164"},{"taxonomy":"product_tag","embeddable":true,"href":"https:\/\/techmaster.com.vn\/en\/wp-json\/wp\/v2\/product_tag?post=15164"}],"curies":[{"name":"wp","href":"https:\/\/api.w.org\/{rel}","templated":true}]}}