{"id":15147,"date":"2020-12-03T11:00:58","date_gmt":"2020-12-03T04:00:58","guid":{"rendered":"https:\/\/techmaster.com.vn\/may-cha-nham-milwaukee-m18-bos125-0x0-bare\/"},"modified":"2023-06-23T13:59:24","modified_gmt":"2023-06-23T06:59:24","slug":"milwaukee-m18-bos125-0x0-random-orbital-sander","status":"publish","type":"product","link":"https:\/\/techmaster.com.vn\/en\/milwaukee-m18-bos125-0x0-random-orbital-sander\/","title":{"rendered":"MILWAUKEE M18 BOS125-0X0 RANDOM ORBITAL SANDER"},"content":{"rendered":"<p><span style=\"color: #000000;\"><strong>SPECIFICATIONS MILWAUKEE M18 BOS125-0X0 RANDOM ORBITAL SANDER<\/strong><\/span><\/p>\n<p><span style=\"color: #000000;\"><strong>Sanding pad diameter (mm): <\/strong>125<\/span><\/p>\n<p><span style=\"color: #000000;\"><strong>Oscillation rate (opm): <\/strong>14000 &#8211; 24000<\/span><\/p>\n<p><span style=\"color: #000000;\"><strong>Oscillation diameter (mm): <\/strong>2.4<\/span><\/p>\n<p><span style=\"color: #000000;\"><strong>No load speed (RPM): <\/strong>7000 &#8211; 12000<\/span><\/p>\n<p><span style=\"color: #000000;\"><strong>Battery platform: <\/strong>M18 REDLITHIUM-ION<\/span><\/p>\n<p><span style=\"color: #000000;\"><strong>Voltage (V): <\/strong>18<\/span><\/p>\n<p><span style=\"color: #000000;\"><strong>Speed settings: <\/strong>6<\/span><\/p>\n<p><span style=\"color: #000000;\"><strong>FUEL Gauge: <\/strong>Yes<\/span><\/p>\n<p><span style=\"color: #000000;\"><strong>LED Light: <\/strong>No<\/span><\/p>\n<p><span style=\"color: #000000;\"><strong>Weight with battery pack if applicable (kg): <\/strong>1.7kg (5.0Ah)<\/span><\/p>\n<h2><span style=\"color: #000000;\"><strong>Introduction Milwaukee M18 BOS125-0X0<\/strong><\/span><\/h2>\n<p style=\"text-align: justify;\"><span style=\"color: #000000;\">The M18\u2122 5\u201d Random Orbit Sander (Milwaukee M18 BOS125-0X0) delivers corded power with 12,000 Max OPM output. The 7,000-12,000 variable speed dial allows the user more control over the output of the tool to match the orbit speed for the application. The tool\u2019s powerful motor allows the user to remove more material per battery charge. The M18 BOS125-0X0 powered by REDLITHIUM\u2122 battery technology delivers up to 35 minutes of run-time on a M18\u2122 3.0Ah Battery Pack (Battery Sold Seperately).<\/span><\/p>\n<p style=\"text-align: center;\"><span style=\"color: #000000;\"><strong><a style=\"color: #000000;\" href=\"http:\/\/techmaster.com.vn\/wp-content\/uploads\/2020\/12\/may-cha-nham-milwaukee-m18-bos125-0x0-6.jpg\"><img loading=\"lazy\" decoding=\"async\" class=\"alignnone wp-image-9032 size-full\" src=\"https:\/\/techmaster.com.vn\/wp-content\/uploads\/2020\/12\/may-cha-nham-milwaukee-m18-bos125-0x0-6.jpg\" alt=\"Milwaukee M18 BOS125-0X0 (9)\" width=\"772\" height=\"346\" \/><\/a><\/strong><\/span><\/p>\n<h2><span style=\"color: #000000;\"><strong>Features <\/strong><strong>Milwaukee M18 BOS125-0X0<\/strong><\/span><\/h2>\n<p style=\"text-align: justify;\"><span style=\"font-size: 14.4px; color: #000000;\">&#8211; High performance motor delivers 14,000 to 24,000 sanding strokes per minute for faster material removal<\/span><\/p>\n<div id=\"p_lt_ctl01_pageplaceholder_p_lt_ctl01_MilwaukeeProductFeatures_pnlFeatues\" class=\"product__description js-description-mask is-active\">\n<div class=\"product__description-content js-product-content\">\n<p><span style=\"color: #000000;\">&#8211; REDLINK\u2122 overload protection electronics in tool and battery pack deliver best in class system durability<\/span><\/p>\n<p><span style=\"color: #000000;\">&#8211; Variable speed wheel with 6 speed settings allows the correct speed to be set for different types of material<\/span><\/p>\n<p><span style=\"color: #000000;\">&#8211; Dust extraction box with internal filter keeps dust contained and managed<\/span><\/p>\n<p><span style=\"color: #000000;\">&#8211; Universal hook and loop sanding pad allows easy changing of sanding discs<\/span><\/p>\n<p><span style=\"color: #000000;\">&#8211; Lightweight &#8211; 1.6 kg<\/span><\/p>\n<p><span style=\"color: #000000;\">&#8211; Vacuum adaptor supplied fits directly to all MILWAUKEE\u00ae dust extractors<\/span><\/p>\n<p><span style=\"color: #000000;\">&#8211; REDLITHIUM\u2122 battery pack provides superior pack construction, electronics and fade-free performance to deliver more run time and more work over pack life<\/span><\/p>\n<p><span style=\"color: #000000;\">&#8211; Flexible battery system: works with all MILWAUKEE\u00ae M18\u2122 batteries<\/span><\/p>\n<\/div>\n<\/div>\n<div>\n<h2><span style=\"color: #000000;\"><strong>Milwaukee Brand<\/strong><\/span><\/h2>\n<\/div>\n<div style=\"text-align: justify;\"><span style=\"color: #000000;\">Since the company began in 1924, Milwaukee Tool has led the industry in developing innovative solutions that deliver increased productivity and unmatched durability for professional construction users. Whether it is through our world-leading M12\u2122 and M18\u2122 cordless systems, the ground-breaking performance of our M12 and M18 FUEL\u2122 products, jobsite lighting, time-saving accessories, or innovative hand tool and storage products, Milwaukee are dedicated to delivering a continuous flow of advanced, trade-specific solutions. Milwaukee Tool is not simply a manufacturer \u2013 Milwaukee are progressive problem solvers<\/span><\/div>\n","protected":false},"excerpt":{"rendered":"<h2><strong>Features<\/strong><\/h2>\n<div id=\"p_lt_ctl01_pageplaceholder_p_lt_ctl01_MilwaukeeProductFeatures_pnlFeatues\" class=\"product__description js-description-mask is-active\">\n<div class=\"product__description-content js-product-content\">\n<p>&#8211; High performance motor delivers 14,000 to 24,000 sanding strokes per minute for faster material removal<\/p>\n<p>&#8211; REDLINK\u2122 overload protection electronics in tool and battery pack deliver best in class system durability<\/p>\n<p>&#8211; Variable speed wheel with 6 speed settings allows the correct speed to be set for different types of material<\/p>\n<p>&#8211; Dust extraction box with internal filter keeps dust contained and managed<\/p>\n<p>&#8211; Universal hook and loop sanding pad allows easy changing of sanding discs<\/p>\n<\/div>\n<\/div>\n","protected":false},"featured_media":2772,"comment_status":"open","ping_status":"closed","template":"","meta":[],"product_brand":[],"product_cat":[161,373,279],"product_tag":[],"class_list":{"0":"post-15147","1":"product","2":"type-product","3":"status-publish","4":"has-post-thumbnail","6":"product_cat-hand-tools","7":"product_cat-m18-en","8":"product_cat-sanding","9":"pa_brand-milwaukee-en","11":"first","12":"instock","13":"shipping-taxable","14":"product-type-simple"},"yoast_head":"<!-- This site is optimized with the Yoast SEO Premium plugin v26.8 (Yoast SEO v26.8) - https:\/\/yoast.com\/product\/yoast-seo-premium-wordpress\/ -->\n<title>MILWAUKEE M18 BOS125-0X0 RANDOM ORBITAL SANDER - Techmaster Electronics JSC<\/title>\n<meta name=\"description\" content=\"The Milwaukee M18 BOS125-0X0- Dust extraction box with internal filter keeps dust contained and managed. Lightweight - 1.6 kg. 125mm Sanding Pad.\" \/>\n<meta name=\"robots\" content=\"index, follow, max-snippet:-1, max-image-preview:large, max-video-preview:-1\" \/>\n<link rel=\"canonical\" href=\"https:\/\/techmaster.com.vn\/en\/milwaukee-m18-bos125-0x0-random-orbital-sander\/\" \/>\n<meta property=\"og:locale\" content=\"en_US\" \/>\n<meta property=\"og:type\" content=\"article\" \/>\n<meta property=\"og:title\" content=\"MILWAUKEE M18 BOS125-0X0 RANDOM ORBITAL SANDER\" \/>\n<meta property=\"og:description\" content=\"The Milwaukee M18 BOS125-0X0- Dust extraction box with internal filter keeps dust contained and managed. Lightweight - 1.6 kg. 125mm Sanding Pad.\" \/>\n<meta property=\"og:url\" content=\"https:\/\/techmaster.com.vn\/en\/milwaukee-m18-bos125-0x0-random-orbital-sander\/\" \/>\n<meta property=\"og:site_name\" content=\"Techmaster Electronics JSC\" \/>\n<meta property=\"article:publisher\" content=\"https:\/\/www.facebook.com\/techmaster.electronics.jsc\" \/>\n<meta property=\"article:modified_time\" content=\"2023-06-23T06:59:24+00:00\" \/>\n<meta property=\"og:image\" content=\"https:\/\/techmaster.com.vn\/wp-content\/uploads\/2020\/12\/may-cha-nham-milwaukee-m18-bos125-0x0-1.jpg\" \/>\n\t<meta property=\"og:image:width\" content=\"450\" \/>\n\t<meta property=\"og:image:height\" content=\"450\" \/>\n\t<meta property=\"og:image:type\" content=\"image\/jpeg\" \/>\n<meta name=\"twitter:card\" content=\"summary_large_image\" \/>\n<meta name=\"twitter:site\" content=\"@techmastervn\" \/>\n<meta name=\"twitter:label1\" content=\"Price\" \/>\n\t<meta name=\"twitter:data1\" content=\"Call for Price\" \/>\n\t<meta name=\"twitter:label2\" content=\"Availability\" \/>\n\t<meta name=\"twitter:data2\" content=\"In stock\" \/>\n<script type=\"application\/ld+json\" class=\"yoast-schema-graph\">{\"@context\":\"https:\/\/schema.org\",\"@graph\":[{\"@type\":\"WebPage\",\"@id\":\"https:\/\/techmaster.com.vn\/en\/milwaukee-m18-bos125-0x0-random-orbital-sander\/\",\"url\":\"https:\/\/techmaster.com.vn\/en\/milwaukee-m18-bos125-0x0-random-orbital-sander\/\",\"name\":\"MILWAUKEE M18 BOS125-0X0 RANDOM ORBITAL SANDER - Techmaster Electronics JSC\",\"isPartOf\":{\"@id\":\"https:\/\/techmaster.com.vn\/en\/#website\"},\"primaryImageOfPage\":{\"@id\":\"https:\/\/techmaster.com.vn\/en\/milwaukee-m18-bos125-0x0-random-orbital-sander\/#primaryimage\"},\"image\":{\"@id\":\"https:\/\/techmaster.com.vn\/en\/milwaukee-m18-bos125-0x0-random-orbital-sander\/#primaryimage\"},\"thumbnailUrl\":\"https:\/\/techmaster.com.vn\/wp-content\/uploads\/2020\/12\/may-cha-nham-milwaukee-m18-bos125-0x0-1.jpg\",\"datePublished\":\"2020-12-03T04:00:58+00:00\",\"dateModified\":\"2023-06-23T06:59:24+00:00\",\"description\":\"The Milwaukee M18 BOS125-0X0- Dust extraction box with internal filter keeps dust contained and managed. Lightweight - 1.6 kg. 125mm Sanding Pad.\",\"breadcrumb\":{\"@id\":\"https:\/\/techmaster.com.vn\/en\/milwaukee-m18-bos125-0x0-random-orbital-sander\/#breadcrumb\"},\"inLanguage\":\"en-US\",\"potentialAction\":[{\"@type\":\"ReadAction\",\"target\":[\"https:\/\/techmaster.com.vn\/en\/milwaukee-m18-bos125-0x0-random-orbital-sander\/\"]}]},{\"@type\":\"ImageObject\",\"inLanguage\":\"en-US\",\"@id\":\"https:\/\/techmaster.com.vn\/en\/milwaukee-m18-bos125-0x0-random-orbital-sander\/#primaryimage\",\"url\":\"https:\/\/techmaster.com.vn\/wp-content\/uploads\/2020\/12\/may-cha-nham-milwaukee-m18-bos125-0x0-1.jpg\",\"contentUrl\":\"https:\/\/techmaster.com.vn\/wp-content\/uploads\/2020\/12\/may-cha-nham-milwaukee-m18-bos125-0x0-1.jpg\",\"width\":450,\"height\":450,\"caption\":\"M\u00e1y ch\u00e0 nh\u00e1m Milwaukee M18 BOS125-0X0\"},{\"@type\":\"BreadcrumbList\",\"@id\":\"https:\/\/techmaster.com.vn\/en\/milwaukee-m18-bos125-0x0-random-orbital-sander\/#breadcrumb\",\"itemListElement\":[{\"@type\":\"ListItem\",\"position\":1,\"name\":\"Trang ch\u1ee7\",\"item\":\"https:\/\/techmaster.com.vn\/en\/\"},{\"@type\":\"ListItem\",\"position\":2,\"name\":\"Shop\",\"item\":\"https:\/\/techmaster.com.vn\/san-pham\/\"},{\"@type\":\"ListItem\",\"position\":3,\"name\":\"MILWAUKEE M18 BOS125-0X0 RANDOM ORBITAL SANDER\"}]},{\"@type\":\"WebSite\",\"@id\":\"https:\/\/techmaster.com.vn\/en\/#website\",\"url\":\"https:\/\/techmaster.com.vn\/en\/\",\"name\":\"Techmaster Electronics JSC\",\"description\":\"\",\"publisher\":{\"@id\":\"https:\/\/techmaster.com.vn\/en\/#organization\"},\"potentialAction\":[{\"@type\":\"SearchAction\",\"target\":{\"@type\":\"EntryPoint\",\"urlTemplate\":\"https:\/\/techmaster.com.vn\/en\/?s={search_term_string}\"},\"query-input\":{\"@type\":\"PropertyValueSpecification\",\"valueRequired\":true,\"valueName\":\"search_term_string\"}}],\"inLanguage\":\"en-US\"},{\"@type\":[\"Organization\",\"Place\"],\"@id\":\"https:\/\/techmaster.com.vn\/en\/#organization\",\"name\":\"Techmaster Electronics JSC\",\"url\":\"https:\/\/techmaster.com.vn\/en\/\",\"logo\":{\"@id\":\"https:\/\/techmaster.com.vn\/en\/milwaukee-m18-bos125-0x0-random-orbital-sander\/#local-main-organization-logo\"},\"image\":{\"@id\":\"https:\/\/techmaster.com.vn\/en\/milwaukee-m18-bos125-0x0-random-orbital-sander\/#local-main-organization-logo\"},\"sameAs\":[\"https:\/\/www.facebook.com\/techmaster.electronics.jsc\",\"https:\/\/x.com\/techmastervn\",\"https:\/\/www.instagram.com\/techmastervietnam\",\"https:\/\/myspace.com\/techmastervietnam\",\"https:\/\/www.youtube.com\/c\/TechmasterElectronicsJSC\",\"https:\/\/www.pinterest.com\/techmasterelectronicsjsc\/\",\"https:\/\/vi.wikipedia.org\/wiki\/Th\u00e0nh_vi\u00ean:Techmastervietnam\",\"https:\/\/twitter.com\/techmastervn\",\"https:\/\/www.linkedin.com\/company\/techmaster-vietnam\/\"],\"telephone\":[],\"contactPoint\":{\"@type\":\"ContactPoint\",\"email\":\"marketing@techmaster.com.vn\"},\"openingHoursSpecification\":[{\"@type\":\"OpeningHoursSpecification\",\"dayOfWeek\":[\"Monday\",\"Tuesday\",\"Wednesday\",\"Thursday\",\"Friday\",\"Saturday\",\"Sunday\"],\"opens\":\"09:00\",\"closes\":\"17:00\"}],\"email\":\"marketing@techmaster.com.vn\",\"areaServed\":\"Vietnam\"},{\"@type\":\"ImageObject\",\"inLanguage\":\"en-US\",\"@id\":\"https:\/\/techmaster.com.vn\/en\/milwaukee-m18-bos125-0x0-random-orbital-sander\/#local-main-organization-logo\",\"url\":\"https:\/\/techmaster.com.vn\/wp-content\/uploads\/2021\/04\/techmaster-logo-homepage.png\",\"contentUrl\":\"https:\/\/techmaster.com.vn\/wp-content\/uploads\/2021\/04\/techmaster-logo-homepage.png\",\"width\":335,\"height\":62,\"caption\":\"Techmaster Electronics JSC\"}]}<\/script>\n<meta property=\"product:price:amount\" content=\"0\" \/>\n<meta property=\"product:price:currency\" content=\"VND\" \/>\n<meta property=\"og:availability\" content=\"instock\" \/>\n<meta property=\"product:availability\" content=\"instock\" \/>\n<meta property=\"product:condition\" content=\"new\" \/>\n<!-- \/ Yoast SEO Premium plugin. -->","yoast_head_json":{"title":"MILWAUKEE M18 BOS125-0X0 RANDOM ORBITAL SANDER - Techmaster Electronics JSC","description":"The Milwaukee M18 BOS125-0X0- Dust extraction box with internal filter keeps dust contained and managed. Lightweight - 1.6 kg. 125mm Sanding Pad.","robots":{"index":"index","follow":"follow","max-snippet":"max-snippet:-1","max-image-preview":"max-image-preview:large","max-video-preview":"max-video-preview:-1"},"canonical":"https:\/\/techmaster.com.vn\/en\/milwaukee-m18-bos125-0x0-random-orbital-sander\/","og_locale":"en_US","og_type":"article","og_title":"MILWAUKEE M18 BOS125-0X0 RANDOM ORBITAL SANDER","og_description":"The Milwaukee M18 BOS125-0X0- Dust extraction box with internal filter keeps dust contained and managed. Lightweight - 1.6 kg. 125mm Sanding Pad.","og_url":"https:\/\/techmaster.com.vn\/en\/milwaukee-m18-bos125-0x0-random-orbital-sander\/","og_site_name":"Techmaster Electronics JSC","article_publisher":"https:\/\/www.facebook.com\/techmaster.electronics.jsc","article_modified_time":"2023-06-23T06:59:24+00:00","og_image":[{"width":450,"height":450,"url":"https:\/\/techmaster.com.vn\/wp-content\/uploads\/2020\/12\/may-cha-nham-milwaukee-m18-bos125-0x0-1.jpg","type":"image\/jpeg"}],"twitter_card":"summary_large_image","twitter_site":"@techmastervn","twitter_misc":{"Price":"Call for Price","Availability":"In stock"},"schema":{"@context":"https:\/\/schema.org","@graph":[{"@type":"WebPage","@id":"https:\/\/techmaster.com.vn\/en\/milwaukee-m18-bos125-0x0-random-orbital-sander\/","url":"https:\/\/techmaster.com.vn\/en\/milwaukee-m18-bos125-0x0-random-orbital-sander\/","name":"MILWAUKEE M18 BOS125-0X0 RANDOM ORBITAL SANDER - Techmaster Electronics JSC","isPartOf":{"@id":"https:\/\/techmaster.com.vn\/en\/#website"},"primaryImageOfPage":{"@id":"https:\/\/techmaster.com.vn\/en\/milwaukee-m18-bos125-0x0-random-orbital-sander\/#primaryimage"},"image":{"@id":"https:\/\/techmaster.com.vn\/en\/milwaukee-m18-bos125-0x0-random-orbital-sander\/#primaryimage"},"thumbnailUrl":"https:\/\/techmaster.com.vn\/wp-content\/uploads\/2020\/12\/may-cha-nham-milwaukee-m18-bos125-0x0-1.jpg","datePublished":"2020-12-03T04:00:58+00:00","dateModified":"2023-06-23T06:59:24+00:00","description":"The Milwaukee M18 BOS125-0X0- Dust extraction box with internal filter keeps dust contained and managed. Lightweight - 1.6 kg. 125mm Sanding Pad.","breadcrumb":{"@id":"https:\/\/techmaster.com.vn\/en\/milwaukee-m18-bos125-0x0-random-orbital-sander\/#breadcrumb"},"inLanguage":"en-US","potentialAction":[{"@type":"ReadAction","target":["https:\/\/techmaster.com.vn\/en\/milwaukee-m18-bos125-0x0-random-orbital-sander\/"]}]},{"@type":"ImageObject","inLanguage":"en-US","@id":"https:\/\/techmaster.com.vn\/en\/milwaukee-m18-bos125-0x0-random-orbital-sander\/#primaryimage","url":"https:\/\/techmaster.com.vn\/wp-content\/uploads\/2020\/12\/may-cha-nham-milwaukee-m18-bos125-0x0-1.jpg","contentUrl":"https:\/\/techmaster.com.vn\/wp-content\/uploads\/2020\/12\/may-cha-nham-milwaukee-m18-bos125-0x0-1.jpg","width":450,"height":450,"caption":"M\u00e1y ch\u00e0 nh\u00e1m Milwaukee M18 BOS125-0X0"},{"@type":"BreadcrumbList","@id":"https:\/\/techmaster.com.vn\/en\/milwaukee-m18-bos125-0x0-random-orbital-sander\/#breadcrumb","itemListElement":[{"@type":"ListItem","position":1,"name":"Trang ch\u1ee7","item":"https:\/\/techmaster.com.vn\/en\/"},{"@type":"ListItem","position":2,"name":"Shop","item":"https:\/\/techmaster.com.vn\/san-pham\/"},{"@type":"ListItem","position":3,"name":"MILWAUKEE M18 BOS125-0X0 RANDOM ORBITAL SANDER"}]},{"@type":"WebSite","@id":"https:\/\/techmaster.com.vn\/en\/#website","url":"https:\/\/techmaster.com.vn\/en\/","name":"Techmaster Electronics JSC","description":"","publisher":{"@id":"https:\/\/techmaster.com.vn\/en\/#organization"},"potentialAction":[{"@type":"SearchAction","target":{"@type":"EntryPoint","urlTemplate":"https:\/\/techmaster.com.vn\/en\/?s={search_term_string}"},"query-input":{"@type":"PropertyValueSpecification","valueRequired":true,"valueName":"search_term_string"}}],"inLanguage":"en-US"},{"@type":["Organization","Place"],"@id":"https:\/\/techmaster.com.vn\/en\/#organization","name":"Techmaster Electronics JSC","url":"https:\/\/techmaster.com.vn\/en\/","logo":{"@id":"https:\/\/techmaster.com.vn\/en\/milwaukee-m18-bos125-0x0-random-orbital-sander\/#local-main-organization-logo"},"image":{"@id":"https:\/\/techmaster.com.vn\/en\/milwaukee-m18-bos125-0x0-random-orbital-sander\/#local-main-organization-logo"},"sameAs":["https:\/\/www.facebook.com\/techmaster.electronics.jsc","https:\/\/x.com\/techmastervn","https:\/\/www.instagram.com\/techmastervietnam","https:\/\/myspace.com\/techmastervietnam","https:\/\/www.youtube.com\/c\/TechmasterElectronicsJSC","https:\/\/www.pinterest.com\/techmasterelectronicsjsc\/","https:\/\/vi.wikipedia.org\/wiki\/Th\u00e0nh_vi\u00ean:Techmastervietnam","https:\/\/twitter.com\/techmastervn","https:\/\/www.linkedin.com\/company\/techmaster-vietnam\/"],"telephone":[],"contactPoint":{"@type":"ContactPoint","email":"marketing@techmaster.com.vn"},"openingHoursSpecification":[{"@type":"OpeningHoursSpecification","dayOfWeek":["Monday","Tuesday","Wednesday","Thursday","Friday","Saturday","Sunday"],"opens":"09:00","closes":"17:00"}],"email":"marketing@techmaster.com.vn","areaServed":"Vietnam"},{"@type":"ImageObject","inLanguage":"en-US","@id":"https:\/\/techmaster.com.vn\/en\/milwaukee-m18-bos125-0x0-random-orbital-sander\/#local-main-organization-logo","url":"https:\/\/techmaster.com.vn\/wp-content\/uploads\/2021\/04\/techmaster-logo-homepage.png","contentUrl":"https:\/\/techmaster.com.vn\/wp-content\/uploads\/2021\/04\/techmaster-logo-homepage.png","width":335,"height":62,"caption":"Techmaster Electronics JSC"}]},"product_price_currency":"VND","og_availability":"instock","product_availability":"instock","product_condition":"new"},"_links":{"self":[{"href":"https:\/\/techmaster.com.vn\/en\/wp-json\/wp\/v2\/product\/15147","targetHints":{"allow":["GET"]}}],"collection":[{"href":"https:\/\/techmaster.com.vn\/en\/wp-json\/wp\/v2\/product"}],"about":[{"href":"https:\/\/techmaster.com.vn\/en\/wp-json\/wp\/v2\/types\/product"}],"replies":[{"embeddable":true,"href":"https:\/\/techmaster.com.vn\/en\/wp-json\/wp\/v2\/comments?post=15147"}],"wp:featuredmedia":[{"embeddable":true,"href":"https:\/\/techmaster.com.vn\/en\/wp-json\/wp\/v2\/media\/2772"}],"wp:attachment":[{"href":"https:\/\/techmaster.com.vn\/en\/wp-json\/wp\/v2\/media?parent=15147"}],"wp:term":[{"taxonomy":"product_brand","embeddable":true,"href":"https:\/\/techmaster.com.vn\/en\/wp-json\/wp\/v2\/product_brand?post=15147"},{"taxonomy":"product_cat","embeddable":true,"href":"https:\/\/techmaster.com.vn\/en\/wp-json\/wp\/v2\/product_cat?post=15147"},{"taxonomy":"product_tag","embeddable":true,"href":"https:\/\/techmaster.com.vn\/en\/wp-json\/wp\/v2\/product_tag?post=15147"}],"curies":[{"name":"wp","href":"https:\/\/api.w.org\/{rel}","templated":true}]}}