{"id":15000,"date":"2020-11-25T10:28:15","date_gmt":"2020-11-25T03:28:15","guid":{"rendered":"https:\/\/techmaster.com.vn\/may-khoan-da-nang-4-dau-milwaukee-m12-fddxkit-0x-bare\/"},"modified":"2023-03-17T11:29:11","modified_gmt":"2023-03-17T04:29:11","slug":"milwaukee-m12-fddxkit-0x-fuel-installation-drill-driver","status":"publish","type":"product","link":"https:\/\/techmaster.com.vn\/en\/milwaukee-m12-fddxkit-0x-fuel-installation-drill-driver\/","title":{"rendered":"MILWAUKEE M12 FDDXKIT-0X FUEL\u2122 INSTALLATION DRILL\/DRIVER"},"content":{"rendered":"<div style=\"text-align: justify;\">\n<p><strong>SPECIFICATIONS MILWAUKEE M12 FDDXKIT-0X FUEL\u2122 INSTALLATION DRILL\/DRIVER (MILWAUKEE 2505)<\/strong><\/p>\n<p><strong>Max. torque (Nm): <\/strong>34<\/p>\n<p><strong>No load speed (m\/mins): <\/strong>400 \/ 1600<\/p>\n<p><strong>Speed settings: <\/strong>2<\/p>\n<p><strong>Chuck Size (mm): <\/strong>10<\/p>\n<p><strong>Chuck Type: <\/strong>All Metal<\/p>\n<p><strong>Max. drilling steel (mm): <\/strong>10<\/p>\n<p><strong>Max. drilling wood (mm): <\/strong>32<\/p>\n<p><strong>Voltage (V): <\/strong>12<\/p>\n<p><strong>Weight with battery pack if applicable (kg): <\/strong>0.9<\/p>\n<p><strong>Length (mm): <\/strong>130<\/p>\n<p><strong>LED Light: <\/strong>Yes<\/p>\n<p><strong>FUEL Gauge: <\/strong>Yes<\/p>\n<h2><strong>Introduction Milwaukee M12 FDDXKIT-0X\u00a0<\/strong><\/h2>\n<\/div>\n<div style=\"text-align: justify;\">Our M12 FUEL\u2122 Installation Drill\/Driver (Milwaukee M12 FDDXKIT &#8211; 0X)\u00a0 features 4 dedicated solutions, delivering unrivaled access and control with up to 300 in-lbs of max torque. Four dedicated heads, including a 3\/8\u201d Chuck, Offset Driver, \u00bc\u201d Hex, and Right Angle, can attach in 16 different positions. This provides you with a 4-in-1 drilling and driving solution that is purposefully designed to reach uniquely challenging locations. Milwaukee 2505 features a slim tool profile and an inline grip in the back of the tool that provides ultimate tool control and unrivaled access. The top of the tool is flat, allowing the tool to be placed flush against surfaces for additional access when needed. The front of the tool is equipped with a magnetic bit holder that securely holds multiple bits, enhancing your productivity. These unique features combine with the tool\u2019s compact size and weight allowing you to maneuver the multi-head drill\/driver for maximum versatility and best access in hard to reach places. The modular drill\/driver is equipped with a POWERSTATE\u2122 Brushless Motor, delivering you with 1600 RPMS and 300 in.\/lbs of torque. This provides you with the necessary power for installation applications, especially in electrical, cabinet installation, MRO, HVAC, automotive, and remodel applications. Milwaukee 2505 features REDLINK Plus\u2122 Intelligence, protecting your tool from overloading or overheating. The compact cordless drill\/driver is powered by our M12\u2122 REDLITHIUM\u2122 battery packs (not included), delivering you with more run-time per charge and more work over the life of the pack. In addition to the 12-volt tool and four attachments, a compartmentalized contractor bag is included to hold each individual head.<\/div>\n<div><\/div>\n<p style=\"text-align: center;\"><a href=\"https:\/\/techmaster.com.vn\/wp-content\/uploads\/2020\/11\/may-khoan-da-nang-4-dau-milwaukee-m12-fddxkit-0x-8.jpg\"><img loading=\"lazy\" decoding=\"async\" class=\"alignnone wp-image-52304\" src=\"https:\/\/techmaster.com.vn\/wp-content\/uploads\/2020\/11\/may-khoan-da-nang-4-dau-milwaukee-m12-fddxkit-0x-8.jpg\" alt=\"M\u00e1y khoan \u0111a n\u0103ng 4 \u0111\u1ea7u Milwaukee M12 FDDXKIT-0X (8)\" width=\"821\" height=\"550\" \/><\/a><\/p>\n<div style=\"text-align: justify;\">\n<div>\n<h2><strong>Features<\/strong><\/h2>\n<div id=\"p_lt_ctl01_pageplaceholder_p_lt_ctl01_MilwaukeeProductFeatures_pnlFeatues\" class=\"product__description js-description-mask is-active\">\n<div class=\"product__description-content js-product-content\">\n<p>&#8211; High performance compact 4-in-1 installation drill for extreme versatility<\/p>\n<p>&#8211; Removable chuck system with 4 different heads for multiples of applications<\/p>\n<p>&#8211; \u00bc\u2033 hex drive behind chuck fitting, reduces drill length to 130 mm when required<\/p>\n<p>&#8211; In-line grip for unrivaled access and control<\/p>\n<p>&#8211; Brushless POWERSTATE\u2122 motor delivers up to 34 Nm of torque<\/p>\n<p>&#8211; Magnetic holder for easy bit access<\/p>\n<p>&#8211; REDLINK PLUS\u2122 intelligence system delivers an advanced digital overload protection for tool and battery and uniquely enhances the tool performance under load<\/p>\n<p>&#8211; REDLITHIUM\u2122 battery pack provides superior pack construction, electronics and fade-free performance to deliver more run time and more work over pack life<br \/>\n&#8211; Flexible battery system: works with all MILWAUKEE\u00ae M12\u2122 batteries<\/p>\n<h2><strong>Milwaukee Brand<\/strong><\/h2>\n<div>Since the company began in 1924, Milwaukee Tool has led the industry in developing innovative solutions that deliver increased productivity and unmatched durability for professional construction users. Whether it is through our world-leading M12\u2122 and M18\u2122 cordless systems, the ground-breaking performance of our M12 and M18 FUEL\u2122 products, jobsite lighting, time-saving accessories, or innovative hand tool and storage products, Milwaukee are dedicated to delivering a continuous flow of advanced, trade-specific solutions. Milwaukee Tool is not simply a manufacturer \u2013 Milwaukee are progressive problem solvers.<\/div>\n<\/div>\n<\/div>\n<\/div>\n<\/div>\n","protected":false},"excerpt":{"rendered":"<h2><strong>Features<\/strong><\/h2>\n<div id=\"p_lt_ctl01_pageplaceholder_p_lt_ctl01_MilwaukeeProductFeatures_pnlFeatues\" class=\"product__description js-description-mask is-active\">\n<div class=\"product__description-content js-product-content\">\n<p>&#8211; High performance compact 4-in-1 installation drill for extreme versatility<\/p>\n<p>&#8211; Removable chuck system with 4 different heads for multiples of applications<\/p>\n<p>&#8211; \u00bc\u2033 hex drive behind chuck fitting, reduces drill length to 130 mm when required<\/p>\n<p>&#8211; In-line grip for unrivaled access and control<\/p>\n<p>&#8211; Brushless POWERSTATE\u2122 motor delivers up to 34 Nm of torque<\/p>\n<\/div>\n<\/div>\n","protected":false},"featured_media":52304,"comment_status":"open","ping_status":"closed","template":"","meta":[],"product_brand":[],"product_cat":[161,372,271],"product_tag":[],"class_list":{"0":"post-15000","1":"product","2":"type-product","3":"status-publish","4":"has-post-thumbnail","6":"product_cat-hand-tools","7":"product_cat-m12-en","8":"product_cat-drilling","9":"pa_brand-milwaukee-en","11":"first","12":"instock","13":"shipping-taxable","14":"product-type-simple"},"yoast_head":"<!-- This site is optimized with the Yoast SEO Premium plugin v26.8 (Yoast SEO v26.8) - https:\/\/yoast.com\/product\/yoast-seo-premium-wordpress\/ -->\n<title>MILWAUKEE M12 FDDXKIT-0X FUEL\u2122 INSTALLATION DRILL\/DRIVER - Techmaster Electronics JSC<\/title>\n<meta name=\"description\" content=\"The Milwaukee M12 FDDXKIT-0X - High performance compact 4-in-1 installation drill for extreme versatility. In-line grip for unrivaled access and control.\" \/>\n<meta name=\"robots\" content=\"index, follow, max-snippet:-1, max-image-preview:large, max-video-preview:-1\" \/>\n<link rel=\"canonical\" href=\"https:\/\/techmaster.com.vn\/en\/milwaukee-m12-fddxkit-0x-fuel-installation-drill-driver\/\" \/>\n<meta property=\"og:locale\" content=\"en_US\" \/>\n<meta property=\"og:type\" content=\"article\" \/>\n<meta property=\"og:title\" content=\"MILWAUKEE M12 FDDXKIT-0X FUEL\u2122 INSTALLATION DRILL\/DRIVER\" \/>\n<meta property=\"og:description\" content=\"The Milwaukee M12 FDDXKIT-0X - High performance compact 4-in-1 installation drill for extreme versatility. In-line grip for unrivaled access and control.\" \/>\n<meta property=\"og:url\" content=\"https:\/\/techmaster.com.vn\/en\/milwaukee-m12-fddxkit-0x-fuel-installation-drill-driver\/\" \/>\n<meta property=\"og:site_name\" content=\"Techmaster Electronics JSC\" \/>\n<meta property=\"article:publisher\" content=\"https:\/\/www.facebook.com\/techmaster.electronics.jsc\" \/>\n<meta property=\"article:modified_time\" content=\"2023-03-17T04:29:11+00:00\" \/>\n<meta name=\"twitter:card\" content=\"summary_large_image\" \/>\n<meta name=\"twitter:image\" content=\"https:\/\/techmaster.com.vn\/wp-content\/uploads\/2020\/11\/may-khoan-da-nang-4-dau-milwaukee-m12-fddxkit-0x-8.jpg\" \/>\n<meta name=\"twitter:site\" content=\"@techmastervn\" \/>\n<meta name=\"twitter:label1\" content=\"Price\" \/>\n\t<meta name=\"twitter:data1\" content=\"Call for Price\" \/>\n\t<meta name=\"twitter:label2\" content=\"Availability\" \/>\n\t<meta name=\"twitter:data2\" content=\"In stock\" \/>\n<script type=\"application\/ld+json\" class=\"yoast-schema-graph\">{\"@context\":\"https:\/\/schema.org\",\"@graph\":[{\"@type\":\"WebPage\",\"@id\":\"https:\/\/techmaster.com.vn\/en\/milwaukee-m12-fddxkit-0x-fuel-installation-drill-driver\/\",\"url\":\"https:\/\/techmaster.com.vn\/en\/milwaukee-m12-fddxkit-0x-fuel-installation-drill-driver\/\",\"name\":\"MILWAUKEE M12 FDDXKIT-0X FUEL\u2122 INSTALLATION DRILL\/DRIVER - Techmaster Electronics JSC\",\"isPartOf\":{\"@id\":\"https:\/\/techmaster.com.vn\/en\/#website\"},\"primaryImageOfPage\":{\"@id\":\"https:\/\/techmaster.com.vn\/en\/milwaukee-m12-fddxkit-0x-fuel-installation-drill-driver\/#primaryimage\"},\"image\":{\"@id\":\"https:\/\/techmaster.com.vn\/en\/milwaukee-m12-fddxkit-0x-fuel-installation-drill-driver\/#primaryimage\"},\"thumbnailUrl\":\"https:\/\/techmaster.com.vn\/wp-content\/uploads\/2020\/11\/may-khoan-da-nang-4-dau-milwaukee-m12-fddxkit-0x-8.jpg\",\"datePublished\":\"2020-11-25T03:28:15+00:00\",\"dateModified\":\"2023-03-17T04:29:11+00:00\",\"description\":\"The Milwaukee M12 FDDXKIT-0X - High performance compact 4-in-1 installation drill for extreme versatility. In-line grip for unrivaled access and control.\",\"breadcrumb\":{\"@id\":\"https:\/\/techmaster.com.vn\/en\/milwaukee-m12-fddxkit-0x-fuel-installation-drill-driver\/#breadcrumb\"},\"inLanguage\":\"en-US\",\"potentialAction\":[{\"@type\":\"ReadAction\",\"target\":[\"https:\/\/techmaster.com.vn\/en\/milwaukee-m12-fddxkit-0x-fuel-installation-drill-driver\/\"]}]},{\"@type\":\"ImageObject\",\"inLanguage\":\"en-US\",\"@id\":\"https:\/\/techmaster.com.vn\/en\/milwaukee-m12-fddxkit-0x-fuel-installation-drill-driver\/#primaryimage\",\"url\":\"https:\/\/techmaster.com.vn\/wp-content\/uploads\/2020\/11\/may-khoan-da-nang-4-dau-milwaukee-m12-fddxkit-0x-8.jpg\",\"contentUrl\":\"https:\/\/techmaster.com.vn\/wp-content\/uploads\/2020\/11\/may-khoan-da-nang-4-dau-milwaukee-m12-fddxkit-0x-8.jpg\",\"width\":1000,\"height\":670,\"caption\":\"M\u00e1y khoan \u0111a n\u0103ng 4 \u0111\u1ea7u Milwaukee M12 FDDXKIT-0X (8)\"},{\"@type\":\"BreadcrumbList\",\"@id\":\"https:\/\/techmaster.com.vn\/en\/milwaukee-m12-fddxkit-0x-fuel-installation-drill-driver\/#breadcrumb\",\"itemListElement\":[{\"@type\":\"ListItem\",\"position\":1,\"name\":\"Trang ch\u1ee7\",\"item\":\"https:\/\/techmaster.com.vn\/en\/\"},{\"@type\":\"ListItem\",\"position\":2,\"name\":\"Shop\",\"item\":\"https:\/\/techmaster.com.vn\/san-pham\/\"},{\"@type\":\"ListItem\",\"position\":3,\"name\":\"MILWAUKEE M12 FDDXKIT-0X FUEL\u2122 INSTALLATION DRILL\/DRIVER\"}]},{\"@type\":\"WebSite\",\"@id\":\"https:\/\/techmaster.com.vn\/en\/#website\",\"url\":\"https:\/\/techmaster.com.vn\/en\/\",\"name\":\"Techmaster Electronics JSC\",\"description\":\"\",\"publisher\":{\"@id\":\"https:\/\/techmaster.com.vn\/en\/#organization\"},\"potentialAction\":[{\"@type\":\"SearchAction\",\"target\":{\"@type\":\"EntryPoint\",\"urlTemplate\":\"https:\/\/techmaster.com.vn\/en\/?s={search_term_string}\"},\"query-input\":{\"@type\":\"PropertyValueSpecification\",\"valueRequired\":true,\"valueName\":\"search_term_string\"}}],\"inLanguage\":\"en-US\"},{\"@type\":[\"Organization\",\"Place\"],\"@id\":\"https:\/\/techmaster.com.vn\/en\/#organization\",\"name\":\"Techmaster Electronics JSC\",\"url\":\"https:\/\/techmaster.com.vn\/en\/\",\"logo\":{\"@id\":\"https:\/\/techmaster.com.vn\/en\/milwaukee-m12-fddxkit-0x-fuel-installation-drill-driver\/#local-main-organization-logo\"},\"image\":{\"@id\":\"https:\/\/techmaster.com.vn\/en\/milwaukee-m12-fddxkit-0x-fuel-installation-drill-driver\/#local-main-organization-logo\"},\"sameAs\":[\"https:\/\/www.facebook.com\/techmaster.electronics.jsc\",\"https:\/\/x.com\/techmastervn\",\"https:\/\/www.instagram.com\/techmastervietnam\",\"https:\/\/myspace.com\/techmastervietnam\",\"https:\/\/www.youtube.com\/c\/TechmasterElectronicsJSC\",\"https:\/\/www.pinterest.com\/techmasterelectronicsjsc\/\",\"https:\/\/vi.wikipedia.org\/wiki\/Th\u00e0nh_vi\u00ean:Techmastervietnam\",\"https:\/\/twitter.com\/techmastervn\",\"https:\/\/www.linkedin.com\/company\/techmaster-vietnam\/\"],\"telephone\":[],\"contactPoint\":{\"@type\":\"ContactPoint\",\"email\":\"marketing@techmaster.com.vn\"},\"openingHoursSpecification\":[{\"@type\":\"OpeningHoursSpecification\",\"dayOfWeek\":[\"Monday\",\"Tuesday\",\"Wednesday\",\"Thursday\",\"Friday\",\"Saturday\",\"Sunday\"],\"opens\":\"09:00\",\"closes\":\"17:00\"}],\"email\":\"marketing@techmaster.com.vn\",\"areaServed\":\"Vietnam\"},{\"@type\":\"ImageObject\",\"inLanguage\":\"en-US\",\"@id\":\"https:\/\/techmaster.com.vn\/en\/milwaukee-m12-fddxkit-0x-fuel-installation-drill-driver\/#local-main-organization-logo\",\"url\":\"https:\/\/techmaster.com.vn\/wp-content\/uploads\/2021\/04\/techmaster-logo-homepage.png\",\"contentUrl\":\"https:\/\/techmaster.com.vn\/wp-content\/uploads\/2021\/04\/techmaster-logo-homepage.png\",\"width\":335,\"height\":62,\"caption\":\"Techmaster Electronics JSC\"}]}<\/script>\n<meta property=\"product:price:amount\" content=\"0\" \/>\n<meta property=\"product:price:currency\" content=\"VND\" \/>\n<meta property=\"og:availability\" content=\"instock\" \/>\n<meta property=\"product:availability\" content=\"instock\" \/>\n<meta property=\"product:condition\" content=\"new\" \/>\n<!-- \/ Yoast SEO Premium plugin. -->","yoast_head_json":{"title":"MILWAUKEE M12 FDDXKIT-0X FUEL\u2122 INSTALLATION DRILL\/DRIVER - Techmaster Electronics JSC","description":"The Milwaukee M12 FDDXKIT-0X - High performance compact 4-in-1 installation drill for extreme versatility. In-line grip for unrivaled access and control.","robots":{"index":"index","follow":"follow","max-snippet":"max-snippet:-1","max-image-preview":"max-image-preview:large","max-video-preview":"max-video-preview:-1"},"canonical":"https:\/\/techmaster.com.vn\/en\/milwaukee-m12-fddxkit-0x-fuel-installation-drill-driver\/","og_locale":"en_US","og_type":"article","og_title":"MILWAUKEE M12 FDDXKIT-0X FUEL\u2122 INSTALLATION DRILL\/DRIVER","og_description":"The Milwaukee M12 FDDXKIT-0X - High performance compact 4-in-1 installation drill for extreme versatility. In-line grip for unrivaled access and control.","og_url":"https:\/\/techmaster.com.vn\/en\/milwaukee-m12-fddxkit-0x-fuel-installation-drill-driver\/","og_site_name":"Techmaster Electronics JSC","article_publisher":"https:\/\/www.facebook.com\/techmaster.electronics.jsc","article_modified_time":"2023-03-17T04:29:11+00:00","twitter_card":"summary_large_image","twitter_image":"https:\/\/techmaster.com.vn\/wp-content\/uploads\/2020\/11\/may-khoan-da-nang-4-dau-milwaukee-m12-fddxkit-0x-8.jpg","twitter_site":"@techmastervn","twitter_misc":{"Price":"Call for Price","Availability":"In stock"},"schema":{"@context":"https:\/\/schema.org","@graph":[{"@type":"WebPage","@id":"https:\/\/techmaster.com.vn\/en\/milwaukee-m12-fddxkit-0x-fuel-installation-drill-driver\/","url":"https:\/\/techmaster.com.vn\/en\/milwaukee-m12-fddxkit-0x-fuel-installation-drill-driver\/","name":"MILWAUKEE M12 FDDXKIT-0X FUEL\u2122 INSTALLATION DRILL\/DRIVER - Techmaster Electronics JSC","isPartOf":{"@id":"https:\/\/techmaster.com.vn\/en\/#website"},"primaryImageOfPage":{"@id":"https:\/\/techmaster.com.vn\/en\/milwaukee-m12-fddxkit-0x-fuel-installation-drill-driver\/#primaryimage"},"image":{"@id":"https:\/\/techmaster.com.vn\/en\/milwaukee-m12-fddxkit-0x-fuel-installation-drill-driver\/#primaryimage"},"thumbnailUrl":"https:\/\/techmaster.com.vn\/wp-content\/uploads\/2020\/11\/may-khoan-da-nang-4-dau-milwaukee-m12-fddxkit-0x-8.jpg","datePublished":"2020-11-25T03:28:15+00:00","dateModified":"2023-03-17T04:29:11+00:00","description":"The Milwaukee M12 FDDXKIT-0X - High performance compact 4-in-1 installation drill for extreme versatility. In-line grip for unrivaled access and control.","breadcrumb":{"@id":"https:\/\/techmaster.com.vn\/en\/milwaukee-m12-fddxkit-0x-fuel-installation-drill-driver\/#breadcrumb"},"inLanguage":"en-US","potentialAction":[{"@type":"ReadAction","target":["https:\/\/techmaster.com.vn\/en\/milwaukee-m12-fddxkit-0x-fuel-installation-drill-driver\/"]}]},{"@type":"ImageObject","inLanguage":"en-US","@id":"https:\/\/techmaster.com.vn\/en\/milwaukee-m12-fddxkit-0x-fuel-installation-drill-driver\/#primaryimage","url":"https:\/\/techmaster.com.vn\/wp-content\/uploads\/2020\/11\/may-khoan-da-nang-4-dau-milwaukee-m12-fddxkit-0x-8.jpg","contentUrl":"https:\/\/techmaster.com.vn\/wp-content\/uploads\/2020\/11\/may-khoan-da-nang-4-dau-milwaukee-m12-fddxkit-0x-8.jpg","width":1000,"height":670,"caption":"M\u00e1y khoan \u0111a n\u0103ng 4 \u0111\u1ea7u Milwaukee M12 FDDXKIT-0X (8)"},{"@type":"BreadcrumbList","@id":"https:\/\/techmaster.com.vn\/en\/milwaukee-m12-fddxkit-0x-fuel-installation-drill-driver\/#breadcrumb","itemListElement":[{"@type":"ListItem","position":1,"name":"Trang ch\u1ee7","item":"https:\/\/techmaster.com.vn\/en\/"},{"@type":"ListItem","position":2,"name":"Shop","item":"https:\/\/techmaster.com.vn\/san-pham\/"},{"@type":"ListItem","position":3,"name":"MILWAUKEE M12 FDDXKIT-0X FUEL\u2122 INSTALLATION DRILL\/DRIVER"}]},{"@type":"WebSite","@id":"https:\/\/techmaster.com.vn\/en\/#website","url":"https:\/\/techmaster.com.vn\/en\/","name":"Techmaster Electronics JSC","description":"","publisher":{"@id":"https:\/\/techmaster.com.vn\/en\/#organization"},"potentialAction":[{"@type":"SearchAction","target":{"@type":"EntryPoint","urlTemplate":"https:\/\/techmaster.com.vn\/en\/?s={search_term_string}"},"query-input":{"@type":"PropertyValueSpecification","valueRequired":true,"valueName":"search_term_string"}}],"inLanguage":"en-US"},{"@type":["Organization","Place"],"@id":"https:\/\/techmaster.com.vn\/en\/#organization","name":"Techmaster Electronics JSC","url":"https:\/\/techmaster.com.vn\/en\/","logo":{"@id":"https:\/\/techmaster.com.vn\/en\/milwaukee-m12-fddxkit-0x-fuel-installation-drill-driver\/#local-main-organization-logo"},"image":{"@id":"https:\/\/techmaster.com.vn\/en\/milwaukee-m12-fddxkit-0x-fuel-installation-drill-driver\/#local-main-organization-logo"},"sameAs":["https:\/\/www.facebook.com\/techmaster.electronics.jsc","https:\/\/x.com\/techmastervn","https:\/\/www.instagram.com\/techmastervietnam","https:\/\/myspace.com\/techmastervietnam","https:\/\/www.youtube.com\/c\/TechmasterElectronicsJSC","https:\/\/www.pinterest.com\/techmasterelectronicsjsc\/","https:\/\/vi.wikipedia.org\/wiki\/Th\u00e0nh_vi\u00ean:Techmastervietnam","https:\/\/twitter.com\/techmastervn","https:\/\/www.linkedin.com\/company\/techmaster-vietnam\/"],"telephone":[],"contactPoint":{"@type":"ContactPoint","email":"marketing@techmaster.com.vn"},"openingHoursSpecification":[{"@type":"OpeningHoursSpecification","dayOfWeek":["Monday","Tuesday","Wednesday","Thursday","Friday","Saturday","Sunday"],"opens":"09:00","closes":"17:00"}],"email":"marketing@techmaster.com.vn","areaServed":"Vietnam"},{"@type":"ImageObject","inLanguage":"en-US","@id":"https:\/\/techmaster.com.vn\/en\/milwaukee-m12-fddxkit-0x-fuel-installation-drill-driver\/#local-main-organization-logo","url":"https:\/\/techmaster.com.vn\/wp-content\/uploads\/2021\/04\/techmaster-logo-homepage.png","contentUrl":"https:\/\/techmaster.com.vn\/wp-content\/uploads\/2021\/04\/techmaster-logo-homepage.png","width":335,"height":62,"caption":"Techmaster Electronics JSC"}]},"product_price_currency":"VND","og_availability":"instock","product_availability":"instock","product_condition":"new"},"_links":{"self":[{"href":"https:\/\/techmaster.com.vn\/en\/wp-json\/wp\/v2\/product\/15000","targetHints":{"allow":["GET"]}}],"collection":[{"href":"https:\/\/techmaster.com.vn\/en\/wp-json\/wp\/v2\/product"}],"about":[{"href":"https:\/\/techmaster.com.vn\/en\/wp-json\/wp\/v2\/types\/product"}],"replies":[{"embeddable":true,"href":"https:\/\/techmaster.com.vn\/en\/wp-json\/wp\/v2\/comments?post=15000"}],"wp:featuredmedia":[{"embeddable":true,"href":"https:\/\/techmaster.com.vn\/en\/wp-json\/wp\/v2\/media\/52304"}],"wp:attachment":[{"href":"https:\/\/techmaster.com.vn\/en\/wp-json\/wp\/v2\/media?parent=15000"}],"wp:term":[{"taxonomy":"product_brand","embeddable":true,"href":"https:\/\/techmaster.com.vn\/en\/wp-json\/wp\/v2\/product_brand?post=15000"},{"taxonomy":"product_cat","embeddable":true,"href":"https:\/\/techmaster.com.vn\/en\/wp-json\/wp\/v2\/product_cat?post=15000"},{"taxonomy":"product_tag","embeddable":true,"href":"https:\/\/techmaster.com.vn\/en\/wp-json\/wp\/v2\/product_tag?post=15000"}],"curies":[{"name":"wp","href":"https:\/\/api.w.org\/{rel}","templated":true}]}}