{"id":14988,"date":"2020-11-25T09:58:37","date_gmt":"2020-11-25T02:58:37","guid":{"rendered":"https:\/\/techmaster.com.vn\/may-khoan-goc-vuong-milwaukee-c12-rad-0b-bare\/"},"modified":"2023-03-17T08:24:59","modified_gmt":"2023-03-17T01:24:59","slug":"milwaukee-c12-rad-0b-sub-compact-right-angle-drill","status":"publish","type":"product","link":"https:\/\/techmaster.com.vn\/en\/milwaukee-c12-rad-0b-sub-compact-right-angle-drill\/","title":{"rendered":"MILWAUKEE C12 RAD-0B SUB COMPACT RIGHT ANGLE DRILL"},"content":{"rendered":"<p><strong>SPECIFICATIONS MILWAUKEE C12 RAD-0B SUB COMPACT RIGHT ANGLE DRILL (Milwaukee 2415)<\/strong><\/p>\n<p><strong>Max. torque (Nm): <\/strong>15<\/p>\n<p><strong>No load speed (m\/mins): <\/strong>0 &#8211; 800<\/p>\n<p><strong>Speed settings: <\/strong>1<\/p>\n<p><strong>Chuck Size (mm): <\/strong>10<\/p>\n<p><strong>Chuck Type: <\/strong>Nylon Sleeve<\/p>\n<p><strong>Max. drilling steel (mm): <\/strong>10<\/p>\n<p><strong>Max. drilling wood (mm): <\/strong>25<\/p>\n<p><strong>Voltage (V): <\/strong>12<\/p>\n<p><strong>Weight with battery pack if applicable (kg): <\/strong>1.1kg (2.0Ah)<\/p>\n<p><strong>LED Light: <\/strong>Yes<\/p>\n<p><strong>FUEL Gauge: <\/strong>Yes<\/p>\n<p><strong>Battery platform: <\/strong>M12\u2122 REDLITHIUM\u2122-ION<\/p>\n<h2><strong>Introduction Milwaukee C12 RAD-0B<\/strong><\/h2>\n<p style=\"text-align: justify;\">Work more efficiently with the most versatile right angle drill\/driver on the market. With a head size of just 3-3\/4\u201d, this Milwaukee C12 RAD-0B is compact and lightweight for drilling and fastening in tight spaces, yet delivers 100 in-lbs of torque. It\u2019s the first subcompact with a spindle lock chuck for maximum versatility and grip. Milwaukee 2415 also features the industry\u2019s first electronic clutch, with 12 torque settings and an LED indicator for fastening with complete control. The M12 REDLITHIUM\u2122 Battery Pack delivers more work per charge and more work over pack life than the competitors. The onboard fuel gauge helps you monitor the charge precisely, so there\u2019s less downtime on the job, and a built-in LED Light illuminates the work surface. An extended paddle switch gives you ultimate comfort and convenience during prolonged use.<\/p>\n<p style=\"text-align: center;\"><a href=\"http:\/\/techmaster.com.vn\/wp-content\/uploads\/2020\/11\/may-khoan-goc-vuong-milwaukee-c12-rad-0b-6.jpg\"><img loading=\"lazy\" decoding=\"async\" class=\"alignnone wp-image-9987 size-full\" src=\"https:\/\/techmaster.com.vn\/wp-content\/uploads\/2020\/11\/may-khoan-goc-vuong-milwaukee-c12-rad-0b-6.jpg\" alt=\"Milwaukee C12 RAD-0B (5)\" width=\"772\" height=\"346\" \/><\/a><\/p>\n<h2><strong>Features<\/strong><\/h2>\n<div id=\"p_lt_ctl01_pageplaceholder_p_lt_ctl01_MilwaukeeProductFeatures_pnlFeatues\" class=\"product__description js-description-mask is-active\">\n<div class=\"product__description-content js-product-content\">\n<p>&#8211; Heavy Duty full metal gearbox and gears for superior durability and maximum torque<\/p>\n<p>&#8211; REDLINK\u2122 overload protection electronics in tool and battery pack deliver best in class system durability<\/p>\n<p>&#8211; Variable speed paddle switch trigger for comfortable working in any situation<\/p>\n<p>&#8211; 10 mm chuck for quick bit changes and bit retention<\/p>\n<p>&#8211; Electronic clutch with indicator light for complete control<\/p>\n<p>&#8211; Individual battery cell monitoring optimises tool run time and ensures long term pack durability<\/p>\n<p>&#8211; On board fuel gauge and LED light &#8211; added user convenience and illumination in low lit working conditions<\/p>\n<p>&#8211; REDLITHIUM\u2122 battery pack provides superior pack construction, electronics and fade-free performance to deliver more run time and more work over pack life<\/p>\n<p>&#8211; Flexible battery system: works with all MILWAUKEE\u00ae M12\u2122 batteries<\/p>\n<\/div>\n<\/div>\n<h2><strong>Milwaukee Brand<\/strong><\/h2>\n<div>Since the company began in 1924, Milwaukee Tool has led the industry in developing innovative solutions that deliver increased productivity and unmatched durability for professional construction users. Whether it is through our world-leading M12\u2122 and M18\u2122 cordless systems, the ground-breaking performance of our M12 and M18 FUEL\u2122 products, jobsite lighting, time-saving accessories, or innovative hand tool and storage products, Milwaukee are dedicated to delivering a continuous flow of advanced, trade-specific solutions. Milwaukee Tool is not simply a manufacturer \u2013 Milwaukee are progressive problem solvers.<\/div>\n<div><\/div>\n<div><\/div>\n","protected":false},"excerpt":{"rendered":"<h2><strong>Features<\/strong><\/h2>\n<div id=\"p_lt_ctl01_pageplaceholder_p_lt_ctl01_MilwaukeeProductFeatures_pnlFeatues\" class=\"product__description js-description-mask is-active\">\n<div class=\"product__description-content js-product-content\">\n<p>&#8211; Heavy Duty full metal gearbox and gears for superior durability and maximum torque<\/p>\n<p>&#8211; REDLINK\u2122 overload protection electronics in tool and battery pack deliver best in class system durability<\/p>\n<p>&#8211; Variable speed paddle switch trigger for comfortable working in any situation<\/p>\n<p>&#8211; 10 mm chuck for quick bit changes and bit retention<\/p>\n<p>&#8211; Electronic clutch with indicator light for complete control<\/p>\n<\/div>\n<\/div>\n","protected":false},"featured_media":49846,"comment_status":"open","ping_status":"closed","template":"","meta":[],"product_brand":[],"product_cat":[161,372,271],"product_tag":[],"class_list":{"0":"post-14988","1":"product","2":"type-product","3":"status-publish","4":"has-post-thumbnail","6":"product_cat-hand-tools","7":"product_cat-m12-en","8":"product_cat-drilling","9":"pa_brand-milwaukee-en","11":"first","12":"instock","13":"shipping-taxable","14":"product-type-simple"},"yoast_head":"<!-- This site is optimized with the Yoast SEO Premium plugin v26.8 (Yoast SEO v26.8) - https:\/\/yoast.com\/product\/yoast-seo-premium-wordpress\/ -->\n<title>MILWAUKEE C12 RAD-0B SUB COMPACT RIGHT ANGLE DRILL - Techmaster Electronics JSC<\/title>\n<meta name=\"description\" content=\"The Milwaukee C12 RAD-0B - 10 mm chuck for quick bit changes and bit retention. Electronic clutch with indicator light for complete control.\" \/>\n<meta name=\"robots\" content=\"index, follow, max-snippet:-1, max-image-preview:large, max-video-preview:-1\" \/>\n<link rel=\"canonical\" href=\"https:\/\/techmaster.com.vn\/en\/milwaukee-c12-rad-0b-sub-compact-right-angle-drill\/\" \/>\n<meta property=\"og:locale\" content=\"en_US\" \/>\n<meta property=\"og:type\" content=\"article\" \/>\n<meta property=\"og:title\" content=\"MILWAUKEE C12 RAD-0B SUB COMPACT RIGHT ANGLE DRILL\" \/>\n<meta property=\"og:description\" content=\"The Milwaukee C12 RAD-0B - 10 mm chuck for quick bit changes and bit retention. Electronic clutch with indicator light for complete control.\" \/>\n<meta property=\"og:url\" content=\"https:\/\/techmaster.com.vn\/en\/milwaukee-c12-rad-0b-sub-compact-right-angle-drill\/\" \/>\n<meta property=\"og:site_name\" content=\"Techmaster Electronics JSC\" \/>\n<meta property=\"article:publisher\" content=\"https:\/\/www.facebook.com\/techmaster.electronics.jsc\" \/>\n<meta property=\"article:modified_time\" content=\"2023-03-17T01:24:59+00:00\" \/>\n<meta property=\"og:image\" content=\"https:\/\/techmaster.com.vn\/wp-content\/uploads\/2020\/11\/may-khoan-goc-vuong-milwaukee-c12-rad-0b-7.jpg\" \/>\n<meta name=\"twitter:card\" content=\"summary_large_image\" \/>\n<meta name=\"twitter:site\" content=\"@techmastervn\" \/>\n<meta name=\"twitter:label1\" content=\"Price\" \/>\n\t<meta name=\"twitter:data1\" content=\"Call for Price\" \/>\n\t<meta name=\"twitter:label2\" content=\"Availability\" \/>\n\t<meta name=\"twitter:data2\" content=\"In stock\" \/>\n<script type=\"application\/ld+json\" class=\"yoast-schema-graph\">{\"@context\":\"https:\/\/schema.org\",\"@graph\":[{\"@type\":\"WebPage\",\"@id\":\"https:\/\/techmaster.com.vn\/en\/milwaukee-c12-rad-0b-sub-compact-right-angle-drill\/\",\"url\":\"https:\/\/techmaster.com.vn\/en\/milwaukee-c12-rad-0b-sub-compact-right-angle-drill\/\",\"name\":\"MILWAUKEE C12 RAD-0B SUB COMPACT RIGHT ANGLE DRILL - Techmaster Electronics JSC\",\"isPartOf\":{\"@id\":\"https:\/\/techmaster.com.vn\/en\/#website\"},\"primaryImageOfPage\":{\"@id\":\"https:\/\/techmaster.com.vn\/en\/milwaukee-c12-rad-0b-sub-compact-right-angle-drill\/#primaryimage\"},\"image\":{\"@id\":\"https:\/\/techmaster.com.vn\/en\/milwaukee-c12-rad-0b-sub-compact-right-angle-drill\/#primaryimage\"},\"thumbnailUrl\":\"https:\/\/techmaster.com.vn\/wp-content\/uploads\/2020\/11\/may-khoan-goc-vuong-milwaukee-c12-rad-0b.jpg\",\"datePublished\":\"2020-11-25T02:58:37+00:00\",\"dateModified\":\"2023-03-17T01:24:59+00:00\",\"description\":\"The Milwaukee C12 RAD-0B - 10 mm chuck for quick bit changes and bit retention. Electronic clutch with indicator light for complete control.\",\"breadcrumb\":{\"@id\":\"https:\/\/techmaster.com.vn\/en\/milwaukee-c12-rad-0b-sub-compact-right-angle-drill\/#breadcrumb\"},\"inLanguage\":\"en-US\",\"potentialAction\":[{\"@type\":\"ReadAction\",\"target\":[\"https:\/\/techmaster.com.vn\/en\/milwaukee-c12-rad-0b-sub-compact-right-angle-drill\/\"]}]},{\"@type\":\"ImageObject\",\"inLanguage\":\"en-US\",\"@id\":\"https:\/\/techmaster.com.vn\/en\/milwaukee-c12-rad-0b-sub-compact-right-angle-drill\/#primaryimage\",\"url\":\"https:\/\/techmaster.com.vn\/wp-content\/uploads\/2020\/11\/may-khoan-goc-vuong-milwaukee-c12-rad-0b.jpg\",\"contentUrl\":\"https:\/\/techmaster.com.vn\/wp-content\/uploads\/2020\/11\/may-khoan-goc-vuong-milwaukee-c12-rad-0b.jpg\",\"width\":500,\"height\":500,\"caption\":\"M\u00e1y khoan g\u00f3c vu\u00f4ng Milwaukee C12 RAD-0B\"},{\"@type\":\"BreadcrumbList\",\"@id\":\"https:\/\/techmaster.com.vn\/en\/milwaukee-c12-rad-0b-sub-compact-right-angle-drill\/#breadcrumb\",\"itemListElement\":[{\"@type\":\"ListItem\",\"position\":1,\"name\":\"Trang ch\u1ee7\",\"item\":\"https:\/\/techmaster.com.vn\/en\/\"},{\"@type\":\"ListItem\",\"position\":2,\"name\":\"Shop\",\"item\":\"https:\/\/techmaster.com.vn\/san-pham\/\"},{\"@type\":\"ListItem\",\"position\":3,\"name\":\"MILWAUKEE C12 RAD-0B SUB COMPACT RIGHT ANGLE DRILL\"}]},{\"@type\":\"WebSite\",\"@id\":\"https:\/\/techmaster.com.vn\/en\/#website\",\"url\":\"https:\/\/techmaster.com.vn\/en\/\",\"name\":\"Techmaster Electronics JSC\",\"description\":\"\",\"publisher\":{\"@id\":\"https:\/\/techmaster.com.vn\/en\/#organization\"},\"potentialAction\":[{\"@type\":\"SearchAction\",\"target\":{\"@type\":\"EntryPoint\",\"urlTemplate\":\"https:\/\/techmaster.com.vn\/en\/?s={search_term_string}\"},\"query-input\":{\"@type\":\"PropertyValueSpecification\",\"valueRequired\":true,\"valueName\":\"search_term_string\"}}],\"inLanguage\":\"en-US\"},{\"@type\":[\"Organization\",\"Place\"],\"@id\":\"https:\/\/techmaster.com.vn\/en\/#organization\",\"name\":\"Techmaster Electronics JSC\",\"url\":\"https:\/\/techmaster.com.vn\/en\/\",\"logo\":{\"@id\":\"https:\/\/techmaster.com.vn\/en\/milwaukee-c12-rad-0b-sub-compact-right-angle-drill\/#local-main-organization-logo\"},\"image\":{\"@id\":\"https:\/\/techmaster.com.vn\/en\/milwaukee-c12-rad-0b-sub-compact-right-angle-drill\/#local-main-organization-logo\"},\"sameAs\":[\"https:\/\/www.facebook.com\/techmaster.electronics.jsc\",\"https:\/\/x.com\/techmastervn\",\"https:\/\/www.instagram.com\/techmastervietnam\",\"https:\/\/myspace.com\/techmastervietnam\",\"https:\/\/www.youtube.com\/c\/TechmasterElectronicsJSC\",\"https:\/\/www.pinterest.com\/techmasterelectronicsjsc\/\",\"https:\/\/vi.wikipedia.org\/wiki\/Th\u00e0nh_vi\u00ean:Techmastervietnam\",\"https:\/\/twitter.com\/techmastervn\",\"https:\/\/www.linkedin.com\/company\/techmaster-vietnam\/\"],\"telephone\":[],\"contactPoint\":{\"@type\":\"ContactPoint\",\"email\":\"marketing@techmaster.com.vn\"},\"openingHoursSpecification\":[{\"@type\":\"OpeningHoursSpecification\",\"dayOfWeek\":[\"Monday\",\"Tuesday\",\"Wednesday\",\"Thursday\",\"Friday\",\"Saturday\",\"Sunday\"],\"opens\":\"09:00\",\"closes\":\"17:00\"}],\"email\":\"marketing@techmaster.com.vn\",\"areaServed\":\"Vietnam\"},{\"@type\":\"ImageObject\",\"inLanguage\":\"en-US\",\"@id\":\"https:\/\/techmaster.com.vn\/en\/milwaukee-c12-rad-0b-sub-compact-right-angle-drill\/#local-main-organization-logo\",\"url\":\"https:\/\/techmaster.com.vn\/wp-content\/uploads\/2021\/04\/techmaster-logo-homepage.png\",\"contentUrl\":\"https:\/\/techmaster.com.vn\/wp-content\/uploads\/2021\/04\/techmaster-logo-homepage.png\",\"width\":335,\"height\":62,\"caption\":\"Techmaster Electronics JSC\"}]}<\/script>\n<meta property=\"product:price:amount\" content=\"0\" \/>\n<meta property=\"product:price:currency\" content=\"VND\" \/>\n<meta property=\"og:availability\" content=\"instock\" \/>\n<meta property=\"product:availability\" content=\"instock\" \/>\n<meta property=\"product:condition\" content=\"new\" \/>\n<!-- \/ Yoast SEO Premium plugin. -->","yoast_head_json":{"title":"MILWAUKEE C12 RAD-0B SUB COMPACT RIGHT ANGLE DRILL - Techmaster Electronics JSC","description":"The Milwaukee C12 RAD-0B - 10 mm chuck for quick bit changes and bit retention. Electronic clutch with indicator light for complete control.","robots":{"index":"index","follow":"follow","max-snippet":"max-snippet:-1","max-image-preview":"max-image-preview:large","max-video-preview":"max-video-preview:-1"},"canonical":"https:\/\/techmaster.com.vn\/en\/milwaukee-c12-rad-0b-sub-compact-right-angle-drill\/","og_locale":"en_US","og_type":"article","og_title":"MILWAUKEE C12 RAD-0B SUB COMPACT RIGHT ANGLE DRILL","og_description":"The Milwaukee C12 RAD-0B - 10 mm chuck for quick bit changes and bit retention. Electronic clutch with indicator light for complete control.","og_url":"https:\/\/techmaster.com.vn\/en\/milwaukee-c12-rad-0b-sub-compact-right-angle-drill\/","og_site_name":"Techmaster Electronics JSC","article_publisher":"https:\/\/www.facebook.com\/techmaster.electronics.jsc","article_modified_time":"2023-03-17T01:24:59+00:00","og_image":[{"url":"https:\/\/techmaster.com.vn\/wp-content\/uploads\/2020\/11\/may-khoan-goc-vuong-milwaukee-c12-rad-0b-7.jpg","type":"","width":"","height":""}],"twitter_card":"summary_large_image","twitter_site":"@techmastervn","twitter_misc":{"Price":"Call for Price","Availability":"In stock"},"schema":{"@context":"https:\/\/schema.org","@graph":[{"@type":"WebPage","@id":"https:\/\/techmaster.com.vn\/en\/milwaukee-c12-rad-0b-sub-compact-right-angle-drill\/","url":"https:\/\/techmaster.com.vn\/en\/milwaukee-c12-rad-0b-sub-compact-right-angle-drill\/","name":"MILWAUKEE C12 RAD-0B SUB COMPACT RIGHT ANGLE DRILL - Techmaster Electronics JSC","isPartOf":{"@id":"https:\/\/techmaster.com.vn\/en\/#website"},"primaryImageOfPage":{"@id":"https:\/\/techmaster.com.vn\/en\/milwaukee-c12-rad-0b-sub-compact-right-angle-drill\/#primaryimage"},"image":{"@id":"https:\/\/techmaster.com.vn\/en\/milwaukee-c12-rad-0b-sub-compact-right-angle-drill\/#primaryimage"},"thumbnailUrl":"https:\/\/techmaster.com.vn\/wp-content\/uploads\/2020\/11\/may-khoan-goc-vuong-milwaukee-c12-rad-0b.jpg","datePublished":"2020-11-25T02:58:37+00:00","dateModified":"2023-03-17T01:24:59+00:00","description":"The Milwaukee C12 RAD-0B - 10 mm chuck for quick bit changes and bit retention. Electronic clutch with indicator light for complete control.","breadcrumb":{"@id":"https:\/\/techmaster.com.vn\/en\/milwaukee-c12-rad-0b-sub-compact-right-angle-drill\/#breadcrumb"},"inLanguage":"en-US","potentialAction":[{"@type":"ReadAction","target":["https:\/\/techmaster.com.vn\/en\/milwaukee-c12-rad-0b-sub-compact-right-angle-drill\/"]}]},{"@type":"ImageObject","inLanguage":"en-US","@id":"https:\/\/techmaster.com.vn\/en\/milwaukee-c12-rad-0b-sub-compact-right-angle-drill\/#primaryimage","url":"https:\/\/techmaster.com.vn\/wp-content\/uploads\/2020\/11\/may-khoan-goc-vuong-milwaukee-c12-rad-0b.jpg","contentUrl":"https:\/\/techmaster.com.vn\/wp-content\/uploads\/2020\/11\/may-khoan-goc-vuong-milwaukee-c12-rad-0b.jpg","width":500,"height":500,"caption":"M\u00e1y khoan g\u00f3c vu\u00f4ng Milwaukee C12 RAD-0B"},{"@type":"BreadcrumbList","@id":"https:\/\/techmaster.com.vn\/en\/milwaukee-c12-rad-0b-sub-compact-right-angle-drill\/#breadcrumb","itemListElement":[{"@type":"ListItem","position":1,"name":"Trang ch\u1ee7","item":"https:\/\/techmaster.com.vn\/en\/"},{"@type":"ListItem","position":2,"name":"Shop","item":"https:\/\/techmaster.com.vn\/san-pham\/"},{"@type":"ListItem","position":3,"name":"MILWAUKEE C12 RAD-0B SUB COMPACT RIGHT ANGLE DRILL"}]},{"@type":"WebSite","@id":"https:\/\/techmaster.com.vn\/en\/#website","url":"https:\/\/techmaster.com.vn\/en\/","name":"Techmaster Electronics JSC","description":"","publisher":{"@id":"https:\/\/techmaster.com.vn\/en\/#organization"},"potentialAction":[{"@type":"SearchAction","target":{"@type":"EntryPoint","urlTemplate":"https:\/\/techmaster.com.vn\/en\/?s={search_term_string}"},"query-input":{"@type":"PropertyValueSpecification","valueRequired":true,"valueName":"search_term_string"}}],"inLanguage":"en-US"},{"@type":["Organization","Place"],"@id":"https:\/\/techmaster.com.vn\/en\/#organization","name":"Techmaster Electronics JSC","url":"https:\/\/techmaster.com.vn\/en\/","logo":{"@id":"https:\/\/techmaster.com.vn\/en\/milwaukee-c12-rad-0b-sub-compact-right-angle-drill\/#local-main-organization-logo"},"image":{"@id":"https:\/\/techmaster.com.vn\/en\/milwaukee-c12-rad-0b-sub-compact-right-angle-drill\/#local-main-organization-logo"},"sameAs":["https:\/\/www.facebook.com\/techmaster.electronics.jsc","https:\/\/x.com\/techmastervn","https:\/\/www.instagram.com\/techmastervietnam","https:\/\/myspace.com\/techmastervietnam","https:\/\/www.youtube.com\/c\/TechmasterElectronicsJSC","https:\/\/www.pinterest.com\/techmasterelectronicsjsc\/","https:\/\/vi.wikipedia.org\/wiki\/Th\u00e0nh_vi\u00ean:Techmastervietnam","https:\/\/twitter.com\/techmastervn","https:\/\/www.linkedin.com\/company\/techmaster-vietnam\/"],"telephone":[],"contactPoint":{"@type":"ContactPoint","email":"marketing@techmaster.com.vn"},"openingHoursSpecification":[{"@type":"OpeningHoursSpecification","dayOfWeek":["Monday","Tuesday","Wednesday","Thursday","Friday","Saturday","Sunday"],"opens":"09:00","closes":"17:00"}],"email":"marketing@techmaster.com.vn","areaServed":"Vietnam"},{"@type":"ImageObject","inLanguage":"en-US","@id":"https:\/\/techmaster.com.vn\/en\/milwaukee-c12-rad-0b-sub-compact-right-angle-drill\/#local-main-organization-logo","url":"https:\/\/techmaster.com.vn\/wp-content\/uploads\/2021\/04\/techmaster-logo-homepage.png","contentUrl":"https:\/\/techmaster.com.vn\/wp-content\/uploads\/2021\/04\/techmaster-logo-homepage.png","width":335,"height":62,"caption":"Techmaster Electronics JSC"}]},"product_price_currency":"VND","og_availability":"instock","product_availability":"instock","product_condition":"new"},"_links":{"self":[{"href":"https:\/\/techmaster.com.vn\/en\/wp-json\/wp\/v2\/product\/14988","targetHints":{"allow":["GET"]}}],"collection":[{"href":"https:\/\/techmaster.com.vn\/en\/wp-json\/wp\/v2\/product"}],"about":[{"href":"https:\/\/techmaster.com.vn\/en\/wp-json\/wp\/v2\/types\/product"}],"replies":[{"embeddable":true,"href":"https:\/\/techmaster.com.vn\/en\/wp-json\/wp\/v2\/comments?post=14988"}],"wp:featuredmedia":[{"embeddable":true,"href":"https:\/\/techmaster.com.vn\/en\/wp-json\/wp\/v2\/media\/49846"}],"wp:attachment":[{"href":"https:\/\/techmaster.com.vn\/en\/wp-json\/wp\/v2\/media?parent=14988"}],"wp:term":[{"taxonomy":"product_brand","embeddable":true,"href":"https:\/\/techmaster.com.vn\/en\/wp-json\/wp\/v2\/product_brand?post=14988"},{"taxonomy":"product_cat","embeddable":true,"href":"https:\/\/techmaster.com.vn\/en\/wp-json\/wp\/v2\/product_cat?post=14988"},{"taxonomy":"product_tag","embeddable":true,"href":"https:\/\/techmaster.com.vn\/en\/wp-json\/wp\/v2\/product_tag?post=14988"}],"curies":[{"name":"wp","href":"https:\/\/api.w.org\/{rel}","templated":true}]}}