{"id":14842,"date":"2020-11-25T15:47:44","date_gmt":"2020-11-25T08:47:44","guid":{"rendered":"https:\/\/techmaster.com.vn\/may-mai-goc-milwaukee-m18-flag230xpdb-0c-bare-2\/"},"modified":"2023-03-03T11:41:46","modified_gmt":"2023-03-03T04:41:46","slug":"milwaukee-m18-flag230xpdb-0c-fuel-large-angle-grinder","status":"publish","type":"product","link":"https:\/\/techmaster.com.vn\/en\/milwaukee-m18-flag230xpdb-0c-fuel-large-angle-grinder\/","title":{"rendered":"MILWAUKEE M18 FLAG230XPDB-0C FUEL\u2122 LARGE ANGLE GRINDER"},"content":{"rendered":"<p><b><strong>SPECIFICATIONS\u00a0<\/strong>MILWAUKEE M18 FLAG230XPDB-0C FUEL\u2122 LARGE ANGLE GRINDER<\/b><\/p>\n<p><strong>Disc diameter (mm): <\/strong>230<\/p>\n<p><strong>No load speed (RPM): <\/strong>6600<\/p>\n<p><strong>Max. cutting depth (mm): <\/strong>65<\/p>\n<p><strong>Spindle size (mm): <\/strong>M14<\/p>\n<p><strong>Switch type: <\/strong>Paddle switch<\/p>\n<p><strong>Line lock out function: <\/strong>Yes<\/p>\n<p><strong>Battery platform: <\/strong>M18\u2122 REDLITHIUM\u2122-ION<\/p>\n<p><strong>Voltage (V): <\/strong>18<\/p>\n<p><strong>Weight with battery pack if applicable (kg): <\/strong>5.3kg (12.0Ah)<\/p>\n<p><strong>FUEL Gauge: <\/strong>Yes<\/p>\n<div><\/div>\n<div>\n<h2><strong>Introduction Milwaukee M18 FLAG230XPDB-0C<\/strong><\/h2>\n<p dir=\"ltr\">The M18 FUEL\u2122 7&#8243; \/ 9&#8243; Large Angle Grinder (Milwaukee M18 FLAG230XPDB-0C) is the world&#8217;s first 18V LAG.<\/p>\n<p dir=\"ltr\">It generates 15A corded power is up to 2 lbs lighter, and has 9&#8243; grinding capacity. Providing high performance, advanced ergonomics &amp; legendary durability, this grinder is designed to complete the toughest grinding, surface preparation, and cutting applications with any 7&#8243; &#8211; 9&#8243; accessory.<\/p>\n<p dir=\"ltr\">The POWERSTATE\u2122 Brushless Motor provides 6,600 RPM and higher speeds under load for corded grinding\/cutting performance.<\/p>\n<p dir=\"ltr\">REDLINK PLUS\u2122 intelligence ensures maximum performance and protection from overload, overheating and over discharge.<\/p>\n<p dir=\"ltr\">The M18 REDLITHIUM HIGH OUTPUT HD12.0 battery delivers unmatched run-time in all applications.<\/p>\n<p dir=\"ltr\">Tool-free accessory changes using the FIXTEC nut and guard adjustments mean less downtime during work.<\/p>\n<p style=\"text-align: center;\"><iframe loading=\"lazy\" title=\"YouTube video player\" src=\"https:\/\/www.youtube.com\/embed\/hx2VQMu7SI8\" width=\"772\" height=\"434\" frameborder=\"0\" allowfullscreen=\"allowfullscreen\"><\/iframe><\/p>\n<h2><strong>Features<\/strong><\/h2>\n<div id=\"p_lt_ctl01_pageplaceholder_p_lt_ctl01_MilwaukeeProductFeatures_pnlFeatues\" class=\"product__description js-description-mask is-active\">\n<div class=\"product__description-content js-product-content\">\n<p>&#8211; The world&#8217;s first single 18V battery operated large angle grinder that delivers the power to grind, lighter than corded tools and makes up to 68 cuts per charge in 42 mm stainless steel pipe<\/p>\n<p>&#8211; Next generation POWERSTATE\u2122 brushless motor, REDLINK PLUS\u2122 electronics and REDLITHIUM\u2122 HIGH OUTPUT\u2122 12.0 Ah battery pack deliver superior performance, durability and run time in high demand applications<\/p>\n<p>&#8211; Disc brake slows the disc down faster for improved user protection<\/p>\n<p>&#8211; Non-lockable safety paddle switch with line-lock-out function to prevent automatic start up<\/p>\n<p>&#8211; Keyless guard for great cutting capacity and fast guard adjustment without using a key<\/p>\n<p>&#8211; FIXTEC\u2122 nut for tool-free disc change<\/p>\n<p>&#8211; Anti-vibration side handle for lower vibration<\/p>\n<p>&#8211; Removable dust screen to prevent debris entrance, prolonging motor life<\/p>\n<p dir=\"ltr\" style=\"text-align: center;\"><a href=\"http:\/\/techmaster.com.vn\/wp-content\/uploads\/2020\/11\/may-mai-goc-milwaukee-m18-flag230xpdb-0c-3.jpg\"><img loading=\"lazy\" decoding=\"async\" class=\"alignnone wp-image-9517 size-full\" src=\"https:\/\/techmaster.com.vn\/wp-content\/uploads\/2020\/11\/may-mai-goc-milwaukee-m18-flag230xpdb-0c-3.jpg\" alt=\"Milwaukee M18 FLAG230XPDB-0C (8)\" width=\"772\" height=\"346\" \/><\/a><\/p>\n<\/div>\n<\/div>\n<h2><strong>Milwaukee Brand<\/strong><\/h2>\n<div>Since the company began in 1924, Milwaukee Tool has led the industry in developing innovative solutions that deliver increased productivity and unmatched durability for professional construction users. Whether it is through our world-leading M12\u2122 and M18\u2122 cordless systems, the ground-breaking performance of our M12 and M18 FUEL\u2122 products, jobsite lighting, time-saving accessories, or innovative hand tool and storage products, Milwaukee are dedicated to delivering a continuous flow of advanced, trade-specific solutions. Milwaukee Tool is not simply a manufacturer \u2013 Milwaukee are progressive problem solvers.<\/div>\n<\/div>\n","protected":false},"excerpt":{"rendered":"<h2><span style=\"color: #000000;\"><strong>Features<\/strong><\/span><\/h2>\n<p><span style=\"color: #000000; font-size: 100%;\">&#8211; Disc brake slows the disc down faster for improved user protection<\/span><\/p>\n<p><span style=\"color: #000000; font-size: 100%;\">&#8211; Non-lockable safety paddle switch with line-lock-out function to prevent automatic start up<\/span><\/p>\n<p><span style=\"color: #000000; font-size: 100%;\">&#8211; Keyless guard for great cutting capacity and fast guard adjustment without using a key<\/span><\/p>\n<p><span style=\"color: #000000; font-size: 100%;\">&#8211; FIXTEC\u2122 nut for tool-free disc change<\/span><\/p>\n<p><span style=\"color: #000000; font-size: 100%;\">&#8211; Anti-vibration side handle for lower vibration<\/span><\/p>\n<p><span style=\"color: #000000; font-size: 100%;\">&#8211; View in AR \u2013 3D Product<\/span><\/p>\n","protected":false},"featured_media":1448,"comment_status":"open","ping_status":"closed","template":"","meta":[],"product_brand":[],"product_cat":[161,373,268],"product_tag":[],"class_list":{"0":"post-14842","1":"product","2":"type-product","3":"status-publish","4":"has-post-thumbnail","6":"product_cat-hand-tools","7":"product_cat-m18-en","8":"product_cat-grinders","9":"pa_brand-milwaukee-en","11":"first","12":"instock","13":"shipping-taxable","14":"product-type-simple"},"yoast_head":"<!-- This site is optimized with the Yoast SEO Premium plugin v26.8 (Yoast SEO v26.8) - https:\/\/yoast.com\/product\/yoast-seo-premium-wordpress\/ -->\n<title>MILWAUKEE M18 FLAG230XPDB-0C FUEL\u2122 LARGE ANGLE GRINDER - Techmaster Electronics JSC<\/title>\n<meta name=\"description\" content=\"The Milwaukee M18 FLAG230XPDB-0C - Non-lockable safety paddle switch with line-lock-out function to prevent automatic start up.\" \/>\n<meta name=\"robots\" content=\"index, follow, max-snippet:-1, max-image-preview:large, max-video-preview:-1\" \/>\n<link rel=\"canonical\" href=\"https:\/\/techmaster.com.vn\/en\/milwaukee-m18-flag230xpdb-0c-fuel-large-angle-grinder\/\" \/>\n<meta property=\"og:locale\" content=\"en_US\" \/>\n<meta property=\"og:type\" content=\"article\" \/>\n<meta property=\"og:title\" content=\"MILWAUKEE M18 FLAG230XPDB-0C FUEL\u2122 LARGE ANGLE GRINDER\" \/>\n<meta property=\"og:description\" content=\"The Milwaukee M18 FLAG230XPDB-0C - Non-lockable safety paddle switch with line-lock-out function to prevent automatic start up.\" \/>\n<meta property=\"og:url\" content=\"https:\/\/techmaster.com.vn\/en\/milwaukee-m18-flag230xpdb-0c-fuel-large-angle-grinder\/\" \/>\n<meta property=\"og:site_name\" content=\"Techmaster Electronics JSC\" \/>\n<meta property=\"article:publisher\" content=\"https:\/\/www.facebook.com\/techmaster.electronics.jsc\" \/>\n<meta property=\"article:modified_time\" content=\"2023-03-03T04:41:46+00:00\" \/>\n<meta property=\"og:image\" content=\"https:\/\/techmaster.com.vn\/wp-content\/uploads\/2020\/11\/may-mai-goc-milwaukee-m18-flag230xpdb-0c.jpg\" \/>\n\t<meta property=\"og:image:width\" content=\"450\" \/>\n\t<meta property=\"og:image:height\" content=\"450\" \/>\n\t<meta property=\"og:image:type\" content=\"image\/jpeg\" \/>\n<meta name=\"twitter:card\" content=\"summary_large_image\" \/>\n<meta name=\"twitter:site\" content=\"@techmastervn\" \/>\n<meta name=\"twitter:label1\" content=\"Price\" \/>\n\t<meta name=\"twitter:data1\" content=\"Call for Price\" \/>\n\t<meta name=\"twitter:label2\" content=\"Availability\" \/>\n\t<meta name=\"twitter:data2\" content=\"In stock\" \/>\n<script type=\"application\/ld+json\" class=\"yoast-schema-graph\">{\"@context\":\"https:\/\/schema.org\",\"@graph\":[{\"@type\":\"WebPage\",\"@id\":\"https:\/\/techmaster.com.vn\/en\/milwaukee-m18-flag230xpdb-0c-fuel-large-angle-grinder\/\",\"url\":\"https:\/\/techmaster.com.vn\/en\/milwaukee-m18-flag230xpdb-0c-fuel-large-angle-grinder\/\",\"name\":\"MILWAUKEE M18 FLAG230XPDB-0C FUEL\u2122 LARGE ANGLE GRINDER - Techmaster Electronics JSC\",\"isPartOf\":{\"@id\":\"https:\/\/techmaster.com.vn\/en\/#website\"},\"primaryImageOfPage\":{\"@id\":\"https:\/\/techmaster.com.vn\/en\/milwaukee-m18-flag230xpdb-0c-fuel-large-angle-grinder\/#primaryimage\"},\"image\":{\"@id\":\"https:\/\/techmaster.com.vn\/en\/milwaukee-m18-flag230xpdb-0c-fuel-large-angle-grinder\/#primaryimage\"},\"thumbnailUrl\":\"https:\/\/techmaster.com.vn\/wp-content\/uploads\/2020\/11\/may-mai-goc-milwaukee-m18-flag230xpdb-0c.jpg\",\"datePublished\":\"2020-11-25T08:47:44+00:00\",\"dateModified\":\"2023-03-03T04:41:46+00:00\",\"description\":\"The Milwaukee M18 FLAG230XPDB-0C - Non-lockable safety paddle switch with line-lock-out function to prevent automatic start up.\",\"breadcrumb\":{\"@id\":\"https:\/\/techmaster.com.vn\/en\/milwaukee-m18-flag230xpdb-0c-fuel-large-angle-grinder\/#breadcrumb\"},\"inLanguage\":\"en-US\",\"potentialAction\":[{\"@type\":\"ReadAction\",\"target\":[\"https:\/\/techmaster.com.vn\/en\/milwaukee-m18-flag230xpdb-0c-fuel-large-angle-grinder\/\"]}]},{\"@type\":\"ImageObject\",\"inLanguage\":\"en-US\",\"@id\":\"https:\/\/techmaster.com.vn\/en\/milwaukee-m18-flag230xpdb-0c-fuel-large-angle-grinder\/#primaryimage\",\"url\":\"https:\/\/techmaster.com.vn\/wp-content\/uploads\/2020\/11\/may-mai-goc-milwaukee-m18-flag230xpdb-0c.jpg\",\"contentUrl\":\"https:\/\/techmaster.com.vn\/wp-content\/uploads\/2020\/11\/may-mai-goc-milwaukee-m18-flag230xpdb-0c.jpg\",\"width\":450,\"height\":450,\"caption\":\"M\u00e1y m\u00e0i g\u00f3c Milwaukee FLAG230XPDB-0C\"},{\"@type\":\"BreadcrumbList\",\"@id\":\"https:\/\/techmaster.com.vn\/en\/milwaukee-m18-flag230xpdb-0c-fuel-large-angle-grinder\/#breadcrumb\",\"itemListElement\":[{\"@type\":\"ListItem\",\"position\":1,\"name\":\"Trang ch\u1ee7\",\"item\":\"https:\/\/techmaster.com.vn\/en\/\"},{\"@type\":\"ListItem\",\"position\":2,\"name\":\"Shop\",\"item\":\"https:\/\/techmaster.com.vn\/san-pham\/\"},{\"@type\":\"ListItem\",\"position\":3,\"name\":\"MILWAUKEE M18 FLAG230XPDB-0C FUEL\u2122 LARGE ANGLE GRINDER\"}]},{\"@type\":\"WebSite\",\"@id\":\"https:\/\/techmaster.com.vn\/en\/#website\",\"url\":\"https:\/\/techmaster.com.vn\/en\/\",\"name\":\"Techmaster Electronics JSC\",\"description\":\"\",\"publisher\":{\"@id\":\"https:\/\/techmaster.com.vn\/en\/#organization\"},\"potentialAction\":[{\"@type\":\"SearchAction\",\"target\":{\"@type\":\"EntryPoint\",\"urlTemplate\":\"https:\/\/techmaster.com.vn\/en\/?s={search_term_string}\"},\"query-input\":{\"@type\":\"PropertyValueSpecification\",\"valueRequired\":true,\"valueName\":\"search_term_string\"}}],\"inLanguage\":\"en-US\"},{\"@type\":[\"Organization\",\"Place\"],\"@id\":\"https:\/\/techmaster.com.vn\/en\/#organization\",\"name\":\"Techmaster Electronics JSC\",\"url\":\"https:\/\/techmaster.com.vn\/en\/\",\"logo\":{\"@id\":\"https:\/\/techmaster.com.vn\/en\/milwaukee-m18-flag230xpdb-0c-fuel-large-angle-grinder\/#local-main-organization-logo\"},\"image\":{\"@id\":\"https:\/\/techmaster.com.vn\/en\/milwaukee-m18-flag230xpdb-0c-fuel-large-angle-grinder\/#local-main-organization-logo\"},\"sameAs\":[\"https:\/\/www.facebook.com\/techmaster.electronics.jsc\",\"https:\/\/x.com\/techmastervn\",\"https:\/\/www.instagram.com\/techmastervietnam\",\"https:\/\/myspace.com\/techmastervietnam\",\"https:\/\/www.youtube.com\/c\/TechmasterElectronicsJSC\",\"https:\/\/www.pinterest.com\/techmasterelectronicsjsc\/\",\"https:\/\/vi.wikipedia.org\/wiki\/Th\u00e0nh_vi\u00ean:Techmastervietnam\",\"https:\/\/twitter.com\/techmastervn\",\"https:\/\/www.linkedin.com\/company\/techmaster-vietnam\/\"],\"telephone\":[],\"contactPoint\":{\"@type\":\"ContactPoint\",\"email\":\"marketing@techmaster.com.vn\"},\"openingHoursSpecification\":[{\"@type\":\"OpeningHoursSpecification\",\"dayOfWeek\":[\"Monday\",\"Tuesday\",\"Wednesday\",\"Thursday\",\"Friday\",\"Saturday\",\"Sunday\"],\"opens\":\"09:00\",\"closes\":\"17:00\"}],\"email\":\"marketing@techmaster.com.vn\",\"areaServed\":\"Vietnam\"},{\"@type\":\"ImageObject\",\"inLanguage\":\"en-US\",\"@id\":\"https:\/\/techmaster.com.vn\/en\/milwaukee-m18-flag230xpdb-0c-fuel-large-angle-grinder\/#local-main-organization-logo\",\"url\":\"https:\/\/techmaster.com.vn\/wp-content\/uploads\/2021\/04\/techmaster-logo-homepage.png\",\"contentUrl\":\"https:\/\/techmaster.com.vn\/wp-content\/uploads\/2021\/04\/techmaster-logo-homepage.png\",\"width\":335,\"height\":62,\"caption\":\"Techmaster Electronics JSC\"}]}<\/script>\n<meta property=\"product:price:amount\" content=\"0\" \/>\n<meta property=\"product:price:currency\" content=\"VND\" \/>\n<meta property=\"og:availability\" content=\"instock\" \/>\n<meta property=\"product:availability\" content=\"instock\" \/>\n<meta property=\"product:condition\" content=\"new\" \/>\n<!-- \/ Yoast SEO Premium plugin. -->","yoast_head_json":{"title":"MILWAUKEE M18 FLAG230XPDB-0C FUEL\u2122 LARGE ANGLE GRINDER - Techmaster Electronics JSC","description":"The Milwaukee M18 FLAG230XPDB-0C - Non-lockable safety paddle switch with line-lock-out function to prevent automatic start up.","robots":{"index":"index","follow":"follow","max-snippet":"max-snippet:-1","max-image-preview":"max-image-preview:large","max-video-preview":"max-video-preview:-1"},"canonical":"https:\/\/techmaster.com.vn\/en\/milwaukee-m18-flag230xpdb-0c-fuel-large-angle-grinder\/","og_locale":"en_US","og_type":"article","og_title":"MILWAUKEE M18 FLAG230XPDB-0C FUEL\u2122 LARGE ANGLE GRINDER","og_description":"The Milwaukee M18 FLAG230XPDB-0C - Non-lockable safety paddle switch with line-lock-out function to prevent automatic start up.","og_url":"https:\/\/techmaster.com.vn\/en\/milwaukee-m18-flag230xpdb-0c-fuel-large-angle-grinder\/","og_site_name":"Techmaster Electronics JSC","article_publisher":"https:\/\/www.facebook.com\/techmaster.electronics.jsc","article_modified_time":"2023-03-03T04:41:46+00:00","og_image":[{"width":450,"height":450,"url":"https:\/\/techmaster.com.vn\/wp-content\/uploads\/2020\/11\/may-mai-goc-milwaukee-m18-flag230xpdb-0c.jpg","type":"image\/jpeg"}],"twitter_card":"summary_large_image","twitter_site":"@techmastervn","twitter_misc":{"Price":"Call for Price","Availability":"In stock"},"schema":{"@context":"https:\/\/schema.org","@graph":[{"@type":"WebPage","@id":"https:\/\/techmaster.com.vn\/en\/milwaukee-m18-flag230xpdb-0c-fuel-large-angle-grinder\/","url":"https:\/\/techmaster.com.vn\/en\/milwaukee-m18-flag230xpdb-0c-fuel-large-angle-grinder\/","name":"MILWAUKEE M18 FLAG230XPDB-0C FUEL\u2122 LARGE ANGLE GRINDER - Techmaster Electronics JSC","isPartOf":{"@id":"https:\/\/techmaster.com.vn\/en\/#website"},"primaryImageOfPage":{"@id":"https:\/\/techmaster.com.vn\/en\/milwaukee-m18-flag230xpdb-0c-fuel-large-angle-grinder\/#primaryimage"},"image":{"@id":"https:\/\/techmaster.com.vn\/en\/milwaukee-m18-flag230xpdb-0c-fuel-large-angle-grinder\/#primaryimage"},"thumbnailUrl":"https:\/\/techmaster.com.vn\/wp-content\/uploads\/2020\/11\/may-mai-goc-milwaukee-m18-flag230xpdb-0c.jpg","datePublished":"2020-11-25T08:47:44+00:00","dateModified":"2023-03-03T04:41:46+00:00","description":"The Milwaukee M18 FLAG230XPDB-0C - Non-lockable safety paddle switch with line-lock-out function to prevent automatic start up.","breadcrumb":{"@id":"https:\/\/techmaster.com.vn\/en\/milwaukee-m18-flag230xpdb-0c-fuel-large-angle-grinder\/#breadcrumb"},"inLanguage":"en-US","potentialAction":[{"@type":"ReadAction","target":["https:\/\/techmaster.com.vn\/en\/milwaukee-m18-flag230xpdb-0c-fuel-large-angle-grinder\/"]}]},{"@type":"ImageObject","inLanguage":"en-US","@id":"https:\/\/techmaster.com.vn\/en\/milwaukee-m18-flag230xpdb-0c-fuel-large-angle-grinder\/#primaryimage","url":"https:\/\/techmaster.com.vn\/wp-content\/uploads\/2020\/11\/may-mai-goc-milwaukee-m18-flag230xpdb-0c.jpg","contentUrl":"https:\/\/techmaster.com.vn\/wp-content\/uploads\/2020\/11\/may-mai-goc-milwaukee-m18-flag230xpdb-0c.jpg","width":450,"height":450,"caption":"M\u00e1y m\u00e0i g\u00f3c Milwaukee FLAG230XPDB-0C"},{"@type":"BreadcrumbList","@id":"https:\/\/techmaster.com.vn\/en\/milwaukee-m18-flag230xpdb-0c-fuel-large-angle-grinder\/#breadcrumb","itemListElement":[{"@type":"ListItem","position":1,"name":"Trang ch\u1ee7","item":"https:\/\/techmaster.com.vn\/en\/"},{"@type":"ListItem","position":2,"name":"Shop","item":"https:\/\/techmaster.com.vn\/san-pham\/"},{"@type":"ListItem","position":3,"name":"MILWAUKEE M18 FLAG230XPDB-0C FUEL\u2122 LARGE ANGLE GRINDER"}]},{"@type":"WebSite","@id":"https:\/\/techmaster.com.vn\/en\/#website","url":"https:\/\/techmaster.com.vn\/en\/","name":"Techmaster Electronics JSC","description":"","publisher":{"@id":"https:\/\/techmaster.com.vn\/en\/#organization"},"potentialAction":[{"@type":"SearchAction","target":{"@type":"EntryPoint","urlTemplate":"https:\/\/techmaster.com.vn\/en\/?s={search_term_string}"},"query-input":{"@type":"PropertyValueSpecification","valueRequired":true,"valueName":"search_term_string"}}],"inLanguage":"en-US"},{"@type":["Organization","Place"],"@id":"https:\/\/techmaster.com.vn\/en\/#organization","name":"Techmaster Electronics JSC","url":"https:\/\/techmaster.com.vn\/en\/","logo":{"@id":"https:\/\/techmaster.com.vn\/en\/milwaukee-m18-flag230xpdb-0c-fuel-large-angle-grinder\/#local-main-organization-logo"},"image":{"@id":"https:\/\/techmaster.com.vn\/en\/milwaukee-m18-flag230xpdb-0c-fuel-large-angle-grinder\/#local-main-organization-logo"},"sameAs":["https:\/\/www.facebook.com\/techmaster.electronics.jsc","https:\/\/x.com\/techmastervn","https:\/\/www.instagram.com\/techmastervietnam","https:\/\/myspace.com\/techmastervietnam","https:\/\/www.youtube.com\/c\/TechmasterElectronicsJSC","https:\/\/www.pinterest.com\/techmasterelectronicsjsc\/","https:\/\/vi.wikipedia.org\/wiki\/Th\u00e0nh_vi\u00ean:Techmastervietnam","https:\/\/twitter.com\/techmastervn","https:\/\/www.linkedin.com\/company\/techmaster-vietnam\/"],"telephone":[],"contactPoint":{"@type":"ContactPoint","email":"marketing@techmaster.com.vn"},"openingHoursSpecification":[{"@type":"OpeningHoursSpecification","dayOfWeek":["Monday","Tuesday","Wednesday","Thursday","Friday","Saturday","Sunday"],"opens":"09:00","closes":"17:00"}],"email":"marketing@techmaster.com.vn","areaServed":"Vietnam"},{"@type":"ImageObject","inLanguage":"en-US","@id":"https:\/\/techmaster.com.vn\/en\/milwaukee-m18-flag230xpdb-0c-fuel-large-angle-grinder\/#local-main-organization-logo","url":"https:\/\/techmaster.com.vn\/wp-content\/uploads\/2021\/04\/techmaster-logo-homepage.png","contentUrl":"https:\/\/techmaster.com.vn\/wp-content\/uploads\/2021\/04\/techmaster-logo-homepage.png","width":335,"height":62,"caption":"Techmaster Electronics JSC"}]},"product_price_currency":"VND","og_availability":"instock","product_availability":"instock","product_condition":"new"},"_links":{"self":[{"href":"https:\/\/techmaster.com.vn\/en\/wp-json\/wp\/v2\/product\/14842","targetHints":{"allow":["GET"]}}],"collection":[{"href":"https:\/\/techmaster.com.vn\/en\/wp-json\/wp\/v2\/product"}],"about":[{"href":"https:\/\/techmaster.com.vn\/en\/wp-json\/wp\/v2\/types\/product"}],"replies":[{"embeddable":true,"href":"https:\/\/techmaster.com.vn\/en\/wp-json\/wp\/v2\/comments?post=14842"}],"wp:featuredmedia":[{"embeddable":true,"href":"https:\/\/techmaster.com.vn\/en\/wp-json\/wp\/v2\/media\/1448"}],"wp:attachment":[{"href":"https:\/\/techmaster.com.vn\/en\/wp-json\/wp\/v2\/media?parent=14842"}],"wp:term":[{"taxonomy":"product_brand","embeddable":true,"href":"https:\/\/techmaster.com.vn\/en\/wp-json\/wp\/v2\/product_brand?post=14842"},{"taxonomy":"product_cat","embeddable":true,"href":"https:\/\/techmaster.com.vn\/en\/wp-json\/wp\/v2\/product_cat?post=14842"},{"taxonomy":"product_tag","embeddable":true,"href":"https:\/\/techmaster.com.vn\/en\/wp-json\/wp\/v2\/product_tag?post=14842"}],"curies":[{"name":"wp","href":"https:\/\/api.w.org\/{rel}","templated":true}]}}