{"id":14815,"date":"2020-11-25T15:43:50","date_gmt":"2020-11-25T08:43:50","guid":{"rendered":"https:\/\/techmaster.com.vn\/may-mai-goc-milwaukee-m18-cag100xpdb-0x-bare\/"},"modified":"2023-03-03T10:37:43","modified_gmt":"2023-03-03T03:37:43","slug":"milwaukee-m18-cag100xpdb-0x-m18-fuel-100mm-braking-grinder","status":"publish","type":"product","link":"https:\/\/techmaster.com.vn\/en\/milwaukee-m18-cag100xpdb-0x-m18-fuel-100mm-braking-grinder\/","title":{"rendered":"MILWAUKEE M18 CAG100XPDB-0X M18 FUEL\u2122 100MM BRAKING GRINDER"},"content":{"rendered":"<p><b><strong>SPECIFICATIONS\u00a0<\/strong>MILWAUKEE M18 CAG100XPDB-0X M18 FUEL\u2122 100MM BRAKING GRINDER<\/b><\/p>\n<p><strong>Disc diameter (mm): <\/strong>100<\/p>\n<p><strong>No load speed (RPM): <\/strong>8500<\/p>\n<p><strong>Max. cutting depth (mm): <\/strong>19<\/p>\n<p><strong>Spindle size (mm): <\/strong>M10<\/p>\n<p><strong>Switch type: <\/strong>Paddle switch<\/p>\n<p><strong>Braking time (s): <\/strong>&lt; 2 sec<\/p>\n<p><strong>Battery platform: <\/strong>M18\u2122 REDLITHIUM\u2122-ION<\/p>\n<p><strong>Voltage (V): <\/strong>18<\/p>\n<p><strong>FUEL Gauge: <\/strong>Yes<\/p>\n<p><strong>Weight with battery pack if applicable (kg): <\/strong>2.6kg (6.0Ah)<\/p>\n<h2><strong>Introduction Milwaukee M18 CAG100XPDB-0X<\/strong><\/h2>\n<p dir=\"ltr\">The world\u2019s first cordless grinder delivers the power of a corded grinder with up to 2X more run time and up to 10X longer motor life.<\/p>\n<p dir=\"ltr\">The M18 FUEL\u2122 4-1\/2&#8243; \/ 5&#8243; Grinder (Milwaukee M18 CAG100XPDB-0X) supplies maximum sustained power to complete the toughest grinding, surface preparation and cutting applications.<\/p>\n<p dir=\"ltr\">The POWERSTATE\u2122 Brushless Motor provides up to 10X longer motor life and lower cost of ownership.<\/p>\n<p dir=\"ltr\">The M18\u2122 REDLITHIUM\u2122 XC5.0 Battery Pack (not included) delivers up to 4X more run time and 20% more power.<\/p>\n<p dir=\"ltr\">The grinder features REDLINK PLUS\u2122 Intelligence, the most advanced system of cordless power tool electronics, for maximum performance.<\/p>\n<p dir=\"ltr\">The 18-volt lithium-ion grinder\u2019s thin body design gives it optimized balance to rest easily in your hands.<\/p>\n<p dir=\"ltr\">Tool-free accessory changes and guard adjustments mean less downtime during work.<\/p>\n<p dir=\"ltr\">The grinder is built with the same tool body, gearing system and anti-vibration side handle as Milwaukee\u2019s legendary high-performance corded grinders for maximum durability on the job. Grinding wheel sold separately.<\/p>\n<div class=\"product-tab-btn\" data-toggle=\"collapse\" data-target=\"#features\" aria-expanded=\"true\" aria-controls=\"features\">\n<h2 class=\"collapse-btn-name text-pantone-red\"><strong>Features<\/strong><\/h2>\n<\/div>\n<div id=\"features\" class=\"collapse show\">\n<div class=\"card card-body\">\n<ul class=\"mta-features\">\n<li>Rapid Stop braking feature stops cutting disks in .9 seconds, flap disks in 1.3 seconds, and grinding dists in 1.5 seconds<\/li>\n<li>POWERSTATE Brushless Motor: Delivers maximum power and longer motor life<\/li>\n<li>REDLINK PLUS Intelligence provides optimized performance, electronic clutch, and overload protection using total system communication between tool, battery and charger<\/li>\n<li>REDLITHIUM-ION Battery Packs provides superior pack construction, electronics, and performance to deliver more run-time and more work over pack life<\/li>\n<li>POWER TO GRIND: Corded Performance.<\/li>\n<li>DURABILITY: Same metal housing &amp; gearing system as legendary high performance corded grinders<\/li>\n<\/ul>\n<\/div>\n<\/div>\n<p dir=\"ltr\" style=\"text-align: center;\"><a href=\"http:\/\/techmaster.com.vn\/wp-content\/uploads\/2020\/11\/may-mai-goc-milwaukee-m18-cag100xpdb-0x-5.jpg\"><img loading=\"lazy\" decoding=\"async\" class=\"alignnone wp-image-9501 size-full\" src=\"https:\/\/techmaster.com.vn\/wp-content\/uploads\/2020\/11\/may-mai-goc-milwaukee-m18-cag100xpdb-0x-5.jpg\" alt=\"Milwaukee M18 CAG100XPDB-0X (8)\" width=\"772\" height=\"346\" \/><\/a><\/p>\n<h2><strong>Milwaukee Brand<\/strong><\/h2>\n<div>Since the company began in 1924, Milwaukee Tool has led the industry in developing innovative solutions that deliver increased productivity and unmatched durability for professional construction users. Whether it is through our world-leading M12\u2122 and M18\u2122 cordless systems, the ground-breaking performance of our M12 and M18 FUEL\u2122 products, jobsite lighting, time-saving accessories, or innovative hand tool and storage products, Milwaukee are dedicated to delivering a continuous flow of advanced, trade-specific solutions. Milwaukee Tool is not simply a manufacturer \u2013 Milwaukee are progressive problem solvers.<\/div>\n","protected":false},"excerpt":{"rendered":"<h2 id=\"features\"><strong>Features<\/strong><\/h2>\n<div class=\"feature\">&#8211; Rapid Stop braking feature stops cutting disks in .9 seconds, flap disks in 1.3 seconds, and grinding dists in 1.5 seconds<br \/>\n&#8211; POWERSTATE\u2122 Brushless Motor: Delivers maximum power and longer motor life<br \/>\n&#8211; REDLINK PLUS\u2122 Intelligence provides optimized performance, electronic clutch, and overload protection using total system communication between tool, battery and charger<br \/>\n&#8211; REDLITHIUM\u2122-ION Battery Packs provides superior pack construction, electronics, and performance to deliver more run-time and more work over pack life<br \/>\n&#8211; POWER TO GRIND: Corded Performance.<\/div>\n","protected":false},"featured_media":1441,"comment_status":"open","ping_status":"closed","template":"","meta":[],"product_brand":[],"product_cat":[161,373,268],"product_tag":[],"class_list":{"0":"post-14815","1":"product","2":"type-product","3":"status-publish","4":"has-post-thumbnail","6":"product_cat-hand-tools","7":"product_cat-m18-en","8":"product_cat-grinders","9":"pa_brand-milwaukee-en","11":"first","12":"instock","13":"shipping-taxable","14":"product-type-simple"},"yoast_head":"<!-- This site is optimized with the Yoast SEO Premium plugin v26.8 (Yoast SEO v26.8) - https:\/\/yoast.com\/product\/yoast-seo-premium-wordpress\/ -->\n<title>MILWAUKEE M18 CAG100XPDB-0X M18 FUEL\u2122 100MM BRAKING GRINDER - Techmaster Electronics JSC<\/title>\n<meta name=\"description\" content=\"The Milwaukee M18 CAG100XPDB-0X - Rapid Stop braking feature stops cutting disks in .9 seconds, flap disks in 1.3 seconds, and grinding dists in 1.5 seconds.\" \/>\n<meta name=\"robots\" content=\"index, follow, max-snippet:-1, max-image-preview:large, max-video-preview:-1\" \/>\n<link rel=\"canonical\" href=\"https:\/\/techmaster.com.vn\/en\/milwaukee-m18-cag100xpdb-0x-m18-fuel-100mm-braking-grinder\/\" \/>\n<meta property=\"og:locale\" content=\"en_US\" \/>\n<meta property=\"og:type\" content=\"article\" \/>\n<meta property=\"og:title\" content=\"MILWAUKEE M18 CAG100XPDB-0X M18 FUEL\u2122 100MM BRAKING GRINDER\" \/>\n<meta property=\"og:description\" content=\"The Milwaukee M18 CAG100XPDB-0X - Rapid Stop braking feature stops cutting disks in .9 seconds, flap disks in 1.3 seconds, and grinding dists in 1.5 seconds.\" \/>\n<meta property=\"og:url\" content=\"https:\/\/techmaster.com.vn\/en\/milwaukee-m18-cag100xpdb-0x-m18-fuel-100mm-braking-grinder\/\" \/>\n<meta property=\"og:site_name\" content=\"Techmaster Electronics JSC\" \/>\n<meta property=\"article:publisher\" content=\"https:\/\/www.facebook.com\/techmaster.electronics.jsc\" \/>\n<meta property=\"article:modified_time\" content=\"2023-03-03T03:37:43+00:00\" \/>\n<meta property=\"og:image\" content=\"https:\/\/techmaster.com.vn\/wp-content\/uploads\/2020\/11\/may-mai-goc-milwaukee-m18-cag100xpdb-0x.jpg\" \/>\n\t<meta property=\"og:image:width\" content=\"450\" \/>\n\t<meta property=\"og:image:height\" content=\"450\" \/>\n\t<meta property=\"og:image:type\" content=\"image\/jpeg\" \/>\n<meta name=\"twitter:card\" content=\"summary_large_image\" \/>\n<meta name=\"twitter:site\" content=\"@techmastervn\" \/>\n<meta name=\"twitter:label1\" content=\"Price\" \/>\n\t<meta name=\"twitter:data1\" content=\"Call for Price\" \/>\n\t<meta name=\"twitter:label2\" content=\"Availability\" \/>\n\t<meta name=\"twitter:data2\" content=\"In stock\" \/>\n<script type=\"application\/ld+json\" class=\"yoast-schema-graph\">{\"@context\":\"https:\/\/schema.org\",\"@graph\":[{\"@type\":\"WebPage\",\"@id\":\"https:\/\/techmaster.com.vn\/en\/milwaukee-m18-cag100xpdb-0x-m18-fuel-100mm-braking-grinder\/\",\"url\":\"https:\/\/techmaster.com.vn\/en\/milwaukee-m18-cag100xpdb-0x-m18-fuel-100mm-braking-grinder\/\",\"name\":\"MILWAUKEE M18 CAG100XPDB-0X M18 FUEL\u2122 100MM BRAKING GRINDER - Techmaster Electronics JSC\",\"isPartOf\":{\"@id\":\"https:\/\/techmaster.com.vn\/en\/#website\"},\"primaryImageOfPage\":{\"@id\":\"https:\/\/techmaster.com.vn\/en\/milwaukee-m18-cag100xpdb-0x-m18-fuel-100mm-braking-grinder\/#primaryimage\"},\"image\":{\"@id\":\"https:\/\/techmaster.com.vn\/en\/milwaukee-m18-cag100xpdb-0x-m18-fuel-100mm-braking-grinder\/#primaryimage\"},\"thumbnailUrl\":\"https:\/\/techmaster.com.vn\/wp-content\/uploads\/2020\/11\/may-mai-goc-milwaukee-m18-cag100xpdb-0x.jpg\",\"datePublished\":\"2020-11-25T08:43:50+00:00\",\"dateModified\":\"2023-03-03T03:37:43+00:00\",\"description\":\"The Milwaukee M18 CAG100XPDB-0X - Rapid Stop braking feature stops cutting disks in .9 seconds, flap disks in 1.3 seconds, and grinding dists in 1.5 seconds.\",\"breadcrumb\":{\"@id\":\"https:\/\/techmaster.com.vn\/en\/milwaukee-m18-cag100xpdb-0x-m18-fuel-100mm-braking-grinder\/#breadcrumb\"},\"inLanguage\":\"en-US\",\"potentialAction\":[{\"@type\":\"ReadAction\",\"target\":[\"https:\/\/techmaster.com.vn\/en\/milwaukee-m18-cag100xpdb-0x-m18-fuel-100mm-braking-grinder\/\"]}]},{\"@type\":\"ImageObject\",\"inLanguage\":\"en-US\",\"@id\":\"https:\/\/techmaster.com.vn\/en\/milwaukee-m18-cag100xpdb-0x-m18-fuel-100mm-braking-grinder\/#primaryimage\",\"url\":\"https:\/\/techmaster.com.vn\/wp-content\/uploads\/2020\/11\/may-mai-goc-milwaukee-m18-cag100xpdb-0x.jpg\",\"contentUrl\":\"https:\/\/techmaster.com.vn\/wp-content\/uploads\/2020\/11\/may-mai-goc-milwaukee-m18-cag100xpdb-0x.jpg\",\"width\":450,\"height\":450,\"caption\":\"M\u00e1y m\u00e0i g\u00f3c Milwaukee M18 CAG100XPDB-0X\"},{\"@type\":\"BreadcrumbList\",\"@id\":\"https:\/\/techmaster.com.vn\/en\/milwaukee-m18-cag100xpdb-0x-m18-fuel-100mm-braking-grinder\/#breadcrumb\",\"itemListElement\":[{\"@type\":\"ListItem\",\"position\":1,\"name\":\"Trang ch\u1ee7\",\"item\":\"https:\/\/techmaster.com.vn\/en\/\"},{\"@type\":\"ListItem\",\"position\":2,\"name\":\"Shop\",\"item\":\"https:\/\/techmaster.com.vn\/san-pham\/\"},{\"@type\":\"ListItem\",\"position\":3,\"name\":\"MILWAUKEE M18 CAG100XPDB-0X M18 FUEL\u2122 100MM BRAKING GRINDER\"}]},{\"@type\":\"WebSite\",\"@id\":\"https:\/\/techmaster.com.vn\/en\/#website\",\"url\":\"https:\/\/techmaster.com.vn\/en\/\",\"name\":\"Techmaster Electronics JSC\",\"description\":\"\",\"publisher\":{\"@id\":\"https:\/\/techmaster.com.vn\/en\/#organization\"},\"potentialAction\":[{\"@type\":\"SearchAction\",\"target\":{\"@type\":\"EntryPoint\",\"urlTemplate\":\"https:\/\/techmaster.com.vn\/en\/?s={search_term_string}\"},\"query-input\":{\"@type\":\"PropertyValueSpecification\",\"valueRequired\":true,\"valueName\":\"search_term_string\"}}],\"inLanguage\":\"en-US\"},{\"@type\":[\"Organization\",\"Place\"],\"@id\":\"https:\/\/techmaster.com.vn\/en\/#organization\",\"name\":\"Techmaster Electronics JSC\",\"url\":\"https:\/\/techmaster.com.vn\/en\/\",\"logo\":{\"@id\":\"https:\/\/techmaster.com.vn\/en\/milwaukee-m18-cag100xpdb-0x-m18-fuel-100mm-braking-grinder\/#local-main-organization-logo\"},\"image\":{\"@id\":\"https:\/\/techmaster.com.vn\/en\/milwaukee-m18-cag100xpdb-0x-m18-fuel-100mm-braking-grinder\/#local-main-organization-logo\"},\"sameAs\":[\"https:\/\/www.facebook.com\/techmaster.electronics.jsc\",\"https:\/\/x.com\/techmastervn\",\"https:\/\/www.instagram.com\/techmastervietnam\",\"https:\/\/myspace.com\/techmastervietnam\",\"https:\/\/www.youtube.com\/c\/TechmasterElectronicsJSC\",\"https:\/\/www.pinterest.com\/techmasterelectronicsjsc\/\",\"https:\/\/vi.wikipedia.org\/wiki\/Th\u00e0nh_vi\u00ean:Techmastervietnam\",\"https:\/\/twitter.com\/techmastervn\",\"https:\/\/www.linkedin.com\/company\/techmaster-vietnam\/\"],\"telephone\":[],\"contactPoint\":{\"@type\":\"ContactPoint\",\"email\":\"marketing@techmaster.com.vn\"},\"openingHoursSpecification\":[{\"@type\":\"OpeningHoursSpecification\",\"dayOfWeek\":[\"Monday\",\"Tuesday\",\"Wednesday\",\"Thursday\",\"Friday\",\"Saturday\",\"Sunday\"],\"opens\":\"09:00\",\"closes\":\"17:00\"}],\"email\":\"marketing@techmaster.com.vn\",\"areaServed\":\"Vietnam\"},{\"@type\":\"ImageObject\",\"inLanguage\":\"en-US\",\"@id\":\"https:\/\/techmaster.com.vn\/en\/milwaukee-m18-cag100xpdb-0x-m18-fuel-100mm-braking-grinder\/#local-main-organization-logo\",\"url\":\"https:\/\/techmaster.com.vn\/wp-content\/uploads\/2021\/04\/techmaster-logo-homepage.png\",\"contentUrl\":\"https:\/\/techmaster.com.vn\/wp-content\/uploads\/2021\/04\/techmaster-logo-homepage.png\",\"width\":335,\"height\":62,\"caption\":\"Techmaster Electronics JSC\"}]}<\/script>\n<meta property=\"product:price:amount\" content=\"0\" \/>\n<meta property=\"product:price:currency\" content=\"VND\" \/>\n<meta property=\"og:availability\" content=\"instock\" \/>\n<meta property=\"product:availability\" content=\"instock\" \/>\n<meta property=\"product:condition\" content=\"new\" \/>\n<!-- \/ Yoast SEO Premium plugin. -->","yoast_head_json":{"title":"MILWAUKEE M18 CAG100XPDB-0X M18 FUEL\u2122 100MM BRAKING GRINDER - Techmaster Electronics JSC","description":"The Milwaukee M18 CAG100XPDB-0X - Rapid Stop braking feature stops cutting disks in .9 seconds, flap disks in 1.3 seconds, and grinding dists in 1.5 seconds.","robots":{"index":"index","follow":"follow","max-snippet":"max-snippet:-1","max-image-preview":"max-image-preview:large","max-video-preview":"max-video-preview:-1"},"canonical":"https:\/\/techmaster.com.vn\/en\/milwaukee-m18-cag100xpdb-0x-m18-fuel-100mm-braking-grinder\/","og_locale":"en_US","og_type":"article","og_title":"MILWAUKEE M18 CAG100XPDB-0X M18 FUEL\u2122 100MM BRAKING GRINDER","og_description":"The Milwaukee M18 CAG100XPDB-0X - Rapid Stop braking feature stops cutting disks in .9 seconds, flap disks in 1.3 seconds, and grinding dists in 1.5 seconds.","og_url":"https:\/\/techmaster.com.vn\/en\/milwaukee-m18-cag100xpdb-0x-m18-fuel-100mm-braking-grinder\/","og_site_name":"Techmaster Electronics JSC","article_publisher":"https:\/\/www.facebook.com\/techmaster.electronics.jsc","article_modified_time":"2023-03-03T03:37:43+00:00","og_image":[{"width":450,"height":450,"url":"https:\/\/techmaster.com.vn\/wp-content\/uploads\/2020\/11\/may-mai-goc-milwaukee-m18-cag100xpdb-0x.jpg","type":"image\/jpeg"}],"twitter_card":"summary_large_image","twitter_site":"@techmastervn","twitter_misc":{"Price":"Call for Price","Availability":"In stock"},"schema":{"@context":"https:\/\/schema.org","@graph":[{"@type":"WebPage","@id":"https:\/\/techmaster.com.vn\/en\/milwaukee-m18-cag100xpdb-0x-m18-fuel-100mm-braking-grinder\/","url":"https:\/\/techmaster.com.vn\/en\/milwaukee-m18-cag100xpdb-0x-m18-fuel-100mm-braking-grinder\/","name":"MILWAUKEE M18 CAG100XPDB-0X M18 FUEL\u2122 100MM BRAKING GRINDER - Techmaster Electronics JSC","isPartOf":{"@id":"https:\/\/techmaster.com.vn\/en\/#website"},"primaryImageOfPage":{"@id":"https:\/\/techmaster.com.vn\/en\/milwaukee-m18-cag100xpdb-0x-m18-fuel-100mm-braking-grinder\/#primaryimage"},"image":{"@id":"https:\/\/techmaster.com.vn\/en\/milwaukee-m18-cag100xpdb-0x-m18-fuel-100mm-braking-grinder\/#primaryimage"},"thumbnailUrl":"https:\/\/techmaster.com.vn\/wp-content\/uploads\/2020\/11\/may-mai-goc-milwaukee-m18-cag100xpdb-0x.jpg","datePublished":"2020-11-25T08:43:50+00:00","dateModified":"2023-03-03T03:37:43+00:00","description":"The Milwaukee M18 CAG100XPDB-0X - Rapid Stop braking feature stops cutting disks in .9 seconds, flap disks in 1.3 seconds, and grinding dists in 1.5 seconds.","breadcrumb":{"@id":"https:\/\/techmaster.com.vn\/en\/milwaukee-m18-cag100xpdb-0x-m18-fuel-100mm-braking-grinder\/#breadcrumb"},"inLanguage":"en-US","potentialAction":[{"@type":"ReadAction","target":["https:\/\/techmaster.com.vn\/en\/milwaukee-m18-cag100xpdb-0x-m18-fuel-100mm-braking-grinder\/"]}]},{"@type":"ImageObject","inLanguage":"en-US","@id":"https:\/\/techmaster.com.vn\/en\/milwaukee-m18-cag100xpdb-0x-m18-fuel-100mm-braking-grinder\/#primaryimage","url":"https:\/\/techmaster.com.vn\/wp-content\/uploads\/2020\/11\/may-mai-goc-milwaukee-m18-cag100xpdb-0x.jpg","contentUrl":"https:\/\/techmaster.com.vn\/wp-content\/uploads\/2020\/11\/may-mai-goc-milwaukee-m18-cag100xpdb-0x.jpg","width":450,"height":450,"caption":"M\u00e1y m\u00e0i g\u00f3c Milwaukee M18 CAG100XPDB-0X"},{"@type":"BreadcrumbList","@id":"https:\/\/techmaster.com.vn\/en\/milwaukee-m18-cag100xpdb-0x-m18-fuel-100mm-braking-grinder\/#breadcrumb","itemListElement":[{"@type":"ListItem","position":1,"name":"Trang ch\u1ee7","item":"https:\/\/techmaster.com.vn\/en\/"},{"@type":"ListItem","position":2,"name":"Shop","item":"https:\/\/techmaster.com.vn\/san-pham\/"},{"@type":"ListItem","position":3,"name":"MILWAUKEE M18 CAG100XPDB-0X M18 FUEL\u2122 100MM BRAKING GRINDER"}]},{"@type":"WebSite","@id":"https:\/\/techmaster.com.vn\/en\/#website","url":"https:\/\/techmaster.com.vn\/en\/","name":"Techmaster Electronics JSC","description":"","publisher":{"@id":"https:\/\/techmaster.com.vn\/en\/#organization"},"potentialAction":[{"@type":"SearchAction","target":{"@type":"EntryPoint","urlTemplate":"https:\/\/techmaster.com.vn\/en\/?s={search_term_string}"},"query-input":{"@type":"PropertyValueSpecification","valueRequired":true,"valueName":"search_term_string"}}],"inLanguage":"en-US"},{"@type":["Organization","Place"],"@id":"https:\/\/techmaster.com.vn\/en\/#organization","name":"Techmaster Electronics JSC","url":"https:\/\/techmaster.com.vn\/en\/","logo":{"@id":"https:\/\/techmaster.com.vn\/en\/milwaukee-m18-cag100xpdb-0x-m18-fuel-100mm-braking-grinder\/#local-main-organization-logo"},"image":{"@id":"https:\/\/techmaster.com.vn\/en\/milwaukee-m18-cag100xpdb-0x-m18-fuel-100mm-braking-grinder\/#local-main-organization-logo"},"sameAs":["https:\/\/www.facebook.com\/techmaster.electronics.jsc","https:\/\/x.com\/techmastervn","https:\/\/www.instagram.com\/techmastervietnam","https:\/\/myspace.com\/techmastervietnam","https:\/\/www.youtube.com\/c\/TechmasterElectronicsJSC","https:\/\/www.pinterest.com\/techmasterelectronicsjsc\/","https:\/\/vi.wikipedia.org\/wiki\/Th\u00e0nh_vi\u00ean:Techmastervietnam","https:\/\/twitter.com\/techmastervn","https:\/\/www.linkedin.com\/company\/techmaster-vietnam\/"],"telephone":[],"contactPoint":{"@type":"ContactPoint","email":"marketing@techmaster.com.vn"},"openingHoursSpecification":[{"@type":"OpeningHoursSpecification","dayOfWeek":["Monday","Tuesday","Wednesday","Thursday","Friday","Saturday","Sunday"],"opens":"09:00","closes":"17:00"}],"email":"marketing@techmaster.com.vn","areaServed":"Vietnam"},{"@type":"ImageObject","inLanguage":"en-US","@id":"https:\/\/techmaster.com.vn\/en\/milwaukee-m18-cag100xpdb-0x-m18-fuel-100mm-braking-grinder\/#local-main-organization-logo","url":"https:\/\/techmaster.com.vn\/wp-content\/uploads\/2021\/04\/techmaster-logo-homepage.png","contentUrl":"https:\/\/techmaster.com.vn\/wp-content\/uploads\/2021\/04\/techmaster-logo-homepage.png","width":335,"height":62,"caption":"Techmaster Electronics JSC"}]},"product_price_currency":"VND","og_availability":"instock","product_availability":"instock","product_condition":"new"},"_links":{"self":[{"href":"https:\/\/techmaster.com.vn\/en\/wp-json\/wp\/v2\/product\/14815","targetHints":{"allow":["GET"]}}],"collection":[{"href":"https:\/\/techmaster.com.vn\/en\/wp-json\/wp\/v2\/product"}],"about":[{"href":"https:\/\/techmaster.com.vn\/en\/wp-json\/wp\/v2\/types\/product"}],"replies":[{"embeddable":true,"href":"https:\/\/techmaster.com.vn\/en\/wp-json\/wp\/v2\/comments?post=14815"}],"wp:featuredmedia":[{"embeddable":true,"href":"https:\/\/techmaster.com.vn\/en\/wp-json\/wp\/v2\/media\/1441"}],"wp:attachment":[{"href":"https:\/\/techmaster.com.vn\/en\/wp-json\/wp\/v2\/media?parent=14815"}],"wp:term":[{"taxonomy":"product_brand","embeddable":true,"href":"https:\/\/techmaster.com.vn\/en\/wp-json\/wp\/v2\/product_brand?post=14815"},{"taxonomy":"product_cat","embeddable":true,"href":"https:\/\/techmaster.com.vn\/en\/wp-json\/wp\/v2\/product_cat?post=14815"},{"taxonomy":"product_tag","embeddable":true,"href":"https:\/\/techmaster.com.vn\/en\/wp-json\/wp\/v2\/product_tag?post=14815"}],"curies":[{"name":"wp","href":"https:\/\/api.w.org\/{rel}","templated":true}]}}