{"id":14776,"date":"2020-12-10T08:05:57","date_gmt":"2020-12-10T01:05:57","guid":{"rendered":"https:\/\/techmaster.com.vn\/bo-loc-vi-sinh-hty-30x\/"},"modified":"2020-12-10T08:05:57","modified_gmt":"2020-12-10T01:05:57","slug":"bo-loc-vi-sinh-hty-30x","status":"publish","type":"product","link":"https:\/\/techmaster.com.vn\/en\/bo-loc-vi-sinh-hty-30x\/","title":{"rendered":"B\u1ed9 l\u1ecdc vi sinh Tailin HTY-30X"},"content":{"rendered":"<p><span style=\"font-weight: 400;\">B\u1ed9 l\u1ecdc vi sinh HTY-30X \u2013 Microbial Limit Test l\u00e0 m\u1ed9t thi\u1ebft b\u1ecb \u0111\u01b0\u1ee3c thi\u1ebft k\u1ebf chuy\u00ean bi\u1ec7t cho c\u00e1c y\u00eau c\u1ea7u l\u1ea5y m\u1eabu vi sinh trong dung d\u1ecbch \u0111\u1ebfn t\u1eeb th\u01b0\u01a1ng hi\u1ec7u Tailin \u2013 chuy\u00ean cung c\u1ea5p c\u00f4ng ngh\u1ec7 ki\u1ec3m so\u00e1t m\u00f4i tr\u01b0\u1eddng mang t\u00ednh h\u1ec7 th\u1ed1ng, ph\u00e1t hi\u1ec7n v\u00e0 th\u1ea9m \u0111\u1ecbnh cho c\u00e1c ng\u00e0nh c\u00f4ng nghi\u1ec7p nh\u01b0 ch\u0103m s\u00f3c s\u1ee9c kh\u1ecfe, khoa h\u1ecdc \u0111\u1eddi s\u1ed1ng, d\u01b0\u1ee3c ph\u1ea9m, th\u1ef1c ph\u1ea9m. HTY-30X l\u00e0 th\u1ebf h\u1ec7 m\u1edbi c\u1ee7a d\u00f2ng s\u1ea3n ph\u1ea9m b\u1ed9 l\u1ecdc vi sinh, c\u1ea5u tr\u00fac \u0111\u01a1n gi\u1ea3n, d\u1ec5 d\u00e0ng th\u00e1o l\u1eafp v\u00e0 l\u00e0m s\u1ea1ch. <\/span><\/p>\n<h2 style=\"text-align: justify;\"><b>\u0110\u1eb6C \u0110I\u1ec2M N\u1ed4I B\u1eacT<\/b><\/h2>\n<div style=\"text-align: justify;\"><span style=\"font-weight: 400;\">\u0110\u1ea7u l\u1ecdc c\u00f3 th\u1ec3 d\u1ec5 d\u00e0ng thay th\u1ebf v\u00e0 t\u01b0\u01a1ng th\u00edch v\u1edbi nhi\u1ec1u lo\u1ea1i c\u1ed1c v\u00e0 m\u00e0ng l\u1ecdc kh\u00e1c nhau. S\u1ea3n ph\u1ea9m th\u01b0\u1eddng \u1ee9ng d\u1ee5ng trong c\u00e1c l\u0129nh v\u1ef1c: x\u00e9t nghi\u1ec7m, d<\/span><span style=\"font-weight: 400;\">[WU1] d<\/span><span style=\"font-weight: 400;\">\u01b0\u1ee3c ph\u1ea9m, th\u1ef1c ph\u1ea9m, c\u00f4ng nghi\u1ec7p h\u00f3a ch\u1ea5t,&#8230;<\/span><\/div>\n<h2 style=\"text-align: justify;\"><b style=\"color: #333333; font-size: 14.4px;\">1. Thi\u1ebft k\u1ebf \u1ed5ng th\u1eb3ng, mang l\u1ea1i nhi\u1ec1u s\u1ef1 l\u1ef1a ch\u1ecdn cho ng\u01b0\u1eddi d\u00f9ng v\u1edbi 1, 3, hay 6 nh\u00e1nh<\/b><\/h2>\n<div style=\"text-align: justify;\"><span style=\"font-weight: 400;\">Do l\u00e0 s\u1ea3n ph\u1ea9m th\u1ebf h\u1ec7 m\u1edbi trong d\u00f2ng s\u1ea3n ph\u1ea9m b\u1ed9 l\u1ecdc vi sinh n\u00ean HTY-30X \u2013 Microbial Limit Test c\u00f3 nhi\u1ec1u s\u1ef1 c\u1ea3i ti\u1ebfn v\u1ec1 thi\u1ebft k\u1ebf h\u01a1n so v\u1edbi c\u00e1c th\u1ebf h\u1ec7 s\u1ea3n ph\u1ea9m tr\u01b0\u1edbc \u0111\u00e2y. HTY-30X c\u00f3 <\/span><span style=\"font-weight: 400;\">thi\u1ebft k\u1ebf<\/span><span style=\"font-weight: 400;\"> \u1ed1ng th\u1eb3ng, mang \u0111\u1ebfn nhi\u1ec1u s\u1ef1 l\u1ef1a ch\u1ecdn cho ng\u01b0\u1eddi s\u1eed d\u1ee5ng khi c\u00f3 th\u1ec3 \u0111i\u1ec1u ch\u1ec9nh van kh\u00f3a hay m\u1edf v\u1edbi 1,3 hay 6 nh\u00e1nh \u0111\u1ec3 l\u1ea5y m\u1eabu theo y\u00eau c\u1ea7u. B\u1ed9 l\u1ecdc <\/span><span style=\"font-weight: 400;\">th\u01b0\u1eddng<\/span><span style=\"font-weight: 400;\"> vi sinh th\u01b0\u1eddng \u0111\u01b0\u1ee3c d\u00f9ng k\u00e8m v\u1edbi b\u01a1m ch\u00e2n kh\u00f4ng \u0111\u1ec3 t\u0103ng hi\u1ec7u qu\u1ea3 l\u1ecdc. T\u00f9y thu\u1ed9c v\u00e0o thi\u1ebft k\u1ebf c\u1ee7a t\u1eebng lo\u1ea1i b\u01a1m, n\u01b0\u1edbc th\u1ea3i c\u00f3 th\u1ec3 \u0111\u01b0\u1ee3c x\u1ea3 tr\u1ef1c ti\u1ebfp qua b\u01a1m ho\u1eb7c qua b\u00ecnh ch\u1ee9a trung gian. V\u1edbi HTY-30X vi\u1ec7c l\u1ecdc l\u1ea5y m\u1eabu vi sinh trong dung d\u1ecbch ch\u01b0a bao gi\u1edd \u0111\u01a1n gi\u1ea3n \u0111\u1ebfn nh\u01b0 v\u1eady.<\/span><\/div>\n<h2 style=\"text-align: justify;\"><b style=\"color: #333333; font-size: 14.4px;\">2. Thi\u1ebft k\u1ebf th\u00f4ng minh gi\u00fap th\u00e1o l\u1eafp thu\u1eadn ti\u1ec7n v\u00e0 kh\u00f4ng c\u00f3 g\u00f3c ch\u1ebft, gi\u00fap v\u1ec7 sinh nhanh ch\u00f3ng v\u00e0 d\u1ec5 d\u00e0ng.<\/b><\/h2>\n<div style=\"text-align: justify;\"><span style=\"font-weight: 400;\">B\u1ed9 l\u1ecdc vi sinh HTY-30X \u2013 Microbial Limit Test c\u00f3 thi\u1ebft k\u1ebf th\u00f4ng minh, gi\u00fap ng\u01b0\u1eddi d\u00f9ng th\u00e1o l\u1eafp m\u1ed9t c\u00e1ch thu\u1eadn ti\u1ec7n khi s\u1eed d\u1ee5ng. S\u1ea3n ph\u1ea9m kh\u00f4ng c\u00f3 g\u00f3c ch\u1ebft v\u00e0 c\u00f3 th\u1ec3 th\u00e1o r\u1eddi c\u00e1c b\u1ed9 ph\u1eadn g<\/span><span style=\"font-weight: 400;\">[WU2] <\/span><span style=\"font-weight: 400;\">i\u00fap ng\u01b0\u1eddi d\u00f9ng l\u00e0m s\u1ea1ch\/ v\u1ec7 sinh d\u1ec5 d\u00e0ng v\u00e0 nhanh ch\u00f3ng. Lo\u1ea1i b\u1ecf t\u1ed1i \u0111a c\u00e1c t\u1ed3n d\u01b0 c\u00f2n s\u00f3t l\u1ea1i g\u00f3p ph\u1ea7n lo\u1ea1i b\u1ecf c\u00e1c nguy c\u01a1 g\u00e2y \u00f4 nhi\u1ec5m. \u0110\u1ea3m b\u1ea3o qu\u00e1 tr\u00ecnh l\u1ea5y m\u1eabu vi sinh trong dung d\u1ecbch \u0111\u1ea1t \u0111\u01b0\u1ee3c k\u1ebft qu\u1ea3 t\u1ed1t nh\u1ea5t.<\/span><\/div>\n<h2 style=\"text-align: justify;\"><b style=\"color: #333333; font-size: 14.4px;\">3. Ti\u1ec7t tr\u00f9ng nhanh ch\u00f3ng v\u00e0 d\u1ec5 d\u00e0ng b\u1eb1ng nhi\u1ec1u ph\u01b0\u01a1ng ph\u00e1p kh\u00e1c nhau<\/b><\/h2>\n<div style=\"text-align: justify;\"><span style=\"font-weight: 400;\">\u0110\u1ec3 vi\u1ec7c l\u1ea5y m\u1eabu vi sinh trong dung d\u1ecbch \u0111\u1ea1t k\u1ebft qu\u1ea3 t\u1ed1t th\u00ec c\u00f4ng t\u00e1c ti\u1ec7t tr\u00f9ng b\u1ed9 l\u1ecdc vi sinh sau khi s\u1eed d\u1ee5ng \u0111\u00f3ng vai tr\u00f2 kh\u00f4ng h\u1ec1 nh\u1ecf. Ch\u00ednh v\u00ec th\u1ebf, v\u1edbi s\u1ea3n ph\u1ea9m b\u1ed9 l\u1ecdc vi sinh HTY-30X &#8211; Microbial Limit Test c\u1ee7a Tailin th\u00ec ng\u01b0\u1eddi d\u00f9ng c\u00f3 th\u1ec3 \u00e1p d\u1ee5ng nhanh ch\u00f3ng nhi\u1ec1u ph\u01b0\u01a1ng ph\u00e1p ti\u1ec7t tr\u00f9ng kh\u00e1c nhau nh\u01b0 h\u1ea5p ti\u1ec7t tr\u00f9ng, ti\u1ec7t tr\u00f9ng b\u1eb1ng kh\u00ed n\u00f3ng, ti\u1ec7t tr\u00f9ng b\u1eb1ng ng\u1ecdn l\u1eeda. Ngo\u00e0i ra, s\u1ea3n ph\u1ea9m \u0111\u01b0\u1ee3c c\u1ea5u t\u1ea1o b\u1eb1ng ch\u1ea5t li\u1ec7u th\u00e9p kh\u00f4ng g\u1ec9 316L c\u00f3 th\u1ec3 gia nhi\u1ec7t m\u00e0 kh\u00f4ng g\u00e2y h\u01b0 h\u1ea1i <\/span><span style=\"font-weight: 400;\">[WU3] <\/span><span style=\"font-weight: 400;\">\u0111\u1ebfn thi\u1ebft b\u1ecb. G\u00f3p ph\u1ea7n mang \u0111\u1ebfn hi\u1ec7u qu\u1ea3 cao cho c\u00f4ng t\u00e1c l\u1ea5y m\u1eabu vi sinh \u0111\u1ec3 ph\u00e2n t\u00edch trong ph\u00f2ng th\u00ed nghi\u1ec7m vi sinh, d\u01b0\u1ee3c ph\u1ea9m, th\u1ef1c ph\u1ea9m, v.v<\/span><\/div>\n<h2 style=\"text-align: justify;\"><b style=\"color: #333333; font-size: 14.4px;\">4. T\u01b0\u01a1ng th\u00edch v\u1edbi nhi\u1ec1u lo\u1ea1i c\u1ed1c ch\u1ee9a v\u00e0 m\u00e0ng l\u1ecdc kh\u00e1c nhau, thay l\u1eafp \u0111\u01a1n gi\u1ea3n v\u00e0 nhanh ch\u00f3ng<\/b><\/h2>\n<div style=\"text-align: justify;\"><span style=\"font-weight: 400;\">M\u1ed9t trong nh\u1eefng \u01b0u \u0111i\u1ec3m c\u1ee7a b\u1ed9 l\u1ecdc l\u1ea5y m\u1eabu vi sinh HTY-30X &#8211; Microbial Limit Test c\u1ee7a Tailin l\u00e0 t\u01b0\u01a1ng th\u00edch v\u1edbi nhi\u1ec1u lo\u1ea1i c\u1ed1c ch\u1ee9a v\u00e0 m\u00e0ng l\u1ecdc kh\u00e1c nhau. Qu\u00e1 tr\u00ecnh thay l\u1eafp c\u0169ng \u0111\u01a1n gi\u1ea3n v\u00e0 nhanh ch\u00f3ng, g\u00f3p ph\u1ea7n ti\u1ebft ki\u1ec7m chi ph\u00ed cho ng\u01b0\u1eddi d\u00f9ng khi ch\u1ec9 c\u1ea7n \u0111\u1ea7u t\u01b0 m\u1ed9t b\u1ed9 thi\u1ebft b\u1ecb nh\u01b0ng v\u1eabn c\u00f3 th\u1ec3 \u0111\u00e1p \u1ee9ng nhi\u1ec1u y\u00eau c\u1ea7u l\u1ecdc l\u1ea5y m\u1eabu vi sinh kh\u00e1c nhau. <\/span><span style=\"font-weight: 400;\">C\u00e1c b\u1ed9 ph\u1eadn \u0111\u01b0\u1ee3c g\u1eafn k\u1ebft v\u1edbi nhau r\u1ea5t ch\u1eafc ch\u1eafn, t\u1ea1o c\u1ea3m gi\u00e1c an t\u00e2m, t\u1ef1 tin khi thao t\u00e1c.<\/span><\/div>\n<h2 style=\"text-align: justify;\"><b style=\"color: #333333; font-size: 14.4px;\">5. Thi\u1ebft k\u1ebf t\u01b0\u01a1ng th\u00edch v\u1edbi nhi\u1ec1u \u0111\u1ea7u b\u01a1m kh\u00e1c nhau<\/b><\/h2>\n<div style=\"text-align: justify;\"><span style=\"font-weight: 400;\">B\u1ed9 l\u1ecdc l\u1ea5y m\u1eabu vi sinh HTY-30X &#8211; Microbial Limit Test \u0111\u01b0\u1ee3c thi\u1ebft k\u1ebf t\u01b0\u01a1ng th\u00edch v\u1edbi nhi\u1ec1u \u0111\u1ea7u b\u01a1m kh\u00e1c nhau \u0111\u1ec3 \u0111\u00e1p \u1ee9ng \u0111a d\u1ea1ng c\u00e1c y\u00eau c\u1ea7u l\u1ecdc l\u1ea5y m\u1eabu vi sinh trong dung d\u1ecbch m\u00e0 v\u1eabn \u0111\u1ea1t \u0111\u01b0\u1ee3c k\u1ebft qu\u1ea3 cao nh\u1ea5t<\/span><span style=\"font-weight: 400;\">.<\/span><span style=\"font-weight: 400;\"> Techmaster cung c\u1ea5p \u0111\u1ea7y \u0111\u1ee7 tr\u1ecdn b\u1ed9, bao g\u1ed3m: B\u1ed9 l\u1ecdc vi sinh 1, 3, 6 nh\u00e1nh HTY-30X, B\u01a1m ch\u00e2n kh\u00f4ng, c\u00e1c lo\u1ea1i c\u1ed1c l\u1ecdc v\u00e0 m\u00e0ng l\u1ecdc.<\/span><span style=\"font-weight: 400;\"> Gi\u1edd \u0111\u00e2y, v\u1edbi thi\u1ebft b\u1ecb l\u1ecdc l\u1ea5y m\u1eabu vi sinh HTY-30X ng\u01b0\u1eddi d\u00f9ng c\u00f3 th\u1ec3 y\u00ean t\u00e2m ti\u1ebfn h\u00e0nh c\u00f4ng t\u00e1c l\u1ecdc l\u1ea5y m\u1eabu vi sinh trong dung d\u1ecbch m\u00e0 kh\u00f4ng ph\u1ea3i g\u1eb7p b\u1ea5t k\u1ef3 kh\u00f3 kh\u0103n v\u00e0 tr\u1edf ng\u1ea1i n\u00e0o.<\/span><\/div>\n<div><\/div>\n<div style=\"text-align: justify;\"><span style=\"font-weight: 400;\">\u0110\u01b0\u1eddng k\u00ednh m\u00e0ng l\u1ecdc vi sinh 47mm ph\u00f9 h\u1ee3p v\u1edbi t\u1ea5t c\u1ea3 c\u00e1c m\u00e0ng l\u1ecdc chu\u1ea9n 47mm hi\u1ec7n nay. B\u1ea1n ho\u00e0n to\u00e0n y\u00ean t\u00e2m v\u00ec b\u00ean ngo\u00e0i th\u1ecb tr\u01b0\u1eddng. Thi\u1ebft k\u1ebf n\u00e0y c\u00f3 r\u1ea5t nhi\u1ec1u v\u00e0 \u0111\u01b0\u1ee3c s\u1eed d\u1ee5ng ph\u1ed5 bi\u1ebfn. Ngo\u00e0i ra b\u1ed9 l\u1ecdc c\u00f2n s\u1eed d\u1ee5ng \u0111\u01b0\u1ee3c v\u1edbi m\u00e0ng l\u1ecdc c\u00f3 \u0111\u01b0\u1eddng kinh \u03a660mm. \u0110\u00e1p \u1ee9ng nhi\u1ec1u nhu c\u1ea7u ki\u1ec3m tra kh\u00e1c nhau c\u1ee7a ng\u01b0\u1eddi s\u1eed d\u1ee5ng.<\/span><\/div>\n","protected":false},"excerpt":{"rendered":"<ul>\n<li>Thi\u1ebft k\u1ebf \u1ed5ng th\u1eb3ng, nhi\u1ec1u s\u1ef1 l\u1ef1a ch\u1ecdn v\u1edbi 1, 3, hay 6 nh\u00e1nh<\/li>\n<li>Thi\u1ebft k\u1ebf th\u00f4ng minh, th\u00e1o v\u00e0 l\u1eafp r\u00e1p thu\u1eadn ti\u1ec7n, kh\u00f4ng c\u00f3 g\u00f3c ch\u1ebft<\/li>\n<li>Ti\u1ec7t tr\u00f9ng nhanh ch\u00f3ng v\u00e0 d\u1ec5 d\u00e0ng b\u1eb1ng nhi\u1ec1u ph\u01b0\u01a1ng ph\u00e1p kh\u00e1c nhau<\/li>\n<li>T\u01b0\u01a1ng th\u00edch v\u1edbi nhi\u1ec1u lo\u1ea1i c\u1ed1c ch\u1ee9a v\u00e0 m\u00e0ng l\u1ecdc kh\u00e1c nhau, thay l\u1eafp \u0111\u01a1n gi\u1ea3n v\u00e0 nhanh ch\u00f3ng<\/li>\n<li>\u0110\u01b0\u1eddng k\u00ednh l\u1ecdc: \u03a647mm, \u03a660mm<\/li>\n<\/ul>\n","protected":false},"featured_media":4138,"comment_status":"open","ping_status":"closed","template":"","meta":[],"product_brand":[],"product_cat":[160,267],"product_tag":[],"class_list":{"0":"post-14776","1":"product","2":"type-product","3":"status-publish","4":"has-post-thumbnail","6":"product_cat-clean-room-equipment","7":"product_cat-environment-accessories","9":"first","10":"instock","11":"shipping-taxable","12":"product-type-simple"},"yoast_head":"<!-- This site is optimized with the Yoast SEO Premium plugin v26.8 (Yoast SEO v26.8) - https:\/\/yoast.com\/product\/yoast-seo-premium-wordpress\/ -->\n<title>B\u1ed9 l\u1ecdc vi sinh Tailin HTY-30X - Techmaster Electronics JSC<\/title>\n<meta name=\"description\" content=\"B\u1ed9 l\u1ecdc vi sinh HTY-30X \u2013 Microbial Limit Test l\u00e0 m\u1ed9t thi\u1ebft b\u1ecb \u0111\u01b0\u1ee3c thi\u1ebft k\u1ebf chuy\u00ean bi\u1ec7t cho c\u00e1c y\u00eau c\u1ea7u l\u1ea5y m\u1eabu vi sinh trong dung d\u1ecbch \u0111\u1ebfn\" \/>\n<meta name=\"robots\" content=\"index, follow, max-snippet:-1, max-image-preview:large, max-video-preview:-1\" \/>\n<link rel=\"canonical\" href=\"https:\/\/techmaster.com.vn\/en\/bo-loc-vi-sinh-hty-30x\/\" \/>\n<meta property=\"og:locale\" content=\"en_US\" \/>\n<meta property=\"og:type\" content=\"article\" \/>\n<meta property=\"og:title\" content=\"B\u1ed9 l\u1ecdc vi sinh Tailin HTY-30X\" \/>\n<meta property=\"og:description\" content=\"B\u1ed9 l\u1ecdc vi sinh HTY-30X \u2013 Microbial Limit Test l\u00e0 m\u1ed9t thi\u1ebft b\u1ecb \u0111\u01b0\u1ee3c thi\u1ebft k\u1ebf chuy\u00ean bi\u1ec7t cho c\u00e1c y\u00eau c\u1ea7u l\u1ea5y m\u1eabu vi sinh trong dung d\u1ecbch \u0111\u1ebfn\" \/>\n<meta property=\"og:url\" content=\"https:\/\/techmaster.com.vn\/en\/bo-loc-vi-sinh-hty-30x\/\" \/>\n<meta property=\"og:site_name\" content=\"Techmaster Electronics JSC\" \/>\n<meta property=\"article:publisher\" content=\"https:\/\/www.facebook.com\/techmaster.electronics.jsc\" \/>\n<meta property=\"og:image\" content=\"https:\/\/techmaster.com.vn\/wp-content\/uploads\/2020\/12\/bo-loc-vi-sinh-HTY-30X.jpg\" \/>\n\t<meta property=\"og:image:width\" content=\"450\" \/>\n\t<meta property=\"og:image:height\" content=\"450\" \/>\n\t<meta property=\"og:image:type\" content=\"image\/jpeg\" \/>\n<meta name=\"twitter:card\" content=\"summary_large_image\" \/>\n<meta name=\"twitter:site\" content=\"@techmastervn\" \/>\n<meta name=\"twitter:label1\" content=\"Price\" \/>\n\t<meta name=\"twitter:data1\" content=\"Call for Price\" \/>\n\t<meta name=\"twitter:label2\" content=\"Availability\" \/>\n\t<meta name=\"twitter:data2\" content=\"In stock\" \/>\n<script type=\"application\/ld+json\" class=\"yoast-schema-graph\">{\"@context\":\"https:\/\/schema.org\",\"@graph\":[{\"@type\":\"WebPage\",\"@id\":\"https:\/\/techmaster.com.vn\/en\/bo-loc-vi-sinh-hty-30x\/\",\"url\":\"https:\/\/techmaster.com.vn\/en\/bo-loc-vi-sinh-hty-30x\/\",\"name\":\"B\u1ed9 l\u1ecdc vi sinh Tailin HTY-30X - Techmaster Electronics JSC\",\"isPartOf\":{\"@id\":\"https:\/\/techmaster.com.vn\/en\/#website\"},\"primaryImageOfPage\":{\"@id\":\"https:\/\/techmaster.com.vn\/en\/bo-loc-vi-sinh-hty-30x\/#primaryimage\"},\"image\":{\"@id\":\"https:\/\/techmaster.com.vn\/en\/bo-loc-vi-sinh-hty-30x\/#primaryimage\"},\"thumbnailUrl\":\"https:\/\/techmaster.com.vn\/wp-content\/uploads\/2020\/12\/bo-loc-vi-sinh-HTY-30X.jpg\",\"datePublished\":\"2020-12-10T01:05:57+00:00\",\"description\":\"B\u1ed9 l\u1ecdc vi sinh HTY-30X \u2013 Microbial Limit Test l\u00e0 m\u1ed9t thi\u1ebft b\u1ecb \u0111\u01b0\u1ee3c thi\u1ebft k\u1ebf chuy\u00ean bi\u1ec7t cho c\u00e1c y\u00eau c\u1ea7u l\u1ea5y m\u1eabu vi sinh trong dung d\u1ecbch \u0111\u1ebfn\",\"breadcrumb\":{\"@id\":\"https:\/\/techmaster.com.vn\/en\/bo-loc-vi-sinh-hty-30x\/#breadcrumb\"},\"inLanguage\":\"en-US\",\"potentialAction\":[{\"@type\":\"ReadAction\",\"target\":[\"https:\/\/techmaster.com.vn\/en\/bo-loc-vi-sinh-hty-30x\/\"]}]},{\"@type\":\"ImageObject\",\"inLanguage\":\"en-US\",\"@id\":\"https:\/\/techmaster.com.vn\/en\/bo-loc-vi-sinh-hty-30x\/#primaryimage\",\"url\":\"https:\/\/techmaster.com.vn\/wp-content\/uploads\/2020\/12\/bo-loc-vi-sinh-HTY-30X.jpg\",\"contentUrl\":\"https:\/\/techmaster.com.vn\/wp-content\/uploads\/2020\/12\/bo-loc-vi-sinh-HTY-30X.jpg\",\"width\":450,\"height\":450,\"caption\":\"B\u1ed9 l\u1ecdc vi sinh HTY-30X \u2013 Microbial Limit Test\"},{\"@type\":\"BreadcrumbList\",\"@id\":\"https:\/\/techmaster.com.vn\/en\/bo-loc-vi-sinh-hty-30x\/#breadcrumb\",\"itemListElement\":[{\"@type\":\"ListItem\",\"position\":1,\"name\":\"Trang ch\u1ee7\",\"item\":\"https:\/\/techmaster.com.vn\/en\/\"},{\"@type\":\"ListItem\",\"position\":2,\"name\":\"Shop\",\"item\":\"https:\/\/techmaster.com.vn\/san-pham\/\"},{\"@type\":\"ListItem\",\"position\":3,\"name\":\"B\u1ed9 l\u1ecdc vi sinh Tailin HTY-30X\"}]},{\"@type\":\"WebSite\",\"@id\":\"https:\/\/techmaster.com.vn\/en\/#website\",\"url\":\"https:\/\/techmaster.com.vn\/en\/\",\"name\":\"Techmaster Electronics JSC\",\"description\":\"\",\"publisher\":{\"@id\":\"https:\/\/techmaster.com.vn\/en\/#organization\"},\"potentialAction\":[{\"@type\":\"SearchAction\",\"target\":{\"@type\":\"EntryPoint\",\"urlTemplate\":\"https:\/\/techmaster.com.vn\/en\/?s={search_term_string}\"},\"query-input\":{\"@type\":\"PropertyValueSpecification\",\"valueRequired\":true,\"valueName\":\"search_term_string\"}}],\"inLanguage\":\"en-US\"},{\"@type\":[\"Organization\",\"Place\"],\"@id\":\"https:\/\/techmaster.com.vn\/en\/#organization\",\"name\":\"Techmaster Electronics JSC\",\"url\":\"https:\/\/techmaster.com.vn\/en\/\",\"logo\":{\"@id\":\"https:\/\/techmaster.com.vn\/en\/bo-loc-vi-sinh-hty-30x\/#local-main-organization-logo\"},\"image\":{\"@id\":\"https:\/\/techmaster.com.vn\/en\/bo-loc-vi-sinh-hty-30x\/#local-main-organization-logo\"},\"sameAs\":[\"https:\/\/www.facebook.com\/techmaster.electronics.jsc\",\"https:\/\/x.com\/techmastervn\",\"https:\/\/www.instagram.com\/techmastervietnam\",\"https:\/\/myspace.com\/techmastervietnam\",\"https:\/\/www.youtube.com\/c\/TechmasterElectronicsJSC\",\"https:\/\/www.pinterest.com\/techmasterelectronicsjsc\/\",\"https:\/\/vi.wikipedia.org\/wiki\/Th\u00e0nh_vi\u00ean:Techmastervietnam\",\"https:\/\/twitter.com\/techmastervn\",\"https:\/\/www.linkedin.com\/company\/techmaster-vietnam\/\"],\"telephone\":[],\"contactPoint\":{\"@type\":\"ContactPoint\",\"email\":\"marketing@techmaster.com.vn\"},\"openingHoursSpecification\":[{\"@type\":\"OpeningHoursSpecification\",\"dayOfWeek\":[\"Monday\",\"Tuesday\",\"Wednesday\",\"Thursday\",\"Friday\",\"Saturday\",\"Sunday\"],\"opens\":\"09:00\",\"closes\":\"17:00\"}],\"email\":\"marketing@techmaster.com.vn\",\"areaServed\":\"Vietnam\"},{\"@type\":\"ImageObject\",\"inLanguage\":\"en-US\",\"@id\":\"https:\/\/techmaster.com.vn\/en\/bo-loc-vi-sinh-hty-30x\/#local-main-organization-logo\",\"url\":\"https:\/\/techmaster.com.vn\/wp-content\/uploads\/2021\/04\/techmaster-logo-homepage.png\",\"contentUrl\":\"https:\/\/techmaster.com.vn\/wp-content\/uploads\/2021\/04\/techmaster-logo-homepage.png\",\"width\":335,\"height\":62,\"caption\":\"Techmaster Electronics JSC\"}]}<\/script>\n<meta property=\"product:price:amount\" content=\"0\" \/>\n<meta property=\"product:price:currency\" content=\"VND\" \/>\n<meta property=\"og:availability\" content=\"instock\" \/>\n<meta property=\"product:availability\" content=\"instock\" \/>\n<meta property=\"product:condition\" content=\"new\" \/>\n<!-- \/ Yoast SEO Premium plugin. -->","yoast_head_json":{"title":"B\u1ed9 l\u1ecdc vi sinh Tailin HTY-30X - Techmaster Electronics JSC","description":"B\u1ed9 l\u1ecdc vi sinh HTY-30X \u2013 Microbial Limit Test l\u00e0 m\u1ed9t thi\u1ebft b\u1ecb \u0111\u01b0\u1ee3c thi\u1ebft k\u1ebf chuy\u00ean bi\u1ec7t cho c\u00e1c y\u00eau c\u1ea7u l\u1ea5y m\u1eabu vi sinh trong dung d\u1ecbch \u0111\u1ebfn","robots":{"index":"index","follow":"follow","max-snippet":"max-snippet:-1","max-image-preview":"max-image-preview:large","max-video-preview":"max-video-preview:-1"},"canonical":"https:\/\/techmaster.com.vn\/en\/bo-loc-vi-sinh-hty-30x\/","og_locale":"en_US","og_type":"article","og_title":"B\u1ed9 l\u1ecdc vi sinh Tailin HTY-30X","og_description":"B\u1ed9 l\u1ecdc vi sinh HTY-30X \u2013 Microbial Limit Test l\u00e0 m\u1ed9t thi\u1ebft b\u1ecb \u0111\u01b0\u1ee3c thi\u1ebft k\u1ebf chuy\u00ean bi\u1ec7t cho c\u00e1c y\u00eau c\u1ea7u l\u1ea5y m\u1eabu vi sinh trong dung d\u1ecbch \u0111\u1ebfn","og_url":"https:\/\/techmaster.com.vn\/en\/bo-loc-vi-sinh-hty-30x\/","og_site_name":"Techmaster Electronics JSC","article_publisher":"https:\/\/www.facebook.com\/techmaster.electronics.jsc","og_image":[{"width":450,"height":450,"url":"https:\/\/techmaster.com.vn\/wp-content\/uploads\/2020\/12\/bo-loc-vi-sinh-HTY-30X.jpg","type":"image\/jpeg"}],"twitter_card":"summary_large_image","twitter_site":"@techmastervn","twitter_misc":{"Price":"Call for Price","Availability":"In stock"},"schema":{"@context":"https:\/\/schema.org","@graph":[{"@type":"WebPage","@id":"https:\/\/techmaster.com.vn\/en\/bo-loc-vi-sinh-hty-30x\/","url":"https:\/\/techmaster.com.vn\/en\/bo-loc-vi-sinh-hty-30x\/","name":"B\u1ed9 l\u1ecdc vi sinh Tailin HTY-30X - Techmaster Electronics JSC","isPartOf":{"@id":"https:\/\/techmaster.com.vn\/en\/#website"},"primaryImageOfPage":{"@id":"https:\/\/techmaster.com.vn\/en\/bo-loc-vi-sinh-hty-30x\/#primaryimage"},"image":{"@id":"https:\/\/techmaster.com.vn\/en\/bo-loc-vi-sinh-hty-30x\/#primaryimage"},"thumbnailUrl":"https:\/\/techmaster.com.vn\/wp-content\/uploads\/2020\/12\/bo-loc-vi-sinh-HTY-30X.jpg","datePublished":"2020-12-10T01:05:57+00:00","description":"B\u1ed9 l\u1ecdc vi sinh HTY-30X \u2013 Microbial Limit Test l\u00e0 m\u1ed9t thi\u1ebft b\u1ecb \u0111\u01b0\u1ee3c thi\u1ebft k\u1ebf chuy\u00ean bi\u1ec7t cho c\u00e1c y\u00eau c\u1ea7u l\u1ea5y m\u1eabu vi sinh trong dung d\u1ecbch \u0111\u1ebfn","breadcrumb":{"@id":"https:\/\/techmaster.com.vn\/en\/bo-loc-vi-sinh-hty-30x\/#breadcrumb"},"inLanguage":"en-US","potentialAction":[{"@type":"ReadAction","target":["https:\/\/techmaster.com.vn\/en\/bo-loc-vi-sinh-hty-30x\/"]}]},{"@type":"ImageObject","inLanguage":"en-US","@id":"https:\/\/techmaster.com.vn\/en\/bo-loc-vi-sinh-hty-30x\/#primaryimage","url":"https:\/\/techmaster.com.vn\/wp-content\/uploads\/2020\/12\/bo-loc-vi-sinh-HTY-30X.jpg","contentUrl":"https:\/\/techmaster.com.vn\/wp-content\/uploads\/2020\/12\/bo-loc-vi-sinh-HTY-30X.jpg","width":450,"height":450,"caption":"B\u1ed9 l\u1ecdc vi sinh HTY-30X \u2013 Microbial Limit Test"},{"@type":"BreadcrumbList","@id":"https:\/\/techmaster.com.vn\/en\/bo-loc-vi-sinh-hty-30x\/#breadcrumb","itemListElement":[{"@type":"ListItem","position":1,"name":"Trang ch\u1ee7","item":"https:\/\/techmaster.com.vn\/en\/"},{"@type":"ListItem","position":2,"name":"Shop","item":"https:\/\/techmaster.com.vn\/san-pham\/"},{"@type":"ListItem","position":3,"name":"B\u1ed9 l\u1ecdc vi sinh Tailin HTY-30X"}]},{"@type":"WebSite","@id":"https:\/\/techmaster.com.vn\/en\/#website","url":"https:\/\/techmaster.com.vn\/en\/","name":"Techmaster Electronics JSC","description":"","publisher":{"@id":"https:\/\/techmaster.com.vn\/en\/#organization"},"potentialAction":[{"@type":"SearchAction","target":{"@type":"EntryPoint","urlTemplate":"https:\/\/techmaster.com.vn\/en\/?s={search_term_string}"},"query-input":{"@type":"PropertyValueSpecification","valueRequired":true,"valueName":"search_term_string"}}],"inLanguage":"en-US"},{"@type":["Organization","Place"],"@id":"https:\/\/techmaster.com.vn\/en\/#organization","name":"Techmaster Electronics JSC","url":"https:\/\/techmaster.com.vn\/en\/","logo":{"@id":"https:\/\/techmaster.com.vn\/en\/bo-loc-vi-sinh-hty-30x\/#local-main-organization-logo"},"image":{"@id":"https:\/\/techmaster.com.vn\/en\/bo-loc-vi-sinh-hty-30x\/#local-main-organization-logo"},"sameAs":["https:\/\/www.facebook.com\/techmaster.electronics.jsc","https:\/\/x.com\/techmastervn","https:\/\/www.instagram.com\/techmastervietnam","https:\/\/myspace.com\/techmastervietnam","https:\/\/www.youtube.com\/c\/TechmasterElectronicsJSC","https:\/\/www.pinterest.com\/techmasterelectronicsjsc\/","https:\/\/vi.wikipedia.org\/wiki\/Th\u00e0nh_vi\u00ean:Techmastervietnam","https:\/\/twitter.com\/techmastervn","https:\/\/www.linkedin.com\/company\/techmaster-vietnam\/"],"telephone":[],"contactPoint":{"@type":"ContactPoint","email":"marketing@techmaster.com.vn"},"openingHoursSpecification":[{"@type":"OpeningHoursSpecification","dayOfWeek":["Monday","Tuesday","Wednesday","Thursday","Friday","Saturday","Sunday"],"opens":"09:00","closes":"17:00"}],"email":"marketing@techmaster.com.vn","areaServed":"Vietnam"},{"@type":"ImageObject","inLanguage":"en-US","@id":"https:\/\/techmaster.com.vn\/en\/bo-loc-vi-sinh-hty-30x\/#local-main-organization-logo","url":"https:\/\/techmaster.com.vn\/wp-content\/uploads\/2021\/04\/techmaster-logo-homepage.png","contentUrl":"https:\/\/techmaster.com.vn\/wp-content\/uploads\/2021\/04\/techmaster-logo-homepage.png","width":335,"height":62,"caption":"Techmaster Electronics JSC"}]},"product_price_currency":"VND","og_availability":"instock","product_availability":"instock","product_condition":"new"},"_links":{"self":[{"href":"https:\/\/techmaster.com.vn\/en\/wp-json\/wp\/v2\/product\/14776","targetHints":{"allow":["GET"]}}],"collection":[{"href":"https:\/\/techmaster.com.vn\/en\/wp-json\/wp\/v2\/product"}],"about":[{"href":"https:\/\/techmaster.com.vn\/en\/wp-json\/wp\/v2\/types\/product"}],"replies":[{"embeddable":true,"href":"https:\/\/techmaster.com.vn\/en\/wp-json\/wp\/v2\/comments?post=14776"}],"wp:featuredmedia":[{"embeddable":true,"href":"https:\/\/techmaster.com.vn\/en\/wp-json\/wp\/v2\/media\/4138"}],"wp:attachment":[{"href":"https:\/\/techmaster.com.vn\/en\/wp-json\/wp\/v2\/media?parent=14776"}],"wp:term":[{"taxonomy":"product_brand","embeddable":true,"href":"https:\/\/techmaster.com.vn\/en\/wp-json\/wp\/v2\/product_brand?post=14776"},{"taxonomy":"product_cat","embeddable":true,"href":"https:\/\/techmaster.com.vn\/en\/wp-json\/wp\/v2\/product_cat?post=14776"},{"taxonomy":"product_tag","embeddable":true,"href":"https:\/\/techmaster.com.vn\/en\/wp-json\/wp\/v2\/product_tag?post=14776"}],"curies":[{"name":"wp","href":"https:\/\/api.w.org\/{rel}","templated":true}]}}