{"id":14770,"date":"2020-11-25T15:21:24","date_gmt":"2020-11-25T08:21:24","guid":{"rendered":"https:\/\/techmaster.com.vn\/may-mai-khuon-milwaukee-m18-fdg-0c-bare\/"},"modified":"2023-03-03T09:36:44","modified_gmt":"2023-03-03T02:36:44","slug":"milwaukee-m18-fdg-0c-fuel-die-grinder","status":"publish","type":"product","link":"https:\/\/techmaster.com.vn\/en\/milwaukee-m18-fdg-0c-fuel-die-grinder\/","title":{"rendered":"MILWAUKEE M18 FDG-0C FUEL\u2122 DIE GRINDER"},"content":{"rendered":"<p><strong>SPECIFICATIONS MILWAUKEE M18 FDG-0C FUEL\u2122 DIE GRINDER<\/strong><\/p>\n<p><strong>No load speed (RPM): <\/strong>27000<\/p>\n<p><strong>Switch type: <\/strong>Slide switch<\/p>\n<p><strong>Line lock out function: <\/strong>Yes<\/p>\n<p><strong>Battery platform: <\/strong>M18\u2122 REDLITHIUM\u2122-ION<\/p>\n<p><strong>Voltage (V): <\/strong>18<\/p>\n<p><strong>Weight with battery pack if applicable (kg): <\/strong>2.1kg (5.0Ah)<\/p>\n<p><strong>FUEL Gauge: <\/strong>Yes<\/p>\n<h2><strong>Introduction Milwaukee M18 FDG-0C<\/strong><\/h2>\n<p>The world\u2019s first brushless die grinder that delivers corded performance with over 20 minutes of grinding and up to 10X longer motor life.<\/p>\n<p>The M18 FUEL\u2122 \u00bc\u201d Die Grinder (Milwaukee M18 FDG-0C) delivers maximum sustained power with 20,000 RPMs capable of running carbide burrs or up to 3\u201d flap wheels for grinding or surface preparation applications.<\/p>\n<p>The M18\u2122 REDLITHIUM\u2122 XC5.0 Battery \u00a0provides up to 25 minutes of grinding with superior pack construction and electronics.<\/p>\n<p>The POWERSTATE\u2122 Brushless Motor provides up to 10X longer tool life and lower cost of ownership than traditional \u00a0brushed motors.<\/p>\n<p>The die grinder features REDLINK PLUS\u2122 Intelligence, the most advanced system of cordless power tool electronics, for maximum performance and longest tool life.<\/p>\n<p style=\"text-align: center;\"><iframe loading=\"lazy\" title=\"YouTube video player\" src=\"https:\/\/www.youtube.com\/embed\/NxUTOwAU0xE\" width=\"772\" height=\"434\" frameborder=\"0\" allowfullscreen=\"allowfullscreen\"><\/iframe><\/p>\n<h2><strong>Features <\/strong><strong>Milwaukee M18 FDG-0C<\/strong><\/h2>\n<div id=\"p_lt_ctl01_pageplaceholder_p_lt_ctl01_MilwaukeeProductFeatures_pnlFeatues\" class=\"product__description js-description-mask is-active\">\n<div class=\"product__description-content js-product-content\">\n<p>&#8211; Brushless POWERSTATE\u2122 motor with corded performance, up to 20 min of grinding on a 5.0 Ah battery and up to 10x more tool life<\/p>\n<p>&#8211; REDLINK PLUS\u2122 intelligence system delivers an advanced digital overload protection for tool and battery and uniquely enhances the tool performance under load<\/p>\n<p>&#8211; REDLITHIUM\u2122 battery pack provides superior pack construction, electronics and fade-free performance to deliver more run time and more work over pack life<\/p>\n<p>&#8211; Universal reception to fit both, 6 and 8 mm accessories<\/p>\n<p>&#8211; Slim handle design<\/p>\n<p>&#8211; Removable dust screen to prevent debris entrance, prolonging motor life<\/p>\n<p>&#8211; Rubber front provides most comfortable handling<\/p>\n<p>&#8211; Line-lock out function to prevent automatic start up<\/p>\n<p>&#8211; Fuel gauge displays remaining charge<\/p>\n<p>&#8211; Flexible battery system: works with all MILWAUKEE\u00ae M18\u2122 batteries<\/p>\n<p>&#8211; Supplied with 6 mm &amp; 8 mm collet, 15 mm &amp; 17 mm open ended spanner, 2 x dust screens<\/p>\n<p dir=\"ltr\" style=\"text-align: center;\"><a href=\"http:\/\/techmaster.com.vn\/wp-content\/uploads\/2020\/11\/may-mai-khuon-milwaukee-m18-fdg-0c-6.jpg\"><img loading=\"lazy\" decoding=\"async\" class=\"alignnone wp-image-9445 size-full\" src=\"https:\/\/techmaster.com.vn\/wp-content\/uploads\/2020\/11\/may-mai-khuon-milwaukee-m18-fdg-0c-6.jpg\" alt=\"Milwaukee M18 FDG-0C (8)\" width=\"772\" height=\"346\" \/><\/a><\/p>\n<\/div>\n<\/div>\n<h2><strong>Milwaukee Brand<\/strong><\/h2>\n<div>Since the company began in 1924, Milwaukee Tool has led the industry in developing innovative solutions that deliver increased productivity and unmatched durability for professional construction users. Whether it is through our world-leading M12\u2122 and M18\u2122 cordless systems, the ground-breaking performance of our M12 and M18 FUEL\u2122 products, jobsite lighting, time-saving accessories, or innovative hand tool and storage products, Milwaukee are dedicated to delivering a continuous flow of advanced, trade-specific solutions. Milwaukee Tool is not simply a manufacturer \u2013 Milwaukee are progressive problem solvers.<\/div>\n","protected":false},"excerpt":{"rendered":"<h2><strong>Features<\/strong><\/h2>\n<div id=\"p_lt_ctl01_pageplaceholder_p_lt_ctl01_MilwaukeeProductFeatures_pnlFeatues\" class=\"product__description js-description-mask is-active\">\n<div class=\"product__description-content js-product-content\">\n<p>&#8211; Brushless POWERSTATE\u2122 motor with corded performance, up to 20 min of grinding on a 5.0 Ah battery and up to 10x more tool life<\/p>\n<p>&#8211; REDLINK PLUS\u2122 intelligence system delivers an advanced digital overload protection for tool and battery and uniquely enhances the tool performance under load<\/p>\n<p>&#8211; REDLITHIUM\u2122 battery pack provides superior pack construction, electronics and fade-free performance to deliver more run time and more work over pack life<\/p>\n<p>&#8211; Universal reception to fit both, 6 and 8 mm accessories<\/p>\n<p>&#8211; Slim handle design<\/p>\n<\/div>\n<\/div>\n","protected":false},"featured_media":1425,"comment_status":"open","ping_status":"closed","template":"","meta":[],"product_brand":[],"product_cat":[161,373,268],"product_tag":[],"class_list":{"0":"post-14770","1":"product","2":"type-product","3":"status-publish","4":"has-post-thumbnail","6":"product_cat-hand-tools","7":"product_cat-m18-en","8":"product_cat-grinders","9":"pa_brand-milwaukee-en","11":"first","12":"instock","13":"shipping-taxable","14":"product-type-simple"},"yoast_head":"<!-- This site is optimized with the Yoast SEO Premium plugin v26.8 (Yoast SEO v26.8) - https:\/\/yoast.com\/product\/yoast-seo-premium-wordpress\/ -->\n<title>MILWAUKEE M18 FDG-0C FUEL\u2122 DIE GRINDER - Techmaster Electronics JSC<\/title>\n<meta name=\"description\" content=\"The Milwaukee M18 FDG-0C - 20,000 RPM brushless motor is designed to deliver corded performance while using carbide burrs, up to 3&quot; flap wheels.\" \/>\n<meta name=\"robots\" content=\"index, follow, max-snippet:-1, max-image-preview:large, max-video-preview:-1\" \/>\n<link rel=\"canonical\" href=\"https:\/\/techmaster.com.vn\/en\/milwaukee-m18-fdg-0c-fuel-die-grinder\/\" \/>\n<meta property=\"og:locale\" content=\"en_US\" \/>\n<meta property=\"og:type\" content=\"article\" \/>\n<meta property=\"og:title\" content=\"MILWAUKEE M18 FDG-0C FUEL\u2122 DIE GRINDER\" \/>\n<meta property=\"og:description\" content=\"The Milwaukee M18 FDG-0C - 20,000 RPM brushless motor is designed to deliver corded performance while using carbide burrs, up to 3&quot; flap wheels.\" \/>\n<meta property=\"og:url\" content=\"https:\/\/techmaster.com.vn\/en\/milwaukee-m18-fdg-0c-fuel-die-grinder\/\" \/>\n<meta property=\"og:site_name\" content=\"Techmaster Electronics JSC\" \/>\n<meta property=\"article:publisher\" content=\"https:\/\/www.facebook.com\/techmaster.electronics.jsc\" \/>\n<meta property=\"article:modified_time\" content=\"2023-03-03T02:36:44+00:00\" \/>\n<meta property=\"og:image\" content=\"https:\/\/techmaster.com.vn\/wp-content\/uploads\/2020\/11\/may-mai-khuon-milwaukee-m18-fdg-0c.jpg\" \/>\n\t<meta property=\"og:image:width\" content=\"450\" \/>\n\t<meta property=\"og:image:height\" content=\"450\" \/>\n\t<meta property=\"og:image:type\" content=\"image\/jpeg\" \/>\n<meta name=\"twitter:card\" content=\"summary_large_image\" \/>\n<meta name=\"twitter:site\" content=\"@techmastervn\" \/>\n<meta name=\"twitter:label1\" content=\"Price\" \/>\n\t<meta name=\"twitter:data1\" content=\"Call for Price\" \/>\n\t<meta name=\"twitter:label2\" content=\"Availability\" \/>\n\t<meta name=\"twitter:data2\" content=\"In stock\" \/>\n<script type=\"application\/ld+json\" class=\"yoast-schema-graph\">{\"@context\":\"https:\/\/schema.org\",\"@graph\":[{\"@type\":\"WebPage\",\"@id\":\"https:\/\/techmaster.com.vn\/en\/milwaukee-m18-fdg-0c-fuel-die-grinder\/\",\"url\":\"https:\/\/techmaster.com.vn\/en\/milwaukee-m18-fdg-0c-fuel-die-grinder\/\",\"name\":\"MILWAUKEE M18 FDG-0C FUEL\u2122 DIE GRINDER - Techmaster Electronics JSC\",\"isPartOf\":{\"@id\":\"https:\/\/techmaster.com.vn\/en\/#website\"},\"primaryImageOfPage\":{\"@id\":\"https:\/\/techmaster.com.vn\/en\/milwaukee-m18-fdg-0c-fuel-die-grinder\/#primaryimage\"},\"image\":{\"@id\":\"https:\/\/techmaster.com.vn\/en\/milwaukee-m18-fdg-0c-fuel-die-grinder\/#primaryimage\"},\"thumbnailUrl\":\"https:\/\/techmaster.com.vn\/wp-content\/uploads\/2020\/11\/may-mai-khuon-milwaukee-m18-fdg-0c.jpg\",\"datePublished\":\"2020-11-25T08:21:24+00:00\",\"dateModified\":\"2023-03-03T02:36:44+00:00\",\"description\":\"The Milwaukee M18 FDG-0C - 20,000 RPM brushless motor is designed to deliver corded performance while using carbide burrs, up to 3\\\" flap wheels.\",\"breadcrumb\":{\"@id\":\"https:\/\/techmaster.com.vn\/en\/milwaukee-m18-fdg-0c-fuel-die-grinder\/#breadcrumb\"},\"inLanguage\":\"en-US\",\"potentialAction\":[{\"@type\":\"ReadAction\",\"target\":[\"https:\/\/techmaster.com.vn\/en\/milwaukee-m18-fdg-0c-fuel-die-grinder\/\"]}]},{\"@type\":\"ImageObject\",\"inLanguage\":\"en-US\",\"@id\":\"https:\/\/techmaster.com.vn\/en\/milwaukee-m18-fdg-0c-fuel-die-grinder\/#primaryimage\",\"url\":\"https:\/\/techmaster.com.vn\/wp-content\/uploads\/2020\/11\/may-mai-khuon-milwaukee-m18-fdg-0c.jpg\",\"contentUrl\":\"https:\/\/techmaster.com.vn\/wp-content\/uploads\/2020\/11\/may-mai-khuon-milwaukee-m18-fdg-0c.jpg\",\"width\":450,\"height\":450,\"caption\":\"M\u00e1y m\u00e0i khu\u00f4n Milwaukee M18 FDG-0C\"},{\"@type\":\"BreadcrumbList\",\"@id\":\"https:\/\/techmaster.com.vn\/en\/milwaukee-m18-fdg-0c-fuel-die-grinder\/#breadcrumb\",\"itemListElement\":[{\"@type\":\"ListItem\",\"position\":1,\"name\":\"Trang ch\u1ee7\",\"item\":\"https:\/\/techmaster.com.vn\/en\/\"},{\"@type\":\"ListItem\",\"position\":2,\"name\":\"Shop\",\"item\":\"https:\/\/techmaster.com.vn\/san-pham\/\"},{\"@type\":\"ListItem\",\"position\":3,\"name\":\"MILWAUKEE M18 FDG-0C FUEL\u2122 DIE GRINDER\"}]},{\"@type\":\"WebSite\",\"@id\":\"https:\/\/techmaster.com.vn\/en\/#website\",\"url\":\"https:\/\/techmaster.com.vn\/en\/\",\"name\":\"Techmaster Electronics JSC\",\"description\":\"\",\"publisher\":{\"@id\":\"https:\/\/techmaster.com.vn\/en\/#organization\"},\"potentialAction\":[{\"@type\":\"SearchAction\",\"target\":{\"@type\":\"EntryPoint\",\"urlTemplate\":\"https:\/\/techmaster.com.vn\/en\/?s={search_term_string}\"},\"query-input\":{\"@type\":\"PropertyValueSpecification\",\"valueRequired\":true,\"valueName\":\"search_term_string\"}}],\"inLanguage\":\"en-US\"},{\"@type\":[\"Organization\",\"Place\"],\"@id\":\"https:\/\/techmaster.com.vn\/en\/#organization\",\"name\":\"Techmaster Electronics JSC\",\"url\":\"https:\/\/techmaster.com.vn\/en\/\",\"logo\":{\"@id\":\"https:\/\/techmaster.com.vn\/en\/milwaukee-m18-fdg-0c-fuel-die-grinder\/#local-main-organization-logo\"},\"image\":{\"@id\":\"https:\/\/techmaster.com.vn\/en\/milwaukee-m18-fdg-0c-fuel-die-grinder\/#local-main-organization-logo\"},\"sameAs\":[\"https:\/\/www.facebook.com\/techmaster.electronics.jsc\",\"https:\/\/x.com\/techmastervn\",\"https:\/\/www.instagram.com\/techmastervietnam\",\"https:\/\/myspace.com\/techmastervietnam\",\"https:\/\/www.youtube.com\/c\/TechmasterElectronicsJSC\",\"https:\/\/www.pinterest.com\/techmasterelectronicsjsc\/\",\"https:\/\/vi.wikipedia.org\/wiki\/Th\u00e0nh_vi\u00ean:Techmastervietnam\",\"https:\/\/twitter.com\/techmastervn\",\"https:\/\/www.linkedin.com\/company\/techmaster-vietnam\/\"],\"telephone\":[],\"contactPoint\":{\"@type\":\"ContactPoint\",\"email\":\"marketing@techmaster.com.vn\"},\"openingHoursSpecification\":[{\"@type\":\"OpeningHoursSpecification\",\"dayOfWeek\":[\"Monday\",\"Tuesday\",\"Wednesday\",\"Thursday\",\"Friday\",\"Saturday\",\"Sunday\"],\"opens\":\"09:00\",\"closes\":\"17:00\"}],\"email\":\"marketing@techmaster.com.vn\",\"areaServed\":\"Vietnam\"},{\"@type\":\"ImageObject\",\"inLanguage\":\"en-US\",\"@id\":\"https:\/\/techmaster.com.vn\/en\/milwaukee-m18-fdg-0c-fuel-die-grinder\/#local-main-organization-logo\",\"url\":\"https:\/\/techmaster.com.vn\/wp-content\/uploads\/2021\/04\/techmaster-logo-homepage.png\",\"contentUrl\":\"https:\/\/techmaster.com.vn\/wp-content\/uploads\/2021\/04\/techmaster-logo-homepage.png\",\"width\":335,\"height\":62,\"caption\":\"Techmaster Electronics JSC\"}]}<\/script>\n<meta property=\"product:price:amount\" content=\"0\" \/>\n<meta property=\"product:price:currency\" content=\"VND\" \/>\n<meta property=\"og:availability\" content=\"instock\" \/>\n<meta property=\"product:availability\" content=\"instock\" \/>\n<meta property=\"product:condition\" content=\"new\" \/>\n<!-- \/ Yoast SEO Premium plugin. -->","yoast_head_json":{"title":"MILWAUKEE M18 FDG-0C FUEL\u2122 DIE GRINDER - Techmaster Electronics JSC","description":"The Milwaukee M18 FDG-0C - 20,000 RPM brushless motor is designed to deliver corded performance while using carbide burrs, up to 3\" flap wheels.","robots":{"index":"index","follow":"follow","max-snippet":"max-snippet:-1","max-image-preview":"max-image-preview:large","max-video-preview":"max-video-preview:-1"},"canonical":"https:\/\/techmaster.com.vn\/en\/milwaukee-m18-fdg-0c-fuel-die-grinder\/","og_locale":"en_US","og_type":"article","og_title":"MILWAUKEE M18 FDG-0C FUEL\u2122 DIE GRINDER","og_description":"The Milwaukee M18 FDG-0C - 20,000 RPM brushless motor is designed to deliver corded performance while using carbide burrs, up to 3\" flap wheels.","og_url":"https:\/\/techmaster.com.vn\/en\/milwaukee-m18-fdg-0c-fuel-die-grinder\/","og_site_name":"Techmaster Electronics JSC","article_publisher":"https:\/\/www.facebook.com\/techmaster.electronics.jsc","article_modified_time":"2023-03-03T02:36:44+00:00","og_image":[{"width":450,"height":450,"url":"https:\/\/techmaster.com.vn\/wp-content\/uploads\/2020\/11\/may-mai-khuon-milwaukee-m18-fdg-0c.jpg","type":"image\/jpeg"}],"twitter_card":"summary_large_image","twitter_site":"@techmastervn","twitter_misc":{"Price":"Call for Price","Availability":"In stock"},"schema":{"@context":"https:\/\/schema.org","@graph":[{"@type":"WebPage","@id":"https:\/\/techmaster.com.vn\/en\/milwaukee-m18-fdg-0c-fuel-die-grinder\/","url":"https:\/\/techmaster.com.vn\/en\/milwaukee-m18-fdg-0c-fuel-die-grinder\/","name":"MILWAUKEE M18 FDG-0C FUEL\u2122 DIE GRINDER - Techmaster Electronics JSC","isPartOf":{"@id":"https:\/\/techmaster.com.vn\/en\/#website"},"primaryImageOfPage":{"@id":"https:\/\/techmaster.com.vn\/en\/milwaukee-m18-fdg-0c-fuel-die-grinder\/#primaryimage"},"image":{"@id":"https:\/\/techmaster.com.vn\/en\/milwaukee-m18-fdg-0c-fuel-die-grinder\/#primaryimage"},"thumbnailUrl":"https:\/\/techmaster.com.vn\/wp-content\/uploads\/2020\/11\/may-mai-khuon-milwaukee-m18-fdg-0c.jpg","datePublished":"2020-11-25T08:21:24+00:00","dateModified":"2023-03-03T02:36:44+00:00","description":"The Milwaukee M18 FDG-0C - 20,000 RPM brushless motor is designed to deliver corded performance while using carbide burrs, up to 3\" flap wheels.","breadcrumb":{"@id":"https:\/\/techmaster.com.vn\/en\/milwaukee-m18-fdg-0c-fuel-die-grinder\/#breadcrumb"},"inLanguage":"en-US","potentialAction":[{"@type":"ReadAction","target":["https:\/\/techmaster.com.vn\/en\/milwaukee-m18-fdg-0c-fuel-die-grinder\/"]}]},{"@type":"ImageObject","inLanguage":"en-US","@id":"https:\/\/techmaster.com.vn\/en\/milwaukee-m18-fdg-0c-fuel-die-grinder\/#primaryimage","url":"https:\/\/techmaster.com.vn\/wp-content\/uploads\/2020\/11\/may-mai-khuon-milwaukee-m18-fdg-0c.jpg","contentUrl":"https:\/\/techmaster.com.vn\/wp-content\/uploads\/2020\/11\/may-mai-khuon-milwaukee-m18-fdg-0c.jpg","width":450,"height":450,"caption":"M\u00e1y m\u00e0i khu\u00f4n Milwaukee M18 FDG-0C"},{"@type":"BreadcrumbList","@id":"https:\/\/techmaster.com.vn\/en\/milwaukee-m18-fdg-0c-fuel-die-grinder\/#breadcrumb","itemListElement":[{"@type":"ListItem","position":1,"name":"Trang ch\u1ee7","item":"https:\/\/techmaster.com.vn\/en\/"},{"@type":"ListItem","position":2,"name":"Shop","item":"https:\/\/techmaster.com.vn\/san-pham\/"},{"@type":"ListItem","position":3,"name":"MILWAUKEE M18 FDG-0C FUEL\u2122 DIE GRINDER"}]},{"@type":"WebSite","@id":"https:\/\/techmaster.com.vn\/en\/#website","url":"https:\/\/techmaster.com.vn\/en\/","name":"Techmaster Electronics JSC","description":"","publisher":{"@id":"https:\/\/techmaster.com.vn\/en\/#organization"},"potentialAction":[{"@type":"SearchAction","target":{"@type":"EntryPoint","urlTemplate":"https:\/\/techmaster.com.vn\/en\/?s={search_term_string}"},"query-input":{"@type":"PropertyValueSpecification","valueRequired":true,"valueName":"search_term_string"}}],"inLanguage":"en-US"},{"@type":["Organization","Place"],"@id":"https:\/\/techmaster.com.vn\/en\/#organization","name":"Techmaster Electronics JSC","url":"https:\/\/techmaster.com.vn\/en\/","logo":{"@id":"https:\/\/techmaster.com.vn\/en\/milwaukee-m18-fdg-0c-fuel-die-grinder\/#local-main-organization-logo"},"image":{"@id":"https:\/\/techmaster.com.vn\/en\/milwaukee-m18-fdg-0c-fuel-die-grinder\/#local-main-organization-logo"},"sameAs":["https:\/\/www.facebook.com\/techmaster.electronics.jsc","https:\/\/x.com\/techmastervn","https:\/\/www.instagram.com\/techmastervietnam","https:\/\/myspace.com\/techmastervietnam","https:\/\/www.youtube.com\/c\/TechmasterElectronicsJSC","https:\/\/www.pinterest.com\/techmasterelectronicsjsc\/","https:\/\/vi.wikipedia.org\/wiki\/Th\u00e0nh_vi\u00ean:Techmastervietnam","https:\/\/twitter.com\/techmastervn","https:\/\/www.linkedin.com\/company\/techmaster-vietnam\/"],"telephone":[],"contactPoint":{"@type":"ContactPoint","email":"marketing@techmaster.com.vn"},"openingHoursSpecification":[{"@type":"OpeningHoursSpecification","dayOfWeek":["Monday","Tuesday","Wednesday","Thursday","Friday","Saturday","Sunday"],"opens":"09:00","closes":"17:00"}],"email":"marketing@techmaster.com.vn","areaServed":"Vietnam"},{"@type":"ImageObject","inLanguage":"en-US","@id":"https:\/\/techmaster.com.vn\/en\/milwaukee-m18-fdg-0c-fuel-die-grinder\/#local-main-organization-logo","url":"https:\/\/techmaster.com.vn\/wp-content\/uploads\/2021\/04\/techmaster-logo-homepage.png","contentUrl":"https:\/\/techmaster.com.vn\/wp-content\/uploads\/2021\/04\/techmaster-logo-homepage.png","width":335,"height":62,"caption":"Techmaster Electronics JSC"}]},"product_price_currency":"VND","og_availability":"instock","product_availability":"instock","product_condition":"new"},"_links":{"self":[{"href":"https:\/\/techmaster.com.vn\/en\/wp-json\/wp\/v2\/product\/14770","targetHints":{"allow":["GET"]}}],"collection":[{"href":"https:\/\/techmaster.com.vn\/en\/wp-json\/wp\/v2\/product"}],"about":[{"href":"https:\/\/techmaster.com.vn\/en\/wp-json\/wp\/v2\/types\/product"}],"replies":[{"embeddable":true,"href":"https:\/\/techmaster.com.vn\/en\/wp-json\/wp\/v2\/comments?post=14770"}],"wp:featuredmedia":[{"embeddable":true,"href":"https:\/\/techmaster.com.vn\/en\/wp-json\/wp\/v2\/media\/1425"}],"wp:attachment":[{"href":"https:\/\/techmaster.com.vn\/en\/wp-json\/wp\/v2\/media?parent=14770"}],"wp:term":[{"taxonomy":"product_brand","embeddable":true,"href":"https:\/\/techmaster.com.vn\/en\/wp-json\/wp\/v2\/product_brand?post=14770"},{"taxonomy":"product_cat","embeddable":true,"href":"https:\/\/techmaster.com.vn\/en\/wp-json\/wp\/v2\/product_cat?post=14770"},{"taxonomy":"product_tag","embeddable":true,"href":"https:\/\/techmaster.com.vn\/en\/wp-json\/wp\/v2\/product_tag?post=14770"}],"curies":[{"name":"wp","href":"https:\/\/api.w.org\/{rel}","templated":true}]}}