{"id":14276,"date":"2020-12-02T16:39:13","date_gmt":"2020-12-02T09:39:13","guid":{"rendered":"https:\/\/techmaster.com.vn\/may-danh-bong-milwaukee-m12-bps-0-bare\/"},"modified":"2023-06-23T10:31:11","modified_gmt":"2023-06-23T03:31:11","slug":"milwaukee-m12-bps-0-sub-compact-polisher-sander","status":"publish","type":"product","link":"https:\/\/techmaster.com.vn\/en\/milwaukee-m12-bps-0-sub-compact-polisher-sander\/","title":{"rendered":"MILWAUKEE M12 BPS-0 SUB COMPACT POLISHER SANDER"},"content":{"rendered":"<p><strong>SPECIFICATIONS MILWAUKEE M12 BPS-0 SUB COMPACT POLISHER SANDER<\/strong><\/p>\n<div>\n<table class=\"table\" style=\"width: 272px;\">\n<tbody>\n<tr style=\"height: 21px;\">\n<td style=\"width: 208px; height: 21px;\" scope=\"col\">Max. polishing pad diameter (mm):<\/td>\n<td style=\"width: 48px; height: 21px;\" scope=\"col\">76<\/td>\n<\/tr>\n<tr style=\"height: 21px;\">\n<td style=\"width: 208px; height: 21px;\" scope=\"col\">No load speed (m\/mins):<\/td>\n<td style=\"width: 48px; height: 21px;\" scope=\"col\">0 &#8211; 2800 \/ 8300<\/td>\n<\/tr>\n<tr style=\"height: 21px;\">\n<td style=\"width: 208px; height: 21px;\" scope=\"col\">Spindle size (mm):<\/td>\n<td style=\"width: 48px; height: 21px;\" scope=\"col\">M9 x 0.75<\/td>\n<\/tr>\n<tr style=\"height: 21px;\">\n<td style=\"width: 208px; height: 21px;\" scope=\"col\">Max. backing pad diameter (mm):<\/td>\n<td style=\"width: 48px; height: 21px;\" scope=\"col\">51<\/td>\n<\/tr>\n<tr style=\"height: 21px;\">\n<td style=\"width: 208px; height: 21px;\" scope=\"col\">Battery platform:<\/td>\n<td style=\"width: 48px; height: 21px;\" scope=\"col\">M12\u2122 REDLITHIUM\u2122-ION<\/td>\n<\/tr>\n<tr style=\"height: 21px;\">\n<td style=\"width: 208px; height: 21px;\" scope=\"col\">Voltage (V):<\/td>\n<td style=\"width: 48px; height: 21px;\" scope=\"col\">12<\/td>\n<\/tr>\n<tr style=\"height: 21.7812px;\">\n<td style=\"width: 208px; height: 21.7812px;\" scope=\"col\">Weight with battery pack if applicable (kg):<\/td>\n<td style=\"width: 48px; height: 21.7812px;\" scope=\"col\">1.2kg (4.0Ah)<\/td>\n<\/tr>\n<tr style=\"height: 21px;\">\n<td style=\"width: 208px; height: 21px;\" scope=\"col\">LED Light:<\/td>\n<td style=\"width: 48px; height: 21px;\" scope=\"col\">Yes<\/td>\n<\/tr>\n<tr style=\"height: 21px;\">\n<td style=\"width: 208px; height: 21px;\" scope=\"col\">FUEL Gauge<\/td>\n<td style=\"width: 48px; height: 21px;\" scope=\"col\">Yes<\/td>\n<\/tr>\n<\/tbody>\n<\/table>\n<\/div>\n<div><\/div>\n<div>\n<h2><strong>Introduction Milwaukee M12 BPS-0<\/strong><\/h2>\n<\/div>\n<div><span style=\"font-size: 14.4px;\">M<\/span><span style=\"font-size: 14.4px;\">ilwaukee Tool continues to expand its 12 volt lithium-ion system with the introduction of the new M12\u2122 Variable Speed Polisher\/Sander (Milwaukee M12 BPS-0). \u00a0<\/span><\/div>\n<div><span style=\"font-size: 14.4px;\">Optimized to provide the fastest and most precise detail work, the new tool performs the work of two tools in one by easily switching between polishing and sanding modes. <\/span><\/div>\n<div><span style=\"font-size: 14.4px;\">As the most compact cordless polisher on the market, the M12 BPS\u00a0 is the perfect complement to a full size polisher for a faster finish.<\/span><\/div>\n<div><span style=\"font-size: 14.4px;\">Featuring Dual Mode Control and a variable speed trigger, the M12\u2122 Polisher\/Sander delivers increased user control, regardless of the application.<\/span><\/div>\n<p><span style=\"font-size: 14.4px;\">A tool-free accessory change allows the user to quickly change between polishing and sanding accessories.<\/span><\/p>\n<p style=\"text-align: center;\"><strong style=\"font-size: 23.04px;\"><a href=\"http:\/\/techmaster.com.vn\/wp-content\/uploads\/2020\/12\/may-danh-bong-milwaukee-m12-bps-0-6.jpg\"><img loading=\"lazy\" decoding=\"async\" class=\"alignnone wp-image-9249 size-full\" src=\"https:\/\/techmaster.com.vn\/wp-content\/uploads\/2020\/12\/may-danh-bong-milwaukee-m12-bps-0-6.jpg\" alt=\"Milwaukee M12 BPS-0 (9)\" width=\"772\" height=\"346\" \/><\/a><\/strong><\/p>\n<p><strong style=\"font-size: 23.04px; color: #333333;\">FEATURES<\/strong><\/p>\n<div class=\"product__description-container\">\n<div id=\"p_lt_ctl01_pageplaceholder_p_lt_ctl01_MilwaukeeProductFeatures_pnlFeatues\" class=\"product__description js-description-mask is-active\">\n<div class=\"product__description-content js-product-content\">\n<p>&#8211; Variable 2 speed selection (0-2800 \/ 0-8300 RPM) for both polishing and sanding applications<\/p>\n<p>&#8211; REDLINK\u2122 overload protection electronics in tool and battery pack deliver best in class system durability<\/p>\n<p>&#8211; Large capacity of 76 mm polishing sponge and 50 mm sanding pad size for fast job completion<\/p>\n<p>&#8211; Long run time allows frequent task completion with one battery charge<\/p>\n<p>&#8211; Compact design with only 130 mm allows access to hard areas<\/p>\n<p>&#8211; Spindle lock allows fast, tool free accessory change<\/p>\n<p>&#8211; Detachable 2 position side handle<\/p>\n<p>&#8211; Individual battery cell monitoring optimises tool run time and ensures long term pack durability<\/p>\n<p>&#8211; REDLITHIUM\u2122 battery pack provides superior pack construction, electronics and fade-free performance to deliver more run time and more work over pack life<\/p>\n<p>&#8211; Flexible battery system: works with all MILWAUKEE\u00ae M12\u2122 batteries<\/p>\n<p>&#8211; Supplied with polishing pad, sanding pad, polishing sponge white, polishing sponge yellow, lambswool, side handle<\/p>\n<\/div>\n<\/div>\n<\/div>\n<p><strong style=\"font-size: 23.04px; color: #333333;\">Milwaukee Brand<\/strong><\/p>\n<div style=\"text-align: justify;\">Since the company began in 1924, Milwaukee Tool has led the industry in developing innovative solutions that deliver increased productivity and unmatched durability for professional construction users. Whether it is through our world-leading M12\u2122 and M18\u2122 cordless systems, the ground-breaking performance of our M12 and M18 FUEL\u2122 products, jobsite lighting, time-saving accessories, or innovative hand tool and storage products, Milwaukee are dedicated to delivering a continuous flow of advanced, trade-specific solutions. Milwaukee Tool is not simply a manufacturer \u2013 Milwaukee are progressive problem solvers.<\/div>\n","protected":false},"excerpt":{"rendered":"<h2><strong>FEATURES<\/strong><\/h2>\n<div id=\"p_lt_ctl01_pageplaceholder_p_lt_ctl01_MilwaukeeProductFeatures_pnlFeatues\" class=\"product__description js-description-mask is-active\">\n<div class=\"product__description-content js-product-content\">\n<p>&#8211; Variable 2 speed selection (0-2800 \/ 0-8300 RPM) for both polishing and sanding applications<\/p>\n<p>&#8211; REDLINK\u2122 overload protection electronics in tool and battery pack deliver best in class system durability<\/p>\n<p>&#8211; Large capacity of 76 mm polishing sponge and 50 mm sanding pad size for fast job completion<\/p>\n<p>&#8211; Long run time allows frequent task completion with one battery charge<\/p>\n<p>&#8211; Compact design with only 130 mm allows access to hard areas<\/p>\n<p>&nbsp;<\/p>\n<\/div>\n<\/div>\n","protected":false},"featured_media":2727,"comment_status":"open","ping_status":"closed","template":"","meta":[],"product_brand":[],"product_cat":[161,372,251],"product_tag":[],"class_list":{"0":"post-14276","1":"product","2":"type-product","3":"status-publish","4":"has-post-thumbnail","6":"product_cat-hand-tools","7":"product_cat-m12-en","8":"product_cat-polishers","9":"pa_brand-milwaukee-en","11":"first","12":"instock","13":"shipping-taxable","14":"product-type-simple"},"yoast_head":"<!-- This site is optimized with the Yoast SEO Premium plugin v26.8 (Yoast SEO v26.8) - https:\/\/yoast.com\/product\/yoast-seo-premium-wordpress\/ -->\n<title>MILWAUKEE M12 BPS-0 SUB COMPACT POLISHER SANDER - Techmaster Electronics JSC<\/title>\n<meta name=\"description\" content=\"The Milwaukee M12 BPS-0 - Variable 2 speed selection (0-2800 \/ 0-8300 RPM) for both polishing and sanding applications. Detachable 2 position side handle\" \/>\n<meta name=\"robots\" content=\"index, follow, max-snippet:-1, max-image-preview:large, max-video-preview:-1\" \/>\n<link rel=\"canonical\" href=\"https:\/\/techmaster.com.vn\/en\/milwaukee-m12-bps-0-sub-compact-polisher-sander\/\" \/>\n<meta property=\"og:locale\" content=\"en_US\" \/>\n<meta property=\"og:type\" content=\"article\" \/>\n<meta property=\"og:title\" content=\"MILWAUKEE M12 BPS-0 SUB COMPACT POLISHER SANDER\" \/>\n<meta property=\"og:description\" content=\"The Milwaukee M12 BPS-0 - Variable 2 speed selection (0-2800 \/ 0-8300 RPM) for both polishing and sanding applications. Detachable 2 position side handle\" \/>\n<meta property=\"og:url\" content=\"https:\/\/techmaster.com.vn\/en\/milwaukee-m12-bps-0-sub-compact-polisher-sander\/\" \/>\n<meta property=\"og:site_name\" content=\"Techmaster Electronics JSC\" \/>\n<meta property=\"article:publisher\" content=\"https:\/\/www.facebook.com\/techmaster.electronics.jsc\" \/>\n<meta property=\"article:modified_time\" content=\"2023-06-23T03:31:11+00:00\" \/>\n<meta property=\"og:image\" content=\"https:\/\/techmaster.com.vn\/wp-content\/uploads\/2020\/12\/may-danh-bong-milwaukee-m12-bps-0-7.jpg\" \/>\n\t<meta property=\"og:image:width\" content=\"560\" \/>\n\t<meta property=\"og:image:height\" content=\"292\" \/>\n\t<meta property=\"og:image:type\" content=\"image\/jpeg\" \/>\n<meta name=\"twitter:card\" content=\"summary_large_image\" \/>\n<meta name=\"twitter:site\" content=\"@techmastervn\" \/>\n<meta name=\"twitter:label1\" content=\"Price\" \/>\n\t<meta name=\"twitter:data1\" content=\"Call for Price\" \/>\n\t<meta name=\"twitter:label2\" content=\"Availability\" \/>\n\t<meta name=\"twitter:data2\" content=\"In stock\" \/>\n<script type=\"application\/ld+json\" class=\"yoast-schema-graph\">{\"@context\":\"https:\/\/schema.org\",\"@graph\":[{\"@type\":\"WebPage\",\"@id\":\"https:\/\/techmaster.com.vn\/en\/milwaukee-m12-bps-0-sub-compact-polisher-sander\/\",\"url\":\"https:\/\/techmaster.com.vn\/en\/milwaukee-m12-bps-0-sub-compact-polisher-sander\/\",\"name\":\"MILWAUKEE M12 BPS-0 SUB COMPACT POLISHER SANDER - Techmaster Electronics JSC\",\"isPartOf\":{\"@id\":\"https:\/\/techmaster.com.vn\/en\/#website\"},\"primaryImageOfPage\":{\"@id\":\"https:\/\/techmaster.com.vn\/en\/milwaukee-m12-bps-0-sub-compact-polisher-sander\/#primaryimage\"},\"image\":{\"@id\":\"https:\/\/techmaster.com.vn\/en\/milwaukee-m12-bps-0-sub-compact-polisher-sander\/#primaryimage\"},\"thumbnailUrl\":\"https:\/\/techmaster.com.vn\/wp-content\/uploads\/2020\/12\/may-danh-bong-milwaukee-m12-bps-0.jpg\",\"datePublished\":\"2020-12-02T09:39:13+00:00\",\"dateModified\":\"2023-06-23T03:31:11+00:00\",\"description\":\"The Milwaukee M12 BPS-0 - Variable 2 speed selection (0-2800 \/ 0-8300 RPM) for both polishing and sanding applications. Detachable 2 position side handle\",\"breadcrumb\":{\"@id\":\"https:\/\/techmaster.com.vn\/en\/milwaukee-m12-bps-0-sub-compact-polisher-sander\/#breadcrumb\"},\"inLanguage\":\"en-US\",\"potentialAction\":[{\"@type\":\"ReadAction\",\"target\":[\"https:\/\/techmaster.com.vn\/en\/milwaukee-m12-bps-0-sub-compact-polisher-sander\/\"]}]},{\"@type\":\"ImageObject\",\"inLanguage\":\"en-US\",\"@id\":\"https:\/\/techmaster.com.vn\/en\/milwaukee-m12-bps-0-sub-compact-polisher-sander\/#primaryimage\",\"url\":\"https:\/\/techmaster.com.vn\/wp-content\/uploads\/2020\/12\/may-danh-bong-milwaukee-m12-bps-0.jpg\",\"contentUrl\":\"https:\/\/techmaster.com.vn\/wp-content\/uploads\/2020\/12\/may-danh-bong-milwaukee-m12-bps-0.jpg\",\"width\":450,\"height\":450,\"caption\":\"M\u00e1y \u0111\u00e1nh b\u00f3ng Milwaukee M12 BPS-0\"},{\"@type\":\"BreadcrumbList\",\"@id\":\"https:\/\/techmaster.com.vn\/en\/milwaukee-m12-bps-0-sub-compact-polisher-sander\/#breadcrumb\",\"itemListElement\":[{\"@type\":\"ListItem\",\"position\":1,\"name\":\"Trang ch\u1ee7\",\"item\":\"https:\/\/techmaster.com.vn\/en\/\"},{\"@type\":\"ListItem\",\"position\":2,\"name\":\"Shop\",\"item\":\"https:\/\/techmaster.com.vn\/san-pham\/\"},{\"@type\":\"ListItem\",\"position\":3,\"name\":\"MILWAUKEE M12 BPS-0 SUB COMPACT POLISHER SANDER\"}]},{\"@type\":\"WebSite\",\"@id\":\"https:\/\/techmaster.com.vn\/en\/#website\",\"url\":\"https:\/\/techmaster.com.vn\/en\/\",\"name\":\"Techmaster Electronics JSC\",\"description\":\"\",\"publisher\":{\"@id\":\"https:\/\/techmaster.com.vn\/en\/#organization\"},\"potentialAction\":[{\"@type\":\"SearchAction\",\"target\":{\"@type\":\"EntryPoint\",\"urlTemplate\":\"https:\/\/techmaster.com.vn\/en\/?s={search_term_string}\"},\"query-input\":{\"@type\":\"PropertyValueSpecification\",\"valueRequired\":true,\"valueName\":\"search_term_string\"}}],\"inLanguage\":\"en-US\"},{\"@type\":[\"Organization\",\"Place\"],\"@id\":\"https:\/\/techmaster.com.vn\/en\/#organization\",\"name\":\"Techmaster Electronics JSC\",\"url\":\"https:\/\/techmaster.com.vn\/en\/\",\"logo\":{\"@id\":\"https:\/\/techmaster.com.vn\/en\/milwaukee-m12-bps-0-sub-compact-polisher-sander\/#local-main-organization-logo\"},\"image\":{\"@id\":\"https:\/\/techmaster.com.vn\/en\/milwaukee-m12-bps-0-sub-compact-polisher-sander\/#local-main-organization-logo\"},\"sameAs\":[\"https:\/\/www.facebook.com\/techmaster.electronics.jsc\",\"https:\/\/x.com\/techmastervn\",\"https:\/\/www.instagram.com\/techmastervietnam\",\"https:\/\/myspace.com\/techmastervietnam\",\"https:\/\/www.youtube.com\/c\/TechmasterElectronicsJSC\",\"https:\/\/www.pinterest.com\/techmasterelectronicsjsc\/\",\"https:\/\/vi.wikipedia.org\/wiki\/Th\u00e0nh_vi\u00ean:Techmastervietnam\",\"https:\/\/twitter.com\/techmastervn\",\"https:\/\/www.linkedin.com\/company\/techmaster-vietnam\/\"],\"telephone\":[],\"contactPoint\":{\"@type\":\"ContactPoint\",\"email\":\"marketing@techmaster.com.vn\"},\"openingHoursSpecification\":[{\"@type\":\"OpeningHoursSpecification\",\"dayOfWeek\":[\"Monday\",\"Tuesday\",\"Wednesday\",\"Thursday\",\"Friday\",\"Saturday\",\"Sunday\"],\"opens\":\"09:00\",\"closes\":\"17:00\"}],\"email\":\"marketing@techmaster.com.vn\",\"areaServed\":\"Vietnam\"},{\"@type\":\"ImageObject\",\"inLanguage\":\"en-US\",\"@id\":\"https:\/\/techmaster.com.vn\/en\/milwaukee-m12-bps-0-sub-compact-polisher-sander\/#local-main-organization-logo\",\"url\":\"https:\/\/techmaster.com.vn\/wp-content\/uploads\/2021\/04\/techmaster-logo-homepage.png\",\"contentUrl\":\"https:\/\/techmaster.com.vn\/wp-content\/uploads\/2021\/04\/techmaster-logo-homepage.png\",\"width\":335,\"height\":62,\"caption\":\"Techmaster Electronics JSC\"}]}<\/script>\n<meta property=\"product:price:amount\" content=\"0\" \/>\n<meta property=\"product:price:currency\" content=\"VND\" \/>\n<meta property=\"og:availability\" content=\"instock\" \/>\n<meta property=\"product:availability\" content=\"instock\" \/>\n<meta property=\"product:condition\" content=\"new\" \/>\n<!-- \/ Yoast SEO Premium plugin. -->","yoast_head_json":{"title":"MILWAUKEE M12 BPS-0 SUB COMPACT POLISHER SANDER - Techmaster Electronics JSC","description":"The Milwaukee M12 BPS-0 - Variable 2 speed selection (0-2800 \/ 0-8300 RPM) for both polishing and sanding applications. Detachable 2 position side handle","robots":{"index":"index","follow":"follow","max-snippet":"max-snippet:-1","max-image-preview":"max-image-preview:large","max-video-preview":"max-video-preview:-1"},"canonical":"https:\/\/techmaster.com.vn\/en\/milwaukee-m12-bps-0-sub-compact-polisher-sander\/","og_locale":"en_US","og_type":"article","og_title":"MILWAUKEE M12 BPS-0 SUB COMPACT POLISHER SANDER","og_description":"The Milwaukee M12 BPS-0 - Variable 2 speed selection (0-2800 \/ 0-8300 RPM) for both polishing and sanding applications. Detachable 2 position side handle","og_url":"https:\/\/techmaster.com.vn\/en\/milwaukee-m12-bps-0-sub-compact-polisher-sander\/","og_site_name":"Techmaster Electronics JSC","article_publisher":"https:\/\/www.facebook.com\/techmaster.electronics.jsc","article_modified_time":"2023-06-23T03:31:11+00:00","og_image":[{"width":560,"height":292,"url":"https:\/\/techmaster.com.vn\/wp-content\/uploads\/2020\/12\/may-danh-bong-milwaukee-m12-bps-0-7.jpg","type":"image\/jpeg"}],"twitter_card":"summary_large_image","twitter_site":"@techmastervn","twitter_misc":{"Price":"Call for Price","Availability":"In stock"},"schema":{"@context":"https:\/\/schema.org","@graph":[{"@type":"WebPage","@id":"https:\/\/techmaster.com.vn\/en\/milwaukee-m12-bps-0-sub-compact-polisher-sander\/","url":"https:\/\/techmaster.com.vn\/en\/milwaukee-m12-bps-0-sub-compact-polisher-sander\/","name":"MILWAUKEE M12 BPS-0 SUB COMPACT POLISHER SANDER - Techmaster Electronics JSC","isPartOf":{"@id":"https:\/\/techmaster.com.vn\/en\/#website"},"primaryImageOfPage":{"@id":"https:\/\/techmaster.com.vn\/en\/milwaukee-m12-bps-0-sub-compact-polisher-sander\/#primaryimage"},"image":{"@id":"https:\/\/techmaster.com.vn\/en\/milwaukee-m12-bps-0-sub-compact-polisher-sander\/#primaryimage"},"thumbnailUrl":"https:\/\/techmaster.com.vn\/wp-content\/uploads\/2020\/12\/may-danh-bong-milwaukee-m12-bps-0.jpg","datePublished":"2020-12-02T09:39:13+00:00","dateModified":"2023-06-23T03:31:11+00:00","description":"The Milwaukee M12 BPS-0 - Variable 2 speed selection (0-2800 \/ 0-8300 RPM) for both polishing and sanding applications. Detachable 2 position side handle","breadcrumb":{"@id":"https:\/\/techmaster.com.vn\/en\/milwaukee-m12-bps-0-sub-compact-polisher-sander\/#breadcrumb"},"inLanguage":"en-US","potentialAction":[{"@type":"ReadAction","target":["https:\/\/techmaster.com.vn\/en\/milwaukee-m12-bps-0-sub-compact-polisher-sander\/"]}]},{"@type":"ImageObject","inLanguage":"en-US","@id":"https:\/\/techmaster.com.vn\/en\/milwaukee-m12-bps-0-sub-compact-polisher-sander\/#primaryimage","url":"https:\/\/techmaster.com.vn\/wp-content\/uploads\/2020\/12\/may-danh-bong-milwaukee-m12-bps-0.jpg","contentUrl":"https:\/\/techmaster.com.vn\/wp-content\/uploads\/2020\/12\/may-danh-bong-milwaukee-m12-bps-0.jpg","width":450,"height":450,"caption":"M\u00e1y \u0111\u00e1nh b\u00f3ng Milwaukee M12 BPS-0"},{"@type":"BreadcrumbList","@id":"https:\/\/techmaster.com.vn\/en\/milwaukee-m12-bps-0-sub-compact-polisher-sander\/#breadcrumb","itemListElement":[{"@type":"ListItem","position":1,"name":"Trang ch\u1ee7","item":"https:\/\/techmaster.com.vn\/en\/"},{"@type":"ListItem","position":2,"name":"Shop","item":"https:\/\/techmaster.com.vn\/san-pham\/"},{"@type":"ListItem","position":3,"name":"MILWAUKEE M12 BPS-0 SUB COMPACT POLISHER SANDER"}]},{"@type":"WebSite","@id":"https:\/\/techmaster.com.vn\/en\/#website","url":"https:\/\/techmaster.com.vn\/en\/","name":"Techmaster Electronics JSC","description":"","publisher":{"@id":"https:\/\/techmaster.com.vn\/en\/#organization"},"potentialAction":[{"@type":"SearchAction","target":{"@type":"EntryPoint","urlTemplate":"https:\/\/techmaster.com.vn\/en\/?s={search_term_string}"},"query-input":{"@type":"PropertyValueSpecification","valueRequired":true,"valueName":"search_term_string"}}],"inLanguage":"en-US"},{"@type":["Organization","Place"],"@id":"https:\/\/techmaster.com.vn\/en\/#organization","name":"Techmaster Electronics JSC","url":"https:\/\/techmaster.com.vn\/en\/","logo":{"@id":"https:\/\/techmaster.com.vn\/en\/milwaukee-m12-bps-0-sub-compact-polisher-sander\/#local-main-organization-logo"},"image":{"@id":"https:\/\/techmaster.com.vn\/en\/milwaukee-m12-bps-0-sub-compact-polisher-sander\/#local-main-organization-logo"},"sameAs":["https:\/\/www.facebook.com\/techmaster.electronics.jsc","https:\/\/x.com\/techmastervn","https:\/\/www.instagram.com\/techmastervietnam","https:\/\/myspace.com\/techmastervietnam","https:\/\/www.youtube.com\/c\/TechmasterElectronicsJSC","https:\/\/www.pinterest.com\/techmasterelectronicsjsc\/","https:\/\/vi.wikipedia.org\/wiki\/Th\u00e0nh_vi\u00ean:Techmastervietnam","https:\/\/twitter.com\/techmastervn","https:\/\/www.linkedin.com\/company\/techmaster-vietnam\/"],"telephone":[],"contactPoint":{"@type":"ContactPoint","email":"marketing@techmaster.com.vn"},"openingHoursSpecification":[{"@type":"OpeningHoursSpecification","dayOfWeek":["Monday","Tuesday","Wednesday","Thursday","Friday","Saturday","Sunday"],"opens":"09:00","closes":"17:00"}],"email":"marketing@techmaster.com.vn","areaServed":"Vietnam"},{"@type":"ImageObject","inLanguage":"en-US","@id":"https:\/\/techmaster.com.vn\/en\/milwaukee-m12-bps-0-sub-compact-polisher-sander\/#local-main-organization-logo","url":"https:\/\/techmaster.com.vn\/wp-content\/uploads\/2021\/04\/techmaster-logo-homepage.png","contentUrl":"https:\/\/techmaster.com.vn\/wp-content\/uploads\/2021\/04\/techmaster-logo-homepage.png","width":335,"height":62,"caption":"Techmaster Electronics JSC"}]},"product_price_currency":"VND","og_availability":"instock","product_availability":"instock","product_condition":"new"},"_links":{"self":[{"href":"https:\/\/techmaster.com.vn\/en\/wp-json\/wp\/v2\/product\/14276","targetHints":{"allow":["GET"]}}],"collection":[{"href":"https:\/\/techmaster.com.vn\/en\/wp-json\/wp\/v2\/product"}],"about":[{"href":"https:\/\/techmaster.com.vn\/en\/wp-json\/wp\/v2\/types\/product"}],"replies":[{"embeddable":true,"href":"https:\/\/techmaster.com.vn\/en\/wp-json\/wp\/v2\/comments?post=14276"}],"wp:featuredmedia":[{"embeddable":true,"href":"https:\/\/techmaster.com.vn\/en\/wp-json\/wp\/v2\/media\/2727"}],"wp:attachment":[{"href":"https:\/\/techmaster.com.vn\/en\/wp-json\/wp\/v2\/media?parent=14276"}],"wp:term":[{"taxonomy":"product_brand","embeddable":true,"href":"https:\/\/techmaster.com.vn\/en\/wp-json\/wp\/v2\/product_brand?post=14276"},{"taxonomy":"product_cat","embeddable":true,"href":"https:\/\/techmaster.com.vn\/en\/wp-json\/wp\/v2\/product_cat?post=14276"},{"taxonomy":"product_tag","embeddable":true,"href":"https:\/\/techmaster.com.vn\/en\/wp-json\/wp\/v2\/product_tag?post=14276"}],"curies":[{"name":"wp","href":"https:\/\/api.w.org\/{rel}","templated":true}]}}