{"id":14259,"date":"2020-12-02T16:44:39","date_gmt":"2020-12-02T09:44:39","guid":{"rendered":"https:\/\/techmaster.com.vn\/may-danh-bong-milwaukee-m18-fap180-502x-set\/"},"modified":"2023-06-23T10:32:19","modified_gmt":"2023-06-23T03:32:19","slug":"milwaukee-m18-fap180-502x-fuel-polisher","status":"publish","type":"product","link":"https:\/\/techmaster.com.vn\/en\/milwaukee-m18-fap180-502x-fuel-polisher\/","title":{"rendered":"MILWAUKEE M18 FAP180-502X FUEL\u2122 POLISHER"},"content":{"rendered":"<p><strong>SPECIFICATIONS MILWAUKEE M18 FAP180-502X FUEL\u2122 POLISHER<\/strong><\/p>\n<div class=\"modal-body\">\n<div class=\"content-more-tskt\">\n<table class=\"table\" style=\"width: 272px;\">\n<tbody>\n<tr style=\"height: 21px;\">\n<td style=\"width: 208px; height: 21px;\" scope=\"col\">Max. polishing pad diameter (mm):<\/td>\n<td style=\"width: 48px; height: 21px;\" scope=\"col\">180<\/td>\n<\/tr>\n<tr style=\"height: 21px;\">\n<td style=\"width: 208px; height: 21px;\" scope=\"col\">No load speed (m\/mins):<\/td>\n<td style=\"width: 48px; height: 21px;\" scope=\"col\">360 &#8211; 2200<\/td>\n<\/tr>\n<tr style=\"height: 21px;\">\n<td style=\"width: 208px; height: 21px;\" scope=\"col\">Spindle size (mm):<\/td>\n<td style=\"width: 48px; height: 21px;\" scope=\"col\">M14<\/td>\n<\/tr>\n<tr style=\"height: 21px;\">\n<td style=\"width: 208px; height: 21px;\" scope=\"col\">Max. backing pad diameter (mm):<\/td>\n<td style=\"width: 48px; height: 21px;\" scope=\"col\">125<\/td>\n<\/tr>\n<tr style=\"height: 21px;\">\n<td style=\"width: 208px; height: 21px;\" scope=\"col\">Battery platform:<\/td>\n<td style=\"width: 48px; height: 21px;\" scope=\"col\">M18\u2122 REDLITHIUM\u2122-ION<\/td>\n<\/tr>\n<tr style=\"height: 21px;\">\n<td style=\"width: 208px; height: 21px;\" scope=\"col\">Voltage (V):<\/td>\n<td style=\"width: 48px; height: 21px;\" scope=\"col\">18<\/td>\n<\/tr>\n<tr style=\"height: 21.7812px;\">\n<td style=\"width: 208px; height: 21.7812px;\" scope=\"col\">Weight with battery pack if applicable (kg):<\/td>\n<td style=\"width: 48px; height: 21.7812px;\" scope=\"col\">3.1kg (5.0Ah)<\/td>\n<\/tr>\n<tr style=\"height: 21px;\">\n<td style=\"width: 208px; height: 21px;\" scope=\"col\">LED Light:<\/td>\n<td style=\"width: 48px; height: 21px;\" scope=\"col\">Yes<\/td>\n<\/tr>\n<tr style=\"height: 21px;\">\n<td style=\"width: 208px; height: 21px;\" scope=\"col\">FUEL Gauge<\/td>\n<td style=\"width: 48px; height: 21px;\" scope=\"col\">Yes<\/td>\n<\/tr>\n<\/tbody>\n<\/table>\n<\/div>\n<\/div>\n<h2><strong>Introduction Milwaukee M18 FAP180-502X<\/strong><\/h2>\n<p>The M18 FUEL\u2122 7&#8243; Variable Speed Polisher (Milwaukee M18 FAP180-502X) is the world\u2019s first cordless full-size rotary polisher.<\/p>\n<p>By harnessing the power, performance and run-time of M18 FUEL\u2122 technology, this tool delivers corded performance that allows users to power through the most demanding applications.<\/p>\n<p>At more than 1 lb. lighter than corded, and the ability to deliver total control through a variable speed dial and trigger, the new M18 FUEL\u2122 Polisher frees users from the extra work, distractions, paint damage, and inconvenience caused by cords.<\/p>\n<p>Paired with M18 XC5.0 batteries, the M18 FUEL\u2122 Polisher can complete a full size car on one charge when working on moderate to good paint.<\/p>\n<p>The M18 FUEL\u2122 Polisher is equipped with a rubber over mold front housing to protect the paint from scratches in use as well as a removable dust cover to protect the motor and electronics from wool fibers and residue.<\/p>\n<p>The new tool is designed to distribute more of its weight over the pad, providing natural pressure on the surface area and more.<\/p>\n<p style=\"text-align: center;\"><strong><a href=\"http:\/\/techmaster.com.vn\/wp-content\/uploads\/2020\/12\/may-danh-bong-milwaukee-m18-fap180-502x-5.jpg\"><img loading=\"lazy\" decoding=\"async\" class=\"alignnone wp-image-9259 size-full\" src=\"https:\/\/techmaster.com.vn\/wp-content\/uploads\/2020\/12\/may-danh-bong-milwaukee-m18-fap180-502x-5.jpg\" alt=\"Milwaukee M18 FAP180-502X (8)\" width=\"772\" height=\"346\" \/><\/a><\/strong><\/p>\n<p><strong style=\"font-size: 23.04px; color: #333333;\">Milwaukee Brand<\/strong><\/p>\n<div style=\"text-align: justify;\">Since the company began in 1924, Milwaukee Tool has led the industry in developing innovative solutions that deliver increased productivity and unmatched durability for professional construction users. Whether it is through our world-leading M12\u2122 and M18\u2122 cordless systems, the ground-breaking performance of our M12 and M18 FUEL\u2122 products, jobsite lighting, time-saving accessories, or innovative hand tool and storage products, Milwaukee are dedicated to delivering a continuous flow of advanced, trade-specific solutions. Milwaukee Tool is not simply a manufacturer \u2013 Milwaukee are progressive problem solvers.<\/div>\n","protected":false},"excerpt":{"rendered":"<h2><strong>FEATURES<\/strong><\/h2>\n<div id=\"p_lt_ctl01_pageplaceholder_p_lt_ctl01_MilwaukeeProductFeatures_pnlFeatues\" class=\"product__description js-description-mask is-active\">\n<div class=\"product__description-content js-product-content\">\n<p>&#8211; Brushless POWERSTATE\u2122 motor to deliver the ultimate mobility in car polishing<\/p>\n<p>&#8211; REDLINK PLUS\u2122 intelligence system delivers an advanced digital overload protection for tool and battery and uniquely enhances the tool performance under load<\/p>\n<p>&#8211; REDLITHIUM\u2122 battery pack provides superior pack construction, electronics and fade-free performance to deliver more run time and more work over pack life<\/p>\n<p>&#8211; World\u00b4s first cordless polisher with 8 position variable speed selection ranging from 360 &#8211; 2200 rpm<\/p>\n<p>&#8211; Outstanding run time to polish one full size car per battery charge<\/p>\n<\/div>\n<\/div>\n","protected":false},"featured_media":2730,"comment_status":"open","ping_status":"closed","template":"","meta":[],"product_brand":[],"product_cat":[161,373,251],"product_tag":[],"class_list":{"0":"post-14259","1":"product","2":"type-product","3":"status-publish","4":"has-post-thumbnail","6":"product_cat-hand-tools","7":"product_cat-m18-en","8":"product_cat-polishers","10":"first","11":"instock","12":"shipping-taxable","13":"product-type-simple"},"yoast_head":"<!-- This site is optimized with the Yoast SEO Premium plugin v26.8 (Yoast SEO v26.8) - https:\/\/yoast.com\/product\/yoast-seo-premium-wordpress\/ -->\n<title>MILWAUKEE M18 FAP180-502X FUEL\u2122 POLISHER - Techmaster Electronics JSC<\/title>\n<meta name=\"description\" content=\"The Milwaukee M18 FAP180-502X - World\u00b4s first cordless polisher with 8 position variable speed selection ranging from 360 - 2200 rpm.\" \/>\n<meta name=\"robots\" content=\"index, follow, max-snippet:-1, max-image-preview:large, max-video-preview:-1\" \/>\n<link rel=\"canonical\" href=\"https:\/\/techmaster.com.vn\/en\/milwaukee-m18-fap180-502x-fuel-polisher\/\" \/>\n<meta property=\"og:locale\" content=\"en_US\" \/>\n<meta property=\"og:type\" content=\"article\" \/>\n<meta property=\"og:title\" content=\"MILWAUKEE M18 FAP180-502X FUEL\u2122 POLISHER\" \/>\n<meta property=\"og:description\" content=\"The Milwaukee M18 FAP180-502X - World\u00b4s first cordless polisher with 8 position variable speed selection ranging from 360 - 2200 rpm.\" \/>\n<meta property=\"og:url\" content=\"https:\/\/techmaster.com.vn\/en\/milwaukee-m18-fap180-502x-fuel-polisher\/\" \/>\n<meta property=\"og:site_name\" content=\"Techmaster Electronics JSC\" \/>\n<meta property=\"article:publisher\" content=\"https:\/\/www.facebook.com\/techmaster.electronics.jsc\" \/>\n<meta property=\"article:modified_time\" content=\"2023-06-23T03:32:19+00:00\" \/>\n<meta property=\"og:image\" content=\"https:\/\/techmaster.com.vn\/wp-content\/uploads\/2020\/12\/may-danh-bong-milwaukee-m18-fap180-502x-7.jpg\" \/>\n\t<meta property=\"og:image:width\" content=\"560\" \/>\n\t<meta property=\"og:image:height\" content=\"292\" \/>\n\t<meta property=\"og:image:type\" content=\"image\/jpeg\" \/>\n<meta name=\"twitter:card\" content=\"summary_large_image\" \/>\n<meta name=\"twitter:site\" content=\"@techmastervn\" \/>\n<meta name=\"twitter:label1\" content=\"Price\" \/>\n\t<meta name=\"twitter:data1\" content=\"Call for Price\" \/>\n\t<meta name=\"twitter:label2\" content=\"Availability\" \/>\n\t<meta name=\"twitter:data2\" content=\"In stock\" \/>\n<script type=\"application\/ld+json\" class=\"yoast-schema-graph\">{\"@context\":\"https:\/\/schema.org\",\"@graph\":[{\"@type\":\"WebPage\",\"@id\":\"https:\/\/techmaster.com.vn\/en\/milwaukee-m18-fap180-502x-fuel-polisher\/\",\"url\":\"https:\/\/techmaster.com.vn\/en\/milwaukee-m18-fap180-502x-fuel-polisher\/\",\"name\":\"MILWAUKEE M18 FAP180-502X FUEL\u2122 POLISHER - Techmaster Electronics JSC\",\"isPartOf\":{\"@id\":\"https:\/\/techmaster.com.vn\/en\/#website\"},\"primaryImageOfPage\":{\"@id\":\"https:\/\/techmaster.com.vn\/en\/milwaukee-m18-fap180-502x-fuel-polisher\/#primaryimage\"},\"image\":{\"@id\":\"https:\/\/techmaster.com.vn\/en\/milwaukee-m18-fap180-502x-fuel-polisher\/#primaryimage\"},\"thumbnailUrl\":\"https:\/\/techmaster.com.vn\/wp-content\/uploads\/2020\/12\/may-danh-bong-milwaukee-m18-fap180-502x.jpg\",\"datePublished\":\"2020-12-02T09:44:39+00:00\",\"dateModified\":\"2023-06-23T03:32:19+00:00\",\"description\":\"The Milwaukee M18 FAP180-502X - World\u00b4s first cordless polisher with 8 position variable speed selection ranging from 360 - 2200 rpm.\",\"breadcrumb\":{\"@id\":\"https:\/\/techmaster.com.vn\/en\/milwaukee-m18-fap180-502x-fuel-polisher\/#breadcrumb\"},\"inLanguage\":\"en-US\",\"potentialAction\":[{\"@type\":\"ReadAction\",\"target\":[\"https:\/\/techmaster.com.vn\/en\/milwaukee-m18-fap180-502x-fuel-polisher\/\"]}]},{\"@type\":\"ImageObject\",\"inLanguage\":\"en-US\",\"@id\":\"https:\/\/techmaster.com.vn\/en\/milwaukee-m18-fap180-502x-fuel-polisher\/#primaryimage\",\"url\":\"https:\/\/techmaster.com.vn\/wp-content\/uploads\/2020\/12\/may-danh-bong-milwaukee-m18-fap180-502x.jpg\",\"contentUrl\":\"https:\/\/techmaster.com.vn\/wp-content\/uploads\/2020\/12\/may-danh-bong-milwaukee-m18-fap180-502x.jpg\",\"width\":450,\"height\":450,\"caption\":\"M\u00e1y \u0111\u00e1nh b\u00f3ng Milwaukee M18 FAP180-502X\"},{\"@type\":\"BreadcrumbList\",\"@id\":\"https:\/\/techmaster.com.vn\/en\/milwaukee-m18-fap180-502x-fuel-polisher\/#breadcrumb\",\"itemListElement\":[{\"@type\":\"ListItem\",\"position\":1,\"name\":\"Trang ch\u1ee7\",\"item\":\"https:\/\/techmaster.com.vn\/en\/\"},{\"@type\":\"ListItem\",\"position\":2,\"name\":\"Shop\",\"item\":\"https:\/\/techmaster.com.vn\/san-pham\/\"},{\"@type\":\"ListItem\",\"position\":3,\"name\":\"MILWAUKEE M18 FAP180-502X FUEL\u2122 POLISHER\"}]},{\"@type\":\"WebSite\",\"@id\":\"https:\/\/techmaster.com.vn\/en\/#website\",\"url\":\"https:\/\/techmaster.com.vn\/en\/\",\"name\":\"Techmaster Electronics JSC\",\"description\":\"\",\"publisher\":{\"@id\":\"https:\/\/techmaster.com.vn\/en\/#organization\"},\"potentialAction\":[{\"@type\":\"SearchAction\",\"target\":{\"@type\":\"EntryPoint\",\"urlTemplate\":\"https:\/\/techmaster.com.vn\/en\/?s={search_term_string}\"},\"query-input\":{\"@type\":\"PropertyValueSpecification\",\"valueRequired\":true,\"valueName\":\"search_term_string\"}}],\"inLanguage\":\"en-US\"},{\"@type\":[\"Organization\",\"Place\"],\"@id\":\"https:\/\/techmaster.com.vn\/en\/#organization\",\"name\":\"Techmaster Electronics JSC\",\"url\":\"https:\/\/techmaster.com.vn\/en\/\",\"logo\":{\"@id\":\"https:\/\/techmaster.com.vn\/en\/milwaukee-m18-fap180-502x-fuel-polisher\/#local-main-organization-logo\"},\"image\":{\"@id\":\"https:\/\/techmaster.com.vn\/en\/milwaukee-m18-fap180-502x-fuel-polisher\/#local-main-organization-logo\"},\"sameAs\":[\"https:\/\/www.facebook.com\/techmaster.electronics.jsc\",\"https:\/\/x.com\/techmastervn\",\"https:\/\/www.instagram.com\/techmastervietnam\",\"https:\/\/myspace.com\/techmastervietnam\",\"https:\/\/www.youtube.com\/c\/TechmasterElectronicsJSC\",\"https:\/\/www.pinterest.com\/techmasterelectronicsjsc\/\",\"https:\/\/vi.wikipedia.org\/wiki\/Th\u00e0nh_vi\u00ean:Techmastervietnam\",\"https:\/\/twitter.com\/techmastervn\",\"https:\/\/www.linkedin.com\/company\/techmaster-vietnam\/\"],\"telephone\":[],\"contactPoint\":{\"@type\":\"ContactPoint\",\"email\":\"marketing@techmaster.com.vn\"},\"openingHoursSpecification\":[{\"@type\":\"OpeningHoursSpecification\",\"dayOfWeek\":[\"Monday\",\"Tuesday\",\"Wednesday\",\"Thursday\",\"Friday\",\"Saturday\",\"Sunday\"],\"opens\":\"09:00\",\"closes\":\"17:00\"}],\"email\":\"marketing@techmaster.com.vn\",\"areaServed\":\"Vietnam\"},{\"@type\":\"ImageObject\",\"inLanguage\":\"en-US\",\"@id\":\"https:\/\/techmaster.com.vn\/en\/milwaukee-m18-fap180-502x-fuel-polisher\/#local-main-organization-logo\",\"url\":\"https:\/\/techmaster.com.vn\/wp-content\/uploads\/2021\/04\/techmaster-logo-homepage.png\",\"contentUrl\":\"https:\/\/techmaster.com.vn\/wp-content\/uploads\/2021\/04\/techmaster-logo-homepage.png\",\"width\":335,\"height\":62,\"caption\":\"Techmaster Electronics JSC\"}]}<\/script>\n<meta property=\"product:price:amount\" content=\"0\" \/>\n<meta property=\"product:price:currency\" content=\"VND\" \/>\n<meta property=\"og:availability\" content=\"instock\" \/>\n<meta property=\"product:availability\" content=\"instock\" \/>\n<meta property=\"product:condition\" content=\"new\" \/>\n<!-- \/ Yoast SEO Premium plugin. -->","yoast_head_json":{"title":"MILWAUKEE M18 FAP180-502X FUEL\u2122 POLISHER - Techmaster Electronics JSC","description":"The Milwaukee M18 FAP180-502X - World\u00b4s first cordless polisher with 8 position variable speed selection ranging from 360 - 2200 rpm.","robots":{"index":"index","follow":"follow","max-snippet":"max-snippet:-1","max-image-preview":"max-image-preview:large","max-video-preview":"max-video-preview:-1"},"canonical":"https:\/\/techmaster.com.vn\/en\/milwaukee-m18-fap180-502x-fuel-polisher\/","og_locale":"en_US","og_type":"article","og_title":"MILWAUKEE M18 FAP180-502X FUEL\u2122 POLISHER","og_description":"The Milwaukee M18 FAP180-502X - World\u00b4s first cordless polisher with 8 position variable speed selection ranging from 360 - 2200 rpm.","og_url":"https:\/\/techmaster.com.vn\/en\/milwaukee-m18-fap180-502x-fuel-polisher\/","og_site_name":"Techmaster Electronics JSC","article_publisher":"https:\/\/www.facebook.com\/techmaster.electronics.jsc","article_modified_time":"2023-06-23T03:32:19+00:00","og_image":[{"width":560,"height":292,"url":"https:\/\/techmaster.com.vn\/wp-content\/uploads\/2020\/12\/may-danh-bong-milwaukee-m18-fap180-502x-7.jpg","type":"image\/jpeg"}],"twitter_card":"summary_large_image","twitter_site":"@techmastervn","twitter_misc":{"Price":"Call for Price","Availability":"In stock"},"schema":{"@context":"https:\/\/schema.org","@graph":[{"@type":"WebPage","@id":"https:\/\/techmaster.com.vn\/en\/milwaukee-m18-fap180-502x-fuel-polisher\/","url":"https:\/\/techmaster.com.vn\/en\/milwaukee-m18-fap180-502x-fuel-polisher\/","name":"MILWAUKEE M18 FAP180-502X FUEL\u2122 POLISHER - Techmaster Electronics JSC","isPartOf":{"@id":"https:\/\/techmaster.com.vn\/en\/#website"},"primaryImageOfPage":{"@id":"https:\/\/techmaster.com.vn\/en\/milwaukee-m18-fap180-502x-fuel-polisher\/#primaryimage"},"image":{"@id":"https:\/\/techmaster.com.vn\/en\/milwaukee-m18-fap180-502x-fuel-polisher\/#primaryimage"},"thumbnailUrl":"https:\/\/techmaster.com.vn\/wp-content\/uploads\/2020\/12\/may-danh-bong-milwaukee-m18-fap180-502x.jpg","datePublished":"2020-12-02T09:44:39+00:00","dateModified":"2023-06-23T03:32:19+00:00","description":"The Milwaukee M18 FAP180-502X - World\u00b4s first cordless polisher with 8 position variable speed selection ranging from 360 - 2200 rpm.","breadcrumb":{"@id":"https:\/\/techmaster.com.vn\/en\/milwaukee-m18-fap180-502x-fuel-polisher\/#breadcrumb"},"inLanguage":"en-US","potentialAction":[{"@type":"ReadAction","target":["https:\/\/techmaster.com.vn\/en\/milwaukee-m18-fap180-502x-fuel-polisher\/"]}]},{"@type":"ImageObject","inLanguage":"en-US","@id":"https:\/\/techmaster.com.vn\/en\/milwaukee-m18-fap180-502x-fuel-polisher\/#primaryimage","url":"https:\/\/techmaster.com.vn\/wp-content\/uploads\/2020\/12\/may-danh-bong-milwaukee-m18-fap180-502x.jpg","contentUrl":"https:\/\/techmaster.com.vn\/wp-content\/uploads\/2020\/12\/may-danh-bong-milwaukee-m18-fap180-502x.jpg","width":450,"height":450,"caption":"M\u00e1y \u0111\u00e1nh b\u00f3ng Milwaukee M18 FAP180-502X"},{"@type":"BreadcrumbList","@id":"https:\/\/techmaster.com.vn\/en\/milwaukee-m18-fap180-502x-fuel-polisher\/#breadcrumb","itemListElement":[{"@type":"ListItem","position":1,"name":"Trang ch\u1ee7","item":"https:\/\/techmaster.com.vn\/en\/"},{"@type":"ListItem","position":2,"name":"Shop","item":"https:\/\/techmaster.com.vn\/san-pham\/"},{"@type":"ListItem","position":3,"name":"MILWAUKEE M18 FAP180-502X FUEL\u2122 POLISHER"}]},{"@type":"WebSite","@id":"https:\/\/techmaster.com.vn\/en\/#website","url":"https:\/\/techmaster.com.vn\/en\/","name":"Techmaster Electronics JSC","description":"","publisher":{"@id":"https:\/\/techmaster.com.vn\/en\/#organization"},"potentialAction":[{"@type":"SearchAction","target":{"@type":"EntryPoint","urlTemplate":"https:\/\/techmaster.com.vn\/en\/?s={search_term_string}"},"query-input":{"@type":"PropertyValueSpecification","valueRequired":true,"valueName":"search_term_string"}}],"inLanguage":"en-US"},{"@type":["Organization","Place"],"@id":"https:\/\/techmaster.com.vn\/en\/#organization","name":"Techmaster Electronics JSC","url":"https:\/\/techmaster.com.vn\/en\/","logo":{"@id":"https:\/\/techmaster.com.vn\/en\/milwaukee-m18-fap180-502x-fuel-polisher\/#local-main-organization-logo"},"image":{"@id":"https:\/\/techmaster.com.vn\/en\/milwaukee-m18-fap180-502x-fuel-polisher\/#local-main-organization-logo"},"sameAs":["https:\/\/www.facebook.com\/techmaster.electronics.jsc","https:\/\/x.com\/techmastervn","https:\/\/www.instagram.com\/techmastervietnam","https:\/\/myspace.com\/techmastervietnam","https:\/\/www.youtube.com\/c\/TechmasterElectronicsJSC","https:\/\/www.pinterest.com\/techmasterelectronicsjsc\/","https:\/\/vi.wikipedia.org\/wiki\/Th\u00e0nh_vi\u00ean:Techmastervietnam","https:\/\/twitter.com\/techmastervn","https:\/\/www.linkedin.com\/company\/techmaster-vietnam\/"],"telephone":[],"contactPoint":{"@type":"ContactPoint","email":"marketing@techmaster.com.vn"},"openingHoursSpecification":[{"@type":"OpeningHoursSpecification","dayOfWeek":["Monday","Tuesday","Wednesday","Thursday","Friday","Saturday","Sunday"],"opens":"09:00","closes":"17:00"}],"email":"marketing@techmaster.com.vn","areaServed":"Vietnam"},{"@type":"ImageObject","inLanguage":"en-US","@id":"https:\/\/techmaster.com.vn\/en\/milwaukee-m18-fap180-502x-fuel-polisher\/#local-main-organization-logo","url":"https:\/\/techmaster.com.vn\/wp-content\/uploads\/2021\/04\/techmaster-logo-homepage.png","contentUrl":"https:\/\/techmaster.com.vn\/wp-content\/uploads\/2021\/04\/techmaster-logo-homepage.png","width":335,"height":62,"caption":"Techmaster Electronics JSC"}]},"product_price_currency":"VND","og_availability":"instock","product_availability":"instock","product_condition":"new"},"_links":{"self":[{"href":"https:\/\/techmaster.com.vn\/en\/wp-json\/wp\/v2\/product\/14259","targetHints":{"allow":["GET"]}}],"collection":[{"href":"https:\/\/techmaster.com.vn\/en\/wp-json\/wp\/v2\/product"}],"about":[{"href":"https:\/\/techmaster.com.vn\/en\/wp-json\/wp\/v2\/types\/product"}],"replies":[{"embeddable":true,"href":"https:\/\/techmaster.com.vn\/en\/wp-json\/wp\/v2\/comments?post=14259"}],"wp:featuredmedia":[{"embeddable":true,"href":"https:\/\/techmaster.com.vn\/en\/wp-json\/wp\/v2\/media\/2730"}],"wp:attachment":[{"href":"https:\/\/techmaster.com.vn\/en\/wp-json\/wp\/v2\/media?parent=14259"}],"wp:term":[{"taxonomy":"product_brand","embeddable":true,"href":"https:\/\/techmaster.com.vn\/en\/wp-json\/wp\/v2\/product_brand?post=14259"},{"taxonomy":"product_cat","embeddable":true,"href":"https:\/\/techmaster.com.vn\/en\/wp-json\/wp\/v2\/product_cat?post=14259"},{"taxonomy":"product_tag","embeddable":true,"href":"https:\/\/techmaster.com.vn\/en\/wp-json\/wp\/v2\/product_tag?post=14259"}],"curies":[{"name":"wp","href":"https:\/\/api.w.org\/{rel}","templated":true}]}}