{"id":14035,"date":"2020-12-03T08:17:42","date_gmt":"2020-12-03T01:17:42","guid":{"rendered":"https:\/\/techmaster.com.vn\/may-cat-kim-loai-milwaukee-m18-bms20-0-bare\/"},"modified":"2023-02-13T09:50:01","modified_gmt":"2023-02-13T02:50:01","slug":"milwaukee-m18-bms20-0-compact-metal-shear","status":"publish","type":"product","link":"https:\/\/techmaster.com.vn\/en\/milwaukee-m18-bms20-0-compact-metal-shear\/","title":{"rendered":"MILWAUKEE M18 BMS20-0 COMPACT METAL SHEAR"},"content":{"rendered":"<p><strong>SPECIFICATIONS MILWAUKEE M18 BMS20-0 COMPACT METAL SHEAR<\/strong><\/p>\n<div>\n<p><strong>No load speed (m\/mins): <\/strong>0 &#8211; 2500<\/p>\n<p><strong>Max. cutting capacity steel (mm): <\/strong>2<\/p>\n<p><strong>Max. aluminum wire capacity (mm\u00b2): <\/strong>3.2<\/p>\n<p><strong>Minimum cutting radius (mm): <\/strong>180<\/p>\n<p><strong>Battery platform: <\/strong>M18\u2122 REDLITHIUM\u2122-ION<\/p>\n<p><strong>Voltage (V): <\/strong>18<\/p>\n<p><strong>Weight with battery pack if applicable (kg): <\/strong>2.6<\/p>\n<p><strong>Length (mm): <\/strong>432<\/p>\n<p><strong>LED Light: <\/strong>No<\/p>\n<p><strong>FUEL Gauge: <\/strong><span style=\"color: #333333; font-size: 14.4px;\">Yes<\/span><\/p>\n<\/div>\n<div><strong style=\"font-size: 23.04px;\">Introduction Milwaukee M18 BMS20-0<\/strong><\/div>\n<div>\n<p>Our M18\u2122 14 Gauge Double Cut Shear ( Milwaukee M18 BMS20-0) features a redesigned body and inline wrist design that maximizes control during use.<\/p>\n<p>These shears offer a 14 gauge steel capacity, providing you with the power to get through heavy gauge stainless metal.<\/p>\n<p>These shears replace your need for hand snips, allowing you to get through more work in less time.<\/p>\n<p>The M18\u2122 14 Gauge Double Shears are optimized for straight cuts. These cordless metal cutting shears feature a 360\u00b0 rotating head and a variable speed trigger that provide you with maximum control.<\/p>\n<\/div>\n<p style=\"text-align: center;\"><a href=\"https:\/\/techmaster.com.vn\/wp-content\/uploads\/2020\/12\/may-cat-kim-loai-milwaukee-m18-bms20-0-5-1.jpg\"><img loading=\"lazy\" decoding=\"async\" class=\"alignnone size-full wp-image-49959\" src=\"https:\/\/techmaster.com.vn\/wp-content\/uploads\/2020\/12\/may-cat-kim-loai-milwaukee-m18-bms20-0-5-1.jpg\" alt=\"M\u00e1y c\u1eaft kim lo\u1ea1i Milwaukee M18 BMS20-0 (8)\" width=\"772\" height=\"346\" \/><\/a><\/p>\n<h2><strong>Features <strong style=\"font-size: 23.04px;\">Milwaukee M18 BMS20-0<\/strong><\/strong><\/h2>\n<div id=\"p_lt_ctl01_pageplaceholder_p_lt_ctl01_MilwaukeeProductFeatures_pnlFeatues\" class=\"product__description js-description-mask is-active\">\n<div class=\"product__description-content js-product-content\">\n<p>Accurate cuts with maximum cutting depth of 2.0 mm in steel.<\/p>\n<p>Unique 360\u00b0 tool-free rotating head with 12 locking positions to access tight spaces and increasing user comfort.<\/p>\n<p>REDLINK\u2122 overload protection electronics in tool and battery pack deliver best in class system durability.<\/p>\n<p>Individual battery cell monitoring optimises tool run time and ensures long term pack durability.<\/p>\n<p>In-Line wrist design for increased control during cutting.<\/p>\n<p>Variable speed trigger for extra control during cutting.<\/p>\n<p>Belt clip for secure mobility.<\/p>\n<p>REDLITHIUM\u2122 battery pack provides superior pack construction, electronics and fade-free performance to deliver more run time and more work over pack life.<\/p>\n<p>Flexible battery system: works with all MILWAUKEE\u00ae M18\u2122 batteries.<\/p>\n<\/div>\n<\/div>\n<p dir=\"ltr\"><strong style=\"font-size: 23.04px; color: #333333;\">Milwaukee Brand<\/strong><\/p>\n<div style=\"text-align: justify;\">Since the company began in 1924, Milwaukee Tool has led the industry in developing innovative solutions that deliver increased productivity and unmatched durability for professional construction users. Whether it is through our world-leading M12\u2122 and M18\u2122 cordless systems, the ground-breaking performance of our M12 and M18 FUEL\u2122 products, jobsite lighting, time-saving accessories, or innovative hand tool and storage products, Milwaukee are dedicated to delivering a continuous flow of advanced, trade-specific solutions. Milwaukee Tool is not simply a manufacturer \u2013 Milwaukee are progressive problem solvers.<\/div>\n","protected":false},"excerpt":{"rendered":"<h2><strong>M\u00f4 t\u1ea3 ng\u1eafn:<\/strong><\/h2>\n<ul>\n<li>C\u00f3 VAT<\/li>\n<li>H\u00e3ng s\u1ea3n xu\u1ea5t: Milwaukee-Hoa K\u1ef3<\/li>\n<li>Xu\u1ea5t x\u1ee9: Trung Qu\u1ed1c<\/li>\n<li>T\u1ed1c \u0111\u1ed9 ho\u1ea1t \u0111\u1ed9ng kh\u00f4ng t\u1ea3i t\u1ed1i \u0111a 2500 v\/p<\/li>\n<li>Th\u1ef1c hi\u1ec7n c\u1eaft ngay c\u1ea3 th\u00e9p 2.0 v\u00e0 Nh\u00f4m 3.2<\/li>\n<\/ul>\n","protected":false},"featured_media":49939,"comment_status":"open","ping_status":"closed","template":"","meta":[],"product_brand":[],"product_cat":[161,373,247],"product_tag":[],"class_list":{"0":"post-14035","1":"product","2":"type-product","3":"status-publish","4":"has-post-thumbnail","6":"product_cat-hand-tools","7":"product_cat-m18-en","8":"product_cat-cutting","9":"pa_brand-milwaukee-en","11":"first","12":"instock","13":"shipping-taxable","14":"product-type-simple"},"yoast_head":"<!-- This site is optimized with the Yoast SEO Premium plugin v26.8 (Yoast SEO v26.8) - https:\/\/yoast.com\/product\/yoast-seo-premium-wordpress\/ -->\n<title>MILWAUKEE M18 BMS20-0 COMPACT METAL SHEAR - Techmaster Electronics JSC<\/title>\n<meta name=\"description\" content=\"The Milwaukee M18 BMS20-0 - Accurate cuts with maximum cutting depth of 2.0 mm in steel. Variable speed trigger for extra control during cutting\" \/>\n<meta name=\"robots\" content=\"index, follow, max-snippet:-1, max-image-preview:large, max-video-preview:-1\" \/>\n<link rel=\"canonical\" href=\"https:\/\/techmaster.com.vn\/en\/milwaukee-m18-bms20-0-compact-metal-shear\/\" \/>\n<meta property=\"og:locale\" content=\"en_US\" \/>\n<meta property=\"og:type\" content=\"article\" \/>\n<meta property=\"og:title\" content=\"MILWAUKEE M18 BMS20-0 COMPACT METAL SHEAR\" \/>\n<meta property=\"og:description\" content=\"The Milwaukee M18 BMS20-0 - Accurate cuts with maximum cutting depth of 2.0 mm in steel. Variable speed trigger for extra control during cutting\" \/>\n<meta property=\"og:url\" content=\"https:\/\/techmaster.com.vn\/en\/milwaukee-m18-bms20-0-compact-metal-shear\/\" \/>\n<meta property=\"og:site_name\" content=\"Techmaster Electronics JSC\" \/>\n<meta property=\"article:publisher\" content=\"https:\/\/www.facebook.com\/techmaster.electronics.jsc\" \/>\n<meta property=\"article:modified_time\" content=\"2023-02-13T02:50:01+00:00\" \/>\n<meta name=\"twitter:card\" content=\"summary_large_image\" \/>\n<meta name=\"twitter:image\" content=\"https:\/\/techmaster.com.vn\/wp-content\/uploads\/2020\/12\/may-cat-kim-loai-milwaukee-m18-bms20-0-8.jpg\" \/>\n<meta name=\"twitter:site\" content=\"@techmastervn\" \/>\n<meta name=\"twitter:label1\" content=\"Price\" \/>\n\t<meta name=\"twitter:data1\" content=\"Call for Price\" \/>\n\t<meta name=\"twitter:label2\" content=\"Availability\" \/>\n\t<meta name=\"twitter:data2\" content=\"In stock\" \/>\n<script type=\"application\/ld+json\" class=\"yoast-schema-graph\">{\"@context\":\"https:\/\/schema.org\",\"@graph\":[{\"@type\":\"WebPage\",\"@id\":\"https:\/\/techmaster.com.vn\/en\/milwaukee-m18-bms20-0-compact-metal-shear\/\",\"url\":\"https:\/\/techmaster.com.vn\/en\/milwaukee-m18-bms20-0-compact-metal-shear\/\",\"name\":\"MILWAUKEE M18 BMS20-0 COMPACT METAL SHEAR - Techmaster Electronics JSC\",\"isPartOf\":{\"@id\":\"https:\/\/techmaster.com.vn\/en\/#website\"},\"primaryImageOfPage\":{\"@id\":\"https:\/\/techmaster.com.vn\/en\/milwaukee-m18-bms20-0-compact-metal-shear\/#primaryimage\"},\"image\":{\"@id\":\"https:\/\/techmaster.com.vn\/en\/milwaukee-m18-bms20-0-compact-metal-shear\/#primaryimage\"},\"thumbnailUrl\":\"https:\/\/techmaster.com.vn\/wp-content\/uploads\/2020\/12\/may-cat-kim-loai-milwaukee-m18-bms20-0-8.jpg\",\"datePublished\":\"2020-12-03T01:17:42+00:00\",\"dateModified\":\"2023-02-13T02:50:01+00:00\",\"description\":\"The Milwaukee M18 BMS20-0 - Accurate cuts with maximum cutting depth of 2.0 mm in steel. Variable speed trigger for extra control during cutting\",\"breadcrumb\":{\"@id\":\"https:\/\/techmaster.com.vn\/en\/milwaukee-m18-bms20-0-compact-metal-shear\/#breadcrumb\"},\"inLanguage\":\"en-US\",\"potentialAction\":[{\"@type\":\"ReadAction\",\"target\":[\"https:\/\/techmaster.com.vn\/en\/milwaukee-m18-bms20-0-compact-metal-shear\/\"]}]},{\"@type\":\"ImageObject\",\"inLanguage\":\"en-US\",\"@id\":\"https:\/\/techmaster.com.vn\/en\/milwaukee-m18-bms20-0-compact-metal-shear\/#primaryimage\",\"url\":\"https:\/\/techmaster.com.vn\/wp-content\/uploads\/2020\/12\/may-cat-kim-loai-milwaukee-m18-bms20-0-8.jpg\",\"contentUrl\":\"https:\/\/techmaster.com.vn\/wp-content\/uploads\/2020\/12\/may-cat-kim-loai-milwaukee-m18-bms20-0-8.jpg\",\"width\":500,\"height\":500,\"caption\":\"M\u00e1y c\u1eaft kim lo\u1ea1i Milwaukee M18 BMS20-0\"},{\"@type\":\"BreadcrumbList\",\"@id\":\"https:\/\/techmaster.com.vn\/en\/milwaukee-m18-bms20-0-compact-metal-shear\/#breadcrumb\",\"itemListElement\":[{\"@type\":\"ListItem\",\"position\":1,\"name\":\"Trang ch\u1ee7\",\"item\":\"https:\/\/techmaster.com.vn\/en\/\"},{\"@type\":\"ListItem\",\"position\":2,\"name\":\"Shop\",\"item\":\"https:\/\/techmaster.com.vn\/san-pham\/\"},{\"@type\":\"ListItem\",\"position\":3,\"name\":\"MILWAUKEE M18 BMS20-0 COMPACT METAL SHEAR\"}]},{\"@type\":\"WebSite\",\"@id\":\"https:\/\/techmaster.com.vn\/en\/#website\",\"url\":\"https:\/\/techmaster.com.vn\/en\/\",\"name\":\"Techmaster Electronics JSC\",\"description\":\"\",\"publisher\":{\"@id\":\"https:\/\/techmaster.com.vn\/en\/#organization\"},\"potentialAction\":[{\"@type\":\"SearchAction\",\"target\":{\"@type\":\"EntryPoint\",\"urlTemplate\":\"https:\/\/techmaster.com.vn\/en\/?s={search_term_string}\"},\"query-input\":{\"@type\":\"PropertyValueSpecification\",\"valueRequired\":true,\"valueName\":\"search_term_string\"}}],\"inLanguage\":\"en-US\"},{\"@type\":[\"Organization\",\"Place\"],\"@id\":\"https:\/\/techmaster.com.vn\/en\/#organization\",\"name\":\"Techmaster Electronics JSC\",\"url\":\"https:\/\/techmaster.com.vn\/en\/\",\"logo\":{\"@id\":\"https:\/\/techmaster.com.vn\/en\/milwaukee-m18-bms20-0-compact-metal-shear\/#local-main-organization-logo\"},\"image\":{\"@id\":\"https:\/\/techmaster.com.vn\/en\/milwaukee-m18-bms20-0-compact-metal-shear\/#local-main-organization-logo\"},\"sameAs\":[\"https:\/\/www.facebook.com\/techmaster.electronics.jsc\",\"https:\/\/x.com\/techmastervn\",\"https:\/\/www.instagram.com\/techmastervietnam\",\"https:\/\/myspace.com\/techmastervietnam\",\"https:\/\/www.youtube.com\/c\/TechmasterElectronicsJSC\",\"https:\/\/www.pinterest.com\/techmasterelectronicsjsc\/\",\"https:\/\/vi.wikipedia.org\/wiki\/Th\u00e0nh_vi\u00ean:Techmastervietnam\",\"https:\/\/twitter.com\/techmastervn\",\"https:\/\/www.linkedin.com\/company\/techmaster-vietnam\/\"],\"telephone\":[],\"contactPoint\":{\"@type\":\"ContactPoint\",\"email\":\"marketing@techmaster.com.vn\"},\"openingHoursSpecification\":[{\"@type\":\"OpeningHoursSpecification\",\"dayOfWeek\":[\"Monday\",\"Tuesday\",\"Wednesday\",\"Thursday\",\"Friday\",\"Saturday\",\"Sunday\"],\"opens\":\"09:00\",\"closes\":\"17:00\"}],\"email\":\"marketing@techmaster.com.vn\",\"areaServed\":\"Vietnam\"},{\"@type\":\"ImageObject\",\"inLanguage\":\"en-US\",\"@id\":\"https:\/\/techmaster.com.vn\/en\/milwaukee-m18-bms20-0-compact-metal-shear\/#local-main-organization-logo\",\"url\":\"https:\/\/techmaster.com.vn\/wp-content\/uploads\/2021\/04\/techmaster-logo-homepage.png\",\"contentUrl\":\"https:\/\/techmaster.com.vn\/wp-content\/uploads\/2021\/04\/techmaster-logo-homepage.png\",\"width\":335,\"height\":62,\"caption\":\"Techmaster Electronics JSC\"}]}<\/script>\n<meta property=\"product:price:amount\" content=\"0\" \/>\n<meta property=\"product:price:currency\" content=\"VND\" \/>\n<meta property=\"og:availability\" content=\"instock\" \/>\n<meta property=\"product:availability\" content=\"instock\" \/>\n<meta property=\"product:condition\" content=\"new\" \/>\n<!-- \/ Yoast SEO Premium plugin. -->","yoast_head_json":{"title":"MILWAUKEE M18 BMS20-0 COMPACT METAL SHEAR - Techmaster Electronics JSC","description":"The Milwaukee M18 BMS20-0 - Accurate cuts with maximum cutting depth of 2.0 mm in steel. Variable speed trigger for extra control during cutting","robots":{"index":"index","follow":"follow","max-snippet":"max-snippet:-1","max-image-preview":"max-image-preview:large","max-video-preview":"max-video-preview:-1"},"canonical":"https:\/\/techmaster.com.vn\/en\/milwaukee-m18-bms20-0-compact-metal-shear\/","og_locale":"en_US","og_type":"article","og_title":"MILWAUKEE M18 BMS20-0 COMPACT METAL SHEAR","og_description":"The Milwaukee M18 BMS20-0 - Accurate cuts with maximum cutting depth of 2.0 mm in steel. Variable speed trigger for extra control during cutting","og_url":"https:\/\/techmaster.com.vn\/en\/milwaukee-m18-bms20-0-compact-metal-shear\/","og_site_name":"Techmaster Electronics JSC","article_publisher":"https:\/\/www.facebook.com\/techmaster.electronics.jsc","article_modified_time":"2023-02-13T02:50:01+00:00","twitter_card":"summary_large_image","twitter_image":"https:\/\/techmaster.com.vn\/wp-content\/uploads\/2020\/12\/may-cat-kim-loai-milwaukee-m18-bms20-0-8.jpg","twitter_site":"@techmastervn","twitter_misc":{"Price":"Call for Price","Availability":"In stock"},"schema":{"@context":"https:\/\/schema.org","@graph":[{"@type":"WebPage","@id":"https:\/\/techmaster.com.vn\/en\/milwaukee-m18-bms20-0-compact-metal-shear\/","url":"https:\/\/techmaster.com.vn\/en\/milwaukee-m18-bms20-0-compact-metal-shear\/","name":"MILWAUKEE M18 BMS20-0 COMPACT METAL SHEAR - Techmaster Electronics JSC","isPartOf":{"@id":"https:\/\/techmaster.com.vn\/en\/#website"},"primaryImageOfPage":{"@id":"https:\/\/techmaster.com.vn\/en\/milwaukee-m18-bms20-0-compact-metal-shear\/#primaryimage"},"image":{"@id":"https:\/\/techmaster.com.vn\/en\/milwaukee-m18-bms20-0-compact-metal-shear\/#primaryimage"},"thumbnailUrl":"https:\/\/techmaster.com.vn\/wp-content\/uploads\/2020\/12\/may-cat-kim-loai-milwaukee-m18-bms20-0-8.jpg","datePublished":"2020-12-03T01:17:42+00:00","dateModified":"2023-02-13T02:50:01+00:00","description":"The Milwaukee M18 BMS20-0 - Accurate cuts with maximum cutting depth of 2.0 mm in steel. Variable speed trigger for extra control during cutting","breadcrumb":{"@id":"https:\/\/techmaster.com.vn\/en\/milwaukee-m18-bms20-0-compact-metal-shear\/#breadcrumb"},"inLanguage":"en-US","potentialAction":[{"@type":"ReadAction","target":["https:\/\/techmaster.com.vn\/en\/milwaukee-m18-bms20-0-compact-metal-shear\/"]}]},{"@type":"ImageObject","inLanguage":"en-US","@id":"https:\/\/techmaster.com.vn\/en\/milwaukee-m18-bms20-0-compact-metal-shear\/#primaryimage","url":"https:\/\/techmaster.com.vn\/wp-content\/uploads\/2020\/12\/may-cat-kim-loai-milwaukee-m18-bms20-0-8.jpg","contentUrl":"https:\/\/techmaster.com.vn\/wp-content\/uploads\/2020\/12\/may-cat-kim-loai-milwaukee-m18-bms20-0-8.jpg","width":500,"height":500,"caption":"M\u00e1y c\u1eaft kim lo\u1ea1i Milwaukee M18 BMS20-0"},{"@type":"BreadcrumbList","@id":"https:\/\/techmaster.com.vn\/en\/milwaukee-m18-bms20-0-compact-metal-shear\/#breadcrumb","itemListElement":[{"@type":"ListItem","position":1,"name":"Trang ch\u1ee7","item":"https:\/\/techmaster.com.vn\/en\/"},{"@type":"ListItem","position":2,"name":"Shop","item":"https:\/\/techmaster.com.vn\/san-pham\/"},{"@type":"ListItem","position":3,"name":"MILWAUKEE M18 BMS20-0 COMPACT METAL SHEAR"}]},{"@type":"WebSite","@id":"https:\/\/techmaster.com.vn\/en\/#website","url":"https:\/\/techmaster.com.vn\/en\/","name":"Techmaster Electronics JSC","description":"","publisher":{"@id":"https:\/\/techmaster.com.vn\/en\/#organization"},"potentialAction":[{"@type":"SearchAction","target":{"@type":"EntryPoint","urlTemplate":"https:\/\/techmaster.com.vn\/en\/?s={search_term_string}"},"query-input":{"@type":"PropertyValueSpecification","valueRequired":true,"valueName":"search_term_string"}}],"inLanguage":"en-US"},{"@type":["Organization","Place"],"@id":"https:\/\/techmaster.com.vn\/en\/#organization","name":"Techmaster Electronics JSC","url":"https:\/\/techmaster.com.vn\/en\/","logo":{"@id":"https:\/\/techmaster.com.vn\/en\/milwaukee-m18-bms20-0-compact-metal-shear\/#local-main-organization-logo"},"image":{"@id":"https:\/\/techmaster.com.vn\/en\/milwaukee-m18-bms20-0-compact-metal-shear\/#local-main-organization-logo"},"sameAs":["https:\/\/www.facebook.com\/techmaster.electronics.jsc","https:\/\/x.com\/techmastervn","https:\/\/www.instagram.com\/techmastervietnam","https:\/\/myspace.com\/techmastervietnam","https:\/\/www.youtube.com\/c\/TechmasterElectronicsJSC","https:\/\/www.pinterest.com\/techmasterelectronicsjsc\/","https:\/\/vi.wikipedia.org\/wiki\/Th\u00e0nh_vi\u00ean:Techmastervietnam","https:\/\/twitter.com\/techmastervn","https:\/\/www.linkedin.com\/company\/techmaster-vietnam\/"],"telephone":[],"contactPoint":{"@type":"ContactPoint","email":"marketing@techmaster.com.vn"},"openingHoursSpecification":[{"@type":"OpeningHoursSpecification","dayOfWeek":["Monday","Tuesday","Wednesday","Thursday","Friday","Saturday","Sunday"],"opens":"09:00","closes":"17:00"}],"email":"marketing@techmaster.com.vn","areaServed":"Vietnam"},{"@type":"ImageObject","inLanguage":"en-US","@id":"https:\/\/techmaster.com.vn\/en\/milwaukee-m18-bms20-0-compact-metal-shear\/#local-main-organization-logo","url":"https:\/\/techmaster.com.vn\/wp-content\/uploads\/2021\/04\/techmaster-logo-homepage.png","contentUrl":"https:\/\/techmaster.com.vn\/wp-content\/uploads\/2021\/04\/techmaster-logo-homepage.png","width":335,"height":62,"caption":"Techmaster Electronics JSC"}]},"product_price_currency":"VND","og_availability":"instock","product_availability":"instock","product_condition":"new"},"_links":{"self":[{"href":"https:\/\/techmaster.com.vn\/en\/wp-json\/wp\/v2\/product\/14035","targetHints":{"allow":["GET"]}}],"collection":[{"href":"https:\/\/techmaster.com.vn\/en\/wp-json\/wp\/v2\/product"}],"about":[{"href":"https:\/\/techmaster.com.vn\/en\/wp-json\/wp\/v2\/types\/product"}],"replies":[{"embeddable":true,"href":"https:\/\/techmaster.com.vn\/en\/wp-json\/wp\/v2\/comments?post=14035"}],"wp:featuredmedia":[{"embeddable":true,"href":"https:\/\/techmaster.com.vn\/en\/wp-json\/wp\/v2\/media\/49939"}],"wp:attachment":[{"href":"https:\/\/techmaster.com.vn\/en\/wp-json\/wp\/v2\/media?parent=14035"}],"wp:term":[{"taxonomy":"product_brand","embeddable":true,"href":"https:\/\/techmaster.com.vn\/en\/wp-json\/wp\/v2\/product_brand?post=14035"},{"taxonomy":"product_cat","embeddable":true,"href":"https:\/\/techmaster.com.vn\/en\/wp-json\/wp\/v2\/product_cat?post=14035"},{"taxonomy":"product_tag","embeddable":true,"href":"https:\/\/techmaster.com.vn\/en\/wp-json\/wp\/v2\/product_tag?post=14035"}],"curies":[{"name":"wp","href":"https:\/\/api.w.org\/{rel}","templated":true}]}}