{"id":14032,"date":"2020-12-04T14:13:52","date_gmt":"2020-12-04T07:13:52","guid":{"rendered":"https:\/\/techmaster.com.vn\/may-do-gio-kanomax-6715g\/"},"modified":"2022-02-16T16:38:29","modified_gmt":"2022-02-16T09:38:29","slug":"kanomax-6715g-tabmaster-airflow-capture-hood-model","status":"publish","type":"product","link":"https:\/\/techmaster.com.vn\/en\/kanomax-6715g-tabmaster-airflow-capture-hood-model\/","title":{"rendered":"Kanomax 6715G: Tabmaster Airflow Capture Hood Model"},"content":{"rendered":"<div class=\"col-md-6 col-sm-6 col-xs-12\">\n<p class=\"products-detels\"><b style=\"color: #555555; text-transform: uppercase;\">specifications Kanomax 6715G: Tabmaster Airflow Capture Hood Model\u00a0<\/b><\/p>\n<\/div>\n<div class=\"onoffdesc col-md-12 col-sm-12 col-xs-12\" style=\"text-align: justify;\"><span style=\"color: #555555;\">\u2014 Airflow<\/span><\/div>\n<div>\n<div class=\"page\" title=\"Page 2\">\n<div class=\"section\">\n<div class=\"layoutArea\">\n<div class=\"column\">\n<p>Range: 23 to 2530 cfm (40 to 4300 m3\/h)<\/p>\n<div class=\"page\" title=\"Page 2\">\n<div class=\"section\">\n<div class=\"layoutArea\">\n<div class=\"column\">\n<p>Accuracy: \u00b13% of readings \u00b1 8 m3\/h<\/p>\n<div class=\"page\" title=\"Page 2\">\n<div class=\"section\">\n<div class=\"layoutArea\">\n<div class=\"column\">\n<p>Resolution: 1 m3\/h<\/p>\n<div class=\"page\" title=\"Page 2\">\n<div class=\"section\">\n<div class=\"layoutArea\">\n<div class=\"column\">\n<p>\u2014 Air velocity<\/p>\n<p>Range: 0.15 to 40 m\/s (with pitot tube); 0.15 to 15 m\/s (with Velocity Matrix)<\/p>\n<div class=\"page\" title=\"Page 2\">\n<div class=\"section\">\n<div class=\"layoutArea\">\n<div class=\"column\">\n<p>Accuracy: +\/- 3% of reading +\/- 0.05m\/s<\/p>\n<div class=\"page\" title=\"Page 2\">\n<div class=\"section\">\n<div class=\"layoutArea\">\n<div class=\"column\">\n<p>Resolution: 0.01 m\/s (&lt;9.99m\/s), 0.12 m\/s (&gt;10.0m\/s)<\/p>\n<div class=\"page\" title=\"Page 2\">\n<div class=\"section\">\n<div class=\"layoutArea\">\n<div class=\"column\">\n<p>\u2014 Temperature<\/p>\n<p>Range: -32 to 122\u00b0F (0 to 50\u00b0C)<\/p>\n<div class=\"page\" title=\"Page 2\">\n<div class=\"section\">\n<div class=\"layoutArea\">\n<div class=\"column\">\n<p>Accuracy: +\/- 1.0\u00b0F (0.5\u00b0C)<\/p>\n<div class=\"page\" title=\"Page 2\">\n<div class=\"section\">\n<div class=\"layoutArea\">\n<div class=\"column\">\n<p>Resolution: 0.1\u00b0C<\/p>\n<div class=\"page\" title=\"Page 2\">\n<div class=\"section\">\n<div class=\"layoutArea\">\n<div class=\"column\">\n<div class=\"page\" title=\"Page 2\">\n<div class=\"section\">\n<div class=\"layoutArea\">\n<div class=\"column\">\n<p>\u2014 Humidity<\/p>\n<p>Range: 0 to 100 %RH<\/p>\n<div class=\"page\" title=\"Page 2\">\n<div class=\"section\">\n<div class=\"layoutArea\">\n<div class=\"column\">\n<p>Accuracy: +\/- 3.0%RH<\/p>\n<div class=\"page\" title=\"Page 2\">\n<div class=\"section\">\n<div class=\"layoutArea\">\n<div class=\"column\">\n<p>Resolution: 0.1%RH<\/p>\n<div class=\"page\" title=\"Page 2\">\n<div class=\"section\">\n<div class=\"layoutArea\">\n<div class=\"column\">\n<p>Interface: USB, Bluetooth\u00ae<\/p>\n<div class=\"page\" title=\"Page 2\">\n<div class=\"section\">\n<div class=\"layoutArea\">\n<div class=\"column\">\n<p>Datalogging: Up to 8,000 records<\/p>\n<div class=\"page\" title=\"Page 2\">\n<div class=\"section\">\n<div class=\"layoutArea\">\n<div class=\"column\">\n<p>Power Supply: AA batteries or AC Adapter<\/p>\n<div class=\"page\" title=\"Page 2\">\n<div class=\"section\">\n<div class=\"layoutArea\">\n<div class=\"column\">\n<p>Hood: 2 x 2 ft (610 x 610 mm), 1 x 4 ft (305 x 1220 mm)<\/p>\n<div class=\"page\" title=\"Page 2\">\n<div class=\"section\">\n<div class=\"layoutArea\">\n<div class=\"column\">\n<p>Dimensions: 2 x 4 ft (610 x 1220 mm), 3 x 2 ft (915 x 610 mm), 3 x 3 ft (915 x 915 mm), 500 x 500 mm<\/p>\n<div class=\"page\" title=\"Page 2\">\n<div class=\"section\">\n<div class=\"layoutArea\">\n<div class=\"column\">\n<p>Weight: 7.9 lbs (3.6 kg)<\/p>\n<div class=\"page\" title=\"Page 2\">\n<div class=\"section\">\n<div class=\"layoutArea\">\n<div class=\"column\">\n<p>Dimensions: Meter unit: 3.4 x 7.4 x 1.6 inches (88 x 188 x 41 mm)<\/p>\n<div class=\"page\" title=\"Page 2\">\n<div class=\"section\">\n<div class=\"layoutArea\">\n<div class=\"column\">\n<p>Warranty: 1 year<\/p>\n<h2><strong>Introduction Kanomax 6715G<\/strong><\/h2>\n<div class=\"page\" title=\"Page 1\">\n<div class=\"layoutArea\">\n<div class=\"column\">\n<p>Kanomax TABmasterTM is the perfect tool for accurate supply and returns airflow measurements. Interchangeable hoods make it a snap to sample the air for any duct size. The unit is lightweight and easy to handle. The full-color screen can be tilted so it&#8217;s at the optimal viewing angle at any height.<br \/>\nModel 6715 equips a removable handheld micromanometer with Bluetooth\u00ae wireless capability.<\/p>\n<h2><strong>Features<\/strong><\/h2>\n<div class=\"page\" title=\"Page 1\">\n<div class=\"layoutArea\">\n<div class=\"column\">\n<p>\u2013 23 to 2530 cfm (40 to 4300 m3\/h) measuring range<\/p>\n<div class=\"page\" title=\"Page 1\">\n<div class=\"layoutArea\">\n<div class=\"column\">\n<p>\u2013 Simultaneously measures and displays airflow, temperature, and humidity<\/p>\n<div class=\"page\" title=\"Page 1\">\n<div class=\"layoutArea\">\n<div class=\"column\">\n<p>\u2013 Displays the direction of the airflow as well as the velocity<\/p>\n<div class=\"page\" title=\"Page 1\">\n<div class=\"layoutArea\">\n<div class=\"column\">\n<p>\u2013 Removable handheld micromanometer with Bluetooth\u00ae wireless capability (Model 6715)<\/p>\n<div class=\"page\" title=\"Page 1\">\n<div class=\"layoutArea\">\n<div class=\"column\">\n<p>\u2013 Advanced storage feature allows you to store multiple measurements under a single ID#<\/p>\n<div class=\"page\" title=\"Page 1\">\n<div class=\"layoutArea\">\n<div class=\"column\">\n<p>\u2013 Lightweight design makes a one-person setup and uses easy<\/p>\n<div class=\"page\" title=\"Page 1\">\n<div class=\"layoutArea\">\n<div class=\"column\">\n<p>\u2013 Six hood sizes make it easy to pick one that fits your duct size<\/p>\n<div class=\"page\" title=\"Page 1\">\n<div class=\"layoutArea\">\n<div class=\"column\">\n<p>\u2013 Built-in back pressure compensation ensures accuracy for large volumetric flow measurements<\/p>\n<div class=\"page\" title=\"Page 1\">\n<div class=\"layoutArea\">\n<div class=\"column\">\n<p>\u2013 Temperature compensation sensor increases accuracy for all <a href=\"https:\/\/techmaster.com.vn\/en\/kanomax-6710-tabmaster-airflow-capture-hood\/\">airflow measurements<\/a><\/p>\n<div class=\"page\" title=\"Page 1\">\n<div class=\"layoutArea\">\n<div class=\"column\">\n<p>\u2013 Competitive, economic price with professional-grade features<\/p>\n<div class=\"page\" title=\"Page 1\">\n<div class=\"layoutArea\">\n<div class=\"column\">\n<p>\u2013 Full-color display will tilt feature is visible at any angle<\/p>\n<div class=\"page\" title=\"Page 1\">\n<div class=\"layoutArea\">\n<div class=\"column\">\n<p>\u2013 Includes: Standard hood, carrying case, AA batteries, user manual, communication cable for PC, PC software, and calibration certificate<\/p>\n<\/div>\n<\/div>\n<\/div>\n<\/div>\n<\/div>\n<\/div>\n<\/div>\n<\/div>\n<\/div>\n<\/div>\n<\/div>\n<\/div>\n<\/div>\n<\/div>\n<\/div>\n<\/div>\n<\/div>\n<\/div>\n<\/div>\n<\/div>\n<\/div>\n<\/div>\n<\/div>\n<\/div>\n<\/div>\n<\/div>\n<\/div>\n<\/div>\n<\/div>\n<\/div>\n<\/div>\n<\/div>\n<\/div>\n<\/div>\n<\/div>\n<\/div>\n<\/div>\n<\/div>\n<\/div>\n<\/div>\n<\/div>\n<\/div>\n<\/div>\n<\/div>\n<\/div>\n<\/div>\n<\/div>\n<\/div>\n<\/div>\n<\/div>\n<\/div>\n<\/div>\n<\/div>\n<\/div>\n<\/div>\n<\/div>\n<\/div>\n<\/div>\n<\/div>\n<\/div>\n<\/div>\n<\/div>\n<\/div>\n<\/div>\n<\/div>\n<\/div>\n<\/div>\n<\/div>\n<\/div>\n<\/div>\n<\/div>\n<\/div>\n<\/div>\n<\/div>\n<\/div>\n<\/div>\n<\/div>\n<\/div>\n<\/div>\n<\/div>\n<\/div>\n<\/div>\n<\/div>\n<\/div>\n<\/div>\n<\/div>\n<\/div>\n<\/div>\n<\/div>\n<\/div>\n<\/div>\n<\/div>\n<\/div>\n<\/div>\n<\/div>\n<\/div>\n<\/div>\n<\/div>\n<\/div>\n<\/div>\n<\/div>\n<\/div>\n<\/div>\n<\/div>\n<\/div>\n<\/div>\n<\/div>\n<\/div>\n<\/div>\n<\/div>\n<\/div>\n<\/div>\n<\/div>\n<\/div>\n<\/div>\n<\/div>\n<\/div>\n<\/div>\n<\/div>\n<\/div>\n<\/div>\n<\/div>\n<\/div>\n<\/div>\n","protected":false},"excerpt":{"rendered":"<h2><strong>Key Features<\/strong><\/h2>\n<ul>\n<li>23 to 2500 CFM (40 to 4250 m3\/h) range<\/li>\n<li>Removable handheld micromanometer with Bluetooth wireless capability.<\/li>\n<li>Simultaneously measures and displays air flow, temperature and humidity<\/li>\n<li>Displays the direction of the airflow as well as the velocity<\/li>\n<li>Store up to 8,000 measurements<\/li>\n<\/ul>\n","protected":false},"featured_media":2995,"comment_status":"open","ping_status":"closed","template":"","meta":[],"product_brand":[],"product_cat":[240],"product_tag":[],"class_list":{"0":"post-14032","1":"product","2":"type-product","3":"status-publish","4":"has-post-thumbnail","6":"product_cat-environmental-measuring","8":"first","9":"instock","10":"shipping-taxable","11":"product-type-simple"},"yoast_head":"<!-- This site is optimized with the Yoast SEO Premium plugin v26.8 (Yoast SEO v26.8) - https:\/\/yoast.com\/product\/yoast-seo-premium-wordpress\/ -->\n<title>Kanomax 6715G: Tabmaster Airflow Capture Hood Model - Techmaster Electronics JSC<\/title>\n<meta name=\"description\" content=\"The Kanomax TABmasterTM 6715G is the perfect tool for accurate supply and return airflow measurements. Interchangeable hoods make it a snap to sample\" \/>\n<meta name=\"robots\" content=\"index, follow, max-snippet:-1, max-image-preview:large, max-video-preview:-1\" \/>\n<link rel=\"canonical\" href=\"https:\/\/techmaster.com.vn\/en\/kanomax-6715g-tabmaster-airflow-capture-hood-model\/\" \/>\n<meta property=\"og:locale\" content=\"en_US\" \/>\n<meta property=\"og:type\" content=\"article\" \/>\n<meta property=\"og:title\" content=\"Kanomax 6715G: Tabmaster Airflow Capture Hood Model\" \/>\n<meta property=\"og:description\" content=\"The Kanomax TABmasterTM 6715G is the perfect tool for accurate supply and return airflow measurements. Interchangeable hoods make it a snap to sample\" \/>\n<meta property=\"og:url\" content=\"https:\/\/techmaster.com.vn\/en\/kanomax-6715g-tabmaster-airflow-capture-hood-model\/\" \/>\n<meta property=\"og:site_name\" content=\"Techmaster Electronics JSC\" \/>\n<meta property=\"article:publisher\" content=\"https:\/\/www.facebook.com\/techmaster.electronics.jsc\" \/>\n<meta property=\"article:modified_time\" content=\"2022-02-16T09:38:29+00:00\" \/>\n<meta property=\"og:image\" content=\"https:\/\/techmaster.com.vn\/wp-content\/uploads\/2020\/12\/may-do-gio-Kanomax-6715.jpg\" \/>\n\t<meta property=\"og:image:width\" content=\"450\" \/>\n\t<meta property=\"og:image:height\" content=\"450\" \/>\n\t<meta property=\"og:image:type\" content=\"image\/jpeg\" \/>\n<meta name=\"twitter:card\" content=\"summary_large_image\" \/>\n<meta name=\"twitter:site\" content=\"@techmastervn\" \/>\n<meta name=\"twitter:label1\" content=\"Price\" \/>\n\t<meta name=\"twitter:data1\" content=\"Call for Price\" \/>\n\t<meta name=\"twitter:label2\" content=\"Availability\" \/>\n\t<meta name=\"twitter:data2\" content=\"In stock\" \/>\n<script type=\"application\/ld+json\" class=\"yoast-schema-graph\">{\"@context\":\"https:\/\/schema.org\",\"@graph\":[{\"@type\":\"WebPage\",\"@id\":\"https:\/\/techmaster.com.vn\/en\/kanomax-6715g-tabmaster-airflow-capture-hood-model\/\",\"url\":\"https:\/\/techmaster.com.vn\/en\/kanomax-6715g-tabmaster-airflow-capture-hood-model\/\",\"name\":\"Kanomax 6715G: Tabmaster Airflow Capture Hood Model - Techmaster Electronics JSC\",\"isPartOf\":{\"@id\":\"https:\/\/techmaster.com.vn\/en\/#website\"},\"primaryImageOfPage\":{\"@id\":\"https:\/\/techmaster.com.vn\/en\/kanomax-6715g-tabmaster-airflow-capture-hood-model\/#primaryimage\"},\"image\":{\"@id\":\"https:\/\/techmaster.com.vn\/en\/kanomax-6715g-tabmaster-airflow-capture-hood-model\/#primaryimage\"},\"thumbnailUrl\":\"https:\/\/techmaster.com.vn\/wp-content\/uploads\/2020\/12\/may-do-gio-Kanomax-6715.jpg\",\"datePublished\":\"2020-12-04T07:13:52+00:00\",\"dateModified\":\"2022-02-16T09:38:29+00:00\",\"description\":\"The Kanomax TABmasterTM 6715G is the perfect tool for accurate supply and return airflow measurements. Interchangeable hoods make it a snap to sample\",\"breadcrumb\":{\"@id\":\"https:\/\/techmaster.com.vn\/en\/kanomax-6715g-tabmaster-airflow-capture-hood-model\/#breadcrumb\"},\"inLanguage\":\"en-US\",\"potentialAction\":[{\"@type\":\"ReadAction\",\"target\":[\"https:\/\/techmaster.com.vn\/en\/kanomax-6715g-tabmaster-airflow-capture-hood-model\/\"]}]},{\"@type\":\"ImageObject\",\"inLanguage\":\"en-US\",\"@id\":\"https:\/\/techmaster.com.vn\/en\/kanomax-6715g-tabmaster-airflow-capture-hood-model\/#primaryimage\",\"url\":\"https:\/\/techmaster.com.vn\/wp-content\/uploads\/2020\/12\/may-do-gio-Kanomax-6715.jpg\",\"contentUrl\":\"https:\/\/techmaster.com.vn\/wp-content\/uploads\/2020\/12\/may-do-gio-Kanomax-6715.jpg\",\"width\":450,\"height\":450,\"caption\":\"M\u00e1y \u0111o gi\u00f3 Kanomax 6715G\"},{\"@type\":\"BreadcrumbList\",\"@id\":\"https:\/\/techmaster.com.vn\/en\/kanomax-6715g-tabmaster-airflow-capture-hood-model\/#breadcrumb\",\"itemListElement\":[{\"@type\":\"ListItem\",\"position\":1,\"name\":\"Trang ch\u1ee7\",\"item\":\"https:\/\/techmaster.com.vn\/en\/\"},{\"@type\":\"ListItem\",\"position\":2,\"name\":\"Shop\",\"item\":\"https:\/\/techmaster.com.vn\/san-pham\/\"},{\"@type\":\"ListItem\",\"position\":3,\"name\":\"Kanomax 6715G: Tabmaster Airflow Capture Hood Model\"}]},{\"@type\":\"WebSite\",\"@id\":\"https:\/\/techmaster.com.vn\/en\/#website\",\"url\":\"https:\/\/techmaster.com.vn\/en\/\",\"name\":\"Techmaster Electronics JSC\",\"description\":\"\",\"publisher\":{\"@id\":\"https:\/\/techmaster.com.vn\/en\/#organization\"},\"potentialAction\":[{\"@type\":\"SearchAction\",\"target\":{\"@type\":\"EntryPoint\",\"urlTemplate\":\"https:\/\/techmaster.com.vn\/en\/?s={search_term_string}\"},\"query-input\":{\"@type\":\"PropertyValueSpecification\",\"valueRequired\":true,\"valueName\":\"search_term_string\"}}],\"inLanguage\":\"en-US\"},{\"@type\":[\"Organization\",\"Place\"],\"@id\":\"https:\/\/techmaster.com.vn\/en\/#organization\",\"name\":\"Techmaster Electronics JSC\",\"url\":\"https:\/\/techmaster.com.vn\/en\/\",\"logo\":{\"@id\":\"https:\/\/techmaster.com.vn\/en\/kanomax-6715g-tabmaster-airflow-capture-hood-model\/#local-main-organization-logo\"},\"image\":{\"@id\":\"https:\/\/techmaster.com.vn\/en\/kanomax-6715g-tabmaster-airflow-capture-hood-model\/#local-main-organization-logo\"},\"sameAs\":[\"https:\/\/www.facebook.com\/techmaster.electronics.jsc\",\"https:\/\/x.com\/techmastervn\",\"https:\/\/www.instagram.com\/techmastervietnam\",\"https:\/\/myspace.com\/techmastervietnam\",\"https:\/\/www.youtube.com\/c\/TechmasterElectronicsJSC\",\"https:\/\/www.pinterest.com\/techmasterelectronicsjsc\/\",\"https:\/\/vi.wikipedia.org\/wiki\/Th\u00e0nh_vi\u00ean:Techmastervietnam\",\"https:\/\/twitter.com\/techmastervn\",\"https:\/\/www.linkedin.com\/company\/techmaster-vietnam\/\"],\"telephone\":[],\"contactPoint\":{\"@type\":\"ContactPoint\",\"email\":\"marketing@techmaster.com.vn\"},\"openingHoursSpecification\":[{\"@type\":\"OpeningHoursSpecification\",\"dayOfWeek\":[\"Monday\",\"Tuesday\",\"Wednesday\",\"Thursday\",\"Friday\",\"Saturday\",\"Sunday\"],\"opens\":\"09:00\",\"closes\":\"17:00\"}],\"email\":\"marketing@techmaster.com.vn\",\"areaServed\":\"Vietnam\"},{\"@type\":\"ImageObject\",\"inLanguage\":\"en-US\",\"@id\":\"https:\/\/techmaster.com.vn\/en\/kanomax-6715g-tabmaster-airflow-capture-hood-model\/#local-main-organization-logo\",\"url\":\"https:\/\/techmaster.com.vn\/wp-content\/uploads\/2021\/04\/techmaster-logo-homepage.png\",\"contentUrl\":\"https:\/\/techmaster.com.vn\/wp-content\/uploads\/2021\/04\/techmaster-logo-homepage.png\",\"width\":335,\"height\":62,\"caption\":\"Techmaster Electronics JSC\"}]}<\/script>\n<meta property=\"product:price:amount\" content=\"0\" \/>\n<meta property=\"product:price:currency\" content=\"VND\" \/>\n<meta property=\"og:availability\" content=\"instock\" \/>\n<meta property=\"product:availability\" content=\"instock\" \/>\n<meta property=\"product:condition\" content=\"new\" \/>\n<!-- \/ Yoast SEO Premium plugin. -->","yoast_head_json":{"title":"Kanomax 6715G: Tabmaster Airflow Capture Hood Model - Techmaster Electronics JSC","description":"The Kanomax TABmasterTM 6715G is the perfect tool for accurate supply and return airflow measurements. Interchangeable hoods make it a snap to sample","robots":{"index":"index","follow":"follow","max-snippet":"max-snippet:-1","max-image-preview":"max-image-preview:large","max-video-preview":"max-video-preview:-1"},"canonical":"https:\/\/techmaster.com.vn\/en\/kanomax-6715g-tabmaster-airflow-capture-hood-model\/","og_locale":"en_US","og_type":"article","og_title":"Kanomax 6715G: Tabmaster Airflow Capture Hood Model","og_description":"The Kanomax TABmasterTM 6715G is the perfect tool for accurate supply and return airflow measurements. Interchangeable hoods make it a snap to sample","og_url":"https:\/\/techmaster.com.vn\/en\/kanomax-6715g-tabmaster-airflow-capture-hood-model\/","og_site_name":"Techmaster Electronics JSC","article_publisher":"https:\/\/www.facebook.com\/techmaster.electronics.jsc","article_modified_time":"2022-02-16T09:38:29+00:00","og_image":[{"width":450,"height":450,"url":"https:\/\/techmaster.com.vn\/wp-content\/uploads\/2020\/12\/may-do-gio-Kanomax-6715.jpg","type":"image\/jpeg"}],"twitter_card":"summary_large_image","twitter_site":"@techmastervn","twitter_misc":{"Price":"Call for Price","Availability":"In stock"},"schema":{"@context":"https:\/\/schema.org","@graph":[{"@type":"WebPage","@id":"https:\/\/techmaster.com.vn\/en\/kanomax-6715g-tabmaster-airflow-capture-hood-model\/","url":"https:\/\/techmaster.com.vn\/en\/kanomax-6715g-tabmaster-airflow-capture-hood-model\/","name":"Kanomax 6715G: Tabmaster Airflow Capture Hood Model - Techmaster Electronics JSC","isPartOf":{"@id":"https:\/\/techmaster.com.vn\/en\/#website"},"primaryImageOfPage":{"@id":"https:\/\/techmaster.com.vn\/en\/kanomax-6715g-tabmaster-airflow-capture-hood-model\/#primaryimage"},"image":{"@id":"https:\/\/techmaster.com.vn\/en\/kanomax-6715g-tabmaster-airflow-capture-hood-model\/#primaryimage"},"thumbnailUrl":"https:\/\/techmaster.com.vn\/wp-content\/uploads\/2020\/12\/may-do-gio-Kanomax-6715.jpg","datePublished":"2020-12-04T07:13:52+00:00","dateModified":"2022-02-16T09:38:29+00:00","description":"The Kanomax TABmasterTM 6715G is the perfect tool for accurate supply and return airflow measurements. Interchangeable hoods make it a snap to sample","breadcrumb":{"@id":"https:\/\/techmaster.com.vn\/en\/kanomax-6715g-tabmaster-airflow-capture-hood-model\/#breadcrumb"},"inLanguage":"en-US","potentialAction":[{"@type":"ReadAction","target":["https:\/\/techmaster.com.vn\/en\/kanomax-6715g-tabmaster-airflow-capture-hood-model\/"]}]},{"@type":"ImageObject","inLanguage":"en-US","@id":"https:\/\/techmaster.com.vn\/en\/kanomax-6715g-tabmaster-airflow-capture-hood-model\/#primaryimage","url":"https:\/\/techmaster.com.vn\/wp-content\/uploads\/2020\/12\/may-do-gio-Kanomax-6715.jpg","contentUrl":"https:\/\/techmaster.com.vn\/wp-content\/uploads\/2020\/12\/may-do-gio-Kanomax-6715.jpg","width":450,"height":450,"caption":"M\u00e1y \u0111o gi\u00f3 Kanomax 6715G"},{"@type":"BreadcrumbList","@id":"https:\/\/techmaster.com.vn\/en\/kanomax-6715g-tabmaster-airflow-capture-hood-model\/#breadcrumb","itemListElement":[{"@type":"ListItem","position":1,"name":"Trang ch\u1ee7","item":"https:\/\/techmaster.com.vn\/en\/"},{"@type":"ListItem","position":2,"name":"Shop","item":"https:\/\/techmaster.com.vn\/san-pham\/"},{"@type":"ListItem","position":3,"name":"Kanomax 6715G: Tabmaster Airflow Capture Hood Model"}]},{"@type":"WebSite","@id":"https:\/\/techmaster.com.vn\/en\/#website","url":"https:\/\/techmaster.com.vn\/en\/","name":"Techmaster Electronics JSC","description":"","publisher":{"@id":"https:\/\/techmaster.com.vn\/en\/#organization"},"potentialAction":[{"@type":"SearchAction","target":{"@type":"EntryPoint","urlTemplate":"https:\/\/techmaster.com.vn\/en\/?s={search_term_string}"},"query-input":{"@type":"PropertyValueSpecification","valueRequired":true,"valueName":"search_term_string"}}],"inLanguage":"en-US"},{"@type":["Organization","Place"],"@id":"https:\/\/techmaster.com.vn\/en\/#organization","name":"Techmaster Electronics JSC","url":"https:\/\/techmaster.com.vn\/en\/","logo":{"@id":"https:\/\/techmaster.com.vn\/en\/kanomax-6715g-tabmaster-airflow-capture-hood-model\/#local-main-organization-logo"},"image":{"@id":"https:\/\/techmaster.com.vn\/en\/kanomax-6715g-tabmaster-airflow-capture-hood-model\/#local-main-organization-logo"},"sameAs":["https:\/\/www.facebook.com\/techmaster.electronics.jsc","https:\/\/x.com\/techmastervn","https:\/\/www.instagram.com\/techmastervietnam","https:\/\/myspace.com\/techmastervietnam","https:\/\/www.youtube.com\/c\/TechmasterElectronicsJSC","https:\/\/www.pinterest.com\/techmasterelectronicsjsc\/","https:\/\/vi.wikipedia.org\/wiki\/Th\u00e0nh_vi\u00ean:Techmastervietnam","https:\/\/twitter.com\/techmastervn","https:\/\/www.linkedin.com\/company\/techmaster-vietnam\/"],"telephone":[],"contactPoint":{"@type":"ContactPoint","email":"marketing@techmaster.com.vn"},"openingHoursSpecification":[{"@type":"OpeningHoursSpecification","dayOfWeek":["Monday","Tuesday","Wednesday","Thursday","Friday","Saturday","Sunday"],"opens":"09:00","closes":"17:00"}],"email":"marketing@techmaster.com.vn","areaServed":"Vietnam"},{"@type":"ImageObject","inLanguage":"en-US","@id":"https:\/\/techmaster.com.vn\/en\/kanomax-6715g-tabmaster-airflow-capture-hood-model\/#local-main-organization-logo","url":"https:\/\/techmaster.com.vn\/wp-content\/uploads\/2021\/04\/techmaster-logo-homepage.png","contentUrl":"https:\/\/techmaster.com.vn\/wp-content\/uploads\/2021\/04\/techmaster-logo-homepage.png","width":335,"height":62,"caption":"Techmaster Electronics JSC"}]},"product_price_currency":"VND","og_availability":"instock","product_availability":"instock","product_condition":"new"},"_links":{"self":[{"href":"https:\/\/techmaster.com.vn\/en\/wp-json\/wp\/v2\/product\/14032","targetHints":{"allow":["GET"]}}],"collection":[{"href":"https:\/\/techmaster.com.vn\/en\/wp-json\/wp\/v2\/product"}],"about":[{"href":"https:\/\/techmaster.com.vn\/en\/wp-json\/wp\/v2\/types\/product"}],"replies":[{"embeddable":true,"href":"https:\/\/techmaster.com.vn\/en\/wp-json\/wp\/v2\/comments?post=14032"}],"wp:featuredmedia":[{"embeddable":true,"href":"https:\/\/techmaster.com.vn\/en\/wp-json\/wp\/v2\/media\/2995"}],"wp:attachment":[{"href":"https:\/\/techmaster.com.vn\/en\/wp-json\/wp\/v2\/media?parent=14032"}],"wp:term":[{"taxonomy":"product_brand","embeddable":true,"href":"https:\/\/techmaster.com.vn\/en\/wp-json\/wp\/v2\/product_brand?post=14032"},{"taxonomy":"product_cat","embeddable":true,"href":"https:\/\/techmaster.com.vn\/en\/wp-json\/wp\/v2\/product_cat?post=14032"},{"taxonomy":"product_tag","embeddable":true,"href":"https:\/\/techmaster.com.vn\/en\/wp-json\/wp\/v2\/product_tag?post=14032"}],"curies":[{"name":"wp","href":"https:\/\/api.w.org\/{rel}","templated":true}]}}