{"id":13801,"date":"2020-12-04T15:03:44","date_gmt":"2020-12-04T08:03:44","guid":{"rendered":"https:\/\/techmaster.com.vn\/may-do-moi-truong-da-nang-5-trong-1-extech-45170cm-nhiet-do-do-am-anh-sang-toc-do-gio-luu-luong\/"},"modified":"2025-12-30T11:25:15","modified_gmt":"2025-12-30T04:25:15","slug":"extech-45170cm-5-in-1-environmental-meter","status":"publish","type":"product","link":"https:\/\/techmaster.com.vn\/en\/extech-45170cm-5-in-1-environmental-meter\/","title":{"rendered":"Extech 45170CM 5 in 1 Environmental Meter"},"content":{"rendered":"<div class=\"modal-header\">\n<p><strong>SPECIFICATIONS EXTECH 45170CM 5 IN 1 ENVIROMENTAL METER\u00a0<\/strong><\/p>\n<p><a href=\"https:\/\/techmaster.com.vn\/wp-content\/uploads\/2020\/12\/spec-extech-45170CM-1.png\"><img loading=\"lazy\" decoding=\"async\" class=\"alignnone size-full wp-image-21182\" src=\"https:\/\/techmaster.com.vn\/wp-content\/uploads\/2020\/12\/spec-extech-45170CM-1.png\" alt=\"spec Extech 45170CM\" width=\"1235\" height=\"469\" \/><\/a><\/p>\n<h2><em><strong><span class=\"bolded-headline\">Extech 45170CM<\/span>\u00a05-in-1 Environmental Meter<\/strong><\/em><\/h2>\n<h3><em><strong>Measures Air Velocity, Air Flow, Humidity, Temperature and Light<\/strong><\/em><\/h3>\n<p style=\"text-align: justify;\">The Extech 45170CM is a convenient 5-in-1 Environmental Meter which measures Air Velocity, Air Volume, Humidity, Temperature and Light. It has ergonomic housing design with a large dual &#8220;smart&#8221; LCD where characters on display reverse direction depending on the function in use. This multi-functional meter is ideal for professional or home use in testing the environmental quality in a building. Featuring Data Hold, Min\/Max, Auto Power Off functions. Complete with built-in sensors, wrist strap and 9V battery.<\/p>\n<h2><strong>Features <\/strong><em><strong><span class=\"bolded-headline\">Extech 45170CM<\/span>\u00a0<\/strong><\/em><\/h2>\n<ul id=\"features\">\n<li>Ideal for professional or home use in testing the environmental quality in a building<\/li>\n<li>Ergonomic housing with large dual LCD<\/li>\n<li>Low friction vane wheel improves accuracy of Air Velocity and Air Flow measurements<\/li>\n<li>Utilizes precision photo diode and color correction filter for light measurements<\/li>\n<li>Thin-film capacitance humidity sensor for fast response<\/li>\n<li>Thermistor measures ambient Temperature<\/li>\n<li>Type K input allows to measure temperature up to 2372\u00b0F (1300\u00b0C). Type K thermocouple probe sold separately<\/li>\n<li>Data Hold, Min\/Max, Auto Power Off<\/li>\n<li>Complete with built-in sensors, wrist strap, and 9V battery<\/li>\n<\/ul>\n<h2 style=\"text-align: left;\"><strong>Extech Brand<\/strong><\/h2>\n<div style=\"text-align: justify;\">Since 1971, Extech Instruments has focused on Test and Measurement tools built for the professionals, tradesperson and DIY\u2019ers.<\/div>\n<div><\/div>\n<div style=\"text-align: justify;\">With over 45 years, Extech is renowned as one of the largest manufacturers and suppliers of innovative, quality handheld test, measurement and inspection tools in the world. Sold in over 100 countries around the world, Extech\u2019s success is supported by a far-reaching network of dedicated and knowledgeable distributors who introduce new users to Extech every day.<\/div>\n<p>Extech\u2019s durable handheld meters and testers are put to the test, on the job every day, by professionals in:<\/p>\n<p>Electrical contracting<br \/>\nHVAC\/R and mechanical contracting<br \/>\nManufacturing and plant MRO (maintenance, repair and operations)<br \/>\nDisaster and water damage remediation and restoration<br \/>\nIndustrial process and automation<br \/>\nEnvironmental (e.g., indoor air quality, water quality)<br \/>\nElectronics design, testing and repair<br \/>\nField service and maintenance<br \/>\nWorkplace safety, health and hygiene<br \/>\nEnergy efficiency services<br \/>\nFood manufacturing and processing<br \/>\nLaboratory testing<br \/>\nFacilities maintenance<br \/>\nAviation maintenance<br \/>\nAutomotive fleet maintenance<\/p>\n<p>Additionally, Extech is the go-to brand for many vocational users who use Extech for DIY home improvement projects; electronics maker\/hacker hobbyists; gardening; culinary and more.<\/p>\n<\/div>\n","protected":false},"excerpt":{"rendered":"<h2><strong>Features<\/strong><\/h2>\n<ul>\n<li>Ideal for professional or home use in testing the environmental quality in a building<\/li>\n<li>Ergonomic housing with large dual LCD<\/li>\n<li>Low friction vane wheel improves accuracy of Air Velocity and Air Flow measurements<\/li>\n<li>Utilizes precision photo diode and color correction filter for light measurements<\/li>\n<li>Thin-film capacitance humidity sensor for fast response<\/li>\n<\/ul>\n","protected":false},"featured_media":3123,"comment_status":"open","ping_status":"closed","template":"","meta":[],"product_brand":[],"product_cat":[260,240,334],"product_tag":[],"class_list":{"0":"post-13801","1":"product","2":"type-product","3":"status-publish","4":"has-post-thumbnail","6":"product_cat-measuring-instruments","7":"product_cat-environmental-measuring","8":"product_cat-anemometer","10":"first","11":"instock","12":"shipping-taxable","13":"product-type-simple"},"yoast_head":"<!-- This site is optimized with the Yoast SEO Premium plugin v26.8 (Yoast SEO v26.8) - https:\/\/yoast.com\/product\/yoast-seo-premium-wordpress\/ -->\n<title>Extech 45170CM 5 in 1 Environmental Meter - Techmaster Electronics JSC<\/title>\n<meta name=\"description\" content=\"Extech 45170CM 5in1 Environmental Meter Ideal for professional or home use in testing the environmental quality in a building.\" \/>\n<meta name=\"robots\" content=\"index, follow, max-snippet:-1, max-image-preview:large, max-video-preview:-1\" \/>\n<link rel=\"canonical\" href=\"https:\/\/techmaster.com.vn\/en\/extech-45170cm-5-in-1-environmental-meter\/\" \/>\n<meta property=\"og:locale\" content=\"en_US\" \/>\n<meta property=\"og:type\" content=\"article\" \/>\n<meta property=\"og:title\" content=\"Extech 45170CM 5 in 1 Environmental Meter\" \/>\n<meta property=\"og:description\" content=\"Extech 45170CM 5in1 Environmental Meter Ideal for professional or home use in testing the environmental quality in a building.\" \/>\n<meta property=\"og:url\" content=\"https:\/\/techmaster.com.vn\/en\/extech-45170cm-5-in-1-environmental-meter\/\" \/>\n<meta property=\"og:site_name\" content=\"Techmaster Electronics JSC\" \/>\n<meta property=\"article:publisher\" content=\"https:\/\/www.facebook.com\/techmaster.electronics.jsc\" \/>\n<meta property=\"article:modified_time\" content=\"2025-12-30T04:25:15+00:00\" \/>\n<meta property=\"og:image\" content=\"https:\/\/techmaster.com.vn\/wp-content\/uploads\/2020\/12\/may-do-moi-truong-da-nang-5-trong-1-extech-45170cm.jpg\" \/>\n\t<meta property=\"og:image:width\" content=\"450\" \/>\n\t<meta property=\"og:image:height\" content=\"450\" \/>\n\t<meta property=\"og:image:type\" content=\"image\/jpeg\" \/>\n<meta name=\"twitter:card\" content=\"summary_large_image\" \/>\n<meta name=\"twitter:site\" content=\"@techmastervn\" \/>\n<meta name=\"twitter:label1\" content=\"Price\" \/>\n\t<meta name=\"twitter:data1\" content=\"Call for Price\" \/>\n\t<meta name=\"twitter:label2\" content=\"Availability\" \/>\n\t<meta name=\"twitter:data2\" content=\"In stock\" \/>\n<script type=\"application\/ld+json\" class=\"yoast-schema-graph\">{\"@context\":\"https:\/\/schema.org\",\"@graph\":[{\"@type\":\"WebPage\",\"@id\":\"https:\/\/techmaster.com.vn\/en\/extech-45170cm-5-in-1-environmental-meter\/\",\"url\":\"https:\/\/techmaster.com.vn\/en\/extech-45170cm-5-in-1-environmental-meter\/\",\"name\":\"Extech 45170CM 5 in 1 Environmental Meter - Techmaster Electronics JSC\",\"isPartOf\":{\"@id\":\"https:\/\/techmaster.com.vn\/en\/#website\"},\"primaryImageOfPage\":{\"@id\":\"https:\/\/techmaster.com.vn\/en\/extech-45170cm-5-in-1-environmental-meter\/#primaryimage\"},\"image\":{\"@id\":\"https:\/\/techmaster.com.vn\/en\/extech-45170cm-5-in-1-environmental-meter\/#primaryimage\"},\"thumbnailUrl\":\"https:\/\/techmaster.com.vn\/wp-content\/uploads\/2020\/12\/may-do-moi-truong-da-nang-5-trong-1-extech-45170cm.jpg\",\"datePublished\":\"2020-12-04T08:03:44+00:00\",\"dateModified\":\"2025-12-30T04:25:15+00:00\",\"description\":\"Extech 45170CM 5in1 Environmental Meter Ideal for professional or home use in testing the environmental quality in a building.\",\"breadcrumb\":{\"@id\":\"https:\/\/techmaster.com.vn\/en\/extech-45170cm-5-in-1-environmental-meter\/#breadcrumb\"},\"inLanguage\":\"en-US\",\"potentialAction\":[{\"@type\":\"ReadAction\",\"target\":[\"https:\/\/techmaster.com.vn\/en\/extech-45170cm-5-in-1-environmental-meter\/\"]}]},{\"@type\":\"ImageObject\",\"inLanguage\":\"en-US\",\"@id\":\"https:\/\/techmaster.com.vn\/en\/extech-45170cm-5-in-1-environmental-meter\/#primaryimage\",\"url\":\"https:\/\/techmaster.com.vn\/wp-content\/uploads\/2020\/12\/may-do-moi-truong-da-nang-5-trong-1-extech-45170cm.jpg\",\"contentUrl\":\"https:\/\/techmaster.com.vn\/wp-content\/uploads\/2020\/12\/may-do-moi-truong-da-nang-5-trong-1-extech-45170cm.jpg\",\"width\":450,\"height\":450,\"caption\":\"M\u00e1y \u0111o m\u00f4i tr\u01b0\u1eddng \u0111a n\u0103ng 5 trong 1 Extech 45170CM (Nhi\u1ec7t \u0111\u1ed9, \u0111\u1ed9 \u1ea9m, \u00e1nh s\u00e1ng, t\u1ed1c \u0111\u1ed9 gi\u00f3, l\u01b0u l\u01b0\u1ee3ng)\"},{\"@type\":\"BreadcrumbList\",\"@id\":\"https:\/\/techmaster.com.vn\/en\/extech-45170cm-5-in-1-environmental-meter\/#breadcrumb\",\"itemListElement\":[{\"@type\":\"ListItem\",\"position\":1,\"name\":\"Trang ch\u1ee7\",\"item\":\"https:\/\/techmaster.com.vn\/en\/\"},{\"@type\":\"ListItem\",\"position\":2,\"name\":\"Shop\",\"item\":\"https:\/\/techmaster.com.vn\/san-pham\/\"},{\"@type\":\"ListItem\",\"position\":3,\"name\":\"Extech 45170CM 5 in 1 Environmental Meter\"}]},{\"@type\":\"WebSite\",\"@id\":\"https:\/\/techmaster.com.vn\/en\/#website\",\"url\":\"https:\/\/techmaster.com.vn\/en\/\",\"name\":\"Techmaster Electronics JSC\",\"description\":\"\",\"publisher\":{\"@id\":\"https:\/\/techmaster.com.vn\/en\/#organization\"},\"potentialAction\":[{\"@type\":\"SearchAction\",\"target\":{\"@type\":\"EntryPoint\",\"urlTemplate\":\"https:\/\/techmaster.com.vn\/en\/?s={search_term_string}\"},\"query-input\":{\"@type\":\"PropertyValueSpecification\",\"valueRequired\":true,\"valueName\":\"search_term_string\"}}],\"inLanguage\":\"en-US\"},{\"@type\":[\"Organization\",\"Place\"],\"@id\":\"https:\/\/techmaster.com.vn\/en\/#organization\",\"name\":\"Techmaster Electronics JSC\",\"url\":\"https:\/\/techmaster.com.vn\/en\/\",\"logo\":{\"@id\":\"https:\/\/techmaster.com.vn\/en\/extech-45170cm-5-in-1-environmental-meter\/#local-main-organization-logo\"},\"image\":{\"@id\":\"https:\/\/techmaster.com.vn\/en\/extech-45170cm-5-in-1-environmental-meter\/#local-main-organization-logo\"},\"sameAs\":[\"https:\/\/www.facebook.com\/techmaster.electronics.jsc\",\"https:\/\/x.com\/techmastervn\",\"https:\/\/www.instagram.com\/techmastervietnam\",\"https:\/\/myspace.com\/techmastervietnam\",\"https:\/\/www.youtube.com\/c\/TechmasterElectronicsJSC\",\"https:\/\/www.pinterest.com\/techmasterelectronicsjsc\/\",\"https:\/\/vi.wikipedia.org\/wiki\/Th\u00e0nh_vi\u00ean:Techmastervietnam\",\"https:\/\/twitter.com\/techmastervn\",\"https:\/\/www.linkedin.com\/company\/techmaster-vietnam\/\"],\"telephone\":[],\"contactPoint\":{\"@type\":\"ContactPoint\",\"email\":\"marketing@techmaster.com.vn\"},\"openingHoursSpecification\":[{\"@type\":\"OpeningHoursSpecification\",\"dayOfWeek\":[\"Monday\",\"Tuesday\",\"Wednesday\",\"Thursday\",\"Friday\",\"Saturday\",\"Sunday\"],\"opens\":\"09:00\",\"closes\":\"17:00\"}],\"email\":\"marketing@techmaster.com.vn\",\"areaServed\":\"Vietnam\"},{\"@type\":\"ImageObject\",\"inLanguage\":\"en-US\",\"@id\":\"https:\/\/techmaster.com.vn\/en\/extech-45170cm-5-in-1-environmental-meter\/#local-main-organization-logo\",\"url\":\"https:\/\/techmaster.com.vn\/wp-content\/uploads\/2021\/04\/techmaster-logo-homepage.png\",\"contentUrl\":\"https:\/\/techmaster.com.vn\/wp-content\/uploads\/2021\/04\/techmaster-logo-homepage.png\",\"width\":335,\"height\":62,\"caption\":\"Techmaster Electronics JSC\"}]}<\/script>\n<meta property=\"product:price:amount\" content=\"0\" \/>\n<meta property=\"product:price:currency\" content=\"VND\" \/>\n<meta property=\"og:availability\" content=\"instock\" \/>\n<meta property=\"product:availability\" content=\"instock\" \/>\n<meta property=\"product:condition\" content=\"new\" \/>\n<!-- \/ Yoast SEO Premium plugin. -->","yoast_head_json":{"title":"Extech 45170CM 5 in 1 Environmental Meter - Techmaster Electronics JSC","description":"Extech 45170CM 5in1 Environmental Meter Ideal for professional or home use in testing the environmental quality in a building.","robots":{"index":"index","follow":"follow","max-snippet":"max-snippet:-1","max-image-preview":"max-image-preview:large","max-video-preview":"max-video-preview:-1"},"canonical":"https:\/\/techmaster.com.vn\/en\/extech-45170cm-5-in-1-environmental-meter\/","og_locale":"en_US","og_type":"article","og_title":"Extech 45170CM 5 in 1 Environmental Meter","og_description":"Extech 45170CM 5in1 Environmental Meter Ideal for professional or home use in testing the environmental quality in a building.","og_url":"https:\/\/techmaster.com.vn\/en\/extech-45170cm-5-in-1-environmental-meter\/","og_site_name":"Techmaster Electronics JSC","article_publisher":"https:\/\/www.facebook.com\/techmaster.electronics.jsc","article_modified_time":"2025-12-30T04:25:15+00:00","og_image":[{"width":450,"height":450,"url":"https:\/\/techmaster.com.vn\/wp-content\/uploads\/2020\/12\/may-do-moi-truong-da-nang-5-trong-1-extech-45170cm.jpg","type":"image\/jpeg"}],"twitter_card":"summary_large_image","twitter_site":"@techmastervn","twitter_misc":{"Price":"Call for Price","Availability":"In stock"},"schema":{"@context":"https:\/\/schema.org","@graph":[{"@type":"WebPage","@id":"https:\/\/techmaster.com.vn\/en\/extech-45170cm-5-in-1-environmental-meter\/","url":"https:\/\/techmaster.com.vn\/en\/extech-45170cm-5-in-1-environmental-meter\/","name":"Extech 45170CM 5 in 1 Environmental Meter - Techmaster Electronics JSC","isPartOf":{"@id":"https:\/\/techmaster.com.vn\/en\/#website"},"primaryImageOfPage":{"@id":"https:\/\/techmaster.com.vn\/en\/extech-45170cm-5-in-1-environmental-meter\/#primaryimage"},"image":{"@id":"https:\/\/techmaster.com.vn\/en\/extech-45170cm-5-in-1-environmental-meter\/#primaryimage"},"thumbnailUrl":"https:\/\/techmaster.com.vn\/wp-content\/uploads\/2020\/12\/may-do-moi-truong-da-nang-5-trong-1-extech-45170cm.jpg","datePublished":"2020-12-04T08:03:44+00:00","dateModified":"2025-12-30T04:25:15+00:00","description":"Extech 45170CM 5in1 Environmental Meter Ideal for professional or home use in testing the environmental quality in a building.","breadcrumb":{"@id":"https:\/\/techmaster.com.vn\/en\/extech-45170cm-5-in-1-environmental-meter\/#breadcrumb"},"inLanguage":"en-US","potentialAction":[{"@type":"ReadAction","target":["https:\/\/techmaster.com.vn\/en\/extech-45170cm-5-in-1-environmental-meter\/"]}]},{"@type":"ImageObject","inLanguage":"en-US","@id":"https:\/\/techmaster.com.vn\/en\/extech-45170cm-5-in-1-environmental-meter\/#primaryimage","url":"https:\/\/techmaster.com.vn\/wp-content\/uploads\/2020\/12\/may-do-moi-truong-da-nang-5-trong-1-extech-45170cm.jpg","contentUrl":"https:\/\/techmaster.com.vn\/wp-content\/uploads\/2020\/12\/may-do-moi-truong-da-nang-5-trong-1-extech-45170cm.jpg","width":450,"height":450,"caption":"M\u00e1y \u0111o m\u00f4i tr\u01b0\u1eddng \u0111a n\u0103ng 5 trong 1 Extech 45170CM (Nhi\u1ec7t \u0111\u1ed9, \u0111\u1ed9 \u1ea9m, \u00e1nh s\u00e1ng, t\u1ed1c \u0111\u1ed9 gi\u00f3, l\u01b0u l\u01b0\u1ee3ng)"},{"@type":"BreadcrumbList","@id":"https:\/\/techmaster.com.vn\/en\/extech-45170cm-5-in-1-environmental-meter\/#breadcrumb","itemListElement":[{"@type":"ListItem","position":1,"name":"Trang ch\u1ee7","item":"https:\/\/techmaster.com.vn\/en\/"},{"@type":"ListItem","position":2,"name":"Shop","item":"https:\/\/techmaster.com.vn\/san-pham\/"},{"@type":"ListItem","position":3,"name":"Extech 45170CM 5 in 1 Environmental Meter"}]},{"@type":"WebSite","@id":"https:\/\/techmaster.com.vn\/en\/#website","url":"https:\/\/techmaster.com.vn\/en\/","name":"Techmaster Electronics JSC","description":"","publisher":{"@id":"https:\/\/techmaster.com.vn\/en\/#organization"},"potentialAction":[{"@type":"SearchAction","target":{"@type":"EntryPoint","urlTemplate":"https:\/\/techmaster.com.vn\/en\/?s={search_term_string}"},"query-input":{"@type":"PropertyValueSpecification","valueRequired":true,"valueName":"search_term_string"}}],"inLanguage":"en-US"},{"@type":["Organization","Place"],"@id":"https:\/\/techmaster.com.vn\/en\/#organization","name":"Techmaster Electronics JSC","url":"https:\/\/techmaster.com.vn\/en\/","logo":{"@id":"https:\/\/techmaster.com.vn\/en\/extech-45170cm-5-in-1-environmental-meter\/#local-main-organization-logo"},"image":{"@id":"https:\/\/techmaster.com.vn\/en\/extech-45170cm-5-in-1-environmental-meter\/#local-main-organization-logo"},"sameAs":["https:\/\/www.facebook.com\/techmaster.electronics.jsc","https:\/\/x.com\/techmastervn","https:\/\/www.instagram.com\/techmastervietnam","https:\/\/myspace.com\/techmastervietnam","https:\/\/www.youtube.com\/c\/TechmasterElectronicsJSC","https:\/\/www.pinterest.com\/techmasterelectronicsjsc\/","https:\/\/vi.wikipedia.org\/wiki\/Th\u00e0nh_vi\u00ean:Techmastervietnam","https:\/\/twitter.com\/techmastervn","https:\/\/www.linkedin.com\/company\/techmaster-vietnam\/"],"telephone":[],"contactPoint":{"@type":"ContactPoint","email":"marketing@techmaster.com.vn"},"openingHoursSpecification":[{"@type":"OpeningHoursSpecification","dayOfWeek":["Monday","Tuesday","Wednesday","Thursday","Friday","Saturday","Sunday"],"opens":"09:00","closes":"17:00"}],"email":"marketing@techmaster.com.vn","areaServed":"Vietnam"},{"@type":"ImageObject","inLanguage":"en-US","@id":"https:\/\/techmaster.com.vn\/en\/extech-45170cm-5-in-1-environmental-meter\/#local-main-organization-logo","url":"https:\/\/techmaster.com.vn\/wp-content\/uploads\/2021\/04\/techmaster-logo-homepage.png","contentUrl":"https:\/\/techmaster.com.vn\/wp-content\/uploads\/2021\/04\/techmaster-logo-homepage.png","width":335,"height":62,"caption":"Techmaster Electronics JSC"}]},"product_price_currency":"VND","og_availability":"instock","product_availability":"instock","product_condition":"new"},"_links":{"self":[{"href":"https:\/\/techmaster.com.vn\/en\/wp-json\/wp\/v2\/product\/13801","targetHints":{"allow":["GET"]}}],"collection":[{"href":"https:\/\/techmaster.com.vn\/en\/wp-json\/wp\/v2\/product"}],"about":[{"href":"https:\/\/techmaster.com.vn\/en\/wp-json\/wp\/v2\/types\/product"}],"replies":[{"embeddable":true,"href":"https:\/\/techmaster.com.vn\/en\/wp-json\/wp\/v2\/comments?post=13801"}],"wp:featuredmedia":[{"embeddable":true,"href":"https:\/\/techmaster.com.vn\/en\/wp-json\/wp\/v2\/media\/3123"}],"wp:attachment":[{"href":"https:\/\/techmaster.com.vn\/en\/wp-json\/wp\/v2\/media?parent=13801"}],"wp:term":[{"taxonomy":"product_brand","embeddable":true,"href":"https:\/\/techmaster.com.vn\/en\/wp-json\/wp\/v2\/product_brand?post=13801"},{"taxonomy":"product_cat","embeddable":true,"href":"https:\/\/techmaster.com.vn\/en\/wp-json\/wp\/v2\/product_cat?post=13801"},{"taxonomy":"product_tag","embeddable":true,"href":"https:\/\/techmaster.com.vn\/en\/wp-json\/wp\/v2\/product_tag?post=13801"}],"curies":[{"name":"wp","href":"https:\/\/api.w.org\/{rel}","templated":true}]}}