{"id":112047,"date":"2024-06-12T09:34:10","date_gmt":"2024-06-12T02:34:10","guid":{"rendered":"https:\/\/techmaster.com.vn\/may-hien-song-keysight-edux1052a\/"},"modified":"2025-12-29T16:12:25","modified_gmt":"2025-12-29T09:12:25","slug":"may-hien-song-keysight-edux1052a","status":"publish","type":"product","link":"https:\/\/techmaster.com.vn\/en\/may-hien-song-keysight-edux1052a\/","title":{"rendered":"EDUX1052A Keysight Oscilloscope"},"content":{"rendered":"<p class=\"uppercase\">SPECIFICATIONS EDUX1052A Keysight Oscilloscope<\/p>\n<table width=\"80%\">\n<thead>\n<tr style=\"height: 59.2708px;\">\n<td style=\"height: 59.2708px;\" colspan=\"2\">\n<h4 class=\"mb-6 border-b border-b-warmGray-100 pb-2 text-lg font-bold text-warmGray-700\">General technical data:<\/h4>\n<\/td>\n<\/tr>\n<\/thead>\n<tbody>\n<tr style=\"height: 21px;\">\n<td style=\"height: 21px;\">Bandwidth:<\/td>\n<td style=\"height: 21px;\">50 MHz<\/td>\n<\/tr>\n<tr style=\"height: 21px;\">\n<td style=\"height: 21px;\">Analog channel:<\/td>\n<td style=\"height: 21px;\">2 + 1 (ext. trigger viewable as digital channel)<\/td>\n<\/tr>\n<tr style=\"height: 21px;\">\n<td style=\"height: 21px;\">External trigger (or 3rd digital channel):<\/td>\n<td style=\"height: 21px;\">1<\/td>\n<\/tr>\n<tr style=\"height: 21px;\">\n<td style=\"height: 21px;\">Maximum sample rate:<\/td>\n<td style=\"height: 21px;\">1 GSa\/s (Giga-samples per second)<\/td>\n<\/tr>\n<tr style=\"height: 21px;\">\n<td style=\"height: 21px;\">Vertical resolution:<\/td>\n<td style=\"height: 21px;\">8-bit<\/td>\n<\/tr>\n<tr style=\"height: 21px;\">\n<td style=\"height: 21px;\">Maximum memory depth:<\/td>\n<td style=\"height: 21px;\">200,000 points (all channels)<\/td>\n<\/tr>\n<tr style=\"height: 21px;\">\n<td style=\"height: 21px;\">Display size and type:<\/td>\n<td style=\"height: 21px;\">7-inch TFT LCD WVGA<\/td>\n<\/tr>\n<tr style=\"height: 21px;\">\n<td style=\"height: 21px;\">Connectivity:<\/td>\n<td style=\"height: 21px;\">USB 2.0 (host v\u00e0 device), LAN (10\/100BASE-T)<\/td>\n<\/tr>\n<tr style=\"height: 21px;\">\n<td style=\"height: 21px;\">Waveform update rate:<\/td>\n<td style=\"height: 21px;\">100,000 waveforms per second<\/td>\n<\/tr>\n<tr style=\"height: 21px;\">\n<td style=\"height: 21px;\">Serial protocol analysis:<\/td>\n<td style=\"height: 21px;\">Standard: I\u00b2C, UART\/RS-232<\/td>\n<\/tr>\n<tr style=\"height: 21px;\">\n<td style=\"height: 21px;\">\u00a0Integrated digital voltmeter:<\/td>\n<td style=\"height: 21px;\">Standard<\/td>\n<\/tr>\n<tr style=\"height: 21px;\">\n<td style=\"height: 21px;\">\u00a0Frequency counter:<\/td>\n<td style=\"height: 21px;\">Standard<\/td>\n<\/tr>\n<tr style=\"height: 21px;\">\n<td style=\"height: 21px;\">Built-in training signals:<\/td>\n<td style=\"height: 21px;\">Standard<\/td>\n<\/tr>\n<tr style=\"height: 21px;\">\n<td style=\"height: 21px;\">Waveform math:<\/td>\n<td style=\"height: 21px;\">Add, subtract, multiply, divide, FFT (magnitude and phase), low pass filter<\/td>\n<\/tr>\n<tr style=\"height: 21px;\">\n<td style=\"height: 21px;\">\u00a0Automatic measurements:<\/td>\n<td style=\"height: 21px;\">14 amplitude, 14 timing, and 4 pulse count measurements<\/td>\n<\/tr>\n<tr style=\"height: 21px;\">\n<td style=\"height: 21px;\">Wavegen:<\/td>\n<td style=\"height: 21px;\">Not available<\/td>\n<\/tr>\n<tr style=\"height: 21px;\">\n<td style=\"height: 21px;\">Bode plot:<\/td>\n<td style=\"height: 21px;\">Not available<\/td>\n<\/tr>\n<tr style=\"height: 21px;\">\n<td style=\"height: 21px;\">Dimension:<\/td>\n<td style=\"height: 21px;\">340 mm (W) x 158 mm (H) x 152 mm (D)<\/td>\n<\/tr>\n<\/tbody>\n<\/table>\n<p data-start=\"0\" data-end=\"322\">M\u00e1y hi\u1ec7n s\u00f3ng Keysight EDUX1052A mang \u0111\u1ebfn t\u1ed1c \u0111\u1ed9 c\u1eadp nh\u1eadt d\u1ea1ng s\u00f3ng nhanh, c\u00e1c c\u00f4ng c\u1ee5 ph\u00e2n t\u00edch ti\u00ean ti\u1ebfn v\u00e0 giao di\u1ec7n th\u00e2n thi\u1ec7n v\u1edbi ng\u01b0\u1eddi d\u00f9ng. \u0110\u00e2y l\u00e0 l\u1ef1a ch\u1ecdn ho\u00e0n h\u1ea3o cho m\u00f4i tr\u01b0\u1eddng gi\u00e1o d\u1ee5c, v\u1edbi b\u1ed9 nh\u1edb m\u1ea1nh m\u1ebd v\u00e0 nhi\u1ec1u t\u00f9y ch\u1ecdn k\u1ebft n\u1ed1i, ph\u00f9 h\u1ee3p cho c\u1ea3 sinh vi\u00ean v\u00e0 c\u00e1c chuy\u00ean gia trong l\u0129nh v\u1ef1c \u0111i\u1ec7n \u2013 \u0111i\u1ec7n t\u1eed.<\/p>\n<h3 data-start=\"329\" data-end=\"392\">Ch\u1ee9c n\u0103ng \u0111o l\u01b0\u1eddng c\u1ee7a m\u00e1y hi\u1ec7n s\u00f3ng Keysight EDUX1052A<\/h3>\n<figure id=\"attachment_190710\" aria-describedby=\"caption-attachment-190710\" style=\"width: 1200px\" class=\"wp-caption aligncenter\"><a href=\"https:\/\/techmaster.com.vn\/wp-content\/uploads\/2024\/06\/Keysight-EDUX1052A.png\"><img loading=\"lazy\" decoding=\"async\" class=\"size-full wp-image-190710\" src=\"https:\/\/techmaster.com.vn\/wp-content\/uploads\/2024\/06\/Keysight-EDUX1052A.png\" alt=\" Keysight EDUX1052A\" width=\"1200\" height=\"628\" \/><\/a><figcaption id=\"caption-attachment-190710\" class=\"wp-caption-text\">Keysight EDUX1052A<\/figcaption><\/figure>\n<p data-start=\"394\" data-end=\"1063\">M\u00e1y hi\u1ec7n s\u00f3ng Keysight EDUX1052A n\u1ed5i b\u1eadt v\u1edbi t\u1ed1c \u0111\u1ed9 c\u1eadp nh\u1eadt d\u1ea1ng s\u00f3ng l\u00ean \u0111\u1ebfn 100.000 d\u1ea1ng s\u00f3ng m\u1ed7i gi\u00e2y, cho ph\u00e9p ng\u01b0\u1eddi d\u00f9ng quan s\u00e1t v\u00e0 ph\u00e2n t\u00edch t\u00edn hi\u1ec7u nhanh ch\u00f3ng, ch\u00ednh x\u00e1c v\u00e0 hi\u1ec7u qu\u1ea3.<br data-start=\"599\" data-end=\"602\" \/>Thi\u1ebft b\u1ecb \u0111\u01b0\u1ee3c trang b\u1ecb c\u00e1c c\u00f4ng c\u1ee5 ph\u00e2n t\u00edch t\u00edn hi\u1ec7u m\u1ea1nh m\u1ebd, bao g\u1ed3m \u0111o l\u01b0\u1eddng t\u1ef1 \u0111\u1ed9ng v\u00e0 bi\u1ebfn \u0111\u1ed5i Fourier nhanh (FFT) \u0111\u1ec3 ph\u00e2n t\u00edch t\u1ea7n s\u1ed1.<br data-start=\"758\" data-end=\"761\" \/>H\u1ec7 th\u1ed1ng k\u00edch ho\u1ea1t (trigger) \u0111a d\u1ea1ng v\u00e0 linh ho\u1ea1t gi\u00fap ng\u01b0\u1eddi d\u00f9ng ph\u00e1t hi\u1ec7n v\u00e0 ph\u00e2n t\u00edch c\u00e1c s\u1ef1 ki\u1ec7n t\u00edn hi\u1ec7u quan tr\u1ecdng m\u1ed9t c\u00e1ch d\u1ec5 d\u00e0ng.<br data-start=\"907\" data-end=\"910\" \/>V\u1edbi b\u1ed9 nh\u1edb l\u00ean \u0111\u1ebfn 100 kpts cho m\u1ed7i k\u00eanh, m\u00e1y cho ph\u00e9p l\u01b0u tr\u1eef v\u00e0 xem l\u1ea1i d\u1eef li\u1ec7u d\u1ea1ng s\u00f3ng \u0111\u1ec3 ph\u1ee5c v\u1ee5 cho vi\u1ec7c ph\u00e2n t\u00edch chi ti\u1ebft h\u01a1n sau n\u00e0y.<\/p>\n<h3 data-start=\"1070\" data-end=\"1110\">Thi\u1ebft k\u1ebf th\u00e2n thi\u1ec7n v\u00e0 tr\u1ef1c quan<\/h3>\n<p data-start=\"1112\" data-end=\"1698\">M\u00e1y hi\u1ec7n s\u00f3ng n\u00e0y c\u00f2n \u0111\u01b0\u1ee3c t\u00edch h\u1ee3p ch\u1ebf \u0111\u1ed9 gi\u00e1o d\u1ee5c (Education Mode), h\u1ed7 tr\u1ee3 b\u00e0i h\u1ecdc v\u00e0 th\u1ef1c h\u00e0nh th\u00ed nghi\u1ec7m, \u0111\u1eb7c bi\u1ec7t ph\u00f9 h\u1ee3p v\u1edbi m\u00f4i tr\u01b0\u1eddng gi\u1ea3ng d\u1ea1y v\u00e0 \u0111\u00e0o t\u1ea1o k\u1ef9 thu\u1eadt.<br data-start=\"1296\" data-end=\"1299\" \/>Nh\u1edd giao di\u1ec7n th\u00e2n thi\u1ec7n v\u00e0 tr\u1ef1c quan, c\u00e1c ph\u00edm \u0111i\u1ec1u khi\u1ec3n v\u00e0 menu \u0111\u01b0\u1ee3c b\u1ed1 tr\u00ed h\u1ee3p l\u00fd, gi\u00fap ng\u01b0\u1eddi d\u00f9ng d\u1ec5 d\u00e0ng v\u1eadn h\u00e0nh v\u00e0 truy c\u1eadp nhanh c\u00e1c ch\u1ee9c n\u0103ng c\u1ee7a thi\u1ebft b\u1ecb.<br data-start=\"1476\" data-end=\"1479\" data-is-only-node=\"\" \/>Ngo\u00e0i ra, EDUX1052A \u0111\u01b0\u1ee3c trang b\u1ecb c\u1ed5ng USB 2.0 v\u00e0 LAN (10\/100BASE-T), cho ph\u00e9p k\u1ebft n\u1ed1i v\u1edbi m\u00e1y t\u00ednh, thi\u1ebft b\u1ecb ngo\u1ea1i vi, \u0111\u1ed3ng th\u1eddi h\u1ed7 tr\u1ee3 chia s\u1ebb d\u1eef li\u1ec7u v\u00e0 truy c\u1eadp t\u1eeb xa m\u1ed9t c\u00e1ch ti\u1ec7n l\u1ee3i v\u00e0 hi\u1ec7u qu\u1ea3.<\/p>\n","protected":false},"excerpt":{"rendered":"<h2>Features:<\/h2>\n<ul>\n<li>B\u0103ng th\u00f4ng 50 MHz<\/li>\n<li>T\u1ed1c \u0111\u1ed9 l\u1ea5y m\u1eabu 1 GSa\/gi\u00e2y<\/li>\n<li>200.000 \u0111i\u1ec3m<\/li>\n<li>Th\u1ef1c hi\u1ec7n c\u00e1c ph\u00e9p \u0111o chuy\u00ean nghi\u1ec7p, t\u00ednh to\u00e1n, FFT v\u00e0 ph\u00e2n t\u00edch giao th\u1ee9c n\u1ed1i ti\u1ebfp, t\u1ea5t c\u1ea3 \u0111\u1ec1u \u0111\u1ea1t chu\u1ea9n<\/li>\n<li>H\u1ecdc c\u00e1ch s\u1eed d\u1ee5ng nhanh ch\u00f3ng v\u1edbi tr\u1ee3 gi\u00fap t\u00edch h\u1ee3p v\u00e0 t\u00edn hi\u1ec7u \u0111\u00e0o t\u1ea1o<\/li>\n<li>Xem chi ti\u1ebft t\u00edn hi\u1ec7u h\u01a1n v\u1edbi t\u1ed1c \u0111\u1ed9 c\u1eadp nh\u1eadt 100.000 d\u1ea1ng s\u00f3ng\/gi\u00e2y<\/li>\n<\/ul>\n","protected":false},"featured_media":111455,"comment_status":"open","ping_status":"closed","template":"","meta":[],"product_brand":[],"product_cat":[260,274,275,804],"product_tag":[],"class_list":{"0":"post-112047","1":"product","2":"type-product","3":"status-publish","4":"has-post-thumbnail","6":"product_cat-measuring-instruments","7":"product_cat-electrical-measuring-instruments","8":"product_cat-storage-oscilloscopes","9":"product_cat-1000x-series-en","10":"pa_attribute-electricity","11":"pa_brand-keysight-en","13":"first","14":"instock","15":"shipping-taxable","16":"product-type-simple"},"yoast_head":"<!-- This site is optimized with the Yoast SEO Premium plugin v26.8 (Yoast SEO v26.8) - https:\/\/yoast.com\/product\/yoast-seo-premium-wordpress\/ -->\n<title>EDUX1052A Keysight Oscilloscope - Techmaster Electronics JSC<\/title>\n<meta name=\"description\" content=\"The Keysight EDUX1052A oscilloscope offers fast waveform update rates, advanced analysis tools, and a user-friendly interface.\" \/>\n<meta name=\"robots\" content=\"index, follow, max-snippet:-1, max-image-preview:large, max-video-preview:-1\" \/>\n<link rel=\"canonical\" href=\"https:\/\/techmaster.com.vn\/en\/may-hien-song-keysight-edux1052a\/\" \/>\n<meta property=\"og:locale\" content=\"en_US\" \/>\n<meta property=\"og:type\" content=\"article\" \/>\n<meta property=\"og:title\" content=\"EDUX1052A Keysight Oscilloscope\" \/>\n<meta property=\"og:description\" content=\"The Keysight EDUX1052A oscilloscope offers fast waveform update rates, advanced analysis tools, and a user-friendly interface.\" \/>\n<meta property=\"og:url\" content=\"https:\/\/techmaster.com.vn\/en\/may-hien-song-keysight-edux1052a\/\" \/>\n<meta property=\"og:site_name\" content=\"Techmaster Electronics JSC\" \/>\n<meta property=\"article:publisher\" content=\"https:\/\/www.facebook.com\/techmaster.electronics.jsc\" \/>\n<meta property=\"article:modified_time\" content=\"2025-12-29T09:12:25+00:00\" \/>\n<meta property=\"og:image\" content=\"https:\/\/techmaster.com.vn\/wp-content\/uploads\/2024\/06\/730412_1-e1718158731871.webp\" \/>\n\t<meta property=\"og:image:width\" content=\"1249\" \/>\n\t<meta property=\"og:image:height\" content=\"1054\" \/>\n\t<meta property=\"og:image:type\" content=\"image\/webp\" \/>\n<meta name=\"twitter:card\" content=\"summary_large_image\" \/>\n<meta name=\"twitter:site\" content=\"@techmastervn\" \/>\n<meta name=\"twitter:label1\" content=\"Price\" \/>\n\t<meta name=\"twitter:data1\" content=\"Call for Price\" \/>\n\t<meta name=\"twitter:label2\" content=\"Availability\" \/>\n\t<meta name=\"twitter:data2\" content=\"In stock\" \/>\n<script type=\"application\/ld+json\" class=\"yoast-schema-graph\">{\"@context\":\"https:\/\/schema.org\",\"@graph\":[{\"@type\":\"WebPage\",\"@id\":\"https:\/\/techmaster.com.vn\/en\/may-hien-song-keysight-edux1052a\/\",\"url\":\"https:\/\/techmaster.com.vn\/en\/may-hien-song-keysight-edux1052a\/\",\"name\":\"EDUX1052A Keysight Oscilloscope - Techmaster Electronics JSC\",\"isPartOf\":{\"@id\":\"https:\/\/techmaster.com.vn\/en\/#website\"},\"primaryImageOfPage\":{\"@id\":\"https:\/\/techmaster.com.vn\/en\/may-hien-song-keysight-edux1052a\/#primaryimage\"},\"image\":{\"@id\":\"https:\/\/techmaster.com.vn\/en\/may-hien-song-keysight-edux1052a\/#primaryimage\"},\"thumbnailUrl\":\"https:\/\/techmaster.com.vn\/wp-content\/uploads\/2024\/06\/730412_1-e1718158731871.webp\",\"datePublished\":\"2024-06-12T02:34:10+00:00\",\"dateModified\":\"2025-12-29T09:12:25+00:00\",\"description\":\"The Keysight EDUX1052A oscilloscope offers fast waveform update rates, advanced analysis tools, and a user-friendly interface.\",\"breadcrumb\":{\"@id\":\"https:\/\/techmaster.com.vn\/en\/may-hien-song-keysight-edux1052a\/#breadcrumb\"},\"inLanguage\":\"en-US\",\"potentialAction\":[{\"@type\":\"ReadAction\",\"target\":[\"https:\/\/techmaster.com.vn\/en\/may-hien-song-keysight-edux1052a\/\"]}]},{\"@type\":\"ImageObject\",\"inLanguage\":\"en-US\",\"@id\":\"https:\/\/techmaster.com.vn\/en\/may-hien-song-keysight-edux1052a\/#primaryimage\",\"url\":\"https:\/\/techmaster.com.vn\/wp-content\/uploads\/2024\/06\/730412_1-e1718158731871.webp\",\"contentUrl\":\"https:\/\/techmaster.com.vn\/wp-content\/uploads\/2024\/06\/730412_1-e1718158731871.webp\",\"width\":1249,\"height\":1054,\"caption\":\"M\u00e1y hi\u1ec7n s\u00f3ng Keysight\"},{\"@type\":\"BreadcrumbList\",\"@id\":\"https:\/\/techmaster.com.vn\/en\/may-hien-song-keysight-edux1052a\/#breadcrumb\",\"itemListElement\":[{\"@type\":\"ListItem\",\"position\":1,\"name\":\"Trang ch\u1ee7\",\"item\":\"https:\/\/techmaster.com.vn\/en\/\"},{\"@type\":\"ListItem\",\"position\":2,\"name\":\"Shop\",\"item\":\"https:\/\/techmaster.com.vn\/san-pham\/\"},{\"@type\":\"ListItem\",\"position\":3,\"name\":\"EDUX1052A Keysight Oscilloscope\"}]},{\"@type\":\"WebSite\",\"@id\":\"https:\/\/techmaster.com.vn\/en\/#website\",\"url\":\"https:\/\/techmaster.com.vn\/en\/\",\"name\":\"Techmaster Electronics JSC\",\"description\":\"\",\"publisher\":{\"@id\":\"https:\/\/techmaster.com.vn\/en\/#organization\"},\"potentialAction\":[{\"@type\":\"SearchAction\",\"target\":{\"@type\":\"EntryPoint\",\"urlTemplate\":\"https:\/\/techmaster.com.vn\/en\/?s={search_term_string}\"},\"query-input\":{\"@type\":\"PropertyValueSpecification\",\"valueRequired\":true,\"valueName\":\"search_term_string\"}}],\"inLanguage\":\"en-US\"},{\"@type\":[\"Organization\",\"Place\"],\"@id\":\"https:\/\/techmaster.com.vn\/en\/#organization\",\"name\":\"Techmaster Electronics JSC\",\"url\":\"https:\/\/techmaster.com.vn\/en\/\",\"logo\":{\"@id\":\"https:\/\/techmaster.com.vn\/en\/may-hien-song-keysight-edux1052a\/#local-main-organization-logo\"},\"image\":{\"@id\":\"https:\/\/techmaster.com.vn\/en\/may-hien-song-keysight-edux1052a\/#local-main-organization-logo\"},\"sameAs\":[\"https:\/\/www.facebook.com\/techmaster.electronics.jsc\",\"https:\/\/x.com\/techmastervn\",\"https:\/\/www.instagram.com\/techmastervietnam\",\"https:\/\/myspace.com\/techmastervietnam\",\"https:\/\/www.youtube.com\/c\/TechmasterElectronicsJSC\",\"https:\/\/www.pinterest.com\/techmasterelectronicsjsc\/\",\"https:\/\/vi.wikipedia.org\/wiki\/Th\u00e0nh_vi\u00ean:Techmastervietnam\",\"https:\/\/twitter.com\/techmastervn\",\"https:\/\/www.linkedin.com\/company\/techmaster-vietnam\/\"],\"telephone\":[],\"contactPoint\":{\"@type\":\"ContactPoint\",\"email\":\"marketing@techmaster.com.vn\"},\"openingHoursSpecification\":[{\"@type\":\"OpeningHoursSpecification\",\"dayOfWeek\":[\"Monday\",\"Tuesday\",\"Wednesday\",\"Thursday\",\"Friday\",\"Saturday\",\"Sunday\"],\"opens\":\"09:00\",\"closes\":\"17:00\"}],\"email\":\"marketing@techmaster.com.vn\",\"areaServed\":\"Vietnam\"},{\"@type\":\"ImageObject\",\"inLanguage\":\"en-US\",\"@id\":\"https:\/\/techmaster.com.vn\/en\/may-hien-song-keysight-edux1052a\/#local-main-organization-logo\",\"url\":\"https:\/\/techmaster.com.vn\/wp-content\/uploads\/2021\/04\/techmaster-logo-homepage.png\",\"contentUrl\":\"https:\/\/techmaster.com.vn\/wp-content\/uploads\/2021\/04\/techmaster-logo-homepage.png\",\"width\":335,\"height\":62,\"caption\":\"Techmaster Electronics JSC\"}]}<\/script>\n<meta property=\"product:price:amount\" content=\"0\" \/>\n<meta property=\"product:price:currency\" content=\"VND\" \/>\n<meta property=\"og:availability\" content=\"instock\" \/>\n<meta property=\"product:availability\" content=\"instock\" \/>\n<meta property=\"product:condition\" content=\"new\" \/>\n<!-- \/ Yoast SEO Premium plugin. -->","yoast_head_json":{"title":"EDUX1052A Keysight Oscilloscope - Techmaster Electronics JSC","description":"The Keysight EDUX1052A oscilloscope offers fast waveform update rates, advanced analysis tools, and a user-friendly interface.","robots":{"index":"index","follow":"follow","max-snippet":"max-snippet:-1","max-image-preview":"max-image-preview:large","max-video-preview":"max-video-preview:-1"},"canonical":"https:\/\/techmaster.com.vn\/en\/may-hien-song-keysight-edux1052a\/","og_locale":"en_US","og_type":"article","og_title":"EDUX1052A Keysight Oscilloscope","og_description":"The Keysight EDUX1052A oscilloscope offers fast waveform update rates, advanced analysis tools, and a user-friendly interface.","og_url":"https:\/\/techmaster.com.vn\/en\/may-hien-song-keysight-edux1052a\/","og_site_name":"Techmaster Electronics JSC","article_publisher":"https:\/\/www.facebook.com\/techmaster.electronics.jsc","article_modified_time":"2025-12-29T09:12:25+00:00","og_image":[{"width":1249,"height":1054,"url":"https:\/\/techmaster.com.vn\/wp-content\/uploads\/2024\/06\/730412_1-e1718158731871.webp","type":"image\/webp"}],"twitter_card":"summary_large_image","twitter_site":"@techmastervn","twitter_misc":{"Price":"Call for Price","Availability":"In stock"},"schema":{"@context":"https:\/\/schema.org","@graph":[{"@type":"WebPage","@id":"https:\/\/techmaster.com.vn\/en\/may-hien-song-keysight-edux1052a\/","url":"https:\/\/techmaster.com.vn\/en\/may-hien-song-keysight-edux1052a\/","name":"EDUX1052A Keysight Oscilloscope - Techmaster Electronics JSC","isPartOf":{"@id":"https:\/\/techmaster.com.vn\/en\/#website"},"primaryImageOfPage":{"@id":"https:\/\/techmaster.com.vn\/en\/may-hien-song-keysight-edux1052a\/#primaryimage"},"image":{"@id":"https:\/\/techmaster.com.vn\/en\/may-hien-song-keysight-edux1052a\/#primaryimage"},"thumbnailUrl":"https:\/\/techmaster.com.vn\/wp-content\/uploads\/2024\/06\/730412_1-e1718158731871.webp","datePublished":"2024-06-12T02:34:10+00:00","dateModified":"2025-12-29T09:12:25+00:00","description":"The Keysight EDUX1052A oscilloscope offers fast waveform update rates, advanced analysis tools, and a user-friendly interface.","breadcrumb":{"@id":"https:\/\/techmaster.com.vn\/en\/may-hien-song-keysight-edux1052a\/#breadcrumb"},"inLanguage":"en-US","potentialAction":[{"@type":"ReadAction","target":["https:\/\/techmaster.com.vn\/en\/may-hien-song-keysight-edux1052a\/"]}]},{"@type":"ImageObject","inLanguage":"en-US","@id":"https:\/\/techmaster.com.vn\/en\/may-hien-song-keysight-edux1052a\/#primaryimage","url":"https:\/\/techmaster.com.vn\/wp-content\/uploads\/2024\/06\/730412_1-e1718158731871.webp","contentUrl":"https:\/\/techmaster.com.vn\/wp-content\/uploads\/2024\/06\/730412_1-e1718158731871.webp","width":1249,"height":1054,"caption":"M\u00e1y hi\u1ec7n s\u00f3ng Keysight"},{"@type":"BreadcrumbList","@id":"https:\/\/techmaster.com.vn\/en\/may-hien-song-keysight-edux1052a\/#breadcrumb","itemListElement":[{"@type":"ListItem","position":1,"name":"Trang ch\u1ee7","item":"https:\/\/techmaster.com.vn\/en\/"},{"@type":"ListItem","position":2,"name":"Shop","item":"https:\/\/techmaster.com.vn\/san-pham\/"},{"@type":"ListItem","position":3,"name":"EDUX1052A Keysight Oscilloscope"}]},{"@type":"WebSite","@id":"https:\/\/techmaster.com.vn\/en\/#website","url":"https:\/\/techmaster.com.vn\/en\/","name":"Techmaster Electronics JSC","description":"","publisher":{"@id":"https:\/\/techmaster.com.vn\/en\/#organization"},"potentialAction":[{"@type":"SearchAction","target":{"@type":"EntryPoint","urlTemplate":"https:\/\/techmaster.com.vn\/en\/?s={search_term_string}"},"query-input":{"@type":"PropertyValueSpecification","valueRequired":true,"valueName":"search_term_string"}}],"inLanguage":"en-US"},{"@type":["Organization","Place"],"@id":"https:\/\/techmaster.com.vn\/en\/#organization","name":"Techmaster Electronics JSC","url":"https:\/\/techmaster.com.vn\/en\/","logo":{"@id":"https:\/\/techmaster.com.vn\/en\/may-hien-song-keysight-edux1052a\/#local-main-organization-logo"},"image":{"@id":"https:\/\/techmaster.com.vn\/en\/may-hien-song-keysight-edux1052a\/#local-main-organization-logo"},"sameAs":["https:\/\/www.facebook.com\/techmaster.electronics.jsc","https:\/\/x.com\/techmastervn","https:\/\/www.instagram.com\/techmastervietnam","https:\/\/myspace.com\/techmastervietnam","https:\/\/www.youtube.com\/c\/TechmasterElectronicsJSC","https:\/\/www.pinterest.com\/techmasterelectronicsjsc\/","https:\/\/vi.wikipedia.org\/wiki\/Th\u00e0nh_vi\u00ean:Techmastervietnam","https:\/\/twitter.com\/techmastervn","https:\/\/www.linkedin.com\/company\/techmaster-vietnam\/"],"telephone":[],"contactPoint":{"@type":"ContactPoint","email":"marketing@techmaster.com.vn"},"openingHoursSpecification":[{"@type":"OpeningHoursSpecification","dayOfWeek":["Monday","Tuesday","Wednesday","Thursday","Friday","Saturday","Sunday"],"opens":"09:00","closes":"17:00"}],"email":"marketing@techmaster.com.vn","areaServed":"Vietnam"},{"@type":"ImageObject","inLanguage":"en-US","@id":"https:\/\/techmaster.com.vn\/en\/may-hien-song-keysight-edux1052a\/#local-main-organization-logo","url":"https:\/\/techmaster.com.vn\/wp-content\/uploads\/2021\/04\/techmaster-logo-homepage.png","contentUrl":"https:\/\/techmaster.com.vn\/wp-content\/uploads\/2021\/04\/techmaster-logo-homepage.png","width":335,"height":62,"caption":"Techmaster Electronics JSC"}]},"product_price_currency":"VND","og_availability":"instock","product_availability":"instock","product_condition":"new"},"_links":{"self":[{"href":"https:\/\/techmaster.com.vn\/en\/wp-json\/wp\/v2\/product\/112047","targetHints":{"allow":["GET"]}}],"collection":[{"href":"https:\/\/techmaster.com.vn\/en\/wp-json\/wp\/v2\/product"}],"about":[{"href":"https:\/\/techmaster.com.vn\/en\/wp-json\/wp\/v2\/types\/product"}],"replies":[{"embeddable":true,"href":"https:\/\/techmaster.com.vn\/en\/wp-json\/wp\/v2\/comments?post=112047"}],"wp:featuredmedia":[{"embeddable":true,"href":"https:\/\/techmaster.com.vn\/en\/wp-json\/wp\/v2\/media\/111455"}],"wp:attachment":[{"href":"https:\/\/techmaster.com.vn\/en\/wp-json\/wp\/v2\/media?parent=112047"}],"wp:term":[{"taxonomy":"product_brand","embeddable":true,"href":"https:\/\/techmaster.com.vn\/en\/wp-json\/wp\/v2\/product_brand?post=112047"},{"taxonomy":"product_cat","embeddable":true,"href":"https:\/\/techmaster.com.vn\/en\/wp-json\/wp\/v2\/product_cat?post=112047"},{"taxonomy":"product_tag","embeddable":true,"href":"https:\/\/techmaster.com.vn\/en\/wp-json\/wp\/v2\/product_tag?post=112047"}],"curies":[{"name":"wp","href":"https:\/\/api.w.org\/{rel}","templated":true}]}}