{"id":49141,"date":"2023-02-03T15:41:30","date_gmt":"2023-02-03T08:41:30","guid":{"rendered":"https:\/\/techmaster.com.vn\/?page_id=49141"},"modified":"2023-02-03T15:41:30","modified_gmt":"2023-02-03T08:41:30","slug":"quality-risk-management-in-pharmaceutical-industry","status":"publish","type":"page","link":"https:\/\/techmaster.com.vn\/en\/quality-risk-management-in-pharmaceutical-industry\/","title":{"rendered":"Quality Risk Management in Pharmaceutical Industry"},"content":{"rendered":" \t<section class=\"section\" id=\"section_256149926\">\n\t\t<div class=\"bg section-bg fill bg-fill  \" >\n\n\t\t\t\n\t\t\t\n\t\t\t\n\n\t\t<\/div>\n\n\t\t\n\n\t\t<div class=\"section-content relative\">\n\t\t\t <div class=\"row\"  id=\"row-610027126\"> \n\t<div id=\"col-74132541\" class=\"col small-12 large-12\"  >\n\t\t\t\t<div class=\"col-inner\"  >\n\t\t\t\n\t\t\t \t<div id=\"text-2231386727\" class=\"text\">\n\t\t\r\n<h2 class=\"banner-title\" style=\"text-align: left;\">Quality Risk Management in Pharmaceutical Industry<\/h2>\r\n<div id=\"highlighter--hover-tools\" style=\"display: none;\">\r\n<div id=\"highlighter--hover-tools--container\">\r\n<div class=\"highlighter--icon highlighter--icon-copy\" title=\"Copy\">\u00a0<\/div>\r\n<div class=\"highlighter--icon highlighter--icon-change-color\" title=\"Change Color\">\u00a0<\/div>\r\n<div class=\"highlighter--icon highlighter--icon-delete\" title=\"Delete\">\u00a0<\/div>\r\n<\/div>\r\n<\/div>\r\n<div id=\"highlighter--hover-tools\" style=\"display: none;\">\r\n<div id=\"highlighter--hover-tools--container\">\r\n<div class=\"highlighter--icon highlighter--icon-copy\" title=\"Copy\">\u00a0<\/div>\r\n<div class=\"highlighter--icon highlighter--icon-change-color\" title=\"Change Color\">\u00a0<\/div>\r\n<div class=\"highlighter--icon highlighter--icon-delete\" title=\"Delete\">\u00a0<\/div>\r\n<\/div>\r\n<\/div>\r\n<div id=\"highlighter--hover-tools\" style=\"display: none;\">\r\n<div id=\"highlighter--hover-tools--container\">\r\n<div class=\"highlighter--icon highlighter--icon-copy\" title=\"Copy\">\u00a0<\/div>\r\n<div class=\"highlighter--icon highlighter--icon-change-color\" title=\"Change Color\">\u00a0<\/div>\r\n<div class=\"highlighter--icon highlighter--icon-delete\" title=\"Delete\">\u00a0<\/div>\r\n<\/div>\r\n<\/div>\r\n<div id=\"highlighter--hover-tools\" style=\"display: none;\">\r\n<div id=\"highlighter--hover-tools--container\">\r\n<div class=\"highlighter--icon highlighter--icon-copy\" title=\"Copy\">\u00a0<\/div>\r\n<div class=\"highlighter--icon highlighter--icon-change-color\" title=\"Change Color\">\u00a0<\/div>\r\n<div class=\"highlighter--icon highlighter--icon-delete\" title=\"Delete\">\u00a0<\/div>\r\n<\/div>\r\n<\/div>\r\n\t\t\n<style>\n#text-2231386727 {\n  font-size: 1.6rem;\n  line-height: 1.2;\n  color: rgb(255,255,255);\n}\n#text-2231386727 > * {\n  color: rgb(255,255,255);\n}\n<\/style>\n\t<\/div>\n\t \t\t<\/div>\n\t\t\t\t\n<style>\n#col-74132541 > .col-inner {\n  padding: 0px 0px 0px 40px;\n  margin: -12px 0px -55px 0px;\n}\n<\/style>\n\t<\/div>\n\n\t <\/div> \t\t<\/div>\n\n\t\t\n<style>\n#section_256149926 {\n  padding-top: 30px;\n  padding-bottom: 30px;\n}\n#section_256149926 .section-bg.bg-loaded {\n  background-image: url(https:\/\/techmaster.com.vn\/wp-content\/uploads\/2022\/11\/banner-webinars.png);\n}\n#section_256149926 .ux-shape-divider--top svg {\n  height: 150px;\n  --divider-top-width: 100%;\n}\n#section_256149926 .ux-shape-divider--bottom svg {\n  height: 150px;\n  --divider-width: 100%;\n}\n<\/style>\n\t<\/section>\n\t \t<section class=\"section\" id=\"section_1070582976\">\n\t\t<div class=\"bg section-bg fill bg-fill  bg-loaded\" >\n\n\t\t\t\n\t\t\t\n\t\t\t\n\n\t\t<\/div>\n\n\t\t\n\n\t\t<div class=\"section-content relative\">\n\t\t\t <div class=\"row\"  id=\"row-1780920991\"> \n\t<div id=\"col-474885826\" class=\"col medium-8 small-12 large-8\"  >\n\t\t\t\t<div class=\"col-inner\"  >\n\t\t\t\n\t\t\t\r\n<article class=\"post-706 webinar type-webinar status-publish entry\" aria-label=\"Quality by Design and Single-Use Air Sampling Approaches\">\r\n<div class=\"entry-content\">\r\n<div class=\"webinar-description\">\r\n<h2><span data-text-color=\"alert\">Case Study: Developing an Isolator Filling Line Using Quality Risk Management in Pharmaceuticals<\/span><\/h2>\r\n<p>Following the patent of the \u201cEspresso\u201d innovative infusion device, the\u00a0<span style=\"color: #ed1c24;\">Italian Biochemical Institute (IBI) \u201cLorenzini\u201d<\/span>\u00a0commissioned\u00a0<span style=\"color: #ed1c24;\">Comecer<\/span>\u00a0to construct a new isolated filling line. Particle Measuring System\u2019s\u00a0<span style=\"color: #ed1c24;\">Contamination Control Advisory Team<\/span> oversaw the development of the aseptic filling process and the environmental monitoring system of this project by applying proven quality risk management techniques. Using this case study we will provide practical insights for\u00a0<span style=\"color: #ed1c24;\">Quality by Design<\/span>\u00a0principles.<\/p>\r\n<p><strong>Key Learning Points<\/strong><\/p>\r\n<ul>\r\n<li><strong>Project Management Theory<\/strong><\/li>\r\n<li><strong>Project milestone examples<\/strong><\/li>\r\n<li><strong>Analyzing, reviewing, and improving processes<\/strong><\/li>\r\n<li><strong>Process steps risk analysis and mitigation<\/strong><\/li>\r\n<li><strong>Defining air and surface critical sampling points<\/strong><\/li>\r\n<li><strong>Using risk management tools (FMEA, Fishbone, HACCP)<\/strong><\/li>\r\n<li><strong>FAT\/SAT and validation approach<\/strong><\/li>\r\n<\/ul>\r\n<p><strong>COMPLETE THE FORM TO ACCESS THIS ON-DEMAND WEBINAR\u00a0<\/strong><\/p>\r\n<p>Particle Measuring Systems (PMS) has complete contamination control solutions for you including:<\/p>\r\n<ul>\r\n<li>Our\u00a0<span style=\"color: #ed1c24;\">Contamination Control Advisory Service<\/span>s\u00a0who can conduct a Risk Assessment for your pharmaceutical processes<\/li>\r\n<li><span style=\"color: #ed1c24;\">Cleanroom particle counters\u00a0including\u00a0portable\/mobile\u00a0and\u00a0<\/span>fixed\/remote<\/li>\r\n<li><span style=\"color: #ed1c24;\">Microbial Monitors<\/span>\u00a0including\u00a0<span style=\"color: #ed1c24;\">portable\/mobile<\/span>,\u00a0<span style=\"color: #ed1c24;\">fixed\/remote<\/span>, and\u00a0<span style=\"color: #ed1c24;\">single use<\/span>.<\/li>\r\n<li><span style=\"color: #ed1c24;\">Data management software<\/span><\/li>\r\n<\/ul>\r\n<p>We are direct in every major market and able to ensure the same ongoing support no matter where you are located.\u00a0<strong><a href=\"https:\/\/techmaster.com.vn\/en\/contact\/#request\"><span style=\"color: #ed1c24;\">Request a quote now<\/span><\/a>.<\/strong><\/p>\r\n<\/div>\r\n<\/div>\r\n<\/article>\r\n<div id=\"highlighter--hover-tools\" style=\"display: none;\">\r\n<div id=\"highlighter--hover-tools--container\">\r\n<div class=\"highlighter--icon highlighter--icon-copy\" title=\"Copy\">\u00a0<\/div>\r\n<div class=\"highlighter--icon highlighter--icon-change-color\" title=\"Change Color\">\u00a0<\/div>\r\n<div class=\"highlighter--icon highlighter--icon-delete\" title=\"Delete\">\u00a0<\/div>\r\n<\/div>\r\n<\/div>\r\n<div id=\"highlighter--hover-tools\" style=\"display: none;\">\r\n<div id=\"highlighter--hover-tools--container\">\r\n<div class=\"highlighter--icon highlighter--icon-copy\" title=\"Copy\">\u00a0<\/div>\r\n<div class=\"highlighter--icon highlighter--icon-change-color\" title=\"Change Color\">\u00a0<\/div>\r\n<div class=\"highlighter--icon highlighter--icon-delete\" title=\"Delete\">\u00a0<\/div>\r\n<\/div>\r\n<\/div>\r\n<div id=\"highlighter--hover-tools\" style=\"display: none;\">\r\n<div id=\"highlighter--hover-tools--container\">\r\n<div class=\"highlighter--icon highlighter--icon-copy\" title=\"Copy\">\u00a0<\/div>\r\n<div class=\"highlighter--icon highlighter--icon-change-color\" title=\"Change Color\">\u00a0<\/div>\r\n<div class=\"highlighter--icon highlighter--icon-delete\" title=\"Delete\">\u00a0<\/div>\r\n<\/div>\r\n<\/div>\r\n<div id=\"highlighter--hover-tools\" style=\"display: none;\">\r\n<div id=\"highlighter--hover-tools--container\">\r\n<div class=\"highlighter--icon highlighter--icon-copy\" title=\"Copy\">\u00a0<\/div>\r\n<div class=\"highlighter--icon highlighter--icon-change-color\" title=\"Change Color\">\u00a0<\/div>\r\n<div class=\"highlighter--icon highlighter--icon-delete\" title=\"Delete\">\u00a0<\/div>\r\n<\/div>\r\n<\/div>\r\n\t\t<\/div>\n\t\t\t\t\t<\/div>\n\n\t \n\t<div id=\"col-1722794658\" class=\"col medium-4 small-12 large-4\"  >\n\t\t\t\t<div class=\"col-inner\"  >\n\t\t\t\n\t\t\t \t<div class=\"img has-hover x md-x lg-x y md-y lg-y\" id=\"image_868343173\">\n\t\t\t\t\t\t\t\t<div class=\"img-inner dark\" >\n\t\t\t<img loading=\"lazy\" decoding=\"async\" width=\"400\" height=\"251\" src=\"https:\/\/techmaster.com.vn\/wp-content\/uploads\/2023\/02\/QRM-Quality-Risk-management-400x251-1.png\" class=\"attachment-large size-large\" alt=\"Quality Risk Management\" \/>\t\t\t\t\t\t\n\t\t\t\t\t<\/div>\n\t\t\t\t\t\t\t\t\n<style>\n#image_868343173 {\n  width: 100%;\n}\n<\/style>\n\t<\/div>\n\t \t\t<\/div>\n\t\t\t\t\t<\/div>\n\n\t \n\t<div id=\"col-635571483\" class=\"col medium-2 small-12 large-2\"  >\n\t\t\t\t<div class=\"col-inner\"  >\n\t\t\t\n\t\t\t \t<div class=\"img has-hover x md-x lg-x y md-y lg-y\" id=\"image_1069242558\">\n\t\t\t\t\t\t\t\t<div class=\"img-inner dark\" >\n\t\t\t<img loading=\"lazy\" decoding=\"async\" width=\"300\" height=\"200\" src=\"https:\/\/techmaster.com.vn\/wp-content\/uploads\/2022\/11\/Daniele-Pandolfi.jpg\" class=\"attachment-large size-large\" alt=\"Sr. Daniele Pandolfi\" \/>\t\t\t\t\t\t\n\t\t\t\t\t<\/div>\n\t\t\t\t\t\t\t\t\n<style>\n#image_1069242558 {\n  width: 100%;\n}\n<\/style>\n\t<\/div>\n\t \t\t<\/div>\n\t\t\t\t\t<\/div>\n\n\t \n\t<div id=\"col-1574232555\" class=\"col medium-10 small-12 large-10\"  >\n\t\t\t\t<div class=\"col-inner\"  >\n\t\t\t\n\t\t\t\r\n<div class=\"presenter-role\"><strong><span style=\"color: #0d6d72;\">SPEAKER<\/span><\/strong><\/div>\r\n<h4 class=\"presenter-name\"><strong><span style=\"color: #ed1c24;\">Sr. Daniele Pandolfi<\/span><\/strong><\/h4>\r\n<div class=\"presenter-position\">Gerente Global de Linha de Produtos, Software\/Sistemas\/Servi\u00e7os, Particle Measuring Systems, Inc.<\/div>\r\n<div class=\"presenter-bio\">\r\n<p>Daniele Pandolfi \u00e9 o Gerente Global de Linha de Produtos de Software\/Sistemas\/Servi\u00e7os da Particle Monitoring Systems, Inc. Com mais de 11 anos de experi\u00eancia em contador de part\u00edculas e controle de contamina\u00e7\u00e3o em salas limpas, ele se concentra em construir e manter relacionamentos fortes com os clientes. Ele ajudou muitos usu\u00e1rios de salas limpas a resolver seus problemas de cGMP.<\/p>\r\n<\/div>\r\n<div id=\"highlighter--hover-tools\" style=\"display: none;\">\r\n<div id=\"highlighter--hover-tools--container\">\r\n<div class=\"highlighter--icon highlighter--icon-copy\" title=\"Copy\">\u00a0<\/div>\r\n<div class=\"highlighter--icon highlighter--icon-change-color\" title=\"Change Color\">\u00a0<\/div>\r\n<div class=\"highlighter--icon highlighter--icon-delete\" title=\"Delete\">\u00a0<\/div>\r\n<\/div>\r\n<\/div>\r\n\t\t<\/div>\n\t\t\t\t\t<\/div>\n\n\t <\/div> \t\t<\/div>\n\n\t\t\n<style>\n#section_1070582976 {\n  padding-top: 30px;\n  padding-bottom: 30px;\n}\n#section_1070582976 .ux-shape-divider--top svg {\n  height: 150px;\n  --divider-top-width: 100%;\n}\n#section_1070582976 .ux-shape-divider--bottom svg {\n  height: 150px;\n  --divider-width: 100%;\n}\n<\/style>\n\t<\/section>\n\t \r\n<div id=\"highlighter--hover-tools\" style=\"display: none;\">\r\n<div id=\"highlighter--hover-tools--container\">\r\n<div class=\"highlighter--icon highlighter--icon-copy\" title=\"Copy\">\u00a0<\/div>\r\n<div class=\"highlighter--icon highlighter--icon-change-color\" title=\"Change Color\">\u00a0<\/div>\r\n<div class=\"highlighter--icon highlighter--icon-delete\" title=\"Delete\">\u00a0<\/div>\r\n<\/div>\r\n<\/div>","protected":false},"excerpt":{"rendered":"<p>\u00a0 \u00a0 \u00a0<\/p>\n","protected":false},"author":11,"featured_media":49144,"parent":0,"menu_order":0,"comment_status":"closed","ping_status":"closed","template":"page-blank.php","meta":{"footnotes":""},"class_list":["post-49141","page","type-page","status-publish","has-post-thumbnail","hentry"],"yoast_head":"<!-- This site is optimized with the Yoast SEO Premium plugin v26.8 (Yoast SEO v26.8) - https:\/\/yoast.com\/product\/yoast-seo-premium-wordpress\/ -->\n<title>Quality Risk Management in Pharmaceutical Industry - Techmaster Electronics JSC<\/title>\n<meta name=\"description\" content=\"Development of the aseptic filling process and the environmental monitoring system of this project by applying proven quality risk management techniques.\" \/>\n<meta name=\"robots\" content=\"index, follow, max-snippet:-1, max-image-preview:large, max-video-preview:-1\" \/>\n<link rel=\"canonical\" href=\"https:\/\/techmaster.com.vn\/en\/quality-risk-management-in-pharmaceutical-industry\/\" \/>\n<meta property=\"og:locale\" content=\"en_US\" \/>\n<meta property=\"og:type\" content=\"article\" \/>\n<meta property=\"og:title\" content=\"Quality Risk Management in Pharmaceutical Industry\" \/>\n<meta property=\"og:description\" content=\"Development of the aseptic filling process and the environmental monitoring system of this project by applying proven quality risk management techniques.\" \/>\n<meta property=\"og:url\" content=\"https:\/\/techmaster.com.vn\/en\/quality-risk-management-in-pharmaceutical-industry\/\" \/>\n<meta property=\"og:site_name\" content=\"Techmaster Electronics JSC\" \/>\n<meta property=\"article:publisher\" content=\"https:\/\/www.facebook.com\/techmaster.electronics.jsc\" \/>\n<meta property=\"og:image\" content=\"https:\/\/techmaster.com.vn\/wp-content\/uploads\/2023\/02\/QRM-Quality-Risk-management-400x251-1.png\" \/>\n\t<meta property=\"og:image:width\" content=\"400\" \/>\n\t<meta property=\"og:image:height\" content=\"251\" \/>\n\t<meta property=\"og:image:type\" content=\"image\/png\" \/>\n<meta name=\"twitter:card\" content=\"summary_large_image\" \/>\n<meta name=\"twitter:site\" content=\"@techmastervn\" \/>\n<meta name=\"twitter:label1\" content=\"Est. reading time\" \/>\n\t<meta name=\"twitter:data1\" content=\"2 minutes\" \/>\n<script type=\"application\/ld+json\" class=\"yoast-schema-graph\">{\"@context\":\"https:\/\/schema.org\",\"@graph\":[{\"@type\":\"WebPage\",\"@id\":\"https:\/\/techmaster.com.vn\/en\/quality-risk-management-in-pharmaceutical-industry\/\",\"url\":\"https:\/\/techmaster.com.vn\/en\/quality-risk-management-in-pharmaceutical-industry\/\",\"name\":\"Quality Risk Management in Pharmaceutical Industry - Techmaster Electronics JSC\",\"isPartOf\":{\"@id\":\"https:\/\/techmaster.com.vn\/en\/#website\"},\"primaryImageOfPage\":{\"@id\":\"https:\/\/techmaster.com.vn\/en\/quality-risk-management-in-pharmaceutical-industry\/#primaryimage\"},\"image\":{\"@id\":\"https:\/\/techmaster.com.vn\/en\/quality-risk-management-in-pharmaceutical-industry\/#primaryimage\"},\"thumbnailUrl\":\"https:\/\/techmaster.com.vn\/wp-content\/uploads\/2023\/02\/QRM-Quality-Risk-management-400x251-1.png\",\"datePublished\":\"2023-02-03T08:41:30+00:00\",\"description\":\"Development of the aseptic filling process and the environmental monitoring system of this project by applying proven quality risk management techniques.\",\"breadcrumb\":{\"@id\":\"https:\/\/techmaster.com.vn\/en\/quality-risk-management-in-pharmaceutical-industry\/#breadcrumb\"},\"inLanguage\":\"en-US\",\"potentialAction\":[{\"@type\":\"ReadAction\",\"target\":[\"https:\/\/techmaster.com.vn\/en\/quality-risk-management-in-pharmaceutical-industry\/\"]}]},{\"@type\":\"ImageObject\",\"inLanguage\":\"en-US\",\"@id\":\"https:\/\/techmaster.com.vn\/en\/quality-risk-management-in-pharmaceutical-industry\/#primaryimage\",\"url\":\"https:\/\/techmaster.com.vn\/wp-content\/uploads\/2023\/02\/QRM-Quality-Risk-management-400x251-1.png\",\"contentUrl\":\"https:\/\/techmaster.com.vn\/wp-content\/uploads\/2023\/02\/QRM-Quality-Risk-management-400x251-1.png\",\"width\":400,\"height\":251,\"caption\":\"Quality Risk Management\"},{\"@type\":\"BreadcrumbList\",\"@id\":\"https:\/\/techmaster.com.vn\/en\/quality-risk-management-in-pharmaceutical-industry\/#breadcrumb\",\"itemListElement\":[{\"@type\":\"ListItem\",\"position\":1,\"name\":\"Trang ch\u1ee7\",\"item\":\"https:\/\/techmaster.com.vn\/en\/\"},{\"@type\":\"ListItem\",\"position\":2,\"name\":\"Quality Risk Management in Pharmaceutical Industry\"}]},{\"@type\":\"WebSite\",\"@id\":\"https:\/\/techmaster.com.vn\/en\/#website\",\"url\":\"https:\/\/techmaster.com.vn\/en\/\",\"name\":\"Techmaster Electronics JSC\",\"description\":\"\",\"publisher\":{\"@id\":\"https:\/\/techmaster.com.vn\/en\/#organization\"},\"potentialAction\":[{\"@type\":\"SearchAction\",\"target\":{\"@type\":\"EntryPoint\",\"urlTemplate\":\"https:\/\/techmaster.com.vn\/en\/?s={search_term_string}\"},\"query-input\":{\"@type\":\"PropertyValueSpecification\",\"valueRequired\":true,\"valueName\":\"search_term_string\"}}],\"inLanguage\":\"en-US\"},{\"@type\":[\"Organization\",\"Place\"],\"@id\":\"https:\/\/techmaster.com.vn\/en\/#organization\",\"name\":\"Techmaster Electronics JSC\",\"url\":\"https:\/\/techmaster.com.vn\/en\/\",\"logo\":{\"@id\":\"https:\/\/techmaster.com.vn\/en\/quality-risk-management-in-pharmaceutical-industry\/#local-main-organization-logo\"},\"image\":{\"@id\":\"https:\/\/techmaster.com.vn\/en\/quality-risk-management-in-pharmaceutical-industry\/#local-main-organization-logo\"},\"sameAs\":[\"https:\/\/www.facebook.com\/techmaster.electronics.jsc\",\"https:\/\/x.com\/techmastervn\",\"https:\/\/www.instagram.com\/techmastervietnam\",\"https:\/\/myspace.com\/techmastervietnam\",\"https:\/\/www.youtube.com\/c\/TechmasterElectronicsJSC\",\"https:\/\/www.pinterest.com\/techmasterelectronicsjsc\/\",\"https:\/\/vi.wikipedia.org\/wiki\/Th\u00e0nh_vi\u00ean:Techmastervietnam\",\"https:\/\/twitter.com\/techmastervn\",\"https:\/\/www.linkedin.com\/company\/techmaster-vietnam\/\"],\"telephone\":[],\"contactPoint\":{\"@type\":\"ContactPoint\",\"email\":\"marketing@techmaster.com.vn\"},\"openingHoursSpecification\":[{\"@type\":\"OpeningHoursSpecification\",\"dayOfWeek\":[\"Monday\",\"Tuesday\",\"Wednesday\",\"Thursday\",\"Friday\",\"Saturday\",\"Sunday\"],\"opens\":\"09:00\",\"closes\":\"17:00\"}],\"email\":\"marketing@techmaster.com.vn\",\"areaServed\":\"Vietnam\"},{\"@type\":\"ImageObject\",\"inLanguage\":\"en-US\",\"@id\":\"https:\/\/techmaster.com.vn\/en\/quality-risk-management-in-pharmaceutical-industry\/#local-main-organization-logo\",\"url\":\"https:\/\/techmaster.com.vn\/wp-content\/uploads\/2021\/04\/techmaster-logo-homepage.png\",\"contentUrl\":\"https:\/\/techmaster.com.vn\/wp-content\/uploads\/2021\/04\/techmaster-logo-homepage.png\",\"width\":335,\"height\":62,\"caption\":\"Techmaster Electronics JSC\"}]}<\/script>\n<!-- \/ Yoast SEO Premium plugin. -->","yoast_head_json":{"title":"Quality Risk Management in Pharmaceutical Industry - Techmaster Electronics JSC","description":"Development of the aseptic filling process and the environmental monitoring system of this project by applying proven quality risk management techniques.","robots":{"index":"index","follow":"follow","max-snippet":"max-snippet:-1","max-image-preview":"max-image-preview:large","max-video-preview":"max-video-preview:-1"},"canonical":"https:\/\/techmaster.com.vn\/en\/quality-risk-management-in-pharmaceutical-industry\/","og_locale":"en_US","og_type":"article","og_title":"Quality Risk Management in Pharmaceutical Industry","og_description":"Development of the aseptic filling process and the environmental monitoring system of this project by applying proven quality risk management techniques.","og_url":"https:\/\/techmaster.com.vn\/en\/quality-risk-management-in-pharmaceutical-industry\/","og_site_name":"Techmaster Electronics JSC","article_publisher":"https:\/\/www.facebook.com\/techmaster.electronics.jsc","og_image":[{"width":400,"height":251,"url":"https:\/\/techmaster.com.vn\/wp-content\/uploads\/2023\/02\/QRM-Quality-Risk-management-400x251-1.png","type":"image\/png"}],"twitter_card":"summary_large_image","twitter_site":"@techmastervn","twitter_misc":{"Est. reading time":"2 minutes"},"schema":{"@context":"https:\/\/schema.org","@graph":[{"@type":"WebPage","@id":"https:\/\/techmaster.com.vn\/en\/quality-risk-management-in-pharmaceutical-industry\/","url":"https:\/\/techmaster.com.vn\/en\/quality-risk-management-in-pharmaceutical-industry\/","name":"Quality Risk Management in Pharmaceutical Industry - Techmaster Electronics JSC","isPartOf":{"@id":"https:\/\/techmaster.com.vn\/en\/#website"},"primaryImageOfPage":{"@id":"https:\/\/techmaster.com.vn\/en\/quality-risk-management-in-pharmaceutical-industry\/#primaryimage"},"image":{"@id":"https:\/\/techmaster.com.vn\/en\/quality-risk-management-in-pharmaceutical-industry\/#primaryimage"},"thumbnailUrl":"https:\/\/techmaster.com.vn\/wp-content\/uploads\/2023\/02\/QRM-Quality-Risk-management-400x251-1.png","datePublished":"2023-02-03T08:41:30+00:00","description":"Development of the aseptic filling process and the environmental monitoring system of this project by applying proven quality risk management techniques.","breadcrumb":{"@id":"https:\/\/techmaster.com.vn\/en\/quality-risk-management-in-pharmaceutical-industry\/#breadcrumb"},"inLanguage":"en-US","potentialAction":[{"@type":"ReadAction","target":["https:\/\/techmaster.com.vn\/en\/quality-risk-management-in-pharmaceutical-industry\/"]}]},{"@type":"ImageObject","inLanguage":"en-US","@id":"https:\/\/techmaster.com.vn\/en\/quality-risk-management-in-pharmaceutical-industry\/#primaryimage","url":"https:\/\/techmaster.com.vn\/wp-content\/uploads\/2023\/02\/QRM-Quality-Risk-management-400x251-1.png","contentUrl":"https:\/\/techmaster.com.vn\/wp-content\/uploads\/2023\/02\/QRM-Quality-Risk-management-400x251-1.png","width":400,"height":251,"caption":"Quality Risk Management"},{"@type":"BreadcrumbList","@id":"https:\/\/techmaster.com.vn\/en\/quality-risk-management-in-pharmaceutical-industry\/#breadcrumb","itemListElement":[{"@type":"ListItem","position":1,"name":"Trang ch\u1ee7","item":"https:\/\/techmaster.com.vn\/en\/"},{"@type":"ListItem","position":2,"name":"Quality Risk Management in Pharmaceutical Industry"}]},{"@type":"WebSite","@id":"https:\/\/techmaster.com.vn\/en\/#website","url":"https:\/\/techmaster.com.vn\/en\/","name":"Techmaster Electronics JSC","description":"","publisher":{"@id":"https:\/\/techmaster.com.vn\/en\/#organization"},"potentialAction":[{"@type":"SearchAction","target":{"@type":"EntryPoint","urlTemplate":"https:\/\/techmaster.com.vn\/en\/?s={search_term_string}"},"query-input":{"@type":"PropertyValueSpecification","valueRequired":true,"valueName":"search_term_string"}}],"inLanguage":"en-US"},{"@type":["Organization","Place"],"@id":"https:\/\/techmaster.com.vn\/en\/#organization","name":"Techmaster Electronics JSC","url":"https:\/\/techmaster.com.vn\/en\/","logo":{"@id":"https:\/\/techmaster.com.vn\/en\/quality-risk-management-in-pharmaceutical-industry\/#local-main-organization-logo"},"image":{"@id":"https:\/\/techmaster.com.vn\/en\/quality-risk-management-in-pharmaceutical-industry\/#local-main-organization-logo"},"sameAs":["https:\/\/www.facebook.com\/techmaster.electronics.jsc","https:\/\/x.com\/techmastervn","https:\/\/www.instagram.com\/techmastervietnam","https:\/\/myspace.com\/techmastervietnam","https:\/\/www.youtube.com\/c\/TechmasterElectronicsJSC","https:\/\/www.pinterest.com\/techmasterelectronicsjsc\/","https:\/\/vi.wikipedia.org\/wiki\/Th\u00e0nh_vi\u00ean:Techmastervietnam","https:\/\/twitter.com\/techmastervn","https:\/\/www.linkedin.com\/company\/techmaster-vietnam\/"],"telephone":[],"contactPoint":{"@type":"ContactPoint","email":"marketing@techmaster.com.vn"},"openingHoursSpecification":[{"@type":"OpeningHoursSpecification","dayOfWeek":["Monday","Tuesday","Wednesday","Thursday","Friday","Saturday","Sunday"],"opens":"09:00","closes":"17:00"}],"email":"marketing@techmaster.com.vn","areaServed":"Vietnam"},{"@type":"ImageObject","inLanguage":"en-US","@id":"https:\/\/techmaster.com.vn\/en\/quality-risk-management-in-pharmaceutical-industry\/#local-main-organization-logo","url":"https:\/\/techmaster.com.vn\/wp-content\/uploads\/2021\/04\/techmaster-logo-homepage.png","contentUrl":"https:\/\/techmaster.com.vn\/wp-content\/uploads\/2021\/04\/techmaster-logo-homepage.png","width":335,"height":62,"caption":"Techmaster Electronics JSC"}]}},"_links":{"self":[{"href":"https:\/\/techmaster.com.vn\/en\/wp-json\/wp\/v2\/pages\/49141","targetHints":{"allow":["GET"]}}],"collection":[{"href":"https:\/\/techmaster.com.vn\/en\/wp-json\/wp\/v2\/pages"}],"about":[{"href":"https:\/\/techmaster.com.vn\/en\/wp-json\/wp\/v2\/types\/page"}],"author":[{"embeddable":true,"href":"https:\/\/techmaster.com.vn\/en\/wp-json\/wp\/v2\/users\/11"}],"replies":[{"embeddable":true,"href":"https:\/\/techmaster.com.vn\/en\/wp-json\/wp\/v2\/comments?post=49141"}],"version-history":[{"count":0,"href":"https:\/\/techmaster.com.vn\/en\/wp-json\/wp\/v2\/pages\/49141\/revisions"}],"wp:featuredmedia":[{"embeddable":true,"href":"https:\/\/techmaster.com.vn\/en\/wp-json\/wp\/v2\/media\/49144"}],"wp:attachment":[{"href":"https:\/\/techmaster.com.vn\/en\/wp-json\/wp\/v2\/media?parent=49141"}],"curies":[{"name":"wp","href":"https:\/\/api.w.org\/{rel}","templated":true}]}}