{"id":44973,"date":"2022-11-26T14:34:06","date_gmt":"2022-11-26T07:34:06","guid":{"rendered":"https:\/\/techmaster.com.vn\/?page_id=44973"},"modified":"2022-11-26T14:34:06","modified_gmt":"2022-11-26T07:34:06","slug":"webinar","status":"publish","type":"page","link":"https:\/\/techmaster.com.vn\/en\/webinar\/","title":{"rendered":"Webinar"},"content":{"rendered":" \t<section class=\"section\" id=\"section_858005843\">\n\t\t<div class=\"bg section-bg fill bg-fill  \" >\n\n\t\t\t\n\t\t\t\n\t\t\t\n\n\t\t<\/div>\n\n\t\t\n\n\t\t<div class=\"section-content relative\">\n\t\t\t <div class=\"row\"  id=\"row-823480391\"> \n\t<div id=\"col-1853471553\" class=\"col small-12 large-12\"  >\n\t\t\t\t<div class=\"col-inner\"  >\n\t\t\t\n\t\t\t \t<div id=\"text-3314231521\" class=\"text\">\n\t\t\r\n<h2 class=\"banner-title\" style=\"text-align: left;\"><span style=\"font-size: 110%;\">Webinar<\/span><\/h2>\r\n\t\t\n<style>\n#text-3314231521 {\n  font-size: 1.6rem;\n  line-height: 1.2;\n  color: rgb(255,255,255);\n}\n#text-3314231521 > * {\n  color: rgb(255,255,255);\n}\n<\/style>\n\t<\/div>\n\t \t\t<\/div>\n\t\t\t\t\n<style>\n#col-1853471553 > .col-inner {\n  padding: 0px 0px 0px 40px;\n  margin: -12px 0px -55px 0px;\n}\n<\/style>\n\t<\/div>\n\n\t <\/div> \t\t<\/div>\n\n\t\t\n<style>\n#section_858005843 {\n  padding-top: 30px;\n  padding-bottom: 30px;\n}\n#section_858005843 .section-bg.bg-loaded {\n  background-image: url(https:\/\/techmaster.com.vn\/wp-content\/uploads\/2022\/11\/banner-webinars.png);\n}\n#section_858005843 .ux-shape-divider--top svg {\n  height: 150px;\n  --divider-top-width: 100%;\n}\n#section_858005843 .ux-shape-divider--bottom svg {\n  height: 150px;\n  --divider-width: 100%;\n}\n<\/style>\n\t<\/section>\n\t \t<section class=\"section\" id=\"section_1303350551\">\n\t\t<div class=\"bg section-bg fill bg-fill  bg-loaded\" >\n\n\t\t\t\n\t\t\t\n\t\t\t\n\n\t\t<\/div>\n\n\t\t\n\n\t\t<div class=\"section-content relative\">\n\t\t\t <div class=\"row\"  id=\"row-966944366\"> \n\t<div id=\"col-2076223951\" class=\"col small-12 large-12\"  >\n\t\t\t\t<div class=\"col-inner\"  >\n\t\t\t\n\t\t\t\r\n<h2><span data-text-color=\"alert\">Understanding ISO 21501-4: Particle Counter Calibration<\/span><\/h2>\r\n<p><strong>On Demand Webinar\u00a0<\/strong><\/p>\r\n<p>ISO 21501-4 has two main goals; to improve instrument-to-instrument data correlation and count accuracy, and to enhance compliance with ISO 14644.<\/p>\r\n<p>By the end of this webinar, you should have a good understanding of the following concepts and how they affect your cleanroom particle counting efforts:<\/p>\r\n<ul>\r\n<li>How to be compliant with the most recent calibration requirements<\/li>\r\n<li>Sampling flow rate<\/li>\r\n<li>Counting efficiency<\/li>\r\n<li>Particle counter resolution<\/li>\r\n<li>Pulse height analyser (PHA)<\/li>\r\n<li>False count rate<\/li>\r\n<li>Particle size setting<\/li>\r\n<li>Coincidence loss at maximum particle concentration<\/li>\r\n<li>Maximum particle number concentration<\/li>\r\n<\/ul>\r\n\t\t<\/div>\n\t\t\t\t\t<\/div>\n\n\t \n\t<div id=\"col-1772255342\" class=\"col medium-2 small-12 large-2\"  >\n\t\t\t\t<div class=\"col-inner\"  >\n\t\t\t\n\t\t\t \t<div class=\"img has-hover x md-x lg-x y md-y lg-y\" id=\"image_1663438674\">\n\t\t\t\t\t\t\t\t<div class=\"img-inner image-cover dark\" style=\"padding-top:100%;\">\n\t\t\t<img loading=\"lazy\" decoding=\"async\" width=\"300\" height=\"200\" src=\"https:\/\/techmaster.com.vn\/wp-content\/uploads\/2022\/11\/Daniele-Pandolfi.jpg\" class=\"attachment-large size-large\" alt=\"Sr. Daniele Pandolfi\" \/>\t\t\t\t\t\t\n\t\t\t\t\t<\/div>\n\t\t\t\t\t\t\t\t\n<style>\n#image_1663438674 {\n  width: 100%;\n}\n<\/style>\n\t<\/div>\n\t \t\t<\/div>\n\t\t\t\t\t<\/div>\n\n\t \n\t<div id=\"col-319938898\" class=\"col medium-10 small-12 large-10\"  >\n\t\t\t\t<div class=\"col-inner\"  >\n\t\t\t\n\t\t\t\r\n<div class=\"presenter-content\">\r\n<div class=\"presenter-role\">\r\n<div class=\"presenter-role\"><span style=\"color: #0d6d72;\">PRESENTER<\/span><\/div>\r\n<h4 class=\"presenter-name\"><span data-text-color=\"alert\"><strong>Sr. Daniele Pandolfi<\/strong><\/span><\/h4>\r\n<div class=\"presenter-position\">Gerente Global de Linha de Produtos, Software\/Sistemas\/Servi\u00e7os, Particle Measuring Systems, Inc.<\/div>\r\n<div class=\"presenter-bio\">\r\n<p>Daniele Pandolfi \u00e9 o Gerente Global de Linha de Produtos de Software\/Sistemas\/Servi\u00e7os da Particle Monitoring Systems, Inc. Com mais de 11 anos de experi\u00eancia em contador de part\u00edculas e controle de contamina\u00e7\u00e3o em salas limpas, ele se concentra em construir e manter relacionamentos fortes com os clientes. Ele ajudou muitos usu\u00e1rios de salas limpas a resolver seus problemas de cGMP.<\/p>\r\n<\/div>\r\n<\/div>\r\n<\/div>\r\n\t\t<\/div>\n\t\t\t\t\t<\/div>\n\n\t <\/div> \t\t<\/div>\n\n\t\t\n<style>\n#section_1303350551 {\n  padding-top: 30px;\n  padding-bottom: 30px;\n}\n#section_1303350551 .ux-shape-divider--top svg {\n  height: 150px;\n  --divider-top-width: 100%;\n}\n#section_1303350551 .ux-shape-divider--bottom svg {\n  height: 150px;\n  --divider-width: 100%;\n}\n<\/style>\n\t<\/section>\n\t ","protected":false},"excerpt":{"rendered":"","protected":false},"author":11,"featured_media":0,"parent":0,"menu_order":0,"comment_status":"closed","ping_status":"closed","template":"page-blank.php","meta":{"footnotes":""},"class_list":["post-44973","page","type-page","status-publish","hentry"],"yoast_head":"<!-- This site is optimized with the Yoast SEO Premium plugin v26.8 (Yoast SEO v26.8) - https:\/\/yoast.com\/product\/yoast-seo-premium-wordpress\/ -->\n<title>Webinar - Techmaster Electronics JSC<\/title>\n<meta name=\"description\" content=\"ISO 21501-4 has two main goals; to improve instrument-to-instrument data correlation and count accuracy, and to enhance compliance with ISO 14644.\" \/>\n<meta name=\"robots\" content=\"index, follow, max-snippet:-1, max-image-preview:large, max-video-preview:-1\" \/>\n<link rel=\"canonical\" href=\"https:\/\/techmaster.com.vn\/en\/webinar\/\" \/>\n<meta property=\"og:locale\" content=\"en_US\" \/>\n<meta property=\"og:type\" content=\"article\" \/>\n<meta property=\"og:title\" content=\"Webinar\" \/>\n<meta property=\"og:description\" content=\"ISO 21501-4 has two main goals; to improve instrument-to-instrument data correlation and count accuracy, and to enhance compliance with ISO 14644.\" \/>\n<meta property=\"og:url\" content=\"https:\/\/techmaster.com.vn\/en\/webinar\/\" \/>\n<meta property=\"og:site_name\" content=\"Techmaster Electronics JSC\" \/>\n<meta property=\"article:publisher\" content=\"https:\/\/www.facebook.com\/techmaster.electronics.jsc\" \/>\n<meta name=\"twitter:card\" content=\"summary_large_image\" \/>\n<meta name=\"twitter:site\" content=\"@techmastervn\" \/>\n<meta name=\"twitter:label1\" content=\"Est. reading time\" \/>\n\t<meta name=\"twitter:data1\" content=\"1 minute\" \/>\n<script type=\"application\/ld+json\" class=\"yoast-schema-graph\">{\"@context\":\"https:\/\/schema.org\",\"@graph\":[{\"@type\":\"WebPage\",\"@id\":\"https:\/\/techmaster.com.vn\/en\/webinar\/\",\"url\":\"https:\/\/techmaster.com.vn\/en\/webinar\/\",\"name\":\"Webinar - Techmaster Electronics JSC\",\"isPartOf\":{\"@id\":\"https:\/\/techmaster.com.vn\/en\/#website\"},\"datePublished\":\"2022-11-26T07:34:06+00:00\",\"description\":\"ISO 21501-4 has two main goals; to improve instrument-to-instrument data correlation and count accuracy, and to enhance compliance with ISO 14644.\",\"breadcrumb\":{\"@id\":\"https:\/\/techmaster.com.vn\/en\/webinar\/#breadcrumb\"},\"inLanguage\":\"en-US\",\"potentialAction\":[{\"@type\":\"ReadAction\",\"target\":[\"https:\/\/techmaster.com.vn\/en\/webinar\/\"]}]},{\"@type\":\"BreadcrumbList\",\"@id\":\"https:\/\/techmaster.com.vn\/en\/webinar\/#breadcrumb\",\"itemListElement\":[{\"@type\":\"ListItem\",\"position\":1,\"name\":\"Trang ch\u1ee7\",\"item\":\"https:\/\/techmaster.com.vn\/en\/\"},{\"@type\":\"ListItem\",\"position\":2,\"name\":\"Webinar\"}]},{\"@type\":\"WebSite\",\"@id\":\"https:\/\/techmaster.com.vn\/en\/#website\",\"url\":\"https:\/\/techmaster.com.vn\/en\/\",\"name\":\"Techmaster Electronics JSC\",\"description\":\"\",\"publisher\":{\"@id\":\"https:\/\/techmaster.com.vn\/en\/#organization\"},\"potentialAction\":[{\"@type\":\"SearchAction\",\"target\":{\"@type\":\"EntryPoint\",\"urlTemplate\":\"https:\/\/techmaster.com.vn\/en\/?s={search_term_string}\"},\"query-input\":{\"@type\":\"PropertyValueSpecification\",\"valueRequired\":true,\"valueName\":\"search_term_string\"}}],\"inLanguage\":\"en-US\"},{\"@type\":[\"Organization\",\"Place\"],\"@id\":\"https:\/\/techmaster.com.vn\/en\/#organization\",\"name\":\"Techmaster Electronics JSC\",\"url\":\"https:\/\/techmaster.com.vn\/en\/\",\"logo\":{\"@id\":\"https:\/\/techmaster.com.vn\/en\/webinar\/#local-main-organization-logo\"},\"image\":{\"@id\":\"https:\/\/techmaster.com.vn\/en\/webinar\/#local-main-organization-logo\"},\"sameAs\":[\"https:\/\/www.facebook.com\/techmaster.electronics.jsc\",\"https:\/\/x.com\/techmastervn\",\"https:\/\/www.instagram.com\/techmastervietnam\",\"https:\/\/myspace.com\/techmastervietnam\",\"https:\/\/www.youtube.com\/c\/TechmasterElectronicsJSC\",\"https:\/\/www.pinterest.com\/techmasterelectronicsjsc\/\",\"https:\/\/vi.wikipedia.org\/wiki\/Th\u00e0nh_vi\u00ean:Techmastervietnam\",\"https:\/\/twitter.com\/techmastervn\",\"https:\/\/www.linkedin.com\/company\/techmaster-vietnam\/\"],\"telephone\":[],\"contactPoint\":{\"@type\":\"ContactPoint\",\"email\":\"marketing@techmaster.com.vn\"},\"openingHoursSpecification\":[{\"@type\":\"OpeningHoursSpecification\",\"dayOfWeek\":[\"Monday\",\"Tuesday\",\"Wednesday\",\"Thursday\",\"Friday\",\"Saturday\",\"Sunday\"],\"opens\":\"09:00\",\"closes\":\"17:00\"}],\"email\":\"marketing@techmaster.com.vn\",\"areaServed\":\"Vietnam\"},{\"@type\":\"ImageObject\",\"inLanguage\":\"en-US\",\"@id\":\"https:\/\/techmaster.com.vn\/en\/webinar\/#local-main-organization-logo\",\"url\":\"https:\/\/techmaster.com.vn\/wp-content\/uploads\/2021\/04\/techmaster-logo-homepage.png\",\"contentUrl\":\"https:\/\/techmaster.com.vn\/wp-content\/uploads\/2021\/04\/techmaster-logo-homepage.png\",\"width\":335,\"height\":62,\"caption\":\"Techmaster Electronics JSC\"}]}<\/script>\n<!-- \/ Yoast SEO Premium plugin. -->","yoast_head_json":{"title":"Webinar - Techmaster Electronics JSC","description":"ISO 21501-4 has two main goals; to improve instrument-to-instrument data correlation and count accuracy, and to enhance compliance with ISO 14644.","robots":{"index":"index","follow":"follow","max-snippet":"max-snippet:-1","max-image-preview":"max-image-preview:large","max-video-preview":"max-video-preview:-1"},"canonical":"https:\/\/techmaster.com.vn\/en\/webinar\/","og_locale":"en_US","og_type":"article","og_title":"Webinar","og_description":"ISO 21501-4 has two main goals; to improve instrument-to-instrument data correlation and count accuracy, and to enhance compliance with ISO 14644.","og_url":"https:\/\/techmaster.com.vn\/en\/webinar\/","og_site_name":"Techmaster Electronics JSC","article_publisher":"https:\/\/www.facebook.com\/techmaster.electronics.jsc","twitter_card":"summary_large_image","twitter_site":"@techmastervn","twitter_misc":{"Est. reading time":"1 minute"},"schema":{"@context":"https:\/\/schema.org","@graph":[{"@type":"WebPage","@id":"https:\/\/techmaster.com.vn\/en\/webinar\/","url":"https:\/\/techmaster.com.vn\/en\/webinar\/","name":"Webinar - Techmaster Electronics JSC","isPartOf":{"@id":"https:\/\/techmaster.com.vn\/en\/#website"},"datePublished":"2022-11-26T07:34:06+00:00","description":"ISO 21501-4 has two main goals; to improve instrument-to-instrument data correlation and count accuracy, and to enhance compliance with ISO 14644.","breadcrumb":{"@id":"https:\/\/techmaster.com.vn\/en\/webinar\/#breadcrumb"},"inLanguage":"en-US","potentialAction":[{"@type":"ReadAction","target":["https:\/\/techmaster.com.vn\/en\/webinar\/"]}]},{"@type":"BreadcrumbList","@id":"https:\/\/techmaster.com.vn\/en\/webinar\/#breadcrumb","itemListElement":[{"@type":"ListItem","position":1,"name":"Trang ch\u1ee7","item":"https:\/\/techmaster.com.vn\/en\/"},{"@type":"ListItem","position":2,"name":"Webinar"}]},{"@type":"WebSite","@id":"https:\/\/techmaster.com.vn\/en\/#website","url":"https:\/\/techmaster.com.vn\/en\/","name":"Techmaster Electronics JSC","description":"","publisher":{"@id":"https:\/\/techmaster.com.vn\/en\/#organization"},"potentialAction":[{"@type":"SearchAction","target":{"@type":"EntryPoint","urlTemplate":"https:\/\/techmaster.com.vn\/en\/?s={search_term_string}"},"query-input":{"@type":"PropertyValueSpecification","valueRequired":true,"valueName":"search_term_string"}}],"inLanguage":"en-US"},{"@type":["Organization","Place"],"@id":"https:\/\/techmaster.com.vn\/en\/#organization","name":"Techmaster Electronics JSC","url":"https:\/\/techmaster.com.vn\/en\/","logo":{"@id":"https:\/\/techmaster.com.vn\/en\/webinar\/#local-main-organization-logo"},"image":{"@id":"https:\/\/techmaster.com.vn\/en\/webinar\/#local-main-organization-logo"},"sameAs":["https:\/\/www.facebook.com\/techmaster.electronics.jsc","https:\/\/x.com\/techmastervn","https:\/\/www.instagram.com\/techmastervietnam","https:\/\/myspace.com\/techmastervietnam","https:\/\/www.youtube.com\/c\/TechmasterElectronicsJSC","https:\/\/www.pinterest.com\/techmasterelectronicsjsc\/","https:\/\/vi.wikipedia.org\/wiki\/Th\u00e0nh_vi\u00ean:Techmastervietnam","https:\/\/twitter.com\/techmastervn","https:\/\/www.linkedin.com\/company\/techmaster-vietnam\/"],"telephone":[],"contactPoint":{"@type":"ContactPoint","email":"marketing@techmaster.com.vn"},"openingHoursSpecification":[{"@type":"OpeningHoursSpecification","dayOfWeek":["Monday","Tuesday","Wednesday","Thursday","Friday","Saturday","Sunday"],"opens":"09:00","closes":"17:00"}],"email":"marketing@techmaster.com.vn","areaServed":"Vietnam"},{"@type":"ImageObject","inLanguage":"en-US","@id":"https:\/\/techmaster.com.vn\/en\/webinar\/#local-main-organization-logo","url":"https:\/\/techmaster.com.vn\/wp-content\/uploads\/2021\/04\/techmaster-logo-homepage.png","contentUrl":"https:\/\/techmaster.com.vn\/wp-content\/uploads\/2021\/04\/techmaster-logo-homepage.png","width":335,"height":62,"caption":"Techmaster Electronics JSC"}]}},"_links":{"self":[{"href":"https:\/\/techmaster.com.vn\/en\/wp-json\/wp\/v2\/pages\/44973","targetHints":{"allow":["GET"]}}],"collection":[{"href":"https:\/\/techmaster.com.vn\/en\/wp-json\/wp\/v2\/pages"}],"about":[{"href":"https:\/\/techmaster.com.vn\/en\/wp-json\/wp\/v2\/types\/page"}],"author":[{"embeddable":true,"href":"https:\/\/techmaster.com.vn\/en\/wp-json\/wp\/v2\/users\/11"}],"replies":[{"embeddable":true,"href":"https:\/\/techmaster.com.vn\/en\/wp-json\/wp\/v2\/comments?post=44973"}],"version-history":[{"count":0,"href":"https:\/\/techmaster.com.vn\/en\/wp-json\/wp\/v2\/pages\/44973\/revisions"}],"wp:attachment":[{"href":"https:\/\/techmaster.com.vn\/en\/wp-json\/wp\/v2\/media?parent=44973"}],"curies":[{"name":"wp","href":"https:\/\/api.w.org\/{rel}","templated":true}]}}