{"id":44792,"date":"2022-11-26T09:19:47","date_gmt":"2022-11-26T02:19:47","guid":{"rendered":"https:\/\/techmaster.com.vn\/?page_id=44792"},"modified":"2022-11-26T09:19:47","modified_gmt":"2022-11-26T02:19:47","slug":"considerations-steps-for-building-a-contamination-control-strategy-ccs","status":"publish","type":"page","link":"https:\/\/techmaster.com.vn\/en\/considerations-steps-for-building-a-contamination-control-strategy-ccs\/","title":{"rendered":"Considerations &#038; Steps for Building a Contamination Control Strategy (CCS)"},"content":{"rendered":" \t<section class=\"section\" id=\"section_629068299\">\n\t\t<div class=\"bg section-bg fill bg-fill  \" >\n\n\t\t\t\n\t\t\t\n\t\t\t\n\n\t\t<\/div>\n\n\t\t\n\n\t\t<div class=\"section-content relative\">\n\t\t\t <div class=\"row\"  id=\"row-985239883\"> \n\t<div id=\"col-1348152010\" class=\"col small-12 large-12\"  >\n\t\t\t\t<div class=\"col-inner\"  >\n\t\t\t\n\t\t\t \t<div id=\"text-207570013\" class=\"text\">\n\t\t\r\n<h2 class=\"banner-title\" style=\"text-align: left;\"><span style=\"font-size: 110%;\">Webinar<\/span><\/h2>\r\n\t\t\n<style>\n#text-207570013 {\n  font-size: 1.6rem;\n  line-height: 1.2;\n  color: rgb(255,255,255);\n}\n#text-207570013 > * {\n  color: rgb(255,255,255);\n}\n<\/style>\n\t<\/div>\n\t \t\t<\/div>\n\t\t\t\t\n<style>\n#col-1348152010 > .col-inner {\n  padding: 0px 0px 0px 40px;\n  margin: -12px 0px -55px 0px;\n}\n<\/style>\n\t<\/div>\n\n\t <\/div> \t\t<\/div>\n\n\t\t\n<style>\n#section_629068299 {\n  padding-top: 30px;\n  padding-bottom: 30px;\n}\n#section_629068299 .section-bg.bg-loaded {\n  background-image: url(https:\/\/techmaster.com.vn\/wp-content\/uploads\/2022\/11\/banner-webinars.png);\n}\n#section_629068299 .ux-shape-divider--top svg {\n  height: 150px;\n  --divider-top-width: 100%;\n}\n#section_629068299 .ux-shape-divider--bottom svg {\n  height: 150px;\n  --divider-width: 100%;\n}\n<\/style>\n\t<\/section>\n\t \t<section class=\"section\" id=\"section_579226977\">\n\t\t<div class=\"bg section-bg fill bg-fill  bg-loaded\" >\n\n\t\t\t\n\t\t\t\n\t\t\t\n\n\t\t<\/div>\n\n\t\t\n\n\t\t<div class=\"section-content relative\">\n\t\t\t <div class=\"row\"  id=\"row-785931705\"> \n\t<div id=\"col-1668911165\" class=\"col medium-2 small-12 large-2\"  >\n\t\t\t\t<div class=\"col-inner\"  >\n\t\t\t\n\t\t\t \t\t<\/div>\n\t\t\t\t\t<\/div>\n\n\t \n\t<div id=\"col-1162849174\" class=\"col medium-8 small-12 large-8\"  >\n\t\t\t\t<div class=\"col-inner\"  >\n\t\t\t\n\t\t\t \t<div class=\"img has-hover x md-x lg-x y md-y lg-y\" id=\"image_1912866051\">\n\t\t\t\t\t\t\t\t<div class=\"img-inner dark\" >\n\t\t\t<img loading=\"lazy\" decoding=\"async\" width=\"900\" height=\"416\" src=\"https:\/\/techmaster.com.vn\/wp-content\/uploads\/2022\/11\/Landing-page-image-2.jpeg\" class=\"attachment-large size-large\" alt=\"Considerations &amp; Steps for Building a Contamination Control Strategy (CCS)\" \/>\t\t\t\t\t\t\n\t\t\t\t\t<\/div>\n\t\t\t\t\t\t\t\t\n<style>\n#image_1912866051 {\n  width: 100%;\n}\n<\/style>\n\t<\/div>\n\t \t\t<\/div>\n\t\t\t\t\t<\/div>\n\n\t \n\t<div id=\"col-124346756\" class=\"col medium-2 small-12 large-2\"  >\n\t\t\t\t<div class=\"col-inner\"  >\n\t\t\t\n\t\t\t \t\t<\/div>\n\t\t\t\t\t<\/div>\n\n\t \n\t<div id=\"col-392393273\" class=\"col small-12 large-12\"  >\n\t\t\t\t<div class=\"col-inner\"  >\n\t\t\t\n\t\t\t\r\n<p>Conventional approaches to Contamination Control are changing. They are being driven by the need to anticipate contamination events, rather than simply react to them; and new regulations are supporting this shift in thinking. Defining a\u00a0<strong>Contamination Control Strategy (CCS)<\/strong>\u00a0is unique for each process and requires an intimate understanding of both the process and how to implement an effective strategy. This presentation will go into depth on both topics.<\/p>\r\n\t\t<\/div>\n\t\t\t\t\t<\/div>\n\n\t \n\t<div id=\"col-2007504202\" class=\"col medium-2 small-12 large-2\"  >\n\t\t\t\t<div class=\"col-inner\"  >\n\t\t\t\n\t\t\t \t<div class=\"img has-hover x md-x lg-x y md-y lg-y\" id=\"image_1681640267\">\n\t\t\t\t\t\t\t\t<div class=\"img-inner dark\" >\n\t\t\t<img loading=\"lazy\" decoding=\"async\" width=\"152\" height=\"181\" src=\"https:\/\/techmaster.com.vn\/wp-content\/uploads\/2022\/11\/Campanella-headshot.jpeg\" class=\"attachment-large size-large\" alt=\"\" \/>\t\t\t\t\t\t\n\t\t\t\t\t<\/div>\n\t\t\t\t\t\t\t\t\n<style>\n#image_1681640267 {\n  width: 100%;\n}\n<\/style>\n\t<\/div>\n\t \t\t<\/div>\n\t\t\t\t\t<\/div>\n\n\t \n\t<div id=\"col-537362257\" class=\"col medium-10 small-12 large-10\"  >\n\t\t\t\t<div class=\"col-inner\"  >\n\t\t\t\n\t\t\t\r\n<div class=\"presenter-role\"><span style=\"color: #0d6d72;\">PRESENTER<\/span><\/div>\r\n<h4 class=\"presenter-name\"><span data-text-color=\"alert\">Anna Campanella, PhD<\/span><\/h4>\r\n<div class=\"presenter-position\">Advisory Team Head, Particle Measuring Systems<\/div>\r\n<div class=\"presenter-bio\">\r\n<p>Anna has vast industry experience which she uses to collaborate and consult with pharmaceutical companies. She is highly skilled in the development and implementation of science-based strategies, principles of contamination monitoring, and methods of controlling and improving the chemical, physical, and microbiological states of various production processes. Anna holds a PhD in Molecular Medicine and is an authority in many areas of pharmaceutical manufacturing; such as: QA &amp; QC processes, validation of chemical and microbiological methods and the validation of sterile production processes. Additionally, she maintains expert-level knowledge of the microbiological aspects of aseptic production processes.<\/p>\r\n<\/div>\r\n\t\t<\/div>\n\t\t\t\t\t<\/div>\n\n\t \n\t<div id=\"col-816822116\" class=\"col medium-2 small-12 large-2\"  >\n\t\t\t\t<div class=\"col-inner\"  >\n\t\t\t\n\t\t\t \t<div class=\"img has-hover x md-x lg-x y md-y lg-y\" id=\"image_1361375898\">\n\t\t\t\t\t\t\t\t<div class=\"img-inner dark\" >\n\t\t\t<img loading=\"lazy\" decoding=\"async\" width=\"152\" height=\"180\" src=\"https:\/\/techmaster.com.vn\/wp-content\/uploads\/2022\/11\/febcad3d-24c6-4d0a-a64a-e5282ef2a6a3-003-e1614028110997.jpeg\" class=\"attachment-large size-large\" alt=\"\" \/>\t\t\t\t\t\t\n\t\t\t\t\t<\/div>\n\t\t\t\t\t\t\t\t\n<style>\n#image_1361375898 {\n  width: 100%;\n}\n<\/style>\n\t<\/div>\n\t \t\t<\/div>\n\t\t\t\t\t<\/div>\n\n\t \n\t<div id=\"col-1872817374\" class=\"col medium-10 small-12 large-10\"  >\n\t\t\t\t<div class=\"col-inner\"  >\n\t\t\t\n\t\t\t\r\n<div class=\"presenter-role\">\r\n<div class=\"presenter-role\"><span style=\"color: #0d6d72;\">PRESENTER<\/span><\/div>\r\n<h4 class=\"presenter-name\"><span data-text-color=\"alert\">Sra Ugo Omeronye<\/span><\/h4>\r\n<div class=\"presenter-position\">Especialista em Consultoria Farmac\u00eautica Global<\/div>\r\n<div class=\"presenter-bio\">\r\n<p>Ugo trabalhou com empresas farmac\u00eauticas para apoiar a garantia e o controle de qualidade. Ela \u00e9 especialmente qualificada em a\u00e7\u00f5es corretivas e preventivas orientadas por dados para estrat\u00e9gias de monitoramento ambiental e controle de contamina\u00e7\u00e3o que afetam dispositivos m\u00e9dicos e produ\u00e7\u00e3o de medicamentos. Ugo obteve seu mestrado em Ci\u00eancias Biom\u00e9dicas; com foco em farmacologia, metodologias de valida\u00e7\u00e3o e tecnologias para agilizar efetivamente a fabrica\u00e7\u00e3o est\u00e9ril.<\/p>\r\n<\/div>\r\n<\/div>\r\n\t\t<\/div>\n\t\t\t\t\t<\/div>\n\n\t <\/div> \t\t<\/div>\n\n\t\t\n<style>\n#section_579226977 {\n  padding-top: 30px;\n  padding-bottom: 30px;\n}\n#section_579226977 .ux-shape-divider--top svg {\n  height: 150px;\n  --divider-top-width: 100%;\n}\n#section_579226977 .ux-shape-divider--bottom svg {\n  height: 150px;\n  --divider-width: 100%;\n}\n<\/style>\n\t<\/section>\n\t ","protected":false},"excerpt":{"rendered":"","protected":false},"author":11,"featured_media":44794,"parent":0,"menu_order":0,"comment_status":"closed","ping_status":"closed","template":"page-blank.php","meta":{"footnotes":""},"class_list":["post-44792","page","type-page","status-publish","has-post-thumbnail","hentry"],"yoast_head":"<!-- This site is optimized with the Yoast SEO Premium plugin v26.8 (Yoast SEO v26.8) - https:\/\/yoast.com\/product\/yoast-seo-premium-wordpress\/ -->\n<title>Considerations &amp; Steps for Building a Contamination Control Strategy (CCS) - Techmaster Electronics JSC<\/title>\n<meta name=\"description\" content=\"Defining a\u00a0Contamination Control Strategy (CCS)\u00a0is unique for each process and requires an intimate understanding of both the process\" \/>\n<meta name=\"robots\" content=\"index, follow, max-snippet:-1, max-image-preview:large, max-video-preview:-1\" \/>\n<link rel=\"canonical\" href=\"https:\/\/techmaster.com.vn\/en\/considerations-steps-for-building-a-contamination-control-strategy-ccs\/\" \/>\n<meta property=\"og:locale\" content=\"en_US\" \/>\n<meta property=\"og:type\" content=\"article\" \/>\n<meta property=\"og:title\" content=\"Considerations &amp; Steps for Building a Contamination Control Strategy (CCS)\" \/>\n<meta property=\"og:description\" content=\"Defining a\u00a0Contamination Control Strategy (CCS)\u00a0is unique for each process and requires an intimate understanding of both the process\" \/>\n<meta property=\"og:url\" content=\"https:\/\/techmaster.com.vn\/en\/considerations-steps-for-building-a-contamination-control-strategy-ccs\/\" \/>\n<meta property=\"og:site_name\" content=\"Techmaster Electronics JSC\" \/>\n<meta property=\"article:publisher\" content=\"https:\/\/www.facebook.com\/techmaster.electronics.jsc\" \/>\n<meta property=\"og:image\" content=\"https:\/\/techmaster.com.vn\/wp-content\/uploads\/2022\/11\/Landing-page-image-2.jpeg\" \/>\n\t<meta property=\"og:image:width\" content=\"900\" \/>\n\t<meta property=\"og:image:height\" content=\"416\" \/>\n\t<meta property=\"og:image:type\" content=\"image\/jpeg\" \/>\n<meta name=\"twitter:card\" content=\"summary_large_image\" \/>\n<meta name=\"twitter:site\" content=\"@techmastervn\" \/>\n<meta name=\"twitter:label1\" content=\"Est. reading time\" \/>\n\t<meta name=\"twitter:data1\" content=\"2 minutes\" \/>\n<script type=\"application\/ld+json\" class=\"yoast-schema-graph\">{\"@context\":\"https:\/\/schema.org\",\"@graph\":[{\"@type\":\"WebPage\",\"@id\":\"https:\/\/techmaster.com.vn\/en\/considerations-steps-for-building-a-contamination-control-strategy-ccs\/\",\"url\":\"https:\/\/techmaster.com.vn\/en\/considerations-steps-for-building-a-contamination-control-strategy-ccs\/\",\"name\":\"Considerations & Steps for Building a Contamination Control Strategy (CCS) - Techmaster Electronics JSC\",\"isPartOf\":{\"@id\":\"https:\/\/techmaster.com.vn\/en\/#website\"},\"primaryImageOfPage\":{\"@id\":\"https:\/\/techmaster.com.vn\/en\/considerations-steps-for-building-a-contamination-control-strategy-ccs\/#primaryimage\"},\"image\":{\"@id\":\"https:\/\/techmaster.com.vn\/en\/considerations-steps-for-building-a-contamination-control-strategy-ccs\/#primaryimage\"},\"thumbnailUrl\":\"https:\/\/techmaster.com.vn\/wp-content\/uploads\/2022\/11\/Landing-page-image-2.jpeg\",\"datePublished\":\"2022-11-26T02:19:47+00:00\",\"description\":\"Defining a\u00a0Contamination Control Strategy (CCS)\u00a0is unique for each process and requires an intimate understanding of both the process\",\"breadcrumb\":{\"@id\":\"https:\/\/techmaster.com.vn\/en\/considerations-steps-for-building-a-contamination-control-strategy-ccs\/#breadcrumb\"},\"inLanguage\":\"en-US\",\"potentialAction\":[{\"@type\":\"ReadAction\",\"target\":[\"https:\/\/techmaster.com.vn\/en\/considerations-steps-for-building-a-contamination-control-strategy-ccs\/\"]}]},{\"@type\":\"ImageObject\",\"inLanguage\":\"en-US\",\"@id\":\"https:\/\/techmaster.com.vn\/en\/considerations-steps-for-building-a-contamination-control-strategy-ccs\/#primaryimage\",\"url\":\"https:\/\/techmaster.com.vn\/wp-content\/uploads\/2022\/11\/Landing-page-image-2.jpeg\",\"contentUrl\":\"https:\/\/techmaster.com.vn\/wp-content\/uploads\/2022\/11\/Landing-page-image-2.jpeg\",\"width\":900,\"height\":416,\"caption\":\"Considerations & Steps for Building a Contamination Control Strategy (CCS)\"},{\"@type\":\"BreadcrumbList\",\"@id\":\"https:\/\/techmaster.com.vn\/en\/considerations-steps-for-building-a-contamination-control-strategy-ccs\/#breadcrumb\",\"itemListElement\":[{\"@type\":\"ListItem\",\"position\":1,\"name\":\"Trang ch\u1ee7\",\"item\":\"https:\/\/techmaster.com.vn\/en\/\"},{\"@type\":\"ListItem\",\"position\":2,\"name\":\"Considerations &#038; Steps for Building a Contamination Control Strategy (CCS)\"}]},{\"@type\":\"WebSite\",\"@id\":\"https:\/\/techmaster.com.vn\/en\/#website\",\"url\":\"https:\/\/techmaster.com.vn\/en\/\",\"name\":\"Techmaster Electronics JSC\",\"description\":\"\",\"publisher\":{\"@id\":\"https:\/\/techmaster.com.vn\/en\/#organization\"},\"potentialAction\":[{\"@type\":\"SearchAction\",\"target\":{\"@type\":\"EntryPoint\",\"urlTemplate\":\"https:\/\/techmaster.com.vn\/en\/?s={search_term_string}\"},\"query-input\":{\"@type\":\"PropertyValueSpecification\",\"valueRequired\":true,\"valueName\":\"search_term_string\"}}],\"inLanguage\":\"en-US\"},{\"@type\":[\"Organization\",\"Place\"],\"@id\":\"https:\/\/techmaster.com.vn\/en\/#organization\",\"name\":\"Techmaster Electronics JSC\",\"url\":\"https:\/\/techmaster.com.vn\/en\/\",\"logo\":{\"@id\":\"https:\/\/techmaster.com.vn\/en\/considerations-steps-for-building-a-contamination-control-strategy-ccs\/#local-main-organization-logo\"},\"image\":{\"@id\":\"https:\/\/techmaster.com.vn\/en\/considerations-steps-for-building-a-contamination-control-strategy-ccs\/#local-main-organization-logo\"},\"sameAs\":[\"https:\/\/www.facebook.com\/techmaster.electronics.jsc\",\"https:\/\/x.com\/techmastervn\",\"https:\/\/www.instagram.com\/techmastervietnam\",\"https:\/\/myspace.com\/techmastervietnam\",\"https:\/\/www.youtube.com\/c\/TechmasterElectronicsJSC\",\"https:\/\/www.pinterest.com\/techmasterelectronicsjsc\/\",\"https:\/\/vi.wikipedia.org\/wiki\/Th\u00e0nh_vi\u00ean:Techmastervietnam\",\"https:\/\/twitter.com\/techmastervn\",\"https:\/\/www.linkedin.com\/company\/techmaster-vietnam\/\"],\"telephone\":[],\"contactPoint\":{\"@type\":\"ContactPoint\",\"email\":\"marketing@techmaster.com.vn\"},\"openingHoursSpecification\":[{\"@type\":\"OpeningHoursSpecification\",\"dayOfWeek\":[\"Monday\",\"Tuesday\",\"Wednesday\",\"Thursday\",\"Friday\",\"Saturday\",\"Sunday\"],\"opens\":\"09:00\",\"closes\":\"17:00\"}],\"email\":\"marketing@techmaster.com.vn\",\"areaServed\":\"Vietnam\"},{\"@type\":\"ImageObject\",\"inLanguage\":\"en-US\",\"@id\":\"https:\/\/techmaster.com.vn\/en\/considerations-steps-for-building-a-contamination-control-strategy-ccs\/#local-main-organization-logo\",\"url\":\"https:\/\/techmaster.com.vn\/wp-content\/uploads\/2021\/04\/techmaster-logo-homepage.png\",\"contentUrl\":\"https:\/\/techmaster.com.vn\/wp-content\/uploads\/2021\/04\/techmaster-logo-homepage.png\",\"width\":335,\"height\":62,\"caption\":\"Techmaster Electronics JSC\"}]}<\/script>\n<!-- \/ Yoast SEO Premium plugin. -->","yoast_head_json":{"title":"Considerations & Steps for Building a Contamination Control Strategy (CCS) - Techmaster Electronics JSC","description":"Defining a\u00a0Contamination Control Strategy (CCS)\u00a0is unique for each process and requires an intimate understanding of both the process","robots":{"index":"index","follow":"follow","max-snippet":"max-snippet:-1","max-image-preview":"max-image-preview:large","max-video-preview":"max-video-preview:-1"},"canonical":"https:\/\/techmaster.com.vn\/en\/considerations-steps-for-building-a-contamination-control-strategy-ccs\/","og_locale":"en_US","og_type":"article","og_title":"Considerations & Steps for Building a Contamination Control Strategy (CCS)","og_description":"Defining a\u00a0Contamination Control Strategy (CCS)\u00a0is unique for each process and requires an intimate understanding of both the process","og_url":"https:\/\/techmaster.com.vn\/en\/considerations-steps-for-building-a-contamination-control-strategy-ccs\/","og_site_name":"Techmaster Electronics JSC","article_publisher":"https:\/\/www.facebook.com\/techmaster.electronics.jsc","og_image":[{"width":900,"height":416,"url":"https:\/\/techmaster.com.vn\/wp-content\/uploads\/2022\/11\/Landing-page-image-2.jpeg","type":"image\/jpeg"}],"twitter_card":"summary_large_image","twitter_site":"@techmastervn","twitter_misc":{"Est. reading time":"2 minutes"},"schema":{"@context":"https:\/\/schema.org","@graph":[{"@type":"WebPage","@id":"https:\/\/techmaster.com.vn\/en\/considerations-steps-for-building-a-contamination-control-strategy-ccs\/","url":"https:\/\/techmaster.com.vn\/en\/considerations-steps-for-building-a-contamination-control-strategy-ccs\/","name":"Considerations & Steps for Building a Contamination Control Strategy (CCS) - Techmaster Electronics JSC","isPartOf":{"@id":"https:\/\/techmaster.com.vn\/en\/#website"},"primaryImageOfPage":{"@id":"https:\/\/techmaster.com.vn\/en\/considerations-steps-for-building-a-contamination-control-strategy-ccs\/#primaryimage"},"image":{"@id":"https:\/\/techmaster.com.vn\/en\/considerations-steps-for-building-a-contamination-control-strategy-ccs\/#primaryimage"},"thumbnailUrl":"https:\/\/techmaster.com.vn\/wp-content\/uploads\/2022\/11\/Landing-page-image-2.jpeg","datePublished":"2022-11-26T02:19:47+00:00","description":"Defining a\u00a0Contamination Control Strategy (CCS)\u00a0is unique for each process and requires an intimate understanding of both the process","breadcrumb":{"@id":"https:\/\/techmaster.com.vn\/en\/considerations-steps-for-building-a-contamination-control-strategy-ccs\/#breadcrumb"},"inLanguage":"en-US","potentialAction":[{"@type":"ReadAction","target":["https:\/\/techmaster.com.vn\/en\/considerations-steps-for-building-a-contamination-control-strategy-ccs\/"]}]},{"@type":"ImageObject","inLanguage":"en-US","@id":"https:\/\/techmaster.com.vn\/en\/considerations-steps-for-building-a-contamination-control-strategy-ccs\/#primaryimage","url":"https:\/\/techmaster.com.vn\/wp-content\/uploads\/2022\/11\/Landing-page-image-2.jpeg","contentUrl":"https:\/\/techmaster.com.vn\/wp-content\/uploads\/2022\/11\/Landing-page-image-2.jpeg","width":900,"height":416,"caption":"Considerations & Steps for Building a Contamination Control Strategy (CCS)"},{"@type":"BreadcrumbList","@id":"https:\/\/techmaster.com.vn\/en\/considerations-steps-for-building-a-contamination-control-strategy-ccs\/#breadcrumb","itemListElement":[{"@type":"ListItem","position":1,"name":"Trang ch\u1ee7","item":"https:\/\/techmaster.com.vn\/en\/"},{"@type":"ListItem","position":2,"name":"Considerations &#038; Steps for Building a Contamination Control Strategy (CCS)"}]},{"@type":"WebSite","@id":"https:\/\/techmaster.com.vn\/en\/#website","url":"https:\/\/techmaster.com.vn\/en\/","name":"Techmaster Electronics JSC","description":"","publisher":{"@id":"https:\/\/techmaster.com.vn\/en\/#organization"},"potentialAction":[{"@type":"SearchAction","target":{"@type":"EntryPoint","urlTemplate":"https:\/\/techmaster.com.vn\/en\/?s={search_term_string}"},"query-input":{"@type":"PropertyValueSpecification","valueRequired":true,"valueName":"search_term_string"}}],"inLanguage":"en-US"},{"@type":["Organization","Place"],"@id":"https:\/\/techmaster.com.vn\/en\/#organization","name":"Techmaster Electronics JSC","url":"https:\/\/techmaster.com.vn\/en\/","logo":{"@id":"https:\/\/techmaster.com.vn\/en\/considerations-steps-for-building-a-contamination-control-strategy-ccs\/#local-main-organization-logo"},"image":{"@id":"https:\/\/techmaster.com.vn\/en\/considerations-steps-for-building-a-contamination-control-strategy-ccs\/#local-main-organization-logo"},"sameAs":["https:\/\/www.facebook.com\/techmaster.electronics.jsc","https:\/\/x.com\/techmastervn","https:\/\/www.instagram.com\/techmastervietnam","https:\/\/myspace.com\/techmastervietnam","https:\/\/www.youtube.com\/c\/TechmasterElectronicsJSC","https:\/\/www.pinterest.com\/techmasterelectronicsjsc\/","https:\/\/vi.wikipedia.org\/wiki\/Th\u00e0nh_vi\u00ean:Techmastervietnam","https:\/\/twitter.com\/techmastervn","https:\/\/www.linkedin.com\/company\/techmaster-vietnam\/"],"telephone":[],"contactPoint":{"@type":"ContactPoint","email":"marketing@techmaster.com.vn"},"openingHoursSpecification":[{"@type":"OpeningHoursSpecification","dayOfWeek":["Monday","Tuesday","Wednesday","Thursday","Friday","Saturday","Sunday"],"opens":"09:00","closes":"17:00"}],"email":"marketing@techmaster.com.vn","areaServed":"Vietnam"},{"@type":"ImageObject","inLanguage":"en-US","@id":"https:\/\/techmaster.com.vn\/en\/considerations-steps-for-building-a-contamination-control-strategy-ccs\/#local-main-organization-logo","url":"https:\/\/techmaster.com.vn\/wp-content\/uploads\/2021\/04\/techmaster-logo-homepage.png","contentUrl":"https:\/\/techmaster.com.vn\/wp-content\/uploads\/2021\/04\/techmaster-logo-homepage.png","width":335,"height":62,"caption":"Techmaster Electronics JSC"}]}},"_links":{"self":[{"href":"https:\/\/techmaster.com.vn\/en\/wp-json\/wp\/v2\/pages\/44792","targetHints":{"allow":["GET"]}}],"collection":[{"href":"https:\/\/techmaster.com.vn\/en\/wp-json\/wp\/v2\/pages"}],"about":[{"href":"https:\/\/techmaster.com.vn\/en\/wp-json\/wp\/v2\/types\/page"}],"author":[{"embeddable":true,"href":"https:\/\/techmaster.com.vn\/en\/wp-json\/wp\/v2\/users\/11"}],"replies":[{"embeddable":true,"href":"https:\/\/techmaster.com.vn\/en\/wp-json\/wp\/v2\/comments?post=44792"}],"version-history":[{"count":0,"href":"https:\/\/techmaster.com.vn\/en\/wp-json\/wp\/v2\/pages\/44792\/revisions"}],"wp:featuredmedia":[{"embeddable":true,"href":"https:\/\/techmaster.com.vn\/en\/wp-json\/wp\/v2\/media\/44794"}],"wp:attachment":[{"href":"https:\/\/techmaster.com.vn\/en\/wp-json\/wp\/v2\/media?parent=44792"}],"curies":[{"name":"wp","href":"https:\/\/api.w.org\/{rel}","templated":true}]}}