{"id":43737,"date":"2022-11-18T14:58:56","date_gmt":"2022-11-18T07:58:56","guid":{"rendered":"https:\/\/techmaster.com.vn\/?page_id=43737"},"modified":"2022-11-18T15:02:10","modified_gmt":"2022-11-18T08:02:10","slug":"iso-14644-1-cleanroom-classification-monitoring","status":"publish","type":"page","link":"https:\/\/techmaster.com.vn\/en\/iso-14644-1-cleanroom-classification-monitoring\/","title":{"rendered":"ISO 14644-1 Cleanroom Classification &#038; Monitoring"},"content":{"rendered":"\n\t<section class=\"section\" id=\"section_158323403\">\n\t\t<div class=\"bg section-bg fill bg-fill  \" >\n\n\t\t\t\n\t\t\t\n\t\t\t\n\n\t\t<\/div>\n\n\t\t\n\n\t\t<div class=\"section-content relative\">\n\t\t\t\n\n<div class=\"row\"  id=\"row-859363367\">\n\n\n\t<div id=\"col-1809988774\" class=\"col small-12 large-12\"  >\n\t\t\t\t<div class=\"col-inner\"  >\n\t\t\t\n\t\t\t\n\n\t<div id=\"text-42878195\" class=\"text\">\n\t\t\n\n<h2 class=\"banner-title\" style=\"text-align: left;\"><span style=\"font-size: 110%;\">ISO 14644-1 Cleanroom Classification &amp; Monitoring<\/span><\/h2>\n\t\t\n<style>\n#text-42878195 {\n  font-size: 1.6rem;\n  line-height: 1.75;\n  color: rgb(255,255,255);\n}\n#text-42878195 > * {\n  color: rgb(255,255,255);\n}\n<\/style>\n\t<\/div>\n\t\n\n\t\t<\/div>\n\t\t\t\t\n<style>\n#col-1809988774 > .col-inner {\n  padding: 0px 0px 0px 40px;\n  margin: -5px 0px -60px 0px;\n}\n<\/style>\n\t<\/div>\n\n\t\n\n<\/div>\n\n\t\t<\/div>\n\n\t\t\n<style>\n#section_158323403 {\n  padding-top: 40px;\n  padding-bottom: 40px;\n}\n#section_158323403 .section-bg.bg-loaded {\n  background-image: url(https:\/\/techmaster.com.vn\/wp-content\/uploads\/2022\/07\/banner-knowledge.jpeg);\n}\n#section_158323403 .ux-shape-divider--top svg {\n  height: 150px;\n  --divider-top-width: 100%;\n}\n#section_158323403 .ux-shape-divider--bottom svg {\n  height: 150px;\n  --divider-width: 100%;\n}\n<\/style>\n\t<\/section>\n\t\n\t<section class=\"section\" id=\"section_1812504128\">\n\t\t<div class=\"bg section-bg fill bg-fill  bg-loaded\" >\n\n\t\t\t\n\t\t\t\n\t\t\t\n\n\t\t<\/div>\n\n\t\t\n\n\t\t<div class=\"section-content relative\">\n\t\t\t\n\n<div class=\"row\"  id=\"row-1816253678\">\n\n\n\t<div id=\"col-1648875770\" class=\"col small-12 large-12\"  >\n\t\t\t\t<div class=\"col-inner\"  >\n\t\t\t\n\t\t\t\n\n<p>The revised\u00a0<span data-text-color=\"alert\">ISO 14644-1:2015<\/span>\u00a0has set new\u00a0<span data-text-color=\"alert\">cleanroom classification and monitoring\u00a0standards<\/span> for cleanroom managers and manufacturers, causing some questions and confusion.<\/p>\n\n\t\t<\/div>\n\t\t\t\t\t<\/div>\n\n\t\n\n\t<div id=\"col-812584576\" class=\"col medium-1 small-12 large-1\"  >\n\t\t\t\t<div class=\"col-inner\"  >\n\t\t\t\n\t\t\t\n\n\n\t\t<\/div>\n\t\t\t\t\t<\/div>\n\n\t\n\n\t<div id=\"col-2016907681\" class=\"col medium-10 small-12 large-10\"  >\n\t\t\t\t<div class=\"col-inner\"  >\n\t\t\t\n\t\t\t\n\n\t<div class=\"img has-hover x md-x lg-x y md-y lg-y\" id=\"image_788465631\">\n\t\t\t\t\t\t\t\t<div class=\"img-inner dark\" >\n\t\t\t<img loading=\"lazy\" decoding=\"async\" width=\"691\" height=\"294\" src=\"https:\/\/techmaster.com.vn\/wp-content\/uploads\/2022\/11\/14644-1.png\" class=\"attachment-large size-large\" alt=\"ISO 14644-1 Cleanroom Classification &amp; Monitoring\" \/>\t\t\t\t\t\t\n\t\t\t\t\t<\/div>\n\t\t\t\t\t\t\t\t\n<style>\n#image_788465631 {\n  width: 100%;\n}\n<\/style>\n\t<\/div>\n\t\n\n\n\t\t<\/div>\n\t\t\t\t\t<\/div>\n\n\t\n\n\t<div id=\"col-649722600\" class=\"col medium-1 small-12 large-1\"  >\n\t\t\t\t<div class=\"col-inner\"  >\n\t\t\t\n\t\t\t\n\n\n\t\t<\/div>\n\t\t\t\t\t<\/div>\n\n\t\n\n\t<div id=\"col-692717146\" class=\"col small-12 large-12\"  >\n\t\t\t\t<div class=\"col-inner\"  >\n\t\t\t\n\t\t\t\n\n<p>ISO 14644 expert, Daniele Pandolfi (of\u00a0<span data-text-color=\"alert\">Particle Measuring Systems<\/span>) has written a brief but comprehensive paper that includes:<\/p>\n<ul>\n<li><em><strong>a summary of the new cleanroom classification standards<\/strong><\/em>, highlighting\u00a0the\u00a0<em><strong>changes<\/strong><\/em><\/li>\n<li>an explanation of\u00a0<em><strong>how it affects your cleanroom monitoring<\/strong><\/em><\/li>\n<li>ISO 14644-1 cleanroom classification table<\/li>\n<li>Cleanroom counts per ISO 14644-1<\/li>\n<li>Cleanroom particle count limits<\/li>\n<\/ul>\n<p>This paper highlights the major changes in the new ISO 14644-1 compared to the previous version, as well as the possible impact on the Pharmaceutical\u00a0<span data-text-color=\"alert\">EU GMP Annex 1<\/span>\u00a0and FDA Aseptic Processing Guideline and includes information on ISO\u00a0<span data-text-color=\"alert\">14644-2<\/span>\u00a0and\u00a0<span data-text-color=\"alert\">ISO 21501-4<\/span>.\u00a0<\/p>\n\n\t\t<\/div>\n\t\t\t\t\t<\/div>\n\n\t\n\n\t<div id=\"col-1459816155\" class=\"col medium-4 small-12 large-4\"  >\n\t\t\t\t<div class=\"col-inner\"  >\n\t\t\t\n\t\t\t\n\n\t<div class=\"img has-hover x md-x lg-x y md-y lg-y\" id=\"image_1209815914\">\n\t\t\t\t\t\t\t\t<div class=\"img-inner dark\" >\n\t\t\t<img loading=\"lazy\" decoding=\"async\" width=\"400\" height=\"400\" src=\"https:\/\/techmaster.com.vn\/wp-content\/uploads\/2022\/11\/Lasair-Pro-ISO-Stamp-400x400-1.jpeg\" class=\"attachment-large size-large\" alt=\"Lasair Pro ISO Stamp\" \/>\t\t\t\t\t\t\n\t\t\t\t\t<\/div>\n\t\t\t\t\t\t\t\t\n<style>\n#image_1209815914 {\n  width: 100%;\n}\n<\/style>\n\t<\/div>\n\t\n\n\n\t\t<\/div>\n\t\t\t\t\t<\/div>\n\n\t\n\n\t<div id=\"col-2144423152\" class=\"col small-12 large-12\"  >\n\t\t\t\t<div class=\"col-inner\"  >\n\t\t\t\n\t\t\t\n\n<p style=\"text-align: center;\"><strong>Interested in learning more?<br \/>Complete the form to get the full paper.<\/strong><\/p>\n<p>Learn about the latest\u00a0<span data-text-color=\"alert\">Annex 1<\/span>\u00a0approach for\u00a0<span data-text-color=\"alert\">Cleanroom classification and monitoring<\/span>.<\/p>\n<p>Read about\u00a0<span data-text-color=\"alert\">ISO 14644-2 Cleanroom monitoring requirements<\/span>.<\/p>\n<p>Particle Measuring Systems (PMS) has complete\u00a0<span data-text-color=\"alert\">cleanroom classification<\/span>\u00a0and monitoring solutions for you including:<\/p>\n<ul>\n<li>Our\u00a0<span data-text-color=\"alert\">Contamination Control Advisory Services<\/span>\u00a0who can conduct a Risk Assessment for your pharmaceutical processes<\/li>\n<li><span data-text-color=\"alert\">PMS Cleanroom particle counters<\/span>\u00a0including\u00a0<span data-text-color=\"alert\">portable\/mobile<\/span>\u00a0and\u00a0<span data-text-color=\"alert\">fixed\/remote<\/span><\/li>\n<li><span data-text-color=\"alert\">Microbial Monitors<\/span>\u00a0including\u00a0<span data-text-color=\"alert\">portable\/mobile<\/span>,\u00a0<span data-text-color=\"alert\">fixed\/remote<\/span>, and\u00a0<span data-text-color=\"alert\">single use<\/span>.<\/li>\n<li><span data-text-color=\"alert\">Data management software<\/span>\u00a0from Particle Measuring Systems<\/li>\n<\/ul>\n<p>Particle Measuring Systems is direct in every major market and able to ensure the same ongoing support no matter where you are located.<\/p>\n\n\t\t<\/div>\n\t\t\t\t\t<\/div>\n\n\t\n\n\t<div id=\"col-341478802\" class=\"col medium-3 small-12 large-3\"  >\n\t\t\t\t<div class=\"col-inner\"  >\n\t\t\t\n\t\t\t\n\n\t<div class=\"img has-hover x md-x lg-x y md-y lg-y\" id=\"image_1183026161\">\n\t\t\t\t\t\t\t\t<div class=\"img-inner image-cover dark\" style=\"padding-top:100%;\">\n\t\t\t<img loading=\"lazy\" decoding=\"async\" width=\"300\" height=\"200\" src=\"https:\/\/techmaster.com.vn\/wp-content\/uploads\/2022\/11\/Daniele-Pandolfi.jpg\" class=\"attachment-large size-large\" alt=\"Sr. Daniele Pandolfi\" \/>\t\t\t\t\t\t\n\t\t\t\t\t<\/div>\n\t\t\t\t\t\t\t\t\n<style>\n#image_1183026161 {\n  width: 100%;\n}\n<\/style>\n\t<\/div>\n\t\n\n\n\t\t<\/div>\n\t\t\t\t\t<\/div>\n\n\t\n\n\t<div id=\"col-502921930\" class=\"col medium-6 small-12 large-6\"  >\n\t\t\t\t<div class=\"col-inner\"  >\n\t\t\t\n\t\t\t\n\n<h4 class=\"presenter-role\"><span style=\"color: #0d6d72;\">AUTHOR<\/span><\/h4>\n<h4 class=\"presenter-name\">Sr. Daniele Pandolfi<\/h4>\n<div class=\"presenter-position\">Gerente Global de Linha de Produtos, Software\/Sistemas\/Servi\u00e7os, Particle Measuring Systems, Inc.<\/div>\n<div class=\"presenter-bio\">\n<p>Daniele Pandolfi \u00e9 o Gerente Global de Linha de Produtos de Software\/Sistemas\/Servi\u00e7os da Particle Monitoring Systems, Inc. Com mais de 11 anos de experi\u00eancia em contador de part\u00edculas e controle de contamina\u00e7\u00e3o em salas limpas, ele se concentra em construir e manter relacionamentos fortes com os clientes. Ele ajudou muitos usu\u00e1rios de salas limpas a resolver seus problemas de cGMP.<\/p>\n<\/div>\n\n\t\t<\/div>\n\t\t\t\t\t<\/div>\n\n\t\n\n<\/div>\n\n\t\t<\/div>\n\n\t\t\n<style>\n#section_1812504128 {\n  padding-top: 30px;\n  padding-bottom: 30px;\n}\n#section_1812504128 .ux-shape-divider--top svg {\n  height: 150px;\n  --divider-top-width: 100%;\n}\n#section_1812504128 .ux-shape-divider--bottom svg {\n  height: 150px;\n  --divider-width: 100%;\n}\n<\/style>\n\t<\/section>\n\t\n\n","protected":false},"excerpt":{"rendered":"","protected":false},"author":11,"featured_media":43739,"parent":0,"menu_order":0,"comment_status":"closed","ping_status":"closed","template":"page-blank.php","meta":{"footnotes":""},"class_list":["post-43737","page","type-page","status-publish","has-post-thumbnail","hentry"],"yoast_head":"<!-- This site is optimized with the Yoast SEO Premium plugin v26.8 (Yoast SEO v26.8) - https:\/\/yoast.com\/product\/yoast-seo-premium-wordpress\/ -->\n<title>ISO 14644-1 Cleanroom Classification &amp; Monitoring - Techmaster Electronics JSC<\/title>\n<meta name=\"description\" content=\"The revised\u00a0ISO 14644-1:2015\u00a0has set new\u00a0cleanroom classification and monitoring\u00a0standards for cleanroom managers and manufacturers\" \/>\n<meta name=\"robots\" content=\"index, follow, max-snippet:-1, max-image-preview:large, max-video-preview:-1\" \/>\n<link rel=\"canonical\" href=\"https:\/\/techmaster.com.vn\/en\/iso-14644-1-cleanroom-classification-monitoring\/\" \/>\n<meta property=\"og:locale\" content=\"en_US\" \/>\n<meta property=\"og:type\" content=\"article\" \/>\n<meta property=\"og:title\" content=\"ISO 14644-1 Cleanroom Classification &amp; Monitoring\" \/>\n<meta property=\"og:description\" content=\"The revised\u00a0ISO 14644-1:2015\u00a0has set new\u00a0cleanroom classification and monitoring\u00a0standards for cleanroom managers and manufacturers\" \/>\n<meta property=\"og:url\" content=\"https:\/\/techmaster.com.vn\/en\/iso-14644-1-cleanroom-classification-monitoring\/\" \/>\n<meta property=\"og:site_name\" content=\"Techmaster Electronics JSC\" \/>\n<meta property=\"article:publisher\" content=\"https:\/\/www.facebook.com\/techmaster.electronics.jsc\" \/>\n<meta property=\"article:modified_time\" content=\"2022-11-18T08:02:10+00:00\" \/>\n<meta property=\"og:image\" content=\"https:\/\/techmaster.com.vn\/wp-content\/uploads\/2022\/11\/14644-1.png\" \/>\n\t<meta property=\"og:image:width\" content=\"691\" \/>\n\t<meta property=\"og:image:height\" content=\"294\" \/>\n\t<meta property=\"og:image:type\" content=\"image\/png\" \/>\n<meta name=\"twitter:card\" content=\"summary_large_image\" \/>\n<meta name=\"twitter:site\" content=\"@techmastervn\" \/>\n<meta name=\"twitter:label1\" content=\"Est. reading time\" \/>\n\t<meta name=\"twitter:data1\" content=\"2 minutes\" \/>\n<script type=\"application\/ld+json\" class=\"yoast-schema-graph\">{\"@context\":\"https:\/\/schema.org\",\"@graph\":[{\"@type\":\"WebPage\",\"@id\":\"https:\/\/techmaster.com.vn\/en\/iso-14644-1-cleanroom-classification-monitoring\/\",\"url\":\"https:\/\/techmaster.com.vn\/en\/iso-14644-1-cleanroom-classification-monitoring\/\",\"name\":\"ISO 14644-1 Cleanroom Classification & Monitoring - Techmaster Electronics JSC\",\"isPartOf\":{\"@id\":\"https:\/\/techmaster.com.vn\/en\/#website\"},\"primaryImageOfPage\":{\"@id\":\"https:\/\/techmaster.com.vn\/en\/iso-14644-1-cleanroom-classification-monitoring\/#primaryimage\"},\"image\":{\"@id\":\"https:\/\/techmaster.com.vn\/en\/iso-14644-1-cleanroom-classification-monitoring\/#primaryimage\"},\"thumbnailUrl\":\"https:\/\/techmaster.com.vn\/wp-content\/uploads\/2022\/11\/14644-1.png\",\"datePublished\":\"2022-11-18T07:58:56+00:00\",\"dateModified\":\"2022-11-18T08:02:10+00:00\",\"description\":\"The revised\u00a0ISO 14644-1:2015\u00a0has set new\u00a0cleanroom classification and monitoring\u00a0standards for cleanroom managers and manufacturers\",\"breadcrumb\":{\"@id\":\"https:\/\/techmaster.com.vn\/en\/iso-14644-1-cleanroom-classification-monitoring\/#breadcrumb\"},\"inLanguage\":\"en-US\",\"potentialAction\":[{\"@type\":\"ReadAction\",\"target\":[\"https:\/\/techmaster.com.vn\/en\/iso-14644-1-cleanroom-classification-monitoring\/\"]}]},{\"@type\":\"ImageObject\",\"inLanguage\":\"en-US\",\"@id\":\"https:\/\/techmaster.com.vn\/en\/iso-14644-1-cleanroom-classification-monitoring\/#primaryimage\",\"url\":\"https:\/\/techmaster.com.vn\/wp-content\/uploads\/2022\/11\/14644-1.png\",\"contentUrl\":\"https:\/\/techmaster.com.vn\/wp-content\/uploads\/2022\/11\/14644-1.png\",\"width\":691,\"height\":294,\"caption\":\"ISO 14644-1 Cleanroom Classification & Monitoring\"},{\"@type\":\"BreadcrumbList\",\"@id\":\"https:\/\/techmaster.com.vn\/en\/iso-14644-1-cleanroom-classification-monitoring\/#breadcrumb\",\"itemListElement\":[{\"@type\":\"ListItem\",\"position\":1,\"name\":\"Trang ch\u1ee7\",\"item\":\"https:\/\/techmaster.com.vn\/en\/\"},{\"@type\":\"ListItem\",\"position\":2,\"name\":\"ISO 14644-1 Cleanroom Classification &#038; Monitoring\"}]},{\"@type\":\"WebSite\",\"@id\":\"https:\/\/techmaster.com.vn\/en\/#website\",\"url\":\"https:\/\/techmaster.com.vn\/en\/\",\"name\":\"Techmaster Electronics JSC\",\"description\":\"\",\"publisher\":{\"@id\":\"https:\/\/techmaster.com.vn\/en\/#organization\"},\"potentialAction\":[{\"@type\":\"SearchAction\",\"target\":{\"@type\":\"EntryPoint\",\"urlTemplate\":\"https:\/\/techmaster.com.vn\/en\/?s={search_term_string}\"},\"query-input\":{\"@type\":\"PropertyValueSpecification\",\"valueRequired\":true,\"valueName\":\"search_term_string\"}}],\"inLanguage\":\"en-US\"},{\"@type\":[\"Organization\",\"Place\"],\"@id\":\"https:\/\/techmaster.com.vn\/en\/#organization\",\"name\":\"Techmaster Electronics JSC\",\"url\":\"https:\/\/techmaster.com.vn\/en\/\",\"logo\":{\"@id\":\"https:\/\/techmaster.com.vn\/en\/iso-14644-1-cleanroom-classification-monitoring\/#local-main-organization-logo\"},\"image\":{\"@id\":\"https:\/\/techmaster.com.vn\/en\/iso-14644-1-cleanroom-classification-monitoring\/#local-main-organization-logo\"},\"sameAs\":[\"https:\/\/www.facebook.com\/techmaster.electronics.jsc\",\"https:\/\/x.com\/techmastervn\",\"https:\/\/www.instagram.com\/techmastervietnam\",\"https:\/\/myspace.com\/techmastervietnam\",\"https:\/\/www.youtube.com\/c\/TechmasterElectronicsJSC\",\"https:\/\/www.pinterest.com\/techmasterelectronicsjsc\/\",\"https:\/\/vi.wikipedia.org\/wiki\/Th\u00e0nh_vi\u00ean:Techmastervietnam\",\"https:\/\/twitter.com\/techmastervn\",\"https:\/\/www.linkedin.com\/company\/techmaster-vietnam\/\"],\"telephone\":[],\"contactPoint\":{\"@type\":\"ContactPoint\",\"email\":\"marketing@techmaster.com.vn\"},\"openingHoursSpecification\":[{\"@type\":\"OpeningHoursSpecification\",\"dayOfWeek\":[\"Monday\",\"Tuesday\",\"Wednesday\",\"Thursday\",\"Friday\",\"Saturday\",\"Sunday\"],\"opens\":\"09:00\",\"closes\":\"17:00\"}],\"email\":\"marketing@techmaster.com.vn\",\"areaServed\":\"Vietnam\"},{\"@type\":\"ImageObject\",\"inLanguage\":\"en-US\",\"@id\":\"https:\/\/techmaster.com.vn\/en\/iso-14644-1-cleanroom-classification-monitoring\/#local-main-organization-logo\",\"url\":\"https:\/\/techmaster.com.vn\/wp-content\/uploads\/2021\/04\/techmaster-logo-homepage.png\",\"contentUrl\":\"https:\/\/techmaster.com.vn\/wp-content\/uploads\/2021\/04\/techmaster-logo-homepage.png\",\"width\":335,\"height\":62,\"caption\":\"Techmaster Electronics JSC\"}]}<\/script>\n<!-- \/ Yoast SEO Premium plugin. -->","yoast_head_json":{"title":"ISO 14644-1 Cleanroom Classification & Monitoring - Techmaster Electronics JSC","description":"The revised\u00a0ISO 14644-1:2015\u00a0has set new\u00a0cleanroom classification and monitoring\u00a0standards for cleanroom managers and manufacturers","robots":{"index":"index","follow":"follow","max-snippet":"max-snippet:-1","max-image-preview":"max-image-preview:large","max-video-preview":"max-video-preview:-1"},"canonical":"https:\/\/techmaster.com.vn\/en\/iso-14644-1-cleanroom-classification-monitoring\/","og_locale":"en_US","og_type":"article","og_title":"ISO 14644-1 Cleanroom Classification & Monitoring","og_description":"The revised\u00a0ISO 14644-1:2015\u00a0has set new\u00a0cleanroom classification and monitoring\u00a0standards for cleanroom managers and manufacturers","og_url":"https:\/\/techmaster.com.vn\/en\/iso-14644-1-cleanroom-classification-monitoring\/","og_site_name":"Techmaster Electronics JSC","article_publisher":"https:\/\/www.facebook.com\/techmaster.electronics.jsc","article_modified_time":"2022-11-18T08:02:10+00:00","og_image":[{"width":691,"height":294,"url":"https:\/\/techmaster.com.vn\/wp-content\/uploads\/2022\/11\/14644-1.png","type":"image\/png"}],"twitter_card":"summary_large_image","twitter_site":"@techmastervn","twitter_misc":{"Est. reading time":"2 minutes"},"schema":{"@context":"https:\/\/schema.org","@graph":[{"@type":"WebPage","@id":"https:\/\/techmaster.com.vn\/en\/iso-14644-1-cleanroom-classification-monitoring\/","url":"https:\/\/techmaster.com.vn\/en\/iso-14644-1-cleanroom-classification-monitoring\/","name":"ISO 14644-1 Cleanroom Classification & Monitoring - Techmaster Electronics JSC","isPartOf":{"@id":"https:\/\/techmaster.com.vn\/en\/#website"},"primaryImageOfPage":{"@id":"https:\/\/techmaster.com.vn\/en\/iso-14644-1-cleanroom-classification-monitoring\/#primaryimage"},"image":{"@id":"https:\/\/techmaster.com.vn\/en\/iso-14644-1-cleanroom-classification-monitoring\/#primaryimage"},"thumbnailUrl":"https:\/\/techmaster.com.vn\/wp-content\/uploads\/2022\/11\/14644-1.png","datePublished":"2022-11-18T07:58:56+00:00","dateModified":"2022-11-18T08:02:10+00:00","description":"The revised\u00a0ISO 14644-1:2015\u00a0has set new\u00a0cleanroom classification and monitoring\u00a0standards for cleanroom managers and manufacturers","breadcrumb":{"@id":"https:\/\/techmaster.com.vn\/en\/iso-14644-1-cleanroom-classification-monitoring\/#breadcrumb"},"inLanguage":"en-US","potentialAction":[{"@type":"ReadAction","target":["https:\/\/techmaster.com.vn\/en\/iso-14644-1-cleanroom-classification-monitoring\/"]}]},{"@type":"ImageObject","inLanguage":"en-US","@id":"https:\/\/techmaster.com.vn\/en\/iso-14644-1-cleanroom-classification-monitoring\/#primaryimage","url":"https:\/\/techmaster.com.vn\/wp-content\/uploads\/2022\/11\/14644-1.png","contentUrl":"https:\/\/techmaster.com.vn\/wp-content\/uploads\/2022\/11\/14644-1.png","width":691,"height":294,"caption":"ISO 14644-1 Cleanroom Classification & Monitoring"},{"@type":"BreadcrumbList","@id":"https:\/\/techmaster.com.vn\/en\/iso-14644-1-cleanroom-classification-monitoring\/#breadcrumb","itemListElement":[{"@type":"ListItem","position":1,"name":"Trang ch\u1ee7","item":"https:\/\/techmaster.com.vn\/en\/"},{"@type":"ListItem","position":2,"name":"ISO 14644-1 Cleanroom Classification &#038; Monitoring"}]},{"@type":"WebSite","@id":"https:\/\/techmaster.com.vn\/en\/#website","url":"https:\/\/techmaster.com.vn\/en\/","name":"Techmaster Electronics JSC","description":"","publisher":{"@id":"https:\/\/techmaster.com.vn\/en\/#organization"},"potentialAction":[{"@type":"SearchAction","target":{"@type":"EntryPoint","urlTemplate":"https:\/\/techmaster.com.vn\/en\/?s={search_term_string}"},"query-input":{"@type":"PropertyValueSpecification","valueRequired":true,"valueName":"search_term_string"}}],"inLanguage":"en-US"},{"@type":["Organization","Place"],"@id":"https:\/\/techmaster.com.vn\/en\/#organization","name":"Techmaster Electronics JSC","url":"https:\/\/techmaster.com.vn\/en\/","logo":{"@id":"https:\/\/techmaster.com.vn\/en\/iso-14644-1-cleanroom-classification-monitoring\/#local-main-organization-logo"},"image":{"@id":"https:\/\/techmaster.com.vn\/en\/iso-14644-1-cleanroom-classification-monitoring\/#local-main-organization-logo"},"sameAs":["https:\/\/www.facebook.com\/techmaster.electronics.jsc","https:\/\/x.com\/techmastervn","https:\/\/www.instagram.com\/techmastervietnam","https:\/\/myspace.com\/techmastervietnam","https:\/\/www.youtube.com\/c\/TechmasterElectronicsJSC","https:\/\/www.pinterest.com\/techmasterelectronicsjsc\/","https:\/\/vi.wikipedia.org\/wiki\/Th\u00e0nh_vi\u00ean:Techmastervietnam","https:\/\/twitter.com\/techmastervn","https:\/\/www.linkedin.com\/company\/techmaster-vietnam\/"],"telephone":[],"contactPoint":{"@type":"ContactPoint","email":"marketing@techmaster.com.vn"},"openingHoursSpecification":[{"@type":"OpeningHoursSpecification","dayOfWeek":["Monday","Tuesday","Wednesday","Thursday","Friday","Saturday","Sunday"],"opens":"09:00","closes":"17:00"}],"email":"marketing@techmaster.com.vn","areaServed":"Vietnam"},{"@type":"ImageObject","inLanguage":"en-US","@id":"https:\/\/techmaster.com.vn\/en\/iso-14644-1-cleanroom-classification-monitoring\/#local-main-organization-logo","url":"https:\/\/techmaster.com.vn\/wp-content\/uploads\/2021\/04\/techmaster-logo-homepage.png","contentUrl":"https:\/\/techmaster.com.vn\/wp-content\/uploads\/2021\/04\/techmaster-logo-homepage.png","width":335,"height":62,"caption":"Techmaster Electronics JSC"}]}},"_links":{"self":[{"href":"https:\/\/techmaster.com.vn\/en\/wp-json\/wp\/v2\/pages\/43737","targetHints":{"allow":["GET"]}}],"collection":[{"href":"https:\/\/techmaster.com.vn\/en\/wp-json\/wp\/v2\/pages"}],"about":[{"href":"https:\/\/techmaster.com.vn\/en\/wp-json\/wp\/v2\/types\/page"}],"author":[{"embeddable":true,"href":"https:\/\/techmaster.com.vn\/en\/wp-json\/wp\/v2\/users\/11"}],"replies":[{"embeddable":true,"href":"https:\/\/techmaster.com.vn\/en\/wp-json\/wp\/v2\/comments?post=43737"}],"version-history":[{"count":0,"href":"https:\/\/techmaster.com.vn\/en\/wp-json\/wp\/v2\/pages\/43737\/revisions"}],"wp:featuredmedia":[{"embeddable":true,"href":"https:\/\/techmaster.com.vn\/en\/wp-json\/wp\/v2\/media\/43739"}],"wp:attachment":[{"href":"https:\/\/techmaster.com.vn\/en\/wp-json\/wp\/v2\/media?parent=43737"}],"curies":[{"name":"wp","href":"https:\/\/api.w.org\/{rel}","templated":true}]}}