{"id":43605,"date":"2022-11-17T15:40:55","date_gmt":"2022-11-17T08:40:55","guid":{"rendered":"https:\/\/techmaster.com.vn\/?page_id=43605"},"modified":"2022-11-26T09:39:46","modified_gmt":"2022-11-26T02:39:46","slug":"compressed-gas-environmental-monitoring","status":"publish","type":"page","link":"https:\/\/techmaster.com.vn\/en\/compressed-gas-environmental-monitoring\/","title":{"rendered":"Compressed Gas Environmental Monitoring"},"content":{"rendered":"\n\t<section class=\"section\" id=\"section_13970476\">\n\t\t<div class=\"bg section-bg fill bg-fill  \" >\n\n\t\t\t\n\t\t\t\n\t\t\t\n\n\t\t<\/div>\n\n\t\t\n\n\t\t<div class=\"section-content relative\">\n\t\t\t\n\n<div class=\"row\"  id=\"row-1099892885\">\n\n\n\t<div id=\"col-501682268\" class=\"col small-12 large-12\"  >\n\t\t\t\t<div class=\"col-inner\"  >\n\t\t\t\n\t\t\t\n\n\t<div id=\"text-2937152038\" class=\"text\">\n\t\t\n\n<h2 class=\"banner-title\" style=\"text-align: left;\"><span style=\"font-size: 110%;\">On Demand Webinar<\/span><\/h2>\n\t\t\n<style>\n#text-2937152038 {\n  font-size: 1.6rem;\n  line-height: 1.2;\n  color: rgb(255,255,255);\n}\n#text-2937152038 > * {\n  color: rgb(255,255,255);\n}\n<\/style>\n\t<\/div>\n\t\n\n\t\t<\/div>\n\t\t\t\t\n<style>\n#col-501682268 > .col-inner {\n  padding: 0px 0px 0px 40px;\n  margin: -12px 0px -55px 0px;\n}\n<\/style>\n\t<\/div>\n\n\t\n\n<\/div>\n\n\t\t<\/div>\n\n\t\t\n<style>\n#section_13970476 {\n  padding-top: 30px;\n  padding-bottom: 30px;\n}\n#section_13970476 .section-bg.bg-loaded {\n  background-image: url(https:\/\/techmaster.com.vn\/wp-content\/uploads\/2022\/11\/banner-webinars.png);\n}\n#section_13970476 .ux-shape-divider--top svg {\n  height: 150px;\n  --divider-top-width: 100%;\n}\n#section_13970476 .ux-shape-divider--bottom svg {\n  height: 150px;\n  --divider-width: 100%;\n}\n<\/style>\n\t<\/section>\n\t\n\t<section class=\"section\" id=\"section_1597853917\">\n\t\t<div class=\"bg section-bg fill bg-fill  bg-loaded\" >\n\n\t\t\t\n\t\t\t\n\t\t\t\n\n\t\t<\/div>\n\n\t\t\n\n\t\t<div class=\"section-content relative\">\n\t\t\t\n\n<div class=\"row\"  id=\"row-561886748\">\n\n\n\t<div id=\"col-1497521275\" class=\"col medium-8 small-12 large-8\"  >\n\t\t\t\t<div class=\"col-inner\"  >\n\t\t\t\n\t\t\t\n\n<article class=\"post-687 webinar type-webinar status-publish entry\" aria-label=\"Compressed Gas Environmental Monitoring: Particles and Microbials\">\n<div class=\"entry-content\">\n<div class=\"webinar-description\">\n<h2><span data-text-color=\"alert\">Effective Compressed Gas Environmental Monitoring: Particles and Microbials<\/span><\/h2>\n<p>Control of the environment in which pharmaceutical products are manufactured is a key element of Good Manufacturing Practices (GMP). Environmental monitoring of particles and microorganisms in manufacturing cleanrooms, Restricted-Access Barrier Systems (RABS), and isolators consists of clearly defined components.<\/p>\n<p>Absence of particle and microbial (VNV) contamination is considered a critical quality attribute due to its potential to dramatically impact, directly or indirectly, the safety and\/or the efficacy of the drug product. Moreover, compressed gases can be viewed as critical utilities in pharmaceutical Industry when either in direct product contact or directly entered into the clean room environment.<\/p>\n<p>This on-demand webinar covers regulatory guidelines as well as providing practical solutions for compressed gas environmental monitoring.<\/p>\n<h3 style=\"text-align: center;\"><strong>COMPLETE THE FORM\u00a0 TO WATCH THIS ON-DEMAND WEBINAR<\/strong><\/h3>\n<p style=\"text-align: center;\"><em><strong><span data-text-color=\"alert\">Get the Questions and Answers from this webinar.<\/span>\u00a0<\/strong><\/em><\/p>\n<p>Ready to start monitoring your compressed gases? Particle Measuring Systems has a variety of solutions for both\u00a0<span data-text-color=\"alert\">particle<\/span>\u00a0and\u00a0<span data-text-color=\"alert\">microbial monitoring<\/span>.\u00a0<span data-text-color=\"alert\">Learn more here.<\/span>\u00a0<\/p>\n<\/div>\n<\/div>\n<\/article>\n\n\t\t<\/div>\n\t\t\t\t\t<\/div>\n\n\t\n\n\t<div id=\"col-1338128743\" class=\"col medium-4 small-12 large-4\"  >\n\t\t\t\t<div class=\"col-inner\"  >\n\t\t\t\n\t\t\t\n\n\t<div class=\"img has-hover x md-x lg-x y md-y lg-y\" id=\"image_47885952\">\n\t\t\t\t\t\t\t\t<div class=\"img-inner dark\" >\n\t\t\t<img loading=\"lazy\" decoding=\"async\" width=\"304\" height=\"400\" src=\"https:\/\/techmaster.com.vn\/wp-content\/uploads\/2022\/11\/MM-with-CG-Kit-304x400-1.png\" class=\"attachment-large size-large\" alt=\"MM with CG Kit\" \/>\t\t\t\t\t\t\n\t\t\t\t\t<\/div>\n\t\t\t\t\t\t\t\t\n<style>\n#image_47885952 {\n  width: 90%;\n}\n<\/style>\n\t<\/div>\n\t\n\n\n\t\t<\/div>\n\t\t\t\t\t<\/div>\n\n\t\n\n\t<div id=\"col-1102050529\" class=\"col medium-3 small-12 large-3\"  >\n\t\t\t\t<div class=\"col-inner\"  >\n\t\t\t\n\t\t\t\n\n\t<div class=\"img has-hover x md-x lg-x y md-y lg-y\" id=\"image_1429884657\">\n\t\t\t\t\t\t\t\t<div class=\"img-inner dark\" >\n\t\t\t<img loading=\"lazy\" decoding=\"async\" width=\"181\" height=\"191\" src=\"https:\/\/techmaster.com.vn\/wp-content\/uploads\/2022\/11\/Frank-Panofen.jpeg\" class=\"attachment-large size-large\" alt=\"Dr. Frank Panofen\" \/>\t\t\t\t\t\t\n\t\t\t\t\t<\/div>\n\t\t\t\t\t\t\t\t\n<style>\n#image_1429884657 {\n  width: 80%;\n}\n<\/style>\n\t<\/div>\n\t\n\n\n\t\t<\/div>\n\t\t\t\t\t<\/div>\n\n\t\n\n\t<div id=\"col-1484616936\" class=\"col medium-9 small-12 large-9\"  >\n\t\t\t\t<div class=\"col-inner\"  >\n\t\t\t\n\t\t\t\n\n<div class=\"presenter-role\"><span style=\"color: #0d6d72;\">PRESENTER<\/span><\/div>\n<h4 class=\"presenter-name\"><span data-text-color=\"alert\"><strong>Dr. Frank Panofen<\/strong><\/span><\/h4>\n<div class=\"presenter-position\"><em>PhD, Life Science Division, Product Line Manager Microbials, Particle Measuring Systems<\/em><\/div>\n<div class=\"presenter-position\"><span style=\"color: #555555; font-size: 14.4px;\">Dr. Panofen has a Diploma in Chemistry from the University of Bielefeld and a PhD in molecular and cell biology from the University of Osnabr\u00fcck. He has expansive experience in the field of applied pharmaceutical microbiology and serves as the Sterility Assurance\/Microbiology Product Line Manager at Particle Measuring Systems. Frank has been an invited speaker at international conferences including ECA and PDA, with a strong regulatory background in pharmaceuticals. He is a certified Microbiological Laboratory Manager from ECA.<\/span><\/div>\n\n\t\t<\/div>\n\t\t\t\t\t<\/div>\n\n\t\n\n\t<div id=\"col-1091882752\" class=\"col medium-3 small-12 large-3\"  >\n\t\t\t\t<div class=\"col-inner\"  >\n\t\t\t\n\t\t\t\n\n\t<div class=\"img has-hover x md-x lg-x y md-y lg-y\" id=\"image_1639954358\">\n\t\t\t\t\t\t\t\t<div class=\"img-inner image-cover dark\" style=\"padding-top:100%;\">\n\t\t\t<img loading=\"lazy\" decoding=\"async\" width=\"300\" height=\"200\" src=\"https:\/\/techmaster.com.vn\/wp-content\/uploads\/2022\/11\/Daniele-Pandolfi.jpg\" class=\"attachment-large size-large\" alt=\"\" \/>\t\t\t\t\t\t\n\t\t\t\t\t<\/div>\n\t\t\t\t\t\t\t\t\n<style>\n#image_1639954358 {\n  width: 79%;\n}\n<\/style>\n\t<\/div>\n\t\n\n\n\t\t<\/div>\n\t\t\t\t\t<\/div>\n\n\t\n\n\t<div id=\"col-364478433\" class=\"col medium-9 small-12 large-9\"  >\n\t\t\t\t<div class=\"col-inner\"  >\n\t\t\t\n\t\t\t\n\n<div class=\"presenter-role\"><span style=\"color: #0d6d72;\">PRESENTER<\/span><\/div>\n<h4 class=\"presenter-name\"><span data-text-color=\"alert\"><strong>Sr. Daniele Pandolfi<\/strong><\/span><\/h4>\n<div class=\"presenter-position\"><em>Gerente Global de Linha de Produtos, Software\/Sistemas\/Servi\u00e7os, Particle Measuring Systems, Inc.<\/em><\/div>\n<div class=\"presenter-bio\">\n<p>Daniele Pandolfi \u00e9 o Gerente Global de Linha de Produtos de Software\/Sistemas\/Servi\u00e7os da Particle Monitoring Systems, Inc. Com mais de 11 anos de experi\u00eancia em contador de part\u00edculas e controle de contamina\u00e7\u00e3o em salas limpas, ele se concentra em construir e manter relacionamentos fortes com os clientes. Ele ajudou muitos usu\u00e1rios de salas limpas a resolver seus problemas de cGMP.<\/p>\n<\/div>\n\n\t\t<\/div>\n\t\t\t\t\t<\/div>\n\n\t\n\n<\/div>\n\n\t\t<\/div>\n\n\t\t\n<style>\n#section_1597853917 {\n  padding-top: 30px;\n  padding-bottom: 30px;\n}\n#section_1597853917 .ux-shape-divider--top svg {\n  height: 150px;\n  --divider-top-width: 100%;\n}\n#section_1597853917 .ux-shape-divider--bottom svg {\n  height: 150px;\n  --divider-width: 100%;\n}\n<\/style>\n\t<\/section>\n\t\n\n","protected":false},"excerpt":{"rendered":"","protected":false},"author":11,"featured_media":43607,"parent":0,"menu_order":0,"comment_status":"closed","ping_status":"closed","template":"page-blank.php","meta":{"footnotes":""},"class_list":["post-43605","page","type-page","status-publish","has-post-thumbnail","hentry"],"yoast_head":"<!-- This site is optimized with the Yoast SEO Premium plugin v26.8 (Yoast SEO v26.8) - https:\/\/yoast.com\/product\/yoast-seo-premium-wordpress\/ -->\n<title>Compressed Gas Environmental Monitoring - Techmaster Electronics JSC<\/title>\n<meta name=\"description\" content=\"Effective Compressed Gas Environmental Monitoring: Particles and Microbials Control of the environment in which pharmaceutical products are manufactured\" \/>\n<meta name=\"robots\" content=\"index, follow, max-snippet:-1, max-image-preview:large, max-video-preview:-1\" \/>\n<link rel=\"canonical\" href=\"https:\/\/techmaster.com.vn\/en\/compressed-gas-environmental-monitoring\/\" \/>\n<meta property=\"og:locale\" content=\"en_US\" \/>\n<meta property=\"og:type\" content=\"article\" \/>\n<meta property=\"og:title\" content=\"Compressed Gas Environmental Monitoring\" \/>\n<meta property=\"og:description\" content=\"Effective Compressed Gas Environmental Monitoring: Particles and Microbials Control of the environment in which pharmaceutical products are manufactured\" \/>\n<meta property=\"og:url\" content=\"https:\/\/techmaster.com.vn\/en\/compressed-gas-environmental-monitoring\/\" \/>\n<meta property=\"og:site_name\" content=\"Techmaster Electronics JSC\" \/>\n<meta property=\"article:publisher\" content=\"https:\/\/www.facebook.com\/techmaster.electronics.jsc\" \/>\n<meta property=\"article:modified_time\" content=\"2022-11-26T02:39:46+00:00\" \/>\n<meta property=\"og:image\" content=\"https:\/\/techmaster.com.vn\/wp-content\/uploads\/2022\/11\/MM-with-CG-Kit-304x400-1.png\" \/>\n\t<meta property=\"og:image:width\" content=\"304\" \/>\n\t<meta property=\"og:image:height\" content=\"400\" \/>\n\t<meta property=\"og:image:type\" content=\"image\/png\" \/>\n<meta name=\"twitter:card\" content=\"summary_large_image\" \/>\n<meta name=\"twitter:site\" content=\"@techmastervn\" \/>\n<meta name=\"twitter:label1\" content=\"Est. reading time\" \/>\n\t<meta name=\"twitter:data1\" content=\"2 minutes\" \/>\n<script type=\"application\/ld+json\" class=\"yoast-schema-graph\">{\"@context\":\"https:\/\/schema.org\",\"@graph\":[{\"@type\":\"WebPage\",\"@id\":\"https:\/\/techmaster.com.vn\/en\/compressed-gas-environmental-monitoring\/\",\"url\":\"https:\/\/techmaster.com.vn\/en\/compressed-gas-environmental-monitoring\/\",\"name\":\"Compressed Gas Environmental Monitoring - Techmaster Electronics JSC\",\"isPartOf\":{\"@id\":\"https:\/\/techmaster.com.vn\/en\/#website\"},\"primaryImageOfPage\":{\"@id\":\"https:\/\/techmaster.com.vn\/en\/compressed-gas-environmental-monitoring\/#primaryimage\"},\"image\":{\"@id\":\"https:\/\/techmaster.com.vn\/en\/compressed-gas-environmental-monitoring\/#primaryimage\"},\"thumbnailUrl\":\"https:\/\/techmaster.com.vn\/wp-content\/uploads\/2022\/11\/MM-with-CG-Kit-304x400-1.png\",\"datePublished\":\"2022-11-17T08:40:55+00:00\",\"dateModified\":\"2022-11-26T02:39:46+00:00\",\"description\":\"Effective Compressed Gas Environmental Monitoring: Particles and Microbials Control of the environment in which pharmaceutical products are manufactured\",\"breadcrumb\":{\"@id\":\"https:\/\/techmaster.com.vn\/en\/compressed-gas-environmental-monitoring\/#breadcrumb\"},\"inLanguage\":\"en-US\",\"potentialAction\":[{\"@type\":\"ReadAction\",\"target\":[\"https:\/\/techmaster.com.vn\/en\/compressed-gas-environmental-monitoring\/\"]}]},{\"@type\":\"ImageObject\",\"inLanguage\":\"en-US\",\"@id\":\"https:\/\/techmaster.com.vn\/en\/compressed-gas-environmental-monitoring\/#primaryimage\",\"url\":\"https:\/\/techmaster.com.vn\/wp-content\/uploads\/2022\/11\/MM-with-CG-Kit-304x400-1.png\",\"contentUrl\":\"https:\/\/techmaster.com.vn\/wp-content\/uploads\/2022\/11\/MM-with-CG-Kit-304x400-1.png\",\"width\":304,\"height\":400,\"caption\":\"MM with CG Kit\"},{\"@type\":\"BreadcrumbList\",\"@id\":\"https:\/\/techmaster.com.vn\/en\/compressed-gas-environmental-monitoring\/#breadcrumb\",\"itemListElement\":[{\"@type\":\"ListItem\",\"position\":1,\"name\":\"Trang ch\u1ee7\",\"item\":\"https:\/\/techmaster.com.vn\/en\/\"},{\"@type\":\"ListItem\",\"position\":2,\"name\":\"Compressed Gas Environmental Monitoring\"}]},{\"@type\":\"WebSite\",\"@id\":\"https:\/\/techmaster.com.vn\/en\/#website\",\"url\":\"https:\/\/techmaster.com.vn\/en\/\",\"name\":\"Techmaster Electronics JSC\",\"description\":\"\",\"publisher\":{\"@id\":\"https:\/\/techmaster.com.vn\/en\/#organization\"},\"potentialAction\":[{\"@type\":\"SearchAction\",\"target\":{\"@type\":\"EntryPoint\",\"urlTemplate\":\"https:\/\/techmaster.com.vn\/en\/?s={search_term_string}\"},\"query-input\":{\"@type\":\"PropertyValueSpecification\",\"valueRequired\":true,\"valueName\":\"search_term_string\"}}],\"inLanguage\":\"en-US\"},{\"@type\":[\"Organization\",\"Place\"],\"@id\":\"https:\/\/techmaster.com.vn\/en\/#organization\",\"name\":\"Techmaster Electronics JSC\",\"url\":\"https:\/\/techmaster.com.vn\/en\/\",\"logo\":{\"@id\":\"https:\/\/techmaster.com.vn\/en\/compressed-gas-environmental-monitoring\/#local-main-organization-logo\"},\"image\":{\"@id\":\"https:\/\/techmaster.com.vn\/en\/compressed-gas-environmental-monitoring\/#local-main-organization-logo\"},\"sameAs\":[\"https:\/\/www.facebook.com\/techmaster.electronics.jsc\",\"https:\/\/x.com\/techmastervn\",\"https:\/\/www.instagram.com\/techmastervietnam\",\"https:\/\/myspace.com\/techmastervietnam\",\"https:\/\/www.youtube.com\/c\/TechmasterElectronicsJSC\",\"https:\/\/www.pinterest.com\/techmasterelectronicsjsc\/\",\"https:\/\/vi.wikipedia.org\/wiki\/Th\u00e0nh_vi\u00ean:Techmastervietnam\",\"https:\/\/twitter.com\/techmastervn\",\"https:\/\/www.linkedin.com\/company\/techmaster-vietnam\/\"],\"telephone\":[],\"contactPoint\":{\"@type\":\"ContactPoint\",\"email\":\"marketing@techmaster.com.vn\"},\"openingHoursSpecification\":[{\"@type\":\"OpeningHoursSpecification\",\"dayOfWeek\":[\"Monday\",\"Tuesday\",\"Wednesday\",\"Thursday\",\"Friday\",\"Saturday\",\"Sunday\"],\"opens\":\"09:00\",\"closes\":\"17:00\"}],\"email\":\"marketing@techmaster.com.vn\",\"areaServed\":\"Vietnam\"},{\"@type\":\"ImageObject\",\"inLanguage\":\"en-US\",\"@id\":\"https:\/\/techmaster.com.vn\/en\/compressed-gas-environmental-monitoring\/#local-main-organization-logo\",\"url\":\"https:\/\/techmaster.com.vn\/wp-content\/uploads\/2021\/04\/techmaster-logo-homepage.png\",\"contentUrl\":\"https:\/\/techmaster.com.vn\/wp-content\/uploads\/2021\/04\/techmaster-logo-homepage.png\",\"width\":335,\"height\":62,\"caption\":\"Techmaster Electronics JSC\"}]}<\/script>\n<!-- \/ Yoast SEO Premium plugin. -->","yoast_head_json":{"title":"Compressed Gas Environmental Monitoring - Techmaster Electronics JSC","description":"Effective Compressed Gas Environmental Monitoring: Particles and Microbials Control of the environment in which pharmaceutical products are manufactured","robots":{"index":"index","follow":"follow","max-snippet":"max-snippet:-1","max-image-preview":"max-image-preview:large","max-video-preview":"max-video-preview:-1"},"canonical":"https:\/\/techmaster.com.vn\/en\/compressed-gas-environmental-monitoring\/","og_locale":"en_US","og_type":"article","og_title":"Compressed Gas Environmental Monitoring","og_description":"Effective Compressed Gas Environmental Monitoring: Particles and Microbials Control of the environment in which pharmaceutical products are manufactured","og_url":"https:\/\/techmaster.com.vn\/en\/compressed-gas-environmental-monitoring\/","og_site_name":"Techmaster Electronics JSC","article_publisher":"https:\/\/www.facebook.com\/techmaster.electronics.jsc","article_modified_time":"2022-11-26T02:39:46+00:00","og_image":[{"width":304,"height":400,"url":"https:\/\/techmaster.com.vn\/wp-content\/uploads\/2022\/11\/MM-with-CG-Kit-304x400-1.png","type":"image\/png"}],"twitter_card":"summary_large_image","twitter_site":"@techmastervn","twitter_misc":{"Est. reading time":"2 minutes"},"schema":{"@context":"https:\/\/schema.org","@graph":[{"@type":"WebPage","@id":"https:\/\/techmaster.com.vn\/en\/compressed-gas-environmental-monitoring\/","url":"https:\/\/techmaster.com.vn\/en\/compressed-gas-environmental-monitoring\/","name":"Compressed Gas Environmental Monitoring - Techmaster Electronics JSC","isPartOf":{"@id":"https:\/\/techmaster.com.vn\/en\/#website"},"primaryImageOfPage":{"@id":"https:\/\/techmaster.com.vn\/en\/compressed-gas-environmental-monitoring\/#primaryimage"},"image":{"@id":"https:\/\/techmaster.com.vn\/en\/compressed-gas-environmental-monitoring\/#primaryimage"},"thumbnailUrl":"https:\/\/techmaster.com.vn\/wp-content\/uploads\/2022\/11\/MM-with-CG-Kit-304x400-1.png","datePublished":"2022-11-17T08:40:55+00:00","dateModified":"2022-11-26T02:39:46+00:00","description":"Effective Compressed Gas Environmental Monitoring: Particles and Microbials Control of the environment in which pharmaceutical products are manufactured","breadcrumb":{"@id":"https:\/\/techmaster.com.vn\/en\/compressed-gas-environmental-monitoring\/#breadcrumb"},"inLanguage":"en-US","potentialAction":[{"@type":"ReadAction","target":["https:\/\/techmaster.com.vn\/en\/compressed-gas-environmental-monitoring\/"]}]},{"@type":"ImageObject","inLanguage":"en-US","@id":"https:\/\/techmaster.com.vn\/en\/compressed-gas-environmental-monitoring\/#primaryimage","url":"https:\/\/techmaster.com.vn\/wp-content\/uploads\/2022\/11\/MM-with-CG-Kit-304x400-1.png","contentUrl":"https:\/\/techmaster.com.vn\/wp-content\/uploads\/2022\/11\/MM-with-CG-Kit-304x400-1.png","width":304,"height":400,"caption":"MM with CG Kit"},{"@type":"BreadcrumbList","@id":"https:\/\/techmaster.com.vn\/en\/compressed-gas-environmental-monitoring\/#breadcrumb","itemListElement":[{"@type":"ListItem","position":1,"name":"Trang ch\u1ee7","item":"https:\/\/techmaster.com.vn\/en\/"},{"@type":"ListItem","position":2,"name":"Compressed Gas Environmental Monitoring"}]},{"@type":"WebSite","@id":"https:\/\/techmaster.com.vn\/en\/#website","url":"https:\/\/techmaster.com.vn\/en\/","name":"Techmaster Electronics JSC","description":"","publisher":{"@id":"https:\/\/techmaster.com.vn\/en\/#organization"},"potentialAction":[{"@type":"SearchAction","target":{"@type":"EntryPoint","urlTemplate":"https:\/\/techmaster.com.vn\/en\/?s={search_term_string}"},"query-input":{"@type":"PropertyValueSpecification","valueRequired":true,"valueName":"search_term_string"}}],"inLanguage":"en-US"},{"@type":["Organization","Place"],"@id":"https:\/\/techmaster.com.vn\/en\/#organization","name":"Techmaster Electronics JSC","url":"https:\/\/techmaster.com.vn\/en\/","logo":{"@id":"https:\/\/techmaster.com.vn\/en\/compressed-gas-environmental-monitoring\/#local-main-organization-logo"},"image":{"@id":"https:\/\/techmaster.com.vn\/en\/compressed-gas-environmental-monitoring\/#local-main-organization-logo"},"sameAs":["https:\/\/www.facebook.com\/techmaster.electronics.jsc","https:\/\/x.com\/techmastervn","https:\/\/www.instagram.com\/techmastervietnam","https:\/\/myspace.com\/techmastervietnam","https:\/\/www.youtube.com\/c\/TechmasterElectronicsJSC","https:\/\/www.pinterest.com\/techmasterelectronicsjsc\/","https:\/\/vi.wikipedia.org\/wiki\/Th\u00e0nh_vi\u00ean:Techmastervietnam","https:\/\/twitter.com\/techmastervn","https:\/\/www.linkedin.com\/company\/techmaster-vietnam\/"],"telephone":[],"contactPoint":{"@type":"ContactPoint","email":"marketing@techmaster.com.vn"},"openingHoursSpecification":[{"@type":"OpeningHoursSpecification","dayOfWeek":["Monday","Tuesday","Wednesday","Thursday","Friday","Saturday","Sunday"],"opens":"09:00","closes":"17:00"}],"email":"marketing@techmaster.com.vn","areaServed":"Vietnam"},{"@type":"ImageObject","inLanguage":"en-US","@id":"https:\/\/techmaster.com.vn\/en\/compressed-gas-environmental-monitoring\/#local-main-organization-logo","url":"https:\/\/techmaster.com.vn\/wp-content\/uploads\/2021\/04\/techmaster-logo-homepage.png","contentUrl":"https:\/\/techmaster.com.vn\/wp-content\/uploads\/2021\/04\/techmaster-logo-homepage.png","width":335,"height":62,"caption":"Techmaster Electronics JSC"}]}},"_links":{"self":[{"href":"https:\/\/techmaster.com.vn\/en\/wp-json\/wp\/v2\/pages\/43605","targetHints":{"allow":["GET"]}}],"collection":[{"href":"https:\/\/techmaster.com.vn\/en\/wp-json\/wp\/v2\/pages"}],"about":[{"href":"https:\/\/techmaster.com.vn\/en\/wp-json\/wp\/v2\/types\/page"}],"author":[{"embeddable":true,"href":"https:\/\/techmaster.com.vn\/en\/wp-json\/wp\/v2\/users\/11"}],"replies":[{"embeddable":true,"href":"https:\/\/techmaster.com.vn\/en\/wp-json\/wp\/v2\/comments?post=43605"}],"version-history":[{"count":0,"href":"https:\/\/techmaster.com.vn\/en\/wp-json\/wp\/v2\/pages\/43605\/revisions"}],"wp:featuredmedia":[{"embeddable":true,"href":"https:\/\/techmaster.com.vn\/en\/wp-json\/wp\/v2\/media\/43607"}],"wp:attachment":[{"href":"https:\/\/techmaster.com.vn\/en\/wp-json\/wp\/v2\/media?parent=43605"}],"curies":[{"name":"wp","href":"https:\/\/api.w.org\/{rel}","templated":true}]}}